{"id":63066,"date":"2014-12-09T13:37:22","date_gmt":"2014-12-09T11:37:22","guid":{"rendered":"https:\/\/sharks.ee\/vunder_2019.klient.veebimajutus.ee\/?post_type=product&p=63066"},"modified":"2014-12-09T13:37:22","modified_gmt":"2014-12-09T10:37:22","slug":"dazytojo-juostele-tesa-lenktiems-krastams","status":"publish","type":"product","link":"https:\/\/hobstop.ee\/lt\/produktas\/dazytojo-juostele-tesa-lenktiems-krastams\/","title":{"rendered":"Da\u017eytojo juostel\u0117 Tesa lenktiems kra\u0161tams"},"content":{"rendered":"<p>Universali elastinga ir tampri da\u017eymo juosta, patogu u\u017edengti lenktus kampus ir nelygius pavir\u0161ius. Atspari visoms da\u017e\u0173 r\u016b\u0161ims. Da\u017eymo juostos pagrindas \u2013 krepuotas popierius, naudojami nat\u016bral\u016bs kau\u010diuko klijai. Juostel\u0117s storis \u2013 375 mkr. Per 7 dienas galima pa\u0161alinti nepaliekant p\u0117dsak\u0173.<\/p>\n","protected":false},"excerpt":{"rendered":"<p>Universali elastinga ir tampri da\u017eymo juosta, patogu u\u017edengti lenktus kampus ir nelygius pavir\u0161ius. Atspari visoms da\u017e\u0173 r\u016b\u0161ims. Da\u017eymo juostos pagrindas \u2013 krepuotas popierius, naudojami nat\u016bral\u016bs kau\u010diuko klijai. Juostel\u0117s storis \u2013 375 mkr. Per 7 dienas galima pa\u0161alinti nepaliekant p\u0117dsak\u0173.<\/p>\n","protected":false},"featured_media":107547,"comment_status":"closed","ping_status":"closed","template":"","meta":{"_acf_changed":false,"ep_exclude_from_search":false},"product_cat":[18920,18055,17914],"product_tag":[],"class_list":{"0":"post-63066","1":"product","2":"type-product","3":"status-publish","4":"has-post-thumbnail","6":"product_cat-biuro-reikmenys","7":"product_cat-lipnios-juosteles","8":"product_cat-rastines-prekes","10":"first","11":"instock","12":"taxable","13":"shipping-taxable","14":"purchasable","15":"product-type-variable"},"acf":[],"yoast_head":"<!-- This site is optimized with the Yoast SEO plugin v24.1 - https:\/\/yoast.com\/wordpress\/plugins\/seo\/ -->\n<title>Da\u017eytojo juostel\u0117 Tesa lenktiems kra\u0161tams &#8211; Skizze<\/title>\n<meta name=\"robots\" content=\"noindex, follow, max-snippet:-1, max-image-preview:large, max-video-preview:-1\" \/>\n<meta property=\"og:locale\" content=\"lt_LT\" \/>\n<meta property=\"og:type\" content=\"article\" \/>\n<meta property=\"og:title\" content=\"Da\u017eytojo juostel\u0117 Tesa lenktiems kra\u0161tams &#8211; Skizze\" \/>\n<meta property=\"og:description\" content=\"Universali elastinga ir tampri da\u017eymo juosta, patogu u\u017edengti lenktus kampus ir nelygius pavir\u0161ius. Atspari visoms da\u017e\u0173 r\u016b\u0161ims. Da\u017eymo juostos pagrindas \u2013 krepuotas popierius, naudojami nat\u016bral\u016bs kau\u010diuko klijai. Juostel\u0117s storis \u2013 375 mkr. Per 7 dienas galima pa\u0161alinti nepaliekant p\u0117dsak\u0173.\" \/>\n<meta property=\"og:url\" content=\"https:\/\/hobstop.ee\/lt\/produktas\/dazytojo-juostele-tesa-lenktiems-krastams\/\" \/>\n<meta property=\"og:site_name\" content=\"Skizze\" \/>\n<meta property=\"article:publisher\" content=\"http:\/\/www.facebook.com\/VunderSkizze\" \/>\n<meta property=\"article:modified_time\" content=\"-0001-11-30T00:00:00+00:00\" \/>\n<meta property=\"og:image\" content=\"https:\/\/hobstop.ee\/media\/3595.jpg\" \/>\n\t<meta property=\"og:image:width\" content=\"1024\" \/>\n\t<meta property=\"og:image:height\" content=\"768\" \/>\n\t<meta property=\"og:image:type\" content=\"image\/jpeg\" \/>\n<meta name=\"twitter:card\" content=\"summary_large_image\" \/>\n<script type=\"application\/ld+json\" class=\"yoast-schema-graph\">{\"@context\":\"https:\/\/schema.org\",\"@graph\":[{\"@type\":\"WebPage\",\"@id\":\"https:\/\/hobstop.ee\/lt\/produktas\/dazytojo-juostele-tesa-lenktiems-krastams\/\",\"url\":\"https:\/\/hobstop.ee\/lt\/produktas\/dazytojo-juostele-tesa-lenktiems-krastams\/\",\"name\":\"Da\u017eytojo juostel\u0117 Tesa lenktiems kra\u0161tams &#8211; Skizze\",\"isPartOf\":{\"@id\":\"https:\/\/hobstop.ee\/lt\/#website\"},\"primaryImageOfPage\":{\"@id\":\"https:\/\/hobstop.ee\/lt\/produktas\/dazytojo-juostele-tesa-lenktiems-krastams\/#primaryimage\"},\"image\":{\"@id\":\"https:\/\/hobstop.ee\/lt\/produktas\/dazytojo-juostele-tesa-lenktiems-krastams\/#primaryimage\"},\"thumbnailUrl\":\"https:\/\/hobstop.ee\/media\/3595.jpg\",\"datePublished\":\"2014-12-09T11:37:22+00:00\",\"dateModified\":\"-0001-11-30T00:00:00+00:00\",\"breadcrumb\":{\"@id\":\"https:\/\/hobstop.ee\/lt\/produktas\/dazytojo-juostele-tesa-lenktiems-krastams\/#breadcrumb\"},\"inLanguage\":\"lt\",\"potentialAction\":[{\"@type\":\"ReadAction\",\"target\":[\"https:\/\/hobstop.ee\/lt\/produktas\/dazytojo-juostele-tesa-lenktiems-krastams\/\"]}]},{\"@type\":\"ImageObject\",\"inLanguage\":\"lt\",\"@id\":\"https:\/\/hobstop.ee\/lt\/produktas\/dazytojo-juostele-tesa-lenktiems-krastams\/#primaryimage\",\"url\":\"https:\/\/hobstop.ee\/media\/3595.jpg\",\"contentUrl\":\"https:\/\/hobstop.ee\/media\/3595.jpg\",\"width\":1024,\"height\":768},{\"@type\":\"BreadcrumbList\",\"@id\":\"https:\/\/hobstop.ee\/lt\/produktas\/dazytojo-juostele-tesa-lenktiems-krastams\/#breadcrumb\",\"itemListElement\":[{\"@type\":\"ListItem\",\"position\":1,\"name\":\"Avaleht\",\"item\":\"https:\/\/hobstop.ee\/lt\/\"},{\"@type\":\"ListItem\",\"position\":2,\"name\":\"Parduotuv\u0117\",\"item\":\"https:\/\/hobstop.ee\/lt\/parduotuve\/\"},{\"@type\":\"ListItem\",\"position\":3,\"name\":\"Da\u017eytojo juostel\u0117 Tesa lenktiems kra\u0161tams\"}]},{\"@type\":\"WebSite\",\"@id\":\"https:\/\/hobstop.ee\/lt\/#website\",\"url\":\"https:\/\/hobstop.ee\/lt\/\",\"name\":\"Skizze\",\"description\":\"Dail\u0117s, pom\u0117gi\u0173 ir mokykliniai reikm\u0117nys\",\"publisher\":{\"@id\":\"https:\/\/hobstop.ee\/lt\/#organization\"},\"potentialAction\":[{\"@type\":\"SearchAction\",\"target\":{\"@type\":\"EntryPoint\",\"urlTemplate\":\"https:\/\/hobstop.ee\/lt\/?s={search_term_string}\"},\"query-input\":{\"@type\":\"PropertyValueSpecification\",\"valueRequired\":true,\"valueName\":\"search_term_string\"}}],\"inLanguage\":\"lt\"},{\"@type\":\"Organization\",\"@id\":\"https:\/\/hobstop.ee\/lt\/#organization\",\"name\":\"Vunder AS\",\"url\":\"https:\/\/hobstop.ee\/lt\/\",\"logo\":{\"@type\":\"ImageObject\",\"inLanguage\":\"lt\",\"@id\":\"https:\/\/hobstop.ee\/lt\/#\/schema\/logo\/image\/\",\"url\":\"https:\/\/hobstop.ee\/media\/vunder-logo.png\",\"contentUrl\":\"https:\/\/hobstop.ee\/media\/vunder-logo.png\",\"width\":127,\"height\":55,\"caption\":\"Vunder AS\"},\"image\":{\"@id\":\"https:\/\/hobstop.ee\/lt\/#\/schema\/logo\/image\/\"},\"sameAs\":[\"http:\/\/www.facebook.com\/VunderSkizze\"]}]}<\/script>\n<!-- \/ Yoast SEO plugin. -->","yoast_head_json":{"title":"Da\u017eytojo juostel\u0117 Tesa lenktiems kra\u0161tams &#8211; Skizze","robots":{"index":"noindex","follow":"follow","max-snippet":"max-snippet:-1","max-image-preview":"max-image-preview:large","max-video-preview":"max-video-preview:-1"},"og_locale":"lt_LT","og_type":"article","og_title":"Da\u017eytojo juostel\u0117 Tesa lenktiems kra\u0161tams &#8211; Skizze","og_description":"Universali elastinga ir tampri da\u017eymo juosta, patogu u\u017edengti lenktus kampus ir nelygius pavir\u0161ius. Atspari visoms da\u017e\u0173 r\u016b\u0161ims. Da\u017eymo juostos pagrindas \u2013 krepuotas popierius, naudojami nat\u016bral\u016bs kau\u010diuko klijai. Juostel\u0117s storis \u2013 375 mkr. Per 7 dienas galima pa\u0161alinti nepaliekant p\u0117dsak\u0173.","og_url":"https:\/\/hobstop.ee\/lt\/produktas\/dazytojo-juostele-tesa-lenktiems-krastams\/","og_site_name":"Skizze","article_publisher":"http:\/\/www.facebook.com\/VunderSkizze","article_modified_time":"-0001-11-30T00:00:00+00:00","og_image":[{"width":1024,"height":768,"url":"https:\/\/hobstop.ee\/media\/3595.jpg","type":"image\/jpeg"}],"twitter_card":"summary_large_image","schema":{"@context":"https:\/\/schema.org","@graph":[{"@type":"WebPage","@id":"https:\/\/hobstop.ee\/lt\/produktas\/dazytojo-juostele-tesa-lenktiems-krastams\/","url":"https:\/\/hobstop.ee\/lt\/produktas\/dazytojo-juostele-tesa-lenktiems-krastams\/","name":"Da\u017eytojo juostel\u0117 Tesa lenktiems kra\u0161tams &#8211; Skizze","isPartOf":{"@id":"https:\/\/hobstop.ee\/lt\/#website"},"primaryImageOfPage":{"@id":"https:\/\/hobstop.ee\/lt\/produktas\/dazytojo-juostele-tesa-lenktiems-krastams\/#primaryimage"},"image":{"@id":"https:\/\/hobstop.ee\/lt\/produktas\/dazytojo-juostele-tesa-lenktiems-krastams\/#primaryimage"},"thumbnailUrl":"https:\/\/hobstop.ee\/media\/3595.jpg","datePublished":"2014-12-09T11:37:22+00:00","dateModified":"-0001-11-30T00:00:00+00:00","breadcrumb":{"@id":"https:\/\/hobstop.ee\/lt\/produktas\/dazytojo-juostele-tesa-lenktiems-krastams\/#breadcrumb"},"inLanguage":"lt","potentialAction":[{"@type":"ReadAction","target":["https:\/\/hobstop.ee\/lt\/produktas\/dazytojo-juostele-tesa-lenktiems-krastams\/"]}]},{"@type":"ImageObject","inLanguage":"lt","@id":"https:\/\/hobstop.ee\/lt\/produktas\/dazytojo-juostele-tesa-lenktiems-krastams\/#primaryimage","url":"https:\/\/hobstop.ee\/media\/3595.jpg","contentUrl":"https:\/\/hobstop.ee\/media\/3595.jpg","width":1024,"height":768},{"@type":"BreadcrumbList","@id":"https:\/\/hobstop.ee\/lt\/produktas\/dazytojo-juostele-tesa-lenktiems-krastams\/#breadcrumb","itemListElement":[{"@type":"ListItem","position":1,"name":"Avaleht","item":"https:\/\/hobstop.ee\/lt\/"},{"@type":"ListItem","position":2,"name":"Parduotuv\u0117","item":"https:\/\/hobstop.ee\/lt\/parduotuve\/"},{"@type":"ListItem","position":3,"name":"Da\u017eytojo juostel\u0117 Tesa lenktiems kra\u0161tams"}]},{"@type":"WebSite","@id":"https:\/\/hobstop.ee\/lt\/#website","url":"https:\/\/hobstop.ee\/lt\/","name":"Skizze","description":"Dail\u0117s, pom\u0117gi\u0173 ir mokykliniai reikm\u0117nys","publisher":{"@id":"https:\/\/hobstop.ee\/lt\/#organization"},"potentialAction":[{"@type":"SearchAction","target":{"@type":"EntryPoint","urlTemplate":"https:\/\/hobstop.ee\/lt\/?s={search_term_string}"},"query-input":{"@type":"PropertyValueSpecification","valueRequired":true,"valueName":"search_term_string"}}],"inLanguage":"lt"},{"@type":"Organization","@id":"https:\/\/hobstop.ee\/lt\/#organization","name":"Vunder AS","url":"https:\/\/hobstop.ee\/lt\/","logo":{"@type":"ImageObject","inLanguage":"lt","@id":"https:\/\/hobstop.ee\/lt\/#\/schema\/logo\/image\/","url":"https:\/\/hobstop.ee\/media\/vunder-logo.png","contentUrl":"https:\/\/hobstop.ee\/media\/vunder-logo.png","width":127,"height":55,"caption":"Vunder AS"},"image":{"@id":"https:\/\/hobstop.ee\/lt\/#\/schema\/logo\/image\/"},"sameAs":["http:\/\/www.facebook.com\/VunderSkizze"]}]}},"_links":{"self":[{"href":"https:\/\/hobstop.ee\/lt\/wp-json\/wp\/v2\/product\/63066","targetHints":{"allow":["GET"]}}],"collection":[{"href":"https:\/\/hobstop.ee\/lt\/wp-json\/wp\/v2\/product"}],"about":[{"href":"https:\/\/hobstop.ee\/lt\/wp-json\/wp\/v2\/types\/product"}],"replies":[{"embeddable":true,"href":"https:\/\/hobstop.ee\/lt\/wp-json\/wp\/v2\/comments?post=63066"}],"wp:featuredmedia":[{"embeddable":true,"href":"https:\/\/hobstop.ee\/lt\/wp-json\/wp\/v2\/media\/107547"}],"wp:attachment":[{"href":"https:\/\/hobstop.ee\/lt\/wp-json\/wp\/v2\/media?parent=63066"}],"wp:term":[{"taxonomy":"product_cat","embeddable":true,"href":"https:\/\/hobstop.ee\/lt\/wp-json\/wp\/v2\/product_cat?post=63066"},{"taxonomy":"product_tag","embeddable":true,"href":"https:\/\/hobstop.ee\/lt\/wp-json\/wp\/v2\/product_tag?post=63066"}],"curies":[{"name":"wp","href":"https:\/\/api.w.org\/{rel}","templated":true}]}}