{"id":63069,"date":"2014-12-09T13:37:23","date_gmt":"2014-12-09T11:37:23","guid":{"rendered":"https:\/\/sharks.ee\/vunder_2019.klient.veebimajutus.ee\/?post_type=product&p=63069"},"modified":"2014-12-09T13:37:23","modified_gmt":"2014-12-09T10:37:23","slug":"dazytojo-juostele-tesa-precision-sensitive","status":"publish","type":"product","link":"https:\/\/hobstop.ee\/lt\/produktas\/dazytojo-juostele-tesa-precision-sensitive\/","title":{"rendered":"Da\u017eytojo juostel\u0117 Tesa Precision Sensitive"},"content":{"rendered":"<p>Itin plona da\u017eymo juosta jautriems pavir\u0161iams (pvz., \u0161vie\u017eiai da\u017eytiems pavir\u0161iams). Puikiai tinka tiksliems darbams, nes palieka ai\u0161ki\u0105 ir ry\u0161ki\u0105, \u0161vari\u0105 atskiriam\u0105j\u0105 juost\u0105. Tvirta ir patvari pagrindo med\u017eiaga. Tinka visoms da\u017e\u0173 r\u016b\u0161ims, per 7 dienas galima pa\u0161alinti nepaliekant p\u0117dsak\u0173.<\/p>\n","protected":false},"excerpt":{"rendered":"<p>Itin plona da\u017eymo juosta jautriems pavir\u0161iams (pvz., \u0161vie\u017eiai da\u017eytiems pavir\u0161iams). Puikiai tinka tiksliems darbams, nes palieka ai\u0161ki\u0105 ir ry\u0161ki\u0105, \u0161vari\u0105 atskiriam\u0105j\u0105 juost\u0105. Tvirta ir patvari pagrindo med\u017eiaga. Tinka visoms da\u017e\u0173 r\u016b\u0161ims, per 7 dienas galima pa\u0161alinti nepaliekant p\u0117dsak\u0173.<\/p>\n","protected":false},"featured_media":107551,"comment_status":"closed","ping_status":"closed","template":"","meta":{"_acf_changed":false,"ep_exclude_from_search":false},"product_cat":[18920,18055,17914],"product_tag":[],"class_list":{"0":"post-63069","1":"product","2":"type-product","3":"status-publish","4":"has-post-thumbnail","6":"product_cat-biuro-reikmenys","7":"product_cat-lipnios-juosteles","8":"product_cat-rastines-prekes","10":"first","11":"instock","12":"taxable","13":"shipping-taxable","14":"purchasable","15":"product-type-variable"},"acf":[],"yoast_head":"<!-- This site is optimized with the Yoast SEO plugin v24.1 - https:\/\/yoast.com\/wordpress\/plugins\/seo\/ -->\n<title>Da\u017eytojo juostel\u0117 Tesa Precision Sensitive &#8211; Skizze<\/title>\n<meta name=\"robots\" content=\"noindex, follow, max-snippet:-1, max-image-preview:large, max-video-preview:-1\" \/>\n<meta property=\"og:locale\" content=\"lt_LT\" \/>\n<meta property=\"og:type\" content=\"article\" \/>\n<meta property=\"og:title\" content=\"Da\u017eytojo juostel\u0117 Tesa Precision Sensitive &#8211; Skizze\" \/>\n<meta property=\"og:description\" content=\"Itin plona da\u017eymo juosta jautriems pavir\u0161iams (pvz., \u0161vie\u017eiai da\u017eytiems pavir\u0161iams). Puikiai tinka tiksliems darbams, nes palieka ai\u0161ki\u0105 ir ry\u0161ki\u0105, \u0161vari\u0105 atskiriam\u0105j\u0105 juost\u0105. Tvirta ir patvari pagrindo med\u017eiaga. Tinka visoms da\u017e\u0173 r\u016b\u0161ims, per 7 dienas galima pa\u0161alinti nepaliekant p\u0117dsak\u0173.\" \/>\n<meta property=\"og:url\" content=\"https:\/\/hobstop.ee\/lt\/produktas\/dazytojo-juostele-tesa-precision-sensitive\/\" \/>\n<meta property=\"og:site_name\" content=\"Skizze\" \/>\n<meta property=\"article:publisher\" content=\"http:\/\/www.facebook.com\/VunderSkizze\" \/>\n<meta property=\"article:modified_time\" content=\"-0001-11-30T00:00:00+00:00\" \/>\n<meta property=\"og:image\" content=\"https:\/\/www.hobstop.ee\/media\/3596.jpg\" \/>\n\t<meta property=\"og:image:width\" content=\"1024\" \/>\n\t<meta property=\"og:image:height\" content=\"768\" \/>\n\t<meta property=\"og:image:type\" content=\"image\/jpeg\" \/>\n<meta name=\"twitter:card\" content=\"summary_large_image\" \/>\n<script type=\"application\/ld+json\" class=\"yoast-schema-graph\">{\"@context\":\"https:\/\/schema.org\",\"@graph\":[{\"@type\":\"WebPage\",\"@id\":\"https:\/\/hobstop.ee\/lt\/produktas\/dazytojo-juostele-tesa-precision-sensitive\/\",\"url\":\"https:\/\/hobstop.ee\/lt\/produktas\/dazytojo-juostele-tesa-precision-sensitive\/\",\"name\":\"Da\u017eytojo juostel\u0117 Tesa Precision Sensitive &#8211; Skizze\",\"isPartOf\":{\"@id\":\"https:\/\/hobstop.ee\/lt\/#website\"},\"primaryImageOfPage\":{\"@id\":\"https:\/\/hobstop.ee\/lt\/produktas\/dazytojo-juostele-tesa-precision-sensitive\/#primaryimage\"},\"image\":{\"@id\":\"https:\/\/hobstop.ee\/lt\/produktas\/dazytojo-juostele-tesa-precision-sensitive\/#primaryimage\"},\"thumbnailUrl\":\"https:\/\/hobstop.ee\/media\/3596.jpg\",\"datePublished\":\"2014-12-09T11:37:23+00:00\",\"dateModified\":\"-0001-11-30T00:00:00+00:00\",\"breadcrumb\":{\"@id\":\"https:\/\/hobstop.ee\/lt\/produktas\/dazytojo-juostele-tesa-precision-sensitive\/#breadcrumb\"},\"inLanguage\":\"lt\",\"potentialAction\":[{\"@type\":\"ReadAction\",\"target\":[\"https:\/\/hobstop.ee\/lt\/produktas\/dazytojo-juostele-tesa-precision-sensitive\/\"]}]},{\"@type\":\"ImageObject\",\"inLanguage\":\"lt\",\"@id\":\"https:\/\/hobstop.ee\/lt\/produktas\/dazytojo-juostele-tesa-precision-sensitive\/#primaryimage\",\"url\":\"https:\/\/hobstop.ee\/media\/3596.jpg\",\"contentUrl\":\"https:\/\/hobstop.ee\/media\/3596.jpg\",\"width\":1024,\"height\":768},{\"@type\":\"BreadcrumbList\",\"@id\":\"https:\/\/hobstop.ee\/lt\/produktas\/dazytojo-juostele-tesa-precision-sensitive\/#breadcrumb\",\"itemListElement\":[{\"@type\":\"ListItem\",\"position\":1,\"name\":\"Avaleht\",\"item\":\"https:\/\/hobstop.ee\/lt\/\"},{\"@type\":\"ListItem\",\"position\":2,\"name\":\"Parduotuv\u0117\",\"item\":\"https:\/\/hobstop.ee\/lt\/parduotuve\/\"},{\"@type\":\"ListItem\",\"position\":3,\"name\":\"Da\u017eytojo juostel\u0117 Tesa Precision Sensitive\"}]},{\"@type\":\"WebSite\",\"@id\":\"https:\/\/hobstop.ee\/lt\/#website\",\"url\":\"https:\/\/hobstop.ee\/lt\/\",\"name\":\"Skizze\",\"description\":\"Dail\u0117s, pom\u0117gi\u0173 ir mokykliniai reikm\u0117nys\",\"publisher\":{\"@id\":\"https:\/\/hobstop.ee\/lt\/#organization\"},\"potentialAction\":[{\"@type\":\"SearchAction\",\"target\":{\"@type\":\"EntryPoint\",\"urlTemplate\":\"https:\/\/hobstop.ee\/lt\/?s={search_term_string}\"},\"query-input\":{\"@type\":\"PropertyValueSpecification\",\"valueRequired\":true,\"valueName\":\"search_term_string\"}}],\"inLanguage\":\"lt\"},{\"@type\":\"Organization\",\"@id\":\"https:\/\/hobstop.ee\/lt\/#organization\",\"name\":\"Vunder AS\",\"url\":\"https:\/\/hobstop.ee\/lt\/\",\"logo\":{\"@type\":\"ImageObject\",\"inLanguage\":\"lt\",\"@id\":\"https:\/\/hobstop.ee\/lt\/#\/schema\/logo\/image\/\",\"url\":\"https:\/\/hobstop.ee\/media\/vunder-logo.png\",\"contentUrl\":\"https:\/\/hobstop.ee\/media\/vunder-logo.png\",\"width\":127,\"height\":55,\"caption\":\"Vunder AS\"},\"image\":{\"@id\":\"https:\/\/hobstop.ee\/lt\/#\/schema\/logo\/image\/\"},\"sameAs\":[\"http:\/\/www.facebook.com\/VunderSkizze\"]}]}<\/script>\n<!-- \/ Yoast SEO plugin. -->","yoast_head_json":{"title":"Da\u017eytojo juostel\u0117 Tesa Precision Sensitive &#8211; Skizze","robots":{"index":"noindex","follow":"follow","max-snippet":"max-snippet:-1","max-image-preview":"max-image-preview:large","max-video-preview":"max-video-preview:-1"},"og_locale":"lt_LT","og_type":"article","og_title":"Da\u017eytojo juostel\u0117 Tesa Precision Sensitive &#8211; Skizze","og_description":"Itin plona da\u017eymo juosta jautriems pavir\u0161iams (pvz., \u0161vie\u017eiai da\u017eytiems pavir\u0161iams). Puikiai tinka tiksliems darbams, nes palieka ai\u0161ki\u0105 ir ry\u0161ki\u0105, \u0161vari\u0105 atskiriam\u0105j\u0105 juost\u0105. Tvirta ir patvari pagrindo med\u017eiaga. Tinka visoms da\u017e\u0173 r\u016b\u0161ims, per 7 dienas galima pa\u0161alinti nepaliekant p\u0117dsak\u0173.","og_url":"https:\/\/hobstop.ee\/lt\/produktas\/dazytojo-juostele-tesa-precision-sensitive\/","og_site_name":"Skizze","article_publisher":"http:\/\/www.facebook.com\/VunderSkizze","article_modified_time":"-0001-11-30T00:00:00+00:00","og_image":[{"width":1024,"height":768,"url":"https:\/\/www.hobstop.ee\/media\/3596.jpg","type":"image\/jpeg"}],"twitter_card":"summary_large_image","schema":{"@context":"https:\/\/schema.org","@graph":[{"@type":"WebPage","@id":"https:\/\/hobstop.ee\/lt\/produktas\/dazytojo-juostele-tesa-precision-sensitive\/","url":"https:\/\/hobstop.ee\/lt\/produktas\/dazytojo-juostele-tesa-precision-sensitive\/","name":"Da\u017eytojo juostel\u0117 Tesa Precision Sensitive &#8211; Skizze","isPartOf":{"@id":"https:\/\/hobstop.ee\/lt\/#website"},"primaryImageOfPage":{"@id":"https:\/\/hobstop.ee\/lt\/produktas\/dazytojo-juostele-tesa-precision-sensitive\/#primaryimage"},"image":{"@id":"https:\/\/hobstop.ee\/lt\/produktas\/dazytojo-juostele-tesa-precision-sensitive\/#primaryimage"},"thumbnailUrl":"https:\/\/hobstop.ee\/media\/3596.jpg","datePublished":"2014-12-09T11:37:23+00:00","dateModified":"-0001-11-30T00:00:00+00:00","breadcrumb":{"@id":"https:\/\/hobstop.ee\/lt\/produktas\/dazytojo-juostele-tesa-precision-sensitive\/#breadcrumb"},"inLanguage":"lt","potentialAction":[{"@type":"ReadAction","target":["https:\/\/hobstop.ee\/lt\/produktas\/dazytojo-juostele-tesa-precision-sensitive\/"]}]},{"@type":"ImageObject","inLanguage":"lt","@id":"https:\/\/hobstop.ee\/lt\/produktas\/dazytojo-juostele-tesa-precision-sensitive\/#primaryimage","url":"https:\/\/hobstop.ee\/media\/3596.jpg","contentUrl":"https:\/\/hobstop.ee\/media\/3596.jpg","width":1024,"height":768},{"@type":"BreadcrumbList","@id":"https:\/\/hobstop.ee\/lt\/produktas\/dazytojo-juostele-tesa-precision-sensitive\/#breadcrumb","itemListElement":[{"@type":"ListItem","position":1,"name":"Avaleht","item":"https:\/\/hobstop.ee\/lt\/"},{"@type":"ListItem","position":2,"name":"Parduotuv\u0117","item":"https:\/\/hobstop.ee\/lt\/parduotuve\/"},{"@type":"ListItem","position":3,"name":"Da\u017eytojo juostel\u0117 Tesa Precision Sensitive"}]},{"@type":"WebSite","@id":"https:\/\/hobstop.ee\/lt\/#website","url":"https:\/\/hobstop.ee\/lt\/","name":"Skizze","description":"Dail\u0117s, pom\u0117gi\u0173 ir mokykliniai reikm\u0117nys","publisher":{"@id":"https:\/\/hobstop.ee\/lt\/#organization"},"potentialAction":[{"@type":"SearchAction","target":{"@type":"EntryPoint","urlTemplate":"https:\/\/hobstop.ee\/lt\/?s={search_term_string}"},"query-input":{"@type":"PropertyValueSpecification","valueRequired":true,"valueName":"search_term_string"}}],"inLanguage":"lt"},{"@type":"Organization","@id":"https:\/\/hobstop.ee\/lt\/#organization","name":"Vunder AS","url":"https:\/\/hobstop.ee\/lt\/","logo":{"@type":"ImageObject","inLanguage":"lt","@id":"https:\/\/hobstop.ee\/lt\/#\/schema\/logo\/image\/","url":"https:\/\/hobstop.ee\/media\/vunder-logo.png","contentUrl":"https:\/\/hobstop.ee\/media\/vunder-logo.png","width":127,"height":55,"caption":"Vunder AS"},"image":{"@id":"https:\/\/hobstop.ee\/lt\/#\/schema\/logo\/image\/"},"sameAs":["http:\/\/www.facebook.com\/VunderSkizze"]}]}},"_links":{"self":[{"href":"https:\/\/hobstop.ee\/lt\/wp-json\/wp\/v2\/product\/63069","targetHints":{"allow":["GET"]}}],"collection":[{"href":"https:\/\/hobstop.ee\/lt\/wp-json\/wp\/v2\/product"}],"about":[{"href":"https:\/\/hobstop.ee\/lt\/wp-json\/wp\/v2\/types\/product"}],"replies":[{"embeddable":true,"href":"https:\/\/hobstop.ee\/lt\/wp-json\/wp\/v2\/comments?post=63069"}],"wp:featuredmedia":[{"embeddable":true,"href":"https:\/\/hobstop.ee\/lt\/wp-json\/wp\/v2\/media\/107551"}],"wp:attachment":[{"href":"https:\/\/hobstop.ee\/lt\/wp-json\/wp\/v2\/media?parent=63069"}],"wp:term":[{"taxonomy":"product_cat","embeddable":true,"href":"https:\/\/hobstop.ee\/lt\/wp-json\/wp\/v2\/product_cat?post=63069"},{"taxonomy":"product_tag","embeddable":true,"href":"https:\/\/hobstop.ee\/lt\/wp-json\/wp\/v2\/product_tag?post=63069"}],"curies":[{"name":"wp","href":"https:\/\/api.w.org\/{rel}","templated":true}]}}