{"id":63090,"date":"2014-12-09T13:37:27","date_gmt":"2014-12-09T11:37:27","guid":{"rendered":"https:\/\/sharks.ee\/vunder_2019.klient.veebimajutus.ee\/?post_type=product&p=63090"},"modified":"2014-12-09T13:37:27","modified_gmt":"2014-12-09T10:37:27","slug":"akvarelinio-popieriaus-canson-moulin-du-roy","status":"publish","type":"product","link":"https:\/\/hobstop.ee\/lt\/produktas\/akvarelinio-popieriaus-canson-moulin-du-roy\/","title":{"rendered":"Akvarelinio popieriaus Canson Moulin du Roy"},"content":{"rendered":"<p>Tradicinis cilindrin\u0117s formos ma\u0161inoje pagamintas akvarelinis popierius \u201eCanson Moulin du Roy\u201c, turintis rankomis pagamintam popieriui b\u016bding\u0105 i\u0161vaizd\u0105 ir savybes. Pagamintas i\u0161 grynos medviln\u0117s, tod\u0117l turi puikias sugeriam\u0105sias savybes ir labai tvirtas. Nelygus \u012fklijintas pavir\u0161ius leid\u017eia i\u0161tirpdyti jau i\u0161d\u017ei\u016bvusius da\u017eus ir pataisyti akvarel\u0117s klaidas arba toliau pie\u0161ti, i\u0161ry\u0161kina da\u017e\u0173 pigmentus.  Patvarus ir nat\u016bralus baltas popierius, kurio sud\u0117tyje n\u0117ra r\u016bg\u0161\u010di\u0173 ir joki\u0173 baltinan\u010di\u0173j\u0173 med\u017eiag\u0173.<br \/>\nPuikiai tinka akvarelei.<\/p>\n","protected":false},"excerpt":{"rendered":"<p>Tradicinis cilindrin\u0117s formos ma\u0161inoje pagamintas akvarelinis popierius \u201eCanson Moulin du Roy\u201c, turintis rankomis pagamintam popieriui b\u016bding\u0105 i\u0161vaizd\u0105 ir savybes. Pagamintas i\u0161 grynos medviln\u0117s, tod\u0117l turi puikias sugeriam\u0105sias savybes ir labai tvirtas. Nelygus \u012fklijintas pavir\u0161ius leid\u017eia i\u0161tirpdyti jau i\u0161d\u017ei\u016bvusius da\u017eus ir pataisyti akvarel\u0117s klaidas arba toliau pie\u0161ti, i\u0161ry\u0161kina da\u017e\u0173 pigmentus. Patvarus ir nat\u016bralus baltas popierius, kurio sud\u0117tyje n\u0117ra r\u016bg\u0161\u010di\u0173 ir joki\u0173 baltinan\u010di\u0173j\u0173 med\u017eiag\u0173. Puikiai tinka akvarelei.<\/p>\n","protected":false},"featured_media":0,"comment_status":"closed","ping_status":"closed","template":"","meta":{"_acf_changed":false,"ep_exclude_from_search":false},"product_cat":[19019,17922,18944],"product_tag":[],"class_list":{"0":"post-63090","1":"product","2":"type-product","3":"status-publish","5":"product_cat-akvarelinis-popierius-ir-bloknotai-2","6":"product_cat-popieriaus-prekes","7":"product_cat-specialus-popierius-ir-kartonas","9":"first","10":"outofstock","11":"taxable","12":"shipping-taxable","13":"purchasable","14":"product-type-variable"},"acf":[],"yoast_head":"<!-- This site is optimized with the Yoast SEO plugin v24.1 - https:\/\/yoast.com\/wordpress\/plugins\/seo\/ -->\n<title>Akvarelinio popieriaus Canson Moulin du Roy &#8211; Skizze<\/title>\n<meta name=\"robots\" content=\"noindex, follow, max-snippet:-1, max-image-preview:large, max-video-preview:-1\" \/>\n<meta property=\"og:locale\" content=\"lt_LT\" \/>\n<meta property=\"og:type\" content=\"article\" \/>\n<meta property=\"og:title\" content=\"Akvarelinio popieriaus Canson Moulin du Roy &#8211; Skizze\" \/>\n<meta property=\"og:description\" content=\"Tradicinis cilindrin\u0117s formos ma\u0161inoje pagamintas akvarelinis popierius \u201eCanson Moulin du Roy\u201c, turintis rankomis pagamintam popieriui b\u016bding\u0105 i\u0161vaizd\u0105 ir savybes. Pagamintas i\u0161 grynos medviln\u0117s, tod\u0117l turi puikias sugeriam\u0105sias savybes ir labai tvirtas. Nelygus \u012fklijintas pavir\u0161ius leid\u017eia i\u0161tirpdyti jau i\u0161d\u017ei\u016bvusius da\u017eus ir pataisyti akvarel\u0117s klaidas arba toliau pie\u0161ti, i\u0161ry\u0161kina da\u017e\u0173 pigmentus. Patvarus ir nat\u016bralus baltas popierius, kurio sud\u0117tyje n\u0117ra r\u016bg\u0161\u010di\u0173 ir joki\u0173 baltinan\u010di\u0173j\u0173 med\u017eiag\u0173. Puikiai tinka akvarelei.\" \/>\n<meta property=\"og:url\" content=\"https:\/\/hobstop.ee\/lt\/produktas\/akvarelinio-popieriaus-canson-moulin-du-roy\/\" \/>\n<meta property=\"og:site_name\" content=\"Skizze\" \/>\n<meta property=\"article:publisher\" content=\"http:\/\/www.facebook.com\/VunderSkizze\" \/>\n<meta property=\"article:modified_time\" content=\"-0001-11-30T00:00:00+00:00\" \/>\n<meta name=\"twitter:card\" content=\"summary_large_image\" \/>\n<script type=\"application\/ld+json\" class=\"yoast-schema-graph\">{\"@context\":\"https:\/\/schema.org\",\"@graph\":[{\"@type\":\"WebPage\",\"@id\":\"https:\/\/hobstop.ee\/lt\/produktas\/akvarelinio-popieriaus-canson-moulin-du-roy\/\",\"url\":\"https:\/\/hobstop.ee\/lt\/produktas\/akvarelinio-popieriaus-canson-moulin-du-roy\/\",\"name\":\"Akvarelinio popieriaus Canson Moulin du Roy &#8211; Skizze\",\"isPartOf\":{\"@id\":\"https:\/\/www.hobstop.ee\/lt\/#website\"},\"datePublished\":\"2014-12-09T11:37:27+00:00\",\"dateModified\":\"-0001-11-30T00:00:00+00:00\",\"breadcrumb\":{\"@id\":\"https:\/\/hobstop.ee\/lt\/produktas\/akvarelinio-popieriaus-canson-moulin-du-roy\/#breadcrumb\"},\"inLanguage\":\"lt\",\"potentialAction\":[{\"@type\":\"ReadAction\",\"target\":[\"https:\/\/hobstop.ee\/lt\/produktas\/akvarelinio-popieriaus-canson-moulin-du-roy\/\"]}]},{\"@type\":\"BreadcrumbList\",\"@id\":\"https:\/\/hobstop.ee\/lt\/produktas\/akvarelinio-popieriaus-canson-moulin-du-roy\/#breadcrumb\",\"itemListElement\":[{\"@type\":\"ListItem\",\"position\":1,\"name\":\"Avaleht\",\"item\":\"https:\/\/www.hobstop.ee\/lt\/\"},{\"@type\":\"ListItem\",\"position\":2,\"name\":\"Parduotuv\u0117\",\"item\":\"https:\/\/www.hobstop.ee\/lt\/parduotuve\/\"},{\"@type\":\"ListItem\",\"position\":3,\"name\":\"Akvarelinio popieriaus Canson Moulin du Roy\"}]},{\"@type\":\"WebSite\",\"@id\":\"https:\/\/www.hobstop.ee\/lt\/#website\",\"url\":\"https:\/\/www.hobstop.ee\/lt\/\",\"name\":\"Skizze\",\"description\":\"Dail\u0117s, pom\u0117gi\u0173 ir mokykliniai reikm\u0117nys\",\"publisher\":{\"@id\":\"https:\/\/www.hobstop.ee\/lt\/#organization\"},\"potentialAction\":[{\"@type\":\"SearchAction\",\"target\":{\"@type\":\"EntryPoint\",\"urlTemplate\":\"https:\/\/www.hobstop.ee\/lt\/?s={search_term_string}\"},\"query-input\":{\"@type\":\"PropertyValueSpecification\",\"valueRequired\":true,\"valueName\":\"search_term_string\"}}],\"inLanguage\":\"lt\"},{\"@type\":\"Organization\",\"@id\":\"https:\/\/www.hobstop.ee\/lt\/#organization\",\"name\":\"Vunder AS\",\"url\":\"https:\/\/www.hobstop.ee\/lt\/\",\"logo\":{\"@type\":\"ImageObject\",\"inLanguage\":\"lt\",\"@id\":\"https:\/\/www.hobstop.ee\/lt\/#\/schema\/logo\/image\/\",\"url\":\"https:\/\/hobstop.ee\/media\/vunder-logo.png\",\"contentUrl\":\"https:\/\/hobstop.ee\/media\/vunder-logo.png\",\"width\":127,\"height\":55,\"caption\":\"Vunder AS\"},\"image\":{\"@id\":\"https:\/\/www.hobstop.ee\/lt\/#\/schema\/logo\/image\/\"},\"sameAs\":[\"http:\/\/www.facebook.com\/VunderSkizze\"]}]}<\/script>\n<!-- \/ Yoast SEO plugin. -->","yoast_head_json":{"title":"Akvarelinio popieriaus Canson Moulin du Roy &#8211; Skizze","robots":{"index":"noindex","follow":"follow","max-snippet":"max-snippet:-1","max-image-preview":"max-image-preview:large","max-video-preview":"max-video-preview:-1"},"og_locale":"lt_LT","og_type":"article","og_title":"Akvarelinio popieriaus Canson Moulin du Roy &#8211; Skizze","og_description":"Tradicinis cilindrin\u0117s formos ma\u0161inoje pagamintas akvarelinis popierius \u201eCanson Moulin du Roy\u201c, turintis rankomis pagamintam popieriui b\u016bding\u0105 i\u0161vaizd\u0105 ir savybes. Pagamintas i\u0161 grynos medviln\u0117s, tod\u0117l turi puikias sugeriam\u0105sias savybes ir labai tvirtas. Nelygus \u012fklijintas pavir\u0161ius leid\u017eia i\u0161tirpdyti jau i\u0161d\u017ei\u016bvusius da\u017eus ir pataisyti akvarel\u0117s klaidas arba toliau pie\u0161ti, i\u0161ry\u0161kina da\u017e\u0173 pigmentus. Patvarus ir nat\u016bralus baltas popierius, kurio sud\u0117tyje n\u0117ra r\u016bg\u0161\u010di\u0173 ir joki\u0173 baltinan\u010di\u0173j\u0173 med\u017eiag\u0173. Puikiai tinka akvarelei.","og_url":"https:\/\/hobstop.ee\/lt\/produktas\/akvarelinio-popieriaus-canson-moulin-du-roy\/","og_site_name":"Skizze","article_publisher":"http:\/\/www.facebook.com\/VunderSkizze","article_modified_time":"-0001-11-30T00:00:00+00:00","twitter_card":"summary_large_image","schema":{"@context":"https:\/\/schema.org","@graph":[{"@type":"WebPage","@id":"https:\/\/hobstop.ee\/lt\/produktas\/akvarelinio-popieriaus-canson-moulin-du-roy\/","url":"https:\/\/hobstop.ee\/lt\/produktas\/akvarelinio-popieriaus-canson-moulin-du-roy\/","name":"Akvarelinio popieriaus Canson Moulin du Roy &#8211; Skizze","isPartOf":{"@id":"https:\/\/www.hobstop.ee\/lt\/#website"},"datePublished":"2014-12-09T11:37:27+00:00","dateModified":"-0001-11-30T00:00:00+00:00","breadcrumb":{"@id":"https:\/\/hobstop.ee\/lt\/produktas\/akvarelinio-popieriaus-canson-moulin-du-roy\/#breadcrumb"},"inLanguage":"lt","potentialAction":[{"@type":"ReadAction","target":["https:\/\/hobstop.ee\/lt\/produktas\/akvarelinio-popieriaus-canson-moulin-du-roy\/"]}]},{"@type":"BreadcrumbList","@id":"https:\/\/hobstop.ee\/lt\/produktas\/akvarelinio-popieriaus-canson-moulin-du-roy\/#breadcrumb","itemListElement":[{"@type":"ListItem","position":1,"name":"Avaleht","item":"https:\/\/www.hobstop.ee\/lt\/"},{"@type":"ListItem","position":2,"name":"Parduotuv\u0117","item":"https:\/\/www.hobstop.ee\/lt\/parduotuve\/"},{"@type":"ListItem","position":3,"name":"Akvarelinio popieriaus Canson Moulin du Roy"}]},{"@type":"WebSite","@id":"https:\/\/www.hobstop.ee\/lt\/#website","url":"https:\/\/www.hobstop.ee\/lt\/","name":"Skizze","description":"Dail\u0117s, pom\u0117gi\u0173 ir mokykliniai reikm\u0117nys","publisher":{"@id":"https:\/\/www.hobstop.ee\/lt\/#organization"},"potentialAction":[{"@type":"SearchAction","target":{"@type":"EntryPoint","urlTemplate":"https:\/\/www.hobstop.ee\/lt\/?s={search_term_string}"},"query-input":{"@type":"PropertyValueSpecification","valueRequired":true,"valueName":"search_term_string"}}],"inLanguage":"lt"},{"@type":"Organization","@id":"https:\/\/www.hobstop.ee\/lt\/#organization","name":"Vunder AS","url":"https:\/\/www.hobstop.ee\/lt\/","logo":{"@type":"ImageObject","inLanguage":"lt","@id":"https:\/\/www.hobstop.ee\/lt\/#\/schema\/logo\/image\/","url":"https:\/\/hobstop.ee\/media\/vunder-logo.png","contentUrl":"https:\/\/hobstop.ee\/media\/vunder-logo.png","width":127,"height":55,"caption":"Vunder AS"},"image":{"@id":"https:\/\/www.hobstop.ee\/lt\/#\/schema\/logo\/image\/"},"sameAs":["http:\/\/www.facebook.com\/VunderSkizze"]}]}},"_links":{"self":[{"href":"https:\/\/hobstop.ee\/lt\/wp-json\/wp\/v2\/product\/63090","targetHints":{"allow":["GET"]}}],"collection":[{"href":"https:\/\/hobstop.ee\/lt\/wp-json\/wp\/v2\/product"}],"about":[{"href":"https:\/\/hobstop.ee\/lt\/wp-json\/wp\/v2\/types\/product"}],"replies":[{"embeddable":true,"href":"https:\/\/hobstop.ee\/lt\/wp-json\/wp\/v2\/comments?post=63090"}],"wp:attachment":[{"href":"https:\/\/hobstop.ee\/lt\/wp-json\/wp\/v2\/media?parent=63090"}],"wp:term":[{"taxonomy":"product_cat","embeddable":true,"href":"https:\/\/hobstop.ee\/lt\/wp-json\/wp\/v2\/product_cat?post=63090"},{"taxonomy":"product_tag","embeddable":true,"href":"https:\/\/hobstop.ee\/lt\/wp-json\/wp\/v2\/product_tag?post=63090"}],"curies":[{"name":"wp","href":"https:\/\/api.w.org\/{rel}","templated":true}]}}