{"id":63102,"date":"2014-12-09T13:37:29","date_gmt":"2014-12-09T11:37:29","guid":{"rendered":"https:\/\/sharks.ee\/vunder_2019.klient.veebimajutus.ee\/?post_type=product&p=63102"},"modified":"2014-12-09T13:37:29","modified_gmt":"2014-12-09T10:37:29","slug":"sasiuvinis-eskizams-sennelier-uskbook","status":"publish","type":"product","link":"https:\/\/hobstop.ee\/lt\/produktas\/sasiuvinis-eskizams-sennelier-uskbook\/","title":{"rendered":"S\u0105siuvinis eskizams Sennelier USKbook"},"content":{"rendered":"<p>Universalus ir itin funkcionalaus dizaino eskiz\u0173 bloknotas \u201eSennelier Black Urban\u201c. Eskiz\u0173 bloktono \u201eBlack Urban\u201c dizainas yra pana\u0161us \u012f dumples \u2013 a\u0161tuonis blokus galite naudoti eskizams, iliustracijoms ir inspiracijoms u\u017efiksuoti. Eleganti\u0161kas juodo audinio vir\u0161elis ir \u012fspaustas \u201eSennelier\u201c \u017eenklas bloknot\u0105 paver\u010dia esteti\u0161ka dizaino detale \u2013 stalo, lentynos atbrailos ar \u017eidinio papuo\u0161alu. Bloknot\u0105 galima laikyti ir vertikalioje pad\u0117tyje.<\/p>\n","protected":false},"excerpt":{"rendered":"<p>Universalus ir itin funkcionalaus dizaino eskiz\u0173 bloknotas \u201eSennelier Black Urban\u201c. Eskiz\u0173 bloktono \u201eBlack Urban\u201c dizainas yra pana\u0161us \u012f dumples \u2013 a\u0161tuonis blokus galite naudoti eskizams, iliustracijoms ir inspiracijoms u\u017efiksuoti. Eleganti\u0161kas juodo audinio vir\u0161elis ir \u012fspaustas \u201eSennelier\u201c \u017eenklas bloknot\u0105 paver\u010dia esteti\u0161ka dizaino detale \u2013 stalo, lentynos atbrailos ar \u017eidinio papuo\u0161alu. Bloknot\u0105 galima laikyti ir vertikalioje pad\u0117tyje.<\/p>\n","protected":false},"featured_media":107595,"comment_status":"closed","ping_status":"closed","template":"","meta":{"_acf_changed":false,"ep_exclude_from_search":false},"product_cat":[19025,17922,18944],"product_tag":[],"class_list":{"0":"post-63102","1":"product","2":"type-product","3":"status-publish","4":"has-post-thumbnail","6":"product_cat-piesimo-popierius-ir-bloknotai","7":"product_cat-popieriaus-prekes","8":"product_cat-specialus-popierius-ir-kartonas","10":"first","11":"outofstock","12":"sale","13":"taxable","14":"shipping-taxable","15":"purchasable","16":"product-type-variable"},"acf":[],"yoast_head":"<!-- This site is optimized with the Yoast SEO plugin v24.1 - https:\/\/yoast.com\/wordpress\/plugins\/seo\/ -->\n<title>S\u0105siuvinis eskizams Sennelier USKbook &#8211; Skizze<\/title>\n<meta name=\"robots\" content=\"noindex, follow, max-snippet:-1, max-image-preview:large, max-video-preview:-1\" \/>\n<meta property=\"og:locale\" content=\"lt_LT\" \/>\n<meta property=\"og:type\" content=\"article\" \/>\n<meta property=\"og:title\" content=\"S\u0105siuvinis eskizams Sennelier USKbook &#8211; Skizze\" \/>\n<meta property=\"og:description\" content=\"Universalus ir itin funkcionalaus dizaino eskiz\u0173 bloknotas \u201eSennelier Black Urban\u201c. Eskiz\u0173 bloktono \u201eBlack Urban\u201c dizainas yra pana\u0161us \u012f dumples \u2013 a\u0161tuonis blokus galite naudoti eskizams, iliustracijoms ir inspiracijoms u\u017efiksuoti. Eleganti\u0161kas juodo audinio vir\u0161elis ir \u012fspaustas \u201eSennelier\u201c \u017eenklas bloknot\u0105 paver\u010dia esteti\u0161ka dizaino detale \u2013 stalo, lentynos atbrailos ar \u017eidinio papuo\u0161alu. Bloknot\u0105 galima laikyti ir vertikalioje pad\u0117tyje.\" \/>\n<meta property=\"og:url\" content=\"https:\/\/hobstop.ee\/lt\/produktas\/sasiuvinis-eskizams-sennelier-uskbook\/\" \/>\n<meta property=\"og:site_name\" content=\"Skizze\" \/>\n<meta property=\"article:publisher\" content=\"http:\/\/www.facebook.com\/VunderSkizze\" \/>\n<meta property=\"article:modified_time\" content=\"-0001-11-30T00:00:00+00:00\" \/>\n<meta property=\"og:image\" content=\"https:\/\/hobstop.ee\/media\/3607.jpg\" \/>\n\t<meta property=\"og:image:width\" content=\"1024\" \/>\n\t<meta property=\"og:image:height\" content=\"768\" \/>\n\t<meta property=\"og:image:type\" content=\"image\/jpeg\" \/>\n<meta name=\"twitter:card\" content=\"summary_large_image\" \/>\n<script type=\"application\/ld+json\" class=\"yoast-schema-graph\">{\"@context\":\"https:\/\/schema.org\",\"@graph\":[{\"@type\":\"WebPage\",\"@id\":\"https:\/\/hobstop.ee\/lt\/produktas\/sasiuvinis-eskizams-sennelier-uskbook\/\",\"url\":\"https:\/\/hobstop.ee\/lt\/produktas\/sasiuvinis-eskizams-sennelier-uskbook\/\",\"name\":\"S\u0105siuvinis eskizams Sennelier USKbook &#8211; Skizze\",\"isPartOf\":{\"@id\":\"https:\/\/hobstop.ee\/lt\/#website\"},\"primaryImageOfPage\":{\"@id\":\"https:\/\/hobstop.ee\/lt\/produktas\/sasiuvinis-eskizams-sennelier-uskbook\/#primaryimage\"},\"image\":{\"@id\":\"https:\/\/hobstop.ee\/lt\/produktas\/sasiuvinis-eskizams-sennelier-uskbook\/#primaryimage\"},\"thumbnailUrl\":\"https:\/\/hobstop.ee\/media\/3607.jpg\",\"datePublished\":\"2014-12-09T11:37:29+00:00\",\"dateModified\":\"-0001-11-30T00:00:00+00:00\",\"breadcrumb\":{\"@id\":\"https:\/\/hobstop.ee\/lt\/produktas\/sasiuvinis-eskizams-sennelier-uskbook\/#breadcrumb\"},\"inLanguage\":\"lt\",\"potentialAction\":[{\"@type\":\"ReadAction\",\"target\":[\"https:\/\/hobstop.ee\/lt\/produktas\/sasiuvinis-eskizams-sennelier-uskbook\/\"]}]},{\"@type\":\"ImageObject\",\"inLanguage\":\"lt\",\"@id\":\"https:\/\/hobstop.ee\/lt\/produktas\/sasiuvinis-eskizams-sennelier-uskbook\/#primaryimage\",\"url\":\"https:\/\/hobstop.ee\/media\/3607.jpg\",\"contentUrl\":\"https:\/\/hobstop.ee\/media\/3607.jpg\",\"width\":1024,\"height\":768},{\"@type\":\"BreadcrumbList\",\"@id\":\"https:\/\/hobstop.ee\/lt\/produktas\/sasiuvinis-eskizams-sennelier-uskbook\/#breadcrumb\",\"itemListElement\":[{\"@type\":\"ListItem\",\"position\":1,\"name\":\"Avaleht\",\"item\":\"https:\/\/hobstop.ee\/lt\/\"},{\"@type\":\"ListItem\",\"position\":2,\"name\":\"Parduotuv\u0117\",\"item\":\"https:\/\/hobstop.ee\/lt\/parduotuve\/\"},{\"@type\":\"ListItem\",\"position\":3,\"name\":\"S\u0105siuvinis eskizams Sennelier USKbook\"}]},{\"@type\":\"WebSite\",\"@id\":\"https:\/\/hobstop.ee\/lt\/#website\",\"url\":\"https:\/\/hobstop.ee\/lt\/\",\"name\":\"Skizze\",\"description\":\"Dail\u0117s, pom\u0117gi\u0173 ir mokykliniai reikm\u0117nys\",\"publisher\":{\"@id\":\"https:\/\/hobstop.ee\/lt\/#organization\"},\"potentialAction\":[{\"@type\":\"SearchAction\",\"target\":{\"@type\":\"EntryPoint\",\"urlTemplate\":\"https:\/\/hobstop.ee\/lt\/?s={search_term_string}\"},\"query-input\":{\"@type\":\"PropertyValueSpecification\",\"valueRequired\":true,\"valueName\":\"search_term_string\"}}],\"inLanguage\":\"lt\"},{\"@type\":\"Organization\",\"@id\":\"https:\/\/hobstop.ee\/lt\/#organization\",\"name\":\"Vunder AS\",\"url\":\"https:\/\/hobstop.ee\/lt\/\",\"logo\":{\"@type\":\"ImageObject\",\"inLanguage\":\"lt\",\"@id\":\"https:\/\/hobstop.ee\/lt\/#\/schema\/logo\/image\/\",\"url\":\"https:\/\/hobstop.ee\/media\/vunder-logo.png\",\"contentUrl\":\"https:\/\/hobstop.ee\/media\/vunder-logo.png\",\"width\":127,\"height\":55,\"caption\":\"Vunder AS\"},\"image\":{\"@id\":\"https:\/\/hobstop.ee\/lt\/#\/schema\/logo\/image\/\"},\"sameAs\":[\"http:\/\/www.facebook.com\/VunderSkizze\"]}]}<\/script>\n<!-- \/ Yoast SEO plugin. -->","yoast_head_json":{"title":"S\u0105siuvinis eskizams Sennelier USKbook &#8211; Skizze","robots":{"index":"noindex","follow":"follow","max-snippet":"max-snippet:-1","max-image-preview":"max-image-preview:large","max-video-preview":"max-video-preview:-1"},"og_locale":"lt_LT","og_type":"article","og_title":"S\u0105siuvinis eskizams Sennelier USKbook &#8211; Skizze","og_description":"Universalus ir itin funkcionalaus dizaino eskiz\u0173 bloknotas \u201eSennelier Black Urban\u201c. Eskiz\u0173 bloktono \u201eBlack Urban\u201c dizainas yra pana\u0161us \u012f dumples \u2013 a\u0161tuonis blokus galite naudoti eskizams, iliustracijoms ir inspiracijoms u\u017efiksuoti. Eleganti\u0161kas juodo audinio vir\u0161elis ir \u012fspaustas \u201eSennelier\u201c \u017eenklas bloknot\u0105 paver\u010dia esteti\u0161ka dizaino detale \u2013 stalo, lentynos atbrailos ar \u017eidinio papuo\u0161alu. Bloknot\u0105 galima laikyti ir vertikalioje pad\u0117tyje.","og_url":"https:\/\/hobstop.ee\/lt\/produktas\/sasiuvinis-eskizams-sennelier-uskbook\/","og_site_name":"Skizze","article_publisher":"http:\/\/www.facebook.com\/VunderSkizze","article_modified_time":"-0001-11-30T00:00:00+00:00","og_image":[{"width":1024,"height":768,"url":"https:\/\/hobstop.ee\/media\/3607.jpg","type":"image\/jpeg"}],"twitter_card":"summary_large_image","schema":{"@context":"https:\/\/schema.org","@graph":[{"@type":"WebPage","@id":"https:\/\/hobstop.ee\/lt\/produktas\/sasiuvinis-eskizams-sennelier-uskbook\/","url":"https:\/\/hobstop.ee\/lt\/produktas\/sasiuvinis-eskizams-sennelier-uskbook\/","name":"S\u0105siuvinis eskizams Sennelier USKbook &#8211; Skizze","isPartOf":{"@id":"https:\/\/hobstop.ee\/lt\/#website"},"primaryImageOfPage":{"@id":"https:\/\/hobstop.ee\/lt\/produktas\/sasiuvinis-eskizams-sennelier-uskbook\/#primaryimage"},"image":{"@id":"https:\/\/hobstop.ee\/lt\/produktas\/sasiuvinis-eskizams-sennelier-uskbook\/#primaryimage"},"thumbnailUrl":"https:\/\/hobstop.ee\/media\/3607.jpg","datePublished":"2014-12-09T11:37:29+00:00","dateModified":"-0001-11-30T00:00:00+00:00","breadcrumb":{"@id":"https:\/\/hobstop.ee\/lt\/produktas\/sasiuvinis-eskizams-sennelier-uskbook\/#breadcrumb"},"inLanguage":"lt","potentialAction":[{"@type":"ReadAction","target":["https:\/\/hobstop.ee\/lt\/produktas\/sasiuvinis-eskizams-sennelier-uskbook\/"]}]},{"@type":"ImageObject","inLanguage":"lt","@id":"https:\/\/hobstop.ee\/lt\/produktas\/sasiuvinis-eskizams-sennelier-uskbook\/#primaryimage","url":"https:\/\/hobstop.ee\/media\/3607.jpg","contentUrl":"https:\/\/hobstop.ee\/media\/3607.jpg","width":1024,"height":768},{"@type":"BreadcrumbList","@id":"https:\/\/hobstop.ee\/lt\/produktas\/sasiuvinis-eskizams-sennelier-uskbook\/#breadcrumb","itemListElement":[{"@type":"ListItem","position":1,"name":"Avaleht","item":"https:\/\/hobstop.ee\/lt\/"},{"@type":"ListItem","position":2,"name":"Parduotuv\u0117","item":"https:\/\/hobstop.ee\/lt\/parduotuve\/"},{"@type":"ListItem","position":3,"name":"S\u0105siuvinis eskizams Sennelier USKbook"}]},{"@type":"WebSite","@id":"https:\/\/hobstop.ee\/lt\/#website","url":"https:\/\/hobstop.ee\/lt\/","name":"Skizze","description":"Dail\u0117s, pom\u0117gi\u0173 ir mokykliniai reikm\u0117nys","publisher":{"@id":"https:\/\/hobstop.ee\/lt\/#organization"},"potentialAction":[{"@type":"SearchAction","target":{"@type":"EntryPoint","urlTemplate":"https:\/\/hobstop.ee\/lt\/?s={search_term_string}"},"query-input":{"@type":"PropertyValueSpecification","valueRequired":true,"valueName":"search_term_string"}}],"inLanguage":"lt"},{"@type":"Organization","@id":"https:\/\/hobstop.ee\/lt\/#organization","name":"Vunder AS","url":"https:\/\/hobstop.ee\/lt\/","logo":{"@type":"ImageObject","inLanguage":"lt","@id":"https:\/\/hobstop.ee\/lt\/#\/schema\/logo\/image\/","url":"https:\/\/hobstop.ee\/media\/vunder-logo.png","contentUrl":"https:\/\/hobstop.ee\/media\/vunder-logo.png","width":127,"height":55,"caption":"Vunder AS"},"image":{"@id":"https:\/\/hobstop.ee\/lt\/#\/schema\/logo\/image\/"},"sameAs":["http:\/\/www.facebook.com\/VunderSkizze"]}]}},"_links":{"self":[{"href":"https:\/\/hobstop.ee\/lt\/wp-json\/wp\/v2\/product\/63102","targetHints":{"allow":["GET"]}}],"collection":[{"href":"https:\/\/hobstop.ee\/lt\/wp-json\/wp\/v2\/product"}],"about":[{"href":"https:\/\/hobstop.ee\/lt\/wp-json\/wp\/v2\/types\/product"}],"replies":[{"embeddable":true,"href":"https:\/\/hobstop.ee\/lt\/wp-json\/wp\/v2\/comments?post=63102"}],"wp:featuredmedia":[{"embeddable":true,"href":"https:\/\/hobstop.ee\/lt\/wp-json\/wp\/v2\/media\/107595"}],"wp:attachment":[{"href":"https:\/\/hobstop.ee\/lt\/wp-json\/wp\/v2\/media?parent=63102"}],"wp:term":[{"taxonomy":"product_cat","embeddable":true,"href":"https:\/\/hobstop.ee\/lt\/wp-json\/wp\/v2\/product_cat?post=63102"},{"taxonomy":"product_tag","embeddable":true,"href":"https:\/\/hobstop.ee\/lt\/wp-json\/wp\/v2\/product_tag?post=63102"}],"curies":[{"name":"wp","href":"https:\/\/api.w.org\/{rel}","templated":true}]}}