{"id":63105,"date":"2014-12-09T13:37:29","date_gmt":"2014-12-09T11:37:29","guid":{"rendered":"https:\/\/sharks.ee\/vunder_2019.klient.veebimajutus.ee\/?post_type=product&p=63105"},"modified":"2014-12-09T13:37:29","modified_gmt":"2014-12-09T10:37:29","slug":"eskizinis-piestukas-derwent-onyx","status":"publish","type":"product","link":"https:\/\/hobstop.ee\/lt\/produktas\/eskizinis-piestukas-derwent-onyx\/","title":{"rendered":"Eskizinis pie\u0161tukas Derwent Onyx"},"content":{"rendered":"<p>Pie\u0161tukai \u201eDerwent Onyx\u201c yra pagaminti i\u0161 smulkaus, tamsaus grafito, j\u0173 juodos spalvos \u2013 ry\u0161kios ir turtingos, dar tamsesn\u0117s nei \u201eGraphic 9B\u201c pie\u0161tuk\u0173. D\u0117l netrupan\u010dio grafito \u0161i\u0173 pie\u0161tuk\u0173 4 mm \u0161erdel\u0117 yra lengvai smailinama, tod\u0117l jie puikiai tinka greitiems ir ekspresyviems eskizams, taip pat ir smulkiems bei detaliems techniniams bei architekt\u016briniams eskizams pie\u0161ti. Tamsesn\u012f atspalv\u012f galima i\u0161gauti stipriau paspaudus pie\u0161tuk\u0105. Nor\u0117dami \u0161viesesni\u0173 spalv\u0173 ir tikslesni\u0173 linij\u0173, pie\u0161tuk\u0105 spauskite \u0161velniau.<br \/>\nApvalus 8mm kotelis, \u0161erdel\u0117s skersmuo: 4mm<\/p>\n","protected":false},"excerpt":{"rendered":"<p>Pie\u0161tukai \u201eDerwent Onyx\u201c yra pagaminti i\u0161 smulkaus, tamsaus grafito, j\u0173 juodos spalvos \u2013 ry\u0161kios ir turtingos, dar tamsesn\u0117s nei \u201eGraphic 9B\u201c pie\u0161tuk\u0173. D\u0117l netrupan\u010dio grafito \u0161i\u0173 pie\u0161tuk\u0173 4 mm \u0161erdel\u0117 yra lengvai smailinama, tod\u0117l jie puikiai tinka greitiems ir ekspresyviems eskizams, taip pat ir smulkiems bei detaliems techniniams bei architekt\u016briniams eskizams pie\u0161ti. Tamsesn\u012f atspalv\u012f galima i\u0161gauti stipriau paspaudus pie\u0161tuk\u0105. Nor\u0117dami \u0161viesesni\u0173 spalv\u0173 ir tikslesni\u0173 linij\u0173, pie\u0161tuk\u0105 spauskite \u0161velniau. Apvalus 8mm kotelis, \u0161erdel\u0117s skersmuo: 4mm<\/p>\n","protected":false},"featured_media":107599,"comment_status":"closed","ping_status":"closed","template":"","meta":{"_acf_changed":false,"ep_exclude_from_search":false},"product_cat":[16124,18992,18932],"product_tag":[],"class_list":{"0":"post-63105","1":"product","2":"type-product","3":"status-publish","4":"has-post-thumbnail","6":"product_cat-dailes-prekes","7":"product_cat-eskiziniai-piestukai","8":"product_cat-piesimo-reikmenys-3","10":"first","11":"outofstock","12":"taxable","13":"shipping-taxable","14":"purchasable","15":"product-type-variable"},"acf":[],"yoast_head":"<!-- This site is optimized with the Yoast SEO plugin v24.1 - https:\/\/yoast.com\/wordpress\/plugins\/seo\/ -->\n<title>Eskizinis pie\u0161tukas Derwent Onyx &#8211; Skizze<\/title>\n<meta name=\"robots\" content=\"noindex, follow, max-snippet:-1, max-image-preview:large, max-video-preview:-1\" \/>\n<meta property=\"og:locale\" content=\"lt_LT\" \/>\n<meta property=\"og:type\" content=\"article\" \/>\n<meta property=\"og:title\" content=\"Eskizinis pie\u0161tukas Derwent Onyx &#8211; Skizze\" \/>\n<meta property=\"og:description\" content=\"Pie\u0161tukai \u201eDerwent Onyx\u201c yra pagaminti i\u0161 smulkaus, tamsaus grafito, j\u0173 juodos spalvos \u2013 ry\u0161kios ir turtingos, dar tamsesn\u0117s nei \u201eGraphic 9B\u201c pie\u0161tuk\u0173. D\u0117l netrupan\u010dio grafito \u0161i\u0173 pie\u0161tuk\u0173 4 mm \u0161erdel\u0117 yra lengvai smailinama, tod\u0117l jie puikiai tinka greitiems ir ekspresyviems eskizams, taip pat ir smulkiems bei detaliems techniniams bei architekt\u016briniams eskizams pie\u0161ti. Tamsesn\u012f atspalv\u012f galima i\u0161gauti stipriau paspaudus pie\u0161tuk\u0105. Nor\u0117dami \u0161viesesni\u0173 spalv\u0173 ir tikslesni\u0173 linij\u0173, pie\u0161tuk\u0105 spauskite \u0161velniau. Apvalus 8mm kotelis, \u0161erdel\u0117s skersmuo: 4mm\" \/>\n<meta property=\"og:url\" content=\"https:\/\/hobstop.ee\/lt\/produktas\/eskizinis-piestukas-derwent-onyx\/\" \/>\n<meta property=\"og:site_name\" content=\"Skizze\" \/>\n<meta property=\"article:publisher\" content=\"http:\/\/www.facebook.com\/VunderSkizze\" \/>\n<meta property=\"article:modified_time\" content=\"-0001-11-30T00:00:00+00:00\" \/>\n<meta property=\"og:image\" content=\"https:\/\/hobstop.ee\/media\/3608.jpg\" \/>\n\t<meta property=\"og:image:width\" content=\"1024\" \/>\n\t<meta property=\"og:image:height\" content=\"768\" \/>\n\t<meta property=\"og:image:type\" content=\"image\/jpeg\" \/>\n<meta name=\"twitter:card\" content=\"summary_large_image\" \/>\n<script type=\"application\/ld+json\" class=\"yoast-schema-graph\">{\"@context\":\"https:\/\/schema.org\",\"@graph\":[{\"@type\":\"WebPage\",\"@id\":\"https:\/\/hobstop.ee\/lt\/produktas\/eskizinis-piestukas-derwent-onyx\/\",\"url\":\"https:\/\/hobstop.ee\/lt\/produktas\/eskizinis-piestukas-derwent-onyx\/\",\"name\":\"Eskizinis pie\u0161tukas Derwent Onyx &#8211; Skizze\",\"isPartOf\":{\"@id\":\"https:\/\/hobstop.ee\/lt\/#website\"},\"primaryImageOfPage\":{\"@id\":\"https:\/\/hobstop.ee\/lt\/produktas\/eskizinis-piestukas-derwent-onyx\/#primaryimage\"},\"image\":{\"@id\":\"https:\/\/hobstop.ee\/lt\/produktas\/eskizinis-piestukas-derwent-onyx\/#primaryimage\"},\"thumbnailUrl\":\"https:\/\/hobstop.ee\/media\/3608.jpg\",\"datePublished\":\"2014-12-09T11:37:29+00:00\",\"dateModified\":\"-0001-11-30T00:00:00+00:00\",\"breadcrumb\":{\"@id\":\"https:\/\/hobstop.ee\/lt\/produktas\/eskizinis-piestukas-derwent-onyx\/#breadcrumb\"},\"inLanguage\":\"lt\",\"potentialAction\":[{\"@type\":\"ReadAction\",\"target\":[\"https:\/\/hobstop.ee\/lt\/produktas\/eskizinis-piestukas-derwent-onyx\/\"]}]},{\"@type\":\"ImageObject\",\"inLanguage\":\"lt\",\"@id\":\"https:\/\/hobstop.ee\/lt\/produktas\/eskizinis-piestukas-derwent-onyx\/#primaryimage\",\"url\":\"https:\/\/hobstop.ee\/media\/3608.jpg\",\"contentUrl\":\"https:\/\/hobstop.ee\/media\/3608.jpg\",\"width\":1024,\"height\":768},{\"@type\":\"BreadcrumbList\",\"@id\":\"https:\/\/hobstop.ee\/lt\/produktas\/eskizinis-piestukas-derwent-onyx\/#breadcrumb\",\"itemListElement\":[{\"@type\":\"ListItem\",\"position\":1,\"name\":\"Avaleht\",\"item\":\"https:\/\/hobstop.ee\/lt\/\"},{\"@type\":\"ListItem\",\"position\":2,\"name\":\"Parduotuv\u0117\",\"item\":\"https:\/\/hobstop.ee\/lt\/parduotuve\/\"},{\"@type\":\"ListItem\",\"position\":3,\"name\":\"Eskizinis pie\u0161tukas Derwent Onyx\"}]},{\"@type\":\"WebSite\",\"@id\":\"https:\/\/hobstop.ee\/lt\/#website\",\"url\":\"https:\/\/hobstop.ee\/lt\/\",\"name\":\"Skizze\",\"description\":\"Dail\u0117s, pom\u0117gi\u0173 ir mokykliniai reikm\u0117nys\",\"publisher\":{\"@id\":\"https:\/\/hobstop.ee\/lt\/#organization\"},\"potentialAction\":[{\"@type\":\"SearchAction\",\"target\":{\"@type\":\"EntryPoint\",\"urlTemplate\":\"https:\/\/hobstop.ee\/lt\/?s={search_term_string}\"},\"query-input\":{\"@type\":\"PropertyValueSpecification\",\"valueRequired\":true,\"valueName\":\"search_term_string\"}}],\"inLanguage\":\"lt\"},{\"@type\":\"Organization\",\"@id\":\"https:\/\/hobstop.ee\/lt\/#organization\",\"name\":\"Vunder AS\",\"url\":\"https:\/\/hobstop.ee\/lt\/\",\"logo\":{\"@type\":\"ImageObject\",\"inLanguage\":\"lt\",\"@id\":\"https:\/\/hobstop.ee\/lt\/#\/schema\/logo\/image\/\",\"url\":\"https:\/\/hobstop.ee\/media\/vunder-logo.png\",\"contentUrl\":\"https:\/\/hobstop.ee\/media\/vunder-logo.png\",\"width\":127,\"height\":55,\"caption\":\"Vunder AS\"},\"image\":{\"@id\":\"https:\/\/hobstop.ee\/lt\/#\/schema\/logo\/image\/\"},\"sameAs\":[\"http:\/\/www.facebook.com\/VunderSkizze\"]}]}<\/script>\n<!-- \/ Yoast SEO plugin. -->","yoast_head_json":{"title":"Eskizinis pie\u0161tukas Derwent Onyx &#8211; Skizze","robots":{"index":"noindex","follow":"follow","max-snippet":"max-snippet:-1","max-image-preview":"max-image-preview:large","max-video-preview":"max-video-preview:-1"},"og_locale":"lt_LT","og_type":"article","og_title":"Eskizinis pie\u0161tukas Derwent Onyx &#8211; Skizze","og_description":"Pie\u0161tukai \u201eDerwent Onyx\u201c yra pagaminti i\u0161 smulkaus, tamsaus grafito, j\u0173 juodos spalvos \u2013 ry\u0161kios ir turtingos, dar tamsesn\u0117s nei \u201eGraphic 9B\u201c pie\u0161tuk\u0173. D\u0117l netrupan\u010dio grafito \u0161i\u0173 pie\u0161tuk\u0173 4 mm \u0161erdel\u0117 yra lengvai smailinama, tod\u0117l jie puikiai tinka greitiems ir ekspresyviems eskizams, taip pat ir smulkiems bei detaliems techniniams bei architekt\u016briniams eskizams pie\u0161ti. Tamsesn\u012f atspalv\u012f galima i\u0161gauti stipriau paspaudus pie\u0161tuk\u0105. Nor\u0117dami \u0161viesesni\u0173 spalv\u0173 ir tikslesni\u0173 linij\u0173, pie\u0161tuk\u0105 spauskite \u0161velniau. Apvalus 8mm kotelis, \u0161erdel\u0117s skersmuo: 4mm","og_url":"https:\/\/hobstop.ee\/lt\/produktas\/eskizinis-piestukas-derwent-onyx\/","og_site_name":"Skizze","article_publisher":"http:\/\/www.facebook.com\/VunderSkizze","article_modified_time":"-0001-11-30T00:00:00+00:00","og_image":[{"width":1024,"height":768,"url":"https:\/\/hobstop.ee\/media\/3608.jpg","type":"image\/jpeg"}],"twitter_card":"summary_large_image","schema":{"@context":"https:\/\/schema.org","@graph":[{"@type":"WebPage","@id":"https:\/\/hobstop.ee\/lt\/produktas\/eskizinis-piestukas-derwent-onyx\/","url":"https:\/\/hobstop.ee\/lt\/produktas\/eskizinis-piestukas-derwent-onyx\/","name":"Eskizinis pie\u0161tukas Derwent Onyx &#8211; Skizze","isPartOf":{"@id":"https:\/\/hobstop.ee\/lt\/#website"},"primaryImageOfPage":{"@id":"https:\/\/hobstop.ee\/lt\/produktas\/eskizinis-piestukas-derwent-onyx\/#primaryimage"},"image":{"@id":"https:\/\/hobstop.ee\/lt\/produktas\/eskizinis-piestukas-derwent-onyx\/#primaryimage"},"thumbnailUrl":"https:\/\/hobstop.ee\/media\/3608.jpg","datePublished":"2014-12-09T11:37:29+00:00","dateModified":"-0001-11-30T00:00:00+00:00","breadcrumb":{"@id":"https:\/\/hobstop.ee\/lt\/produktas\/eskizinis-piestukas-derwent-onyx\/#breadcrumb"},"inLanguage":"lt","potentialAction":[{"@type":"ReadAction","target":["https:\/\/hobstop.ee\/lt\/produktas\/eskizinis-piestukas-derwent-onyx\/"]}]},{"@type":"ImageObject","inLanguage":"lt","@id":"https:\/\/hobstop.ee\/lt\/produktas\/eskizinis-piestukas-derwent-onyx\/#primaryimage","url":"https:\/\/hobstop.ee\/media\/3608.jpg","contentUrl":"https:\/\/hobstop.ee\/media\/3608.jpg","width":1024,"height":768},{"@type":"BreadcrumbList","@id":"https:\/\/hobstop.ee\/lt\/produktas\/eskizinis-piestukas-derwent-onyx\/#breadcrumb","itemListElement":[{"@type":"ListItem","position":1,"name":"Avaleht","item":"https:\/\/hobstop.ee\/lt\/"},{"@type":"ListItem","position":2,"name":"Parduotuv\u0117","item":"https:\/\/hobstop.ee\/lt\/parduotuve\/"},{"@type":"ListItem","position":3,"name":"Eskizinis pie\u0161tukas Derwent Onyx"}]},{"@type":"WebSite","@id":"https:\/\/hobstop.ee\/lt\/#website","url":"https:\/\/hobstop.ee\/lt\/","name":"Skizze","description":"Dail\u0117s, pom\u0117gi\u0173 ir mokykliniai reikm\u0117nys","publisher":{"@id":"https:\/\/hobstop.ee\/lt\/#organization"},"potentialAction":[{"@type":"SearchAction","target":{"@type":"EntryPoint","urlTemplate":"https:\/\/hobstop.ee\/lt\/?s={search_term_string}"},"query-input":{"@type":"PropertyValueSpecification","valueRequired":true,"valueName":"search_term_string"}}],"inLanguage":"lt"},{"@type":"Organization","@id":"https:\/\/hobstop.ee\/lt\/#organization","name":"Vunder AS","url":"https:\/\/hobstop.ee\/lt\/","logo":{"@type":"ImageObject","inLanguage":"lt","@id":"https:\/\/hobstop.ee\/lt\/#\/schema\/logo\/image\/","url":"https:\/\/hobstop.ee\/media\/vunder-logo.png","contentUrl":"https:\/\/hobstop.ee\/media\/vunder-logo.png","width":127,"height":55,"caption":"Vunder AS"},"image":{"@id":"https:\/\/hobstop.ee\/lt\/#\/schema\/logo\/image\/"},"sameAs":["http:\/\/www.facebook.com\/VunderSkizze"]}]}},"_links":{"self":[{"href":"https:\/\/hobstop.ee\/lt\/wp-json\/wp\/v2\/product\/63105","targetHints":{"allow":["GET"]}}],"collection":[{"href":"https:\/\/hobstop.ee\/lt\/wp-json\/wp\/v2\/product"}],"about":[{"href":"https:\/\/hobstop.ee\/lt\/wp-json\/wp\/v2\/types\/product"}],"replies":[{"embeddable":true,"href":"https:\/\/hobstop.ee\/lt\/wp-json\/wp\/v2\/comments?post=63105"}],"wp:featuredmedia":[{"embeddable":true,"href":"https:\/\/hobstop.ee\/lt\/wp-json\/wp\/v2\/media\/107599"}],"wp:attachment":[{"href":"https:\/\/hobstop.ee\/lt\/wp-json\/wp\/v2\/media?parent=63105"}],"wp:term":[{"taxonomy":"product_cat","embeddable":true,"href":"https:\/\/hobstop.ee\/lt\/wp-json\/wp\/v2\/product_cat?post=63105"},{"taxonomy":"product_tag","embeddable":true,"href":"https:\/\/hobstop.ee\/lt\/wp-json\/wp\/v2\/product_tag?post=63105"}],"curies":[{"name":"wp","href":"https:\/\/api.w.org\/{rel}","templated":true}]}}