{"id":63171,"date":"2014-12-09T13:37:44","date_gmt":"2014-12-09T11:37:44","guid":{"rendered":"https:\/\/sharks.ee\/vunder_2019.klient.veebimajutus.ee\/?post_type=product&p=63171"},"modified":"2014-12-09T13:37:44","modified_gmt":"2014-12-09T10:37:44","slug":"bloknotas-piesimui-pastele-canson-mi-teintes-touch","status":"publish","type":"product","link":"https:\/\/hobstop.ee\/lt\/produktas\/bloknotas-piesimui-pastele-canson-mi-teintes-touch\/","title":{"rendered":"Bloknotas pie\u0161imui pastele Canson Mi-Teintes Touch"},"content":{"rendered":"<p>Geriausios kokyb\u0117s \u0161iurk\u0161\u010dios tekst\u016bros pastelei skirtas popierius ir kartonas \u201eCanson Mi-Teintes Touch\u201c su sm\u0117lio dalel\u0117mis, ant kurio puikiai atrodo pastele, anglimi, kreida ir akrilu pie\u0161ti pie\u0161iniai. Gerai i\u0161saugo pastel\u0117s pigment\u0105, galima tepti kelis sluoksnius. Atsparus kartonas yra puikus pagrindas, suteikia daug galimybi\u0173 dirbi \u012fvairiose vietose.<br \/>\nPuikiai tinka pie\u0161iniams pastele, kreida ir akrilu.<br \/>\nTinka pie\u0161imui sangvinu ir anglimi.<\/p>\n","protected":false},"excerpt":{"rendered":"<p>Geriausios kokyb\u0117s \u0161iurk\u0161\u010dios tekst\u016bros pastelei skirtas popierius ir kartonas \u201eCanson Mi-Teintes Touch\u201c su sm\u0117lio dalel\u0117mis, ant kurio puikiai atrodo pastele, anglimi, kreida ir akrilu pie\u0161ti pie\u0161iniai. Gerai i\u0161saugo pastel\u0117s pigment\u0105, galima tepti kelis sluoksnius. Atsparus kartonas yra puikus pagrindas, suteikia daug galimybi\u0173 dirbi \u012fvairiose vietose. Puikiai tinka pie\u0161iniams pastele, kreida ir akrilu. Tinka pie\u0161imui sangvinu ir anglimi.<\/p>\n","protected":false},"featured_media":160005,"comment_status":"closed","ping_status":"closed","template":"","meta":{"_acf_changed":false,"ep_exclude_from_search":false},"product_cat":[19025,17922,18944],"product_tag":[],"class_list":{"0":"post-63171","1":"product","2":"type-product","3":"status-publish","4":"has-post-thumbnail","6":"product_cat-piesimo-popierius-ir-bloknotai","7":"product_cat-popieriaus-prekes","8":"product_cat-specialus-popierius-ir-kartonas","10":"first","11":"instock","12":"taxable","13":"shipping-taxable","14":"purchasable","15":"product-type-variable"},"acf":[],"yoast_head":"<!-- This site is optimized with the Yoast SEO plugin v24.1 - https:\/\/yoast.com\/wordpress\/plugins\/seo\/ -->\n<title>Bloknotas pie\u0161imui pastele Canson Mi-Teintes Touch &#8211; Skizze<\/title>\n<meta name=\"robots\" content=\"noindex, follow, max-snippet:-1, max-image-preview:large, max-video-preview:-1\" \/>\n<meta property=\"og:locale\" content=\"lt_LT\" \/>\n<meta property=\"og:type\" content=\"article\" \/>\n<meta property=\"og:title\" content=\"Bloknotas pie\u0161imui pastele Canson Mi-Teintes Touch &#8211; Skizze\" \/>\n<meta property=\"og:description\" content=\"Geriausios kokyb\u0117s \u0161iurk\u0161\u010dios tekst\u016bros pastelei skirtas popierius ir kartonas \u201eCanson Mi-Teintes Touch\u201c su sm\u0117lio dalel\u0117mis, ant kurio puikiai atrodo pastele, anglimi, kreida ir akrilu pie\u0161ti pie\u0161iniai. Gerai i\u0161saugo pastel\u0117s pigment\u0105, galima tepti kelis sluoksnius. Atsparus kartonas yra puikus pagrindas, suteikia daug galimybi\u0173 dirbi \u012fvairiose vietose. Puikiai tinka pie\u0161iniams pastele, kreida ir akrilu. Tinka pie\u0161imui sangvinu ir anglimi.\" \/>\n<meta property=\"og:url\" content=\"https:\/\/hobstop.ee\/lt\/produktas\/bloknotas-piesimui-pastele-canson-mi-teintes-touch\/\" \/>\n<meta property=\"og:site_name\" content=\"Skizze\" \/>\n<meta property=\"article:publisher\" content=\"http:\/\/www.facebook.com\/VunderSkizze\" \/>\n<meta property=\"article:modified_time\" content=\"-0001-11-30T00:00:00+00:00\" \/>\n<meta property=\"og:image\" content=\"https:\/\/hobstop.ee\/media\/3694.jpg\" \/>\n\t<meta property=\"og:image:width\" content=\"844\" \/>\n\t<meta property=\"og:image:height\" content=\"650\" \/>\n\t<meta property=\"og:image:type\" content=\"image\/jpeg\" \/>\n<meta name=\"twitter:card\" content=\"summary_large_image\" \/>\n<script type=\"application\/ld+json\" class=\"yoast-schema-graph\">{\"@context\":\"https:\/\/schema.org\",\"@graph\":[{\"@type\":\"WebPage\",\"@id\":\"https:\/\/hobstop.ee\/lt\/produktas\/bloknotas-piesimui-pastele-canson-mi-teintes-touch\/\",\"url\":\"https:\/\/hobstop.ee\/lt\/produktas\/bloknotas-piesimui-pastele-canson-mi-teintes-touch\/\",\"name\":\"Bloknotas pie\u0161imui pastele Canson Mi-Teintes Touch &#8211; Skizze\",\"isPartOf\":{\"@id\":\"https:\/\/hobstop.ee\/lt\/#website\"},\"primaryImageOfPage\":{\"@id\":\"https:\/\/hobstop.ee\/lt\/produktas\/bloknotas-piesimui-pastele-canson-mi-teintes-touch\/#primaryimage\"},\"image\":{\"@id\":\"https:\/\/hobstop.ee\/lt\/produktas\/bloknotas-piesimui-pastele-canson-mi-teintes-touch\/#primaryimage\"},\"thumbnailUrl\":\"https:\/\/hobstop.ee\/media\/3694.jpg\",\"datePublished\":\"2014-12-09T11:37:44+00:00\",\"dateModified\":\"-0001-11-30T00:00:00+00:00\",\"breadcrumb\":{\"@id\":\"https:\/\/hobstop.ee\/lt\/produktas\/bloknotas-piesimui-pastele-canson-mi-teintes-touch\/#breadcrumb\"},\"inLanguage\":\"lt\",\"potentialAction\":[{\"@type\":\"ReadAction\",\"target\":[\"https:\/\/hobstop.ee\/lt\/produktas\/bloknotas-piesimui-pastele-canson-mi-teintes-touch\/\"]}]},{\"@type\":\"ImageObject\",\"inLanguage\":\"lt\",\"@id\":\"https:\/\/hobstop.ee\/lt\/produktas\/bloknotas-piesimui-pastele-canson-mi-teintes-touch\/#primaryimage\",\"url\":\"https:\/\/hobstop.ee\/media\/3694.jpg\",\"contentUrl\":\"https:\/\/hobstop.ee\/media\/3694.jpg\",\"width\":844,\"height\":650},{\"@type\":\"BreadcrumbList\",\"@id\":\"https:\/\/hobstop.ee\/lt\/produktas\/bloknotas-piesimui-pastele-canson-mi-teintes-touch\/#breadcrumb\",\"itemListElement\":[{\"@type\":\"ListItem\",\"position\":1,\"name\":\"Avaleht\",\"item\":\"https:\/\/hobstop.ee\/lt\/\"},{\"@type\":\"ListItem\",\"position\":2,\"name\":\"Parduotuv\u0117\",\"item\":\"https:\/\/hobstop.ee\/lt\/parduotuve\/\"},{\"@type\":\"ListItem\",\"position\":3,\"name\":\"Bloknotas pie\u0161imui pastele Canson Mi-Teintes Touch\"}]},{\"@type\":\"WebSite\",\"@id\":\"https:\/\/hobstop.ee\/lt\/#website\",\"url\":\"https:\/\/hobstop.ee\/lt\/\",\"name\":\"Skizze\",\"description\":\"Dail\u0117s, pom\u0117gi\u0173 ir mokykliniai reikm\u0117nys\",\"publisher\":{\"@id\":\"https:\/\/hobstop.ee\/lt\/#organization\"},\"potentialAction\":[{\"@type\":\"SearchAction\",\"target\":{\"@type\":\"EntryPoint\",\"urlTemplate\":\"https:\/\/hobstop.ee\/lt\/?s={search_term_string}\"},\"query-input\":{\"@type\":\"PropertyValueSpecification\",\"valueRequired\":true,\"valueName\":\"search_term_string\"}}],\"inLanguage\":\"lt\"},{\"@type\":\"Organization\",\"@id\":\"https:\/\/hobstop.ee\/lt\/#organization\",\"name\":\"Vunder AS\",\"url\":\"https:\/\/hobstop.ee\/lt\/\",\"logo\":{\"@type\":\"ImageObject\",\"inLanguage\":\"lt\",\"@id\":\"https:\/\/hobstop.ee\/lt\/#\/schema\/logo\/image\/\",\"url\":\"https:\/\/hobstop.ee\/media\/vunder-logo.png\",\"contentUrl\":\"https:\/\/hobstop.ee\/media\/vunder-logo.png\",\"width\":127,\"height\":55,\"caption\":\"Vunder AS\"},\"image\":{\"@id\":\"https:\/\/hobstop.ee\/lt\/#\/schema\/logo\/image\/\"},\"sameAs\":[\"http:\/\/www.facebook.com\/VunderSkizze\"]}]}<\/script>\n<!-- \/ Yoast SEO plugin. -->","yoast_head_json":{"title":"Bloknotas pie\u0161imui pastele Canson Mi-Teintes Touch &#8211; Skizze","robots":{"index":"noindex","follow":"follow","max-snippet":"max-snippet:-1","max-image-preview":"max-image-preview:large","max-video-preview":"max-video-preview:-1"},"og_locale":"lt_LT","og_type":"article","og_title":"Bloknotas pie\u0161imui pastele Canson Mi-Teintes Touch &#8211; Skizze","og_description":"Geriausios kokyb\u0117s \u0161iurk\u0161\u010dios tekst\u016bros pastelei skirtas popierius ir kartonas \u201eCanson Mi-Teintes Touch\u201c su sm\u0117lio dalel\u0117mis, ant kurio puikiai atrodo pastele, anglimi, kreida ir akrilu pie\u0161ti pie\u0161iniai. Gerai i\u0161saugo pastel\u0117s pigment\u0105, galima tepti kelis sluoksnius. Atsparus kartonas yra puikus pagrindas, suteikia daug galimybi\u0173 dirbi \u012fvairiose vietose. Puikiai tinka pie\u0161iniams pastele, kreida ir akrilu. Tinka pie\u0161imui sangvinu ir anglimi.","og_url":"https:\/\/hobstop.ee\/lt\/produktas\/bloknotas-piesimui-pastele-canson-mi-teintes-touch\/","og_site_name":"Skizze","article_publisher":"http:\/\/www.facebook.com\/VunderSkizze","article_modified_time":"-0001-11-30T00:00:00+00:00","og_image":[{"width":844,"height":650,"url":"https:\/\/hobstop.ee\/media\/3694.jpg","type":"image\/jpeg"}],"twitter_card":"summary_large_image","schema":{"@context":"https:\/\/schema.org","@graph":[{"@type":"WebPage","@id":"https:\/\/hobstop.ee\/lt\/produktas\/bloknotas-piesimui-pastele-canson-mi-teintes-touch\/","url":"https:\/\/hobstop.ee\/lt\/produktas\/bloknotas-piesimui-pastele-canson-mi-teintes-touch\/","name":"Bloknotas pie\u0161imui pastele Canson Mi-Teintes Touch &#8211; Skizze","isPartOf":{"@id":"https:\/\/hobstop.ee\/lt\/#website"},"primaryImageOfPage":{"@id":"https:\/\/hobstop.ee\/lt\/produktas\/bloknotas-piesimui-pastele-canson-mi-teintes-touch\/#primaryimage"},"image":{"@id":"https:\/\/hobstop.ee\/lt\/produktas\/bloknotas-piesimui-pastele-canson-mi-teintes-touch\/#primaryimage"},"thumbnailUrl":"https:\/\/hobstop.ee\/media\/3694.jpg","datePublished":"2014-12-09T11:37:44+00:00","dateModified":"-0001-11-30T00:00:00+00:00","breadcrumb":{"@id":"https:\/\/hobstop.ee\/lt\/produktas\/bloknotas-piesimui-pastele-canson-mi-teintes-touch\/#breadcrumb"},"inLanguage":"lt","potentialAction":[{"@type":"ReadAction","target":["https:\/\/hobstop.ee\/lt\/produktas\/bloknotas-piesimui-pastele-canson-mi-teintes-touch\/"]}]},{"@type":"ImageObject","inLanguage":"lt","@id":"https:\/\/hobstop.ee\/lt\/produktas\/bloknotas-piesimui-pastele-canson-mi-teintes-touch\/#primaryimage","url":"https:\/\/hobstop.ee\/media\/3694.jpg","contentUrl":"https:\/\/hobstop.ee\/media\/3694.jpg","width":844,"height":650},{"@type":"BreadcrumbList","@id":"https:\/\/hobstop.ee\/lt\/produktas\/bloknotas-piesimui-pastele-canson-mi-teintes-touch\/#breadcrumb","itemListElement":[{"@type":"ListItem","position":1,"name":"Avaleht","item":"https:\/\/hobstop.ee\/lt\/"},{"@type":"ListItem","position":2,"name":"Parduotuv\u0117","item":"https:\/\/hobstop.ee\/lt\/parduotuve\/"},{"@type":"ListItem","position":3,"name":"Bloknotas pie\u0161imui pastele Canson Mi-Teintes Touch"}]},{"@type":"WebSite","@id":"https:\/\/hobstop.ee\/lt\/#website","url":"https:\/\/hobstop.ee\/lt\/","name":"Skizze","description":"Dail\u0117s, pom\u0117gi\u0173 ir mokykliniai reikm\u0117nys","publisher":{"@id":"https:\/\/hobstop.ee\/lt\/#organization"},"potentialAction":[{"@type":"SearchAction","target":{"@type":"EntryPoint","urlTemplate":"https:\/\/hobstop.ee\/lt\/?s={search_term_string}"},"query-input":{"@type":"PropertyValueSpecification","valueRequired":true,"valueName":"search_term_string"}}],"inLanguage":"lt"},{"@type":"Organization","@id":"https:\/\/hobstop.ee\/lt\/#organization","name":"Vunder AS","url":"https:\/\/hobstop.ee\/lt\/","logo":{"@type":"ImageObject","inLanguage":"lt","@id":"https:\/\/hobstop.ee\/lt\/#\/schema\/logo\/image\/","url":"https:\/\/hobstop.ee\/media\/vunder-logo.png","contentUrl":"https:\/\/hobstop.ee\/media\/vunder-logo.png","width":127,"height":55,"caption":"Vunder AS"},"image":{"@id":"https:\/\/hobstop.ee\/lt\/#\/schema\/logo\/image\/"},"sameAs":["http:\/\/www.facebook.com\/VunderSkizze"]}]}},"_links":{"self":[{"href":"https:\/\/hobstop.ee\/lt\/wp-json\/wp\/v2\/product\/63171","targetHints":{"allow":["GET"]}}],"collection":[{"href":"https:\/\/hobstop.ee\/lt\/wp-json\/wp\/v2\/product"}],"about":[{"href":"https:\/\/hobstop.ee\/lt\/wp-json\/wp\/v2\/types\/product"}],"replies":[{"embeddable":true,"href":"https:\/\/hobstop.ee\/lt\/wp-json\/wp\/v2\/comments?post=63171"}],"wp:featuredmedia":[{"embeddable":true,"href":"https:\/\/hobstop.ee\/lt\/wp-json\/wp\/v2\/media\/160005"}],"wp:attachment":[{"href":"https:\/\/hobstop.ee\/lt\/wp-json\/wp\/v2\/media?parent=63171"}],"wp:term":[{"taxonomy":"product_cat","embeddable":true,"href":"https:\/\/hobstop.ee\/lt\/wp-json\/wp\/v2\/product_cat?post=63171"},{"taxonomy":"product_tag","embeddable":true,"href":"https:\/\/hobstop.ee\/lt\/wp-json\/wp\/v2\/product_tag?post=63171"}],"curies":[{"name":"wp","href":"https:\/\/api.w.org\/{rel}","templated":true}]}}