{"id":63177,"date":"2014-12-09T13:37:45","date_gmt":"2014-12-09T11:37:45","guid":{"rendered":"https:\/\/sharks.ee\/vunder_2019.klient.veebimajutus.ee\/?post_type=product&p=63177"},"modified":"2014-12-09T13:37:45","modified_gmt":"2014-12-09T10:37:45","slug":"kartonas-spalvotos-canson-kids","status":"publish","type":"product","link":"https:\/\/hobstop.ee\/lt\/produktas\/kartonas-spalvotos-canson-kids\/","title":{"rendered":"Kartonas spalvotos Canson Kids"},"content":{"rendered":"<p>Jau kelis de\u0161imtme\u010dius pie\u0161imo popierius \u201eCanson\u201c padeda vaikams puikiai praleisti laisvalaik\u012f. D\u0117ka savo patirties, \u201eCanson\u201c skatina ma\u017eylius pie\u0161ti, tapyti ir kurti ant naujos r\u016b\u0161ies popieriaus, kuris yra skirtas \u012fkv\u0117pti vaikus.<br \/>\nRy\u0161ki\u0173 spalv\u0173 pie\u0161imo popieriaus bloknotas \u201eCanson Kids\u201c, puikiai tinka pie\u0161imui ir k\u016brybiniams darbams, tiek namie, tiek ir atostog\u0173 metu. Bloknoto popieriaus lapai yra sunkesni, tod\u0117l paveiksl\u0117lius galima \u012fr\u0117minti arba i\u0161 jo daryti erdvinius k\u016brinius. Pie\u0161imo popieriaus bloknoto \u201eCanson Kids\u201c privalumai \u2013 komplekte yra \u0161ablon\u0173 lapas!<br \/>\nIdealiai tinka pie\u0161imui, lankstymui, dovanoms pakuoti, klijavimui, paveikslams r\u0117minti, erdviniams k\u016briniams.<\/p>\n","protected":false},"excerpt":{"rendered":"<p>Jau kelis de\u0161imtme\u010dius pie\u0161imo popierius \u201eCanson\u201c padeda vaikams puikiai praleisti laisvalaik\u012f. D\u0117ka savo patirties, \u201eCanson\u201c skatina ma\u017eylius pie\u0161ti, tapyti ir kurti ant naujos r\u016b\u0161ies popieriaus, kuris yra skirtas \u012fkv\u0117pti vaikus. Ry\u0161ki\u0173 spalv\u0173 pie\u0161imo popieriaus bloknotas \u201eCanson Kids\u201c, puikiai tinka pie\u0161imui ir k\u016brybiniams darbams, tiek namie, tiek ir atostog\u0173 metu. Bloknoto popieriaus lapai yra sunkesni, tod\u0117l paveiksl\u0117lius galima \u012fr\u0117minti arba i\u0161 jo daryti erdvinius k\u016brinius. Pie\u0161imo popieriaus bloknoto \u201eCanson Kids\u201c privalumai \u2013 komplekte yra \u0161ablon\u0173 lapas! Idealiai tinka pie\u0161imui, lankstymui, dovanoms pakuoti, klijavimui, paveikslams r\u0117minti, erdviniams k\u016briniams.<\/p>\n","protected":false},"featured_media":160013,"comment_status":"closed","ping_status":"closed","template":"","meta":{"_acf_changed":false,"ep_exclude_from_search":false},"product_cat":[18941,17922,15039],"product_tag":[],"class_list":{"0":"post-63177","1":"product","2":"type-product","3":"status-publish","4":"has-post-thumbnail","6":"product_cat-mokykla-2","7":"product_cat-popieriaus-prekes","8":"product_cat-sunteetiline","10":"first","11":"instock","12":"sale","13":"taxable","14":"shipping-taxable","15":"purchasable","16":"product-type-variable"},"acf":[],"yoast_head":"<!-- This site is optimized with the Yoast SEO plugin v24.1 - https:\/\/yoast.com\/wordpress\/plugins\/seo\/ -->\n<title>Kartonas spalvotos Canson Kids &#8211; Skizze<\/title>\n<meta name=\"robots\" content=\"noindex, follow, max-snippet:-1, max-image-preview:large, max-video-preview:-1\" \/>\n<meta property=\"og:locale\" content=\"lt_LT\" \/>\n<meta property=\"og:type\" content=\"article\" \/>\n<meta property=\"og:title\" content=\"Kartonas spalvotos Canson Kids &#8211; Skizze\" \/>\n<meta property=\"og:description\" content=\"Jau kelis de\u0161imtme\u010dius pie\u0161imo popierius \u201eCanson\u201c padeda vaikams puikiai praleisti laisvalaik\u012f. D\u0117ka savo patirties, \u201eCanson\u201c skatina ma\u017eylius pie\u0161ti, tapyti ir kurti ant naujos r\u016b\u0161ies popieriaus, kuris yra skirtas \u012fkv\u0117pti vaikus. Ry\u0161ki\u0173 spalv\u0173 pie\u0161imo popieriaus bloknotas \u201eCanson Kids\u201c, puikiai tinka pie\u0161imui ir k\u016brybiniams darbams, tiek namie, tiek ir atostog\u0173 metu. Bloknoto popieriaus lapai yra sunkesni, tod\u0117l paveiksl\u0117lius galima \u012fr\u0117minti arba i\u0161 jo daryti erdvinius k\u016brinius. Pie\u0161imo popieriaus bloknoto \u201eCanson Kids\u201c privalumai \u2013 komplekte yra \u0161ablon\u0173 lapas! Idealiai tinka pie\u0161imui, lankstymui, dovanoms pakuoti, klijavimui, paveikslams r\u0117minti, erdviniams k\u016briniams.\" \/>\n<meta property=\"og:url\" content=\"https:\/\/hobstop.ee\/lt\/produktas\/kartonas-spalvotos-canson-kids\/\" \/>\n<meta property=\"og:site_name\" content=\"Skizze\" \/>\n<meta property=\"article:publisher\" content=\"http:\/\/www.facebook.com\/VunderSkizze\" \/>\n<meta property=\"article:modified_time\" content=\"-0001-11-30T00:00:00+00:00\" \/>\n<meta property=\"og:image\" content=\"https:\/\/hobstop.ee\/media\/3696.jpg\" \/>\n\t<meta property=\"og:image:width\" content=\"1024\" \/>\n\t<meta property=\"og:image:height\" content=\"768\" \/>\n\t<meta property=\"og:image:type\" content=\"image\/jpeg\" \/>\n<meta name=\"twitter:card\" content=\"summary_large_image\" \/>\n<meta name=\"twitter:label1\" content=\"Est. reading time\" \/>\n\t<meta name=\"twitter:data1\" content=\"1 minute\" \/>\n<script type=\"application\/ld+json\" class=\"yoast-schema-graph\">{\"@context\":\"https:\/\/schema.org\",\"@graph\":[{\"@type\":\"WebPage\",\"@id\":\"https:\/\/hobstop.ee\/lt\/produktas\/kartonas-spalvotos-canson-kids\/\",\"url\":\"https:\/\/hobstop.ee\/lt\/produktas\/kartonas-spalvotos-canson-kids\/\",\"name\":\"Kartonas spalvotos Canson Kids &#8211; Skizze\",\"isPartOf\":{\"@id\":\"https:\/\/hobstop.ee\/lt\/#website\"},\"primaryImageOfPage\":{\"@id\":\"https:\/\/hobstop.ee\/lt\/produktas\/kartonas-spalvotos-canson-kids\/#primaryimage\"},\"image\":{\"@id\":\"https:\/\/hobstop.ee\/lt\/produktas\/kartonas-spalvotos-canson-kids\/#primaryimage\"},\"thumbnailUrl\":\"https:\/\/hobstop.ee\/media\/3696.jpg\",\"datePublished\":\"2014-12-09T11:37:45+00:00\",\"dateModified\":\"-0001-11-30T00:00:00+00:00\",\"breadcrumb\":{\"@id\":\"https:\/\/hobstop.ee\/lt\/produktas\/kartonas-spalvotos-canson-kids\/#breadcrumb\"},\"inLanguage\":\"lt\",\"potentialAction\":[{\"@type\":\"ReadAction\",\"target\":[\"https:\/\/hobstop.ee\/lt\/produktas\/kartonas-spalvotos-canson-kids\/\"]}]},{\"@type\":\"ImageObject\",\"inLanguage\":\"lt\",\"@id\":\"https:\/\/hobstop.ee\/lt\/produktas\/kartonas-spalvotos-canson-kids\/#primaryimage\",\"url\":\"https:\/\/hobstop.ee\/media\/3696.jpg\",\"contentUrl\":\"https:\/\/hobstop.ee\/media\/3696.jpg\",\"width\":1024,\"height\":768},{\"@type\":\"BreadcrumbList\",\"@id\":\"https:\/\/hobstop.ee\/lt\/produktas\/kartonas-spalvotos-canson-kids\/#breadcrumb\",\"itemListElement\":[{\"@type\":\"ListItem\",\"position\":1,\"name\":\"Avaleht\",\"item\":\"https:\/\/hobstop.ee\/lt\/\"},{\"@type\":\"ListItem\",\"position\":2,\"name\":\"Parduotuv\u0117\",\"item\":\"https:\/\/hobstop.ee\/lt\/parduotuve\/\"},{\"@type\":\"ListItem\",\"position\":3,\"name\":\"Kartonas spalvotos Canson Kids\"}]},{\"@type\":\"WebSite\",\"@id\":\"https:\/\/hobstop.ee\/lt\/#website\",\"url\":\"https:\/\/hobstop.ee\/lt\/\",\"name\":\"Skizze\",\"description\":\"Dail\u0117s, pom\u0117gi\u0173 ir mokykliniai reikm\u0117nys\",\"publisher\":{\"@id\":\"https:\/\/hobstop.ee\/lt\/#organization\"},\"potentialAction\":[{\"@type\":\"SearchAction\",\"target\":{\"@type\":\"EntryPoint\",\"urlTemplate\":\"https:\/\/hobstop.ee\/lt\/?s={search_term_string}\"},\"query-input\":{\"@type\":\"PropertyValueSpecification\",\"valueRequired\":true,\"valueName\":\"search_term_string\"}}],\"inLanguage\":\"lt\"},{\"@type\":\"Organization\",\"@id\":\"https:\/\/hobstop.ee\/lt\/#organization\",\"name\":\"Vunder AS\",\"url\":\"https:\/\/hobstop.ee\/lt\/\",\"logo\":{\"@type\":\"ImageObject\",\"inLanguage\":\"lt\",\"@id\":\"https:\/\/hobstop.ee\/lt\/#\/schema\/logo\/image\/\",\"url\":\"https:\/\/hobstop.ee\/media\/vunder-logo.png\",\"contentUrl\":\"https:\/\/hobstop.ee\/media\/vunder-logo.png\",\"width\":127,\"height\":55,\"caption\":\"Vunder AS\"},\"image\":{\"@id\":\"https:\/\/hobstop.ee\/lt\/#\/schema\/logo\/image\/\"},\"sameAs\":[\"http:\/\/www.facebook.com\/VunderSkizze\"]}]}<\/script>\n<!-- \/ Yoast SEO plugin. -->","yoast_head_json":{"title":"Kartonas spalvotos Canson Kids &#8211; Skizze","robots":{"index":"noindex","follow":"follow","max-snippet":"max-snippet:-1","max-image-preview":"max-image-preview:large","max-video-preview":"max-video-preview:-1"},"og_locale":"lt_LT","og_type":"article","og_title":"Kartonas spalvotos Canson Kids &#8211; Skizze","og_description":"Jau kelis de\u0161imtme\u010dius pie\u0161imo popierius \u201eCanson\u201c padeda vaikams puikiai praleisti laisvalaik\u012f. D\u0117ka savo patirties, \u201eCanson\u201c skatina ma\u017eylius pie\u0161ti, tapyti ir kurti ant naujos r\u016b\u0161ies popieriaus, kuris yra skirtas \u012fkv\u0117pti vaikus. Ry\u0161ki\u0173 spalv\u0173 pie\u0161imo popieriaus bloknotas \u201eCanson Kids\u201c, puikiai tinka pie\u0161imui ir k\u016brybiniams darbams, tiek namie, tiek ir atostog\u0173 metu. Bloknoto popieriaus lapai yra sunkesni, tod\u0117l paveiksl\u0117lius galima \u012fr\u0117minti arba i\u0161 jo daryti erdvinius k\u016brinius. Pie\u0161imo popieriaus bloknoto \u201eCanson Kids\u201c privalumai \u2013 komplekte yra \u0161ablon\u0173 lapas! Idealiai tinka pie\u0161imui, lankstymui, dovanoms pakuoti, klijavimui, paveikslams r\u0117minti, erdviniams k\u016briniams.","og_url":"https:\/\/hobstop.ee\/lt\/produktas\/kartonas-spalvotos-canson-kids\/","og_site_name":"Skizze","article_publisher":"http:\/\/www.facebook.com\/VunderSkizze","article_modified_time":"-0001-11-30T00:00:00+00:00","og_image":[{"width":1024,"height":768,"url":"https:\/\/hobstop.ee\/media\/3696.jpg","type":"image\/jpeg"}],"twitter_card":"summary_large_image","twitter_misc":{"Est. reading time":"1 minute"},"schema":{"@context":"https:\/\/schema.org","@graph":[{"@type":"WebPage","@id":"https:\/\/hobstop.ee\/lt\/produktas\/kartonas-spalvotos-canson-kids\/","url":"https:\/\/hobstop.ee\/lt\/produktas\/kartonas-spalvotos-canson-kids\/","name":"Kartonas spalvotos Canson Kids &#8211; Skizze","isPartOf":{"@id":"https:\/\/hobstop.ee\/lt\/#website"},"primaryImageOfPage":{"@id":"https:\/\/hobstop.ee\/lt\/produktas\/kartonas-spalvotos-canson-kids\/#primaryimage"},"image":{"@id":"https:\/\/hobstop.ee\/lt\/produktas\/kartonas-spalvotos-canson-kids\/#primaryimage"},"thumbnailUrl":"https:\/\/hobstop.ee\/media\/3696.jpg","datePublished":"2014-12-09T11:37:45+00:00","dateModified":"-0001-11-30T00:00:00+00:00","breadcrumb":{"@id":"https:\/\/hobstop.ee\/lt\/produktas\/kartonas-spalvotos-canson-kids\/#breadcrumb"},"inLanguage":"lt","potentialAction":[{"@type":"ReadAction","target":["https:\/\/hobstop.ee\/lt\/produktas\/kartonas-spalvotos-canson-kids\/"]}]},{"@type":"ImageObject","inLanguage":"lt","@id":"https:\/\/hobstop.ee\/lt\/produktas\/kartonas-spalvotos-canson-kids\/#primaryimage","url":"https:\/\/hobstop.ee\/media\/3696.jpg","contentUrl":"https:\/\/hobstop.ee\/media\/3696.jpg","width":1024,"height":768},{"@type":"BreadcrumbList","@id":"https:\/\/hobstop.ee\/lt\/produktas\/kartonas-spalvotos-canson-kids\/#breadcrumb","itemListElement":[{"@type":"ListItem","position":1,"name":"Avaleht","item":"https:\/\/hobstop.ee\/lt\/"},{"@type":"ListItem","position":2,"name":"Parduotuv\u0117","item":"https:\/\/hobstop.ee\/lt\/parduotuve\/"},{"@type":"ListItem","position":3,"name":"Kartonas spalvotos Canson Kids"}]},{"@type":"WebSite","@id":"https:\/\/hobstop.ee\/lt\/#website","url":"https:\/\/hobstop.ee\/lt\/","name":"Skizze","description":"Dail\u0117s, pom\u0117gi\u0173 ir mokykliniai reikm\u0117nys","publisher":{"@id":"https:\/\/hobstop.ee\/lt\/#organization"},"potentialAction":[{"@type":"SearchAction","target":{"@type":"EntryPoint","urlTemplate":"https:\/\/hobstop.ee\/lt\/?s={search_term_string}"},"query-input":{"@type":"PropertyValueSpecification","valueRequired":true,"valueName":"search_term_string"}}],"inLanguage":"lt"},{"@type":"Organization","@id":"https:\/\/hobstop.ee\/lt\/#organization","name":"Vunder AS","url":"https:\/\/hobstop.ee\/lt\/","logo":{"@type":"ImageObject","inLanguage":"lt","@id":"https:\/\/hobstop.ee\/lt\/#\/schema\/logo\/image\/","url":"https:\/\/hobstop.ee\/media\/vunder-logo.png","contentUrl":"https:\/\/hobstop.ee\/media\/vunder-logo.png","width":127,"height":55,"caption":"Vunder AS"},"image":{"@id":"https:\/\/hobstop.ee\/lt\/#\/schema\/logo\/image\/"},"sameAs":["http:\/\/www.facebook.com\/VunderSkizze"]}]}},"_links":{"self":[{"href":"https:\/\/hobstop.ee\/lt\/wp-json\/wp\/v2\/product\/63177","targetHints":{"allow":["GET"]}}],"collection":[{"href":"https:\/\/hobstop.ee\/lt\/wp-json\/wp\/v2\/product"}],"about":[{"href":"https:\/\/hobstop.ee\/lt\/wp-json\/wp\/v2\/types\/product"}],"replies":[{"embeddable":true,"href":"https:\/\/hobstop.ee\/lt\/wp-json\/wp\/v2\/comments?post=63177"}],"wp:featuredmedia":[{"embeddable":true,"href":"https:\/\/hobstop.ee\/lt\/wp-json\/wp\/v2\/media\/160013"}],"wp:attachment":[{"href":"https:\/\/hobstop.ee\/lt\/wp-json\/wp\/v2\/media?parent=63177"}],"wp:term":[{"taxonomy":"product_cat","embeddable":true,"href":"https:\/\/hobstop.ee\/lt\/wp-json\/wp\/v2\/product_cat?post=63177"},{"taxonomy":"product_tag","embeddable":true,"href":"https:\/\/hobstop.ee\/lt\/wp-json\/wp\/v2\/product_tag?post=63177"}],"curies":[{"name":"wp","href":"https:\/\/api.w.org\/{rel}","templated":true}]}}