{"id":63183,"date":"2014-12-09T13:37:46","date_gmt":"2014-12-09T11:37:46","guid":{"rendered":"https:\/\/sharks.ee\/vunder_2019.klient.veebimajutus.ee\/?post_type=product&p=63183"},"modified":"2014-12-09T13:37:46","modified_gmt":"2014-12-09T10:37:46","slug":"pirstais-kabinami-dazu-rinkinys-marabu","status":"publish","type":"product","link":"https:\/\/hobstop.ee\/lt\/produktas\/pirstais-kabinami-dazu-rinkinys-marabu\/","title":{"rendered":"Pir\u0161tais kabinami da\u017e\u0173 rinkinys Marabu"},"content":{"rendered":"<p>Pastos konsistencijos vandens pagrindu pagaminti da\u017eai pie\u0161imui pir\u0161tais, rankomis, kempine ar teptuku ant popieriaus, kartono, medienos, stiklo ar pl\u0117vel\u0117s. Da\u017eai \u201eMarabu Finger Paint\u201c nevarva, gerai dengia ir greitai d\u017ei\u016bsta. Lengvai nuplaunami nuo rank\u0173 ir vis\u0173 lygi\u0173 pavir\u0161i\u0173 su \u0161altu vandeniu ir muilu, nuplaunami nuo daugelio audini\u0173. Gaminama tik su kosmetikos pramon\u0117je naudojamais konservantais ir pigmentais. Kad da\u017eai neb\u016bt\u0173 atsitiktinai nuryti, j\u0173 sud\u0117tyje yra karti pasibjaur\u0117jim\u0105 sukelianti med\u017eiaga. Da\u017eai \u201eMarabu Finger Paint\u201c atitinka Europos saugos standarto EN71 reikalavimus.<\/p>\n","protected":false},"excerpt":{"rendered":"<p>Pastos konsistencijos vandens pagrindu pagaminti da\u017eai pie\u0161imui pir\u0161tais, rankomis, kempine ar teptuku ant popieriaus, kartono, medienos, stiklo ar pl\u0117vel\u0117s. Da\u017eai \u201eMarabu Finger Paint\u201c nevarva, gerai dengia ir greitai d\u017ei\u016bsta. Lengvai nuplaunami nuo rank\u0173 ir vis\u0173 lygi\u0173 pavir\u0161i\u0173 su \u0161altu vandeniu ir muilu, nuplaunami nuo daugelio audini\u0173. Gaminama tik su kosmetikos pramon\u0117je naudojamais konservantais ir pigmentais. Kad da\u017eai neb\u016bt\u0173 atsitiktinai nuryti, j\u0173 sud\u0117tyje yra karti pasibjaur\u0117jim\u0105 sukelianti med\u017eiaga. Da\u017eai \u201eMarabu Finger Paint\u201c atitinka Europos saugos standarto EN71 reikalavimus.<\/p>\n","protected":false},"featured_media":107767,"comment_status":"closed","ping_status":"closed","template":"","meta":{"_acf_changed":false,"ep_exclude_from_search":false},"product_cat":[20390,20399,19836],"product_tag":[],"class_list":{"0":"post-63183","1":"product","2":"type-product","3":"status-publish","4":"has-post-thumbnail","6":"product_cat-dailes-prekes-2","7":"product_cat-krasas","8":"product_cat-vaiku-laisvalaikio-prekes","10":"first","11":"instock","12":"sale","13":"taxable","14":"shipping-taxable","15":"purchasable","16":"product-type-variable"},"acf":[],"yoast_head":"<!-- This site is optimized with the Yoast SEO plugin v24.1 - https:\/\/yoast.com\/wordpress\/plugins\/seo\/ -->\n<title>Pir\u0161tais kabinami da\u017e\u0173 rinkinys Marabu &#8211; Skizze<\/title>\n<meta name=\"robots\" content=\"noindex, follow, max-snippet:-1, max-image-preview:large, max-video-preview:-1\" \/>\n<meta property=\"og:locale\" content=\"lt_LT\" \/>\n<meta property=\"og:type\" content=\"article\" \/>\n<meta property=\"og:title\" content=\"Pir\u0161tais kabinami da\u017e\u0173 rinkinys Marabu &#8211; Skizze\" \/>\n<meta property=\"og:description\" content=\"Pastos konsistencijos vandens pagrindu pagaminti da\u017eai pie\u0161imui pir\u0161tais, rankomis, kempine ar teptuku ant popieriaus, kartono, medienos, stiklo ar pl\u0117vel\u0117s. Da\u017eai \u201eMarabu Finger Paint\u201c nevarva, gerai dengia ir greitai d\u017ei\u016bsta. Lengvai nuplaunami nuo rank\u0173 ir vis\u0173 lygi\u0173 pavir\u0161i\u0173 su \u0161altu vandeniu ir muilu, nuplaunami nuo daugelio audini\u0173. Gaminama tik su kosmetikos pramon\u0117je naudojamais konservantais ir pigmentais. Kad da\u017eai neb\u016bt\u0173 atsitiktinai nuryti, j\u0173 sud\u0117tyje yra karti pasibjaur\u0117jim\u0105 sukelianti med\u017eiaga. Da\u017eai \u201eMarabu Finger Paint\u201c atitinka Europos saugos standarto EN71 reikalavimus.\" \/>\n<meta property=\"og:url\" content=\"https:\/\/hobstop.ee\/lt\/produktas\/pirstais-kabinami-dazu-rinkinys-marabu\/\" \/>\n<meta property=\"og:site_name\" content=\"Skizze\" \/>\n<meta property=\"article:publisher\" content=\"http:\/\/www.facebook.com\/VunderSkizze\" \/>\n<meta property=\"article:modified_time\" content=\"-0001-11-30T00:00:00+00:00\" \/>\n<meta property=\"og:image\" content=\"https:\/\/hobstop.ee\/media\/3705.jpg\" \/>\n\t<meta property=\"og:image:width\" content=\"1024\" \/>\n\t<meta property=\"og:image:height\" content=\"768\" \/>\n\t<meta property=\"og:image:type\" content=\"image\/jpeg\" \/>\n<meta name=\"twitter:card\" content=\"summary_large_image\" \/>\n<script type=\"application\/ld+json\" class=\"yoast-schema-graph\">{\"@context\":\"https:\/\/schema.org\",\"@graph\":[{\"@type\":\"WebPage\",\"@id\":\"https:\/\/hobstop.ee\/lt\/produktas\/pirstais-kabinami-dazu-rinkinys-marabu\/\",\"url\":\"https:\/\/hobstop.ee\/lt\/produktas\/pirstais-kabinami-dazu-rinkinys-marabu\/\",\"name\":\"Pir\u0161tais kabinami da\u017e\u0173 rinkinys Marabu &#8211; Skizze\",\"isPartOf\":{\"@id\":\"https:\/\/hobstop.ee\/lt\/#website\"},\"primaryImageOfPage\":{\"@id\":\"https:\/\/hobstop.ee\/lt\/produktas\/pirstais-kabinami-dazu-rinkinys-marabu\/#primaryimage\"},\"image\":{\"@id\":\"https:\/\/hobstop.ee\/lt\/produktas\/pirstais-kabinami-dazu-rinkinys-marabu\/#primaryimage\"},\"thumbnailUrl\":\"https:\/\/hobstop.ee\/media\/3705.jpg\",\"datePublished\":\"2014-12-09T11:37:46+00:00\",\"dateModified\":\"-0001-11-30T00:00:00+00:00\",\"breadcrumb\":{\"@id\":\"https:\/\/hobstop.ee\/lt\/produktas\/pirstais-kabinami-dazu-rinkinys-marabu\/#breadcrumb\"},\"inLanguage\":\"lt\",\"potentialAction\":[{\"@type\":\"ReadAction\",\"target\":[\"https:\/\/hobstop.ee\/lt\/produktas\/pirstais-kabinami-dazu-rinkinys-marabu\/\"]}]},{\"@type\":\"ImageObject\",\"inLanguage\":\"lt\",\"@id\":\"https:\/\/hobstop.ee\/lt\/produktas\/pirstais-kabinami-dazu-rinkinys-marabu\/#primaryimage\",\"url\":\"https:\/\/hobstop.ee\/media\/3705.jpg\",\"contentUrl\":\"https:\/\/hobstop.ee\/media\/3705.jpg\",\"width\":1024,\"height\":768},{\"@type\":\"BreadcrumbList\",\"@id\":\"https:\/\/hobstop.ee\/lt\/produktas\/pirstais-kabinami-dazu-rinkinys-marabu\/#breadcrumb\",\"itemListElement\":[{\"@type\":\"ListItem\",\"position\":1,\"name\":\"Avaleht\",\"item\":\"https:\/\/hobstop.ee\/lt\/\"},{\"@type\":\"ListItem\",\"position\":2,\"name\":\"Parduotuv\u0117\",\"item\":\"https:\/\/hobstop.ee\/lt\/parduotuve\/\"},{\"@type\":\"ListItem\",\"position\":3,\"name\":\"Pir\u0161tais kabinami da\u017e\u0173 rinkinys Marabu\"}]},{\"@type\":\"WebSite\",\"@id\":\"https:\/\/hobstop.ee\/lt\/#website\",\"url\":\"https:\/\/hobstop.ee\/lt\/\",\"name\":\"Skizze\",\"description\":\"Dail\u0117s, pom\u0117gi\u0173 ir mokykliniai reikm\u0117nys\",\"publisher\":{\"@id\":\"https:\/\/hobstop.ee\/lt\/#organization\"},\"potentialAction\":[{\"@type\":\"SearchAction\",\"target\":{\"@type\":\"EntryPoint\",\"urlTemplate\":\"https:\/\/hobstop.ee\/lt\/?s={search_term_string}\"},\"query-input\":{\"@type\":\"PropertyValueSpecification\",\"valueRequired\":true,\"valueName\":\"search_term_string\"}}],\"inLanguage\":\"lt\"},{\"@type\":\"Organization\",\"@id\":\"https:\/\/hobstop.ee\/lt\/#organization\",\"name\":\"Vunder AS\",\"url\":\"https:\/\/hobstop.ee\/lt\/\",\"logo\":{\"@type\":\"ImageObject\",\"inLanguage\":\"lt\",\"@id\":\"https:\/\/hobstop.ee\/lt\/#\/schema\/logo\/image\/\",\"url\":\"https:\/\/hobstop.ee\/media\/vunder-logo.png\",\"contentUrl\":\"https:\/\/hobstop.ee\/media\/vunder-logo.png\",\"width\":127,\"height\":55,\"caption\":\"Vunder AS\"},\"image\":{\"@id\":\"https:\/\/hobstop.ee\/lt\/#\/schema\/logo\/image\/\"},\"sameAs\":[\"http:\/\/www.facebook.com\/VunderSkizze\"]}]}<\/script>\n<!-- \/ Yoast SEO plugin. -->","yoast_head_json":{"title":"Pir\u0161tais kabinami da\u017e\u0173 rinkinys Marabu &#8211; Skizze","robots":{"index":"noindex","follow":"follow","max-snippet":"max-snippet:-1","max-image-preview":"max-image-preview:large","max-video-preview":"max-video-preview:-1"},"og_locale":"lt_LT","og_type":"article","og_title":"Pir\u0161tais kabinami da\u017e\u0173 rinkinys Marabu &#8211; Skizze","og_description":"Pastos konsistencijos vandens pagrindu pagaminti da\u017eai pie\u0161imui pir\u0161tais, rankomis, kempine ar teptuku ant popieriaus, kartono, medienos, stiklo ar pl\u0117vel\u0117s. Da\u017eai \u201eMarabu Finger Paint\u201c nevarva, gerai dengia ir greitai d\u017ei\u016bsta. Lengvai nuplaunami nuo rank\u0173 ir vis\u0173 lygi\u0173 pavir\u0161i\u0173 su \u0161altu vandeniu ir muilu, nuplaunami nuo daugelio audini\u0173. Gaminama tik su kosmetikos pramon\u0117je naudojamais konservantais ir pigmentais. Kad da\u017eai neb\u016bt\u0173 atsitiktinai nuryti, j\u0173 sud\u0117tyje yra karti pasibjaur\u0117jim\u0105 sukelianti med\u017eiaga. Da\u017eai \u201eMarabu Finger Paint\u201c atitinka Europos saugos standarto EN71 reikalavimus.","og_url":"https:\/\/hobstop.ee\/lt\/produktas\/pirstais-kabinami-dazu-rinkinys-marabu\/","og_site_name":"Skizze","article_publisher":"http:\/\/www.facebook.com\/VunderSkizze","article_modified_time":"-0001-11-30T00:00:00+00:00","og_image":[{"width":1024,"height":768,"url":"https:\/\/hobstop.ee\/media\/3705.jpg","type":"image\/jpeg"}],"twitter_card":"summary_large_image","schema":{"@context":"https:\/\/schema.org","@graph":[{"@type":"WebPage","@id":"https:\/\/hobstop.ee\/lt\/produktas\/pirstais-kabinami-dazu-rinkinys-marabu\/","url":"https:\/\/hobstop.ee\/lt\/produktas\/pirstais-kabinami-dazu-rinkinys-marabu\/","name":"Pir\u0161tais kabinami da\u017e\u0173 rinkinys Marabu &#8211; Skizze","isPartOf":{"@id":"https:\/\/hobstop.ee\/lt\/#website"},"primaryImageOfPage":{"@id":"https:\/\/hobstop.ee\/lt\/produktas\/pirstais-kabinami-dazu-rinkinys-marabu\/#primaryimage"},"image":{"@id":"https:\/\/hobstop.ee\/lt\/produktas\/pirstais-kabinami-dazu-rinkinys-marabu\/#primaryimage"},"thumbnailUrl":"https:\/\/hobstop.ee\/media\/3705.jpg","datePublished":"2014-12-09T11:37:46+00:00","dateModified":"-0001-11-30T00:00:00+00:00","breadcrumb":{"@id":"https:\/\/hobstop.ee\/lt\/produktas\/pirstais-kabinami-dazu-rinkinys-marabu\/#breadcrumb"},"inLanguage":"lt","potentialAction":[{"@type":"ReadAction","target":["https:\/\/hobstop.ee\/lt\/produktas\/pirstais-kabinami-dazu-rinkinys-marabu\/"]}]},{"@type":"ImageObject","inLanguage":"lt","@id":"https:\/\/hobstop.ee\/lt\/produktas\/pirstais-kabinami-dazu-rinkinys-marabu\/#primaryimage","url":"https:\/\/hobstop.ee\/media\/3705.jpg","contentUrl":"https:\/\/hobstop.ee\/media\/3705.jpg","width":1024,"height":768},{"@type":"BreadcrumbList","@id":"https:\/\/hobstop.ee\/lt\/produktas\/pirstais-kabinami-dazu-rinkinys-marabu\/#breadcrumb","itemListElement":[{"@type":"ListItem","position":1,"name":"Avaleht","item":"https:\/\/hobstop.ee\/lt\/"},{"@type":"ListItem","position":2,"name":"Parduotuv\u0117","item":"https:\/\/hobstop.ee\/lt\/parduotuve\/"},{"@type":"ListItem","position":3,"name":"Pir\u0161tais kabinami da\u017e\u0173 rinkinys Marabu"}]},{"@type":"WebSite","@id":"https:\/\/hobstop.ee\/lt\/#website","url":"https:\/\/hobstop.ee\/lt\/","name":"Skizze","description":"Dail\u0117s, pom\u0117gi\u0173 ir mokykliniai reikm\u0117nys","publisher":{"@id":"https:\/\/hobstop.ee\/lt\/#organization"},"potentialAction":[{"@type":"SearchAction","target":{"@type":"EntryPoint","urlTemplate":"https:\/\/hobstop.ee\/lt\/?s={search_term_string}"},"query-input":{"@type":"PropertyValueSpecification","valueRequired":true,"valueName":"search_term_string"}}],"inLanguage":"lt"},{"@type":"Organization","@id":"https:\/\/hobstop.ee\/lt\/#organization","name":"Vunder AS","url":"https:\/\/hobstop.ee\/lt\/","logo":{"@type":"ImageObject","inLanguage":"lt","@id":"https:\/\/hobstop.ee\/lt\/#\/schema\/logo\/image\/","url":"https:\/\/hobstop.ee\/media\/vunder-logo.png","contentUrl":"https:\/\/hobstop.ee\/media\/vunder-logo.png","width":127,"height":55,"caption":"Vunder AS"},"image":{"@id":"https:\/\/hobstop.ee\/lt\/#\/schema\/logo\/image\/"},"sameAs":["http:\/\/www.facebook.com\/VunderSkizze"]}]}},"_links":{"self":[{"href":"https:\/\/hobstop.ee\/lt\/wp-json\/wp\/v2\/product\/63183","targetHints":{"allow":["GET"]}}],"collection":[{"href":"https:\/\/hobstop.ee\/lt\/wp-json\/wp\/v2\/product"}],"about":[{"href":"https:\/\/hobstop.ee\/lt\/wp-json\/wp\/v2\/types\/product"}],"replies":[{"embeddable":true,"href":"https:\/\/hobstop.ee\/lt\/wp-json\/wp\/v2\/comments?post=63183"}],"wp:featuredmedia":[{"embeddable":true,"href":"https:\/\/hobstop.ee\/lt\/wp-json\/wp\/v2\/media\/107767"}],"wp:attachment":[{"href":"https:\/\/hobstop.ee\/lt\/wp-json\/wp\/v2\/media?parent=63183"}],"wp:term":[{"taxonomy":"product_cat","embeddable":true,"href":"https:\/\/hobstop.ee\/lt\/wp-json\/wp\/v2\/product_cat?post=63183"},{"taxonomy":"product_tag","embeddable":true,"href":"https:\/\/hobstop.ee\/lt\/wp-json\/wp\/v2\/product_tag?post=63183"}],"curies":[{"name":"wp","href":"https:\/\/api.w.org\/{rel}","templated":true}]}}