{"id":63207,"date":"2014-12-09T13:39:28","date_gmt":"2014-12-09T11:39:28","guid":{"rendered":"https:\/\/sharks.ee\/vunder_2019.klient.veebimajutus.ee\/?post_type=product&p=63207"},"modified":"2014-12-09T13:39:28","modified_gmt":"2014-12-09T10:39:28","slug":"spalvota-presuota-anglis-derwent-xl-metaline-dezute","status":"publish","type":"product","link":"https:\/\/hobstop.ee\/lt\/produktas\/spalvota-presuota-anglis-derwent-xl-metaline-dezute\/","title":{"rendered":"Spalvota presuota anglis Derwent XL metalin\u0117 d\u0117\u017eut\u0117"},"content":{"rendered":"<p>Presuota anglimi \u201eDerwent XL\u201c galima pie\u0161ti \u012fvairius pie\u0161inius \u2013 nuo ry\u0161ki\u0173 linij\u0173 iki \u0161velni\u0173 \u0161e\u0161\u0117li\u0173, tvirtame presuotame anglies blokelyje i\u0161lieka visos nat\u016bralios anglies savyb\u0117s ir konsistencija. Tobulas turting\u0173 ir nat\u016brali\u0173 atspalvi\u0173 mi\u0161inys savyje jungia \u0161velnum\u0105 ir tvirtum\u0105, lengvum\u0105 ir gali\u0105. Presuotos anglies blokeliais i\u0161gausite \u012fvairaus plo\u010dio, ry\u0161kumo ir plonumo linijas. Spalvos gali b\u016bti dengiamos sluoksniais ar suliejamos vandeniu.<br \/>\nKeturkampis 20mm blokelis, ilgis 60mm.<\/p>\n","protected":false},"excerpt":{"rendered":"<p>Presuota anglimi \u201eDerwent XL\u201c galima pie\u0161ti \u012fvairius pie\u0161inius \u2013 nuo ry\u0161ki\u0173 linij\u0173 iki \u0161velni\u0173 \u0161e\u0161\u0117li\u0173, tvirtame presuotame anglies blokelyje i\u0161lieka visos nat\u016bralios anglies savyb\u0117s ir konsistencija. Tobulas turting\u0173 ir nat\u016brali\u0173 atspalvi\u0173 mi\u0161inys savyje jungia \u0161velnum\u0105 ir tvirtum\u0105, lengvum\u0105 ir gali\u0105. Presuotos anglies blokeliais i\u0161gausite \u012fvairaus plo\u010dio, ry\u0161kumo ir plonumo linijas. Spalvos gali b\u016bti dengiamos sluoksniais ar suliejamos vandeniu. Keturkampis 20mm blokelis, ilgis 60mm.<\/p>\n","protected":false},"featured_media":107803,"comment_status":"closed","ping_status":"closed","template":"","meta":{"_acf_changed":false,"ep_exclude_from_search":false},"product_cat":[14969,16124,18932],"product_tag":[],"class_list":{"0":"post-63207","1":"product","2":"type-product","3":"status-publish","4":"has-post-thumbnail","6":"product_cat-tooriistad-ja-tarvikud","7":"product_cat-dailes-prekes","8":"product_cat-piesimo-reikmenys-3","10":"first","11":"outofstock","12":"taxable","13":"shipping-taxable","14":"purchasable","15":"product-type-variable"},"acf":[],"yoast_head":"<!-- This site is optimized with the Yoast SEO plugin v24.1 - https:\/\/yoast.com\/wordpress\/plugins\/seo\/ -->\n<title>Spalvota presuota anglis Derwent XL metalin\u0117 d\u0117\u017eut\u0117 &#8211; Skizze<\/title>\n<meta name=\"robots\" content=\"noindex, follow, max-snippet:-1, max-image-preview:large, max-video-preview:-1\" \/>\n<meta property=\"og:locale\" content=\"lt_LT\" \/>\n<meta property=\"og:type\" content=\"article\" \/>\n<meta property=\"og:title\" content=\"Spalvota presuota anglis Derwent XL metalin\u0117 d\u0117\u017eut\u0117 &#8211; Skizze\" \/>\n<meta property=\"og:description\" content=\"Presuota anglimi \u201eDerwent XL\u201c galima pie\u0161ti \u012fvairius pie\u0161inius \u2013 nuo ry\u0161ki\u0173 linij\u0173 iki \u0161velni\u0173 \u0161e\u0161\u0117li\u0173, tvirtame presuotame anglies blokelyje i\u0161lieka visos nat\u016bralios anglies savyb\u0117s ir konsistencija. Tobulas turting\u0173 ir nat\u016brali\u0173 atspalvi\u0173 mi\u0161inys savyje jungia \u0161velnum\u0105 ir tvirtum\u0105, lengvum\u0105 ir gali\u0105. Presuotos anglies blokeliais i\u0161gausite \u012fvairaus plo\u010dio, ry\u0161kumo ir plonumo linijas. Spalvos gali b\u016bti dengiamos sluoksniais ar suliejamos vandeniu. Keturkampis 20mm blokelis, ilgis 60mm.\" \/>\n<meta property=\"og:url\" content=\"https:\/\/hobstop.ee\/lt\/produktas\/spalvota-presuota-anglis-derwent-xl-metaline-dezute\/\" \/>\n<meta property=\"og:site_name\" content=\"Skizze\" \/>\n<meta property=\"article:publisher\" content=\"http:\/\/www.facebook.com\/VunderSkizze\" \/>\n<meta property=\"article:modified_time\" content=\"-0001-11-30T00:00:00+00:00\" \/>\n<meta property=\"og:image\" content=\"https:\/\/hobstop.ee\/media\/3715.jpg\" \/>\n\t<meta property=\"og:image:width\" content=\"1024\" \/>\n\t<meta property=\"og:image:height\" content=\"768\" \/>\n\t<meta property=\"og:image:type\" content=\"image\/jpeg\" \/>\n<meta name=\"twitter:card\" content=\"summary_large_image\" \/>\n<script type=\"application\/ld+json\" class=\"yoast-schema-graph\">{\"@context\":\"https:\/\/schema.org\",\"@graph\":[{\"@type\":\"WebPage\",\"@id\":\"https:\/\/hobstop.ee\/lt\/produktas\/spalvota-presuota-anglis-derwent-xl-metaline-dezute\/\",\"url\":\"https:\/\/hobstop.ee\/lt\/produktas\/spalvota-presuota-anglis-derwent-xl-metaline-dezute\/\",\"name\":\"Spalvota presuota anglis Derwent XL metalin\u0117 d\u0117\u017eut\u0117 &#8211; Skizze\",\"isPartOf\":{\"@id\":\"https:\/\/www.hobstop.ee\/lt\/#website\"},\"primaryImageOfPage\":{\"@id\":\"https:\/\/hobstop.ee\/lt\/produktas\/spalvota-presuota-anglis-derwent-xl-metaline-dezute\/#primaryimage\"},\"image\":{\"@id\":\"https:\/\/hobstop.ee\/lt\/produktas\/spalvota-presuota-anglis-derwent-xl-metaline-dezute\/#primaryimage\"},\"thumbnailUrl\":\"https:\/\/hobstop.ee\/media\/3715.jpg\",\"datePublished\":\"2014-12-09T11:39:28+00:00\",\"dateModified\":\"-0001-11-30T00:00:00+00:00\",\"breadcrumb\":{\"@id\":\"https:\/\/hobstop.ee\/lt\/produktas\/spalvota-presuota-anglis-derwent-xl-metaline-dezute\/#breadcrumb\"},\"inLanguage\":\"lt\",\"potentialAction\":[{\"@type\":\"ReadAction\",\"target\":[\"https:\/\/hobstop.ee\/lt\/produktas\/spalvota-presuota-anglis-derwent-xl-metaline-dezute\/\"]}]},{\"@type\":\"ImageObject\",\"inLanguage\":\"lt\",\"@id\":\"https:\/\/hobstop.ee\/lt\/produktas\/spalvota-presuota-anglis-derwent-xl-metaline-dezute\/#primaryimage\",\"url\":\"https:\/\/hobstop.ee\/media\/3715.jpg\",\"contentUrl\":\"https:\/\/hobstop.ee\/media\/3715.jpg\",\"width\":1024,\"height\":768},{\"@type\":\"BreadcrumbList\",\"@id\":\"https:\/\/hobstop.ee\/lt\/produktas\/spalvota-presuota-anglis-derwent-xl-metaline-dezute\/#breadcrumb\",\"itemListElement\":[{\"@type\":\"ListItem\",\"position\":1,\"name\":\"Avaleht\",\"item\":\"https:\/\/www.hobstop.ee\/lt\/\"},{\"@type\":\"ListItem\",\"position\":2,\"name\":\"Parduotuv\u0117\",\"item\":\"https:\/\/www.hobstop.ee\/lt\/parduotuve\/\"},{\"@type\":\"ListItem\",\"position\":3,\"name\":\"Spalvota presuota anglis Derwent XL metalin\u0117 d\u0117\u017eut\u0117\"}]},{\"@type\":\"WebSite\",\"@id\":\"https:\/\/www.hobstop.ee\/lt\/#website\",\"url\":\"https:\/\/www.hobstop.ee\/lt\/\",\"name\":\"Skizze\",\"description\":\"Dail\u0117s, pom\u0117gi\u0173 ir mokykliniai reikm\u0117nys\",\"publisher\":{\"@id\":\"https:\/\/www.hobstop.ee\/lt\/#organization\"},\"potentialAction\":[{\"@type\":\"SearchAction\",\"target\":{\"@type\":\"EntryPoint\",\"urlTemplate\":\"https:\/\/www.hobstop.ee\/lt\/?s={search_term_string}\"},\"query-input\":{\"@type\":\"PropertyValueSpecification\",\"valueRequired\":true,\"valueName\":\"search_term_string\"}}],\"inLanguage\":\"lt\"},{\"@type\":\"Organization\",\"@id\":\"https:\/\/www.hobstop.ee\/lt\/#organization\",\"name\":\"Vunder AS\",\"url\":\"https:\/\/www.hobstop.ee\/lt\/\",\"logo\":{\"@type\":\"ImageObject\",\"inLanguage\":\"lt\",\"@id\":\"https:\/\/www.hobstop.ee\/lt\/#\/schema\/logo\/image\/\",\"url\":\"https:\/\/hobstop.ee\/media\/vunder-logo.png\",\"contentUrl\":\"https:\/\/hobstop.ee\/media\/vunder-logo.png\",\"width\":127,\"height\":55,\"caption\":\"Vunder AS\"},\"image\":{\"@id\":\"https:\/\/www.hobstop.ee\/lt\/#\/schema\/logo\/image\/\"},\"sameAs\":[\"http:\/\/www.facebook.com\/VunderSkizze\"]}]}<\/script>\n<!-- \/ Yoast SEO plugin. -->","yoast_head_json":{"title":"Spalvota presuota anglis Derwent XL metalin\u0117 d\u0117\u017eut\u0117 &#8211; Skizze","robots":{"index":"noindex","follow":"follow","max-snippet":"max-snippet:-1","max-image-preview":"max-image-preview:large","max-video-preview":"max-video-preview:-1"},"og_locale":"lt_LT","og_type":"article","og_title":"Spalvota presuota anglis Derwent XL metalin\u0117 d\u0117\u017eut\u0117 &#8211; Skizze","og_description":"Presuota anglimi \u201eDerwent XL\u201c galima pie\u0161ti \u012fvairius pie\u0161inius \u2013 nuo ry\u0161ki\u0173 linij\u0173 iki \u0161velni\u0173 \u0161e\u0161\u0117li\u0173, tvirtame presuotame anglies blokelyje i\u0161lieka visos nat\u016bralios anglies savyb\u0117s ir konsistencija. Tobulas turting\u0173 ir nat\u016brali\u0173 atspalvi\u0173 mi\u0161inys savyje jungia \u0161velnum\u0105 ir tvirtum\u0105, lengvum\u0105 ir gali\u0105. Presuotos anglies blokeliais i\u0161gausite \u012fvairaus plo\u010dio, ry\u0161kumo ir plonumo linijas. Spalvos gali b\u016bti dengiamos sluoksniais ar suliejamos vandeniu. Keturkampis 20mm blokelis, ilgis 60mm.","og_url":"https:\/\/hobstop.ee\/lt\/produktas\/spalvota-presuota-anglis-derwent-xl-metaline-dezute\/","og_site_name":"Skizze","article_publisher":"http:\/\/www.facebook.com\/VunderSkizze","article_modified_time":"-0001-11-30T00:00:00+00:00","og_image":[{"width":1024,"height":768,"url":"https:\/\/hobstop.ee\/media\/3715.jpg","type":"image\/jpeg"}],"twitter_card":"summary_large_image","schema":{"@context":"https:\/\/schema.org","@graph":[{"@type":"WebPage","@id":"https:\/\/hobstop.ee\/lt\/produktas\/spalvota-presuota-anglis-derwent-xl-metaline-dezute\/","url":"https:\/\/hobstop.ee\/lt\/produktas\/spalvota-presuota-anglis-derwent-xl-metaline-dezute\/","name":"Spalvota presuota anglis Derwent XL metalin\u0117 d\u0117\u017eut\u0117 &#8211; Skizze","isPartOf":{"@id":"https:\/\/www.hobstop.ee\/lt\/#website"},"primaryImageOfPage":{"@id":"https:\/\/hobstop.ee\/lt\/produktas\/spalvota-presuota-anglis-derwent-xl-metaline-dezute\/#primaryimage"},"image":{"@id":"https:\/\/hobstop.ee\/lt\/produktas\/spalvota-presuota-anglis-derwent-xl-metaline-dezute\/#primaryimage"},"thumbnailUrl":"https:\/\/hobstop.ee\/media\/3715.jpg","datePublished":"2014-12-09T11:39:28+00:00","dateModified":"-0001-11-30T00:00:00+00:00","breadcrumb":{"@id":"https:\/\/hobstop.ee\/lt\/produktas\/spalvota-presuota-anglis-derwent-xl-metaline-dezute\/#breadcrumb"},"inLanguage":"lt","potentialAction":[{"@type":"ReadAction","target":["https:\/\/hobstop.ee\/lt\/produktas\/spalvota-presuota-anglis-derwent-xl-metaline-dezute\/"]}]},{"@type":"ImageObject","inLanguage":"lt","@id":"https:\/\/hobstop.ee\/lt\/produktas\/spalvota-presuota-anglis-derwent-xl-metaline-dezute\/#primaryimage","url":"https:\/\/hobstop.ee\/media\/3715.jpg","contentUrl":"https:\/\/hobstop.ee\/media\/3715.jpg","width":1024,"height":768},{"@type":"BreadcrumbList","@id":"https:\/\/hobstop.ee\/lt\/produktas\/spalvota-presuota-anglis-derwent-xl-metaline-dezute\/#breadcrumb","itemListElement":[{"@type":"ListItem","position":1,"name":"Avaleht","item":"https:\/\/www.hobstop.ee\/lt\/"},{"@type":"ListItem","position":2,"name":"Parduotuv\u0117","item":"https:\/\/www.hobstop.ee\/lt\/parduotuve\/"},{"@type":"ListItem","position":3,"name":"Spalvota presuota anglis Derwent XL metalin\u0117 d\u0117\u017eut\u0117"}]},{"@type":"WebSite","@id":"https:\/\/www.hobstop.ee\/lt\/#website","url":"https:\/\/www.hobstop.ee\/lt\/","name":"Skizze","description":"Dail\u0117s, pom\u0117gi\u0173 ir mokykliniai reikm\u0117nys","publisher":{"@id":"https:\/\/www.hobstop.ee\/lt\/#organization"},"potentialAction":[{"@type":"SearchAction","target":{"@type":"EntryPoint","urlTemplate":"https:\/\/www.hobstop.ee\/lt\/?s={search_term_string}"},"query-input":{"@type":"PropertyValueSpecification","valueRequired":true,"valueName":"search_term_string"}}],"inLanguage":"lt"},{"@type":"Organization","@id":"https:\/\/www.hobstop.ee\/lt\/#organization","name":"Vunder AS","url":"https:\/\/www.hobstop.ee\/lt\/","logo":{"@type":"ImageObject","inLanguage":"lt","@id":"https:\/\/www.hobstop.ee\/lt\/#\/schema\/logo\/image\/","url":"https:\/\/hobstop.ee\/media\/vunder-logo.png","contentUrl":"https:\/\/hobstop.ee\/media\/vunder-logo.png","width":127,"height":55,"caption":"Vunder AS"},"image":{"@id":"https:\/\/www.hobstop.ee\/lt\/#\/schema\/logo\/image\/"},"sameAs":["http:\/\/www.facebook.com\/VunderSkizze"]}]}},"_links":{"self":[{"href":"https:\/\/hobstop.ee\/lt\/wp-json\/wp\/v2\/product\/63207","targetHints":{"allow":["GET"]}}],"collection":[{"href":"https:\/\/hobstop.ee\/lt\/wp-json\/wp\/v2\/product"}],"about":[{"href":"https:\/\/hobstop.ee\/lt\/wp-json\/wp\/v2\/types\/product"}],"replies":[{"embeddable":true,"href":"https:\/\/hobstop.ee\/lt\/wp-json\/wp\/v2\/comments?post=63207"}],"wp:featuredmedia":[{"embeddable":true,"href":"https:\/\/hobstop.ee\/lt\/wp-json\/wp\/v2\/media\/107803"}],"wp:attachment":[{"href":"https:\/\/hobstop.ee\/lt\/wp-json\/wp\/v2\/media?parent=63207"}],"wp:term":[{"taxonomy":"product_cat","embeddable":true,"href":"https:\/\/hobstop.ee\/lt\/wp-json\/wp\/v2\/product_cat?post=63207"},{"taxonomy":"product_tag","embeddable":true,"href":"https:\/\/hobstop.ee\/lt\/wp-json\/wp\/v2\/product_tag?post=63207"}],"curies":[{"name":"wp","href":"https:\/\/api.w.org\/{rel}","templated":true}]}}