{"id":63219,"date":"2014-12-09T13:39:30","date_gmt":"2014-12-09T11:39:30","guid":{"rendered":"https:\/\/sharks.ee\/vunder_2019.klient.veebimajutus.ee\/?post_type=product&p=63219"},"modified":"2014-12-09T13:39:30","modified_gmt":"2014-12-09T10:39:30","slug":"droztukas-derwent-xl","status":"publish","type":"product","link":"https:\/\/hobstop.ee\/lt\/produktas\/droztukas-derwent-xl\/","title":{"rendered":"Dro\u017etukas Derwent XL"},"content":{"rendered":"<p>Perbraukus \u201eDerwent XL\u201c blokel\u012f per dro\u017etuk\u0105, gaunama smulki pudra pie\u0161iniams ir multimedijos darbams. I\u0161 \u012fprast\u0173 pastelini\u0173 arba grafitini\u0173 kreideli\u0173 ir presuotos anglies blokeli\u0173 patogiu dro\u017etuku gauta ir ant pie\u0161inio pir\u0161tais u\u017etepta pudra pie\u0161iniams suteikia tekst\u016bros. Atskiedus miltelius vandeniu pie\u0161inyje galima sukurti tapybin\u012f efekt\u0105.<\/p>\n","protected":false},"excerpt":{"rendered":"<p>Perbraukus \u201eDerwent XL\u201c blokel\u012f per dro\u017etuk\u0105, gaunama smulki pudra pie\u0161iniams ir multimedijos darbams. I\u0161 \u012fprast\u0173 pastelini\u0173 arba grafitini\u0173 kreideli\u0173 ir presuotos anglies blokeli\u0173 patogiu dro\u017etuku gauta ir ant pie\u0161inio pir\u0161tais u\u017etepta pudra pie\u0161iniams suteikia tekst\u016bros. Atskiedus miltelius vandeniu pie\u0161inyje galima sukurti tapybin\u012f efekt\u0105.<\/p>\n","protected":false},"featured_media":107819,"comment_status":"closed","ping_status":"closed","template":"","meta":{"_acf_changed":false,"ep_exclude_from_search":false},"product_cat":[18755,16124,18932],"product_tag":[],"class_list":{"0":"post-63219","1":"product","2":"type-product","3":"status-publish","4":"has-post-thumbnail","6":"product_cat-aksesuarai","7":"product_cat-dailes-prekes","8":"product_cat-piesimo-reikmenys-3","10":"first","11":"instock","12":"taxable","13":"shipping-taxable","14":"purchasable","15":"product-type-variable"},"acf":[],"yoast_head":"<!-- This site is optimized with the Yoast SEO plugin v24.1 - https:\/\/yoast.com\/wordpress\/plugins\/seo\/ -->\n<title>Dro\u017etukas Derwent XL &#8211; Skizze<\/title>\n<meta name=\"robots\" content=\"noindex, follow, max-snippet:-1, max-image-preview:large, max-video-preview:-1\" \/>\n<meta property=\"og:locale\" content=\"lt_LT\" \/>\n<meta property=\"og:type\" content=\"article\" \/>\n<meta property=\"og:title\" content=\"Dro\u017etukas Derwent XL &#8211; Skizze\" \/>\n<meta property=\"og:description\" content=\"Perbraukus \u201eDerwent XL\u201c blokel\u012f per dro\u017etuk\u0105, gaunama smulki pudra pie\u0161iniams ir multimedijos darbams. I\u0161 \u012fprast\u0173 pastelini\u0173 arba grafitini\u0173 kreideli\u0173 ir presuotos anglies blokeli\u0173 patogiu dro\u017etuku gauta ir ant pie\u0161inio pir\u0161tais u\u017etepta pudra pie\u0161iniams suteikia tekst\u016bros. Atskiedus miltelius vandeniu pie\u0161inyje galima sukurti tapybin\u012f efekt\u0105.\" \/>\n<meta property=\"og:url\" content=\"https:\/\/hobstop.ee\/lt\/produktas\/droztukas-derwent-xl\/\" \/>\n<meta property=\"og:site_name\" content=\"Skizze\" \/>\n<meta property=\"article:publisher\" content=\"http:\/\/www.facebook.com\/VunderSkizze\" \/>\n<meta property=\"article:modified_time\" content=\"-0001-11-30T00:00:00+00:00\" \/>\n<meta property=\"og:image\" content=\"https:\/\/hobstop.ee\/media\/3719.jpg\" \/>\n\t<meta property=\"og:image:width\" content=\"1024\" \/>\n\t<meta property=\"og:image:height\" content=\"768\" \/>\n\t<meta property=\"og:image:type\" content=\"image\/jpeg\" \/>\n<meta name=\"twitter:card\" content=\"summary_large_image\" \/>\n<script type=\"application\/ld+json\" class=\"yoast-schema-graph\">{\"@context\":\"https:\/\/schema.org\",\"@graph\":[{\"@type\":\"WebPage\",\"@id\":\"https:\/\/hobstop.ee\/lt\/produktas\/droztukas-derwent-xl\/\",\"url\":\"https:\/\/hobstop.ee\/lt\/produktas\/droztukas-derwent-xl\/\",\"name\":\"Dro\u017etukas Derwent XL &#8211; Skizze\",\"isPartOf\":{\"@id\":\"https:\/\/hobstop.ee\/lt\/#website\"},\"primaryImageOfPage\":{\"@id\":\"https:\/\/hobstop.ee\/lt\/produktas\/droztukas-derwent-xl\/#primaryimage\"},\"image\":{\"@id\":\"https:\/\/hobstop.ee\/lt\/produktas\/droztukas-derwent-xl\/#primaryimage\"},\"thumbnailUrl\":\"https:\/\/hobstop.ee\/media\/3719.jpg\",\"datePublished\":\"2014-12-09T11:39:30+00:00\",\"dateModified\":\"-0001-11-30T00:00:00+00:00\",\"breadcrumb\":{\"@id\":\"https:\/\/hobstop.ee\/lt\/produktas\/droztukas-derwent-xl\/#breadcrumb\"},\"inLanguage\":\"lt\",\"potentialAction\":[{\"@type\":\"ReadAction\",\"target\":[\"https:\/\/hobstop.ee\/lt\/produktas\/droztukas-derwent-xl\/\"]}]},{\"@type\":\"ImageObject\",\"inLanguage\":\"lt\",\"@id\":\"https:\/\/hobstop.ee\/lt\/produktas\/droztukas-derwent-xl\/#primaryimage\",\"url\":\"https:\/\/hobstop.ee\/media\/3719.jpg\",\"contentUrl\":\"https:\/\/hobstop.ee\/media\/3719.jpg\",\"width\":1024,\"height\":768},{\"@type\":\"BreadcrumbList\",\"@id\":\"https:\/\/hobstop.ee\/lt\/produktas\/droztukas-derwent-xl\/#breadcrumb\",\"itemListElement\":[{\"@type\":\"ListItem\",\"position\":1,\"name\":\"Avaleht\",\"item\":\"https:\/\/hobstop.ee\/lt\/\"},{\"@type\":\"ListItem\",\"position\":2,\"name\":\"Parduotuv\u0117\",\"item\":\"https:\/\/hobstop.ee\/lt\/parduotuve\/\"},{\"@type\":\"ListItem\",\"position\":3,\"name\":\"Dro\u017etukas Derwent XL\"}]},{\"@type\":\"WebSite\",\"@id\":\"https:\/\/hobstop.ee\/lt\/#website\",\"url\":\"https:\/\/hobstop.ee\/lt\/\",\"name\":\"Skizze\",\"description\":\"Dail\u0117s, pom\u0117gi\u0173 ir mokykliniai reikm\u0117nys\",\"publisher\":{\"@id\":\"https:\/\/hobstop.ee\/lt\/#organization\"},\"potentialAction\":[{\"@type\":\"SearchAction\",\"target\":{\"@type\":\"EntryPoint\",\"urlTemplate\":\"https:\/\/hobstop.ee\/lt\/?s={search_term_string}\"},\"query-input\":{\"@type\":\"PropertyValueSpecification\",\"valueRequired\":true,\"valueName\":\"search_term_string\"}}],\"inLanguage\":\"lt\"},{\"@type\":\"Organization\",\"@id\":\"https:\/\/hobstop.ee\/lt\/#organization\",\"name\":\"Vunder AS\",\"url\":\"https:\/\/hobstop.ee\/lt\/\",\"logo\":{\"@type\":\"ImageObject\",\"inLanguage\":\"lt\",\"@id\":\"https:\/\/hobstop.ee\/lt\/#\/schema\/logo\/image\/\",\"url\":\"https:\/\/hobstop.ee\/media\/vunder-logo.png\",\"contentUrl\":\"https:\/\/hobstop.ee\/media\/vunder-logo.png\",\"width\":127,\"height\":55,\"caption\":\"Vunder AS\"},\"image\":{\"@id\":\"https:\/\/hobstop.ee\/lt\/#\/schema\/logo\/image\/\"},\"sameAs\":[\"http:\/\/www.facebook.com\/VunderSkizze\"]}]}<\/script>\n<!-- \/ Yoast SEO plugin. -->","yoast_head_json":{"title":"Dro\u017etukas Derwent XL &#8211; Skizze","robots":{"index":"noindex","follow":"follow","max-snippet":"max-snippet:-1","max-image-preview":"max-image-preview:large","max-video-preview":"max-video-preview:-1"},"og_locale":"lt_LT","og_type":"article","og_title":"Dro\u017etukas Derwent XL &#8211; Skizze","og_description":"Perbraukus \u201eDerwent XL\u201c blokel\u012f per dro\u017etuk\u0105, gaunama smulki pudra pie\u0161iniams ir multimedijos darbams. I\u0161 \u012fprast\u0173 pastelini\u0173 arba grafitini\u0173 kreideli\u0173 ir presuotos anglies blokeli\u0173 patogiu dro\u017etuku gauta ir ant pie\u0161inio pir\u0161tais u\u017etepta pudra pie\u0161iniams suteikia tekst\u016bros. Atskiedus miltelius vandeniu pie\u0161inyje galima sukurti tapybin\u012f efekt\u0105.","og_url":"https:\/\/hobstop.ee\/lt\/produktas\/droztukas-derwent-xl\/","og_site_name":"Skizze","article_publisher":"http:\/\/www.facebook.com\/VunderSkizze","article_modified_time":"-0001-11-30T00:00:00+00:00","og_image":[{"width":1024,"height":768,"url":"https:\/\/hobstop.ee\/media\/3719.jpg","type":"image\/jpeg"}],"twitter_card":"summary_large_image","schema":{"@context":"https:\/\/schema.org","@graph":[{"@type":"WebPage","@id":"https:\/\/hobstop.ee\/lt\/produktas\/droztukas-derwent-xl\/","url":"https:\/\/hobstop.ee\/lt\/produktas\/droztukas-derwent-xl\/","name":"Dro\u017etukas Derwent XL &#8211; Skizze","isPartOf":{"@id":"https:\/\/hobstop.ee\/lt\/#website"},"primaryImageOfPage":{"@id":"https:\/\/hobstop.ee\/lt\/produktas\/droztukas-derwent-xl\/#primaryimage"},"image":{"@id":"https:\/\/hobstop.ee\/lt\/produktas\/droztukas-derwent-xl\/#primaryimage"},"thumbnailUrl":"https:\/\/hobstop.ee\/media\/3719.jpg","datePublished":"2014-12-09T11:39:30+00:00","dateModified":"-0001-11-30T00:00:00+00:00","breadcrumb":{"@id":"https:\/\/hobstop.ee\/lt\/produktas\/droztukas-derwent-xl\/#breadcrumb"},"inLanguage":"lt","potentialAction":[{"@type":"ReadAction","target":["https:\/\/hobstop.ee\/lt\/produktas\/droztukas-derwent-xl\/"]}]},{"@type":"ImageObject","inLanguage":"lt","@id":"https:\/\/hobstop.ee\/lt\/produktas\/droztukas-derwent-xl\/#primaryimage","url":"https:\/\/hobstop.ee\/media\/3719.jpg","contentUrl":"https:\/\/hobstop.ee\/media\/3719.jpg","width":1024,"height":768},{"@type":"BreadcrumbList","@id":"https:\/\/hobstop.ee\/lt\/produktas\/droztukas-derwent-xl\/#breadcrumb","itemListElement":[{"@type":"ListItem","position":1,"name":"Avaleht","item":"https:\/\/hobstop.ee\/lt\/"},{"@type":"ListItem","position":2,"name":"Parduotuv\u0117","item":"https:\/\/hobstop.ee\/lt\/parduotuve\/"},{"@type":"ListItem","position":3,"name":"Dro\u017etukas Derwent XL"}]},{"@type":"WebSite","@id":"https:\/\/hobstop.ee\/lt\/#website","url":"https:\/\/hobstop.ee\/lt\/","name":"Skizze","description":"Dail\u0117s, pom\u0117gi\u0173 ir mokykliniai reikm\u0117nys","publisher":{"@id":"https:\/\/hobstop.ee\/lt\/#organization"},"potentialAction":[{"@type":"SearchAction","target":{"@type":"EntryPoint","urlTemplate":"https:\/\/hobstop.ee\/lt\/?s={search_term_string}"},"query-input":{"@type":"PropertyValueSpecification","valueRequired":true,"valueName":"search_term_string"}}],"inLanguage":"lt"},{"@type":"Organization","@id":"https:\/\/hobstop.ee\/lt\/#organization","name":"Vunder AS","url":"https:\/\/hobstop.ee\/lt\/","logo":{"@type":"ImageObject","inLanguage":"lt","@id":"https:\/\/hobstop.ee\/lt\/#\/schema\/logo\/image\/","url":"https:\/\/hobstop.ee\/media\/vunder-logo.png","contentUrl":"https:\/\/hobstop.ee\/media\/vunder-logo.png","width":127,"height":55,"caption":"Vunder AS"},"image":{"@id":"https:\/\/hobstop.ee\/lt\/#\/schema\/logo\/image\/"},"sameAs":["http:\/\/www.facebook.com\/VunderSkizze"]}]}},"_links":{"self":[{"href":"https:\/\/hobstop.ee\/lt\/wp-json\/wp\/v2\/product\/63219","targetHints":{"allow":["GET"]}}],"collection":[{"href":"https:\/\/hobstop.ee\/lt\/wp-json\/wp\/v2\/product"}],"about":[{"href":"https:\/\/hobstop.ee\/lt\/wp-json\/wp\/v2\/types\/product"}],"replies":[{"embeddable":true,"href":"https:\/\/hobstop.ee\/lt\/wp-json\/wp\/v2\/comments?post=63219"}],"wp:featuredmedia":[{"embeddable":true,"href":"https:\/\/hobstop.ee\/lt\/wp-json\/wp\/v2\/media\/107819"}],"wp:attachment":[{"href":"https:\/\/hobstop.ee\/lt\/wp-json\/wp\/v2\/media?parent=63219"}],"wp:term":[{"taxonomy":"product_cat","embeddable":true,"href":"https:\/\/hobstop.ee\/lt\/wp-json\/wp\/v2\/product_cat?post=63219"},{"taxonomy":"product_tag","embeddable":true,"href":"https:\/\/hobstop.ee\/lt\/wp-json\/wp\/v2\/product_tag?post=63219"}],"curies":[{"name":"wp","href":"https:\/\/api.w.org\/{rel}","templated":true}]}}