{"id":63423,"date":"2014-12-09T13:40:13","date_gmt":"2014-12-09T11:40:13","guid":{"rendered":"https:\/\/sharks.ee\/vunder_2019.klient.veebimajutus.ee\/?post_type=product&p=63423"},"modified":"2014-12-09T13:40:13","modified_gmt":"2014-12-09T10:40:13","slug":"teptukas-liquitex-freestyle-plokscias-trumpi-sereliai-trumpu-koteliu","status":"publish","type":"product","link":"https:\/\/hobstop.ee\/lt\/produktas\/teptukas-liquitex-freestyle-plokscias-trumpi-sereliai-trumpu-koteliu\/","title":{"rendered":"Teptukas Liquitex Freestyle plok\u0161\u010dias trumpi \u0161ereliai trumpu koteliu"},"content":{"rendered":"<p>Dideli teptukai \u201eLiquitex Freestyle\u201c yra skirti su akriliniais da\u017eais ant dideli\u0173 pavir\u0161i\u0173 dirbantiems dailininkams. I\u0161 kokybi\u0161kos medienos pagamintas didelis ir patogus kotelis ir auk\u0161\u010diausios kokyb\u0117s sintetiniai \u0161ereliai \u2013 tai profesionalus itin patvarus teptukas darbui su dideliais plotais, kuriems reikia speciali\u0173 darbo \u012franki\u0173.<br \/>\n\u0160is trumpais \u0161ereliais ir koteliu teptukas puikiai tinka vienu metu dideliems pavir\u0161iams dengti, dideliems pavir\u0161iams ir sienoms lakuoti.<\/p>\n","protected":false},"excerpt":{"rendered":"<p>Dideli teptukai \u201eLiquitex Freestyle\u201c yra skirti su akriliniais da\u017eais ant dideli\u0173 pavir\u0161i\u0173 dirbantiems dailininkams. I\u0161 kokybi\u0161kos medienos pagamintas didelis ir patogus kotelis ir auk\u0161\u010diausios kokyb\u0117s sintetiniai \u0161ereliai \u2013 tai profesionalus itin patvarus teptukas darbui su dideliais plotais, kuriems reikia speciali\u0173 darbo \u012franki\u0173. \u0160is trumpais \u0161ereliais ir koteliu teptukas puikiai tinka vienu metu dideliems pavir\u0161iams dengti, dideliems pavir\u0161iams ir sienoms lakuoti.<\/p>\n","protected":false},"featured_media":108115,"comment_status":"closed","ping_status":"closed","template":"","meta":{"_acf_changed":false,"ep_exclude_from_search":false},"product_cat":[16124,15042,18651],"product_tag":[],"class_list":{"0":"post-63423","1":"product","2":"type-product","3":"status-publish","4":"has-post-thumbnail","6":"product_cat-dailes-prekes","7":"product_cat-sintetiniai-teptukai-2","8":"product_cat-teptukai-ir-irankiai-tapymui","10":"first","11":"instock","12":"sale","13":"taxable","14":"shipping-taxable","15":"purchasable","16":"product-type-variable"},"acf":[],"yoast_head":"<!-- This site is optimized with the Yoast SEO plugin v24.1 - https:\/\/yoast.com\/wordpress\/plugins\/seo\/ -->\n<title>Teptukas Liquitex Freestyle plok\u0161\u010dias trumpi \u0161ereliai trumpu koteliu &#8211; Skizze<\/title>\n<meta name=\"robots\" content=\"noindex, follow, max-snippet:-1, max-image-preview:large, max-video-preview:-1\" \/>\n<meta property=\"og:locale\" content=\"lt_LT\" \/>\n<meta property=\"og:type\" content=\"article\" \/>\n<meta property=\"og:title\" content=\"Teptukas Liquitex Freestyle plok\u0161\u010dias trumpi \u0161ereliai trumpu koteliu &#8211; Skizze\" \/>\n<meta property=\"og:description\" content=\"Dideli teptukai \u201eLiquitex Freestyle\u201c yra skirti su akriliniais da\u017eais ant dideli\u0173 pavir\u0161i\u0173 dirbantiems dailininkams. I\u0161 kokybi\u0161kos medienos pagamintas didelis ir patogus kotelis ir auk\u0161\u010diausios kokyb\u0117s sintetiniai \u0161ereliai \u2013 tai profesionalus itin patvarus teptukas darbui su dideliais plotais, kuriems reikia speciali\u0173 darbo \u012franki\u0173. \u0160is trumpais \u0161ereliais ir koteliu teptukas puikiai tinka vienu metu dideliems pavir\u0161iams dengti, dideliems pavir\u0161iams ir sienoms lakuoti.\" \/>\n<meta property=\"og:url\" content=\"https:\/\/hobstop.ee\/lt\/produktas\/teptukas-liquitex-freestyle-plokscias-trumpi-sereliai-trumpu-koteliu\/\" \/>\n<meta property=\"og:site_name\" content=\"Skizze\" \/>\n<meta property=\"article:publisher\" content=\"http:\/\/www.facebook.com\/VunderSkizze\" \/>\n<meta property=\"article:modified_time\" content=\"-0001-11-30T00:00:00+00:00\" \/>\n<meta property=\"og:image\" content=\"https:\/\/hobstop.ee\/media\/3844.jpg\" \/>\n\t<meta property=\"og:image:width\" content=\"1024\" \/>\n\t<meta property=\"og:image:height\" content=\"768\" \/>\n\t<meta property=\"og:image:type\" content=\"image\/jpeg\" \/>\n<meta name=\"twitter:card\" content=\"summary_large_image\" \/>\n<script type=\"application\/ld+json\" class=\"yoast-schema-graph\">{\"@context\":\"https:\/\/schema.org\",\"@graph\":[{\"@type\":\"WebPage\",\"@id\":\"https:\/\/hobstop.ee\/lt\/produktas\/teptukas-liquitex-freestyle-plokscias-trumpi-sereliai-trumpu-koteliu\/\",\"url\":\"https:\/\/hobstop.ee\/lt\/produktas\/teptukas-liquitex-freestyle-plokscias-trumpi-sereliai-trumpu-koteliu\/\",\"name\":\"Teptukas Liquitex Freestyle plok\u0161\u010dias trumpi \u0161ereliai trumpu koteliu &#8211; Skizze\",\"isPartOf\":{\"@id\":\"https:\/\/hobstop.ee\/lt\/#website\"},\"primaryImageOfPage\":{\"@id\":\"https:\/\/hobstop.ee\/lt\/produktas\/teptukas-liquitex-freestyle-plokscias-trumpi-sereliai-trumpu-koteliu\/#primaryimage\"},\"image\":{\"@id\":\"https:\/\/hobstop.ee\/lt\/produktas\/teptukas-liquitex-freestyle-plokscias-trumpi-sereliai-trumpu-koteliu\/#primaryimage\"},\"thumbnailUrl\":\"https:\/\/hobstop.ee\/media\/3844.jpg\",\"datePublished\":\"2014-12-09T11:40:13+00:00\",\"dateModified\":\"-0001-11-30T00:00:00+00:00\",\"breadcrumb\":{\"@id\":\"https:\/\/hobstop.ee\/lt\/produktas\/teptukas-liquitex-freestyle-plokscias-trumpi-sereliai-trumpu-koteliu\/#breadcrumb\"},\"inLanguage\":\"lt\",\"potentialAction\":[{\"@type\":\"ReadAction\",\"target\":[\"https:\/\/hobstop.ee\/lt\/produktas\/teptukas-liquitex-freestyle-plokscias-trumpi-sereliai-trumpu-koteliu\/\"]}]},{\"@type\":\"ImageObject\",\"inLanguage\":\"lt\",\"@id\":\"https:\/\/hobstop.ee\/lt\/produktas\/teptukas-liquitex-freestyle-plokscias-trumpi-sereliai-trumpu-koteliu\/#primaryimage\",\"url\":\"https:\/\/hobstop.ee\/media\/3844.jpg\",\"contentUrl\":\"https:\/\/hobstop.ee\/media\/3844.jpg\",\"width\":1024,\"height\":768},{\"@type\":\"BreadcrumbList\",\"@id\":\"https:\/\/hobstop.ee\/lt\/produktas\/teptukas-liquitex-freestyle-plokscias-trumpi-sereliai-trumpu-koteliu\/#breadcrumb\",\"itemListElement\":[{\"@type\":\"ListItem\",\"position\":1,\"name\":\"Avaleht\",\"item\":\"https:\/\/hobstop.ee\/lt\/\"},{\"@type\":\"ListItem\",\"position\":2,\"name\":\"Parduotuv\u0117\",\"item\":\"https:\/\/hobstop.ee\/lt\/parduotuve\/\"},{\"@type\":\"ListItem\",\"position\":3,\"name\":\"Teptukas Liquitex Freestyle plok\u0161\u010dias trumpi \u0161ereliai trumpu koteliu\"}]},{\"@type\":\"WebSite\",\"@id\":\"https:\/\/hobstop.ee\/lt\/#website\",\"url\":\"https:\/\/hobstop.ee\/lt\/\",\"name\":\"Skizze\",\"description\":\"Dail\u0117s, pom\u0117gi\u0173 ir mokykliniai reikm\u0117nys\",\"publisher\":{\"@id\":\"https:\/\/hobstop.ee\/lt\/#organization\"},\"potentialAction\":[{\"@type\":\"SearchAction\",\"target\":{\"@type\":\"EntryPoint\",\"urlTemplate\":\"https:\/\/hobstop.ee\/lt\/?s={search_term_string}\"},\"query-input\":{\"@type\":\"PropertyValueSpecification\",\"valueRequired\":true,\"valueName\":\"search_term_string\"}}],\"inLanguage\":\"lt\"},{\"@type\":\"Organization\",\"@id\":\"https:\/\/hobstop.ee\/lt\/#organization\",\"name\":\"Vunder AS\",\"url\":\"https:\/\/hobstop.ee\/lt\/\",\"logo\":{\"@type\":\"ImageObject\",\"inLanguage\":\"lt\",\"@id\":\"https:\/\/hobstop.ee\/lt\/#\/schema\/logo\/image\/\",\"url\":\"https:\/\/hobstop.ee\/media\/vunder-logo.png\",\"contentUrl\":\"https:\/\/hobstop.ee\/media\/vunder-logo.png\",\"width\":127,\"height\":55,\"caption\":\"Vunder AS\"},\"image\":{\"@id\":\"https:\/\/hobstop.ee\/lt\/#\/schema\/logo\/image\/\"},\"sameAs\":[\"http:\/\/www.facebook.com\/VunderSkizze\"]}]}<\/script>\n<!-- \/ Yoast SEO plugin. -->","yoast_head_json":{"title":"Teptukas Liquitex Freestyle plok\u0161\u010dias trumpi \u0161ereliai trumpu koteliu &#8211; Skizze","robots":{"index":"noindex","follow":"follow","max-snippet":"max-snippet:-1","max-image-preview":"max-image-preview:large","max-video-preview":"max-video-preview:-1"},"og_locale":"lt_LT","og_type":"article","og_title":"Teptukas Liquitex Freestyle plok\u0161\u010dias trumpi \u0161ereliai trumpu koteliu &#8211; Skizze","og_description":"Dideli teptukai \u201eLiquitex Freestyle\u201c yra skirti su akriliniais da\u017eais ant dideli\u0173 pavir\u0161i\u0173 dirbantiems dailininkams. I\u0161 kokybi\u0161kos medienos pagamintas didelis ir patogus kotelis ir auk\u0161\u010diausios kokyb\u0117s sintetiniai \u0161ereliai \u2013 tai profesionalus itin patvarus teptukas darbui su dideliais plotais, kuriems reikia speciali\u0173 darbo \u012franki\u0173. \u0160is trumpais \u0161ereliais ir koteliu teptukas puikiai tinka vienu metu dideliems pavir\u0161iams dengti, dideliems pavir\u0161iams ir sienoms lakuoti.","og_url":"https:\/\/hobstop.ee\/lt\/produktas\/teptukas-liquitex-freestyle-plokscias-trumpi-sereliai-trumpu-koteliu\/","og_site_name":"Skizze","article_publisher":"http:\/\/www.facebook.com\/VunderSkizze","article_modified_time":"-0001-11-30T00:00:00+00:00","og_image":[{"width":1024,"height":768,"url":"https:\/\/hobstop.ee\/media\/3844.jpg","type":"image\/jpeg"}],"twitter_card":"summary_large_image","schema":{"@context":"https:\/\/schema.org","@graph":[{"@type":"WebPage","@id":"https:\/\/hobstop.ee\/lt\/produktas\/teptukas-liquitex-freestyle-plokscias-trumpi-sereliai-trumpu-koteliu\/","url":"https:\/\/hobstop.ee\/lt\/produktas\/teptukas-liquitex-freestyle-plokscias-trumpi-sereliai-trumpu-koteliu\/","name":"Teptukas Liquitex Freestyle plok\u0161\u010dias trumpi \u0161ereliai trumpu koteliu &#8211; Skizze","isPartOf":{"@id":"https:\/\/hobstop.ee\/lt\/#website"},"primaryImageOfPage":{"@id":"https:\/\/hobstop.ee\/lt\/produktas\/teptukas-liquitex-freestyle-plokscias-trumpi-sereliai-trumpu-koteliu\/#primaryimage"},"image":{"@id":"https:\/\/hobstop.ee\/lt\/produktas\/teptukas-liquitex-freestyle-plokscias-trumpi-sereliai-trumpu-koteliu\/#primaryimage"},"thumbnailUrl":"https:\/\/hobstop.ee\/media\/3844.jpg","datePublished":"2014-12-09T11:40:13+00:00","dateModified":"-0001-11-30T00:00:00+00:00","breadcrumb":{"@id":"https:\/\/hobstop.ee\/lt\/produktas\/teptukas-liquitex-freestyle-plokscias-trumpi-sereliai-trumpu-koteliu\/#breadcrumb"},"inLanguage":"lt","potentialAction":[{"@type":"ReadAction","target":["https:\/\/hobstop.ee\/lt\/produktas\/teptukas-liquitex-freestyle-plokscias-trumpi-sereliai-trumpu-koteliu\/"]}]},{"@type":"ImageObject","inLanguage":"lt","@id":"https:\/\/hobstop.ee\/lt\/produktas\/teptukas-liquitex-freestyle-plokscias-trumpi-sereliai-trumpu-koteliu\/#primaryimage","url":"https:\/\/hobstop.ee\/media\/3844.jpg","contentUrl":"https:\/\/hobstop.ee\/media\/3844.jpg","width":1024,"height":768},{"@type":"BreadcrumbList","@id":"https:\/\/hobstop.ee\/lt\/produktas\/teptukas-liquitex-freestyle-plokscias-trumpi-sereliai-trumpu-koteliu\/#breadcrumb","itemListElement":[{"@type":"ListItem","position":1,"name":"Avaleht","item":"https:\/\/hobstop.ee\/lt\/"},{"@type":"ListItem","position":2,"name":"Parduotuv\u0117","item":"https:\/\/hobstop.ee\/lt\/parduotuve\/"},{"@type":"ListItem","position":3,"name":"Teptukas Liquitex Freestyle plok\u0161\u010dias trumpi \u0161ereliai trumpu koteliu"}]},{"@type":"WebSite","@id":"https:\/\/hobstop.ee\/lt\/#website","url":"https:\/\/hobstop.ee\/lt\/","name":"Skizze","description":"Dail\u0117s, pom\u0117gi\u0173 ir mokykliniai reikm\u0117nys","publisher":{"@id":"https:\/\/hobstop.ee\/lt\/#organization"},"potentialAction":[{"@type":"SearchAction","target":{"@type":"EntryPoint","urlTemplate":"https:\/\/hobstop.ee\/lt\/?s={search_term_string}"},"query-input":{"@type":"PropertyValueSpecification","valueRequired":true,"valueName":"search_term_string"}}],"inLanguage":"lt"},{"@type":"Organization","@id":"https:\/\/hobstop.ee\/lt\/#organization","name":"Vunder AS","url":"https:\/\/hobstop.ee\/lt\/","logo":{"@type":"ImageObject","inLanguage":"lt","@id":"https:\/\/hobstop.ee\/lt\/#\/schema\/logo\/image\/","url":"https:\/\/hobstop.ee\/media\/vunder-logo.png","contentUrl":"https:\/\/hobstop.ee\/media\/vunder-logo.png","width":127,"height":55,"caption":"Vunder AS"},"image":{"@id":"https:\/\/hobstop.ee\/lt\/#\/schema\/logo\/image\/"},"sameAs":["http:\/\/www.facebook.com\/VunderSkizze"]}]}},"_links":{"self":[{"href":"https:\/\/hobstop.ee\/lt\/wp-json\/wp\/v2\/product\/63423","targetHints":{"allow":["GET"]}}],"collection":[{"href":"https:\/\/hobstop.ee\/lt\/wp-json\/wp\/v2\/product"}],"about":[{"href":"https:\/\/hobstop.ee\/lt\/wp-json\/wp\/v2\/types\/product"}],"replies":[{"embeddable":true,"href":"https:\/\/hobstop.ee\/lt\/wp-json\/wp\/v2\/comments?post=63423"}],"wp:featuredmedia":[{"embeddable":true,"href":"https:\/\/hobstop.ee\/lt\/wp-json\/wp\/v2\/media\/108115"}],"wp:attachment":[{"href":"https:\/\/hobstop.ee\/lt\/wp-json\/wp\/v2\/media?parent=63423"}],"wp:term":[{"taxonomy":"product_cat","embeddable":true,"href":"https:\/\/hobstop.ee\/lt\/wp-json\/wp\/v2\/product_cat?post=63423"},{"taxonomy":"product_tag","embeddable":true,"href":"https:\/\/hobstop.ee\/lt\/wp-json\/wp\/v2\/product_tag?post=63423"}],"curies":[{"name":"wp","href":"https:\/\/api.w.org\/{rel}","templated":true}]}}