{"id":63435,"date":"2014-12-09T13:40:15","date_gmt":"2014-12-09T11:40:15","guid":{"rendered":"https:\/\/sharks.ee\/vunder_2019.klient.veebimajutus.ee\/?post_type=product&p=63435"},"modified":"2014-12-09T13:40:15","modified_gmt":"2014-12-09T10:40:15","slug":"speciali-priemone-akriliniams-dazams-liquitex-string-gel","status":"publish","type":"product","link":"https:\/\/hobstop.ee\/lt\/produktas\/speciali-priemone-akriliniams-dazams-liquitex-string-gel\/","title":{"rendered":"Speciali priemon\u0117 akriliniams da\u017eams Liquitex String Gel"},"content":{"rendered":"<p>Medaus konsistencijos \u201eString Gel\u201c priemon\u0117 didina skaidrum\u0105 ir tekum\u0105. \u012e akrilinius da\u017eus \u012fmai\u0161ius \u201eString Gel\u201c gelio, da\u017e\u0173 mi\u0161iniu galima padengti pavir\u0161i\u0173 ir taip i\u0161gauti \u012fdom\u0173 reljef\u0105. \u012edomi\u0173 efekt\u0173 galima i\u0161gauti ir naudojant teptuk\u0105.<\/p>\n","protected":false},"excerpt":{"rendered":"<p>Medaus konsistencijos \u201eString Gel\u201c priemon\u0117 didina skaidrum\u0105 ir tekum\u0105. \u012e akrilinius da\u017eus \u012fmai\u0161ius \u201eString Gel\u201c gelio, da\u017e\u0173 mi\u0161iniu galima padengti pavir\u0161i\u0173 ir taip i\u0161gauti \u012fdom\u0173 reljef\u0105. \u012edomi\u0173 efekt\u0173 galima i\u0161gauti ir naudojant teptuk\u0105.<\/p>\n","protected":false},"featured_media":353824,"comment_status":"closed","ping_status":"closed","template":"","meta":{"_acf_changed":false,"ep_exclude_from_search":false},"product_cat":[18998,16124,17981],"product_tag":[],"class_list":{"0":"post-63435","1":"product","2":"type-product","3":"status-publish","4":"has-post-thumbnail","6":"product_cat-akriliniu-dazu-priedai-2","7":"product_cat-dailes-prekes","8":"product_cat-dazai-ir-priedai-tapybai","10":"first","11":"outofstock","12":"taxable","13":"shipping-taxable","14":"purchasable","15":"product-type-variable"},"acf":[],"yoast_head":"<!-- This site is optimized with the Yoast SEO plugin v24.1 - https:\/\/yoast.com\/wordpress\/plugins\/seo\/ -->\n<title>Speciali priemon\u0117 akriliniams da\u017eams Liquitex String Gel &#8211; Skizze<\/title>\n<meta name=\"robots\" content=\"noindex, follow, max-snippet:-1, max-image-preview:large, max-video-preview:-1\" \/>\n<meta property=\"og:locale\" content=\"lt_LT\" \/>\n<meta property=\"og:type\" content=\"article\" \/>\n<meta property=\"og:title\" content=\"Speciali priemon\u0117 akriliniams da\u017eams Liquitex String Gel &#8211; Skizze\" \/>\n<meta property=\"og:description\" content=\"Medaus konsistencijos \u201eString Gel\u201c priemon\u0117 didina skaidrum\u0105 ir tekum\u0105. \u012e akrilinius da\u017eus \u012fmai\u0161ius \u201eString Gel\u201c gelio, da\u017e\u0173 mi\u0161iniu galima padengti pavir\u0161i\u0173 ir taip i\u0161gauti \u012fdom\u0173 reljef\u0105. \u012edomi\u0173 efekt\u0173 galima i\u0161gauti ir naudojant teptuk\u0105.\" \/>\n<meta property=\"og:url\" content=\"https:\/\/hobstop.ee\/lt\/produktas\/speciali-priemone-akriliniams-dazams-liquitex-string-gel\/\" \/>\n<meta property=\"og:site_name\" content=\"Skizze\" \/>\n<meta property=\"article:publisher\" content=\"http:\/\/www.facebook.com\/VunderSkizze\" \/>\n<meta property=\"article:modified_time\" content=\"-0001-11-30T00:00:00+00:00\" \/>\n<meta property=\"og:image\" content=\"https:\/\/hobstop.ee\/media\/3848.jpg\" \/>\n\t<meta property=\"og:image:width\" content=\"1024\" \/>\n\t<meta property=\"og:image:height\" content=\"768\" \/>\n\t<meta property=\"og:image:type\" content=\"image\/jpeg\" \/>\n<meta name=\"twitter:card\" content=\"summary_large_image\" \/>\n<script type=\"application\/ld+json\" class=\"yoast-schema-graph\">{\"@context\":\"https:\/\/schema.org\",\"@graph\":[{\"@type\":\"WebPage\",\"@id\":\"https:\/\/hobstop.ee\/lt\/produktas\/speciali-priemone-akriliniams-dazams-liquitex-string-gel\/\",\"url\":\"https:\/\/hobstop.ee\/lt\/produktas\/speciali-priemone-akriliniams-dazams-liquitex-string-gel\/\",\"name\":\"Speciali priemon\u0117 akriliniams da\u017eams Liquitex String Gel &#8211; Skizze\",\"isPartOf\":{\"@id\":\"https:\/\/www.hobstop.ee\/lt\/#website\"},\"primaryImageOfPage\":{\"@id\":\"https:\/\/hobstop.ee\/lt\/produktas\/speciali-priemone-akriliniams-dazams-liquitex-string-gel\/#primaryimage\"},\"image\":{\"@id\":\"https:\/\/hobstop.ee\/lt\/produktas\/speciali-priemone-akriliniams-dazams-liquitex-string-gel\/#primaryimage\"},\"thumbnailUrl\":\"https:\/\/hobstop.ee\/media\/3848.jpg\",\"datePublished\":\"2014-12-09T11:40:15+00:00\",\"dateModified\":\"-0001-11-30T00:00:00+00:00\",\"breadcrumb\":{\"@id\":\"https:\/\/hobstop.ee\/lt\/produktas\/speciali-priemone-akriliniams-dazams-liquitex-string-gel\/#breadcrumb\"},\"inLanguage\":\"lt\",\"potentialAction\":[{\"@type\":\"ReadAction\",\"target\":[\"https:\/\/hobstop.ee\/lt\/produktas\/speciali-priemone-akriliniams-dazams-liquitex-string-gel\/\"]}]},{\"@type\":\"ImageObject\",\"inLanguage\":\"lt\",\"@id\":\"https:\/\/hobstop.ee\/lt\/produktas\/speciali-priemone-akriliniams-dazams-liquitex-string-gel\/#primaryimage\",\"url\":\"https:\/\/hobstop.ee\/media\/3848.jpg\",\"contentUrl\":\"https:\/\/hobstop.ee\/media\/3848.jpg\",\"width\":1024,\"height\":768},{\"@type\":\"BreadcrumbList\",\"@id\":\"https:\/\/hobstop.ee\/lt\/produktas\/speciali-priemone-akriliniams-dazams-liquitex-string-gel\/#breadcrumb\",\"itemListElement\":[{\"@type\":\"ListItem\",\"position\":1,\"name\":\"Avaleht\",\"item\":\"https:\/\/hobstop.ee\/lt\/\"},{\"@type\":\"ListItem\",\"position\":2,\"name\":\"Parduotuv\u0117\",\"item\":\"https:\/\/www.hobstop.ee\/lt\/parduotuve\/\"},{\"@type\":\"ListItem\",\"position\":3,\"name\":\"Speciali priemon\u0117 akriliniams da\u017eams Liquitex String Gel\"}]},{\"@type\":\"WebSite\",\"@id\":\"https:\/\/www.hobstop.ee\/lt\/#website\",\"url\":\"https:\/\/www.hobstop.ee\/lt\/\",\"name\":\"Skizze\",\"description\":\"Dail\u0117s, pom\u0117gi\u0173 ir mokykliniai reikm\u0117nys\",\"publisher\":{\"@id\":\"https:\/\/www.hobstop.ee\/lt\/#organization\"},\"potentialAction\":[{\"@type\":\"SearchAction\",\"target\":{\"@type\":\"EntryPoint\",\"urlTemplate\":\"https:\/\/www.hobstop.ee\/lt\/?s={search_term_string}\"},\"query-input\":{\"@type\":\"PropertyValueSpecification\",\"valueRequired\":true,\"valueName\":\"search_term_string\"}}],\"inLanguage\":\"lt\"},{\"@type\":\"Organization\",\"@id\":\"https:\/\/www.hobstop.ee\/lt\/#organization\",\"name\":\"Vunder AS\",\"url\":\"https:\/\/www.hobstop.ee\/lt\/\",\"logo\":{\"@type\":\"ImageObject\",\"inLanguage\":\"lt\",\"@id\":\"https:\/\/www.hobstop.ee\/lt\/#\/schema\/logo\/image\/\",\"url\":\"https:\/\/hobstop.ee\/media\/vunder-logo.png\",\"contentUrl\":\"https:\/\/hobstop.ee\/media\/vunder-logo.png\",\"width\":127,\"height\":55,\"caption\":\"Vunder AS\"},\"image\":{\"@id\":\"https:\/\/www.hobstop.ee\/lt\/#\/schema\/logo\/image\/\"},\"sameAs\":[\"http:\/\/www.facebook.com\/VunderSkizze\"]}]}<\/script>\n<!-- \/ Yoast SEO plugin. -->","yoast_head_json":{"title":"Speciali priemon\u0117 akriliniams da\u017eams Liquitex String Gel &#8211; Skizze","robots":{"index":"noindex","follow":"follow","max-snippet":"max-snippet:-1","max-image-preview":"max-image-preview:large","max-video-preview":"max-video-preview:-1"},"og_locale":"lt_LT","og_type":"article","og_title":"Speciali priemon\u0117 akriliniams da\u017eams Liquitex String Gel &#8211; Skizze","og_description":"Medaus konsistencijos \u201eString Gel\u201c priemon\u0117 didina skaidrum\u0105 ir tekum\u0105. \u012e akrilinius da\u017eus \u012fmai\u0161ius \u201eString Gel\u201c gelio, da\u017e\u0173 mi\u0161iniu galima padengti pavir\u0161i\u0173 ir taip i\u0161gauti \u012fdom\u0173 reljef\u0105. \u012edomi\u0173 efekt\u0173 galima i\u0161gauti ir naudojant teptuk\u0105.","og_url":"https:\/\/hobstop.ee\/lt\/produktas\/speciali-priemone-akriliniams-dazams-liquitex-string-gel\/","og_site_name":"Skizze","article_publisher":"http:\/\/www.facebook.com\/VunderSkizze","article_modified_time":"-0001-11-30T00:00:00+00:00","og_image":[{"width":1024,"height":768,"url":"https:\/\/hobstop.ee\/media\/3848.jpg","type":"image\/jpeg"}],"twitter_card":"summary_large_image","schema":{"@context":"https:\/\/schema.org","@graph":[{"@type":"WebPage","@id":"https:\/\/hobstop.ee\/lt\/produktas\/speciali-priemone-akriliniams-dazams-liquitex-string-gel\/","url":"https:\/\/hobstop.ee\/lt\/produktas\/speciali-priemone-akriliniams-dazams-liquitex-string-gel\/","name":"Speciali priemon\u0117 akriliniams da\u017eams Liquitex String Gel &#8211; Skizze","isPartOf":{"@id":"https:\/\/www.hobstop.ee\/lt\/#website"},"primaryImageOfPage":{"@id":"https:\/\/hobstop.ee\/lt\/produktas\/speciali-priemone-akriliniams-dazams-liquitex-string-gel\/#primaryimage"},"image":{"@id":"https:\/\/hobstop.ee\/lt\/produktas\/speciali-priemone-akriliniams-dazams-liquitex-string-gel\/#primaryimage"},"thumbnailUrl":"https:\/\/hobstop.ee\/media\/3848.jpg","datePublished":"2014-12-09T11:40:15+00:00","dateModified":"-0001-11-30T00:00:00+00:00","breadcrumb":{"@id":"https:\/\/hobstop.ee\/lt\/produktas\/speciali-priemone-akriliniams-dazams-liquitex-string-gel\/#breadcrumb"},"inLanguage":"lt","potentialAction":[{"@type":"ReadAction","target":["https:\/\/hobstop.ee\/lt\/produktas\/speciali-priemone-akriliniams-dazams-liquitex-string-gel\/"]}]},{"@type":"ImageObject","inLanguage":"lt","@id":"https:\/\/hobstop.ee\/lt\/produktas\/speciali-priemone-akriliniams-dazams-liquitex-string-gel\/#primaryimage","url":"https:\/\/hobstop.ee\/media\/3848.jpg","contentUrl":"https:\/\/hobstop.ee\/media\/3848.jpg","width":1024,"height":768},{"@type":"BreadcrumbList","@id":"https:\/\/hobstop.ee\/lt\/produktas\/speciali-priemone-akriliniams-dazams-liquitex-string-gel\/#breadcrumb","itemListElement":[{"@type":"ListItem","position":1,"name":"Avaleht","item":"https:\/\/hobstop.ee\/lt\/"},{"@type":"ListItem","position":2,"name":"Parduotuv\u0117","item":"https:\/\/www.hobstop.ee\/lt\/parduotuve\/"},{"@type":"ListItem","position":3,"name":"Speciali priemon\u0117 akriliniams da\u017eams Liquitex String Gel"}]},{"@type":"WebSite","@id":"https:\/\/www.hobstop.ee\/lt\/#website","url":"https:\/\/www.hobstop.ee\/lt\/","name":"Skizze","description":"Dail\u0117s, pom\u0117gi\u0173 ir mokykliniai reikm\u0117nys","publisher":{"@id":"https:\/\/www.hobstop.ee\/lt\/#organization"},"potentialAction":[{"@type":"SearchAction","target":{"@type":"EntryPoint","urlTemplate":"https:\/\/www.hobstop.ee\/lt\/?s={search_term_string}"},"query-input":{"@type":"PropertyValueSpecification","valueRequired":true,"valueName":"search_term_string"}}],"inLanguage":"lt"},{"@type":"Organization","@id":"https:\/\/www.hobstop.ee\/lt\/#organization","name":"Vunder AS","url":"https:\/\/www.hobstop.ee\/lt\/","logo":{"@type":"ImageObject","inLanguage":"lt","@id":"https:\/\/www.hobstop.ee\/lt\/#\/schema\/logo\/image\/","url":"https:\/\/hobstop.ee\/media\/vunder-logo.png","contentUrl":"https:\/\/hobstop.ee\/media\/vunder-logo.png","width":127,"height":55,"caption":"Vunder AS"},"image":{"@id":"https:\/\/www.hobstop.ee\/lt\/#\/schema\/logo\/image\/"},"sameAs":["http:\/\/www.facebook.com\/VunderSkizze"]}]}},"_links":{"self":[{"href":"https:\/\/hobstop.ee\/lt\/wp-json\/wp\/v2\/product\/63435","targetHints":{"allow":["GET"]}}],"collection":[{"href":"https:\/\/hobstop.ee\/lt\/wp-json\/wp\/v2\/product"}],"about":[{"href":"https:\/\/hobstop.ee\/lt\/wp-json\/wp\/v2\/types\/product"}],"replies":[{"embeddable":true,"href":"https:\/\/hobstop.ee\/lt\/wp-json\/wp\/v2\/comments?post=63435"}],"wp:featuredmedia":[{"embeddable":true,"href":"https:\/\/hobstop.ee\/lt\/wp-json\/wp\/v2\/media\/353824"}],"wp:attachment":[{"href":"https:\/\/hobstop.ee\/lt\/wp-json\/wp\/v2\/media?parent=63435"}],"wp:term":[{"taxonomy":"product_cat","embeddable":true,"href":"https:\/\/hobstop.ee\/lt\/wp-json\/wp\/v2\/product_cat?post=63435"},{"taxonomy":"product_tag","embeddable":true,"href":"https:\/\/hobstop.ee\/lt\/wp-json\/wp\/v2\/product_tag?post=63435"}],"curies":[{"name":"wp","href":"https:\/\/api.w.org\/{rel}","templated":true}]}}