{"id":63444,"date":"2014-12-09T13:40:17","date_gmt":"2014-12-09T11:40:17","guid":{"rendered":"https:\/\/sharks.ee\/vunder_2019.klient.veebimajutus.ee\/?post_type=product&p=63444"},"modified":"2014-12-09T13:40:17","modified_gmt":"2014-12-09T10:40:17","slug":"gruntas-liquitex-spalvoti","status":"publish","type":"product","link":"https:\/\/hobstop.ee\/lt\/produktas\/gruntas-liquitex-spalvoti\/","title":{"rendered":"Gruntas Liquitex spalvoti"},"content":{"rendered":"<p>Spalvoti gruntiniai da\u017eai, skirti tradiciniam pavir\u0161iaus paruo\u0161imui tapybai akriliniais ir aliejiniais da\u017eais. Puikiai tekstil\u0117s, popieriaus ir medienos pavir\u0161iaus apdirbimui tinkantis gruntas. Tinka ir tarpini\u0173 sluoksni\u0173 gruntavimui. Paprastai pakanka vieno plonesnio grunto sluoksnio. Gruntas yra dengiantis.<\/p>\n","protected":false},"excerpt":{"rendered":"<p>Spalvoti gruntiniai da\u017eai, skirti tradiciniam pavir\u0161iaus paruo\u0161imui tapybai akriliniais ir aliejiniais da\u017eais. Puikiai tekstil\u0117s, popieriaus ir medienos pavir\u0161iaus apdirbimui tinkantis gruntas. Tinka ir tarpini\u0173 sluoksni\u0173 gruntavimui. Paprastai pakanka vieno plonesnio grunto sluoksnio. Gruntas yra dengiantis.<\/p>\n","protected":false},"featured_media":353860,"comment_status":"closed","ping_status":"closed","template":"","meta":{"_acf_changed":false,"ep_exclude_from_search":false},"product_cat":[16124,17981,14899],"product_tag":[],"class_list":{"0":"post-63444","1":"product","2":"type-product","3":"status-publish","4":"has-post-thumbnail","6":"product_cat-dailes-prekes","7":"product_cat-dazai-ir-priedai-tapybai","8":"product_cat-tooriistad-muud-meisterdamist","10":"first","11":"instock","12":"taxable","13":"shipping-taxable","14":"purchasable","15":"product-type-variable"},"acf":[],"yoast_head":"<!-- This site is optimized with the Yoast SEO plugin v24.1 - https:\/\/yoast.com\/wordpress\/plugins\/seo\/ -->\n<title>Gruntas Liquitex spalvoti &#8211; Skizze<\/title>\n<meta name=\"robots\" content=\"noindex, follow, max-snippet:-1, max-image-preview:large, max-video-preview:-1\" \/>\n<meta property=\"og:locale\" content=\"lt_LT\" \/>\n<meta property=\"og:type\" content=\"article\" \/>\n<meta property=\"og:title\" content=\"Gruntas Liquitex spalvoti &#8211; Skizze\" \/>\n<meta property=\"og:description\" content=\"Spalvoti gruntiniai da\u017eai, skirti tradiciniam pavir\u0161iaus paruo\u0161imui tapybai akriliniais ir aliejiniais da\u017eais. Puikiai tekstil\u0117s, popieriaus ir medienos pavir\u0161iaus apdirbimui tinkantis gruntas. Tinka ir tarpini\u0173 sluoksni\u0173 gruntavimui. Paprastai pakanka vieno plonesnio grunto sluoksnio. Gruntas yra dengiantis.\" \/>\n<meta property=\"og:url\" content=\"https:\/\/hobstop.ee\/lt\/produktas\/gruntas-liquitex-spalvoti\/\" \/>\n<meta property=\"og:site_name\" content=\"Skizze\" \/>\n<meta property=\"article:publisher\" content=\"http:\/\/www.facebook.com\/VunderSkizze\" \/>\n<meta property=\"article:modified_time\" content=\"-0001-11-30T00:00:00+00:00\" \/>\n<meta property=\"og:image\" content=\"https:\/\/hobstop.ee\/media\/3851.jpg\" \/>\n\t<meta property=\"og:image:width\" content=\"1024\" \/>\n\t<meta property=\"og:image:height\" content=\"768\" \/>\n\t<meta property=\"og:image:type\" content=\"image\/jpeg\" \/>\n<meta name=\"twitter:card\" content=\"summary_large_image\" \/>\n<script type=\"application\/ld+json\" class=\"yoast-schema-graph\">{\"@context\":\"https:\/\/schema.org\",\"@graph\":[{\"@type\":\"WebPage\",\"@id\":\"https:\/\/hobstop.ee\/lt\/produktas\/gruntas-liquitex-spalvoti\/\",\"url\":\"https:\/\/hobstop.ee\/lt\/produktas\/gruntas-liquitex-spalvoti\/\",\"name\":\"Gruntas Liquitex spalvoti &#8211; Skizze\",\"isPartOf\":{\"@id\":\"https:\/\/hobstop.ee\/lt\/#website\"},\"primaryImageOfPage\":{\"@id\":\"https:\/\/hobstop.ee\/lt\/produktas\/gruntas-liquitex-spalvoti\/#primaryimage\"},\"image\":{\"@id\":\"https:\/\/hobstop.ee\/lt\/produktas\/gruntas-liquitex-spalvoti\/#primaryimage\"},\"thumbnailUrl\":\"https:\/\/hobstop.ee\/media\/3851.jpg\",\"datePublished\":\"2014-12-09T11:40:17+00:00\",\"dateModified\":\"-0001-11-30T00:00:00+00:00\",\"breadcrumb\":{\"@id\":\"https:\/\/hobstop.ee\/lt\/produktas\/gruntas-liquitex-spalvoti\/#breadcrumb\"},\"inLanguage\":\"lt\",\"potentialAction\":[{\"@type\":\"ReadAction\",\"target\":[\"https:\/\/hobstop.ee\/lt\/produktas\/gruntas-liquitex-spalvoti\/\"]}]},{\"@type\":\"ImageObject\",\"inLanguage\":\"lt\",\"@id\":\"https:\/\/hobstop.ee\/lt\/produktas\/gruntas-liquitex-spalvoti\/#primaryimage\",\"url\":\"https:\/\/hobstop.ee\/media\/3851.jpg\",\"contentUrl\":\"https:\/\/hobstop.ee\/media\/3851.jpg\",\"width\":1024,\"height\":768},{\"@type\":\"BreadcrumbList\",\"@id\":\"https:\/\/hobstop.ee\/lt\/produktas\/gruntas-liquitex-spalvoti\/#breadcrumb\",\"itemListElement\":[{\"@type\":\"ListItem\",\"position\":1,\"name\":\"Avaleht\",\"item\":\"https:\/\/hobstop.ee\/lt\/\"},{\"@type\":\"ListItem\",\"position\":2,\"name\":\"Parduotuv\u0117\",\"item\":\"https:\/\/hobstop.ee\/lt\/parduotuve\/\"},{\"@type\":\"ListItem\",\"position\":3,\"name\":\"Gruntas Liquitex spalvoti\"}]},{\"@type\":\"WebSite\",\"@id\":\"https:\/\/hobstop.ee\/lt\/#website\",\"url\":\"https:\/\/hobstop.ee\/lt\/\",\"name\":\"Skizze\",\"description\":\"Dail\u0117s, pom\u0117gi\u0173 ir mokykliniai reikm\u0117nys\",\"publisher\":{\"@id\":\"https:\/\/hobstop.ee\/lt\/#organization\"},\"potentialAction\":[{\"@type\":\"SearchAction\",\"target\":{\"@type\":\"EntryPoint\",\"urlTemplate\":\"https:\/\/hobstop.ee\/lt\/?s={search_term_string}\"},\"query-input\":{\"@type\":\"PropertyValueSpecification\",\"valueRequired\":true,\"valueName\":\"search_term_string\"}}],\"inLanguage\":\"lt\"},{\"@type\":\"Organization\",\"@id\":\"https:\/\/hobstop.ee\/lt\/#organization\",\"name\":\"Vunder AS\",\"url\":\"https:\/\/hobstop.ee\/lt\/\",\"logo\":{\"@type\":\"ImageObject\",\"inLanguage\":\"lt\",\"@id\":\"https:\/\/hobstop.ee\/lt\/#\/schema\/logo\/image\/\",\"url\":\"https:\/\/hobstop.ee\/media\/vunder-logo.png\",\"contentUrl\":\"https:\/\/hobstop.ee\/media\/vunder-logo.png\",\"width\":127,\"height\":55,\"caption\":\"Vunder AS\"},\"image\":{\"@id\":\"https:\/\/hobstop.ee\/lt\/#\/schema\/logo\/image\/\"},\"sameAs\":[\"http:\/\/www.facebook.com\/VunderSkizze\"]}]}<\/script>\n<!-- \/ Yoast SEO plugin. -->","yoast_head_json":{"title":"Gruntas Liquitex spalvoti &#8211; Skizze","robots":{"index":"noindex","follow":"follow","max-snippet":"max-snippet:-1","max-image-preview":"max-image-preview:large","max-video-preview":"max-video-preview:-1"},"og_locale":"lt_LT","og_type":"article","og_title":"Gruntas Liquitex spalvoti &#8211; Skizze","og_description":"Spalvoti gruntiniai da\u017eai, skirti tradiciniam pavir\u0161iaus paruo\u0161imui tapybai akriliniais ir aliejiniais da\u017eais. Puikiai tekstil\u0117s, popieriaus ir medienos pavir\u0161iaus apdirbimui tinkantis gruntas. Tinka ir tarpini\u0173 sluoksni\u0173 gruntavimui. Paprastai pakanka vieno plonesnio grunto sluoksnio. Gruntas yra dengiantis.","og_url":"https:\/\/hobstop.ee\/lt\/produktas\/gruntas-liquitex-spalvoti\/","og_site_name":"Skizze","article_publisher":"http:\/\/www.facebook.com\/VunderSkizze","article_modified_time":"-0001-11-30T00:00:00+00:00","og_image":[{"width":1024,"height":768,"url":"https:\/\/hobstop.ee\/media\/3851.jpg","type":"image\/jpeg"}],"twitter_card":"summary_large_image","schema":{"@context":"https:\/\/schema.org","@graph":[{"@type":"WebPage","@id":"https:\/\/hobstop.ee\/lt\/produktas\/gruntas-liquitex-spalvoti\/","url":"https:\/\/hobstop.ee\/lt\/produktas\/gruntas-liquitex-spalvoti\/","name":"Gruntas Liquitex spalvoti &#8211; Skizze","isPartOf":{"@id":"https:\/\/hobstop.ee\/lt\/#website"},"primaryImageOfPage":{"@id":"https:\/\/hobstop.ee\/lt\/produktas\/gruntas-liquitex-spalvoti\/#primaryimage"},"image":{"@id":"https:\/\/hobstop.ee\/lt\/produktas\/gruntas-liquitex-spalvoti\/#primaryimage"},"thumbnailUrl":"https:\/\/hobstop.ee\/media\/3851.jpg","datePublished":"2014-12-09T11:40:17+00:00","dateModified":"-0001-11-30T00:00:00+00:00","breadcrumb":{"@id":"https:\/\/hobstop.ee\/lt\/produktas\/gruntas-liquitex-spalvoti\/#breadcrumb"},"inLanguage":"lt","potentialAction":[{"@type":"ReadAction","target":["https:\/\/hobstop.ee\/lt\/produktas\/gruntas-liquitex-spalvoti\/"]}]},{"@type":"ImageObject","inLanguage":"lt","@id":"https:\/\/hobstop.ee\/lt\/produktas\/gruntas-liquitex-spalvoti\/#primaryimage","url":"https:\/\/hobstop.ee\/media\/3851.jpg","contentUrl":"https:\/\/hobstop.ee\/media\/3851.jpg","width":1024,"height":768},{"@type":"BreadcrumbList","@id":"https:\/\/hobstop.ee\/lt\/produktas\/gruntas-liquitex-spalvoti\/#breadcrumb","itemListElement":[{"@type":"ListItem","position":1,"name":"Avaleht","item":"https:\/\/hobstop.ee\/lt\/"},{"@type":"ListItem","position":2,"name":"Parduotuv\u0117","item":"https:\/\/hobstop.ee\/lt\/parduotuve\/"},{"@type":"ListItem","position":3,"name":"Gruntas Liquitex spalvoti"}]},{"@type":"WebSite","@id":"https:\/\/hobstop.ee\/lt\/#website","url":"https:\/\/hobstop.ee\/lt\/","name":"Skizze","description":"Dail\u0117s, pom\u0117gi\u0173 ir mokykliniai reikm\u0117nys","publisher":{"@id":"https:\/\/hobstop.ee\/lt\/#organization"},"potentialAction":[{"@type":"SearchAction","target":{"@type":"EntryPoint","urlTemplate":"https:\/\/hobstop.ee\/lt\/?s={search_term_string}"},"query-input":{"@type":"PropertyValueSpecification","valueRequired":true,"valueName":"search_term_string"}}],"inLanguage":"lt"},{"@type":"Organization","@id":"https:\/\/hobstop.ee\/lt\/#organization","name":"Vunder AS","url":"https:\/\/hobstop.ee\/lt\/","logo":{"@type":"ImageObject","inLanguage":"lt","@id":"https:\/\/hobstop.ee\/lt\/#\/schema\/logo\/image\/","url":"https:\/\/hobstop.ee\/media\/vunder-logo.png","contentUrl":"https:\/\/hobstop.ee\/media\/vunder-logo.png","width":127,"height":55,"caption":"Vunder AS"},"image":{"@id":"https:\/\/hobstop.ee\/lt\/#\/schema\/logo\/image\/"},"sameAs":["http:\/\/www.facebook.com\/VunderSkizze"]}]}},"_links":{"self":[{"href":"https:\/\/hobstop.ee\/lt\/wp-json\/wp\/v2\/product\/63444","targetHints":{"allow":["GET"]}}],"collection":[{"href":"https:\/\/hobstop.ee\/lt\/wp-json\/wp\/v2\/product"}],"about":[{"href":"https:\/\/hobstop.ee\/lt\/wp-json\/wp\/v2\/types\/product"}],"replies":[{"embeddable":true,"href":"https:\/\/hobstop.ee\/lt\/wp-json\/wp\/v2\/comments?post=63444"}],"wp:featuredmedia":[{"embeddable":true,"href":"https:\/\/hobstop.ee\/lt\/wp-json\/wp\/v2\/media\/353860"}],"wp:attachment":[{"href":"https:\/\/hobstop.ee\/lt\/wp-json\/wp\/v2\/media?parent=63444"}],"wp:term":[{"taxonomy":"product_cat","embeddable":true,"href":"https:\/\/hobstop.ee\/lt\/wp-json\/wp\/v2\/product_cat?post=63444"},{"taxonomy":"product_tag","embeddable":true,"href":"https:\/\/hobstop.ee\/lt\/wp-json\/wp\/v2\/product_tag?post=63444"}],"curies":[{"name":"wp","href":"https:\/\/api.w.org\/{rel}","templated":true}]}}