{"id":63447,"date":"2014-12-09T13:40:18","date_gmt":"2014-12-09T11:40:18","guid":{"rendered":"https:\/\/sharks.ee\/vunder_2019.klient.veebimajutus.ee\/?post_type=product&p=63447"},"modified":"2014-12-09T13:40:18","modified_gmt":"2014-12-09T10:40:18","slug":"gruntas-liquitex-skaidrus","status":"publish","type":"product","link":"https:\/\/hobstop.ee\/lt\/produktas\/gruntas-liquitex-skaidrus\/","title":{"rendered":"Gruntas Liquitex skaidrus"},"content":{"rendered":"<p>Skaidrus gruntas, juo padengtas pavir\u0161ius i\u0161lieka matomas. Itin tinka norit i\u0161saugoti ant pagrindo esant\u012f pie\u0161in\u012f ar ornament\u0105. Tinka naudoti kaip aliejiniais ar akriliniais da\u017eais tapyto paveikslo pagrind\u0105. Gruntas pagerina sukibim\u0105 su pastel\u0117s ir aliejin\u0117s pastel\u0117s technika atliktais darbais, grafitu ir anglimi pie\u0161tais pie\u0161iniais. Pagrindui paruo\u0161ti pakanka vieno sluoksnio grunto. Vienas plonas grunto sluoksnis yra skaidrus, dengiant keliais sluoksniais, pavir\u0161ius tampa pusiau matinis. Jei norite spalvoto fono, \u012f grunt\u0105 galima \u012fpilti \u0161iek tiek norimos spalvos akrilini\u0173 da\u017e\u0173.<\/p>\n","protected":false},"excerpt":{"rendered":"<p>Skaidrus gruntas, juo padengtas pavir\u0161ius i\u0161lieka matomas. Itin tinka norit i\u0161saugoti ant pagrindo esant\u012f pie\u0161in\u012f ar ornament\u0105. Tinka naudoti kaip aliejiniais ar akriliniais da\u017eais tapyto paveikslo pagrind\u0105. Gruntas pagerina sukibim\u0105 su pastel\u0117s ir aliejin\u0117s pastel\u0117s technika atliktais darbais, grafitu ir anglimi pie\u0161tais pie\u0161iniais. Pagrindui paruo\u0161ti pakanka vieno sluoksnio grunto. Vienas plonas grunto sluoksnis yra skaidrus, dengiant keliais sluoksniais, pavir\u0161ius tampa pusiau matinis. Jei norite spalvoto fono, \u012f grunt\u0105 galima \u012fpilti \u0161iek tiek norimos spalvos akrilini\u0173 da\u017e\u0173.<\/p>\n","protected":false},"featured_media":353852,"comment_status":"closed","ping_status":"closed","template":"","meta":{"_acf_changed":false,"ep_exclude_from_search":false},"product_cat":[16124,17981,14899],"product_tag":[],"class_list":{"0":"post-63447","1":"product","2":"type-product","3":"status-publish","4":"has-post-thumbnail","6":"product_cat-dailes-prekes","7":"product_cat-dazai-ir-priedai-tapybai","8":"product_cat-tooriistad-muud-meisterdamist","10":"first","11":"instock","12":"taxable","13":"shipping-taxable","14":"purchasable","15":"product-type-variable"},"acf":[],"yoast_head":"<!-- This site is optimized with the Yoast SEO plugin v24.1 - https:\/\/yoast.com\/wordpress\/plugins\/seo\/ -->\n<title>Gruntas Liquitex skaidrus &#8211; Skizze<\/title>\n<meta name=\"robots\" content=\"noindex, follow, max-snippet:-1, max-image-preview:large, max-video-preview:-1\" \/>\n<meta property=\"og:locale\" content=\"lt_LT\" \/>\n<meta property=\"og:type\" content=\"article\" \/>\n<meta property=\"og:title\" content=\"Gruntas Liquitex skaidrus &#8211; Skizze\" \/>\n<meta property=\"og:description\" content=\"Skaidrus gruntas, juo padengtas pavir\u0161ius i\u0161lieka matomas. Itin tinka norit i\u0161saugoti ant pagrindo esant\u012f pie\u0161in\u012f ar ornament\u0105. Tinka naudoti kaip aliejiniais ar akriliniais da\u017eais tapyto paveikslo pagrind\u0105. Gruntas pagerina sukibim\u0105 su pastel\u0117s ir aliejin\u0117s pastel\u0117s technika atliktais darbais, grafitu ir anglimi pie\u0161tais pie\u0161iniais. Pagrindui paruo\u0161ti pakanka vieno sluoksnio grunto. Vienas plonas grunto sluoksnis yra skaidrus, dengiant keliais sluoksniais, pavir\u0161ius tampa pusiau matinis. Jei norite spalvoto fono, \u012f grunt\u0105 galima \u012fpilti \u0161iek tiek norimos spalvos akrilini\u0173 da\u017e\u0173.\" \/>\n<meta property=\"og:url\" content=\"https:\/\/hobstop.ee\/lt\/produktas\/gruntas-liquitex-skaidrus\/\" \/>\n<meta property=\"og:site_name\" content=\"Skizze\" \/>\n<meta property=\"article:publisher\" content=\"http:\/\/www.facebook.com\/VunderSkizze\" \/>\n<meta property=\"article:modified_time\" content=\"-0001-11-30T00:00:00+00:00\" \/>\n<meta property=\"og:image\" content=\"https:\/\/hobstop.ee\/media\/3852.jpg\" \/>\n\t<meta property=\"og:image:width\" content=\"1024\" \/>\n\t<meta property=\"og:image:height\" content=\"768\" \/>\n\t<meta property=\"og:image:type\" content=\"image\/jpeg\" \/>\n<meta name=\"twitter:card\" content=\"summary_large_image\" \/>\n<script type=\"application\/ld+json\" class=\"yoast-schema-graph\">{\"@context\":\"https:\/\/schema.org\",\"@graph\":[{\"@type\":\"WebPage\",\"@id\":\"https:\/\/hobstop.ee\/lt\/produktas\/gruntas-liquitex-skaidrus\/\",\"url\":\"https:\/\/hobstop.ee\/lt\/produktas\/gruntas-liquitex-skaidrus\/\",\"name\":\"Gruntas Liquitex skaidrus &#8211; Skizze\",\"isPartOf\":{\"@id\":\"https:\/\/hobstop.ee\/lt\/#website\"},\"primaryImageOfPage\":{\"@id\":\"https:\/\/hobstop.ee\/lt\/produktas\/gruntas-liquitex-skaidrus\/#primaryimage\"},\"image\":{\"@id\":\"https:\/\/hobstop.ee\/lt\/produktas\/gruntas-liquitex-skaidrus\/#primaryimage\"},\"thumbnailUrl\":\"https:\/\/hobstop.ee\/media\/3852.jpg\",\"datePublished\":\"2014-12-09T11:40:18+00:00\",\"dateModified\":\"-0001-11-30T00:00:00+00:00\",\"breadcrumb\":{\"@id\":\"https:\/\/hobstop.ee\/lt\/produktas\/gruntas-liquitex-skaidrus\/#breadcrumb\"},\"inLanguage\":\"lt\",\"potentialAction\":[{\"@type\":\"ReadAction\",\"target\":[\"https:\/\/hobstop.ee\/lt\/produktas\/gruntas-liquitex-skaidrus\/\"]}]},{\"@type\":\"ImageObject\",\"inLanguage\":\"lt\",\"@id\":\"https:\/\/hobstop.ee\/lt\/produktas\/gruntas-liquitex-skaidrus\/#primaryimage\",\"url\":\"https:\/\/hobstop.ee\/media\/3852.jpg\",\"contentUrl\":\"https:\/\/hobstop.ee\/media\/3852.jpg\",\"width\":1024,\"height\":768},{\"@type\":\"BreadcrumbList\",\"@id\":\"https:\/\/hobstop.ee\/lt\/produktas\/gruntas-liquitex-skaidrus\/#breadcrumb\",\"itemListElement\":[{\"@type\":\"ListItem\",\"position\":1,\"name\":\"Avaleht\",\"item\":\"https:\/\/hobstop.ee\/lt\/\"},{\"@type\":\"ListItem\",\"position\":2,\"name\":\"Parduotuv\u0117\",\"item\":\"https:\/\/hobstop.ee\/lt\/parduotuve\/\"},{\"@type\":\"ListItem\",\"position\":3,\"name\":\"Gruntas Liquitex skaidrus\"}]},{\"@type\":\"WebSite\",\"@id\":\"https:\/\/hobstop.ee\/lt\/#website\",\"url\":\"https:\/\/hobstop.ee\/lt\/\",\"name\":\"Skizze\",\"description\":\"Dail\u0117s, pom\u0117gi\u0173 ir mokykliniai reikm\u0117nys\",\"publisher\":{\"@id\":\"https:\/\/hobstop.ee\/lt\/#organization\"},\"potentialAction\":[{\"@type\":\"SearchAction\",\"target\":{\"@type\":\"EntryPoint\",\"urlTemplate\":\"https:\/\/hobstop.ee\/lt\/?s={search_term_string}\"},\"query-input\":{\"@type\":\"PropertyValueSpecification\",\"valueRequired\":true,\"valueName\":\"search_term_string\"}}],\"inLanguage\":\"lt\"},{\"@type\":\"Organization\",\"@id\":\"https:\/\/hobstop.ee\/lt\/#organization\",\"name\":\"Vunder AS\",\"url\":\"https:\/\/hobstop.ee\/lt\/\",\"logo\":{\"@type\":\"ImageObject\",\"inLanguage\":\"lt\",\"@id\":\"https:\/\/hobstop.ee\/lt\/#\/schema\/logo\/image\/\",\"url\":\"https:\/\/hobstop.ee\/media\/vunder-logo.png\",\"contentUrl\":\"https:\/\/hobstop.ee\/media\/vunder-logo.png\",\"width\":127,\"height\":55,\"caption\":\"Vunder AS\"},\"image\":{\"@id\":\"https:\/\/hobstop.ee\/lt\/#\/schema\/logo\/image\/\"},\"sameAs\":[\"http:\/\/www.facebook.com\/VunderSkizze\"]}]}<\/script>\n<!-- \/ Yoast SEO plugin. -->","yoast_head_json":{"title":"Gruntas Liquitex skaidrus &#8211; Skizze","robots":{"index":"noindex","follow":"follow","max-snippet":"max-snippet:-1","max-image-preview":"max-image-preview:large","max-video-preview":"max-video-preview:-1"},"og_locale":"lt_LT","og_type":"article","og_title":"Gruntas Liquitex skaidrus &#8211; Skizze","og_description":"Skaidrus gruntas, juo padengtas pavir\u0161ius i\u0161lieka matomas. Itin tinka norit i\u0161saugoti ant pagrindo esant\u012f pie\u0161in\u012f ar ornament\u0105. Tinka naudoti kaip aliejiniais ar akriliniais da\u017eais tapyto paveikslo pagrind\u0105. Gruntas pagerina sukibim\u0105 su pastel\u0117s ir aliejin\u0117s pastel\u0117s technika atliktais darbais, grafitu ir anglimi pie\u0161tais pie\u0161iniais. Pagrindui paruo\u0161ti pakanka vieno sluoksnio grunto. Vienas plonas grunto sluoksnis yra skaidrus, dengiant keliais sluoksniais, pavir\u0161ius tampa pusiau matinis. Jei norite spalvoto fono, \u012f grunt\u0105 galima \u012fpilti \u0161iek tiek norimos spalvos akrilini\u0173 da\u017e\u0173.","og_url":"https:\/\/hobstop.ee\/lt\/produktas\/gruntas-liquitex-skaidrus\/","og_site_name":"Skizze","article_publisher":"http:\/\/www.facebook.com\/VunderSkizze","article_modified_time":"-0001-11-30T00:00:00+00:00","og_image":[{"width":1024,"height":768,"url":"https:\/\/hobstop.ee\/media\/3852.jpg","type":"image\/jpeg"}],"twitter_card":"summary_large_image","schema":{"@context":"https:\/\/schema.org","@graph":[{"@type":"WebPage","@id":"https:\/\/hobstop.ee\/lt\/produktas\/gruntas-liquitex-skaidrus\/","url":"https:\/\/hobstop.ee\/lt\/produktas\/gruntas-liquitex-skaidrus\/","name":"Gruntas Liquitex skaidrus &#8211; Skizze","isPartOf":{"@id":"https:\/\/hobstop.ee\/lt\/#website"},"primaryImageOfPage":{"@id":"https:\/\/hobstop.ee\/lt\/produktas\/gruntas-liquitex-skaidrus\/#primaryimage"},"image":{"@id":"https:\/\/hobstop.ee\/lt\/produktas\/gruntas-liquitex-skaidrus\/#primaryimage"},"thumbnailUrl":"https:\/\/hobstop.ee\/media\/3852.jpg","datePublished":"2014-12-09T11:40:18+00:00","dateModified":"-0001-11-30T00:00:00+00:00","breadcrumb":{"@id":"https:\/\/hobstop.ee\/lt\/produktas\/gruntas-liquitex-skaidrus\/#breadcrumb"},"inLanguage":"lt","potentialAction":[{"@type":"ReadAction","target":["https:\/\/hobstop.ee\/lt\/produktas\/gruntas-liquitex-skaidrus\/"]}]},{"@type":"ImageObject","inLanguage":"lt","@id":"https:\/\/hobstop.ee\/lt\/produktas\/gruntas-liquitex-skaidrus\/#primaryimage","url":"https:\/\/hobstop.ee\/media\/3852.jpg","contentUrl":"https:\/\/hobstop.ee\/media\/3852.jpg","width":1024,"height":768},{"@type":"BreadcrumbList","@id":"https:\/\/hobstop.ee\/lt\/produktas\/gruntas-liquitex-skaidrus\/#breadcrumb","itemListElement":[{"@type":"ListItem","position":1,"name":"Avaleht","item":"https:\/\/hobstop.ee\/lt\/"},{"@type":"ListItem","position":2,"name":"Parduotuv\u0117","item":"https:\/\/hobstop.ee\/lt\/parduotuve\/"},{"@type":"ListItem","position":3,"name":"Gruntas Liquitex skaidrus"}]},{"@type":"WebSite","@id":"https:\/\/hobstop.ee\/lt\/#website","url":"https:\/\/hobstop.ee\/lt\/","name":"Skizze","description":"Dail\u0117s, pom\u0117gi\u0173 ir mokykliniai reikm\u0117nys","publisher":{"@id":"https:\/\/hobstop.ee\/lt\/#organization"},"potentialAction":[{"@type":"SearchAction","target":{"@type":"EntryPoint","urlTemplate":"https:\/\/hobstop.ee\/lt\/?s={search_term_string}"},"query-input":{"@type":"PropertyValueSpecification","valueRequired":true,"valueName":"search_term_string"}}],"inLanguage":"lt"},{"@type":"Organization","@id":"https:\/\/hobstop.ee\/lt\/#organization","name":"Vunder AS","url":"https:\/\/hobstop.ee\/lt\/","logo":{"@type":"ImageObject","inLanguage":"lt","@id":"https:\/\/hobstop.ee\/lt\/#\/schema\/logo\/image\/","url":"https:\/\/hobstop.ee\/media\/vunder-logo.png","contentUrl":"https:\/\/hobstop.ee\/media\/vunder-logo.png","width":127,"height":55,"caption":"Vunder AS"},"image":{"@id":"https:\/\/hobstop.ee\/lt\/#\/schema\/logo\/image\/"},"sameAs":["http:\/\/www.facebook.com\/VunderSkizze"]}]}},"_links":{"self":[{"href":"https:\/\/hobstop.ee\/lt\/wp-json\/wp\/v2\/product\/63447","targetHints":{"allow":["GET"]}}],"collection":[{"href":"https:\/\/hobstop.ee\/lt\/wp-json\/wp\/v2\/product"}],"about":[{"href":"https:\/\/hobstop.ee\/lt\/wp-json\/wp\/v2\/types\/product"}],"replies":[{"embeddable":true,"href":"https:\/\/hobstop.ee\/lt\/wp-json\/wp\/v2\/comments?post=63447"}],"wp:featuredmedia":[{"embeddable":true,"href":"https:\/\/hobstop.ee\/lt\/wp-json\/wp\/v2\/media\/353852"}],"wp:attachment":[{"href":"https:\/\/hobstop.ee\/lt\/wp-json\/wp\/v2\/media?parent=63447"}],"wp:term":[{"taxonomy":"product_cat","embeddable":true,"href":"https:\/\/hobstop.ee\/lt\/wp-json\/wp\/v2\/product_cat?post=63447"},{"taxonomy":"product_tag","embeddable":true,"href":"https:\/\/hobstop.ee\/lt\/wp-json\/wp\/v2\/product_tag?post=63447"}],"curies":[{"name":"wp","href":"https:\/\/api.w.org\/{rel}","templated":true}]}}