{"id":63486,"date":"2014-12-09T13:40:24","date_gmt":"2014-12-09T11:40:24","guid":{"rendered":"https:\/\/sharks.ee\/vunder_2019.klient.veebimajutus.ee\/?post_type=product&p=63486"},"modified":"2014-12-09T13:40:24","modified_gmt":"2014-12-09T10:40:24","slug":"piestukas-sketching-6vnt-droztukas-metaline-dezute","status":"publish","type":"product","link":"https:\/\/hobstop.ee\/lt\/produktas\/piestukas-sketching-6vnt-droztukas-metaline-dezute\/","title":{"rendered":"Pie\u0161tukas Sketching 6vnt.+dro\u017etukas metalin\u0117 d\u0117\u017eut\u0117"},"content":{"rendered":"<p>Puikus pasirinkimas eskizams laisva ranka ir tvirtos linijos pie\u0161iniams suteikia Jums tobul\u0105 ir bekompromis\u0119 pasirinkimo laisv\u0119. Mink\u0161ta ir plati grafito \u0161erdel\u0117 skland\u017eiai juda popieriumi, spalva popieriuje yra vientiso atspalvio, tinka ir detaliems pie\u0161iniams pie\u0161ti. Pie\u0161tukai \u201eDerwent Sketching\u201c yra trij\u0173 skirting\u0173 kietum\u0173, gerai susilieja, sukuria subtilius atspalvi\u0173 ir nuotaikos poky\u010dius.<br \/>\nApvalus 8mm kotelis, \u0161erdel\u0117s skersmuo: 4mm<\/p>\n<p>Komplekte yra:<br \/>\nEskiziniai pie\u0161tukai HB (2vnt.), 2B (2vnt.) ir 4B (2vnt.)<br \/>\nDro\u017etukas<\/p>\n","protected":false},"excerpt":{"rendered":"<p>Puikus pasirinkimas eskizams laisva ranka ir tvirtos linijos pie\u0161iniams suteikia Jums tobul\u0105 ir bekompromis\u0119 pasirinkimo laisv\u0119. Mink\u0161ta ir plati grafito \u0161erdel\u0117 skland\u017eiai juda popieriumi, spalva popieriuje yra vientiso atspalvio, tinka ir detaliems pie\u0161iniams pie\u0161ti. Pie\u0161tukai \u201eDerwent Sketching\u201c yra trij\u0173 skirting\u0173 kietum\u0173, gerai susilieja, sukuria subtilius atspalvi\u0173 ir nuotaikos poky\u010dius. Apvalus 8mm kotelis, \u0161erdel\u0117s skersmuo: 4mm Komplekte yra: Eskiziniai pie\u0161tukai HB (2vnt.), 2B (2vnt.) ir 4B (2vnt.) Dro\u017etukas<\/p>\n","protected":false},"featured_media":354792,"comment_status":"closed","ping_status":"closed","template":"","meta":{"_acf_changed":false,"ep_exclude_from_search":false},"product_cat":[16124,18989,18932],"product_tag":[],"class_list":{"0":"post-63486","1":"product","2":"type-product","3":"status-publish","4":"has-post-thumbnail","6":"product_cat-dailes-prekes","7":"product_cat-grafitiniai-piestukai-2","8":"product_cat-piesimo-reikmenys-3","10":"first","11":"outofstock","12":"taxable","13":"shipping-taxable","14":"purchasable","15":"product-type-variable"},"acf":[],"yoast_head":"<!-- This site is optimized with the Yoast SEO plugin v24.1 - https:\/\/yoast.com\/wordpress\/plugins\/seo\/ -->\n<title>Pie\u0161tukas Sketching 6vnt.+dro\u017etukas metalin\u0117 d\u0117\u017eut\u0117 &#8211; Skizze<\/title>\n<meta name=\"robots\" content=\"noindex, follow, max-snippet:-1, max-image-preview:large, max-video-preview:-1\" \/>\n<meta property=\"og:locale\" content=\"lt_LT\" \/>\n<meta property=\"og:type\" content=\"article\" \/>\n<meta property=\"og:title\" content=\"Pie\u0161tukas Sketching 6vnt.+dro\u017etukas metalin\u0117 d\u0117\u017eut\u0117 &#8211; Skizze\" \/>\n<meta property=\"og:description\" content=\"Puikus pasirinkimas eskizams laisva ranka ir tvirtos linijos pie\u0161iniams suteikia Jums tobul\u0105 ir bekompromis\u0119 pasirinkimo laisv\u0119. Mink\u0161ta ir plati grafito \u0161erdel\u0117 skland\u017eiai juda popieriumi, spalva popieriuje yra vientiso atspalvio, tinka ir detaliems pie\u0161iniams pie\u0161ti. Pie\u0161tukai \u201eDerwent Sketching\u201c yra trij\u0173 skirting\u0173 kietum\u0173, gerai susilieja, sukuria subtilius atspalvi\u0173 ir nuotaikos poky\u010dius. Apvalus 8mm kotelis, \u0161erdel\u0117s skersmuo: 4mm Komplekte yra: Eskiziniai pie\u0161tukai HB (2vnt.), 2B (2vnt.) ir 4B (2vnt.) Dro\u017etukas\" \/>\n<meta property=\"og:url\" content=\"https:\/\/hobstop.ee\/lt\/produktas\/piestukas-sketching-6vnt-droztukas-metaline-dezute\/\" \/>\n<meta property=\"og:site_name\" content=\"Skizze\" \/>\n<meta property=\"article:publisher\" content=\"http:\/\/www.facebook.com\/VunderSkizze\" \/>\n<meta property=\"article:modified_time\" content=\"-0001-11-30T00:00:00+00:00\" \/>\n<meta property=\"og:image\" content=\"https:\/\/hobstop.ee\/media\/3870.jpg\" \/>\n\t<meta property=\"og:image:width\" content=\"1024\" \/>\n\t<meta property=\"og:image:height\" content=\"768\" \/>\n\t<meta property=\"og:image:type\" content=\"image\/jpeg\" \/>\n<meta name=\"twitter:card\" content=\"summary_large_image\" \/>\n<script type=\"application\/ld+json\" class=\"yoast-schema-graph\">{\"@context\":\"https:\/\/schema.org\",\"@graph\":[{\"@type\":\"WebPage\",\"@id\":\"https:\/\/hobstop.ee\/lt\/produktas\/piestukas-sketching-6vnt-droztukas-metaline-dezute\/\",\"url\":\"https:\/\/hobstop.ee\/lt\/produktas\/piestukas-sketching-6vnt-droztukas-metaline-dezute\/\",\"name\":\"Pie\u0161tukas Sketching 6vnt.+dro\u017etukas metalin\u0117 d\u0117\u017eut\u0117 &#8211; Skizze\",\"isPartOf\":{\"@id\":\"https:\/\/hobstop.ee\/lt\/#website\"},\"primaryImageOfPage\":{\"@id\":\"https:\/\/hobstop.ee\/lt\/produktas\/piestukas-sketching-6vnt-droztukas-metaline-dezute\/#primaryimage\"},\"image\":{\"@id\":\"https:\/\/hobstop.ee\/lt\/produktas\/piestukas-sketching-6vnt-droztukas-metaline-dezute\/#primaryimage\"},\"thumbnailUrl\":\"https:\/\/hobstop.ee\/media\/3870.jpg\",\"datePublished\":\"2014-12-09T11:40:24+00:00\",\"dateModified\":\"-0001-11-30T00:00:00+00:00\",\"breadcrumb\":{\"@id\":\"https:\/\/hobstop.ee\/lt\/produktas\/piestukas-sketching-6vnt-droztukas-metaline-dezute\/#breadcrumb\"},\"inLanguage\":\"lt\",\"potentialAction\":[{\"@type\":\"ReadAction\",\"target\":[\"https:\/\/hobstop.ee\/lt\/produktas\/piestukas-sketching-6vnt-droztukas-metaline-dezute\/\"]}]},{\"@type\":\"ImageObject\",\"inLanguage\":\"lt\",\"@id\":\"https:\/\/hobstop.ee\/lt\/produktas\/piestukas-sketching-6vnt-droztukas-metaline-dezute\/#primaryimage\",\"url\":\"https:\/\/hobstop.ee\/media\/3870.jpg\",\"contentUrl\":\"https:\/\/hobstop.ee\/media\/3870.jpg\",\"width\":1024,\"height\":768},{\"@type\":\"BreadcrumbList\",\"@id\":\"https:\/\/hobstop.ee\/lt\/produktas\/piestukas-sketching-6vnt-droztukas-metaline-dezute\/#breadcrumb\",\"itemListElement\":[{\"@type\":\"ListItem\",\"position\":1,\"name\":\"Avaleht\",\"item\":\"https:\/\/hobstop.ee\/lt\/\"},{\"@type\":\"ListItem\",\"position\":2,\"name\":\"Parduotuv\u0117\",\"item\":\"https:\/\/hobstop.ee\/lt\/parduotuve\/\"},{\"@type\":\"ListItem\",\"position\":3,\"name\":\"Pie\u0161tukas Sketching 6vnt.+dro\u017etukas metalin\u0117 d\u0117\u017eut\u0117\"}]},{\"@type\":\"WebSite\",\"@id\":\"https:\/\/hobstop.ee\/lt\/#website\",\"url\":\"https:\/\/hobstop.ee\/lt\/\",\"name\":\"Skizze\",\"description\":\"Dail\u0117s, pom\u0117gi\u0173 ir mokykliniai reikm\u0117nys\",\"publisher\":{\"@id\":\"https:\/\/hobstop.ee\/lt\/#organization\"},\"potentialAction\":[{\"@type\":\"SearchAction\",\"target\":{\"@type\":\"EntryPoint\",\"urlTemplate\":\"https:\/\/hobstop.ee\/lt\/?s={search_term_string}\"},\"query-input\":{\"@type\":\"PropertyValueSpecification\",\"valueRequired\":true,\"valueName\":\"search_term_string\"}}],\"inLanguage\":\"lt\"},{\"@type\":\"Organization\",\"@id\":\"https:\/\/hobstop.ee\/lt\/#organization\",\"name\":\"Vunder AS\",\"url\":\"https:\/\/hobstop.ee\/lt\/\",\"logo\":{\"@type\":\"ImageObject\",\"inLanguage\":\"lt\",\"@id\":\"https:\/\/hobstop.ee\/lt\/#\/schema\/logo\/image\/\",\"url\":\"https:\/\/hobstop.ee\/media\/vunder-logo.png\",\"contentUrl\":\"https:\/\/hobstop.ee\/media\/vunder-logo.png\",\"width\":127,\"height\":55,\"caption\":\"Vunder AS\"},\"image\":{\"@id\":\"https:\/\/hobstop.ee\/lt\/#\/schema\/logo\/image\/\"},\"sameAs\":[\"http:\/\/www.facebook.com\/VunderSkizze\"]}]}<\/script>\n<!-- \/ Yoast SEO plugin. -->","yoast_head_json":{"title":"Pie\u0161tukas Sketching 6vnt.+dro\u017etukas metalin\u0117 d\u0117\u017eut\u0117 &#8211; Skizze","robots":{"index":"noindex","follow":"follow","max-snippet":"max-snippet:-1","max-image-preview":"max-image-preview:large","max-video-preview":"max-video-preview:-1"},"og_locale":"lt_LT","og_type":"article","og_title":"Pie\u0161tukas Sketching 6vnt.+dro\u017etukas metalin\u0117 d\u0117\u017eut\u0117 &#8211; Skizze","og_description":"Puikus pasirinkimas eskizams laisva ranka ir tvirtos linijos pie\u0161iniams suteikia Jums tobul\u0105 ir bekompromis\u0119 pasirinkimo laisv\u0119. Mink\u0161ta ir plati grafito \u0161erdel\u0117 skland\u017eiai juda popieriumi, spalva popieriuje yra vientiso atspalvio, tinka ir detaliems pie\u0161iniams pie\u0161ti. Pie\u0161tukai \u201eDerwent Sketching\u201c yra trij\u0173 skirting\u0173 kietum\u0173, gerai susilieja, sukuria subtilius atspalvi\u0173 ir nuotaikos poky\u010dius. Apvalus 8mm kotelis, \u0161erdel\u0117s skersmuo: 4mm Komplekte yra: Eskiziniai pie\u0161tukai HB (2vnt.), 2B (2vnt.) ir 4B (2vnt.) Dro\u017etukas","og_url":"https:\/\/hobstop.ee\/lt\/produktas\/piestukas-sketching-6vnt-droztukas-metaline-dezute\/","og_site_name":"Skizze","article_publisher":"http:\/\/www.facebook.com\/VunderSkizze","article_modified_time":"-0001-11-30T00:00:00+00:00","og_image":[{"width":1024,"height":768,"url":"https:\/\/hobstop.ee\/media\/3870.jpg","type":"image\/jpeg"}],"twitter_card":"summary_large_image","schema":{"@context":"https:\/\/schema.org","@graph":[{"@type":"WebPage","@id":"https:\/\/hobstop.ee\/lt\/produktas\/piestukas-sketching-6vnt-droztukas-metaline-dezute\/","url":"https:\/\/hobstop.ee\/lt\/produktas\/piestukas-sketching-6vnt-droztukas-metaline-dezute\/","name":"Pie\u0161tukas Sketching 6vnt.+dro\u017etukas metalin\u0117 d\u0117\u017eut\u0117 &#8211; Skizze","isPartOf":{"@id":"https:\/\/hobstop.ee\/lt\/#website"},"primaryImageOfPage":{"@id":"https:\/\/hobstop.ee\/lt\/produktas\/piestukas-sketching-6vnt-droztukas-metaline-dezute\/#primaryimage"},"image":{"@id":"https:\/\/hobstop.ee\/lt\/produktas\/piestukas-sketching-6vnt-droztukas-metaline-dezute\/#primaryimage"},"thumbnailUrl":"https:\/\/hobstop.ee\/media\/3870.jpg","datePublished":"2014-12-09T11:40:24+00:00","dateModified":"-0001-11-30T00:00:00+00:00","breadcrumb":{"@id":"https:\/\/hobstop.ee\/lt\/produktas\/piestukas-sketching-6vnt-droztukas-metaline-dezute\/#breadcrumb"},"inLanguage":"lt","potentialAction":[{"@type":"ReadAction","target":["https:\/\/hobstop.ee\/lt\/produktas\/piestukas-sketching-6vnt-droztukas-metaline-dezute\/"]}]},{"@type":"ImageObject","inLanguage":"lt","@id":"https:\/\/hobstop.ee\/lt\/produktas\/piestukas-sketching-6vnt-droztukas-metaline-dezute\/#primaryimage","url":"https:\/\/hobstop.ee\/media\/3870.jpg","contentUrl":"https:\/\/hobstop.ee\/media\/3870.jpg","width":1024,"height":768},{"@type":"BreadcrumbList","@id":"https:\/\/hobstop.ee\/lt\/produktas\/piestukas-sketching-6vnt-droztukas-metaline-dezute\/#breadcrumb","itemListElement":[{"@type":"ListItem","position":1,"name":"Avaleht","item":"https:\/\/hobstop.ee\/lt\/"},{"@type":"ListItem","position":2,"name":"Parduotuv\u0117","item":"https:\/\/hobstop.ee\/lt\/parduotuve\/"},{"@type":"ListItem","position":3,"name":"Pie\u0161tukas Sketching 6vnt.+dro\u017etukas metalin\u0117 d\u0117\u017eut\u0117"}]},{"@type":"WebSite","@id":"https:\/\/hobstop.ee\/lt\/#website","url":"https:\/\/hobstop.ee\/lt\/","name":"Skizze","description":"Dail\u0117s, pom\u0117gi\u0173 ir mokykliniai reikm\u0117nys","publisher":{"@id":"https:\/\/hobstop.ee\/lt\/#organization"},"potentialAction":[{"@type":"SearchAction","target":{"@type":"EntryPoint","urlTemplate":"https:\/\/hobstop.ee\/lt\/?s={search_term_string}"},"query-input":{"@type":"PropertyValueSpecification","valueRequired":true,"valueName":"search_term_string"}}],"inLanguage":"lt"},{"@type":"Organization","@id":"https:\/\/hobstop.ee\/lt\/#organization","name":"Vunder AS","url":"https:\/\/hobstop.ee\/lt\/","logo":{"@type":"ImageObject","inLanguage":"lt","@id":"https:\/\/hobstop.ee\/lt\/#\/schema\/logo\/image\/","url":"https:\/\/hobstop.ee\/media\/vunder-logo.png","contentUrl":"https:\/\/hobstop.ee\/media\/vunder-logo.png","width":127,"height":55,"caption":"Vunder AS"},"image":{"@id":"https:\/\/hobstop.ee\/lt\/#\/schema\/logo\/image\/"},"sameAs":["http:\/\/www.facebook.com\/VunderSkizze"]}]}},"_links":{"self":[{"href":"https:\/\/hobstop.ee\/lt\/wp-json\/wp\/v2\/product\/63486","targetHints":{"allow":["GET"]}}],"collection":[{"href":"https:\/\/hobstop.ee\/lt\/wp-json\/wp\/v2\/product"}],"about":[{"href":"https:\/\/hobstop.ee\/lt\/wp-json\/wp\/v2\/types\/product"}],"replies":[{"embeddable":true,"href":"https:\/\/hobstop.ee\/lt\/wp-json\/wp\/v2\/comments?post=63486"}],"wp:featuredmedia":[{"embeddable":true,"href":"https:\/\/hobstop.ee\/lt\/wp-json\/wp\/v2\/media\/354792"}],"wp:attachment":[{"href":"https:\/\/hobstop.ee\/lt\/wp-json\/wp\/v2\/media?parent=63486"}],"wp:term":[{"taxonomy":"product_cat","embeddable":true,"href":"https:\/\/hobstop.ee\/lt\/wp-json\/wp\/v2\/product_cat?post=63486"},{"taxonomy":"product_tag","embeddable":true,"href":"https:\/\/hobstop.ee\/lt\/wp-json\/wp\/v2\/product_tag?post=63486"}],"curies":[{"name":"wp","href":"https:\/\/api.w.org\/{rel}","templated":true}]}}