{"id":63507,"date":"2014-12-09T13:40:28","date_gmt":"2014-12-09T11:40:28","guid":{"rendered":"https:\/\/sharks.ee\/vunder_2019.klient.veebimajutus.ee\/?post_type=product&p=63507"},"modified":"2014-12-09T13:40:28","modified_gmt":"2014-12-09T10:40:28","slug":"sasiuvinis-eskizams-canson-art-book-universal","status":"publish","type":"product","link":"https:\/\/hobstop.ee\/lt\/produktas\/sasiuvinis-eskizams-canson-art-book-universal\/","title":{"rendered":"S\u0105siuvinis eskizams Canson Art Book Universal"},"content":{"rendered":"<p>Eskiziniame bloknote yra \u201eCrob\u2019Art 96g\/m2\u201c popieriaus lap\u0173, kuri\u0173 sud\u0117tyje n\u0117ra r\u016bg\u0161\u010di\u0173 ir baltinan\u010di\u0173 med\u017eiag\u0173, susi\u016btas elastinga si\u016ble, atlankai, kuriais galima pastatyti, apval\u016bs kampai ir i\u0161traukiama ki\u0161en\u0117l\u0117 u\u017epakaliniame vir\u0161elyje.<br \/>\nPuikiai tinka pie\u0161ti pie\u0161tuku, pastele, anglimi ir flomasteriu.<br \/>\nTinka ra\u0161ymui ir pastaboms.<\/p>\n","protected":false},"excerpt":{"rendered":"<p>Eskiziniame bloknote yra \u201eCrob\u2019Art 96g\/m2\u201c popieriaus lap\u0173, kuri\u0173 sud\u0117tyje n\u0117ra r\u016bg\u0161\u010di\u0173 ir baltinan\u010di\u0173 med\u017eiag\u0173, susi\u016btas elastinga si\u016ble, atlankai, kuriais galima pastatyti, apval\u016bs kampai ir i\u0161traukiama ki\u0161en\u0117l\u0117 u\u017epakaliniame vir\u0161elyje. Puikiai tinka pie\u0161ti pie\u0161tuku, pastele, anglimi ir flomasteriu. Tinka ra\u0161ymui ir pastaboms.<\/p>\n","protected":false},"featured_media":160375,"comment_status":"closed","ping_status":"closed","template":"","meta":{"_acf_changed":false,"ep_exclude_from_search":false},"product_cat":[19025,17922,18944],"product_tag":[],"class_list":{"0":"post-63507","1":"product","2":"type-product","3":"status-publish","4":"has-post-thumbnail","6":"product_cat-piesimo-popierius-ir-bloknotai","7":"product_cat-popieriaus-prekes","8":"product_cat-specialus-popierius-ir-kartonas","10":"first","11":"instock","12":"taxable","13":"shipping-taxable","14":"purchasable","15":"product-type-variable"},"acf":[],"yoast_head":"<!-- This site is optimized with the Yoast SEO plugin v24.1 - https:\/\/yoast.com\/wordpress\/plugins\/seo\/ -->\n<title>S\u0105siuvinis eskizams Canson Art Book Universal &#8211; Skizze<\/title>\n<meta name=\"robots\" content=\"noindex, follow, max-snippet:-1, max-image-preview:large, max-video-preview:-1\" \/>\n<meta property=\"og:locale\" content=\"lt_LT\" \/>\n<meta property=\"og:type\" content=\"article\" \/>\n<meta property=\"og:title\" content=\"S\u0105siuvinis eskizams Canson Art Book Universal &#8211; Skizze\" \/>\n<meta property=\"og:description\" content=\"Eskiziniame bloknote yra \u201eCrob\u2019Art 96g\/m2\u201c popieriaus lap\u0173, kuri\u0173 sud\u0117tyje n\u0117ra r\u016bg\u0161\u010di\u0173 ir baltinan\u010di\u0173 med\u017eiag\u0173, susi\u016btas elastinga si\u016ble, atlankai, kuriais galima pastatyti, apval\u016bs kampai ir i\u0161traukiama ki\u0161en\u0117l\u0117 u\u017epakaliniame vir\u0161elyje. Puikiai tinka pie\u0161ti pie\u0161tuku, pastele, anglimi ir flomasteriu. Tinka ra\u0161ymui ir pastaboms.\" \/>\n<meta property=\"og:url\" content=\"https:\/\/hobstop.ee\/lt\/produktas\/sasiuvinis-eskizams-canson-art-book-universal\/\" \/>\n<meta property=\"og:site_name\" content=\"Skizze\" \/>\n<meta property=\"article:publisher\" content=\"http:\/\/www.facebook.com\/VunderSkizze\" \/>\n<meta property=\"article:modified_time\" content=\"-0001-11-30T00:00:00+00:00\" \/>\n<meta property=\"og:image\" content=\"https:\/\/hobstop.ee\/media\/3894.jpg\" \/>\n\t<meta property=\"og:image:width\" content=\"1024\" \/>\n\t<meta property=\"og:image:height\" content=\"768\" \/>\n\t<meta property=\"og:image:type\" content=\"image\/jpeg\" \/>\n<meta name=\"twitter:card\" content=\"summary_large_image\" \/>\n<script type=\"application\/ld+json\" class=\"yoast-schema-graph\">{\"@context\":\"https:\/\/schema.org\",\"@graph\":[{\"@type\":\"WebPage\",\"@id\":\"https:\/\/hobstop.ee\/lt\/produktas\/sasiuvinis-eskizams-canson-art-book-universal\/\",\"url\":\"https:\/\/hobstop.ee\/lt\/produktas\/sasiuvinis-eskizams-canson-art-book-universal\/\",\"name\":\"S\u0105siuvinis eskizams Canson Art Book Universal &#8211; Skizze\",\"isPartOf\":{\"@id\":\"https:\/\/hobstop.ee\/lt\/#website\"},\"primaryImageOfPage\":{\"@id\":\"https:\/\/hobstop.ee\/lt\/produktas\/sasiuvinis-eskizams-canson-art-book-universal\/#primaryimage\"},\"image\":{\"@id\":\"https:\/\/hobstop.ee\/lt\/produktas\/sasiuvinis-eskizams-canson-art-book-universal\/#primaryimage\"},\"thumbnailUrl\":\"https:\/\/hobstop.ee\/media\/3894.jpg\",\"datePublished\":\"2014-12-09T11:40:28+00:00\",\"dateModified\":\"-0001-11-30T00:00:00+00:00\",\"breadcrumb\":{\"@id\":\"https:\/\/hobstop.ee\/lt\/produktas\/sasiuvinis-eskizams-canson-art-book-universal\/#breadcrumb\"},\"inLanguage\":\"lt\",\"potentialAction\":[{\"@type\":\"ReadAction\",\"target\":[\"https:\/\/hobstop.ee\/lt\/produktas\/sasiuvinis-eskizams-canson-art-book-universal\/\"]}]},{\"@type\":\"ImageObject\",\"inLanguage\":\"lt\",\"@id\":\"https:\/\/hobstop.ee\/lt\/produktas\/sasiuvinis-eskizams-canson-art-book-universal\/#primaryimage\",\"url\":\"https:\/\/hobstop.ee\/media\/3894.jpg\",\"contentUrl\":\"https:\/\/hobstop.ee\/media\/3894.jpg\",\"width\":1024,\"height\":768},{\"@type\":\"BreadcrumbList\",\"@id\":\"https:\/\/hobstop.ee\/lt\/produktas\/sasiuvinis-eskizams-canson-art-book-universal\/#breadcrumb\",\"itemListElement\":[{\"@type\":\"ListItem\",\"position\":1,\"name\":\"Avaleht\",\"item\":\"https:\/\/hobstop.ee\/lt\/\"},{\"@type\":\"ListItem\",\"position\":2,\"name\":\"Parduotuv\u0117\",\"item\":\"https:\/\/hobstop.ee\/lt\/parduotuve\/\"},{\"@type\":\"ListItem\",\"position\":3,\"name\":\"S\u0105siuvinis eskizams Canson Art Book Universal\"}]},{\"@type\":\"WebSite\",\"@id\":\"https:\/\/hobstop.ee\/lt\/#website\",\"url\":\"https:\/\/hobstop.ee\/lt\/\",\"name\":\"Skizze\",\"description\":\"Dail\u0117s, pom\u0117gi\u0173 ir mokykliniai reikm\u0117nys\",\"publisher\":{\"@id\":\"https:\/\/hobstop.ee\/lt\/#organization\"},\"potentialAction\":[{\"@type\":\"SearchAction\",\"target\":{\"@type\":\"EntryPoint\",\"urlTemplate\":\"https:\/\/hobstop.ee\/lt\/?s={search_term_string}\"},\"query-input\":{\"@type\":\"PropertyValueSpecification\",\"valueRequired\":true,\"valueName\":\"search_term_string\"}}],\"inLanguage\":\"lt\"},{\"@type\":\"Organization\",\"@id\":\"https:\/\/hobstop.ee\/lt\/#organization\",\"name\":\"Vunder AS\",\"url\":\"https:\/\/hobstop.ee\/lt\/\",\"logo\":{\"@type\":\"ImageObject\",\"inLanguage\":\"lt\",\"@id\":\"https:\/\/hobstop.ee\/lt\/#\/schema\/logo\/image\/\",\"url\":\"https:\/\/hobstop.ee\/media\/vunder-logo.png\",\"contentUrl\":\"https:\/\/hobstop.ee\/media\/vunder-logo.png\",\"width\":127,\"height\":55,\"caption\":\"Vunder AS\"},\"image\":{\"@id\":\"https:\/\/hobstop.ee\/lt\/#\/schema\/logo\/image\/\"},\"sameAs\":[\"http:\/\/www.facebook.com\/VunderSkizze\"]}]}<\/script>\n<!-- \/ Yoast SEO plugin. -->","yoast_head_json":{"title":"S\u0105siuvinis eskizams Canson Art Book Universal &#8211; Skizze","robots":{"index":"noindex","follow":"follow","max-snippet":"max-snippet:-1","max-image-preview":"max-image-preview:large","max-video-preview":"max-video-preview:-1"},"og_locale":"lt_LT","og_type":"article","og_title":"S\u0105siuvinis eskizams Canson Art Book Universal &#8211; Skizze","og_description":"Eskiziniame bloknote yra \u201eCrob\u2019Art 96g\/m2\u201c popieriaus lap\u0173, kuri\u0173 sud\u0117tyje n\u0117ra r\u016bg\u0161\u010di\u0173 ir baltinan\u010di\u0173 med\u017eiag\u0173, susi\u016btas elastinga si\u016ble, atlankai, kuriais galima pastatyti, apval\u016bs kampai ir i\u0161traukiama ki\u0161en\u0117l\u0117 u\u017epakaliniame vir\u0161elyje. Puikiai tinka pie\u0161ti pie\u0161tuku, pastele, anglimi ir flomasteriu. Tinka ra\u0161ymui ir pastaboms.","og_url":"https:\/\/hobstop.ee\/lt\/produktas\/sasiuvinis-eskizams-canson-art-book-universal\/","og_site_name":"Skizze","article_publisher":"http:\/\/www.facebook.com\/VunderSkizze","article_modified_time":"-0001-11-30T00:00:00+00:00","og_image":[{"width":1024,"height":768,"url":"https:\/\/hobstop.ee\/media\/3894.jpg","type":"image\/jpeg"}],"twitter_card":"summary_large_image","schema":{"@context":"https:\/\/schema.org","@graph":[{"@type":"WebPage","@id":"https:\/\/hobstop.ee\/lt\/produktas\/sasiuvinis-eskizams-canson-art-book-universal\/","url":"https:\/\/hobstop.ee\/lt\/produktas\/sasiuvinis-eskizams-canson-art-book-universal\/","name":"S\u0105siuvinis eskizams Canson Art Book Universal &#8211; Skizze","isPartOf":{"@id":"https:\/\/hobstop.ee\/lt\/#website"},"primaryImageOfPage":{"@id":"https:\/\/hobstop.ee\/lt\/produktas\/sasiuvinis-eskizams-canson-art-book-universal\/#primaryimage"},"image":{"@id":"https:\/\/hobstop.ee\/lt\/produktas\/sasiuvinis-eskizams-canson-art-book-universal\/#primaryimage"},"thumbnailUrl":"https:\/\/hobstop.ee\/media\/3894.jpg","datePublished":"2014-12-09T11:40:28+00:00","dateModified":"-0001-11-30T00:00:00+00:00","breadcrumb":{"@id":"https:\/\/hobstop.ee\/lt\/produktas\/sasiuvinis-eskizams-canson-art-book-universal\/#breadcrumb"},"inLanguage":"lt","potentialAction":[{"@type":"ReadAction","target":["https:\/\/hobstop.ee\/lt\/produktas\/sasiuvinis-eskizams-canson-art-book-universal\/"]}]},{"@type":"ImageObject","inLanguage":"lt","@id":"https:\/\/hobstop.ee\/lt\/produktas\/sasiuvinis-eskizams-canson-art-book-universal\/#primaryimage","url":"https:\/\/hobstop.ee\/media\/3894.jpg","contentUrl":"https:\/\/hobstop.ee\/media\/3894.jpg","width":1024,"height":768},{"@type":"BreadcrumbList","@id":"https:\/\/hobstop.ee\/lt\/produktas\/sasiuvinis-eskizams-canson-art-book-universal\/#breadcrumb","itemListElement":[{"@type":"ListItem","position":1,"name":"Avaleht","item":"https:\/\/hobstop.ee\/lt\/"},{"@type":"ListItem","position":2,"name":"Parduotuv\u0117","item":"https:\/\/hobstop.ee\/lt\/parduotuve\/"},{"@type":"ListItem","position":3,"name":"S\u0105siuvinis eskizams Canson Art Book Universal"}]},{"@type":"WebSite","@id":"https:\/\/hobstop.ee\/lt\/#website","url":"https:\/\/hobstop.ee\/lt\/","name":"Skizze","description":"Dail\u0117s, pom\u0117gi\u0173 ir mokykliniai reikm\u0117nys","publisher":{"@id":"https:\/\/hobstop.ee\/lt\/#organization"},"potentialAction":[{"@type":"SearchAction","target":{"@type":"EntryPoint","urlTemplate":"https:\/\/hobstop.ee\/lt\/?s={search_term_string}"},"query-input":{"@type":"PropertyValueSpecification","valueRequired":true,"valueName":"search_term_string"}}],"inLanguage":"lt"},{"@type":"Organization","@id":"https:\/\/hobstop.ee\/lt\/#organization","name":"Vunder AS","url":"https:\/\/hobstop.ee\/lt\/","logo":{"@type":"ImageObject","inLanguage":"lt","@id":"https:\/\/hobstop.ee\/lt\/#\/schema\/logo\/image\/","url":"https:\/\/hobstop.ee\/media\/vunder-logo.png","contentUrl":"https:\/\/hobstop.ee\/media\/vunder-logo.png","width":127,"height":55,"caption":"Vunder AS"},"image":{"@id":"https:\/\/hobstop.ee\/lt\/#\/schema\/logo\/image\/"},"sameAs":["http:\/\/www.facebook.com\/VunderSkizze"]}]}},"_links":{"self":[{"href":"https:\/\/hobstop.ee\/lt\/wp-json\/wp\/v2\/product\/63507","targetHints":{"allow":["GET"]}}],"collection":[{"href":"https:\/\/hobstop.ee\/lt\/wp-json\/wp\/v2\/product"}],"about":[{"href":"https:\/\/hobstop.ee\/lt\/wp-json\/wp\/v2\/types\/product"}],"replies":[{"embeddable":true,"href":"https:\/\/hobstop.ee\/lt\/wp-json\/wp\/v2\/comments?post=63507"}],"wp:featuredmedia":[{"embeddable":true,"href":"https:\/\/hobstop.ee\/lt\/wp-json\/wp\/v2\/media\/160375"}],"wp:attachment":[{"href":"https:\/\/hobstop.ee\/lt\/wp-json\/wp\/v2\/media?parent=63507"}],"wp:term":[{"taxonomy":"product_cat","embeddable":true,"href":"https:\/\/hobstop.ee\/lt\/wp-json\/wp\/v2\/product_cat?post=63507"},{"taxonomy":"product_tag","embeddable":true,"href":"https:\/\/hobstop.ee\/lt\/wp-json\/wp\/v2\/product_tag?post=63507"}],"curies":[{"name":"wp","href":"https:\/\/api.w.org\/{rel}","templated":true}]}}