{"id":177,"date":"2014-08-11T14:41:32","date_gmt":"2014-08-11T11:41:32","guid":{"rendered":"https:\/\/sharks.ee\/vunder_2019.klient.veebimajutus.ee\/?page_id=177"},"modified":"2018-10-10T12:49:50","modified_gmt":"2018-10-10T09:49:50","slug":"kontakti","status":"publish","type":"page","link":"https:\/\/hobstop.ee\/lv\/kontakti\/","title":{"rendered":"Kontakti"},"content":{"rendered":"<div class=\"row\"><div class=\"col-sm-3\">\n<h3>E-veikals<\/h3>\n<p>t\u0101lr. 67 311 012<br \/>\ne-pasts: <a href=\"mailto:latvija@vunder.eu\" target=\"_blank\">latvija@vunder.eu<br \/>\n<\/a>Pirmd \u2013 Piektd 08.00-16.00<a href=\"mailto:latvija@vunder.eu\" target=\"_blank\"><br \/>\n<\/a><\/p>\n<p><\/p><\/div><div class=\"col-sm-3\">\n<h3>P\u0101rst\u0101vniec\u012bba\u00a0Latvij\u0101<\/h3>\n<p>Vunder Art SIA<br \/>\nT\u0113raudlietuves iela 22, R\u012bga<br \/>\nt\u0101lr. 67 311 012<br \/>\nfakss. 67 311 013<br \/>\ne-pasts: <a href=\"mailto:latvija@vunder.eu\" target=\"_blank\">latvija@vunder.eu<\/a><br \/>\nPirmd \u2013 Piektd 08.00-16.00<br \/>\nSestd \u2013 Sv\u0113td sl\u0113gts<br \/>\n<\/p><\/div>\n<p><div class=\"col-sm-3\">\n<p>&nbsp;<\/p>\n<p><\/p><\/div><div class=\"col-sm-3\">\n<h3>Uz\u0146\u0113muma\u00a0rekviz\u012bti<\/h3>\n<p>AS Vunder<br \/>\nPirni 7, 10617 Tallinn<br \/>\nRe\u0123istr\u0101cijas nr : 10324324<br \/>\nPVN re\u0123istr\u0101cijas nr : EE100098200<br \/>\nKonta nr. EE202200221001115579<\/p>\n<p><\/p><\/div><\/p><\/div>\n<hr \/>\n<div class=\"row\">\n<p><div class=\"col-sm-3\">\n<h3><img loading=\"lazy\" decoding=\"async\" class=\"alignnone wp-image-291\" src=\"https:\/\/hobstop.ee\/media\/\/logo-skizze-300x123.png\" alt=\"logo-skizze\" width=\"59\" height=\"24\" srcset=\"https:\/\/hobstop.ee\/media\/logo-skizze-300x123.png 300w, https:\/\/hobstop.ee\/media\/logo-skizze-385x158.png 385w, https:\/\/hobstop.ee\/media\/logo-skizze-115x47.png 115w, https:\/\/hobstop.ee\/media\/logo-skizze-230x94.png 230w, https:\/\/hobstop.ee\/media\/logo-skizze.png 400w\" sizes=\"auto, (max-width: 59px) 100vw, 59px\" \/>\u00a0Tallinn<\/h3>\n<p>Pirni 7, Tallinn<br \/>\nt\u0101lr. (+372) 65 64 225<br \/>\ne-pasts: <a href=\"mailto:tallinn@skizze.ee\" target=\"_blank\">tallinn@skizze.ee<\/a><br \/>\nPirmd \u2013 Piektd 09.00-18.00<br \/>\nSestd 10.00-16.00<br \/>\nSv\u0113td sl\u0113gts<\/p>\n<p><\/p><\/div><div class=\"col-sm-3\">\n<h3><img loading=\"lazy\" decoding=\"async\" class=\"alignnone wp-image-291\" src=\"https:\/\/hobstop.ee\/media\/\/logo-skizze-300x123.png\" alt=\"logo-skizze\" width=\"59\" height=\"24\" srcset=\"https:\/\/hobstop.ee\/media\/logo-skizze-300x123.png 300w, https:\/\/hobstop.ee\/media\/logo-skizze-385x158.png 385w, https:\/\/hobstop.ee\/media\/logo-skizze-115x47.png 115w, https:\/\/hobstop.ee\/media\/logo-skizze-230x94.png 230w, https:\/\/hobstop.ee\/media\/logo-skizze.png 400w\" sizes=\"auto, (max-width: 59px) 100vw, 59px\" \/>\u00a0ARS<\/h3>\n<p>P\u00e4rnu mnt 154, Tallinn<br \/>\nt\u0101lr. (+372)\u00a065 95 550<br \/>\ne-pasts:\u00a0<a href=\"mailto:ars@skizze.ee\" target=\"_blank\">ars@skizze.ee<\/a><br \/>\nPirmd \u2013 Piektd 10.00-18.00<br \/>\nSestd 10.00-15.00<br \/>\nSv\u0113td sl\u0113gts<\/p>\n<p><\/p><\/div><div class=\"col-sm-3\">\n<h3><img loading=\"lazy\" decoding=\"async\" class=\"alignnone wp-image-291\" src=\"https:\/\/hobstop.ee\/media\/\/logo-skizze-300x123.png\" alt=\"logo-skizze\" width=\"59\" height=\"24\" srcset=\"https:\/\/hobstop.ee\/media\/logo-skizze-300x123.png 300w, https:\/\/hobstop.ee\/media\/logo-skizze-385x158.png 385w, https:\/\/hobstop.ee\/media\/logo-skizze-115x47.png 115w, https:\/\/hobstop.ee\/media\/logo-skizze-230x94.png 230w, https:\/\/hobstop.ee\/media\/logo-skizze.png 400w\" sizes=\"auto, (max-width: 59px) 100vw, 59px\" \/>\u00a0Tartu<\/h3>\n<p>Riia 10, Tartu<br \/>\nt\u0101lr. (+372) 7 381 591<br \/>\ne-pasts: <a href=\"mailto:tartu@skizze.ee\" target=\"_blank\">tartu@skizze.ee<\/a><br \/>\nPirmd \u2013 Piektd 10.00-18.00<br \/>\nSestd 10.00-15.00<br \/>\nSv\u0113td sl\u0113gts<\/p>\n<p><\/p><\/div><div class=\"col-sm-3\">\n<h3>Ofiss un noliktava<\/h3>\n<p>Kesk tee 9, J\u00fcri Tehnopark<br \/>\nt\u0101lr. (+372) 65 64 003<br \/>\nfakss. (+372) 65 64 216<br \/>\ne-pasts: <a href=\"mailto:info@sharks.ee\" target=\"_blank\">info@sharks.ee<\/a><br \/>\nPirmd \u2013 Piektd 08.30-17.00<br \/>\nSestd \u2013 Sv\u0113td sl\u0113gts<\/p>\n<p><\/p><\/div><\/p><\/div>\n<p>&nbsp;<\/p>\n<div class=\"row\"><div class=\"col-sm-3\">\n<h3><\/h3>\n<p><\/p><\/div><div class=\"col-sm-3\">\n<h3><img loading=\"lazy\" decoding=\"async\" class=\"alignnone wp-image-291\" src=\"https:\/\/hobstop.ee\/media\/\/logo-skizze-300x123.png\" alt=\"logo-skizze\" width=\"59\" height=\"24\" srcset=\"https:\/\/hobstop.ee\/media\/logo-skizze-300x123.png 300w, https:\/\/hobstop.ee\/media\/logo-skizze-385x158.png 385w, https:\/\/hobstop.ee\/media\/logo-skizze-115x47.png 115w, https:\/\/hobstop.ee\/media\/logo-skizze-230x94.png 230w, https:\/\/hobstop.ee\/media\/logo-skizze.png 400w\" sizes=\"auto, (max-width: 59px) 100vw, 59px\" \/>\u00a0Vilnius<\/h3>\n<p>Atelj\u0117 &#8220;Eskizas&#8221;\u00a0UAB<br \/>\nS\u0117li\u0173 g. 39, Vilnius<br \/>\nt\u0101lr. (+370) 5 247 1865<br \/>\ne-pasts: <a href=\"mailto:vilnius@skizze.lt\" target=\"_blank\">vilnius@skizze.lt<\/a><br \/>\nPirmd \u2013 Piektd 10.00-18.30<br \/>\nSestd 10.00-15.00<br \/>\nSv\u0113td sl\u0113gts<\/p>\n<p><\/p><\/div><div class=\"col-sm-3\">\n<h3><img loading=\"lazy\" decoding=\"async\" class=\"alignnone wp-image-291\" src=\"https:\/\/hobstop.ee\/media\/\/logo-skizze-300x123.png\" alt=\"logo-skizze\" width=\"59\" height=\"24\" srcset=\"https:\/\/hobstop.ee\/media\/logo-skizze-300x123.png 300w, https:\/\/hobstop.ee\/media\/logo-skizze-385x158.png 385w, https:\/\/hobstop.ee\/media\/logo-skizze-115x47.png 115w, https:\/\/hobstop.ee\/media\/logo-skizze-230x94.png 230w, https:\/\/hobstop.ee\/media\/logo-skizze.png 400w\" sizes=\"auto, (max-width: 59px) 100vw, 59px\" \/>\u00a0\u0160iauliai<\/h3>\n<p>&#8220;Dail\u0117s Prek\u0117s&#8221;\u00a0UAB<br \/>\nTil\u017e\u0117s g. 139,\u00a0\u0160iauliai<br \/>\nt\u0101lr. (+370)\u00a041 200 267<br \/>\ne-pasts: <a href=\"mailto:siauliai@skizze.lt\" target=\"_blank\">siauliai@skizze.lt<\/a><br \/>\nPirmd \u2013 Piektd 10.00-18.00<br \/>\nSestd 10.00-15.00<br \/>\nSv\u0113td sl\u0113gts<\/p>\n<h3><\/h3>\n<p><\/p><\/div><div class=\"col-sm-3\">\n<h3>P\u0101rst\u0101vniec\u012bba\u00a0Lietuv\u0101<\/h3>\n<p>t\u0101lr.\u00a0(+370) 65 596 273<br \/>\nfakss.\u00a0(+372) 65 64 216<br \/>\ne-pasts: <a href=\"mailto:lietuva@vunder.eu\" target=\"_blank\">lietuva@vunder.eu<\/a><\/p>\n<p><\/p><\/div><\/div>\n","protected":false},"excerpt":{"rendered":"<p>&nbsp;<\/p>\n","protected":false},"author":1,"featured_media":0,"parent":0,"menu_order":0,"comment_status":"closed","ping_status":"closed","template":"page-contact.php","meta":{"_acf_changed":false,"ep_exclude_from_search":false,"footnotes":""},"class_list":["post-177","page","type-page","status-publish","hentry"],"acf":[],"yoast_head":"<!-- This site is optimized with the Yoast SEO plugin v24.1 - https:\/\/yoast.com\/wordpress\/plugins\/seo\/ -->\n<title>Kontakti &#8211; Skizze<\/title>\n<meta name=\"robots\" content=\"noindex, follow, max-snippet:-1, max-image-preview:large, max-video-preview:-1\" \/>\n<meta property=\"og:locale\" content=\"lv_LV\" \/>\n<meta property=\"og:type\" content=\"article\" \/>\n<meta property=\"og:title\" content=\"Kontakti &#8211; Skizze\" \/>\n<meta property=\"og:description\" content=\"&nbsp;\" \/>\n<meta property=\"og:url\" content=\"https:\/\/hobstop.ee\/lv\/kontakti\/\" \/>\n<meta property=\"og:site_name\" content=\"Skizze\" \/>\n<meta property=\"article:publisher\" content=\"http:\/\/www.facebook.com\/VunderSkizze\" \/>\n<meta property=\"article:modified_time\" content=\"2018-10-10T09:49:50+00:00\" \/>\n<meta property=\"og:image\" content=\"https:\/\/hobstop.ee\/media\/\/logo-skizze-300x123.png\" \/>\n<meta name=\"twitter:card\" content=\"summary_large_image\" \/>\n<meta name=\"twitter:label1\" content=\"Est. reading time\" \/>\n\t<meta name=\"twitter:data1\" content=\"1 min\u016b\u0161u\" \/>\n<script type=\"application\/ld+json\" class=\"yoast-schema-graph\">{\"@context\":\"https:\/\/schema.org\",\"@graph\":[{\"@type\":\"WebPage\",\"@id\":\"https:\/\/hobstop.ee\/lv\/kontakti\/\",\"url\":\"https:\/\/hobstop.ee\/lv\/kontakti\/\",\"name\":\"Kontakti &#8211; Skizze\",\"isPartOf\":{\"@id\":\"https:\/\/hobstop.ee\/lv\/#website\"},\"primaryImageOfPage\":{\"@id\":\"https:\/\/hobstop.ee\/lv\/kontakti\/#primaryimage\"},\"image\":{\"@id\":\"https:\/\/hobstop.ee\/lv\/kontakti\/#primaryimage\"},\"thumbnailUrl\":\"https:\/\/hobstop.ee\/media\/\/logo-skizze-300x123.png\",\"datePublished\":\"2014-08-11T11:41:32+00:00\",\"dateModified\":\"2018-10-10T09:49:50+00:00\",\"breadcrumb\":{\"@id\":\"https:\/\/hobstop.ee\/lv\/kontakti\/#breadcrumb\"},\"inLanguage\":\"lv-LV\",\"potentialAction\":[{\"@type\":\"ReadAction\",\"target\":[\"https:\/\/hobstop.ee\/lv\/kontakti\/\"]}]},{\"@type\":\"ImageObject\",\"inLanguage\":\"lv-LV\",\"@id\":\"https:\/\/hobstop.ee\/lv\/kontakti\/#primaryimage\",\"url\":\"https:\/\/hobstop.ee\/media\/\/logo-skizze-300x123.png\",\"contentUrl\":\"https:\/\/hobstop.ee\/media\/\/logo-skizze-300x123.png\"},{\"@type\":\"BreadcrumbList\",\"@id\":\"https:\/\/hobstop.ee\/lv\/kontakti\/#breadcrumb\",\"itemListElement\":[{\"@type\":\"ListItem\",\"position\":1,\"name\":\"Avaleht\",\"item\":\"https:\/\/www.hobstop.ee\/lv\/\"},{\"@type\":\"ListItem\",\"position\":2,\"name\":\"Kontakti\"}]},{\"@type\":\"WebSite\",\"@id\":\"https:\/\/hobstop.ee\/lv\/#website\",\"url\":\"https:\/\/hobstop.ee\/lv\/\",\"name\":\"Skizze\",\"description\":\"M\u0101kslas, hobiju un skolas preces\",\"publisher\":{\"@id\":\"https:\/\/hobstop.ee\/lv\/#organization\"},\"potentialAction\":[{\"@type\":\"SearchAction\",\"target\":{\"@type\":\"EntryPoint\",\"urlTemplate\":\"https:\/\/hobstop.ee\/lv\/?s={search_term_string}\"},\"query-input\":{\"@type\":\"PropertyValueSpecification\",\"valueRequired\":true,\"valueName\":\"search_term_string\"}}],\"inLanguage\":\"lv-LV\"},{\"@type\":\"Organization\",\"@id\":\"https:\/\/hobstop.ee\/lv\/#organization\",\"name\":\"Vunder AS\",\"url\":\"https:\/\/hobstop.ee\/lv\/\",\"logo\":{\"@type\":\"ImageObject\",\"inLanguage\":\"lv-LV\",\"@id\":\"https:\/\/hobstop.ee\/lv\/#\/schema\/logo\/image\/\",\"url\":\"https:\/\/hobstop.ee\/media\/vunder-logo.png\",\"contentUrl\":\"https:\/\/hobstop.ee\/media\/vunder-logo.png\",\"width\":127,\"height\":55,\"caption\":\"Vunder AS\"},\"image\":{\"@id\":\"https:\/\/hobstop.ee\/lv\/#\/schema\/logo\/image\/\"},\"sameAs\":[\"http:\/\/www.facebook.com\/VunderSkizze\"]}]}<\/script>\n<!-- \/ Yoast SEO plugin. -->","yoast_head_json":{"title":"Kontakti &#8211; Skizze","robots":{"index":"noindex","follow":"follow","max-snippet":"max-snippet:-1","max-image-preview":"max-image-preview:large","max-video-preview":"max-video-preview:-1"},"og_locale":"lv_LV","og_type":"article","og_title":"Kontakti &#8211; Skizze","og_description":"&nbsp;","og_url":"https:\/\/hobstop.ee\/lv\/kontakti\/","og_site_name":"Skizze","article_publisher":"http:\/\/www.facebook.com\/VunderSkizze","article_modified_time":"2018-10-10T09:49:50+00:00","og_image":[{"url":"https:\/\/hobstop.ee\/media\/\/logo-skizze-300x123.png","type":"","width":"","height":""}],"twitter_card":"summary_large_image","twitter_misc":{"Est. reading time":"1 min\u016b\u0161u"},"schema":{"@context":"https:\/\/schema.org","@graph":[{"@type":"WebPage","@id":"https:\/\/hobstop.ee\/lv\/kontakti\/","url":"https:\/\/hobstop.ee\/lv\/kontakti\/","name":"Kontakti &#8211; Skizze","isPartOf":{"@id":"https:\/\/hobstop.ee\/lv\/#website"},"primaryImageOfPage":{"@id":"https:\/\/hobstop.ee\/lv\/kontakti\/#primaryimage"},"image":{"@id":"https:\/\/hobstop.ee\/lv\/kontakti\/#primaryimage"},"thumbnailUrl":"https:\/\/hobstop.ee\/media\/\/logo-skizze-300x123.png","datePublished":"2014-08-11T11:41:32+00:00","dateModified":"2018-10-10T09:49:50+00:00","breadcrumb":{"@id":"https:\/\/hobstop.ee\/lv\/kontakti\/#breadcrumb"},"inLanguage":"lv-LV","potentialAction":[{"@type":"ReadAction","target":["https:\/\/hobstop.ee\/lv\/kontakti\/"]}]},{"@type":"ImageObject","inLanguage":"lv-LV","@id":"https:\/\/hobstop.ee\/lv\/kontakti\/#primaryimage","url":"https:\/\/hobstop.ee\/media\/\/logo-skizze-300x123.png","contentUrl":"https:\/\/hobstop.ee\/media\/\/logo-skizze-300x123.png"},{"@type":"BreadcrumbList","@id":"https:\/\/hobstop.ee\/lv\/kontakti\/#breadcrumb","itemListElement":[{"@type":"ListItem","position":1,"name":"Avaleht","item":"https:\/\/www.hobstop.ee\/lv\/"},{"@type":"ListItem","position":2,"name":"Kontakti"}]},{"@type":"WebSite","@id":"https:\/\/hobstop.ee\/lv\/#website","url":"https:\/\/hobstop.ee\/lv\/","name":"Skizze","description":"M\u0101kslas, hobiju un skolas preces","publisher":{"@id":"https:\/\/hobstop.ee\/lv\/#organization"},"potentialAction":[{"@type":"SearchAction","target":{"@type":"EntryPoint","urlTemplate":"https:\/\/hobstop.ee\/lv\/?s={search_term_string}"},"query-input":{"@type":"PropertyValueSpecification","valueRequired":true,"valueName":"search_term_string"}}],"inLanguage":"lv-LV"},{"@type":"Organization","@id":"https:\/\/hobstop.ee\/lv\/#organization","name":"Vunder AS","url":"https:\/\/hobstop.ee\/lv\/","logo":{"@type":"ImageObject","inLanguage":"lv-LV","@id":"https:\/\/hobstop.ee\/lv\/#\/schema\/logo\/image\/","url":"https:\/\/hobstop.ee\/media\/vunder-logo.png","contentUrl":"https:\/\/hobstop.ee\/media\/vunder-logo.png","width":127,"height":55,"caption":"Vunder AS"},"image":{"@id":"https:\/\/hobstop.ee\/lv\/#\/schema\/logo\/image\/"},"sameAs":["http:\/\/www.facebook.com\/VunderSkizze"]}]}},"_links":{"self":[{"href":"https:\/\/hobstop.ee\/lv\/wp-json\/wp\/v2\/pages\/177","targetHints":{"allow":["GET"]}}],"collection":[{"href":"https:\/\/hobstop.ee\/lv\/wp-json\/wp\/v2\/pages"}],"about":[{"href":"https:\/\/hobstop.ee\/lv\/wp-json\/wp\/v2\/types\/page"}],"author":[{"embeddable":true,"href":"https:\/\/hobstop.ee\/lv\/wp-json\/wp\/v2\/users\/1"}],"replies":[{"embeddable":true,"href":"https:\/\/hobstop.ee\/lv\/wp-json\/wp\/v2\/comments?post=177"}],"version-history":[{"count":27,"href":"https:\/\/hobstop.ee\/lv\/wp-json\/wp\/v2\/pages\/177\/revisions"}],"predecessor-version":[{"id":324708,"href":"https:\/\/hobstop.ee\/lv\/wp-json\/wp\/v2\/pages\/177\/revisions\/324708"}],"wp:attachment":[{"href":"https:\/\/hobstop.ee\/lv\/wp-json\/wp\/v2\/media?parent=177"}],"curies":[{"name":"wp","href":"https:\/\/api.w.org\/{rel}","templated":true}]}}