{"id":313143,"date":"2018-07-08T20:40:51","date_gmt":"2018-07-08T17:40:51","guid":{"rendered":"https:\/\/sharks.ee\/vunder_2019\/lv\/?page_id=313143"},"modified":"2018-07-08T20:40:51","modified_gmt":"2018-07-08T17:40:51","slug":"privatuma-politika","status":"publish","type":"page","link":"https:\/\/hobstop.ee\/lv\/privatuma-politika\/","title":{"rendered":"Priv\u0101tuma politika"},"content":{"rendered":"<p style=\"text-align: justify;\">Atbild\u012bg\u0101 person\u0101 par interneta veikala personas datu apstr\u0101di ir AS Vunder (re\u0123istr\u0101cijas kods 10324324), adrese Pirni 7, Tallina, t\u0101lrunis +372 65 64 003 un e-pasts <a href=\"mailto:info@sharks.ee\" target=\"_blank\">info@sharks.ee<\/a>.<\/p>\n<hr \/>\n<h2 style=\"text-align: justify;\">K\u0101di personas dati tiek apstr\u0101d\u0101ti<\/h2>\n<ul style=\"text-align: justify;\">\n<li>v\u0101rds, t\u0101lru\u0146a numurs un e-pasta adrese;<\/li>\n<li>pre\u010du sa\u0146em\u0161anas adrese;<\/li>\n<li>bankas konta numurs;<\/li>\n<li>pre\u010du un pakalpojumu apmaksa un ar apmaksu saist\u012btie dati (pirkumu v\u0113sture);<\/li>\n<li>klientu atbalsta dati.<\/li>\n<\/ul>\n<hr \/>\n<h2 style=\"text-align: justify;\">Datu apstr\u0101des m\u0113r\u0137is<\/h2>\n<p style=\"text-align: justify;\">Personas dati tiek izmantoti ar m\u0113r\u0137i apstr\u0101d\u0101t klienta pas\u016bt\u012bjumu un organiz\u0113t pre\u010du pieg\u0101di.<\/p>\n<p style=\"text-align: justify;\">Pirkumu v\u0113stures dati (pirkuma datums, preces, daudzums, klienta dati) tiek izmantoti, lai veidotu p\u0101rskatu par ieg\u0101d\u0101taj\u0101m prec\u0113m un analiz\u0113tu klientu izv\u0113li, ieg\u0101d\u0101joties preces.<\/p>\n<p style=\"text-align: justify;\">Bankas konta numurs tiek izmantots iemaks\u0101t\u0101s naudas atgrie\u0161anai.<\/p>\n<p style=\"text-align: justify;\">Personas dati, piem\u0113ram, e-pasts, t\u0101lru\u0146a numurs, klienta v\u0101rds tiek apstr\u0101d\u0101ti ar m\u0113r\u0137i atrisin\u0101tu jaut\u0101jumus, kas saist\u012bti ar pakalpojumu un pre\u010du ieg\u0101di (klientu atbalsts).<\/p>\n<p style=\"text-align: justify;\">Interneta veikala lietot\u0101ja IP adrese vai citi t\u012bkla identifikatori tiek apstr\u0101d\u0101ti, lai nodro\u0161in\u0101tu interneta veikala k\u0101 informat\u012bvas vides pakalpojuma snieg\u0161anai un t\u012bmek\u013ca vietnes izmanto\u0161anas statistikas veido\u0161anai.<\/p>\n<hr \/>\n<h2 style=\"text-align: justify;\">Tiesiskais pamatojums<\/h2>\n<p style=\"text-align: justify;\">Personas datu apstr\u0101de tiek veikta ar m\u0113r\u0137i pild\u012bt l\u012bguma, kas nosl\u0113gts ar klientu, noteikumus.<\/p>\n<p style=\"text-align: justify;\">Personas datu apstr\u0101de notiek ar m\u0113r\u0137i pild\u012bt juridisk\u0101s saist\u012bbas (piem\u0113ram, gr\u0101matved\u012bba un str\u012bdu iz\u0161\u0137ir\u0161ana).<\/p>\n<hr \/>\n<h2 style=\"text-align: justify;\">Kam personas dati tiek s\u016bt\u012bti<\/h2>\n<p style=\"text-align: justify;\">Personas dati tiek nos\u016bt\u012bti interneta veikala klientu atbalstam ar m\u0113r\u0137i apstr\u0101d\u0101t pirkumus un veiktu pirkuma v\u0113stures apstr\u0101di, k\u0101 ar\u012b risin\u0101tu klientu probl\u0113mas.<\/p>\n<p style=\"text-align: justify;\">V\u0101rds, t\u0101lru\u0146a numurs un e-pasta adrese tiek nos\u016bt\u012bta klienta izv\u0113l\u0113tajam transporta pakalpojumu sniedz\u0113jam. Ja pre\u010du pieg\u0101di uz klienta nor\u0101d\u012bto adresi veic kurjers, tad papildu kontaktinform\u0101cijai, transporta pakalpojumu sniedz\u0113jam tiek nos\u016bt\u012bta ar\u012b klienta adrese.<\/p>\n<p style=\"text-align: justify;\">Ja gr\u0101matved\u012bbas pakalpojumus interneta veikalam sniedz konkr\u0113t\u0101 pakalpojuma sniedz\u0113js, personas dati tiek nos\u016bt\u012bti pakalpojumu sniedz\u0113jam gr\u0101matved\u012bbas nol\u016bkos.<\/p>\n<p style=\"text-align: justify;\">Personas datus var p\u0101rs\u016bt\u012bt IT pakalpojumu sniedz\u0113jiem, ja tas ir nepiecie\u0161ams, lai nodro\u0161in\u0101tu interneta veikala funkcionalit\u0101ti vai datu uzglab\u0101\u0161anu.<\/p>\n<hr \/>\n<h2 style=\"text-align: justify;\">Dro\u0161\u012bba un piek\u013cuve datiem<\/h2>\n<p style=\"text-align: justify;\">Personas dati tiek glab\u0101ti virtu\u0101lajos un priv\u0101tajos serveros, kas atrodas k\u0101das Eiropas Savien\u012bbas dal\u012bbvalsts teritorij\u0101 vai valst\u012bs, kas ir Eiropas Ekonomisk\u0101s zonas dal\u012bbvalstis. Datus var nos\u016bt\u012bt uzglab\u0101\u0161anai valst\u012bs, kuru datu aizsardz\u012bbas l\u012bmeni Eiropas Komisija ir atzin\u012bgi nov\u0113rt\u0113jusi, un ASV uz\u0146\u0113mumiem, kas ir pievienoju\u0161ies datu aizsardz\u012bbas sist\u0113mai\u00a0 \u201cPriv\u0101tuma vairoga\u201d.<\/p>\n<p style=\"text-align: justify;\">Piek\u013cuve personas datiem ir interneta veikala darbiniekiem, var\u0113tu atrisin\u0101t ar interneta veikala izmanto\u0161anu saist\u012btos tehniskos jaut\u0101jumus un nodro\u0161in\u0101tu klienta atbalsta pakalpojumu.<\/p>\n<p style=\"text-align: justify;\">Interneta veikals \u012bsteno nepiecie\u0161amos fiziskos, organizatoriskos un informat\u012bvos dro\u0161\u012bbas pas\u0101kumus, lai aizsarg\u0101tu personas inform\u0101ciju pret nejau\u0161u vai nelikum\u012bgu izn\u012bcin\u0101\u0161anu, nozaud\u0113\u0161anu, groz\u012b\u0161anu vai neat\u013cautu piek\u013cuvi un publisko\u0161anu.<\/p>\n<p style=\"text-align: justify;\">Personas datu p\u0101rs\u016bt\u012b\u0161ana interneta veikala pilnvarotajiem sadarb\u012bbas partneriem (piem\u0113ram, transporta pakalpojumu sniedz\u0113jiem un datu uzglab\u0101\u0161anas sniedz\u0113jiem) notiek, pamatojoties uz l\u012bgumiem ar tie\u0161saistes veikalu un pilnvarotajiem p\u0101rst\u0101vjiem. Pilnvaroto sadarb\u012bbas partneru pien\u0101kums, veicot datu apstr\u0101di, ir nodro\u0161in\u0101t atbilsto\u0161us dro\u0161\u012bbas pas\u0101kumus.<\/p>\n<hr \/>\n<h2 style=\"text-align: justify;\">Iepaz\u012b\u0161an\u0101s ar personas datiem un labojumu veik\u0161ana<\/h2>\n<p style=\"text-align: justify;\">Personas datus var apskat\u012bt un labot interneta veikala lietot\u0101ja profil\u0101. Ja pirkums ir veikts bez lietot\u0101ja konta, piek\u013c\u016bt personiskajai inform\u0101cijai var, izmantojot klientu atbalstu.<\/p>\n<hr \/>\n<h2 style=\"text-align: justify;\">Piekri\u0161anas atsauk\u0161ana<\/h2>\n<p style=\"text-align: justify;\">Ja personas datu apstr\u0101de notiek, pamatojoties uz klienta piekri\u0161anu, klientam ir ties\u012bbas atsaukt piekri\u0161anu, nos\u016btot attiec\u012bgu e-pastu par to klientu atbalstam.<\/p>\n<hr \/>\n<h2 style=\"text-align: justify;\">Datu saglab\u0101\u0161ana<\/h2>\n<p style=\"text-align: justify;\">Sl\u0113dzot interneta veikala klientu kontu, personas dati tiks dz\u0113sti, ja vien \u0161ie dati nav j\u0101glab\u0101 gr\u0101matved\u012bbas nol\u016bkos vai pat\u0113r\u0113t\u0101ju str\u012bdu iz\u0161\u0137ir\u0161anai.<\/p>\n<p style=\"text-align: justify;\">Ja pirkums interneta veikal\u0101 ir veikts bez klienta konta izveido\u0161anas, pirkuma v\u0113sture tiks saglab\u0101ta tr\u012bs gadus.<\/p>\n<p style=\"text-align: justify;\">Str\u012bdu gad\u012bjum\u0101, kas saist\u012bti ar maks\u0101jumiem un pat\u0113r\u0113t\u0101ja ties\u012bb\u0101m, personas dati tiek saglab\u0101ti l\u012bdz pras\u012bbu izpildei vai noilguma termi\u0146a beig\u0101m.<\/p>\n<p style=\"text-align: justify;\">Gr\u0101matved\u012bbai nepiecie\u0161amie personas dati tiks saglab\u0101ti septi\u0146us gadus.<\/p>\n<hr \/>\n<h2 style=\"text-align: justify;\">Datu dz\u0113\u0161ana<\/h2>\n<p style=\"text-align: justify;\">Lai izdz\u0113stu personas datus, l\u016bdzam nos\u016bt\u012bt e-pastu klientu atbalstam. Atbilde uz klienta piepras\u012bjumu dz\u0113st datus tiks sniegta ne v\u0113l\u0101k k\u0101 viena m\u0113ne\u0161a laik\u0101, un tiks preciz\u0113ts datu dz\u0113\u0161anas termi\u0146\u0161.<\/p>\n<hr \/>\n<h2 style=\"text-align: justify;\">Datu p\u0101rnesam\u012bba<\/h2>\n<p style=\"text-align: justify;\">Atbilde uz klienta piepras\u012bjumu p\u0101rnest datus tiks sniegta ne v\u0113l\u0101k k\u0101 viena m\u0113ne\u0161a laik\u0101. Klientu atbalsts identific\u0113 identiskus datus un inform\u0113 par personas datiem, kuri ir paredz\u0113ti p\u0101rne\u0161anai.<\/p>\n<hr \/>\n<h2 style=\"text-align: justify;\">Tie\u0161\u0101 m\u0101rketinga zi\u0146ojumi<\/h2>\n<p style=\"text-align: justify;\">E-pasta adrese un t\u0101lru\u0146a numurs tiek izmantoti tie\u0161\u0101 m\u0101rketinga zi\u0146ojumu nos\u016bt\u012b\u0161anai, ja klients ir devis tam savu piekri\u0161anu. Ja klients nev\u0113las sa\u0146emt tie\u0161\u0101 m\u0101rketinga zi\u0146ojumus, l\u016bdzam izv\u0113lieties attiec\u012bgo atsauci e-pasta k\u0101jen\u0113 vai sazin\u0101ties ar klientu atbalstu.<\/p>\n<hr \/>\n<h2 style=\"text-align: justify;\">S\u012bkdat\u0146u izmanto\u0161ana<\/h2>\n<p style=\"text-align: justify;\">T\u012bmek\u013ca vietne izmanto s\u012bkdatnes jeb <em>cookies<\/em>. S\u012bkdatne ir neliels teksta fails, kuru p\u0101rl\u016bkprogramma autom\u0101tiski saglab\u0101 lietot\u0101ja ier\u012bc\u0113. S\u012bkdatnes tiek izmantots, lai apkopotu inform\u0101ciju par to, k\u0101 lietot\u0101js izmanto t\u012bmek\u013ca vietni ar m\u0113r\u0137i pied\u0101v\u0101t \u0113rt\u0101ku lieto\u0161anas pieredzi.<\/p>\n<p style=\"text-align: justify;\">T\u012bmek\u013ca vietn\u0113 tiek izmantoti \u0161\u0101das s\u012bkdatnes:<\/p>\n<ul style=\"text-align: justify;\">\n<li>sesijas s\u012bkdatnes, kuru m\u0113r\u0137is ir nodro\u0161in\u0101t paredz\u0113tas t\u012bmek\u013ca vietnes izmanto\u0161anu;<\/li>\n<li>past\u0101v\u012bg\u0101s s\u012bkdatnes, kuru m\u0113r\u0137is ir atcer\u0113ties klienta veikt\u0101s izv\u0113les t\u012bmek\u013ca vietn\u0113;<\/li>\n<li>pirm\u0101s un\/ vai tre\u0161\u0101s puses s\u012bkdatnes, kuru m\u0113r\u0137is ir r\u0101d\u012bt klientam piem\u0113rotu rekl\u0101mu un pied\u0101v\u0101jumus;<\/li>\n<li>tre\u0161o pu\u0161u anal\u012btikas s\u012bkdatnes, kuru m\u0113r\u0137is ir m\u0101rketinga komunik\u0101cijas optimiz\u0101cija.<\/li>\n<\/ul>\n<p style=\"text-align: justify;\">Lietot\u0101ji var izdz\u0113st un\/ vai blo\u0137\u0113t sav\u0101s ier\u012bc\u0113s saglab\u0101t\u0101s s\u012bkdatnes, veicot izmai\u0146as p\u0101rl\u016bkprogrammas iestat\u012bjumos. Ja s\u012bkdatnes netiek izmantotas, t\u012bmek\u013ca vietne var darboties nepareizi un\/ vai da\u017eas funkcijas lietot\u0101jiem var b\u016bt nepieejamas.<\/p>\n<p style=\"text-align: justify;\">Papildus anal\u012btisko s\u012bkdat\u0146u izmanto\u0161anai, vietnes izmanto pikse\u013cus (pikse\u013cu tagus, t\u012bmek\u013ca b\u0101ksign\u0101lus) ar m\u0113r\u0137i sekot, k\u0101 tiek t\u012bmek\u013ca vietne lietota. To darot, personas dati netiek apstr\u0101d\u0101ti.<\/p>\n<hr \/>\n<h2 style=\"text-align: justify;\">Str\u012bdu iz\u0161\u0137ir\u0161ana<\/h2>\n<p style=\"text-align: justify;\">Str\u012bdi, kas radu\u0161ies saist\u012bb\u0101 ar personas datu apstr\u0101di, tiek risin\u0101ti ar klientu atbalsta pal\u012bdz\u012bbu (t\u0101lrunis +371 67 311 012 vai e-pasts <a href=\"mailto:latvija@vunder.eu\" target=\"_blank\">latvija@vunder.eu<\/a>). Uzraudz\u012bbas iest\u0101de ir Igaunijas Datu aizsardz\u012bbas inspekcija (<a href=\"mailto:info@aki.ee\" target=\"_blank\">info@aki.ee<\/a>).<\/p>\n","protected":false},"excerpt":{"rendered":"<p>Atbild\u012bg\u0101 person\u0101 par interneta veikala personas datu apstr\u0101di ir AS Vunder (re\u0123istr\u0101cijas kods 10324324), adrese Pirni 7, Tallina, t\u0101lrunis +372 65 64 003 un e-pasts info@sharks.ee. K\u0101di personas dati tiek apstr\u0101d\u0101ti v\u0101rds, t\u0101lru\u0146a numurs un e-pasta adrese; pre\u010du sa\u0146em\u0161anas adrese; bankas konta numurs; pre\u010du un pakalpojumu apmaksa un ar apmaksu saist\u012btie dati (pirkumu v\u0113sture); klientu atbalsta dati. Datu apstr\u0101des m\u0113r\u0137is Personas dati tiek izmantoti ar m\u0113r\u0137i apstr\u0101d\u0101t klienta pas\u016bt\u012bjumu un organiz\u0113t pre\u010du pieg\u0101di. Pirkumu v\u0113stures dati (pirkuma datums, preces, daudzums, klienta dati) tiek izmantoti, lai veidotu p\u0101rskatu par ieg\u0101d\u0101taj\u0101m prec\u0113m un analiz\u0113tu klientu izv\u0113li, ieg\u0101d\u0101joties preces. Bankas konta numurs tiek izmantots iemaks\u0101t\u0101s naudas atgrie\u0161anai. Personas dati, piem\u0113ram, e-pasts, t\u0101lru\u0146a numurs, klienta v\u0101rds tiek apstr\u0101d\u0101ti ar m\u0113r\u0137i atrisin\u0101tu jaut\u0101jumus, kas saist\u012bti ar pakalpojumu un pre\u010du ieg\u0101di (klientu atbalsts). Interneta veikala lietot\u0101ja IP adrese vai citi t\u012bkla identifikatori tiek apstr\u0101d\u0101ti, lai nodro\u0161in\u0101tu interneta veikala k\u0101 informat\u012bvas vides pakalpojuma snieg\u0161anai un t\u012bmek\u013ca vietnes izmanto\u0161anas statistikas veido\u0161anai. Tiesiskais pamatojums Personas datu apstr\u0101de tiek veikta ar m\u0113r\u0137i pild\u012bt l\u012bguma, kas nosl\u0113gts ar klientu, noteikumus. Personas datu apstr\u0101de notiek ar m\u0113r\u0137i pild\u012bt juridisk\u0101s saist\u012bbas (piem\u0113ram, gr\u0101matved\u012bba un str\u012bdu iz\u0161\u0137ir\u0161ana). Kam personas dati tiek s\u016bt\u012bti Personas dati tiek nos\u016bt\u012bti interneta veikala klientu atbalstam ar m\u0113r\u0137i apstr\u0101d\u0101t pirkumus &hellip; <a href=\"https:\/\/hobstop.ee\/lv\/privatuma-politika\/\">Turpin\u0101jums<\/a><\/p>\n","protected":false},"author":2,"featured_media":0,"parent":0,"menu_order":0,"comment_status":"closed","ping_status":"closed","template":"","meta":{"_acf_changed":false,"ep_exclude_from_search":false,"footnotes":""},"class_list":["post-313143","page","type-page","status-publish","hentry"],"acf":[],"yoast_head":"<!-- This site is optimized with the Yoast SEO plugin v24.1 - https:\/\/yoast.com\/wordpress\/plugins\/seo\/ -->\n<title>Priv\u0101tuma politika &#8211; Skizze<\/title>\n<meta name=\"robots\" content=\"noindex, follow, max-snippet:-1, max-image-preview:large, max-video-preview:-1\" \/>\n<meta property=\"og:locale\" content=\"lv_LV\" \/>\n<meta property=\"og:type\" content=\"article\" \/>\n<meta property=\"og:title\" content=\"Priv\u0101tuma politika &#8211; Skizze\" \/>\n<meta property=\"og:description\" content=\"Atbild\u012bg\u0101 person\u0101 par interneta veikala personas datu apstr\u0101di ir AS Vunder (re\u0123istr\u0101cijas kods 10324324), adrese Pirni 7, Tallina, t\u0101lrunis +372 65 64 003 un e-pasts info@sharks.ee. K\u0101di personas dati tiek apstr\u0101d\u0101ti v\u0101rds, t\u0101lru\u0146a numurs un e-pasta adrese; pre\u010du sa\u0146em\u0161anas adrese; bankas konta numurs; pre\u010du un pakalpojumu apmaksa un ar apmaksu saist\u012btie dati (pirkumu v\u0113sture); klientu atbalsta dati. Datu apstr\u0101des m\u0113r\u0137is Personas dati tiek izmantoti ar m\u0113r\u0137i apstr\u0101d\u0101t klienta pas\u016bt\u012bjumu un organiz\u0113t pre\u010du pieg\u0101di. Pirkumu v\u0113stures dati (pirkuma datums, preces, daudzums, klienta dati) tiek izmantoti, lai veidotu p\u0101rskatu par ieg\u0101d\u0101taj\u0101m prec\u0113m un analiz\u0113tu klientu izv\u0113li, ieg\u0101d\u0101joties preces. Bankas konta numurs tiek izmantots iemaks\u0101t\u0101s naudas atgrie\u0161anai. Personas dati, piem\u0113ram, e-pasts, t\u0101lru\u0146a numurs, klienta v\u0101rds tiek apstr\u0101d\u0101ti ar m\u0113r\u0137i atrisin\u0101tu jaut\u0101jumus, kas saist\u012bti ar pakalpojumu un pre\u010du ieg\u0101di (klientu atbalsts). Interneta veikala lietot\u0101ja IP adrese vai citi t\u012bkla identifikatori tiek apstr\u0101d\u0101ti, lai nodro\u0161in\u0101tu interneta veikala k\u0101 informat\u012bvas vides pakalpojuma snieg\u0161anai un t\u012bmek\u013ca vietnes izmanto\u0161anas statistikas veido\u0161anai. Tiesiskais pamatojums Personas datu apstr\u0101de tiek veikta ar m\u0113r\u0137i pild\u012bt l\u012bguma, kas nosl\u0113gts ar klientu, noteikumus. Personas datu apstr\u0101de notiek ar m\u0113r\u0137i pild\u012bt juridisk\u0101s saist\u012bbas (piem\u0113ram, gr\u0101matved\u012bba un str\u012bdu iz\u0161\u0137ir\u0161ana). Kam personas dati tiek s\u016bt\u012bti Personas dati tiek nos\u016bt\u012bti interneta veikala klientu atbalstam ar m\u0113r\u0137i apstr\u0101d\u0101t pirkumus &hellip; Turpin\u0101jums\" \/>\n<meta property=\"og:url\" content=\"https:\/\/hobstop.ee\/lv\/privatuma-politika\/\" \/>\n<meta property=\"og:site_name\" content=\"Skizze\" \/>\n<meta property=\"article:publisher\" content=\"http:\/\/www.facebook.com\/VunderSkizze\" \/>\n<meta name=\"twitter:card\" content=\"summary_large_image\" \/>\n<meta name=\"twitter:label1\" content=\"Est. reading time\" \/>\n\t<meta name=\"twitter:data1\" content=\"6 min\u016btes\" \/>\n<script type=\"application\/ld+json\" class=\"yoast-schema-graph\">{\"@context\":\"https:\/\/schema.org\",\"@graph\":[{\"@type\":\"WebPage\",\"@id\":\"https:\/\/hobstop.ee\/lv\/privatuma-politika\/\",\"url\":\"https:\/\/hobstop.ee\/lv\/privatuma-politika\/\",\"name\":\"Priv\u0101tuma politika &#8211; Skizze\",\"isPartOf\":{\"@id\":\"https:\/\/hobstop.ee\/lv\/#website\"},\"datePublished\":\"2018-07-08T17:40:51+00:00\",\"dateModified\":\"2018-07-08T17:40:51+00:00\",\"breadcrumb\":{\"@id\":\"https:\/\/hobstop.ee\/lv\/privatuma-politika\/#breadcrumb\"},\"inLanguage\":\"lv-LV\",\"potentialAction\":[{\"@type\":\"ReadAction\",\"target\":[\"https:\/\/hobstop.ee\/lv\/privatuma-politika\/\"]}]},{\"@type\":\"BreadcrumbList\",\"@id\":\"https:\/\/hobstop.ee\/lv\/privatuma-politika\/#breadcrumb\",\"itemListElement\":[{\"@type\":\"ListItem\",\"position\":1,\"name\":\"Avaleht\",\"item\":\"https:\/\/hobstop.ee\/lv\/\"},{\"@type\":\"ListItem\",\"position\":2,\"name\":\"Priv\u0101tuma politika\"}]},{\"@type\":\"WebSite\",\"@id\":\"https:\/\/hobstop.ee\/lv\/#website\",\"url\":\"https:\/\/hobstop.ee\/lv\/\",\"name\":\"Skizze\",\"description\":\"M\u0101kslas, hobiju un skolas preces\",\"publisher\":{\"@id\":\"https:\/\/hobstop.ee\/lv\/#organization\"},\"potentialAction\":[{\"@type\":\"SearchAction\",\"target\":{\"@type\":\"EntryPoint\",\"urlTemplate\":\"https:\/\/hobstop.ee\/lv\/?s={search_term_string}\"},\"query-input\":{\"@type\":\"PropertyValueSpecification\",\"valueRequired\":true,\"valueName\":\"search_term_string\"}}],\"inLanguage\":\"lv-LV\"},{\"@type\":\"Organization\",\"@id\":\"https:\/\/hobstop.ee\/lv\/#organization\",\"name\":\"Vunder AS\",\"url\":\"https:\/\/hobstop.ee\/lv\/\",\"logo\":{\"@type\":\"ImageObject\",\"inLanguage\":\"lv-LV\",\"@id\":\"https:\/\/hobstop.ee\/lv\/#\/schema\/logo\/image\/\",\"url\":\"https:\/\/hobstop.ee\/media\/vunder-logo.png\",\"contentUrl\":\"https:\/\/hobstop.ee\/media\/vunder-logo.png\",\"width\":127,\"height\":55,\"caption\":\"Vunder AS\"},\"image\":{\"@id\":\"https:\/\/hobstop.ee\/lv\/#\/schema\/logo\/image\/\"},\"sameAs\":[\"http:\/\/www.facebook.com\/VunderSkizze\"]}]}<\/script>\n<!-- \/ Yoast SEO plugin. -->","yoast_head_json":{"title":"Priv\u0101tuma politika &#8211; Skizze","robots":{"index":"noindex","follow":"follow","max-snippet":"max-snippet:-1","max-image-preview":"max-image-preview:large","max-video-preview":"max-video-preview:-1"},"og_locale":"lv_LV","og_type":"article","og_title":"Priv\u0101tuma politika &#8211; Skizze","og_description":"Atbild\u012bg\u0101 person\u0101 par interneta veikala personas datu apstr\u0101di ir AS Vunder (re\u0123istr\u0101cijas kods 10324324), adrese Pirni 7, Tallina, t\u0101lrunis +372 65 64 003 un e-pasts info@sharks.ee. K\u0101di personas dati tiek apstr\u0101d\u0101ti v\u0101rds, t\u0101lru\u0146a numurs un e-pasta adrese; pre\u010du sa\u0146em\u0161anas adrese; bankas konta numurs; pre\u010du un pakalpojumu apmaksa un ar apmaksu saist\u012btie dati (pirkumu v\u0113sture); klientu atbalsta dati. Datu apstr\u0101des m\u0113r\u0137is Personas dati tiek izmantoti ar m\u0113r\u0137i apstr\u0101d\u0101t klienta pas\u016bt\u012bjumu un organiz\u0113t pre\u010du pieg\u0101di. Pirkumu v\u0113stures dati (pirkuma datums, preces, daudzums, klienta dati) tiek izmantoti, lai veidotu p\u0101rskatu par ieg\u0101d\u0101taj\u0101m prec\u0113m un analiz\u0113tu klientu izv\u0113li, ieg\u0101d\u0101joties preces. Bankas konta numurs tiek izmantots iemaks\u0101t\u0101s naudas atgrie\u0161anai. Personas dati, piem\u0113ram, e-pasts, t\u0101lru\u0146a numurs, klienta v\u0101rds tiek apstr\u0101d\u0101ti ar m\u0113r\u0137i atrisin\u0101tu jaut\u0101jumus, kas saist\u012bti ar pakalpojumu un pre\u010du ieg\u0101di (klientu atbalsts). Interneta veikala lietot\u0101ja IP adrese vai citi t\u012bkla identifikatori tiek apstr\u0101d\u0101ti, lai nodro\u0161in\u0101tu interneta veikala k\u0101 informat\u012bvas vides pakalpojuma snieg\u0161anai un t\u012bmek\u013ca vietnes izmanto\u0161anas statistikas veido\u0161anai. Tiesiskais pamatojums Personas datu apstr\u0101de tiek veikta ar m\u0113r\u0137i pild\u012bt l\u012bguma, kas nosl\u0113gts ar klientu, noteikumus. Personas datu apstr\u0101de notiek ar m\u0113r\u0137i pild\u012bt juridisk\u0101s saist\u012bbas (piem\u0113ram, gr\u0101matved\u012bba un str\u012bdu iz\u0161\u0137ir\u0161ana). Kam personas dati tiek s\u016bt\u012bti Personas dati tiek nos\u016bt\u012bti interneta veikala klientu atbalstam ar m\u0113r\u0137i apstr\u0101d\u0101t pirkumus &hellip; Turpin\u0101jums","og_url":"https:\/\/hobstop.ee\/lv\/privatuma-politika\/","og_site_name":"Skizze","article_publisher":"http:\/\/www.facebook.com\/VunderSkizze","twitter_card":"summary_large_image","twitter_misc":{"Est. reading time":"6 min\u016btes"},"schema":{"@context":"https:\/\/schema.org","@graph":[{"@type":"WebPage","@id":"https:\/\/hobstop.ee\/lv\/privatuma-politika\/","url":"https:\/\/hobstop.ee\/lv\/privatuma-politika\/","name":"Priv\u0101tuma politika &#8211; Skizze","isPartOf":{"@id":"https:\/\/hobstop.ee\/lv\/#website"},"datePublished":"2018-07-08T17:40:51+00:00","dateModified":"2018-07-08T17:40:51+00:00","breadcrumb":{"@id":"https:\/\/hobstop.ee\/lv\/privatuma-politika\/#breadcrumb"},"inLanguage":"lv-LV","potentialAction":[{"@type":"ReadAction","target":["https:\/\/hobstop.ee\/lv\/privatuma-politika\/"]}]},{"@type":"BreadcrumbList","@id":"https:\/\/hobstop.ee\/lv\/privatuma-politika\/#breadcrumb","itemListElement":[{"@type":"ListItem","position":1,"name":"Avaleht","item":"https:\/\/hobstop.ee\/lv\/"},{"@type":"ListItem","position":2,"name":"Priv\u0101tuma politika"}]},{"@type":"WebSite","@id":"https:\/\/hobstop.ee\/lv\/#website","url":"https:\/\/hobstop.ee\/lv\/","name":"Skizze","description":"M\u0101kslas, hobiju un skolas preces","publisher":{"@id":"https:\/\/hobstop.ee\/lv\/#organization"},"potentialAction":[{"@type":"SearchAction","target":{"@type":"EntryPoint","urlTemplate":"https:\/\/hobstop.ee\/lv\/?s={search_term_string}"},"query-input":{"@type":"PropertyValueSpecification","valueRequired":true,"valueName":"search_term_string"}}],"inLanguage":"lv-LV"},{"@type":"Organization","@id":"https:\/\/hobstop.ee\/lv\/#organization","name":"Vunder AS","url":"https:\/\/hobstop.ee\/lv\/","logo":{"@type":"ImageObject","inLanguage":"lv-LV","@id":"https:\/\/hobstop.ee\/lv\/#\/schema\/logo\/image\/","url":"https:\/\/hobstop.ee\/media\/vunder-logo.png","contentUrl":"https:\/\/hobstop.ee\/media\/vunder-logo.png","width":127,"height":55,"caption":"Vunder AS"},"image":{"@id":"https:\/\/hobstop.ee\/lv\/#\/schema\/logo\/image\/"},"sameAs":["http:\/\/www.facebook.com\/VunderSkizze"]}]}},"_links":{"self":[{"href":"https:\/\/hobstop.ee\/lv\/wp-json\/wp\/v2\/pages\/313143","targetHints":{"allow":["GET"]}}],"collection":[{"href":"https:\/\/hobstop.ee\/lv\/wp-json\/wp\/v2\/pages"}],"about":[{"href":"https:\/\/hobstop.ee\/lv\/wp-json\/wp\/v2\/types\/page"}],"author":[{"embeddable":true,"href":"https:\/\/hobstop.ee\/lv\/wp-json\/wp\/v2\/users\/2"}],"replies":[{"embeddable":true,"href":"https:\/\/hobstop.ee\/lv\/wp-json\/wp\/v2\/comments?post=313143"}],"version-history":[{"count":1,"href":"https:\/\/hobstop.ee\/lv\/wp-json\/wp\/v2\/pages\/313143\/revisions"}],"predecessor-version":[{"id":313144,"href":"https:\/\/hobstop.ee\/lv\/wp-json\/wp\/v2\/pages\/313143\/revisions\/313144"}],"wp:attachment":[{"href":"https:\/\/hobstop.ee\/lv\/wp-json\/wp\/v2\/media?parent=313143"}],"curies":[{"name":"wp","href":"https:\/\/api.w.org\/{rel}","templated":true}]}}