{"id":63844,"date":"2014-11-21T10:55:48","date_gmt":"2014-11-21T08:55:48","guid":{"rendered":"https:\/\/sharks.ee\/vunder_2019.klient.veebimajutus.ee\/?page_id=63844"},"modified":"2017-10-12T09:32:59","modified_gmt":"2017-10-12T06:32:59","slug":"par-mums","status":"publish","type":"page","link":"https:\/\/hobstop.ee\/lv\/par-mums\/","title":{"rendered":"Par mums"},"content":{"rendered":"<p><img loading=\"lazy\" decoding=\"async\" class=\"alignright wp-image-274818\" src=\"https:\/\/hobstop.ee\/media\/logo-vunder-1.png\" alt=\"\" width=\"126\" height=\"47\" srcset=\"https:\/\/hobstop.ee\/media\/logo-vunder-1.png 150w, https:\/\/hobstop.ee\/media\/logo-vunder-1-148x56.png 148w, https:\/\/hobstop.ee\/media\/logo-vunder-1-115x43.png 115w\" sizes=\"auto, (max-width: 126px) 100vw, 126px\" \/><\/p>\n<p style=\"text-align: justify;\">AS \u201cVunder\u201d ir 1991.gad\u0101 dibin\u0101ts \u0123imenes uz\u0146\u0113mums ar 100% Igaunijas kapit\u0101lu. Uz\u0146\u0113mums nodarbojas ar m\u0101kslas, skolas, biroja, rakst\u0101mlietu, telpu iek\u0161\u0113j\u0101s apdares materi\u0101lu un piederumu importu un p\u0101rdo\u0161anu Baltijas valst\u012bs. Esam uzticams partneris J\u016bsu rado\u0161o ideju \u012bsteno\u0161anai, pied\u0101v\u0101jot pla\u0161\u0101ko pre\u010du kl\u0101stu \u0161aj\u0101s produktu grup\u0101s Baltijas valst\u012bs. M\u016bsu pied\u0101v\u0101to pre\u010du kl\u0101st\u0101 ir pieejami produkti ikvienai vecuma un intere\u0161u grupai, s\u0101kot no ies\u0101c\u0113jiem l\u012bdz pat profesion\u0101\u013ciem. Sev nepiecie\u0161amos darba r\u012bkus un materi\u0101lus atrad\u012bs gan pras\u012bgi lietprat\u0113ji, gan ar\u012b tie, kuriem m\u0101ksla un rokdarbi ir va\u013casprieks vai ar\u012b tie, kam vienk\u0101r\u0161i nepiecie\u0161ami ikdienas skolas un biroja piederumi.<\/p>\n<p style=\"text-align: justify;\">Pied\u0101v\u0101jam daudzu pasaul\u0113 pla\u0161i atz\u012btu z\u012bmolu preces, kuras raksturo kvalit\u0101te un gadu desmitiem vai pat simtiem ilga pieredze. T\u0101, piem\u0113ram, pie mums var atrast liel\u0101k\u0101 m\u0101kslas piederumu ra\u017eot\u0101ja ColArt grupas z\u012bmolu Liquitex, Winsor&amp;Newton un Lefranc&amp;Bourgeois preces, Raphael otas, Sennlier pigmentus un glezno\u0161anas piederumus, Canson pap\u012bra izstr\u0101d\u0101jumus, Derwent z\u012bmu\u013cus un daudzu citu popul\u0101ru z\u012bmolu piederumus. Savu ideju \u012bsteno\u0161anai pied\u0101v\u0101jam ar\u012b liel\u0101k\u0101 hobija kr\u0101su ra\u017eot\u0101ja Marabu kr\u0101sas. Skol\u0113nus priec\u0113s inovat\u012bv\u0101s un kvalitat\u012bv\u0101s paz\u012bstam\u0101 z\u012bmola Maped preces. Ikdienas rakst\u0101mpiederumus var izv\u0113l\u0113ties no pla\u0161\u0101 vado\u0161o rakst\u0101mpiederumu ra\u017eot\u0101ju Pilot un M&amp;G pre\u010du kl\u0101sta. M\u0101jas interjera atjauno\u0161anai pied\u0101v\u0101jam izmantot Liberon koka kop\u0161anas l\u012bdzek\u013cus.<\/p>\n<p style=\"text-align: justify;\"><img loading=\"lazy\" decoding=\"async\" class=\"alignright wp-image-292375\" src=\"https:\/\/hobstop.ee\/media\/logo-skizze-r.png\" alt=\"\" width=\"126\" height=\"52\" srcset=\"https:\/\/hobstop.ee\/media\/logo-skizze-r.png 400w, https:\/\/hobstop.ee\/media\/logo-skizze-r-385x158.png 385w, https:\/\/hobstop.ee\/media\/logo-skizze-r-300x123.png 300w, https:\/\/hobstop.ee\/media\/logo-skizze-r-115x47.png 115w, https:\/\/hobstop.ee\/media\/logo-skizze-r-230x94.png 230w\" sizes=\"auto, (max-width: 126px) 100vw, 126px\" \/>M\u016bsu m\u0101kslas un va\u013casprieku piederumu veikali un m\u0101kslas studijas \u201cSkizze\u201d atrodas Tallin\u0101 un Tartu (Igaunija), k\u0101 ar\u012b Vi\u013c\u0146\u0101 un \u0160au\u013cos (Lietuva). T\u0101pat m\u016bsu pied\u0101v\u0101t\u0101s preces ir pieejamas ar\u012b d\u012bleru veikalu t\u012bklos vis\u0101 Igaunij\u0101, Latvij\u0101 un Lietuv\u0101.<\/p>\n<p style=\"text-align: justify;\">K\u0101 uzticams uz\u0146\u0113mums gan klientiem, gan ar\u012b sadarb\u012bbas partneriem, esam ap\u0146\u0113m\u012bbas pilni pied\u0101v\u0101t kvalitat\u012bvas preces un pakalpojumus, kuru pamat\u0101 ir profesion\u0101la pieeja, \u0113tisk\u0101s un \u0123imenes v\u0113rt\u012bbas.<\/p>\n<p style=\"text-align: justify;\"><strong>V\u012bzija<\/strong><br \/>\nIedro\u0161in\u0101m cilv\u0113kus izpausties, pied\u0101v\u0101jot kvalitat\u012bvus l\u012bdzek\u013cus un iedvesmojo\u0161us risin\u0101jumus.<\/p>\n<p style=\"text-align: justify;\"><strong>Misija<\/strong><br \/>\nM\u016bsu misija ir pied\u0101v\u0101t iesp\u0113jas realiz\u0113t rado\u0161\u0101s ieceres ar kvalitat\u012bviem l\u012bdzek\u013ciem, kuri \u013cauj rad\u012bt nemirsto\u0161as v\u0113rt\u012bbas.<\/p>\n<p style=\"text-align: justify;\">Rad\u012b\u0161anas prieks!<\/p>\n","protected":false},"excerpt":{"rendered":"<p>AS \u201cVunder\u201d ir 1991.gad\u0101 dibin\u0101ts \u0123imenes uz\u0146\u0113mums ar 100% Igaunijas kapit\u0101lu. Uz\u0146\u0113mums nodarbojas ar m\u0101kslas, skolas, biroja, rakst\u0101mlietu, telpu iek\u0161\u0113j\u0101s apdares materi\u0101lu un piederumu importu un p\u0101rdo\u0161anu Baltijas valst\u012bs. Esam uzticams partneris J\u016bsu rado\u0161o ideju \u012bsteno\u0161anai, pied\u0101v\u0101jot pla\u0161\u0101ko pre\u010du kl\u0101stu \u0161aj\u0101s produktu grup\u0101s Baltijas valst\u012bs. M\u016bsu pied\u0101v\u0101to pre\u010du kl\u0101st\u0101 ir pieejami produkti ikvienai vecuma un intere\u0161u grupai, s\u0101kot no ies\u0101c\u0113jiem l\u012bdz pat profesion\u0101\u013ciem. Sev nepiecie\u0161amos darba r\u012bkus un materi\u0101lus atrad\u012bs gan pras\u012bgi lietprat\u0113ji, gan ar\u012b tie, kuriem m\u0101ksla un rokdarbi ir va\u013casprieks vai ar\u012b tie, kam vienk\u0101r\u0161i nepiecie\u0161ami ikdienas skolas un biroja piederumi. Pied\u0101v\u0101jam daudzu pasaul\u0113 pla\u0161i atz\u012btu z\u012bmolu preces, kuras raksturo kvalit\u0101te un gadu desmitiem vai pat simtiem ilga pieredze. T\u0101, piem\u0113ram, pie mums var atrast liel\u0101k\u0101 m\u0101kslas piederumu ra\u017eot\u0101ja ColArt grupas z\u012bmolu Liquitex, Winsor&amp;Newton un Lefranc&amp;Bourgeois preces, Raphael otas, Sennlier pigmentus un glezno\u0161anas piederumus, Canson pap\u012bra izstr\u0101d\u0101jumus, Derwent z\u012bmu\u013cus un daudzu citu popul\u0101ru z\u012bmolu piederumus. Savu ideju \u012bsteno\u0161anai pied\u0101v\u0101jam ar\u012b liel\u0101k\u0101 hobija kr\u0101su ra\u017eot\u0101ja Marabu kr\u0101sas. Skol\u0113nus priec\u0113s inovat\u012bv\u0101s un kvalitat\u012bv\u0101s paz\u012bstam\u0101 z\u012bmola Maped preces. Ikdienas rakst\u0101mpiederumus var izv\u0113l\u0113ties no pla\u0161\u0101 vado\u0161o rakst\u0101mpiederumu ra\u017eot\u0101ju Pilot un M&amp;G pre\u010du kl\u0101sta. M\u0101jas interjera atjauno\u0161anai pied\u0101v\u0101jam izmantot Liberon koka kop\u0161anas l\u012bdzek\u013cus. M\u016bsu m\u0101kslas un va\u013casprieku piederumu veikali un m\u0101kslas studijas \u201cSkizze\u201d &hellip; <a href=\"https:\/\/hobstop.ee\/lv\/par-mums\/\">Turpin\u0101jums<\/a><\/p>\n","protected":false},"author":2,"featured_media":0,"parent":0,"menu_order":0,"comment_status":"closed","ping_status":"closed","template":"page-sidebar-left.php","meta":{"_acf_changed":false,"ep_exclude_from_search":false,"footnotes":""},"class_list":["post-63844","page","type-page","status-publish","hentry"],"acf":[],"yoast_head":"<!-- This site is optimized with the Yoast SEO plugin v24.1 - https:\/\/yoast.com\/wordpress\/plugins\/seo\/ -->\n<title>Par mums &#8211; Skizze<\/title>\n<meta name=\"robots\" content=\"noindex, follow, max-snippet:-1, max-image-preview:large, max-video-preview:-1\" \/>\n<meta property=\"og:locale\" content=\"lv_LV\" \/>\n<meta property=\"og:type\" content=\"article\" \/>\n<meta property=\"og:title\" content=\"Par mums &#8211; Skizze\" \/>\n<meta property=\"og:description\" content=\"AS \u201cVunder\u201d ir 1991.gad\u0101 dibin\u0101ts \u0123imenes uz\u0146\u0113mums ar 100% Igaunijas kapit\u0101lu. Uz\u0146\u0113mums nodarbojas ar m\u0101kslas, skolas, biroja, rakst\u0101mlietu, telpu iek\u0161\u0113j\u0101s apdares materi\u0101lu un piederumu importu un p\u0101rdo\u0161anu Baltijas valst\u012bs. Esam uzticams partneris J\u016bsu rado\u0161o ideju \u012bsteno\u0161anai, pied\u0101v\u0101jot pla\u0161\u0101ko pre\u010du kl\u0101stu \u0161aj\u0101s produktu grup\u0101s Baltijas valst\u012bs. M\u016bsu pied\u0101v\u0101to pre\u010du kl\u0101st\u0101 ir pieejami produkti ikvienai vecuma un intere\u0161u grupai, s\u0101kot no ies\u0101c\u0113jiem l\u012bdz pat profesion\u0101\u013ciem. Sev nepiecie\u0161amos darba r\u012bkus un materi\u0101lus atrad\u012bs gan pras\u012bgi lietprat\u0113ji, gan ar\u012b tie, kuriem m\u0101ksla un rokdarbi ir va\u013casprieks vai ar\u012b tie, kam vienk\u0101r\u0161i nepiecie\u0161ami ikdienas skolas un biroja piederumi. Pied\u0101v\u0101jam daudzu pasaul\u0113 pla\u0161i atz\u012btu z\u012bmolu preces, kuras raksturo kvalit\u0101te un gadu desmitiem vai pat simtiem ilga pieredze. T\u0101, piem\u0113ram, pie mums var atrast liel\u0101k\u0101 m\u0101kslas piederumu ra\u017eot\u0101ja ColArt grupas z\u012bmolu Liquitex, Winsor&amp;Newton un Lefranc&amp;Bourgeois preces, Raphael otas, Sennlier pigmentus un glezno\u0161anas piederumus, Canson pap\u012bra izstr\u0101d\u0101jumus, Derwent z\u012bmu\u013cus un daudzu citu popul\u0101ru z\u012bmolu piederumus. Savu ideju \u012bsteno\u0161anai pied\u0101v\u0101jam ar\u012b liel\u0101k\u0101 hobija kr\u0101su ra\u017eot\u0101ja Marabu kr\u0101sas. Skol\u0113nus priec\u0113s inovat\u012bv\u0101s un kvalitat\u012bv\u0101s paz\u012bstam\u0101 z\u012bmola Maped preces. Ikdienas rakst\u0101mpiederumus var izv\u0113l\u0113ties no pla\u0161\u0101 vado\u0161o rakst\u0101mpiederumu ra\u017eot\u0101ju Pilot un M&amp;G pre\u010du kl\u0101sta. M\u0101jas interjera atjauno\u0161anai pied\u0101v\u0101jam izmantot Liberon koka kop\u0161anas l\u012bdzek\u013cus. M\u016bsu m\u0101kslas un va\u013casprieku piederumu veikali un m\u0101kslas studijas \u201cSkizze\u201d &hellip; Turpin\u0101jums\" \/>\n<meta property=\"og:url\" content=\"https:\/\/hobstop.ee\/lv\/par-mums\/\" \/>\n<meta property=\"og:site_name\" content=\"Skizze\" \/>\n<meta property=\"article:publisher\" content=\"http:\/\/www.facebook.com\/VunderSkizze\" \/>\n<meta property=\"article:modified_time\" content=\"2017-10-12T06:32:59+00:00\" \/>\n<meta property=\"og:image\" content=\"https:\/\/hobstop.ee\/media\/logo-vunder-1.png\" \/>\n<meta name=\"twitter:card\" content=\"summary_large_image\" \/>\n<meta name=\"twitter:label1\" content=\"Est. reading time\" \/>\n\t<meta name=\"twitter:data1\" content=\"2 min\u016btes\" \/>\n<script type=\"application\/ld+json\" class=\"yoast-schema-graph\">{\"@context\":\"https:\/\/schema.org\",\"@graph\":[{\"@type\":\"WebPage\",\"@id\":\"https:\/\/hobstop.ee\/lv\/par-mums\/\",\"url\":\"https:\/\/hobstop.ee\/lv\/par-mums\/\",\"name\":\"Par mums &#8211; Skizze\",\"isPartOf\":{\"@id\":\"https:\/\/hobstop.ee\/lv\/#website\"},\"primaryImageOfPage\":{\"@id\":\"https:\/\/hobstop.ee\/lv\/par-mums\/#primaryimage\"},\"image\":{\"@id\":\"https:\/\/hobstop.ee\/lv\/par-mums\/#primaryimage\"},\"thumbnailUrl\":\"https:\/\/hobstop.ee\/media\/logo-vunder-1.png\",\"datePublished\":\"2014-11-21T08:55:48+00:00\",\"dateModified\":\"2017-10-12T06:32:59+00:00\",\"breadcrumb\":{\"@id\":\"https:\/\/hobstop.ee\/lv\/par-mums\/#breadcrumb\"},\"inLanguage\":\"lv-LV\",\"potentialAction\":[{\"@type\":\"ReadAction\",\"target\":[\"https:\/\/hobstop.ee\/lv\/par-mums\/\"]}]},{\"@type\":\"ImageObject\",\"inLanguage\":\"lv-LV\",\"@id\":\"https:\/\/hobstop.ee\/lv\/par-mums\/#primaryimage\",\"url\":\"https:\/\/hobstop.ee\/media\/logo-vunder-1.png\",\"contentUrl\":\"https:\/\/hobstop.ee\/media\/logo-vunder-1.png\"},{\"@type\":\"BreadcrumbList\",\"@id\":\"https:\/\/hobstop.ee\/lv\/par-mums\/#breadcrumb\",\"itemListElement\":[{\"@type\":\"ListItem\",\"position\":1,\"name\":\"Avaleht\",\"item\":\"https:\/\/www.hobstop.ee\/lv\/\"},{\"@type\":\"ListItem\",\"position\":2,\"name\":\"Par mums\"}]},{\"@type\":\"WebSite\",\"@id\":\"https:\/\/hobstop.ee\/lv\/#website\",\"url\":\"https:\/\/hobstop.ee\/lv\/\",\"name\":\"Skizze\",\"description\":\"M\u0101kslas, hobiju un skolas preces\",\"publisher\":{\"@id\":\"https:\/\/hobstop.ee\/lv\/#organization\"},\"potentialAction\":[{\"@type\":\"SearchAction\",\"target\":{\"@type\":\"EntryPoint\",\"urlTemplate\":\"https:\/\/hobstop.ee\/lv\/?s={search_term_string}\"},\"query-input\":{\"@type\":\"PropertyValueSpecification\",\"valueRequired\":true,\"valueName\":\"search_term_string\"}}],\"inLanguage\":\"lv-LV\"},{\"@type\":\"Organization\",\"@id\":\"https:\/\/hobstop.ee\/lv\/#organization\",\"name\":\"Vunder AS\",\"url\":\"https:\/\/hobstop.ee\/lv\/\",\"logo\":{\"@type\":\"ImageObject\",\"inLanguage\":\"lv-LV\",\"@id\":\"https:\/\/hobstop.ee\/lv\/#\/schema\/logo\/image\/\",\"url\":\"https:\/\/hobstop.ee\/media\/vunder-logo.png\",\"contentUrl\":\"https:\/\/hobstop.ee\/media\/vunder-logo.png\",\"width\":127,\"height\":55,\"caption\":\"Vunder AS\"},\"image\":{\"@id\":\"https:\/\/hobstop.ee\/lv\/#\/schema\/logo\/image\/\"},\"sameAs\":[\"http:\/\/www.facebook.com\/VunderSkizze\"]}]}<\/script>\n<!-- \/ Yoast SEO plugin. -->","yoast_head_json":{"title":"Par mums &#8211; Skizze","robots":{"index":"noindex","follow":"follow","max-snippet":"max-snippet:-1","max-image-preview":"max-image-preview:large","max-video-preview":"max-video-preview:-1"},"og_locale":"lv_LV","og_type":"article","og_title":"Par mums &#8211; Skizze","og_description":"AS \u201cVunder\u201d ir 1991.gad\u0101 dibin\u0101ts \u0123imenes uz\u0146\u0113mums ar 100% Igaunijas kapit\u0101lu. Uz\u0146\u0113mums nodarbojas ar m\u0101kslas, skolas, biroja, rakst\u0101mlietu, telpu iek\u0161\u0113j\u0101s apdares materi\u0101lu un piederumu importu un p\u0101rdo\u0161anu Baltijas valst\u012bs. Esam uzticams partneris J\u016bsu rado\u0161o ideju \u012bsteno\u0161anai, pied\u0101v\u0101jot pla\u0161\u0101ko pre\u010du kl\u0101stu \u0161aj\u0101s produktu grup\u0101s Baltijas valst\u012bs. M\u016bsu pied\u0101v\u0101to pre\u010du kl\u0101st\u0101 ir pieejami produkti ikvienai vecuma un intere\u0161u grupai, s\u0101kot no ies\u0101c\u0113jiem l\u012bdz pat profesion\u0101\u013ciem. Sev nepiecie\u0161amos darba r\u012bkus un materi\u0101lus atrad\u012bs gan pras\u012bgi lietprat\u0113ji, gan ar\u012b tie, kuriem m\u0101ksla un rokdarbi ir va\u013casprieks vai ar\u012b tie, kam vienk\u0101r\u0161i nepiecie\u0161ami ikdienas skolas un biroja piederumi. Pied\u0101v\u0101jam daudzu pasaul\u0113 pla\u0161i atz\u012btu z\u012bmolu preces, kuras raksturo kvalit\u0101te un gadu desmitiem vai pat simtiem ilga pieredze. T\u0101, piem\u0113ram, pie mums var atrast liel\u0101k\u0101 m\u0101kslas piederumu ra\u017eot\u0101ja ColArt grupas z\u012bmolu Liquitex, Winsor&amp;Newton un Lefranc&amp;Bourgeois preces, Raphael otas, Sennlier pigmentus un glezno\u0161anas piederumus, Canson pap\u012bra izstr\u0101d\u0101jumus, Derwent z\u012bmu\u013cus un daudzu citu popul\u0101ru z\u012bmolu piederumus. Savu ideju \u012bsteno\u0161anai pied\u0101v\u0101jam ar\u012b liel\u0101k\u0101 hobija kr\u0101su ra\u017eot\u0101ja Marabu kr\u0101sas. Skol\u0113nus priec\u0113s inovat\u012bv\u0101s un kvalitat\u012bv\u0101s paz\u012bstam\u0101 z\u012bmola Maped preces. Ikdienas rakst\u0101mpiederumus var izv\u0113l\u0113ties no pla\u0161\u0101 vado\u0161o rakst\u0101mpiederumu ra\u017eot\u0101ju Pilot un M&amp;G pre\u010du kl\u0101sta. M\u0101jas interjera atjauno\u0161anai pied\u0101v\u0101jam izmantot Liberon koka kop\u0161anas l\u012bdzek\u013cus. M\u016bsu m\u0101kslas un va\u013casprieku piederumu veikali un m\u0101kslas studijas \u201cSkizze\u201d &hellip; Turpin\u0101jums","og_url":"https:\/\/hobstop.ee\/lv\/par-mums\/","og_site_name":"Skizze","article_publisher":"http:\/\/www.facebook.com\/VunderSkizze","article_modified_time":"2017-10-12T06:32:59+00:00","og_image":[{"url":"https:\/\/hobstop.ee\/media\/logo-vunder-1.png","type":"","width":"","height":""}],"twitter_card":"summary_large_image","twitter_misc":{"Est. reading time":"2 min\u016btes"},"schema":{"@context":"https:\/\/schema.org","@graph":[{"@type":"WebPage","@id":"https:\/\/hobstop.ee\/lv\/par-mums\/","url":"https:\/\/hobstop.ee\/lv\/par-mums\/","name":"Par mums &#8211; Skizze","isPartOf":{"@id":"https:\/\/hobstop.ee\/lv\/#website"},"primaryImageOfPage":{"@id":"https:\/\/hobstop.ee\/lv\/par-mums\/#primaryimage"},"image":{"@id":"https:\/\/hobstop.ee\/lv\/par-mums\/#primaryimage"},"thumbnailUrl":"https:\/\/hobstop.ee\/media\/logo-vunder-1.png","datePublished":"2014-11-21T08:55:48+00:00","dateModified":"2017-10-12T06:32:59+00:00","breadcrumb":{"@id":"https:\/\/hobstop.ee\/lv\/par-mums\/#breadcrumb"},"inLanguage":"lv-LV","potentialAction":[{"@type":"ReadAction","target":["https:\/\/hobstop.ee\/lv\/par-mums\/"]}]},{"@type":"ImageObject","inLanguage":"lv-LV","@id":"https:\/\/hobstop.ee\/lv\/par-mums\/#primaryimage","url":"https:\/\/hobstop.ee\/media\/logo-vunder-1.png","contentUrl":"https:\/\/hobstop.ee\/media\/logo-vunder-1.png"},{"@type":"BreadcrumbList","@id":"https:\/\/hobstop.ee\/lv\/par-mums\/#breadcrumb","itemListElement":[{"@type":"ListItem","position":1,"name":"Avaleht","item":"https:\/\/www.hobstop.ee\/lv\/"},{"@type":"ListItem","position":2,"name":"Par mums"}]},{"@type":"WebSite","@id":"https:\/\/hobstop.ee\/lv\/#website","url":"https:\/\/hobstop.ee\/lv\/","name":"Skizze","description":"M\u0101kslas, hobiju un skolas preces","publisher":{"@id":"https:\/\/hobstop.ee\/lv\/#organization"},"potentialAction":[{"@type":"SearchAction","target":{"@type":"EntryPoint","urlTemplate":"https:\/\/hobstop.ee\/lv\/?s={search_term_string}"},"query-input":{"@type":"PropertyValueSpecification","valueRequired":true,"valueName":"search_term_string"}}],"inLanguage":"lv-LV"},{"@type":"Organization","@id":"https:\/\/hobstop.ee\/lv\/#organization","name":"Vunder AS","url":"https:\/\/hobstop.ee\/lv\/","logo":{"@type":"ImageObject","inLanguage":"lv-LV","@id":"https:\/\/hobstop.ee\/lv\/#\/schema\/logo\/image\/","url":"https:\/\/hobstop.ee\/media\/vunder-logo.png","contentUrl":"https:\/\/hobstop.ee\/media\/vunder-logo.png","width":127,"height":55,"caption":"Vunder AS"},"image":{"@id":"https:\/\/hobstop.ee\/lv\/#\/schema\/logo\/image\/"},"sameAs":["http:\/\/www.facebook.com\/VunderSkizze"]}]}},"_links":{"self":[{"href":"https:\/\/hobstop.ee\/lv\/wp-json\/wp\/v2\/pages\/63844","targetHints":{"allow":["GET"]}}],"collection":[{"href":"https:\/\/hobstop.ee\/lv\/wp-json\/wp\/v2\/pages"}],"about":[{"href":"https:\/\/hobstop.ee\/lv\/wp-json\/wp\/v2\/types\/page"}],"author":[{"embeddable":true,"href":"https:\/\/hobstop.ee\/lv\/wp-json\/wp\/v2\/users\/2"}],"replies":[{"embeddable":true,"href":"https:\/\/hobstop.ee\/lv\/wp-json\/wp\/v2\/comments?post=63844"}],"version-history":[{"count":7,"href":"https:\/\/hobstop.ee\/lv\/wp-json\/wp\/v2\/pages\/63844\/revisions"}],"predecessor-version":[{"id":298600,"href":"https:\/\/hobstop.ee\/lv\/wp-json\/wp\/v2\/pages\/63844\/revisions\/298600"}],"wp:attachment":[{"href":"https:\/\/hobstop.ee\/lv\/wp-json\/wp\/v2\/media?parent=63844"}],"curies":[{"name":"wp","href":"https:\/\/api.w.org\/{rel}","templated":true}]}}