{"id":119535,"date":"2015-07-01T14:01:15","date_gmt":"2015-07-01T11:01:15","guid":{"rendered":"http:\/\/vunder-ee.sn25.zone.eu\/lv\/product\/kapnes-metaphys-lucano-3-solis\/"},"modified":"2015-07-01T14:01:15","modified_gmt":"2015-07-01T11:01:15","slug":"kapnes-metaphys-lucano-3-solis","status":"publish","type":"product","link":"https:\/\/hobstop.ee\/lv\/produkts\/kapnes-metaphys-lucano-3-solis\/","title":{"rendered":"K\u0101pnes Metaphys Lucano 3 solis"},"content":{"rendered":"<p>Vieglas, stabilas un iztur\u012bgas alum\u012bnija trepes ar 3 pak\u0101pieniem. Pateicoties veiksm\u012bgajam dizainam, \u0161is vienk\u0101r\u0161ais m\u0101jsaimniec\u012bbas piederums ir k\u013cuvis par modernu telpas dizaina elementu. K\u0101ju un pak\u0101pienu tr\u012bsst\u016bra griezums pie\u0161\u0137ir k\u0101j\u0101m modernu gaum\u012bgumu un nodro\u0161ina \u0161aur\u0101ku konstrukciju. T\u0101d\u0113\u013c trepes ir vienk\u0101r\u0161\u0101k novietot uzglab\u0101\u0161anai.  Noapa\u013cota un gluda forma, virsma un st\u016bri, k\u0101 ar\u012b sl\u0113pti stiprin\u0101juma elementi.  &#8220;Red Dot Design Award 2012&#8221; balvas laure\u0101ts.<br \/>\nIzm\u0113ri: 53x133x15.5cm (salikt\u0101 st\u0101vokl\u012b), 53x122x74cm (atv\u0113rt\u0101 st\u0101vokl\u012b)<br \/>\nSvars: 5kg<br \/>\nSvara notur\u012bba:  max 100kg<\/p>\n","protected":false},"excerpt":{"rendered":"<p>Vieglas, stabilas un iztur\u012bgas alum\u012bnija trepes ar 3 pak\u0101pieniem. Pateicoties veiksm\u012bgajam dizainam, \u0161is vienk\u0101r\u0161ais m\u0101jsaimniec\u012bbas piederums ir k\u013cuvis par modernu telpas dizaina elementu. K\u0101ju un pak\u0101pienu tr\u012bsst\u016bra griezums pie\u0161\u0137ir k\u0101j\u0101m modernu gaum\u012bgumu un nodro\u0161ina \u0161aur\u0101ku konstrukciju. T\u0101d\u0113\u013c trepes ir vienk\u0101r\u0161\u0101k novietot uzglab\u0101\u0161anai. Noapa\u013cota un gluda forma, virsma un st\u016bri, k\u0101 ar\u012b sl\u0113pti stiprin\u0101juma elementi. &#8220;Red Dot Design Award 2012&#8221; balvas laure\u0101ts. Izm\u0113ri: 53x133x15.5cm (salikt\u0101 st\u0101vokl\u012b), 53x122x74cm (atv\u0113rt\u0101 st\u0101vokl\u012b) Svars: 5kg Svara notur\u012bba: max 100kg<\/p>\n","protected":false},"featured_media":143036,"comment_status":"closed","ping_status":"closed","template":"","meta":{"_acf_changed":false,"ep_exclude_from_search":false},"product_cat":[17913,18922,19938],"product_tag":[],"class_list":{"0":"post-119535","1":"product","2":"type-product","3":"status-publish","4":"has-post-thumbnail","6":"product_cat-biroja-preces","7":"product_cat-dazadi","8":"product_cat-dazadi-48","10":"first","11":"instock","12":"taxable","13":"shipping-taxable","14":"purchasable","15":"product-type-variable"},"acf":[],"yoast_head":"<!-- This site is optimized with the Yoast SEO plugin v24.1 - https:\/\/yoast.com\/wordpress\/plugins\/seo\/ -->\n<title>K\u0101pnes Metaphys Lucano 3 solis &#8211; Skizze<\/title>\n<meta name=\"robots\" content=\"noindex, follow, max-snippet:-1, max-image-preview:large, max-video-preview:-1\" \/>\n<meta property=\"og:locale\" content=\"lv_LV\" \/>\n<meta property=\"og:type\" content=\"article\" \/>\n<meta property=\"og:title\" content=\"K\u0101pnes Metaphys Lucano 3 solis &#8211; Skizze\" \/>\n<meta property=\"og:description\" content=\"Vieglas, stabilas un iztur\u012bgas alum\u012bnija trepes ar 3 pak\u0101pieniem. Pateicoties veiksm\u012bgajam dizainam, \u0161is vienk\u0101r\u0161ais m\u0101jsaimniec\u012bbas piederums ir k\u013cuvis par modernu telpas dizaina elementu. K\u0101ju un pak\u0101pienu tr\u012bsst\u016bra griezums pie\u0161\u0137ir k\u0101j\u0101m modernu gaum\u012bgumu un nodro\u0161ina \u0161aur\u0101ku konstrukciju. T\u0101d\u0113\u013c trepes ir vienk\u0101r\u0161\u0101k novietot uzglab\u0101\u0161anai. Noapa\u013cota un gluda forma, virsma un st\u016bri, k\u0101 ar\u012b sl\u0113pti stiprin\u0101juma elementi. &#8220;Red Dot Design Award 2012&#8221; balvas laure\u0101ts. Izm\u0113ri: 53x133x15.5cm (salikt\u0101 st\u0101vokl\u012b), 53x122x74cm (atv\u0113rt\u0101 st\u0101vokl\u012b) Svars: 5kg Svara notur\u012bba: max 100kg\" \/>\n<meta property=\"og:url\" content=\"https:\/\/hobstop.ee\/lv\/produkts\/kapnes-metaphys-lucano-3-solis\/\" \/>\n<meta property=\"og:site_name\" content=\"Skizze\" \/>\n<meta property=\"article:publisher\" content=\"http:\/\/www.facebook.com\/VunderSkizze\" \/>\n<meta property=\"og:image\" content=\"https:\/\/hobstop.ee\/media\/3906.jpg\" \/>\n\t<meta property=\"og:image:width\" content=\"1024\" \/>\n\t<meta property=\"og:image:height\" content=\"768\" \/>\n\t<meta property=\"og:image:type\" content=\"image\/jpeg\" \/>\n<meta name=\"twitter:card\" content=\"summary_large_image\" \/>\n<meta name=\"twitter:label1\" content=\"Est. reading time\" \/>\n\t<meta name=\"twitter:data1\" content=\"1 min\u016b\u0161u\" \/>\n<script type=\"application\/ld+json\" class=\"yoast-schema-graph\">{\"@context\":\"https:\/\/schema.org\",\"@graph\":[{\"@type\":\"WebPage\",\"@id\":\"https:\/\/hobstop.ee\/lv\/produkts\/kapnes-metaphys-lucano-3-solis\/\",\"url\":\"https:\/\/hobstop.ee\/lv\/produkts\/kapnes-metaphys-lucano-3-solis\/\",\"name\":\"K\u0101pnes Metaphys Lucano 3 solis &#8211; Skizze\",\"isPartOf\":{\"@id\":\"https:\/\/hobstop.ee\/lv\/#website\"},\"primaryImageOfPage\":{\"@id\":\"https:\/\/hobstop.ee\/lv\/produkts\/kapnes-metaphys-lucano-3-solis\/#primaryimage\"},\"image\":{\"@id\":\"https:\/\/hobstop.ee\/lv\/produkts\/kapnes-metaphys-lucano-3-solis\/#primaryimage\"},\"thumbnailUrl\":\"https:\/\/hobstop.ee\/media\/3906.jpg\",\"datePublished\":\"2015-07-01T11:01:15+00:00\",\"dateModified\":\"2015-07-01T11:01:15+00:00\",\"breadcrumb\":{\"@id\":\"https:\/\/hobstop.ee\/lv\/produkts\/kapnes-metaphys-lucano-3-solis\/#breadcrumb\"},\"inLanguage\":\"lv-LV\",\"potentialAction\":[{\"@type\":\"ReadAction\",\"target\":[\"https:\/\/hobstop.ee\/lv\/produkts\/kapnes-metaphys-lucano-3-solis\/\"]}]},{\"@type\":\"ImageObject\",\"inLanguage\":\"lv-LV\",\"@id\":\"https:\/\/hobstop.ee\/lv\/produkts\/kapnes-metaphys-lucano-3-solis\/#primaryimage\",\"url\":\"https:\/\/hobstop.ee\/media\/3906.jpg\",\"contentUrl\":\"https:\/\/hobstop.ee\/media\/3906.jpg\",\"width\":1024,\"height\":768},{\"@type\":\"BreadcrumbList\",\"@id\":\"https:\/\/hobstop.ee\/lv\/produkts\/kapnes-metaphys-lucano-3-solis\/#breadcrumb\",\"itemListElement\":[{\"@type\":\"ListItem\",\"position\":1,\"name\":\"Avaleht\",\"item\":\"https:\/\/www.hobstop.ee\/lv\/\"},{\"@type\":\"ListItem\",\"position\":2,\"name\":\"Veikals\",\"item\":\"https:\/\/www.hobstop.ee\/lv\/veikals\/\"},{\"@type\":\"ListItem\",\"position\":3,\"name\":\"K\u0101pnes Metaphys Lucano 3 solis\"}]},{\"@type\":\"WebSite\",\"@id\":\"https:\/\/hobstop.ee\/lv\/#website\",\"url\":\"https:\/\/hobstop.ee\/lv\/\",\"name\":\"Skizze\",\"description\":\"M\u0101kslas, hobiju un skolas preces\",\"publisher\":{\"@id\":\"https:\/\/hobstop.ee\/lv\/#organization\"},\"potentialAction\":[{\"@type\":\"SearchAction\",\"target\":{\"@type\":\"EntryPoint\",\"urlTemplate\":\"https:\/\/hobstop.ee\/lv\/?s={search_term_string}\"},\"query-input\":{\"@type\":\"PropertyValueSpecification\",\"valueRequired\":true,\"valueName\":\"search_term_string\"}}],\"inLanguage\":\"lv-LV\"},{\"@type\":\"Organization\",\"@id\":\"https:\/\/hobstop.ee\/lv\/#organization\",\"name\":\"Vunder AS\",\"url\":\"https:\/\/hobstop.ee\/lv\/\",\"logo\":{\"@type\":\"ImageObject\",\"inLanguage\":\"lv-LV\",\"@id\":\"https:\/\/hobstop.ee\/lv\/#\/schema\/logo\/image\/\",\"url\":\"https:\/\/hobstop.ee\/media\/vunder-logo.png\",\"contentUrl\":\"https:\/\/hobstop.ee\/media\/vunder-logo.png\",\"width\":127,\"height\":55,\"caption\":\"Vunder AS\"},\"image\":{\"@id\":\"https:\/\/hobstop.ee\/lv\/#\/schema\/logo\/image\/\"},\"sameAs\":[\"http:\/\/www.facebook.com\/VunderSkizze\"]}]}<\/script>\n<!-- \/ Yoast SEO plugin. -->","yoast_head_json":{"title":"K\u0101pnes Metaphys Lucano 3 solis &#8211; Skizze","robots":{"index":"noindex","follow":"follow","max-snippet":"max-snippet:-1","max-image-preview":"max-image-preview:large","max-video-preview":"max-video-preview:-1"},"og_locale":"lv_LV","og_type":"article","og_title":"K\u0101pnes Metaphys Lucano 3 solis &#8211; Skizze","og_description":"Vieglas, stabilas un iztur\u012bgas alum\u012bnija trepes ar 3 pak\u0101pieniem. Pateicoties veiksm\u012bgajam dizainam, \u0161is vienk\u0101r\u0161ais m\u0101jsaimniec\u012bbas piederums ir k\u013cuvis par modernu telpas dizaina elementu. K\u0101ju un pak\u0101pienu tr\u012bsst\u016bra griezums pie\u0161\u0137ir k\u0101j\u0101m modernu gaum\u012bgumu un nodro\u0161ina \u0161aur\u0101ku konstrukciju. T\u0101d\u0113\u013c trepes ir vienk\u0101r\u0161\u0101k novietot uzglab\u0101\u0161anai. Noapa\u013cota un gluda forma, virsma un st\u016bri, k\u0101 ar\u012b sl\u0113pti stiprin\u0101juma elementi. &#8220;Red Dot Design Award 2012&#8221; balvas laure\u0101ts. Izm\u0113ri: 53x133x15.5cm (salikt\u0101 st\u0101vokl\u012b), 53x122x74cm (atv\u0113rt\u0101 st\u0101vokl\u012b) Svars: 5kg Svara notur\u012bba: max 100kg","og_url":"https:\/\/hobstop.ee\/lv\/produkts\/kapnes-metaphys-lucano-3-solis\/","og_site_name":"Skizze","article_publisher":"http:\/\/www.facebook.com\/VunderSkizze","og_image":[{"width":1024,"height":768,"url":"https:\/\/hobstop.ee\/media\/3906.jpg","type":"image\/jpeg"}],"twitter_card":"summary_large_image","twitter_misc":{"Est. reading time":"1 min\u016b\u0161u"},"schema":{"@context":"https:\/\/schema.org","@graph":[{"@type":"WebPage","@id":"https:\/\/hobstop.ee\/lv\/produkts\/kapnes-metaphys-lucano-3-solis\/","url":"https:\/\/hobstop.ee\/lv\/produkts\/kapnes-metaphys-lucano-3-solis\/","name":"K\u0101pnes Metaphys Lucano 3 solis &#8211; Skizze","isPartOf":{"@id":"https:\/\/hobstop.ee\/lv\/#website"},"primaryImageOfPage":{"@id":"https:\/\/hobstop.ee\/lv\/produkts\/kapnes-metaphys-lucano-3-solis\/#primaryimage"},"image":{"@id":"https:\/\/hobstop.ee\/lv\/produkts\/kapnes-metaphys-lucano-3-solis\/#primaryimage"},"thumbnailUrl":"https:\/\/hobstop.ee\/media\/3906.jpg","datePublished":"2015-07-01T11:01:15+00:00","dateModified":"2015-07-01T11:01:15+00:00","breadcrumb":{"@id":"https:\/\/hobstop.ee\/lv\/produkts\/kapnes-metaphys-lucano-3-solis\/#breadcrumb"},"inLanguage":"lv-LV","potentialAction":[{"@type":"ReadAction","target":["https:\/\/hobstop.ee\/lv\/produkts\/kapnes-metaphys-lucano-3-solis\/"]}]},{"@type":"ImageObject","inLanguage":"lv-LV","@id":"https:\/\/hobstop.ee\/lv\/produkts\/kapnes-metaphys-lucano-3-solis\/#primaryimage","url":"https:\/\/hobstop.ee\/media\/3906.jpg","contentUrl":"https:\/\/hobstop.ee\/media\/3906.jpg","width":1024,"height":768},{"@type":"BreadcrumbList","@id":"https:\/\/hobstop.ee\/lv\/produkts\/kapnes-metaphys-lucano-3-solis\/#breadcrumb","itemListElement":[{"@type":"ListItem","position":1,"name":"Avaleht","item":"https:\/\/www.hobstop.ee\/lv\/"},{"@type":"ListItem","position":2,"name":"Veikals","item":"https:\/\/www.hobstop.ee\/lv\/veikals\/"},{"@type":"ListItem","position":3,"name":"K\u0101pnes Metaphys Lucano 3 solis"}]},{"@type":"WebSite","@id":"https:\/\/hobstop.ee\/lv\/#website","url":"https:\/\/hobstop.ee\/lv\/","name":"Skizze","description":"M\u0101kslas, hobiju un skolas preces","publisher":{"@id":"https:\/\/hobstop.ee\/lv\/#organization"},"potentialAction":[{"@type":"SearchAction","target":{"@type":"EntryPoint","urlTemplate":"https:\/\/hobstop.ee\/lv\/?s={search_term_string}"},"query-input":{"@type":"PropertyValueSpecification","valueRequired":true,"valueName":"search_term_string"}}],"inLanguage":"lv-LV"},{"@type":"Organization","@id":"https:\/\/hobstop.ee\/lv\/#organization","name":"Vunder AS","url":"https:\/\/hobstop.ee\/lv\/","logo":{"@type":"ImageObject","inLanguage":"lv-LV","@id":"https:\/\/hobstop.ee\/lv\/#\/schema\/logo\/image\/","url":"https:\/\/hobstop.ee\/media\/vunder-logo.png","contentUrl":"https:\/\/hobstop.ee\/media\/vunder-logo.png","width":127,"height":55,"caption":"Vunder AS"},"image":{"@id":"https:\/\/hobstop.ee\/lv\/#\/schema\/logo\/image\/"},"sameAs":["http:\/\/www.facebook.com\/VunderSkizze"]}]}},"_links":{"self":[{"href":"https:\/\/hobstop.ee\/lv\/wp-json\/wp\/v2\/product\/119535","targetHints":{"allow":["GET"]}}],"collection":[{"href":"https:\/\/hobstop.ee\/lv\/wp-json\/wp\/v2\/product"}],"about":[{"href":"https:\/\/hobstop.ee\/lv\/wp-json\/wp\/v2\/types\/product"}],"replies":[{"embeddable":true,"href":"https:\/\/hobstop.ee\/lv\/wp-json\/wp\/v2\/comments?post=119535"}],"wp:featuredmedia":[{"embeddable":true,"href":"https:\/\/hobstop.ee\/lv\/wp-json\/wp\/v2\/media\/143036"}],"wp:attachment":[{"href":"https:\/\/hobstop.ee\/lv\/wp-json\/wp\/v2\/media?parent=119535"}],"wp:term":[{"taxonomy":"product_cat","embeddable":true,"href":"https:\/\/hobstop.ee\/lv\/wp-json\/wp\/v2\/product_cat?post=119535"},{"taxonomy":"product_tag","embeddable":true,"href":"https:\/\/hobstop.ee\/lv\/wp-json\/wp\/v2\/product_tag?post=119535"}],"curies":[{"name":"wp","href":"https:\/\/api.w.org\/{rel}","templated":true}]}}