{"id":119563,"date":"2015-07-01T14:17:45","date_gmt":"2015-07-01T11:17:45","guid":{"rendered":"http:\/\/vunder-ee.sn25.zone.eu\/lv\/product\/medijs-gels-akrilam-marabu-100ml\/"},"modified":"2015-07-01T14:17:45","modified_gmt":"2015-07-01T11:17:45","slug":"medijs-gels-akrilam-marabu-100ml","status":"publish","type":"product","link":"https:\/\/hobstop.ee\/lv\/produkts\/medijs-gels-akrilam-marabu-100ml\/","title":{"rendered":"Medijs-g\u0113ls akrilam Marabu 100ml"},"content":{"rendered":"<p>Pie\u0161\u0137ir ar akrila kr\u0101s\u0101m gleznotam darbam glanc\u0113tus akcentus!  Caursp\u012bd\u012bgais Marabu Acryl Gel gels ir paredz\u0113ts 3D efektu veido\u0161anai uz akrila gleznojumiem. Uz \u016bdens b\u0101zes veidotais akrila gels ir \u016bdensdro\u0161s un iztur\u012bgs pret izbal\u0113\u0161anu.  Gels ir lieliski piem\u0113rots ar\u012b darbam ar \u0161abloniem.<\/p>\n","protected":false},"excerpt":{"rendered":"<p>Pie\u0161\u0137ir ar akrila kr\u0101s\u0101m gleznotam darbam glanc\u0113tus akcentus! Caursp\u012bd\u012bgais Marabu Acryl Gel gels ir paredz\u0113ts 3D efektu veido\u0161anai uz akrila gleznojumiem. Uz \u016bdens b\u0101zes veidotais akrila gels ir \u016bdensdro\u0161s un iztur\u012bgs pret izbal\u0113\u0161anu. Gels ir lieliski piem\u0113rots ar\u012b darbam ar \u0161abloniem.<\/p>\n","protected":false},"featured_media":142996,"comment_status":"closed","ping_status":"closed","template":"","meta":{"_acf_changed":false,"ep_exclude_from_search":false},"product_cat":[18997,17980,16123],"product_tag":[],"class_list":{"0":"post-119563","1":"product","2":"type-product","3":"status-publish","4":"has-post-thumbnail","6":"product_cat-akrilkrasu-mediji-3","7":"product_cat-krasas-un-gleznosanas-paligmateriali","8":"product_cat-makslas-piederumi-2","10":"first","11":"outofstock","12":"taxable","13":"shipping-taxable","14":"purchasable","15":"product-type-variable"},"acf":[],"yoast_head":"<!-- This site is optimized with the Yoast SEO plugin v24.1 - https:\/\/yoast.com\/wordpress\/plugins\/seo\/ -->\n<title>Medijs-g\u0113ls akrilam Marabu 100ml &#8211; Skizze<\/title>\n<meta name=\"robots\" content=\"noindex, follow, max-snippet:-1, max-image-preview:large, max-video-preview:-1\" \/>\n<meta property=\"og:locale\" content=\"lv_LV\" \/>\n<meta property=\"og:type\" content=\"article\" \/>\n<meta property=\"og:title\" content=\"Medijs-g\u0113ls akrilam Marabu 100ml &#8211; Skizze\" \/>\n<meta property=\"og:description\" content=\"Pie\u0161\u0137ir ar akrila kr\u0101s\u0101m gleznotam darbam glanc\u0113tus akcentus! Caursp\u012bd\u012bgais Marabu Acryl Gel gels ir paredz\u0113ts 3D efektu veido\u0161anai uz akrila gleznojumiem. Uz \u016bdens b\u0101zes veidotais akrila gels ir \u016bdensdro\u0161s un iztur\u012bgs pret izbal\u0113\u0161anu. Gels ir lieliski piem\u0113rots ar\u012b darbam ar \u0161abloniem.\" \/>\n<meta property=\"og:url\" content=\"https:\/\/hobstop.ee\/lv\/produkts\/medijs-gels-akrilam-marabu-100ml\/\" \/>\n<meta property=\"og:site_name\" content=\"Skizze\" \/>\n<meta property=\"article:publisher\" content=\"http:\/\/www.facebook.com\/VunderSkizze\" \/>\n<meta property=\"og:image\" content=\"https:\/\/hobstop.ee\/media\/3939.jpg\" \/>\n\t<meta property=\"og:image:width\" content=\"1024\" \/>\n\t<meta property=\"og:image:height\" content=\"768\" \/>\n\t<meta property=\"og:image:type\" content=\"image\/jpeg\" \/>\n<meta name=\"twitter:card\" content=\"summary_large_image\" \/>\n<script type=\"application\/ld+json\" class=\"yoast-schema-graph\">{\"@context\":\"https:\/\/schema.org\",\"@graph\":[{\"@type\":\"WebPage\",\"@id\":\"https:\/\/hobstop.ee\/lv\/produkts\/medijs-gels-akrilam-marabu-100ml\/\",\"url\":\"https:\/\/hobstop.ee\/lv\/produkts\/medijs-gels-akrilam-marabu-100ml\/\",\"name\":\"Medijs-g\u0113ls akrilam Marabu 100ml &#8211; Skizze\",\"isPartOf\":{\"@id\":\"https:\/\/www.hobstop.ee\/lv\/#website\"},\"primaryImageOfPage\":{\"@id\":\"https:\/\/hobstop.ee\/lv\/produkts\/medijs-gels-akrilam-marabu-100ml\/#primaryimage\"},\"image\":{\"@id\":\"https:\/\/hobstop.ee\/lv\/produkts\/medijs-gels-akrilam-marabu-100ml\/#primaryimage\"},\"thumbnailUrl\":\"https:\/\/hobstop.ee\/media\/3939.jpg\",\"datePublished\":\"2015-07-01T11:17:45+00:00\",\"dateModified\":\"2015-07-01T11:17:45+00:00\",\"breadcrumb\":{\"@id\":\"https:\/\/hobstop.ee\/lv\/produkts\/medijs-gels-akrilam-marabu-100ml\/#breadcrumb\"},\"inLanguage\":\"lv-LV\",\"potentialAction\":[{\"@type\":\"ReadAction\",\"target\":[\"https:\/\/hobstop.ee\/lv\/produkts\/medijs-gels-akrilam-marabu-100ml\/\"]}]},{\"@type\":\"ImageObject\",\"inLanguage\":\"lv-LV\",\"@id\":\"https:\/\/hobstop.ee\/lv\/produkts\/medijs-gels-akrilam-marabu-100ml\/#primaryimage\",\"url\":\"https:\/\/hobstop.ee\/media\/3939.jpg\",\"contentUrl\":\"https:\/\/hobstop.ee\/media\/3939.jpg\",\"width\":1024,\"height\":768},{\"@type\":\"BreadcrumbList\",\"@id\":\"https:\/\/hobstop.ee\/lv\/produkts\/medijs-gels-akrilam-marabu-100ml\/#breadcrumb\",\"itemListElement\":[{\"@type\":\"ListItem\",\"position\":1,\"name\":\"Avaleht\",\"item\":\"https:\/\/www.hobstop.ee\/lv\/\"},{\"@type\":\"ListItem\",\"position\":2,\"name\":\"Veikals\",\"item\":\"https:\/\/www.hobstop.ee\/lv\/veikals\/\"},{\"@type\":\"ListItem\",\"position\":3,\"name\":\"Medijs-g\u0113ls akrilam Marabu 100ml\"}]},{\"@type\":\"WebSite\",\"@id\":\"https:\/\/www.hobstop.ee\/lv\/#website\",\"url\":\"https:\/\/www.hobstop.ee\/lv\/\",\"name\":\"Skizze\",\"description\":\"M\u0101kslas, hobiju un skolas preces\",\"publisher\":{\"@id\":\"https:\/\/www.hobstop.ee\/lv\/#organization\"},\"potentialAction\":[{\"@type\":\"SearchAction\",\"target\":{\"@type\":\"EntryPoint\",\"urlTemplate\":\"https:\/\/www.hobstop.ee\/lv\/?s={search_term_string}\"},\"query-input\":{\"@type\":\"PropertyValueSpecification\",\"valueRequired\":true,\"valueName\":\"search_term_string\"}}],\"inLanguage\":\"lv-LV\"},{\"@type\":\"Organization\",\"@id\":\"https:\/\/www.hobstop.ee\/lv\/#organization\",\"name\":\"Vunder AS\",\"url\":\"https:\/\/www.hobstop.ee\/lv\/\",\"logo\":{\"@type\":\"ImageObject\",\"inLanguage\":\"lv-LV\",\"@id\":\"https:\/\/www.hobstop.ee\/lv\/#\/schema\/logo\/image\/\",\"url\":\"https:\/\/hobstop.ee\/media\/vunder-logo.png\",\"contentUrl\":\"https:\/\/hobstop.ee\/media\/vunder-logo.png\",\"width\":127,\"height\":55,\"caption\":\"Vunder AS\"},\"image\":{\"@id\":\"https:\/\/www.hobstop.ee\/lv\/#\/schema\/logo\/image\/\"},\"sameAs\":[\"http:\/\/www.facebook.com\/VunderSkizze\"]}]}<\/script>\n<!-- \/ Yoast SEO plugin. -->","yoast_head_json":{"title":"Medijs-g\u0113ls akrilam Marabu 100ml &#8211; Skizze","robots":{"index":"noindex","follow":"follow","max-snippet":"max-snippet:-1","max-image-preview":"max-image-preview:large","max-video-preview":"max-video-preview:-1"},"og_locale":"lv_LV","og_type":"article","og_title":"Medijs-g\u0113ls akrilam Marabu 100ml &#8211; Skizze","og_description":"Pie\u0161\u0137ir ar akrila kr\u0101s\u0101m gleznotam darbam glanc\u0113tus akcentus! Caursp\u012bd\u012bgais Marabu Acryl Gel gels ir paredz\u0113ts 3D efektu veido\u0161anai uz akrila gleznojumiem. Uz \u016bdens b\u0101zes veidotais akrila gels ir \u016bdensdro\u0161s un iztur\u012bgs pret izbal\u0113\u0161anu. Gels ir lieliski piem\u0113rots ar\u012b darbam ar \u0161abloniem.","og_url":"https:\/\/hobstop.ee\/lv\/produkts\/medijs-gels-akrilam-marabu-100ml\/","og_site_name":"Skizze","article_publisher":"http:\/\/www.facebook.com\/VunderSkizze","og_image":[{"width":1024,"height":768,"url":"https:\/\/hobstop.ee\/media\/3939.jpg","type":"image\/jpeg"}],"twitter_card":"summary_large_image","schema":{"@context":"https:\/\/schema.org","@graph":[{"@type":"WebPage","@id":"https:\/\/hobstop.ee\/lv\/produkts\/medijs-gels-akrilam-marabu-100ml\/","url":"https:\/\/hobstop.ee\/lv\/produkts\/medijs-gels-akrilam-marabu-100ml\/","name":"Medijs-g\u0113ls akrilam Marabu 100ml &#8211; Skizze","isPartOf":{"@id":"https:\/\/www.hobstop.ee\/lv\/#website"},"primaryImageOfPage":{"@id":"https:\/\/hobstop.ee\/lv\/produkts\/medijs-gels-akrilam-marabu-100ml\/#primaryimage"},"image":{"@id":"https:\/\/hobstop.ee\/lv\/produkts\/medijs-gels-akrilam-marabu-100ml\/#primaryimage"},"thumbnailUrl":"https:\/\/hobstop.ee\/media\/3939.jpg","datePublished":"2015-07-01T11:17:45+00:00","dateModified":"2015-07-01T11:17:45+00:00","breadcrumb":{"@id":"https:\/\/hobstop.ee\/lv\/produkts\/medijs-gels-akrilam-marabu-100ml\/#breadcrumb"},"inLanguage":"lv-LV","potentialAction":[{"@type":"ReadAction","target":["https:\/\/hobstop.ee\/lv\/produkts\/medijs-gels-akrilam-marabu-100ml\/"]}]},{"@type":"ImageObject","inLanguage":"lv-LV","@id":"https:\/\/hobstop.ee\/lv\/produkts\/medijs-gels-akrilam-marabu-100ml\/#primaryimage","url":"https:\/\/hobstop.ee\/media\/3939.jpg","contentUrl":"https:\/\/hobstop.ee\/media\/3939.jpg","width":1024,"height":768},{"@type":"BreadcrumbList","@id":"https:\/\/hobstop.ee\/lv\/produkts\/medijs-gels-akrilam-marabu-100ml\/#breadcrumb","itemListElement":[{"@type":"ListItem","position":1,"name":"Avaleht","item":"https:\/\/www.hobstop.ee\/lv\/"},{"@type":"ListItem","position":2,"name":"Veikals","item":"https:\/\/www.hobstop.ee\/lv\/veikals\/"},{"@type":"ListItem","position":3,"name":"Medijs-g\u0113ls akrilam Marabu 100ml"}]},{"@type":"WebSite","@id":"https:\/\/www.hobstop.ee\/lv\/#website","url":"https:\/\/www.hobstop.ee\/lv\/","name":"Skizze","description":"M\u0101kslas, hobiju un skolas preces","publisher":{"@id":"https:\/\/www.hobstop.ee\/lv\/#organization"},"potentialAction":[{"@type":"SearchAction","target":{"@type":"EntryPoint","urlTemplate":"https:\/\/www.hobstop.ee\/lv\/?s={search_term_string}"},"query-input":{"@type":"PropertyValueSpecification","valueRequired":true,"valueName":"search_term_string"}}],"inLanguage":"lv-LV"},{"@type":"Organization","@id":"https:\/\/www.hobstop.ee\/lv\/#organization","name":"Vunder AS","url":"https:\/\/www.hobstop.ee\/lv\/","logo":{"@type":"ImageObject","inLanguage":"lv-LV","@id":"https:\/\/www.hobstop.ee\/lv\/#\/schema\/logo\/image\/","url":"https:\/\/hobstop.ee\/media\/vunder-logo.png","contentUrl":"https:\/\/hobstop.ee\/media\/vunder-logo.png","width":127,"height":55,"caption":"Vunder AS"},"image":{"@id":"https:\/\/www.hobstop.ee\/lv\/#\/schema\/logo\/image\/"},"sameAs":["http:\/\/www.facebook.com\/VunderSkizze"]}]}},"_links":{"self":[{"href":"https:\/\/hobstop.ee\/lv\/wp-json\/wp\/v2\/product\/119563","targetHints":{"allow":["GET"]}}],"collection":[{"href":"https:\/\/hobstop.ee\/lv\/wp-json\/wp\/v2\/product"}],"about":[{"href":"https:\/\/hobstop.ee\/lv\/wp-json\/wp\/v2\/types\/product"}],"replies":[{"embeddable":true,"href":"https:\/\/hobstop.ee\/lv\/wp-json\/wp\/v2\/comments?post=119563"}],"wp:featuredmedia":[{"embeddable":true,"href":"https:\/\/hobstop.ee\/lv\/wp-json\/wp\/v2\/media\/142996"}],"wp:attachment":[{"href":"https:\/\/hobstop.ee\/lv\/wp-json\/wp\/v2\/media?parent=119563"}],"wp:term":[{"taxonomy":"product_cat","embeddable":true,"href":"https:\/\/hobstop.ee\/lv\/wp-json\/wp\/v2\/product_cat?post=119563"},{"taxonomy":"product_tag","embeddable":true,"href":"https:\/\/hobstop.ee\/lv\/wp-json\/wp\/v2\/product_tag?post=119563"}],"curies":[{"name":"wp","href":"https:\/\/api.w.org\/{rel}","templated":true}]}}