{"id":119570,"date":"2015-07-01T14:25:52","date_gmt":"2015-07-01T11:25:52","guid":{"rendered":"http:\/\/vunder-ee.sn25.zone.eu\/lv\/product\/krasainie-zimuli-colorpeps-smart-box\/"},"modified":"2015-07-01T14:25:52","modified_gmt":"2015-07-01T11:25:52","slug":"krasainie-zimuli-maped-colorpeps-smart-box","status":"publish","type":"product","link":"https:\/\/hobstop.ee\/lv\/produkts\/krasainie-zimuli-maped-colorpeps-smart-box\/","title":{"rendered":"Kr\u0101sainie z\u012bmu\u013ci Maped Color&#8217;Peps Smart Box"},"content":{"rendered":"<p>Klasiski, augstas kvalit\u0101tes kr\u0101sainie z\u012bmu\u013ci spilgt\u0101s kr\u0101s\u0101s. Ergonomiska tr\u012bsst\u016bra forma nodro\u0161ina lab\u0101ku satv\u0113rienu. Color\u2019Peps kr\u0101so\u0161anas z\u012bmu\u013ciem ir m\u012bksts un iztur\u012bgs serdenis (d=2,9mm), ko ir viegli asin\u0101t. Maped Color\u2019Peps Smart Box ir patiesi iztur\u012bgs, kompakts komplekts, kas nepiecie\u0161ams kr\u0101so\u0161anai jebkur\u0101 viet\u0101 un jebkur\u0101 laik\u0101! Ar to nekad neb\u016bs garlaic\u012bgi! Praktisk\u0101 un \u0113rt\u0101 l\u012bme\u0146u main\u012b\u0161anas sist\u0113ma pal\u012bdz viegl\u0101k iz\u0146emt z\u012bmu\u013cus un vienm\u0113r nodro\u0161ina, ka z\u012bmu\u013ci atrodas pacelt\u0101 st\u0101vokl\u012b. Kompakto, iztur\u012bgo k\u0101rbu var  griezt 360\u00b0, tas noz\u012bm\u0113, ka uz galda t\u0101 aiz\u0146em minim\u0101lu vietu.<\/p>\n","protected":false},"excerpt":{"rendered":"<p>Klasiski, augstas kvalit\u0101tes kr\u0101sainie z\u012bmu\u013ci spilgt\u0101s kr\u0101s\u0101s. Ergonomiska tr\u012bsst\u016bra forma nodro\u0161ina lab\u0101ku satv\u0113rienu. Color\u2019Peps kr\u0101so\u0161anas z\u012bmu\u013ciem ir m\u012bksts un iztur\u012bgs serdenis (d=2,9mm), ko ir viegli asin\u0101t. Maped Color\u2019Peps Smart Box ir patiesi iztur\u012bgs, kompakts komplekts, kas nepiecie\u0161ams kr\u0101so\u0161anai jebkur\u0101 viet\u0101 un jebkur\u0101 laik\u0101! Ar to nekad neb\u016bs garlaic\u012bgi! Praktisk\u0101 un \u0113rt\u0101 l\u012bme\u0146u main\u012b\u0161anas sist\u0113ma pal\u012bdz viegl\u0101k iz\u0146emt z\u012bmu\u013cus un vienm\u0113r nodro\u0161ina, ka z\u012bmu\u013ci atrodas pacelt\u0101 st\u0101vokl\u012b. Kompakto, iztur\u012bgo k\u0101rbu var griezt 360\u00b0, tas noz\u012bm\u0113, ka uz galda t\u0101 aiz\u0146em minim\u0101lu vietu.<\/p>\n","protected":false},"featured_media":142992,"comment_status":"closed","ping_status":"closed","template":"","meta":{"_acf_changed":false,"ep_exclude_from_search":false},"product_cat":[18694,17916,18633],"product_tag":[],"class_list":{"0":"post-119570","1":"product","2":"type-product","3":"status-publish","4":"has-post-thumbnail","6":"product_cat-krasu-zimuli","7":"product_cat-preces-skolai","8":"product_cat-zimesanas-piederumi-2","10":"first","11":"instock","12":"taxable","13":"shipping-taxable","14":"purchasable","15":"product-type-variable"},"acf":[],"yoast_head":"<!-- This site is optimized with the Yoast SEO plugin v24.1 - https:\/\/yoast.com\/wordpress\/plugins\/seo\/ -->\n<title>Kr\u0101sainie z\u012bmu\u013ci Maped Color&#039;Peps Smart Box &#8211; Skizze<\/title>\n<meta name=\"robots\" content=\"noindex, follow, max-snippet:-1, max-image-preview:large, max-video-preview:-1\" \/>\n<meta property=\"og:locale\" content=\"lv_LV\" \/>\n<meta property=\"og:type\" content=\"article\" \/>\n<meta property=\"og:title\" content=\"Kr\u0101sainie z\u012bmu\u013ci Maped Color&#039;Peps Smart Box &#8211; Skizze\" \/>\n<meta property=\"og:description\" content=\"Klasiski, augstas kvalit\u0101tes kr\u0101sainie z\u012bmu\u013ci spilgt\u0101s kr\u0101s\u0101s. Ergonomiska tr\u012bsst\u016bra forma nodro\u0161ina lab\u0101ku satv\u0113rienu. Color\u2019Peps kr\u0101so\u0161anas z\u012bmu\u013ciem ir m\u012bksts un iztur\u012bgs serdenis (d=2,9mm), ko ir viegli asin\u0101t. Maped Color\u2019Peps Smart Box ir patiesi iztur\u012bgs, kompakts komplekts, kas nepiecie\u0161ams kr\u0101so\u0161anai jebkur\u0101 viet\u0101 un jebkur\u0101 laik\u0101! Ar to nekad neb\u016bs garlaic\u012bgi! Praktisk\u0101 un \u0113rt\u0101 l\u012bme\u0146u main\u012b\u0161anas sist\u0113ma pal\u012bdz viegl\u0101k iz\u0146emt z\u012bmu\u013cus un vienm\u0113r nodro\u0161ina, ka z\u012bmu\u013ci atrodas pacelt\u0101 st\u0101vokl\u012b. Kompakto, iztur\u012bgo k\u0101rbu var griezt 360\u00b0, tas noz\u012bm\u0113, ka uz galda t\u0101 aiz\u0146em minim\u0101lu vietu.\" \/>\n<meta property=\"og:url\" content=\"https:\/\/hobstop.ee\/lv\/produkts\/krasainie-zimuli-maped-colorpeps-smart-box\/\" \/>\n<meta property=\"og:site_name\" content=\"Skizze\" \/>\n<meta property=\"article:publisher\" content=\"http:\/\/www.facebook.com\/VunderSkizze\" \/>\n<meta property=\"og:image\" content=\"https:\/\/hobstop.ee\/media\/3942.jpg\" \/>\n\t<meta property=\"og:image:width\" content=\"1024\" \/>\n\t<meta property=\"og:image:height\" content=\"768\" \/>\n\t<meta property=\"og:image:type\" content=\"image\/jpeg\" \/>\n<meta name=\"twitter:card\" content=\"summary_large_image\" \/>\n<meta name=\"twitter:label1\" content=\"Est. reading time\" \/>\n\t<meta name=\"twitter:data1\" content=\"1 min\u016b\u0161u\" \/>\n<script type=\"application\/ld+json\" class=\"yoast-schema-graph\">{\"@context\":\"https:\/\/schema.org\",\"@graph\":[{\"@type\":\"WebPage\",\"@id\":\"https:\/\/hobstop.ee\/lv\/produkts\/krasainie-zimuli-maped-colorpeps-smart-box\/\",\"url\":\"https:\/\/hobstop.ee\/lv\/produkts\/krasainie-zimuli-maped-colorpeps-smart-box\/\",\"name\":\"Kr\u0101sainie z\u012bmu\u013ci Maped Color'Peps Smart Box &#8211; Skizze\",\"isPartOf\":{\"@id\":\"https:\/\/hobstop.ee\/lv\/#website\"},\"primaryImageOfPage\":{\"@id\":\"https:\/\/hobstop.ee\/lv\/produkts\/krasainie-zimuli-maped-colorpeps-smart-box\/#primaryimage\"},\"image\":{\"@id\":\"https:\/\/hobstop.ee\/lv\/produkts\/krasainie-zimuli-maped-colorpeps-smart-box\/#primaryimage\"},\"thumbnailUrl\":\"https:\/\/hobstop.ee\/media\/3942.jpg\",\"datePublished\":\"2015-07-01T11:25:52+00:00\",\"dateModified\":\"2015-07-01T11:25:52+00:00\",\"breadcrumb\":{\"@id\":\"https:\/\/hobstop.ee\/lv\/produkts\/krasainie-zimuli-maped-colorpeps-smart-box\/#breadcrumb\"},\"inLanguage\":\"lv-LV\",\"potentialAction\":[{\"@type\":\"ReadAction\",\"target\":[\"https:\/\/hobstop.ee\/lv\/produkts\/krasainie-zimuli-maped-colorpeps-smart-box\/\"]}]},{\"@type\":\"ImageObject\",\"inLanguage\":\"lv-LV\",\"@id\":\"https:\/\/hobstop.ee\/lv\/produkts\/krasainie-zimuli-maped-colorpeps-smart-box\/#primaryimage\",\"url\":\"https:\/\/hobstop.ee\/media\/3942.jpg\",\"contentUrl\":\"https:\/\/hobstop.ee\/media\/3942.jpg\",\"width\":1024,\"height\":768},{\"@type\":\"BreadcrumbList\",\"@id\":\"https:\/\/hobstop.ee\/lv\/produkts\/krasainie-zimuli-maped-colorpeps-smart-box\/#breadcrumb\",\"itemListElement\":[{\"@type\":\"ListItem\",\"position\":1,\"name\":\"Avaleht\",\"item\":\"https:\/\/hobstop.ee\/lv\/\"},{\"@type\":\"ListItem\",\"position\":2,\"name\":\"Veikals\",\"item\":\"https:\/\/hobstop.ee\/lv\/veikals\/\"},{\"@type\":\"ListItem\",\"position\":3,\"name\":\"Kr\u0101sainie z\u012bmu\u013ci Maped Color&#8217;Peps Smart Box\"}]},{\"@type\":\"WebSite\",\"@id\":\"https:\/\/hobstop.ee\/lv\/#website\",\"url\":\"https:\/\/hobstop.ee\/lv\/\",\"name\":\"Skizze\",\"description\":\"M\u0101kslas, hobiju un skolas preces\",\"publisher\":{\"@id\":\"https:\/\/hobstop.ee\/lv\/#organization\"},\"potentialAction\":[{\"@type\":\"SearchAction\",\"target\":{\"@type\":\"EntryPoint\",\"urlTemplate\":\"https:\/\/hobstop.ee\/lv\/?s={search_term_string}\"},\"query-input\":{\"@type\":\"PropertyValueSpecification\",\"valueRequired\":true,\"valueName\":\"search_term_string\"}}],\"inLanguage\":\"lv-LV\"},{\"@type\":\"Organization\",\"@id\":\"https:\/\/hobstop.ee\/lv\/#organization\",\"name\":\"Vunder AS\",\"url\":\"https:\/\/hobstop.ee\/lv\/\",\"logo\":{\"@type\":\"ImageObject\",\"inLanguage\":\"lv-LV\",\"@id\":\"https:\/\/hobstop.ee\/lv\/#\/schema\/logo\/image\/\",\"url\":\"https:\/\/hobstop.ee\/media\/vunder-logo.png\",\"contentUrl\":\"https:\/\/hobstop.ee\/media\/vunder-logo.png\",\"width\":127,\"height\":55,\"caption\":\"Vunder AS\"},\"image\":{\"@id\":\"https:\/\/hobstop.ee\/lv\/#\/schema\/logo\/image\/\"},\"sameAs\":[\"http:\/\/www.facebook.com\/VunderSkizze\"]}]}<\/script>\n<!-- \/ Yoast SEO plugin. -->","yoast_head_json":{"title":"Kr\u0101sainie z\u012bmu\u013ci Maped Color'Peps Smart Box &#8211; Skizze","robots":{"index":"noindex","follow":"follow","max-snippet":"max-snippet:-1","max-image-preview":"max-image-preview:large","max-video-preview":"max-video-preview:-1"},"og_locale":"lv_LV","og_type":"article","og_title":"Kr\u0101sainie z\u012bmu\u013ci Maped Color'Peps Smart Box &#8211; Skizze","og_description":"Klasiski, augstas kvalit\u0101tes kr\u0101sainie z\u012bmu\u013ci spilgt\u0101s kr\u0101s\u0101s. Ergonomiska tr\u012bsst\u016bra forma nodro\u0161ina lab\u0101ku satv\u0113rienu. Color\u2019Peps kr\u0101so\u0161anas z\u012bmu\u013ciem ir m\u012bksts un iztur\u012bgs serdenis (d=2,9mm), ko ir viegli asin\u0101t. Maped Color\u2019Peps Smart Box ir patiesi iztur\u012bgs, kompakts komplekts, kas nepiecie\u0161ams kr\u0101so\u0161anai jebkur\u0101 viet\u0101 un jebkur\u0101 laik\u0101! Ar to nekad neb\u016bs garlaic\u012bgi! Praktisk\u0101 un \u0113rt\u0101 l\u012bme\u0146u main\u012b\u0161anas sist\u0113ma pal\u012bdz viegl\u0101k iz\u0146emt z\u012bmu\u013cus un vienm\u0113r nodro\u0161ina, ka z\u012bmu\u013ci atrodas pacelt\u0101 st\u0101vokl\u012b. Kompakto, iztur\u012bgo k\u0101rbu var griezt 360\u00b0, tas noz\u012bm\u0113, ka uz galda t\u0101 aiz\u0146em minim\u0101lu vietu.","og_url":"https:\/\/hobstop.ee\/lv\/produkts\/krasainie-zimuli-maped-colorpeps-smart-box\/","og_site_name":"Skizze","article_publisher":"http:\/\/www.facebook.com\/VunderSkizze","og_image":[{"width":1024,"height":768,"url":"https:\/\/hobstop.ee\/media\/3942.jpg","type":"image\/jpeg"}],"twitter_card":"summary_large_image","twitter_misc":{"Est. reading time":"1 min\u016b\u0161u"},"schema":{"@context":"https:\/\/schema.org","@graph":[{"@type":"WebPage","@id":"https:\/\/hobstop.ee\/lv\/produkts\/krasainie-zimuli-maped-colorpeps-smart-box\/","url":"https:\/\/hobstop.ee\/lv\/produkts\/krasainie-zimuli-maped-colorpeps-smart-box\/","name":"Kr\u0101sainie z\u012bmu\u013ci Maped Color'Peps Smart Box &#8211; Skizze","isPartOf":{"@id":"https:\/\/hobstop.ee\/lv\/#website"},"primaryImageOfPage":{"@id":"https:\/\/hobstop.ee\/lv\/produkts\/krasainie-zimuli-maped-colorpeps-smart-box\/#primaryimage"},"image":{"@id":"https:\/\/hobstop.ee\/lv\/produkts\/krasainie-zimuli-maped-colorpeps-smart-box\/#primaryimage"},"thumbnailUrl":"https:\/\/hobstop.ee\/media\/3942.jpg","datePublished":"2015-07-01T11:25:52+00:00","dateModified":"2015-07-01T11:25:52+00:00","breadcrumb":{"@id":"https:\/\/hobstop.ee\/lv\/produkts\/krasainie-zimuli-maped-colorpeps-smart-box\/#breadcrumb"},"inLanguage":"lv-LV","potentialAction":[{"@type":"ReadAction","target":["https:\/\/hobstop.ee\/lv\/produkts\/krasainie-zimuli-maped-colorpeps-smart-box\/"]}]},{"@type":"ImageObject","inLanguage":"lv-LV","@id":"https:\/\/hobstop.ee\/lv\/produkts\/krasainie-zimuli-maped-colorpeps-smart-box\/#primaryimage","url":"https:\/\/hobstop.ee\/media\/3942.jpg","contentUrl":"https:\/\/hobstop.ee\/media\/3942.jpg","width":1024,"height":768},{"@type":"BreadcrumbList","@id":"https:\/\/hobstop.ee\/lv\/produkts\/krasainie-zimuli-maped-colorpeps-smart-box\/#breadcrumb","itemListElement":[{"@type":"ListItem","position":1,"name":"Avaleht","item":"https:\/\/hobstop.ee\/lv\/"},{"@type":"ListItem","position":2,"name":"Veikals","item":"https:\/\/hobstop.ee\/lv\/veikals\/"},{"@type":"ListItem","position":3,"name":"Kr\u0101sainie z\u012bmu\u013ci Maped Color&#8217;Peps Smart Box"}]},{"@type":"WebSite","@id":"https:\/\/hobstop.ee\/lv\/#website","url":"https:\/\/hobstop.ee\/lv\/","name":"Skizze","description":"M\u0101kslas, hobiju un skolas preces","publisher":{"@id":"https:\/\/hobstop.ee\/lv\/#organization"},"potentialAction":[{"@type":"SearchAction","target":{"@type":"EntryPoint","urlTemplate":"https:\/\/hobstop.ee\/lv\/?s={search_term_string}"},"query-input":{"@type":"PropertyValueSpecification","valueRequired":true,"valueName":"search_term_string"}}],"inLanguage":"lv-LV"},{"@type":"Organization","@id":"https:\/\/hobstop.ee\/lv\/#organization","name":"Vunder AS","url":"https:\/\/hobstop.ee\/lv\/","logo":{"@type":"ImageObject","inLanguage":"lv-LV","@id":"https:\/\/hobstop.ee\/lv\/#\/schema\/logo\/image\/","url":"https:\/\/hobstop.ee\/media\/vunder-logo.png","contentUrl":"https:\/\/hobstop.ee\/media\/vunder-logo.png","width":127,"height":55,"caption":"Vunder AS"},"image":{"@id":"https:\/\/hobstop.ee\/lv\/#\/schema\/logo\/image\/"},"sameAs":["http:\/\/www.facebook.com\/VunderSkizze"]}]}},"_links":{"self":[{"href":"https:\/\/hobstop.ee\/lv\/wp-json\/wp\/v2\/product\/119570","targetHints":{"allow":["GET"]}}],"collection":[{"href":"https:\/\/hobstop.ee\/lv\/wp-json\/wp\/v2\/product"}],"about":[{"href":"https:\/\/hobstop.ee\/lv\/wp-json\/wp\/v2\/types\/product"}],"replies":[{"embeddable":true,"href":"https:\/\/hobstop.ee\/lv\/wp-json\/wp\/v2\/comments?post=119570"}],"wp:featuredmedia":[{"embeddable":true,"href":"https:\/\/hobstop.ee\/lv\/wp-json\/wp\/v2\/media\/142992"}],"wp:attachment":[{"href":"https:\/\/hobstop.ee\/lv\/wp-json\/wp\/v2\/media?parent=119570"}],"wp:term":[{"taxonomy":"product_cat","embeddable":true,"href":"https:\/\/hobstop.ee\/lv\/wp-json\/wp\/v2\/product_cat?post=119570"},{"taxonomy":"product_tag","embeddable":true,"href":"https:\/\/hobstop.ee\/lv\/wp-json\/wp\/v2\/product_tag?post=119570"}],"curies":[{"name":"wp","href":"https:\/\/api.w.org\/{rel}","templated":true}]}}