{"id":119604,"date":"2015-07-01T15:09:01","date_gmt":"2015-07-01T12:09:01","guid":{"rendered":"http:\/\/vunder-ee.sn25.zone.eu\/lv\/product\/flomasteri-colorpeps-jungle-innovation\/"},"modified":"2015-07-01T15:09:01","modified_gmt":"2015-07-01T12:09:01","slug":"flomasteri-maped-colorpeps-jungle-innovation","status":"publish","type":"product","link":"https:\/\/hobstop.ee\/lv\/produkts\/flomasteri-maped-colorpeps-jungle-innovation\/","title":{"rendered":"Flomasteri Maped Color&#8217;Peps Jungle Innovation"},"content":{"rendered":"<p>Jungle Innovation flomasteri tur\u0101s vertik\u0101li izvelkam\u0101 pamatn\u0113, t\u0101d\u0113\u013c vairs nav j\u0101raiz\u0113jas par kor\u0137\u012b\u0161u pazaud\u0113\u0161anu. R\u016bp\u012bgi uzglab\u0101ti, flomasteri ilg\u0101k kalpos! Aizv\u0113rti st\u0101v vertik\u0101li un ir viegli ievietojami pen\u0101l\u012b. Izmazg\u0101jami no liel\u0101k\u0101s da\u013cas audumu. Smails un m\u012bksts uzgalis (d=2.8mm).<\/p>\n","protected":false},"excerpt":{"rendered":"<p>Jungle Innovation flomasteri tur\u0101s vertik\u0101li izvelkam\u0101 pamatn\u0113, t\u0101d\u0113\u013c vairs nav j\u0101raiz\u0113jas par kor\u0137\u012b\u0161u pazaud\u0113\u0161anu. R\u016bp\u012bgi uzglab\u0101ti, flomasteri ilg\u0101k kalpos! Aizv\u0113rti st\u0101v vertik\u0101li un ir viegli ievietojami pen\u0101l\u012b. Izmazg\u0101jami no liel\u0101k\u0101s da\u013cas audumu. Smails un m\u012bksts uzgalis (d=2.8mm).<\/p>\n","protected":false},"featured_media":142980,"comment_status":"closed","ping_status":"closed","template":"","meta":{"_acf_changed":false,"ep_exclude_from_search":false},"product_cat":[18691,17916,18633],"product_tag":[],"class_list":{"0":"post-119604","1":"product","2":"type-product","3":"status-publish","4":"has-post-thumbnail","6":"product_cat-flomasteri-2","7":"product_cat-preces-skolai","8":"product_cat-zimesanas-piederumi-2","10":"first","11":"instock","12":"taxable","13":"shipping-taxable","14":"purchasable","15":"product-type-variable"},"acf":[],"yoast_head":"<!-- This site is optimized with the Yoast SEO plugin v24.1 - https:\/\/yoast.com\/wordpress\/plugins\/seo\/ -->\n<title>Flomasteri Maped Color&#039;Peps Jungle Innovation &#8211; Skizze<\/title>\n<meta name=\"robots\" content=\"noindex, follow, max-snippet:-1, max-image-preview:large, max-video-preview:-1\" \/>\n<meta property=\"og:locale\" content=\"lv_LV\" \/>\n<meta property=\"og:type\" content=\"article\" \/>\n<meta property=\"og:title\" content=\"Flomasteri Maped Color&#039;Peps Jungle Innovation &#8211; Skizze\" \/>\n<meta property=\"og:description\" content=\"Jungle Innovation flomasteri tur\u0101s vertik\u0101li izvelkam\u0101 pamatn\u0113, t\u0101d\u0113\u013c vairs nav j\u0101raiz\u0113jas par kor\u0137\u012b\u0161u pazaud\u0113\u0161anu. R\u016bp\u012bgi uzglab\u0101ti, flomasteri ilg\u0101k kalpos! Aizv\u0113rti st\u0101v vertik\u0101li un ir viegli ievietojami pen\u0101l\u012b. Izmazg\u0101jami no liel\u0101k\u0101s da\u013cas audumu. Smails un m\u012bksts uzgalis (d=2.8mm).\" \/>\n<meta property=\"og:url\" content=\"https:\/\/hobstop.ee\/lv\/produkts\/flomasteri-maped-colorpeps-jungle-innovation\/\" \/>\n<meta property=\"og:site_name\" content=\"Skizze\" \/>\n<meta property=\"article:publisher\" content=\"http:\/\/www.facebook.com\/VunderSkizze\" \/>\n<meta property=\"og:image\" content=\"https:\/\/hobstop.ee\/media\/3946.jpg\" \/>\n\t<meta property=\"og:image:width\" content=\"1024\" \/>\n\t<meta property=\"og:image:height\" content=\"768\" \/>\n\t<meta property=\"og:image:type\" content=\"image\/jpeg\" \/>\n<meta name=\"twitter:card\" content=\"summary_large_image\" \/>\n<script type=\"application\/ld+json\" class=\"yoast-schema-graph\">{\"@context\":\"https:\/\/schema.org\",\"@graph\":[{\"@type\":\"WebPage\",\"@id\":\"https:\/\/hobstop.ee\/lv\/produkts\/flomasteri-maped-colorpeps-jungle-innovation\/\",\"url\":\"https:\/\/hobstop.ee\/lv\/produkts\/flomasteri-maped-colorpeps-jungle-innovation\/\",\"name\":\"Flomasteri Maped Color'Peps Jungle Innovation &#8211; Skizze\",\"isPartOf\":{\"@id\":\"https:\/\/hobstop.ee\/lv\/#website\"},\"primaryImageOfPage\":{\"@id\":\"https:\/\/hobstop.ee\/lv\/produkts\/flomasteri-maped-colorpeps-jungle-innovation\/#primaryimage\"},\"image\":{\"@id\":\"https:\/\/hobstop.ee\/lv\/produkts\/flomasteri-maped-colorpeps-jungle-innovation\/#primaryimage\"},\"thumbnailUrl\":\"https:\/\/hobstop.ee\/media\/3946.jpg\",\"datePublished\":\"2015-07-01T12:09:01+00:00\",\"dateModified\":\"2015-07-01T12:09:01+00:00\",\"breadcrumb\":{\"@id\":\"https:\/\/hobstop.ee\/lv\/produkts\/flomasteri-maped-colorpeps-jungle-innovation\/#breadcrumb\"},\"inLanguage\":\"lv-LV\",\"potentialAction\":[{\"@type\":\"ReadAction\",\"target\":[\"https:\/\/hobstop.ee\/lv\/produkts\/flomasteri-maped-colorpeps-jungle-innovation\/\"]}]},{\"@type\":\"ImageObject\",\"inLanguage\":\"lv-LV\",\"@id\":\"https:\/\/hobstop.ee\/lv\/produkts\/flomasteri-maped-colorpeps-jungle-innovation\/#primaryimage\",\"url\":\"https:\/\/hobstop.ee\/media\/3946.jpg\",\"contentUrl\":\"https:\/\/hobstop.ee\/media\/3946.jpg\",\"width\":1024,\"height\":768},{\"@type\":\"BreadcrumbList\",\"@id\":\"https:\/\/hobstop.ee\/lv\/produkts\/flomasteri-maped-colorpeps-jungle-innovation\/#breadcrumb\",\"itemListElement\":[{\"@type\":\"ListItem\",\"position\":1,\"name\":\"Avaleht\",\"item\":\"https:\/\/hobstop.ee\/lv\/\"},{\"@type\":\"ListItem\",\"position\":2,\"name\":\"Veikals\",\"item\":\"https:\/\/hobstop.ee\/lv\/veikals\/\"},{\"@type\":\"ListItem\",\"position\":3,\"name\":\"Flomasteri Maped Color&#8217;Peps Jungle Innovation\"}]},{\"@type\":\"WebSite\",\"@id\":\"https:\/\/hobstop.ee\/lv\/#website\",\"url\":\"https:\/\/hobstop.ee\/lv\/\",\"name\":\"Skizze\",\"description\":\"M\u0101kslas, hobiju un skolas preces\",\"publisher\":{\"@id\":\"https:\/\/hobstop.ee\/lv\/#organization\"},\"potentialAction\":[{\"@type\":\"SearchAction\",\"target\":{\"@type\":\"EntryPoint\",\"urlTemplate\":\"https:\/\/hobstop.ee\/lv\/?s={search_term_string}\"},\"query-input\":{\"@type\":\"PropertyValueSpecification\",\"valueRequired\":true,\"valueName\":\"search_term_string\"}}],\"inLanguage\":\"lv-LV\"},{\"@type\":\"Organization\",\"@id\":\"https:\/\/hobstop.ee\/lv\/#organization\",\"name\":\"Vunder AS\",\"url\":\"https:\/\/hobstop.ee\/lv\/\",\"logo\":{\"@type\":\"ImageObject\",\"inLanguage\":\"lv-LV\",\"@id\":\"https:\/\/hobstop.ee\/lv\/#\/schema\/logo\/image\/\",\"url\":\"https:\/\/hobstop.ee\/media\/vunder-logo.png\",\"contentUrl\":\"https:\/\/hobstop.ee\/media\/vunder-logo.png\",\"width\":127,\"height\":55,\"caption\":\"Vunder AS\"},\"image\":{\"@id\":\"https:\/\/hobstop.ee\/lv\/#\/schema\/logo\/image\/\"},\"sameAs\":[\"http:\/\/www.facebook.com\/VunderSkizze\"]}]}<\/script>\n<!-- \/ Yoast SEO plugin. -->","yoast_head_json":{"title":"Flomasteri Maped Color'Peps Jungle Innovation &#8211; Skizze","robots":{"index":"noindex","follow":"follow","max-snippet":"max-snippet:-1","max-image-preview":"max-image-preview:large","max-video-preview":"max-video-preview:-1"},"og_locale":"lv_LV","og_type":"article","og_title":"Flomasteri Maped Color'Peps Jungle Innovation &#8211; Skizze","og_description":"Jungle Innovation flomasteri tur\u0101s vertik\u0101li izvelkam\u0101 pamatn\u0113, t\u0101d\u0113\u013c vairs nav j\u0101raiz\u0113jas par kor\u0137\u012b\u0161u pazaud\u0113\u0161anu. R\u016bp\u012bgi uzglab\u0101ti, flomasteri ilg\u0101k kalpos! Aizv\u0113rti st\u0101v vertik\u0101li un ir viegli ievietojami pen\u0101l\u012b. Izmazg\u0101jami no liel\u0101k\u0101s da\u013cas audumu. Smails un m\u012bksts uzgalis (d=2.8mm).","og_url":"https:\/\/hobstop.ee\/lv\/produkts\/flomasteri-maped-colorpeps-jungle-innovation\/","og_site_name":"Skizze","article_publisher":"http:\/\/www.facebook.com\/VunderSkizze","og_image":[{"width":1024,"height":768,"url":"https:\/\/hobstop.ee\/media\/3946.jpg","type":"image\/jpeg"}],"twitter_card":"summary_large_image","schema":{"@context":"https:\/\/schema.org","@graph":[{"@type":"WebPage","@id":"https:\/\/hobstop.ee\/lv\/produkts\/flomasteri-maped-colorpeps-jungle-innovation\/","url":"https:\/\/hobstop.ee\/lv\/produkts\/flomasteri-maped-colorpeps-jungle-innovation\/","name":"Flomasteri Maped Color'Peps Jungle Innovation &#8211; Skizze","isPartOf":{"@id":"https:\/\/hobstop.ee\/lv\/#website"},"primaryImageOfPage":{"@id":"https:\/\/hobstop.ee\/lv\/produkts\/flomasteri-maped-colorpeps-jungle-innovation\/#primaryimage"},"image":{"@id":"https:\/\/hobstop.ee\/lv\/produkts\/flomasteri-maped-colorpeps-jungle-innovation\/#primaryimage"},"thumbnailUrl":"https:\/\/hobstop.ee\/media\/3946.jpg","datePublished":"2015-07-01T12:09:01+00:00","dateModified":"2015-07-01T12:09:01+00:00","breadcrumb":{"@id":"https:\/\/hobstop.ee\/lv\/produkts\/flomasteri-maped-colorpeps-jungle-innovation\/#breadcrumb"},"inLanguage":"lv-LV","potentialAction":[{"@type":"ReadAction","target":["https:\/\/hobstop.ee\/lv\/produkts\/flomasteri-maped-colorpeps-jungle-innovation\/"]}]},{"@type":"ImageObject","inLanguage":"lv-LV","@id":"https:\/\/hobstop.ee\/lv\/produkts\/flomasteri-maped-colorpeps-jungle-innovation\/#primaryimage","url":"https:\/\/hobstop.ee\/media\/3946.jpg","contentUrl":"https:\/\/hobstop.ee\/media\/3946.jpg","width":1024,"height":768},{"@type":"BreadcrumbList","@id":"https:\/\/hobstop.ee\/lv\/produkts\/flomasteri-maped-colorpeps-jungle-innovation\/#breadcrumb","itemListElement":[{"@type":"ListItem","position":1,"name":"Avaleht","item":"https:\/\/hobstop.ee\/lv\/"},{"@type":"ListItem","position":2,"name":"Veikals","item":"https:\/\/hobstop.ee\/lv\/veikals\/"},{"@type":"ListItem","position":3,"name":"Flomasteri Maped Color&#8217;Peps Jungle Innovation"}]},{"@type":"WebSite","@id":"https:\/\/hobstop.ee\/lv\/#website","url":"https:\/\/hobstop.ee\/lv\/","name":"Skizze","description":"M\u0101kslas, hobiju un skolas preces","publisher":{"@id":"https:\/\/hobstop.ee\/lv\/#organization"},"potentialAction":[{"@type":"SearchAction","target":{"@type":"EntryPoint","urlTemplate":"https:\/\/hobstop.ee\/lv\/?s={search_term_string}"},"query-input":{"@type":"PropertyValueSpecification","valueRequired":true,"valueName":"search_term_string"}}],"inLanguage":"lv-LV"},{"@type":"Organization","@id":"https:\/\/hobstop.ee\/lv\/#organization","name":"Vunder AS","url":"https:\/\/hobstop.ee\/lv\/","logo":{"@type":"ImageObject","inLanguage":"lv-LV","@id":"https:\/\/hobstop.ee\/lv\/#\/schema\/logo\/image\/","url":"https:\/\/hobstop.ee\/media\/vunder-logo.png","contentUrl":"https:\/\/hobstop.ee\/media\/vunder-logo.png","width":127,"height":55,"caption":"Vunder AS"},"image":{"@id":"https:\/\/hobstop.ee\/lv\/#\/schema\/logo\/image\/"},"sameAs":["http:\/\/www.facebook.com\/VunderSkizze"]}]}},"_links":{"self":[{"href":"https:\/\/hobstop.ee\/lv\/wp-json\/wp\/v2\/product\/119604","targetHints":{"allow":["GET"]}}],"collection":[{"href":"https:\/\/hobstop.ee\/lv\/wp-json\/wp\/v2\/product"}],"about":[{"href":"https:\/\/hobstop.ee\/lv\/wp-json\/wp\/v2\/types\/product"}],"replies":[{"embeddable":true,"href":"https:\/\/hobstop.ee\/lv\/wp-json\/wp\/v2\/comments?post=119604"}],"wp:featuredmedia":[{"embeddable":true,"href":"https:\/\/hobstop.ee\/lv\/wp-json\/wp\/v2\/media\/142980"}],"wp:attachment":[{"href":"https:\/\/hobstop.ee\/lv\/wp-json\/wp\/v2\/media?parent=119604"}],"wp:term":[{"taxonomy":"product_cat","embeddable":true,"href":"https:\/\/hobstop.ee\/lv\/wp-json\/wp\/v2\/product_cat?post=119604"},{"taxonomy":"product_tag","embeddable":true,"href":"https:\/\/hobstop.ee\/lv\/wp-json\/wp\/v2\/product_tag?post=119604"}],"curies":[{"name":"wp","href":"https:\/\/api.w.org\/{rel}","templated":true}]}}