{"id":119615,"date":"2015-07-01T15:30:44","date_gmt":"2015-07-01T12:30:44","guid":{"rendered":"http:\/\/vunder-ee.sn25.zone.eu\/lv\/product\/markieris-derwent-graphik-line-painter-komplekts\/"},"modified":"2015-07-01T15:30:44","modified_gmt":"2015-07-01T12:30:44","slug":"markieris-derwent-graphik-line-painter-komplekts","status":"publish","type":"product","link":"https:\/\/hobstop.ee\/lv\/produkts\/markieris-derwent-graphik-line-painter-komplekts\/","title":{"rendered":"Mar\u0137ieris Derwent Graphik Line Painter komplekts"},"content":{"rendered":"<p>Derwent Graphik Line Painter ir mar\u0137ieris ar pigmentu uz \u016bdens b\u0101zes. T\u0101 vilkt\u0101s l\u012bnijas nekav\u0113jo\u0161i iz\u0161\u0137\u012bst \u016bden\u012b, tom\u0113r no\u017e\u016bstot rezult\u0101ts ir \u016bdensiztur\u012bgs. Mar\u0137ieros ir \u0161\u0137idra kl\u0101jo\u0161a kr\u0101sa, kas nesatur \u0161\u0137\u012bdin\u0101t\u0101ju. Mar\u0137ierim ir 0.5mm jap\u0101\u0146u jeb sl\u012bpais uzgalis. Graphik mar\u0137iera to\u0146i ir \u013coti spilgti, ar\u012b lietojot uz tum\u0161\u0101ka fona. Darbu iesp\u0113jams veidot sl\u0101\u0146os, kur var \u013caut va\u013cu da\u017e\u0101du kr\u0101su ple\u0137u, laukumu, pl\u016bsmu un \u0161\u013cakatu sp\u0113lei.<\/p>\n","protected":false},"excerpt":{"rendered":"<p>Derwent Graphik Line Painter ir mar\u0137ieris ar pigmentu uz \u016bdens b\u0101zes. T\u0101 vilkt\u0101s l\u012bnijas nekav\u0113jo\u0161i iz\u0161\u0137\u012bst \u016bden\u012b, tom\u0113r no\u017e\u016bstot rezult\u0101ts ir \u016bdensiztur\u012bgs. Mar\u0137ieros ir \u0161\u0137idra kl\u0101jo\u0161a kr\u0101sa, kas nesatur \u0161\u0137\u012bdin\u0101t\u0101ju. Mar\u0137ierim ir 0.5mm jap\u0101\u0146u jeb sl\u012bpais uzgalis. Graphik mar\u0137iera to\u0146i ir \u013coti spilgti, ar\u012b lietojot uz tum\u0161\u0101ka fona. Darbu iesp\u0113jams veidot sl\u0101\u0146os, kur var \u013caut va\u013cu da\u017e\u0101du kr\u0101su ple\u0137u, laukumu, pl\u016bsmu un \u0161\u013cakatu sp\u0113lei.<\/p>\n","protected":false},"featured_media":204567,"comment_status":"closed","ping_status":"closed","template":"","meta":{"_acf_changed":false,"ep_exclude_from_search":false},"product_cat":[18140,16123,18931],"product_tag":[],"class_list":{"0":"post-119615","1":"product","2":"type-product","3":"status-publish","4":"has-post-thumbnail","6":"product_cat-flomasteri-un-markeri","7":"product_cat-makslas-piederumi-2","8":"product_cat-zimesanas-piederumi-3","10":"first","11":"instock","12":"taxable","13":"shipping-taxable","14":"purchasable","15":"product-type-variable"},"acf":[],"yoast_head":"<!-- This site is optimized with the Yoast SEO plugin v24.1 - https:\/\/yoast.com\/wordpress\/plugins\/seo\/ -->\n<title>Mar\u0137ieris Derwent Graphik Line Painter komplekts &#8211; Skizze<\/title>\n<meta name=\"robots\" content=\"noindex, follow, max-snippet:-1, max-image-preview:large, max-video-preview:-1\" \/>\n<meta property=\"og:locale\" content=\"lv_LV\" \/>\n<meta property=\"og:type\" content=\"article\" \/>\n<meta property=\"og:title\" content=\"Mar\u0137ieris Derwent Graphik Line Painter komplekts &#8211; Skizze\" \/>\n<meta property=\"og:description\" content=\"Derwent Graphik Line Painter ir mar\u0137ieris ar pigmentu uz \u016bdens b\u0101zes. T\u0101 vilkt\u0101s l\u012bnijas nekav\u0113jo\u0161i iz\u0161\u0137\u012bst \u016bden\u012b, tom\u0113r no\u017e\u016bstot rezult\u0101ts ir \u016bdensiztur\u012bgs. Mar\u0137ieros ir \u0161\u0137idra kl\u0101jo\u0161a kr\u0101sa, kas nesatur \u0161\u0137\u012bdin\u0101t\u0101ju. Mar\u0137ierim ir 0.5mm jap\u0101\u0146u jeb sl\u012bpais uzgalis. Graphik mar\u0137iera to\u0146i ir \u013coti spilgti, ar\u012b lietojot uz tum\u0161\u0101ka fona. Darbu iesp\u0113jams veidot sl\u0101\u0146os, kur var \u013caut va\u013cu da\u017e\u0101du kr\u0101su ple\u0137u, laukumu, pl\u016bsmu un \u0161\u013cakatu sp\u0113lei.\" \/>\n<meta property=\"og:url\" content=\"https:\/\/hobstop.ee\/lv\/produkts\/markieris-derwent-graphik-line-painter-komplekts\/\" \/>\n<meta property=\"og:site_name\" content=\"Skizze\" \/>\n<meta property=\"article:publisher\" content=\"http:\/\/www.facebook.com\/VunderSkizze\" \/>\n<meta property=\"og:image\" content=\"https:\/\/hobstop.ee\/media\/3960.jpg\" \/>\n\t<meta property=\"og:image:width\" content=\"1024\" \/>\n\t<meta property=\"og:image:height\" content=\"768\" \/>\n\t<meta property=\"og:image:type\" content=\"image\/jpeg\" \/>\n<meta name=\"twitter:card\" content=\"summary_large_image\" \/>\n<script type=\"application\/ld+json\" class=\"yoast-schema-graph\">{\"@context\":\"https:\/\/schema.org\",\"@graph\":[{\"@type\":\"WebPage\",\"@id\":\"https:\/\/hobstop.ee\/lv\/produkts\/markieris-derwent-graphik-line-painter-komplekts\/\",\"url\":\"https:\/\/hobstop.ee\/lv\/produkts\/markieris-derwent-graphik-line-painter-komplekts\/\",\"name\":\"Mar\u0137ieris Derwent Graphik Line Painter komplekts &#8211; Skizze\",\"isPartOf\":{\"@id\":\"https:\/\/hobstop.ee\/lv\/#website\"},\"primaryImageOfPage\":{\"@id\":\"https:\/\/hobstop.ee\/lv\/produkts\/markieris-derwent-graphik-line-painter-komplekts\/#primaryimage\"},\"image\":{\"@id\":\"https:\/\/hobstop.ee\/lv\/produkts\/markieris-derwent-graphik-line-painter-komplekts\/#primaryimage\"},\"thumbnailUrl\":\"https:\/\/hobstop.ee\/media\/3960.jpg\",\"datePublished\":\"2015-07-01T12:30:44+00:00\",\"dateModified\":\"2015-07-01T12:30:44+00:00\",\"breadcrumb\":{\"@id\":\"https:\/\/hobstop.ee\/lv\/produkts\/markieris-derwent-graphik-line-painter-komplekts\/#breadcrumb\"},\"inLanguage\":\"lv-LV\",\"potentialAction\":[{\"@type\":\"ReadAction\",\"target\":[\"https:\/\/hobstop.ee\/lv\/produkts\/markieris-derwent-graphik-line-painter-komplekts\/\"]}]},{\"@type\":\"ImageObject\",\"inLanguage\":\"lv-LV\",\"@id\":\"https:\/\/hobstop.ee\/lv\/produkts\/markieris-derwent-graphik-line-painter-komplekts\/#primaryimage\",\"url\":\"https:\/\/hobstop.ee\/media\/3960.jpg\",\"contentUrl\":\"https:\/\/hobstop.ee\/media\/3960.jpg\",\"width\":1024,\"height\":768},{\"@type\":\"BreadcrumbList\",\"@id\":\"https:\/\/hobstop.ee\/lv\/produkts\/markieris-derwent-graphik-line-painter-komplekts\/#breadcrumb\",\"itemListElement\":[{\"@type\":\"ListItem\",\"position\":1,\"name\":\"Avaleht\",\"item\":\"https:\/\/www.hobstop.ee\/lv\/\"},{\"@type\":\"ListItem\",\"position\":2,\"name\":\"Veikals\",\"item\":\"https:\/\/www.hobstop.ee\/lv\/veikals\/\"},{\"@type\":\"ListItem\",\"position\":3,\"name\":\"Mar\u0137ieris Derwent Graphik Line Painter komplekts\"}]},{\"@type\":\"WebSite\",\"@id\":\"https:\/\/hobstop.ee\/lv\/#website\",\"url\":\"https:\/\/hobstop.ee\/lv\/\",\"name\":\"Skizze\",\"description\":\"M\u0101kslas, hobiju un skolas preces\",\"publisher\":{\"@id\":\"https:\/\/hobstop.ee\/lv\/#organization\"},\"potentialAction\":[{\"@type\":\"SearchAction\",\"target\":{\"@type\":\"EntryPoint\",\"urlTemplate\":\"https:\/\/hobstop.ee\/lv\/?s={search_term_string}\"},\"query-input\":{\"@type\":\"PropertyValueSpecification\",\"valueRequired\":true,\"valueName\":\"search_term_string\"}}],\"inLanguage\":\"lv-LV\"},{\"@type\":\"Organization\",\"@id\":\"https:\/\/hobstop.ee\/lv\/#organization\",\"name\":\"Vunder AS\",\"url\":\"https:\/\/hobstop.ee\/lv\/\",\"logo\":{\"@type\":\"ImageObject\",\"inLanguage\":\"lv-LV\",\"@id\":\"https:\/\/hobstop.ee\/lv\/#\/schema\/logo\/image\/\",\"url\":\"https:\/\/hobstop.ee\/media\/vunder-logo.png\",\"contentUrl\":\"https:\/\/hobstop.ee\/media\/vunder-logo.png\",\"width\":127,\"height\":55,\"caption\":\"Vunder AS\"},\"image\":{\"@id\":\"https:\/\/hobstop.ee\/lv\/#\/schema\/logo\/image\/\"},\"sameAs\":[\"http:\/\/www.facebook.com\/VunderSkizze\"]}]}<\/script>\n<!-- \/ Yoast SEO plugin. -->","yoast_head_json":{"title":"Mar\u0137ieris Derwent Graphik Line Painter komplekts &#8211; Skizze","robots":{"index":"noindex","follow":"follow","max-snippet":"max-snippet:-1","max-image-preview":"max-image-preview:large","max-video-preview":"max-video-preview:-1"},"og_locale":"lv_LV","og_type":"article","og_title":"Mar\u0137ieris Derwent Graphik Line Painter komplekts &#8211; Skizze","og_description":"Derwent Graphik Line Painter ir mar\u0137ieris ar pigmentu uz \u016bdens b\u0101zes. T\u0101 vilkt\u0101s l\u012bnijas nekav\u0113jo\u0161i iz\u0161\u0137\u012bst \u016bden\u012b, tom\u0113r no\u017e\u016bstot rezult\u0101ts ir \u016bdensiztur\u012bgs. Mar\u0137ieros ir \u0161\u0137idra kl\u0101jo\u0161a kr\u0101sa, kas nesatur \u0161\u0137\u012bdin\u0101t\u0101ju. Mar\u0137ierim ir 0.5mm jap\u0101\u0146u jeb sl\u012bpais uzgalis. Graphik mar\u0137iera to\u0146i ir \u013coti spilgti, ar\u012b lietojot uz tum\u0161\u0101ka fona. Darbu iesp\u0113jams veidot sl\u0101\u0146os, kur var \u013caut va\u013cu da\u017e\u0101du kr\u0101su ple\u0137u, laukumu, pl\u016bsmu un \u0161\u013cakatu sp\u0113lei.","og_url":"https:\/\/hobstop.ee\/lv\/produkts\/markieris-derwent-graphik-line-painter-komplekts\/","og_site_name":"Skizze","article_publisher":"http:\/\/www.facebook.com\/VunderSkizze","og_image":[{"width":1024,"height":768,"url":"https:\/\/hobstop.ee\/media\/3960.jpg","type":"image\/jpeg"}],"twitter_card":"summary_large_image","schema":{"@context":"https:\/\/schema.org","@graph":[{"@type":"WebPage","@id":"https:\/\/hobstop.ee\/lv\/produkts\/markieris-derwent-graphik-line-painter-komplekts\/","url":"https:\/\/hobstop.ee\/lv\/produkts\/markieris-derwent-graphik-line-painter-komplekts\/","name":"Mar\u0137ieris Derwent Graphik Line Painter komplekts &#8211; Skizze","isPartOf":{"@id":"https:\/\/hobstop.ee\/lv\/#website"},"primaryImageOfPage":{"@id":"https:\/\/hobstop.ee\/lv\/produkts\/markieris-derwent-graphik-line-painter-komplekts\/#primaryimage"},"image":{"@id":"https:\/\/hobstop.ee\/lv\/produkts\/markieris-derwent-graphik-line-painter-komplekts\/#primaryimage"},"thumbnailUrl":"https:\/\/hobstop.ee\/media\/3960.jpg","datePublished":"2015-07-01T12:30:44+00:00","dateModified":"2015-07-01T12:30:44+00:00","breadcrumb":{"@id":"https:\/\/hobstop.ee\/lv\/produkts\/markieris-derwent-graphik-line-painter-komplekts\/#breadcrumb"},"inLanguage":"lv-LV","potentialAction":[{"@type":"ReadAction","target":["https:\/\/hobstop.ee\/lv\/produkts\/markieris-derwent-graphik-line-painter-komplekts\/"]}]},{"@type":"ImageObject","inLanguage":"lv-LV","@id":"https:\/\/hobstop.ee\/lv\/produkts\/markieris-derwent-graphik-line-painter-komplekts\/#primaryimage","url":"https:\/\/hobstop.ee\/media\/3960.jpg","contentUrl":"https:\/\/hobstop.ee\/media\/3960.jpg","width":1024,"height":768},{"@type":"BreadcrumbList","@id":"https:\/\/hobstop.ee\/lv\/produkts\/markieris-derwent-graphik-line-painter-komplekts\/#breadcrumb","itemListElement":[{"@type":"ListItem","position":1,"name":"Avaleht","item":"https:\/\/www.hobstop.ee\/lv\/"},{"@type":"ListItem","position":2,"name":"Veikals","item":"https:\/\/www.hobstop.ee\/lv\/veikals\/"},{"@type":"ListItem","position":3,"name":"Mar\u0137ieris Derwent Graphik Line Painter komplekts"}]},{"@type":"WebSite","@id":"https:\/\/hobstop.ee\/lv\/#website","url":"https:\/\/hobstop.ee\/lv\/","name":"Skizze","description":"M\u0101kslas, hobiju un skolas preces","publisher":{"@id":"https:\/\/hobstop.ee\/lv\/#organization"},"potentialAction":[{"@type":"SearchAction","target":{"@type":"EntryPoint","urlTemplate":"https:\/\/hobstop.ee\/lv\/?s={search_term_string}"},"query-input":{"@type":"PropertyValueSpecification","valueRequired":true,"valueName":"search_term_string"}}],"inLanguage":"lv-LV"},{"@type":"Organization","@id":"https:\/\/hobstop.ee\/lv\/#organization","name":"Vunder AS","url":"https:\/\/hobstop.ee\/lv\/","logo":{"@type":"ImageObject","inLanguage":"lv-LV","@id":"https:\/\/hobstop.ee\/lv\/#\/schema\/logo\/image\/","url":"https:\/\/hobstop.ee\/media\/vunder-logo.png","contentUrl":"https:\/\/hobstop.ee\/media\/vunder-logo.png","width":127,"height":55,"caption":"Vunder AS"},"image":{"@id":"https:\/\/hobstop.ee\/lv\/#\/schema\/logo\/image\/"},"sameAs":["http:\/\/www.facebook.com\/VunderSkizze"]}]}},"_links":{"self":[{"href":"https:\/\/hobstop.ee\/lv\/wp-json\/wp\/v2\/product\/119615","targetHints":{"allow":["GET"]}}],"collection":[{"href":"https:\/\/hobstop.ee\/lv\/wp-json\/wp\/v2\/product"}],"about":[{"href":"https:\/\/hobstop.ee\/lv\/wp-json\/wp\/v2\/types\/product"}],"replies":[{"embeddable":true,"href":"https:\/\/hobstop.ee\/lv\/wp-json\/wp\/v2\/comments?post=119615"}],"wp:featuredmedia":[{"embeddable":true,"href":"https:\/\/hobstop.ee\/lv\/wp-json\/wp\/v2\/media\/204567"}],"wp:attachment":[{"href":"https:\/\/hobstop.ee\/lv\/wp-json\/wp\/v2\/media?parent=119615"}],"wp:term":[{"taxonomy":"product_cat","embeddable":true,"href":"https:\/\/hobstop.ee\/lv\/wp-json\/wp\/v2\/product_cat?post=119615"},{"taxonomy":"product_tag","embeddable":true,"href":"https:\/\/hobstop.ee\/lv\/wp-json\/wp\/v2\/product_tag?post=119615"}],"curies":[{"name":"wp","href":"https:\/\/api.w.org\/{rel}","templated":true}]}}