{"id":129743,"date":"2015-07-03T21:52:01","date_gmt":"2015-07-03T18:52:01","guid":{"rendered":"http:\/\/vunder-ee.sn25.zone.eu\/lv\/product\/korekcijas-zimulis-liberon-3gab\/"},"modified":"2015-07-03T21:52:01","modified_gmt":"2015-07-03T18:52:01","slug":"korekcijas-zimulis-liberon-3gab","status":"publish","type":"product","link":"https:\/\/hobstop.ee\/lv\/produkts\/korekcijas-zimulis-liberon-3gab\/","title":{"rendered":"Korekcijas z\u012bmulis Liberon 3gab."},"content":{"rendered":"<p>Liberon remonta z\u012bmulis dom\u0101ts nelielu skr\u0101p\u0113jumu un defektu mask\u0113\u0161anai vaskot\u0101m, e\u013c\u013cot\u0101m vai lakot\u0101m koka virsm\u0101m. Piem\u0113rots ar\u012b lamin\u0101ta gr\u012bd\u0101m. Remonta z\u012bmulis ir speci\u0101ls flom\u0101sters. Z\u012bmulis neaizpilda skr\u0101p\u0113jumus vai rievas, tikai aizkr\u0101so.<br \/>\nIepakojum\u0101 ir 3 da\u017e\u0101du gai\u0161uma pak\u0101pju (gai\u0161s, vid\u0113js un tum\u0161s) miniz\u012bmu\u013ci.<br \/>\n\u017d\u016b\u0161anas laiks: 15 min.<br \/>\nDarba r\u012bku t\u012br\u012b\u0161ana: spirts<\/p>\n","protected":false},"excerpt":{"rendered":"<p>Liberon remonta z\u012bmulis dom\u0101ts nelielu skr\u0101p\u0113jumu un defektu mask\u0113\u0161anai vaskot\u0101m, e\u013c\u013cot\u0101m vai lakot\u0101m koka virsm\u0101m. Piem\u0113rots ar\u012b lamin\u0101ta gr\u012bd\u0101m. Remonta z\u012bmulis ir speci\u0101ls flom\u0101sters. Z\u012bmulis neaizpilda skr\u0101p\u0113jumus vai rievas, tikai aizkr\u0101so. Iepakojum\u0101 ir 3 da\u017e\u0101du gai\u0161uma pak\u0101pju (gai\u0161s, vid\u0113js un tum\u0161s) miniz\u012bmu\u013ci. \u017d\u016b\u0161anas laiks: 15 min. Darba r\u012bku t\u012br\u012b\u0161ana: spirts<\/p>\n","protected":false},"featured_media":104878,"comment_status":"closed","ping_status":"closed","template":"","meta":{"_acf_changed":false,"ep_exclude_from_search":false},"product_cat":[18567,18561,14970],"product_tag":[],"class_list":{"0":"post-129743","1":"product","2":"type-product","3":"status-publish","4":"has-post-thumbnail","6":"product_cat-koka-remonts-un-pildmateriali","7":"product_cat-restauracija","8":"product_cat-restauracija-un-iekstelpu-apdare-2","10":"first","11":"instock","12":"taxable","13":"shipping-taxable","14":"purchasable","15":"product-type-variable"},"acf":[],"yoast_head":"<!-- This site is optimized with the Yoast SEO plugin v24.1 - https:\/\/yoast.com\/wordpress\/plugins\/seo\/ -->\n<title>Korekcijas z\u012bmulis Liberon 3gab. &#8211; Skizze<\/title>\n<meta name=\"robots\" content=\"noindex, follow, max-snippet:-1, max-image-preview:large, max-video-preview:-1\" \/>\n<meta property=\"og:locale\" content=\"lv_LV\" \/>\n<meta property=\"og:type\" content=\"article\" \/>\n<meta property=\"og:title\" content=\"Korekcijas z\u012bmulis Liberon 3gab. &#8211; Skizze\" \/>\n<meta property=\"og:description\" content=\"Liberon remonta z\u012bmulis dom\u0101ts nelielu skr\u0101p\u0113jumu un defektu mask\u0113\u0161anai vaskot\u0101m, e\u013c\u013cot\u0101m vai lakot\u0101m koka virsm\u0101m. Piem\u0113rots ar\u012b lamin\u0101ta gr\u012bd\u0101m. Remonta z\u012bmulis ir speci\u0101ls flom\u0101sters. Z\u012bmulis neaizpilda skr\u0101p\u0113jumus vai rievas, tikai aizkr\u0101so. Iepakojum\u0101 ir 3 da\u017e\u0101du gai\u0161uma pak\u0101pju (gai\u0161s, vid\u0113js un tum\u0161s) miniz\u012bmu\u013ci. \u017d\u016b\u0161anas laiks: 15 min. Darba r\u012bku t\u012br\u012b\u0161ana: spirts\" \/>\n<meta property=\"og:url\" content=\"https:\/\/hobstop.ee\/lv\/produkts\/korekcijas-zimulis-liberon-3gab\/\" \/>\n<meta property=\"og:site_name\" content=\"Skizze\" \/>\n<meta property=\"article:publisher\" content=\"http:\/\/www.facebook.com\/VunderSkizze\" \/>\n<meta property=\"og:image\" content=\"https:\/\/www.hobstop.ee\/media\/2486.jpg\" \/>\n\t<meta property=\"og:image:width\" content=\"1024\" \/>\n\t<meta property=\"og:image:height\" content=\"768\" \/>\n\t<meta property=\"og:image:type\" content=\"image\/jpeg\" \/>\n<meta name=\"twitter:card\" content=\"summary_large_image\" \/>\n<script type=\"application\/ld+json\" class=\"yoast-schema-graph\">{\"@context\":\"https:\/\/schema.org\",\"@graph\":[{\"@type\":\"WebPage\",\"@id\":\"https:\/\/hobstop.ee\/lv\/produkts\/korekcijas-zimulis-liberon-3gab\/\",\"url\":\"https:\/\/hobstop.ee\/lv\/produkts\/korekcijas-zimulis-liberon-3gab\/\",\"name\":\"Korekcijas z\u012bmulis Liberon 3gab. &#8211; Skizze\",\"isPartOf\":{\"@id\":\"https:\/\/hobstop.ee\/lv\/#website\"},\"primaryImageOfPage\":{\"@id\":\"https:\/\/hobstop.ee\/lv\/produkts\/korekcijas-zimulis-liberon-3gab\/#primaryimage\"},\"image\":{\"@id\":\"https:\/\/hobstop.ee\/lv\/produkts\/korekcijas-zimulis-liberon-3gab\/#primaryimage\"},\"thumbnailUrl\":\"https:\/\/hobstop.ee\/media\/2486.jpg\",\"datePublished\":\"2015-07-03T18:52:01+00:00\",\"dateModified\":\"2015-07-03T18:52:01+00:00\",\"breadcrumb\":{\"@id\":\"https:\/\/hobstop.ee\/lv\/produkts\/korekcijas-zimulis-liberon-3gab\/#breadcrumb\"},\"inLanguage\":\"lv-LV\",\"potentialAction\":[{\"@type\":\"ReadAction\",\"target\":[\"https:\/\/hobstop.ee\/lv\/produkts\/korekcijas-zimulis-liberon-3gab\/\"]}]},{\"@type\":\"ImageObject\",\"inLanguage\":\"lv-LV\",\"@id\":\"https:\/\/hobstop.ee\/lv\/produkts\/korekcijas-zimulis-liberon-3gab\/#primaryimage\",\"url\":\"https:\/\/hobstop.ee\/media\/2486.jpg\",\"contentUrl\":\"https:\/\/hobstop.ee\/media\/2486.jpg\",\"width\":1024,\"height\":768},{\"@type\":\"BreadcrumbList\",\"@id\":\"https:\/\/hobstop.ee\/lv\/produkts\/korekcijas-zimulis-liberon-3gab\/#breadcrumb\",\"itemListElement\":[{\"@type\":\"ListItem\",\"position\":1,\"name\":\"Avaleht\",\"item\":\"https:\/\/www.hobstop.ee\/lv\/\"},{\"@type\":\"ListItem\",\"position\":2,\"name\":\"Veikals\",\"item\":\"https:\/\/www.hobstop.ee\/lv\/veikals\/\"},{\"@type\":\"ListItem\",\"position\":3,\"name\":\"Korekcijas z\u012bmulis Liberon 3gab.\"}]},{\"@type\":\"WebSite\",\"@id\":\"https:\/\/hobstop.ee\/lv\/#website\",\"url\":\"https:\/\/hobstop.ee\/lv\/\",\"name\":\"Skizze\",\"description\":\"M\u0101kslas, hobiju un skolas preces\",\"publisher\":{\"@id\":\"https:\/\/hobstop.ee\/lv\/#organization\"},\"potentialAction\":[{\"@type\":\"SearchAction\",\"target\":{\"@type\":\"EntryPoint\",\"urlTemplate\":\"https:\/\/hobstop.ee\/lv\/?s={search_term_string}\"},\"query-input\":{\"@type\":\"PropertyValueSpecification\",\"valueRequired\":true,\"valueName\":\"search_term_string\"}}],\"inLanguage\":\"lv-LV\"},{\"@type\":\"Organization\",\"@id\":\"https:\/\/hobstop.ee\/lv\/#organization\",\"name\":\"Vunder AS\",\"url\":\"https:\/\/hobstop.ee\/lv\/\",\"logo\":{\"@type\":\"ImageObject\",\"inLanguage\":\"lv-LV\",\"@id\":\"https:\/\/hobstop.ee\/lv\/#\/schema\/logo\/image\/\",\"url\":\"https:\/\/hobstop.ee\/media\/vunder-logo.png\",\"contentUrl\":\"https:\/\/hobstop.ee\/media\/vunder-logo.png\",\"width\":127,\"height\":55,\"caption\":\"Vunder AS\"},\"image\":{\"@id\":\"https:\/\/hobstop.ee\/lv\/#\/schema\/logo\/image\/\"},\"sameAs\":[\"http:\/\/www.facebook.com\/VunderSkizze\"]}]}<\/script>\n<!-- \/ Yoast SEO plugin. -->","yoast_head_json":{"title":"Korekcijas z\u012bmulis Liberon 3gab. &#8211; Skizze","robots":{"index":"noindex","follow":"follow","max-snippet":"max-snippet:-1","max-image-preview":"max-image-preview:large","max-video-preview":"max-video-preview:-1"},"og_locale":"lv_LV","og_type":"article","og_title":"Korekcijas z\u012bmulis Liberon 3gab. &#8211; Skizze","og_description":"Liberon remonta z\u012bmulis dom\u0101ts nelielu skr\u0101p\u0113jumu un defektu mask\u0113\u0161anai vaskot\u0101m, e\u013c\u013cot\u0101m vai lakot\u0101m koka virsm\u0101m. Piem\u0113rots ar\u012b lamin\u0101ta gr\u012bd\u0101m. Remonta z\u012bmulis ir speci\u0101ls flom\u0101sters. Z\u012bmulis neaizpilda skr\u0101p\u0113jumus vai rievas, tikai aizkr\u0101so. Iepakojum\u0101 ir 3 da\u017e\u0101du gai\u0161uma pak\u0101pju (gai\u0161s, vid\u0113js un tum\u0161s) miniz\u012bmu\u013ci. \u017d\u016b\u0161anas laiks: 15 min. Darba r\u012bku t\u012br\u012b\u0161ana: spirts","og_url":"https:\/\/hobstop.ee\/lv\/produkts\/korekcijas-zimulis-liberon-3gab\/","og_site_name":"Skizze","article_publisher":"http:\/\/www.facebook.com\/VunderSkizze","og_image":[{"width":1024,"height":768,"url":"https:\/\/www.hobstop.ee\/media\/2486.jpg","type":"image\/jpeg"}],"twitter_card":"summary_large_image","schema":{"@context":"https:\/\/schema.org","@graph":[{"@type":"WebPage","@id":"https:\/\/hobstop.ee\/lv\/produkts\/korekcijas-zimulis-liberon-3gab\/","url":"https:\/\/hobstop.ee\/lv\/produkts\/korekcijas-zimulis-liberon-3gab\/","name":"Korekcijas z\u012bmulis Liberon 3gab. &#8211; Skizze","isPartOf":{"@id":"https:\/\/hobstop.ee\/lv\/#website"},"primaryImageOfPage":{"@id":"https:\/\/hobstop.ee\/lv\/produkts\/korekcijas-zimulis-liberon-3gab\/#primaryimage"},"image":{"@id":"https:\/\/hobstop.ee\/lv\/produkts\/korekcijas-zimulis-liberon-3gab\/#primaryimage"},"thumbnailUrl":"https:\/\/hobstop.ee\/media\/2486.jpg","datePublished":"2015-07-03T18:52:01+00:00","dateModified":"2015-07-03T18:52:01+00:00","breadcrumb":{"@id":"https:\/\/hobstop.ee\/lv\/produkts\/korekcijas-zimulis-liberon-3gab\/#breadcrumb"},"inLanguage":"lv-LV","potentialAction":[{"@type":"ReadAction","target":["https:\/\/hobstop.ee\/lv\/produkts\/korekcijas-zimulis-liberon-3gab\/"]}]},{"@type":"ImageObject","inLanguage":"lv-LV","@id":"https:\/\/hobstop.ee\/lv\/produkts\/korekcijas-zimulis-liberon-3gab\/#primaryimage","url":"https:\/\/hobstop.ee\/media\/2486.jpg","contentUrl":"https:\/\/hobstop.ee\/media\/2486.jpg","width":1024,"height":768},{"@type":"BreadcrumbList","@id":"https:\/\/hobstop.ee\/lv\/produkts\/korekcijas-zimulis-liberon-3gab\/#breadcrumb","itemListElement":[{"@type":"ListItem","position":1,"name":"Avaleht","item":"https:\/\/www.hobstop.ee\/lv\/"},{"@type":"ListItem","position":2,"name":"Veikals","item":"https:\/\/www.hobstop.ee\/lv\/veikals\/"},{"@type":"ListItem","position":3,"name":"Korekcijas z\u012bmulis Liberon 3gab."}]},{"@type":"WebSite","@id":"https:\/\/hobstop.ee\/lv\/#website","url":"https:\/\/hobstop.ee\/lv\/","name":"Skizze","description":"M\u0101kslas, hobiju un skolas preces","publisher":{"@id":"https:\/\/hobstop.ee\/lv\/#organization"},"potentialAction":[{"@type":"SearchAction","target":{"@type":"EntryPoint","urlTemplate":"https:\/\/hobstop.ee\/lv\/?s={search_term_string}"},"query-input":{"@type":"PropertyValueSpecification","valueRequired":true,"valueName":"search_term_string"}}],"inLanguage":"lv-LV"},{"@type":"Organization","@id":"https:\/\/hobstop.ee\/lv\/#organization","name":"Vunder AS","url":"https:\/\/hobstop.ee\/lv\/","logo":{"@type":"ImageObject","inLanguage":"lv-LV","@id":"https:\/\/hobstop.ee\/lv\/#\/schema\/logo\/image\/","url":"https:\/\/hobstop.ee\/media\/vunder-logo.png","contentUrl":"https:\/\/hobstop.ee\/media\/vunder-logo.png","width":127,"height":55,"caption":"Vunder AS"},"image":{"@id":"https:\/\/hobstop.ee\/lv\/#\/schema\/logo\/image\/"},"sameAs":["http:\/\/www.facebook.com\/VunderSkizze"]}]}},"_links":{"self":[{"href":"https:\/\/hobstop.ee\/lv\/wp-json\/wp\/v2\/product\/129743","targetHints":{"allow":["GET"]}}],"collection":[{"href":"https:\/\/hobstop.ee\/lv\/wp-json\/wp\/v2\/product"}],"about":[{"href":"https:\/\/hobstop.ee\/lv\/wp-json\/wp\/v2\/types\/product"}],"replies":[{"embeddable":true,"href":"https:\/\/hobstop.ee\/lv\/wp-json\/wp\/v2\/comments?post=129743"}],"wp:featuredmedia":[{"embeddable":true,"href":"https:\/\/hobstop.ee\/lv\/wp-json\/wp\/v2\/media\/104878"}],"wp:attachment":[{"href":"https:\/\/hobstop.ee\/lv\/wp-json\/wp\/v2\/media?parent=129743"}],"wp:term":[{"taxonomy":"product_cat","embeddable":true,"href":"https:\/\/hobstop.ee\/lv\/wp-json\/wp\/v2\/product_cat?post=129743"},{"taxonomy":"product_tag","embeddable":true,"href":"https:\/\/hobstop.ee\/lv\/wp-json\/wp\/v2\/product_tag?post=129743"}],"curies":[{"name":"wp","href":"https:\/\/api.w.org\/{rel}","templated":true}]}}