{"id":129756,"date":"2015-07-03T21:58:46","date_gmt":"2015-07-03T18:58:46","guid":{"rendered":"http:\/\/vunder-ee.sn25.zone.eu\/lv\/product\/terauda-vilna-liberon-100g\/"},"modified":"2015-07-03T21:58:46","modified_gmt":"2015-07-03T18:58:46","slug":"terauda-vilna-liberon-100g","status":"publish","type":"product","link":"https:\/\/hobstop.ee\/lv\/produkts\/terauda-vilna-liberon-100g\/","title":{"rendered":"T\u0113rauda vilna Liberon 100g"},"content":{"rendered":"<p>Met\u0101la vate ir sl\u012bp\u0113\u0161anas materi\u0101ls, kas dom\u0101ts vai nu vasku uzkl\u0101\u0161anai, virsmu t\u012br\u012b\u0161anai, vai vec\u0101 apdares sl\u0101\u0146a no\u0146em\u0161anai.<br \/>\nNr. OOOO jeb \u012bpa\u0161i smalka vate: izmanto vasku un Ring Remover uzkl\u0101\u0161anai uz virsmas. Piem\u0113rots trauslu koka virsmu un met\u0101la t\u012br\u012b\u0161anai, k\u0101 ar\u012b kr\u0101sas un net\u012brumu t\u012br\u012b\u0161anai no stikla. Var izmantot, lai padar\u012btu lakotu virsmu mat\u0113tu.<br \/>\nNr. 0 jeb vid\u0113ji raupja vate: izmanto vaskotu un e\u013c\u013cotu virsmu t\u012br\u012b\u0161anai ar Liberon m\u0113be\u013cu t\u012br\u012b\u0161anas l\u012bdzek\u013ciem. Var izmantot ar\u012b \u012bpa\u0161i net\u012bru met\u0101la priek\u0161metu t\u012br\u012b\u0161anai.<br \/>\nNr. 2 jeb raupj\u0161: izmanto lakas un kr\u0101sas sl\u0101\u0146u no\u0146em\u0161anai ar Liberon Stripper kr\u0101sas no\u0146\u0113m\u0113ju, met\u0101la virsmu t\u012br\u012b\u0161anai.<\/p>\n","protected":false},"excerpt":{"rendered":"<p>Met\u0101la vate ir sl\u012bp\u0113\u0161anas materi\u0101ls, kas dom\u0101ts vai nu vasku uzkl\u0101\u0161anai, virsmu t\u012br\u012b\u0161anai, vai vec\u0101 apdares sl\u0101\u0146a no\u0146em\u0161anai. Nr. OOOO jeb \u012bpa\u0161i smalka vate: izmanto vasku un Ring Remover uzkl\u0101\u0161anai uz virsmas. Piem\u0113rots trauslu koka virsmu un met\u0101la t\u012br\u012b\u0161anai, k\u0101 ar\u012b kr\u0101sas un net\u012brumu t\u012br\u012b\u0161anai no stikla. Var izmantot, lai padar\u012btu lakotu virsmu mat\u0113tu. Nr. 0 jeb vid\u0113ji raupja vate: izmanto vaskotu un e\u013c\u013cotu virsmu t\u012br\u012b\u0161anai ar Liberon m\u0113be\u013cu t\u012br\u012b\u0161anas l\u012bdzek\u013ciem. Var izmantot ar\u012b \u012bpa\u0161i net\u012bru met\u0101la priek\u0161metu t\u012br\u012b\u0161anai. Nr. 2 jeb raupj\u0161: izmanto lakas un kr\u0101sas sl\u0101\u0146u no\u0146em\u0161anai ar Liberon Stripper kr\u0101sas no\u0146\u0113m\u0113ju, met\u0101la virsmu t\u012br\u012b\u0161anai.<\/p>\n","protected":false},"featured_media":104882,"comment_status":"closed","ping_status":"closed","template":"","meta":{"_acf_changed":false,"ep_exclude_from_search":false},"product_cat":[18582,18561,14970],"product_tag":[],"class_list":{"0":"post-129756","1":"product","2":"type-product","3":"status-publish","4":"has-post-thumbnail","6":"product_cat-darbariki-un-piederumi","7":"product_cat-restauracija","8":"product_cat-restauracija-un-iekstelpu-apdare-2","10":"first","11":"instock","12":"taxable","13":"shipping-taxable","14":"purchasable","15":"product-type-variable"},"acf":[],"yoast_head":"<!-- This site is optimized with the Yoast SEO plugin v24.1 - https:\/\/yoast.com\/wordpress\/plugins\/seo\/ -->\n<title>T\u0113rauda vilna Liberon 100g &#8211; Skizze<\/title>\n<meta name=\"robots\" content=\"noindex, follow, max-snippet:-1, max-image-preview:large, max-video-preview:-1\" \/>\n<meta property=\"og:locale\" content=\"lv_LV\" \/>\n<meta property=\"og:type\" content=\"article\" \/>\n<meta property=\"og:title\" content=\"T\u0113rauda vilna Liberon 100g &#8211; Skizze\" \/>\n<meta property=\"og:description\" content=\"Met\u0101la vate ir sl\u012bp\u0113\u0161anas materi\u0101ls, kas dom\u0101ts vai nu vasku uzkl\u0101\u0161anai, virsmu t\u012br\u012b\u0161anai, vai vec\u0101 apdares sl\u0101\u0146a no\u0146em\u0161anai. Nr. OOOO jeb \u012bpa\u0161i smalka vate: izmanto vasku un Ring Remover uzkl\u0101\u0161anai uz virsmas. Piem\u0113rots trauslu koka virsmu un met\u0101la t\u012br\u012b\u0161anai, k\u0101 ar\u012b kr\u0101sas un net\u012brumu t\u012br\u012b\u0161anai no stikla. Var izmantot, lai padar\u012btu lakotu virsmu mat\u0113tu. Nr. 0 jeb vid\u0113ji raupja vate: izmanto vaskotu un e\u013c\u013cotu virsmu t\u012br\u012b\u0161anai ar Liberon m\u0113be\u013cu t\u012br\u012b\u0161anas l\u012bdzek\u013ciem. Var izmantot ar\u012b \u012bpa\u0161i net\u012bru met\u0101la priek\u0161metu t\u012br\u012b\u0161anai. Nr. 2 jeb raupj\u0161: izmanto lakas un kr\u0101sas sl\u0101\u0146u no\u0146em\u0161anai ar Liberon Stripper kr\u0101sas no\u0146\u0113m\u0113ju, met\u0101la virsmu t\u012br\u012b\u0161anai.\" \/>\n<meta property=\"og:url\" content=\"https:\/\/hobstop.ee\/lv\/produkts\/terauda-vilna-liberon-100g\/\" \/>\n<meta property=\"og:site_name\" content=\"Skizze\" \/>\n<meta property=\"article:publisher\" content=\"http:\/\/www.facebook.com\/VunderSkizze\" \/>\n<meta property=\"og:image\" content=\"https:\/\/hobstop.ee\/media\/2487.jpg\" \/>\n\t<meta property=\"og:image:width\" content=\"1024\" \/>\n\t<meta property=\"og:image:height\" content=\"768\" \/>\n\t<meta property=\"og:image:type\" content=\"image\/jpeg\" \/>\n<meta name=\"twitter:card\" content=\"summary_large_image\" \/>\n<meta name=\"twitter:label1\" content=\"Est. reading time\" \/>\n\t<meta name=\"twitter:data1\" content=\"1 min\u016b\u0161u\" \/>\n<script type=\"application\/ld+json\" class=\"yoast-schema-graph\">{\"@context\":\"https:\/\/schema.org\",\"@graph\":[{\"@type\":\"WebPage\",\"@id\":\"https:\/\/hobstop.ee\/lv\/produkts\/terauda-vilna-liberon-100g\/\",\"url\":\"https:\/\/hobstop.ee\/lv\/produkts\/terauda-vilna-liberon-100g\/\",\"name\":\"T\u0113rauda vilna Liberon 100g &#8211; Skizze\",\"isPartOf\":{\"@id\":\"https:\/\/hobstop.ee\/lv\/#website\"},\"primaryImageOfPage\":{\"@id\":\"https:\/\/hobstop.ee\/lv\/produkts\/terauda-vilna-liberon-100g\/#primaryimage\"},\"image\":{\"@id\":\"https:\/\/hobstop.ee\/lv\/produkts\/terauda-vilna-liberon-100g\/#primaryimage\"},\"thumbnailUrl\":\"https:\/\/hobstop.ee\/media\/2487.jpg\",\"datePublished\":\"2015-07-03T18:58:46+00:00\",\"dateModified\":\"2015-07-03T18:58:46+00:00\",\"breadcrumb\":{\"@id\":\"https:\/\/hobstop.ee\/lv\/produkts\/terauda-vilna-liberon-100g\/#breadcrumb\"},\"inLanguage\":\"lv-LV\",\"potentialAction\":[{\"@type\":\"ReadAction\",\"target\":[\"https:\/\/hobstop.ee\/lv\/produkts\/terauda-vilna-liberon-100g\/\"]}]},{\"@type\":\"ImageObject\",\"inLanguage\":\"lv-LV\",\"@id\":\"https:\/\/hobstop.ee\/lv\/produkts\/terauda-vilna-liberon-100g\/#primaryimage\",\"url\":\"https:\/\/hobstop.ee\/media\/2487.jpg\",\"contentUrl\":\"https:\/\/hobstop.ee\/media\/2487.jpg\",\"width\":1024,\"height\":768},{\"@type\":\"BreadcrumbList\",\"@id\":\"https:\/\/hobstop.ee\/lv\/produkts\/terauda-vilna-liberon-100g\/#breadcrumb\",\"itemListElement\":[{\"@type\":\"ListItem\",\"position\":1,\"name\":\"Avaleht\",\"item\":\"https:\/\/hobstop.ee\/lv\/\"},{\"@type\":\"ListItem\",\"position\":2,\"name\":\"Veikals\",\"item\":\"https:\/\/hobstop.ee\/lv\/veikals\/\"},{\"@type\":\"ListItem\",\"position\":3,\"name\":\"T\u0113rauda vilna Liberon 100g\"}]},{\"@type\":\"WebSite\",\"@id\":\"https:\/\/hobstop.ee\/lv\/#website\",\"url\":\"https:\/\/hobstop.ee\/lv\/\",\"name\":\"Skizze\",\"description\":\"M\u0101kslas, hobiju un skolas preces\",\"publisher\":{\"@id\":\"https:\/\/hobstop.ee\/lv\/#organization\"},\"potentialAction\":[{\"@type\":\"SearchAction\",\"target\":{\"@type\":\"EntryPoint\",\"urlTemplate\":\"https:\/\/hobstop.ee\/lv\/?s={search_term_string}\"},\"query-input\":{\"@type\":\"PropertyValueSpecification\",\"valueRequired\":true,\"valueName\":\"search_term_string\"}}],\"inLanguage\":\"lv-LV\"},{\"@type\":\"Organization\",\"@id\":\"https:\/\/hobstop.ee\/lv\/#organization\",\"name\":\"Vunder AS\",\"url\":\"https:\/\/hobstop.ee\/lv\/\",\"logo\":{\"@type\":\"ImageObject\",\"inLanguage\":\"lv-LV\",\"@id\":\"https:\/\/hobstop.ee\/lv\/#\/schema\/logo\/image\/\",\"url\":\"https:\/\/hobstop.ee\/media\/vunder-logo.png\",\"contentUrl\":\"https:\/\/hobstop.ee\/media\/vunder-logo.png\",\"width\":127,\"height\":55,\"caption\":\"Vunder AS\"},\"image\":{\"@id\":\"https:\/\/hobstop.ee\/lv\/#\/schema\/logo\/image\/\"},\"sameAs\":[\"http:\/\/www.facebook.com\/VunderSkizze\"]}]}<\/script>\n<!-- \/ Yoast SEO plugin. -->","yoast_head_json":{"title":"T\u0113rauda vilna Liberon 100g &#8211; Skizze","robots":{"index":"noindex","follow":"follow","max-snippet":"max-snippet:-1","max-image-preview":"max-image-preview:large","max-video-preview":"max-video-preview:-1"},"og_locale":"lv_LV","og_type":"article","og_title":"T\u0113rauda vilna Liberon 100g &#8211; Skizze","og_description":"Met\u0101la vate ir sl\u012bp\u0113\u0161anas materi\u0101ls, kas dom\u0101ts vai nu vasku uzkl\u0101\u0161anai, virsmu t\u012br\u012b\u0161anai, vai vec\u0101 apdares sl\u0101\u0146a no\u0146em\u0161anai. Nr. OOOO jeb \u012bpa\u0161i smalka vate: izmanto vasku un Ring Remover uzkl\u0101\u0161anai uz virsmas. Piem\u0113rots trauslu koka virsmu un met\u0101la t\u012br\u012b\u0161anai, k\u0101 ar\u012b kr\u0101sas un net\u012brumu t\u012br\u012b\u0161anai no stikla. Var izmantot, lai padar\u012btu lakotu virsmu mat\u0113tu. Nr. 0 jeb vid\u0113ji raupja vate: izmanto vaskotu un e\u013c\u013cotu virsmu t\u012br\u012b\u0161anai ar Liberon m\u0113be\u013cu t\u012br\u012b\u0161anas l\u012bdzek\u013ciem. Var izmantot ar\u012b \u012bpa\u0161i net\u012bru met\u0101la priek\u0161metu t\u012br\u012b\u0161anai. Nr. 2 jeb raupj\u0161: izmanto lakas un kr\u0101sas sl\u0101\u0146u no\u0146em\u0161anai ar Liberon Stripper kr\u0101sas no\u0146\u0113m\u0113ju, met\u0101la virsmu t\u012br\u012b\u0161anai.","og_url":"https:\/\/hobstop.ee\/lv\/produkts\/terauda-vilna-liberon-100g\/","og_site_name":"Skizze","article_publisher":"http:\/\/www.facebook.com\/VunderSkizze","og_image":[{"width":1024,"height":768,"url":"https:\/\/hobstop.ee\/media\/2487.jpg","type":"image\/jpeg"}],"twitter_card":"summary_large_image","twitter_misc":{"Est. reading time":"1 min\u016b\u0161u"},"schema":{"@context":"https:\/\/schema.org","@graph":[{"@type":"WebPage","@id":"https:\/\/hobstop.ee\/lv\/produkts\/terauda-vilna-liberon-100g\/","url":"https:\/\/hobstop.ee\/lv\/produkts\/terauda-vilna-liberon-100g\/","name":"T\u0113rauda vilna Liberon 100g &#8211; Skizze","isPartOf":{"@id":"https:\/\/hobstop.ee\/lv\/#website"},"primaryImageOfPage":{"@id":"https:\/\/hobstop.ee\/lv\/produkts\/terauda-vilna-liberon-100g\/#primaryimage"},"image":{"@id":"https:\/\/hobstop.ee\/lv\/produkts\/terauda-vilna-liberon-100g\/#primaryimage"},"thumbnailUrl":"https:\/\/hobstop.ee\/media\/2487.jpg","datePublished":"2015-07-03T18:58:46+00:00","dateModified":"2015-07-03T18:58:46+00:00","breadcrumb":{"@id":"https:\/\/hobstop.ee\/lv\/produkts\/terauda-vilna-liberon-100g\/#breadcrumb"},"inLanguage":"lv-LV","potentialAction":[{"@type":"ReadAction","target":["https:\/\/hobstop.ee\/lv\/produkts\/terauda-vilna-liberon-100g\/"]}]},{"@type":"ImageObject","inLanguage":"lv-LV","@id":"https:\/\/hobstop.ee\/lv\/produkts\/terauda-vilna-liberon-100g\/#primaryimage","url":"https:\/\/hobstop.ee\/media\/2487.jpg","contentUrl":"https:\/\/hobstop.ee\/media\/2487.jpg","width":1024,"height":768},{"@type":"BreadcrumbList","@id":"https:\/\/hobstop.ee\/lv\/produkts\/terauda-vilna-liberon-100g\/#breadcrumb","itemListElement":[{"@type":"ListItem","position":1,"name":"Avaleht","item":"https:\/\/hobstop.ee\/lv\/"},{"@type":"ListItem","position":2,"name":"Veikals","item":"https:\/\/hobstop.ee\/lv\/veikals\/"},{"@type":"ListItem","position":3,"name":"T\u0113rauda vilna Liberon 100g"}]},{"@type":"WebSite","@id":"https:\/\/hobstop.ee\/lv\/#website","url":"https:\/\/hobstop.ee\/lv\/","name":"Skizze","description":"M\u0101kslas, hobiju un skolas preces","publisher":{"@id":"https:\/\/hobstop.ee\/lv\/#organization"},"potentialAction":[{"@type":"SearchAction","target":{"@type":"EntryPoint","urlTemplate":"https:\/\/hobstop.ee\/lv\/?s={search_term_string}"},"query-input":{"@type":"PropertyValueSpecification","valueRequired":true,"valueName":"search_term_string"}}],"inLanguage":"lv-LV"},{"@type":"Organization","@id":"https:\/\/hobstop.ee\/lv\/#organization","name":"Vunder AS","url":"https:\/\/hobstop.ee\/lv\/","logo":{"@type":"ImageObject","inLanguage":"lv-LV","@id":"https:\/\/hobstop.ee\/lv\/#\/schema\/logo\/image\/","url":"https:\/\/hobstop.ee\/media\/vunder-logo.png","contentUrl":"https:\/\/hobstop.ee\/media\/vunder-logo.png","width":127,"height":55,"caption":"Vunder AS"},"image":{"@id":"https:\/\/hobstop.ee\/lv\/#\/schema\/logo\/image\/"},"sameAs":["http:\/\/www.facebook.com\/VunderSkizze"]}]}},"_links":{"self":[{"href":"https:\/\/hobstop.ee\/lv\/wp-json\/wp\/v2\/product\/129756","targetHints":{"allow":["GET"]}}],"collection":[{"href":"https:\/\/hobstop.ee\/lv\/wp-json\/wp\/v2\/product"}],"about":[{"href":"https:\/\/hobstop.ee\/lv\/wp-json\/wp\/v2\/types\/product"}],"replies":[{"embeddable":true,"href":"https:\/\/hobstop.ee\/lv\/wp-json\/wp\/v2\/comments?post=129756"}],"wp:featuredmedia":[{"embeddable":true,"href":"https:\/\/hobstop.ee\/lv\/wp-json\/wp\/v2\/media\/104882"}],"wp:attachment":[{"href":"https:\/\/hobstop.ee\/lv\/wp-json\/wp\/v2\/media?parent=129756"}],"wp:term":[{"taxonomy":"product_cat","embeddable":true,"href":"https:\/\/hobstop.ee\/lv\/wp-json\/wp\/v2\/product_cat?post=129756"},{"taxonomy":"product_tag","embeddable":true,"href":"https:\/\/hobstop.ee\/lv\/wp-json\/wp\/v2\/product_tag?post=129756"}],"curies":[{"name":"wp","href":"https:\/\/api.w.org\/{rel}","templated":true}]}}