{"id":129894,"date":"2015-07-03T22:26:01","date_gmt":"2015-07-03T19:26:01","guid":{"rendered":"http:\/\/vunder-ee.sn25.zone.eu\/lv\/product\/vasks-koka-paneliem-bloom-2-5l\/"},"modified":"2015-07-03T22:26:01","modified_gmt":"2015-07-03T19:26:01","slug":"vasks-koka-paneliem-bloom-2-5l","status":"publish","type":"product","link":"https:\/\/hobstop.ee\/lv\/produkts\/vasks-koka-paneliem-bloom-2-5l\/","title":{"rendered":"Vasks koka pane\u013ciem Bloom 2.5L"},"content":{"rendered":"<p>Puscaursp\u012bd\u012bgs un mazg\u0101\u0161anai dro\u0161s rezult\u0101ts ieg\u016bstams ar vienu nokl\u0101\u0161anas reizi. \u017delejveida, nepl\u016bsto\u0161a konsistence. Ar vienu nokl\u0101\u0161anas reizi piln\u012bb\u0101 pietiek, lai aizsarg\u0101tu iek\u0161telpu ba\u013c\u0137u sienas, koka d\u0113\u013cus, sijas un griestus. Saglab\u0101 redzamu koka strukt\u016bru vienlaic\u012bgi nosedzot da\u017e\u0101dus boj\u0101jumus un laika gait\u0101 izveidoju\u0161os nodzelt\u0113jumu. \u012apa\u0161i piem\u0113rots gai\u0161\u0101k\u0101m koka sug\u0101m. Apstr\u0101d\u0101t\u0101 virsma ieg\u016bst puscaursp\u012bd\u012bgu un sat\u012bna gludu strukt\u016bru.<\/p>\n","protected":false},"excerpt":{"rendered":"<p>Puscaursp\u012bd\u012bgs un mazg\u0101\u0161anai dro\u0161s rezult\u0101ts ieg\u016bstams ar vienu nokl\u0101\u0161anas reizi. \u017delejveida, nepl\u016bsto\u0161a konsistence. Ar vienu nokl\u0101\u0161anas reizi piln\u012bb\u0101 pietiek, lai aizsarg\u0101tu iek\u0161telpu ba\u013c\u0137u sienas, koka d\u0113\u013cus, sijas un griestus. Saglab\u0101 redzamu koka strukt\u016bru vienlaic\u012bgi nosedzot da\u017e\u0101dus boj\u0101jumus un laika gait\u0101 izveidoju\u0161os nodzelt\u0113jumu. \u012apa\u0161i piem\u0113rots gai\u0161\u0101k\u0101m koka sug\u0101m. Apstr\u0101d\u0101t\u0101 virsma ieg\u016bst puscaursp\u012bd\u012bgu un sat\u012bna gludu strukt\u016bru.<\/p>\n","protected":false},"featured_media":104914,"comment_status":"closed","ping_status":"closed","template":"","meta":{"_acf_changed":false,"ep_exclude_from_search":false},"product_cat":[18563,14970,14911],"product_tag":[],"class_list":{"0":"post-129894","1":"product","2":"type-product","3":"status-publish","4":"has-post-thumbnail","6":"product_cat-iekstelpu-apdare","7":"product_cat-restauracija-un-iekstelpu-apdare-2","8":"product_cat-vaski","10":"first","11":"instock","12":"sale","13":"taxable","14":"shipping-taxable","15":"purchasable","16":"product-type-variable"},"acf":[],"yoast_head":"<!-- This site is optimized with the Yoast SEO plugin v24.1 - https:\/\/yoast.com\/wordpress\/plugins\/seo\/ -->\n<title>Vasks koka pane\u013ciem Bloom 2.5L &#8211; Skizze<\/title>\n<meta name=\"robots\" content=\"noindex, follow, max-snippet:-1, max-image-preview:large, max-video-preview:-1\" \/>\n<meta property=\"og:locale\" content=\"lv_LV\" \/>\n<meta property=\"og:type\" content=\"article\" \/>\n<meta property=\"og:title\" content=\"Vasks koka pane\u013ciem Bloom 2.5L &#8211; Skizze\" \/>\n<meta property=\"og:description\" content=\"Puscaursp\u012bd\u012bgs un mazg\u0101\u0161anai dro\u0161s rezult\u0101ts ieg\u016bstams ar vienu nokl\u0101\u0161anas reizi. \u017delejveida, nepl\u016bsto\u0161a konsistence. Ar vienu nokl\u0101\u0161anas reizi piln\u012bb\u0101 pietiek, lai aizsarg\u0101tu iek\u0161telpu ba\u013c\u0137u sienas, koka d\u0113\u013cus, sijas un griestus. Saglab\u0101 redzamu koka strukt\u016bru vienlaic\u012bgi nosedzot da\u017e\u0101dus boj\u0101jumus un laika gait\u0101 izveidoju\u0161os nodzelt\u0113jumu. \u012apa\u0161i piem\u0113rots gai\u0161\u0101k\u0101m koka sug\u0101m. Apstr\u0101d\u0101t\u0101 virsma ieg\u016bst puscaursp\u012bd\u012bgu un sat\u012bna gludu strukt\u016bru.\" \/>\n<meta property=\"og:url\" content=\"https:\/\/hobstop.ee\/lv\/produkts\/vasks-koka-paneliem-bloom-2-5l\/\" \/>\n<meta property=\"og:site_name\" content=\"Skizze\" \/>\n<meta property=\"article:publisher\" content=\"http:\/\/www.facebook.com\/VunderSkizze\" \/>\n<meta property=\"og:image\" content=\"https:\/\/www.hobstop.ee\/media\/2496.jpg\" \/>\n\t<meta property=\"og:image:width\" content=\"1024\" \/>\n\t<meta property=\"og:image:height\" content=\"768\" \/>\n\t<meta property=\"og:image:type\" content=\"image\/jpeg\" \/>\n<meta name=\"twitter:card\" content=\"summary_large_image\" \/>\n<script type=\"application\/ld+json\" class=\"yoast-schema-graph\">{\"@context\":\"https:\/\/schema.org\",\"@graph\":[{\"@type\":\"WebPage\",\"@id\":\"https:\/\/hobstop.ee\/lv\/produkts\/vasks-koka-paneliem-bloom-2-5l\/\",\"url\":\"https:\/\/hobstop.ee\/lv\/produkts\/vasks-koka-paneliem-bloom-2-5l\/\",\"name\":\"Vasks koka pane\u013ciem Bloom 2.5L &#8211; Skizze\",\"isPartOf\":{\"@id\":\"https:\/\/hobstop.ee\/lv\/#website\"},\"primaryImageOfPage\":{\"@id\":\"https:\/\/hobstop.ee\/lv\/produkts\/vasks-koka-paneliem-bloom-2-5l\/#primaryimage\"},\"image\":{\"@id\":\"https:\/\/hobstop.ee\/lv\/produkts\/vasks-koka-paneliem-bloom-2-5l\/#primaryimage\"},\"thumbnailUrl\":\"https:\/\/hobstop.ee\/media\/2496.jpg\",\"datePublished\":\"2015-07-03T19:26:01+00:00\",\"dateModified\":\"2015-07-03T19:26:01+00:00\",\"breadcrumb\":{\"@id\":\"https:\/\/hobstop.ee\/lv\/produkts\/vasks-koka-paneliem-bloom-2-5l\/#breadcrumb\"},\"inLanguage\":\"lv-LV\",\"potentialAction\":[{\"@type\":\"ReadAction\",\"target\":[\"https:\/\/hobstop.ee\/lv\/produkts\/vasks-koka-paneliem-bloom-2-5l\/\"]}]},{\"@type\":\"ImageObject\",\"inLanguage\":\"lv-LV\",\"@id\":\"https:\/\/hobstop.ee\/lv\/produkts\/vasks-koka-paneliem-bloom-2-5l\/#primaryimage\",\"url\":\"https:\/\/hobstop.ee\/media\/2496.jpg\",\"contentUrl\":\"https:\/\/hobstop.ee\/media\/2496.jpg\",\"width\":1024,\"height\":768},{\"@type\":\"BreadcrumbList\",\"@id\":\"https:\/\/hobstop.ee\/lv\/produkts\/vasks-koka-paneliem-bloom-2-5l\/#breadcrumb\",\"itemListElement\":[{\"@type\":\"ListItem\",\"position\":1,\"name\":\"Avaleht\",\"item\":\"https:\/\/www.hobstop.ee\/lv\/\"},{\"@type\":\"ListItem\",\"position\":2,\"name\":\"Veikals\",\"item\":\"https:\/\/www.hobstop.ee\/lv\/veikals\/\"},{\"@type\":\"ListItem\",\"position\":3,\"name\":\"Vasks koka pane\u013ciem Bloom 2.5L\"}]},{\"@type\":\"WebSite\",\"@id\":\"https:\/\/hobstop.ee\/lv\/#website\",\"url\":\"https:\/\/hobstop.ee\/lv\/\",\"name\":\"Skizze\",\"description\":\"M\u0101kslas, hobiju un skolas preces\",\"publisher\":{\"@id\":\"https:\/\/hobstop.ee\/lv\/#organization\"},\"potentialAction\":[{\"@type\":\"SearchAction\",\"target\":{\"@type\":\"EntryPoint\",\"urlTemplate\":\"https:\/\/hobstop.ee\/lv\/?s={search_term_string}\"},\"query-input\":{\"@type\":\"PropertyValueSpecification\",\"valueRequired\":true,\"valueName\":\"search_term_string\"}}],\"inLanguage\":\"lv-LV\"},{\"@type\":\"Organization\",\"@id\":\"https:\/\/hobstop.ee\/lv\/#organization\",\"name\":\"Vunder AS\",\"url\":\"https:\/\/hobstop.ee\/lv\/\",\"logo\":{\"@type\":\"ImageObject\",\"inLanguage\":\"lv-LV\",\"@id\":\"https:\/\/hobstop.ee\/lv\/#\/schema\/logo\/image\/\",\"url\":\"https:\/\/hobstop.ee\/media\/vunder-logo.png\",\"contentUrl\":\"https:\/\/hobstop.ee\/media\/vunder-logo.png\",\"width\":127,\"height\":55,\"caption\":\"Vunder AS\"},\"image\":{\"@id\":\"https:\/\/hobstop.ee\/lv\/#\/schema\/logo\/image\/\"},\"sameAs\":[\"http:\/\/www.facebook.com\/VunderSkizze\"]}]}<\/script>\n<!-- \/ Yoast SEO plugin. -->","yoast_head_json":{"title":"Vasks koka pane\u013ciem Bloom 2.5L &#8211; Skizze","robots":{"index":"noindex","follow":"follow","max-snippet":"max-snippet:-1","max-image-preview":"max-image-preview:large","max-video-preview":"max-video-preview:-1"},"og_locale":"lv_LV","og_type":"article","og_title":"Vasks koka pane\u013ciem Bloom 2.5L &#8211; Skizze","og_description":"Puscaursp\u012bd\u012bgs un mazg\u0101\u0161anai dro\u0161s rezult\u0101ts ieg\u016bstams ar vienu nokl\u0101\u0161anas reizi. \u017delejveida, nepl\u016bsto\u0161a konsistence. Ar vienu nokl\u0101\u0161anas reizi piln\u012bb\u0101 pietiek, lai aizsarg\u0101tu iek\u0161telpu ba\u013c\u0137u sienas, koka d\u0113\u013cus, sijas un griestus. Saglab\u0101 redzamu koka strukt\u016bru vienlaic\u012bgi nosedzot da\u017e\u0101dus boj\u0101jumus un laika gait\u0101 izveidoju\u0161os nodzelt\u0113jumu. \u012apa\u0161i piem\u0113rots gai\u0161\u0101k\u0101m koka sug\u0101m. Apstr\u0101d\u0101t\u0101 virsma ieg\u016bst puscaursp\u012bd\u012bgu un sat\u012bna gludu strukt\u016bru.","og_url":"https:\/\/hobstop.ee\/lv\/produkts\/vasks-koka-paneliem-bloom-2-5l\/","og_site_name":"Skizze","article_publisher":"http:\/\/www.facebook.com\/VunderSkizze","og_image":[{"width":1024,"height":768,"url":"https:\/\/www.hobstop.ee\/media\/2496.jpg","type":"image\/jpeg"}],"twitter_card":"summary_large_image","schema":{"@context":"https:\/\/schema.org","@graph":[{"@type":"WebPage","@id":"https:\/\/hobstop.ee\/lv\/produkts\/vasks-koka-paneliem-bloom-2-5l\/","url":"https:\/\/hobstop.ee\/lv\/produkts\/vasks-koka-paneliem-bloom-2-5l\/","name":"Vasks koka pane\u013ciem Bloom 2.5L &#8211; Skizze","isPartOf":{"@id":"https:\/\/hobstop.ee\/lv\/#website"},"primaryImageOfPage":{"@id":"https:\/\/hobstop.ee\/lv\/produkts\/vasks-koka-paneliem-bloom-2-5l\/#primaryimage"},"image":{"@id":"https:\/\/hobstop.ee\/lv\/produkts\/vasks-koka-paneliem-bloom-2-5l\/#primaryimage"},"thumbnailUrl":"https:\/\/hobstop.ee\/media\/2496.jpg","datePublished":"2015-07-03T19:26:01+00:00","dateModified":"2015-07-03T19:26:01+00:00","breadcrumb":{"@id":"https:\/\/hobstop.ee\/lv\/produkts\/vasks-koka-paneliem-bloom-2-5l\/#breadcrumb"},"inLanguage":"lv-LV","potentialAction":[{"@type":"ReadAction","target":["https:\/\/hobstop.ee\/lv\/produkts\/vasks-koka-paneliem-bloom-2-5l\/"]}]},{"@type":"ImageObject","inLanguage":"lv-LV","@id":"https:\/\/hobstop.ee\/lv\/produkts\/vasks-koka-paneliem-bloom-2-5l\/#primaryimage","url":"https:\/\/hobstop.ee\/media\/2496.jpg","contentUrl":"https:\/\/hobstop.ee\/media\/2496.jpg","width":1024,"height":768},{"@type":"BreadcrumbList","@id":"https:\/\/hobstop.ee\/lv\/produkts\/vasks-koka-paneliem-bloom-2-5l\/#breadcrumb","itemListElement":[{"@type":"ListItem","position":1,"name":"Avaleht","item":"https:\/\/www.hobstop.ee\/lv\/"},{"@type":"ListItem","position":2,"name":"Veikals","item":"https:\/\/www.hobstop.ee\/lv\/veikals\/"},{"@type":"ListItem","position":3,"name":"Vasks koka pane\u013ciem Bloom 2.5L"}]},{"@type":"WebSite","@id":"https:\/\/hobstop.ee\/lv\/#website","url":"https:\/\/hobstop.ee\/lv\/","name":"Skizze","description":"M\u0101kslas, hobiju un skolas preces","publisher":{"@id":"https:\/\/hobstop.ee\/lv\/#organization"},"potentialAction":[{"@type":"SearchAction","target":{"@type":"EntryPoint","urlTemplate":"https:\/\/hobstop.ee\/lv\/?s={search_term_string}"},"query-input":{"@type":"PropertyValueSpecification","valueRequired":true,"valueName":"search_term_string"}}],"inLanguage":"lv-LV"},{"@type":"Organization","@id":"https:\/\/hobstop.ee\/lv\/#organization","name":"Vunder AS","url":"https:\/\/hobstop.ee\/lv\/","logo":{"@type":"ImageObject","inLanguage":"lv-LV","@id":"https:\/\/hobstop.ee\/lv\/#\/schema\/logo\/image\/","url":"https:\/\/hobstop.ee\/media\/vunder-logo.png","contentUrl":"https:\/\/hobstop.ee\/media\/vunder-logo.png","width":127,"height":55,"caption":"Vunder AS"},"image":{"@id":"https:\/\/hobstop.ee\/lv\/#\/schema\/logo\/image\/"},"sameAs":["http:\/\/www.facebook.com\/VunderSkizze"]}]}},"_links":{"self":[{"href":"https:\/\/hobstop.ee\/lv\/wp-json\/wp\/v2\/product\/129894","targetHints":{"allow":["GET"]}}],"collection":[{"href":"https:\/\/hobstop.ee\/lv\/wp-json\/wp\/v2\/product"}],"about":[{"href":"https:\/\/hobstop.ee\/lv\/wp-json\/wp\/v2\/types\/product"}],"replies":[{"embeddable":true,"href":"https:\/\/hobstop.ee\/lv\/wp-json\/wp\/v2\/comments?post=129894"}],"wp:featuredmedia":[{"embeddable":true,"href":"https:\/\/hobstop.ee\/lv\/wp-json\/wp\/v2\/media\/104914"}],"wp:attachment":[{"href":"https:\/\/hobstop.ee\/lv\/wp-json\/wp\/v2\/media?parent=129894"}],"wp:term":[{"taxonomy":"product_cat","embeddable":true,"href":"https:\/\/hobstop.ee\/lv\/wp-json\/wp\/v2\/product_cat?post=129894"},{"taxonomy":"product_tag","embeddable":true,"href":"https:\/\/hobstop.ee\/lv\/wp-json\/wp\/v2\/product_tag?post=129894"}],"curies":[{"name":"wp","href":"https:\/\/api.w.org\/{rel}","templated":true}]}}