{"id":129956,"date":"2015-07-03T22:36:34","date_gmt":"2015-07-03T19:36:34","guid":{"rendered":"http:\/\/vunder-ee.sn25.zone.eu\/lv\/product\/perlamutras-beice-bloom-500ml\/"},"modified":"2015-07-03T22:36:34","modified_gmt":"2015-07-03T19:36:34","slug":"perlamutras-beice-bloom-500ml","status":"publish","type":"product","link":"https:\/\/hobstop.ee\/lv\/produkts\/perlamutras-beice-bloom-500ml\/","title":{"rendered":"Perlamutras beice Bloom 500ml"},"content":{"rendered":"<p>Kop\u0101 ar miner\u0101lkr\u0101s\u0101m veido miner\u0101la strukt\u016bras rakstu. Tas ir otr\u0101 etapa produkts miner\u0101la strukt\u016bras raksta veido\u0161an\u0101, ko uzkl\u0101j uz iepriek\u0161 ar miner\u0101lkr\u0101su nokl\u0101tas virsmas. Ar perlamutra glaz\u016bra nokl\u0101ta virsma ir piem\u0113rota mazg\u0101\u0161anai.<\/p>\n","protected":false},"excerpt":{"rendered":"<p>Kop\u0101 ar miner\u0101lkr\u0101s\u0101m veido miner\u0101la strukt\u016bras rakstu. Tas ir otr\u0101 etapa produkts miner\u0101la strukt\u016bras raksta veido\u0161an\u0101, ko uzkl\u0101j uz iepriek\u0161 ar miner\u0101lkr\u0101su nokl\u0101tas virsmas. Ar perlamutra glaz\u016bra nokl\u0101ta virsma ir piem\u0113rota mazg\u0101\u0161anai.<\/p>\n","protected":false},"featured_media":104926,"comment_status":"closed","ping_status":"closed","template":"","meta":{"_acf_changed":false,"ep_exclude_from_search":false},"product_cat":[18563,17946,14970],"product_tag":[],"class_list":{"0":"post-129956","1":"product","2":"type-product","3":"status-publish","4":"has-post-thumbnail","6":"product_cat-iekstelpu-apdare","7":"product_cat-krasas-3","8":"product_cat-restauracija-un-iekstelpu-apdare-2","10":"first","11":"instock","12":"taxable","13":"shipping-taxable","14":"purchasable","15":"product-type-variable"},"acf":[],"yoast_head":"<!-- This site is optimized with the Yoast SEO plugin v24.1 - https:\/\/yoast.com\/wordpress\/plugins\/seo\/ -->\n<title>Perlamutras beice Bloom 500ml &#8211; Skizze<\/title>\n<meta name=\"robots\" content=\"noindex, follow, max-snippet:-1, max-image-preview:large, max-video-preview:-1\" \/>\n<meta property=\"og:locale\" content=\"lv_LV\" \/>\n<meta property=\"og:type\" content=\"article\" \/>\n<meta property=\"og:title\" content=\"Perlamutras beice Bloom 500ml &#8211; Skizze\" \/>\n<meta property=\"og:description\" content=\"Kop\u0101 ar miner\u0101lkr\u0101s\u0101m veido miner\u0101la strukt\u016bras rakstu. Tas ir otr\u0101 etapa produkts miner\u0101la strukt\u016bras raksta veido\u0161an\u0101, ko uzkl\u0101j uz iepriek\u0161 ar miner\u0101lkr\u0101su nokl\u0101tas virsmas. Ar perlamutra glaz\u016bra nokl\u0101ta virsma ir piem\u0113rota mazg\u0101\u0161anai.\" \/>\n<meta property=\"og:url\" content=\"https:\/\/hobstop.ee\/lv\/produkts\/perlamutras-beice-bloom-500ml\/\" \/>\n<meta property=\"og:site_name\" content=\"Skizze\" \/>\n<meta property=\"article:publisher\" content=\"http:\/\/www.facebook.com\/VunderSkizze\" \/>\n<meta property=\"og:image\" content=\"https:\/\/hobstop.ee\/media\/2499.jpg\" \/>\n\t<meta property=\"og:image:width\" content=\"1024\" \/>\n\t<meta property=\"og:image:height\" content=\"768\" \/>\n\t<meta property=\"og:image:type\" content=\"image\/jpeg\" \/>\n<meta name=\"twitter:card\" content=\"summary_large_image\" \/>\n<script type=\"application\/ld+json\" class=\"yoast-schema-graph\">{\"@context\":\"https:\/\/schema.org\",\"@graph\":[{\"@type\":\"WebPage\",\"@id\":\"https:\/\/hobstop.ee\/lv\/produkts\/perlamutras-beice-bloom-500ml\/\",\"url\":\"https:\/\/hobstop.ee\/lv\/produkts\/perlamutras-beice-bloom-500ml\/\",\"name\":\"Perlamutras beice Bloom 500ml &#8211; Skizze\",\"isPartOf\":{\"@id\":\"https:\/\/hobstop.ee\/lv\/#website\"},\"primaryImageOfPage\":{\"@id\":\"https:\/\/hobstop.ee\/lv\/produkts\/perlamutras-beice-bloom-500ml\/#primaryimage\"},\"image\":{\"@id\":\"https:\/\/hobstop.ee\/lv\/produkts\/perlamutras-beice-bloom-500ml\/#primaryimage\"},\"thumbnailUrl\":\"https:\/\/hobstop.ee\/media\/2499.jpg\",\"datePublished\":\"2015-07-03T19:36:34+00:00\",\"dateModified\":\"2015-07-03T19:36:34+00:00\",\"breadcrumb\":{\"@id\":\"https:\/\/hobstop.ee\/lv\/produkts\/perlamutras-beice-bloom-500ml\/#breadcrumb\"},\"inLanguage\":\"lv-LV\",\"potentialAction\":[{\"@type\":\"ReadAction\",\"target\":[\"https:\/\/hobstop.ee\/lv\/produkts\/perlamutras-beice-bloom-500ml\/\"]}]},{\"@type\":\"ImageObject\",\"inLanguage\":\"lv-LV\",\"@id\":\"https:\/\/hobstop.ee\/lv\/produkts\/perlamutras-beice-bloom-500ml\/#primaryimage\",\"url\":\"https:\/\/hobstop.ee\/media\/2499.jpg\",\"contentUrl\":\"https:\/\/hobstop.ee\/media\/2499.jpg\",\"width\":1024,\"height\":768},{\"@type\":\"BreadcrumbList\",\"@id\":\"https:\/\/hobstop.ee\/lv\/produkts\/perlamutras-beice-bloom-500ml\/#breadcrumb\",\"itemListElement\":[{\"@type\":\"ListItem\",\"position\":1,\"name\":\"Avaleht\",\"item\":\"https:\/\/www.hobstop.ee\/lv\/\"},{\"@type\":\"ListItem\",\"position\":2,\"name\":\"Veikals\",\"item\":\"https:\/\/www.hobstop.ee\/lv\/veikals\/\"},{\"@type\":\"ListItem\",\"position\":3,\"name\":\"Perlamutras beice Bloom 500ml\"}]},{\"@type\":\"WebSite\",\"@id\":\"https:\/\/hobstop.ee\/lv\/#website\",\"url\":\"https:\/\/hobstop.ee\/lv\/\",\"name\":\"Skizze\",\"description\":\"M\u0101kslas, hobiju un skolas preces\",\"publisher\":{\"@id\":\"https:\/\/hobstop.ee\/lv\/#organization\"},\"potentialAction\":[{\"@type\":\"SearchAction\",\"target\":{\"@type\":\"EntryPoint\",\"urlTemplate\":\"https:\/\/hobstop.ee\/lv\/?s={search_term_string}\"},\"query-input\":{\"@type\":\"PropertyValueSpecification\",\"valueRequired\":true,\"valueName\":\"search_term_string\"}}],\"inLanguage\":\"lv-LV\"},{\"@type\":\"Organization\",\"@id\":\"https:\/\/hobstop.ee\/lv\/#organization\",\"name\":\"Vunder AS\",\"url\":\"https:\/\/hobstop.ee\/lv\/\",\"logo\":{\"@type\":\"ImageObject\",\"inLanguage\":\"lv-LV\",\"@id\":\"https:\/\/hobstop.ee\/lv\/#\/schema\/logo\/image\/\",\"url\":\"https:\/\/hobstop.ee\/media\/vunder-logo.png\",\"contentUrl\":\"https:\/\/hobstop.ee\/media\/vunder-logo.png\",\"width\":127,\"height\":55,\"caption\":\"Vunder AS\"},\"image\":{\"@id\":\"https:\/\/hobstop.ee\/lv\/#\/schema\/logo\/image\/\"},\"sameAs\":[\"http:\/\/www.facebook.com\/VunderSkizze\"]}]}<\/script>\n<!-- \/ Yoast SEO plugin. -->","yoast_head_json":{"title":"Perlamutras beice Bloom 500ml &#8211; Skizze","robots":{"index":"noindex","follow":"follow","max-snippet":"max-snippet:-1","max-image-preview":"max-image-preview:large","max-video-preview":"max-video-preview:-1"},"og_locale":"lv_LV","og_type":"article","og_title":"Perlamutras beice Bloom 500ml &#8211; Skizze","og_description":"Kop\u0101 ar miner\u0101lkr\u0101s\u0101m veido miner\u0101la strukt\u016bras rakstu. Tas ir otr\u0101 etapa produkts miner\u0101la strukt\u016bras raksta veido\u0161an\u0101, ko uzkl\u0101j uz iepriek\u0161 ar miner\u0101lkr\u0101su nokl\u0101tas virsmas. Ar perlamutra glaz\u016bra nokl\u0101ta virsma ir piem\u0113rota mazg\u0101\u0161anai.","og_url":"https:\/\/hobstop.ee\/lv\/produkts\/perlamutras-beice-bloom-500ml\/","og_site_name":"Skizze","article_publisher":"http:\/\/www.facebook.com\/VunderSkizze","og_image":[{"width":1024,"height":768,"url":"https:\/\/hobstop.ee\/media\/2499.jpg","type":"image\/jpeg"}],"twitter_card":"summary_large_image","schema":{"@context":"https:\/\/schema.org","@graph":[{"@type":"WebPage","@id":"https:\/\/hobstop.ee\/lv\/produkts\/perlamutras-beice-bloom-500ml\/","url":"https:\/\/hobstop.ee\/lv\/produkts\/perlamutras-beice-bloom-500ml\/","name":"Perlamutras beice Bloom 500ml &#8211; Skizze","isPartOf":{"@id":"https:\/\/hobstop.ee\/lv\/#website"},"primaryImageOfPage":{"@id":"https:\/\/hobstop.ee\/lv\/produkts\/perlamutras-beice-bloom-500ml\/#primaryimage"},"image":{"@id":"https:\/\/hobstop.ee\/lv\/produkts\/perlamutras-beice-bloom-500ml\/#primaryimage"},"thumbnailUrl":"https:\/\/hobstop.ee\/media\/2499.jpg","datePublished":"2015-07-03T19:36:34+00:00","dateModified":"2015-07-03T19:36:34+00:00","breadcrumb":{"@id":"https:\/\/hobstop.ee\/lv\/produkts\/perlamutras-beice-bloom-500ml\/#breadcrumb"},"inLanguage":"lv-LV","potentialAction":[{"@type":"ReadAction","target":["https:\/\/hobstop.ee\/lv\/produkts\/perlamutras-beice-bloom-500ml\/"]}]},{"@type":"ImageObject","inLanguage":"lv-LV","@id":"https:\/\/hobstop.ee\/lv\/produkts\/perlamutras-beice-bloom-500ml\/#primaryimage","url":"https:\/\/hobstop.ee\/media\/2499.jpg","contentUrl":"https:\/\/hobstop.ee\/media\/2499.jpg","width":1024,"height":768},{"@type":"BreadcrumbList","@id":"https:\/\/hobstop.ee\/lv\/produkts\/perlamutras-beice-bloom-500ml\/#breadcrumb","itemListElement":[{"@type":"ListItem","position":1,"name":"Avaleht","item":"https:\/\/www.hobstop.ee\/lv\/"},{"@type":"ListItem","position":2,"name":"Veikals","item":"https:\/\/www.hobstop.ee\/lv\/veikals\/"},{"@type":"ListItem","position":3,"name":"Perlamutras beice Bloom 500ml"}]},{"@type":"WebSite","@id":"https:\/\/hobstop.ee\/lv\/#website","url":"https:\/\/hobstop.ee\/lv\/","name":"Skizze","description":"M\u0101kslas, hobiju un skolas preces","publisher":{"@id":"https:\/\/hobstop.ee\/lv\/#organization"},"potentialAction":[{"@type":"SearchAction","target":{"@type":"EntryPoint","urlTemplate":"https:\/\/hobstop.ee\/lv\/?s={search_term_string}"},"query-input":{"@type":"PropertyValueSpecification","valueRequired":true,"valueName":"search_term_string"}}],"inLanguage":"lv-LV"},{"@type":"Organization","@id":"https:\/\/hobstop.ee\/lv\/#organization","name":"Vunder AS","url":"https:\/\/hobstop.ee\/lv\/","logo":{"@type":"ImageObject","inLanguage":"lv-LV","@id":"https:\/\/hobstop.ee\/lv\/#\/schema\/logo\/image\/","url":"https:\/\/hobstop.ee\/media\/vunder-logo.png","contentUrl":"https:\/\/hobstop.ee\/media\/vunder-logo.png","width":127,"height":55,"caption":"Vunder AS"},"image":{"@id":"https:\/\/hobstop.ee\/lv\/#\/schema\/logo\/image\/"},"sameAs":["http:\/\/www.facebook.com\/VunderSkizze"]}]}},"_links":{"self":[{"href":"https:\/\/hobstop.ee\/lv\/wp-json\/wp\/v2\/product\/129956","targetHints":{"allow":["GET"]}}],"collection":[{"href":"https:\/\/hobstop.ee\/lv\/wp-json\/wp\/v2\/product"}],"about":[{"href":"https:\/\/hobstop.ee\/lv\/wp-json\/wp\/v2\/types\/product"}],"replies":[{"embeddable":true,"href":"https:\/\/hobstop.ee\/lv\/wp-json\/wp\/v2\/comments?post=129956"}],"wp:featuredmedia":[{"embeddable":true,"href":"https:\/\/hobstop.ee\/lv\/wp-json\/wp\/v2\/media\/104926"}],"wp:attachment":[{"href":"https:\/\/hobstop.ee\/lv\/wp-json\/wp\/v2\/media?parent=129956"}],"wp:term":[{"taxonomy":"product_cat","embeddable":true,"href":"https:\/\/hobstop.ee\/lv\/wp-json\/wp\/v2\/product_cat?post=129956"},{"taxonomy":"product_tag","embeddable":true,"href":"https:\/\/hobstop.ee\/lv\/wp-json\/wp\/v2\/product_tag?post=129956"}],"curies":[{"name":"wp","href":"https:\/\/api.w.org\/{rel}","templated":true}]}}