{"id":130001,"date":"2015-07-03T22:57:29","date_gmt":"2015-07-03T19:57:29","guid":{"rendered":"http:\/\/vunder-ee.sn25.zone.eu\/lv\/product\/laka-liberon-bistrot-250ml\/"},"modified":"2015-07-03T22:57:29","modified_gmt":"2015-07-03T19:57:29","slug":"laka-liberon-bistrot-250ml","status":"publish","type":"product","link":"https:\/\/hobstop.ee\/lv\/produkts\/laka-liberon-bistrot-250ml\/","title":{"rendered":"Laka Liberon Bistrot 250ml"},"content":{"rendered":"<p>Iztur\u012bga laka m\u0113be\u013cu un restor\u0101na iek\u0101rtojumam. Bistro laka ir poliuret\u0101na laka, kas nodro\u0161ina kokam \u012bpa\u0161i cietu un iztur\u012bgu aizsargsl\u0101ni. Piem\u0113rota izmanto\u0161anai m\u0101j\u0101s vis\u0101m m\u0113bel\u0113m, ar\u012b virtuv\u0113 un vannas istab\u0101. Lakotas virsmas k\u013c\u016bst karstuma, mitruma un alkohola iztur\u012bgas. Bistro laka veido sa\u0137eri ar vecas lakas virsmu.<br \/>\nP\u0101rkl\u0101jums: 10m\u00b2\/L<br \/>\n\u017d\u016b\u0161anas laiks: 24h<br \/>\nDarba r\u012bki: ota<br \/>\nDarba r\u012bku t\u012br\u012b\u0161ana: lakbenz\u012bns<\/p>\n","protected":false},"excerpt":{"rendered":"<p>Iztur\u012bga laka m\u0113be\u013cu un restor\u0101na iek\u0101rtojumam. Bistro laka ir poliuret\u0101na laka, kas nodro\u0161ina kokam \u012bpa\u0161i cietu un iztur\u012bgu aizsargsl\u0101ni. Piem\u0113rota izmanto\u0161anai m\u0101j\u0101s vis\u0101m m\u0113bel\u0113m, ar\u012b virtuv\u0113 un vannas istab\u0101. Lakotas virsmas k\u013c\u016bst karstuma, mitruma un alkohola iztur\u012bgas. Bistro laka veido sa\u0137eri ar vecas lakas virsmu. P\u0101rkl\u0101jums: 10m\u00b2\/L \u017d\u016b\u0161anas laiks: 24h Darba r\u012bki: ota Darba r\u012bku t\u012br\u012b\u0161ana: lakbenz\u012bns<\/p>\n","protected":false},"featured_media":104938,"comment_status":"closed","ping_status":"closed","template":"","meta":{"_acf_changed":false,"ep_exclude_from_search":false},"product_cat":[18572,18561,14970],"product_tag":[],"class_list":{"0":"post-130001","1":"product","2":"type-product","3":"status-publish","4":"has-post-thumbnail","6":"product_cat-koka-lakas-pulesanas-lidzekli-un-kopsanas-lidzekli","7":"product_cat-restauracija","8":"product_cat-restauracija-un-iekstelpu-apdare-2","10":"first","11":"instock","12":"sale","13":"taxable","14":"shipping-taxable","15":"purchasable","16":"product-type-variable"},"acf":[],"yoast_head":"<!-- This site is optimized with the Yoast SEO plugin v24.1 - https:\/\/yoast.com\/wordpress\/plugins\/seo\/ -->\n<title>Laka Liberon Bistrot 250ml &#8211; Skizze<\/title>\n<meta name=\"robots\" content=\"noindex, follow, max-snippet:-1, max-image-preview:large, max-video-preview:-1\" \/>\n<meta property=\"og:locale\" content=\"lv_LV\" \/>\n<meta property=\"og:type\" content=\"article\" \/>\n<meta property=\"og:title\" content=\"Laka Liberon Bistrot 250ml &#8211; Skizze\" \/>\n<meta property=\"og:description\" content=\"Iztur\u012bga laka m\u0113be\u013cu un restor\u0101na iek\u0101rtojumam. Bistro laka ir poliuret\u0101na laka, kas nodro\u0161ina kokam \u012bpa\u0161i cietu un iztur\u012bgu aizsargsl\u0101ni. Piem\u0113rota izmanto\u0161anai m\u0101j\u0101s vis\u0101m m\u0113bel\u0113m, ar\u012b virtuv\u0113 un vannas istab\u0101. Lakotas virsmas k\u013c\u016bst karstuma, mitruma un alkohola iztur\u012bgas. Bistro laka veido sa\u0137eri ar vecas lakas virsmu. P\u0101rkl\u0101jums: 10m\u00b2\/L \u017d\u016b\u0161anas laiks: 24h Darba r\u012bki: ota Darba r\u012bku t\u012br\u012b\u0161ana: lakbenz\u012bns\" \/>\n<meta property=\"og:url\" content=\"https:\/\/hobstop.ee\/lv\/produkts\/laka-liberon-bistrot-250ml\/\" \/>\n<meta property=\"og:site_name\" content=\"Skizze\" \/>\n<meta property=\"article:publisher\" content=\"http:\/\/www.facebook.com\/VunderSkizze\" \/>\n<meta property=\"og:image\" content=\"https:\/\/hobstop.ee\/media\/2504.jpg\" \/>\n\t<meta property=\"og:image:width\" content=\"1024\" \/>\n\t<meta property=\"og:image:height\" content=\"768\" \/>\n\t<meta property=\"og:image:type\" content=\"image\/jpeg\" \/>\n<meta name=\"twitter:card\" content=\"summary_large_image\" \/>\n<script type=\"application\/ld+json\" class=\"yoast-schema-graph\">{\"@context\":\"https:\/\/schema.org\",\"@graph\":[{\"@type\":\"WebPage\",\"@id\":\"https:\/\/hobstop.ee\/lv\/produkts\/laka-liberon-bistrot-250ml\/\",\"url\":\"https:\/\/hobstop.ee\/lv\/produkts\/laka-liberon-bistrot-250ml\/\",\"name\":\"Laka Liberon Bistrot 250ml &#8211; Skizze\",\"isPartOf\":{\"@id\":\"https:\/\/hobstop.ee\/lv\/#website\"},\"primaryImageOfPage\":{\"@id\":\"https:\/\/hobstop.ee\/lv\/produkts\/laka-liberon-bistrot-250ml\/#primaryimage\"},\"image\":{\"@id\":\"https:\/\/hobstop.ee\/lv\/produkts\/laka-liberon-bistrot-250ml\/#primaryimage\"},\"thumbnailUrl\":\"https:\/\/hobstop.ee\/media\/2504.jpg\",\"datePublished\":\"2015-07-03T19:57:29+00:00\",\"dateModified\":\"2015-07-03T19:57:29+00:00\",\"breadcrumb\":{\"@id\":\"https:\/\/hobstop.ee\/lv\/produkts\/laka-liberon-bistrot-250ml\/#breadcrumb\"},\"inLanguage\":\"lv-LV\",\"potentialAction\":[{\"@type\":\"ReadAction\",\"target\":[\"https:\/\/hobstop.ee\/lv\/produkts\/laka-liberon-bistrot-250ml\/\"]}]},{\"@type\":\"ImageObject\",\"inLanguage\":\"lv-LV\",\"@id\":\"https:\/\/hobstop.ee\/lv\/produkts\/laka-liberon-bistrot-250ml\/#primaryimage\",\"url\":\"https:\/\/hobstop.ee\/media\/2504.jpg\",\"contentUrl\":\"https:\/\/hobstop.ee\/media\/2504.jpg\",\"width\":1024,\"height\":768},{\"@type\":\"BreadcrumbList\",\"@id\":\"https:\/\/hobstop.ee\/lv\/produkts\/laka-liberon-bistrot-250ml\/#breadcrumb\",\"itemListElement\":[{\"@type\":\"ListItem\",\"position\":1,\"name\":\"Avaleht\",\"item\":\"https:\/\/hobstop.ee\/lv\/\"},{\"@type\":\"ListItem\",\"position\":2,\"name\":\"Veikals\",\"item\":\"https:\/\/hobstop.ee\/lv\/veikals\/\"},{\"@type\":\"ListItem\",\"position\":3,\"name\":\"Laka Liberon Bistrot 250ml\"}]},{\"@type\":\"WebSite\",\"@id\":\"https:\/\/hobstop.ee\/lv\/#website\",\"url\":\"https:\/\/hobstop.ee\/lv\/\",\"name\":\"Skizze\",\"description\":\"M\u0101kslas, hobiju un skolas preces\",\"publisher\":{\"@id\":\"https:\/\/hobstop.ee\/lv\/#organization\"},\"potentialAction\":[{\"@type\":\"SearchAction\",\"target\":{\"@type\":\"EntryPoint\",\"urlTemplate\":\"https:\/\/hobstop.ee\/lv\/?s={search_term_string}\"},\"query-input\":{\"@type\":\"PropertyValueSpecification\",\"valueRequired\":true,\"valueName\":\"search_term_string\"}}],\"inLanguage\":\"lv-LV\"},{\"@type\":\"Organization\",\"@id\":\"https:\/\/hobstop.ee\/lv\/#organization\",\"name\":\"Vunder AS\",\"url\":\"https:\/\/hobstop.ee\/lv\/\",\"logo\":{\"@type\":\"ImageObject\",\"inLanguage\":\"lv-LV\",\"@id\":\"https:\/\/hobstop.ee\/lv\/#\/schema\/logo\/image\/\",\"url\":\"https:\/\/hobstop.ee\/media\/vunder-logo.png\",\"contentUrl\":\"https:\/\/hobstop.ee\/media\/vunder-logo.png\",\"width\":127,\"height\":55,\"caption\":\"Vunder AS\"},\"image\":{\"@id\":\"https:\/\/hobstop.ee\/lv\/#\/schema\/logo\/image\/\"},\"sameAs\":[\"http:\/\/www.facebook.com\/VunderSkizze\"]}]}<\/script>\n<!-- \/ Yoast SEO plugin. -->","yoast_head_json":{"title":"Laka Liberon Bistrot 250ml &#8211; Skizze","robots":{"index":"noindex","follow":"follow","max-snippet":"max-snippet:-1","max-image-preview":"max-image-preview:large","max-video-preview":"max-video-preview:-1"},"og_locale":"lv_LV","og_type":"article","og_title":"Laka Liberon Bistrot 250ml &#8211; Skizze","og_description":"Iztur\u012bga laka m\u0113be\u013cu un restor\u0101na iek\u0101rtojumam. Bistro laka ir poliuret\u0101na laka, kas nodro\u0161ina kokam \u012bpa\u0161i cietu un iztur\u012bgu aizsargsl\u0101ni. Piem\u0113rota izmanto\u0161anai m\u0101j\u0101s vis\u0101m m\u0113bel\u0113m, ar\u012b virtuv\u0113 un vannas istab\u0101. Lakotas virsmas k\u013c\u016bst karstuma, mitruma un alkohola iztur\u012bgas. Bistro laka veido sa\u0137eri ar vecas lakas virsmu. P\u0101rkl\u0101jums: 10m\u00b2\/L \u017d\u016b\u0161anas laiks: 24h Darba r\u012bki: ota Darba r\u012bku t\u012br\u012b\u0161ana: lakbenz\u012bns","og_url":"https:\/\/hobstop.ee\/lv\/produkts\/laka-liberon-bistrot-250ml\/","og_site_name":"Skizze","article_publisher":"http:\/\/www.facebook.com\/VunderSkizze","og_image":[{"width":1024,"height":768,"url":"https:\/\/hobstop.ee\/media\/2504.jpg","type":"image\/jpeg"}],"twitter_card":"summary_large_image","schema":{"@context":"https:\/\/schema.org","@graph":[{"@type":"WebPage","@id":"https:\/\/hobstop.ee\/lv\/produkts\/laka-liberon-bistrot-250ml\/","url":"https:\/\/hobstop.ee\/lv\/produkts\/laka-liberon-bistrot-250ml\/","name":"Laka Liberon Bistrot 250ml &#8211; Skizze","isPartOf":{"@id":"https:\/\/hobstop.ee\/lv\/#website"},"primaryImageOfPage":{"@id":"https:\/\/hobstop.ee\/lv\/produkts\/laka-liberon-bistrot-250ml\/#primaryimage"},"image":{"@id":"https:\/\/hobstop.ee\/lv\/produkts\/laka-liberon-bistrot-250ml\/#primaryimage"},"thumbnailUrl":"https:\/\/hobstop.ee\/media\/2504.jpg","datePublished":"2015-07-03T19:57:29+00:00","dateModified":"2015-07-03T19:57:29+00:00","breadcrumb":{"@id":"https:\/\/hobstop.ee\/lv\/produkts\/laka-liberon-bistrot-250ml\/#breadcrumb"},"inLanguage":"lv-LV","potentialAction":[{"@type":"ReadAction","target":["https:\/\/hobstop.ee\/lv\/produkts\/laka-liberon-bistrot-250ml\/"]}]},{"@type":"ImageObject","inLanguage":"lv-LV","@id":"https:\/\/hobstop.ee\/lv\/produkts\/laka-liberon-bistrot-250ml\/#primaryimage","url":"https:\/\/hobstop.ee\/media\/2504.jpg","contentUrl":"https:\/\/hobstop.ee\/media\/2504.jpg","width":1024,"height":768},{"@type":"BreadcrumbList","@id":"https:\/\/hobstop.ee\/lv\/produkts\/laka-liberon-bistrot-250ml\/#breadcrumb","itemListElement":[{"@type":"ListItem","position":1,"name":"Avaleht","item":"https:\/\/hobstop.ee\/lv\/"},{"@type":"ListItem","position":2,"name":"Veikals","item":"https:\/\/hobstop.ee\/lv\/veikals\/"},{"@type":"ListItem","position":3,"name":"Laka Liberon Bistrot 250ml"}]},{"@type":"WebSite","@id":"https:\/\/hobstop.ee\/lv\/#website","url":"https:\/\/hobstop.ee\/lv\/","name":"Skizze","description":"M\u0101kslas, hobiju un skolas preces","publisher":{"@id":"https:\/\/hobstop.ee\/lv\/#organization"},"potentialAction":[{"@type":"SearchAction","target":{"@type":"EntryPoint","urlTemplate":"https:\/\/hobstop.ee\/lv\/?s={search_term_string}"},"query-input":{"@type":"PropertyValueSpecification","valueRequired":true,"valueName":"search_term_string"}}],"inLanguage":"lv-LV"},{"@type":"Organization","@id":"https:\/\/hobstop.ee\/lv\/#organization","name":"Vunder AS","url":"https:\/\/hobstop.ee\/lv\/","logo":{"@type":"ImageObject","inLanguage":"lv-LV","@id":"https:\/\/hobstop.ee\/lv\/#\/schema\/logo\/image\/","url":"https:\/\/hobstop.ee\/media\/vunder-logo.png","contentUrl":"https:\/\/hobstop.ee\/media\/vunder-logo.png","width":127,"height":55,"caption":"Vunder AS"},"image":{"@id":"https:\/\/hobstop.ee\/lv\/#\/schema\/logo\/image\/"},"sameAs":["http:\/\/www.facebook.com\/VunderSkizze"]}]}},"_links":{"self":[{"href":"https:\/\/hobstop.ee\/lv\/wp-json\/wp\/v2\/product\/130001","targetHints":{"allow":["GET"]}}],"collection":[{"href":"https:\/\/hobstop.ee\/lv\/wp-json\/wp\/v2\/product"}],"about":[{"href":"https:\/\/hobstop.ee\/lv\/wp-json\/wp\/v2\/types\/product"}],"replies":[{"embeddable":true,"href":"https:\/\/hobstop.ee\/lv\/wp-json\/wp\/v2\/comments?post=130001"}],"wp:featuredmedia":[{"embeddable":true,"href":"https:\/\/hobstop.ee\/lv\/wp-json\/wp\/v2\/media\/104938"}],"wp:attachment":[{"href":"https:\/\/hobstop.ee\/lv\/wp-json\/wp\/v2\/media?parent=130001"}],"wp:term":[{"taxonomy":"product_cat","embeddable":true,"href":"https:\/\/hobstop.ee\/lv\/wp-json\/wp\/v2\/product_cat?post=130001"},{"taxonomy":"product_tag","embeddable":true,"href":"https:\/\/hobstop.ee\/lv\/wp-json\/wp\/v2\/product_tag?post=130001"}],"curies":[{"name":"wp","href":"https:\/\/api.w.org\/{rel}","templated":true}]}}