{"id":130051,"date":"2015-07-03T23:12:07","date_gmt":"2015-07-03T20:12:07","guid":{"rendered":"http:\/\/vunder-ee.sn25.zone.eu\/lv\/product\/tirisanas-lidzeklis-darza-mebelem-liberon-750ml\/"},"modified":"2015-07-03T23:12:07","modified_gmt":"2015-07-03T20:12:07","slug":"tirisanas-lidzeklis-darza-mebelem-liberon-750ml","status":"publish","type":"product","link":"https:\/\/hobstop.ee\/lv\/produkts\/tirisanas-lidzeklis-darza-mebelem-liberon-750ml\/","title":{"rendered":"T\u012br\u012b\u0161anas l\u012bdzeklis d\u0101rza m\u0113bel\u0113m Liberon 750ml"},"content":{"rendered":"<p>T\u012bra vecas un net\u012bras d\u0101rza m\u0113beles un citas koka virsmas, kas gadu gait\u0101 ir nolietoju\u0161\u0101s un zaud\u0113ju\u0161as sp\u012bdumu. Not\u012bra liet\u016b nomeln\u0113ju\u0161as vietas no vis\u0101m koka virsm\u0101m. Satur aizsargvielas, kas kav\u0113 s\u0113n\u012b\u0161u att\u012bst\u012bbu kok\u0101.<\/p>\n","protected":false},"excerpt":{"rendered":"<p>T\u012bra vecas un net\u012bras d\u0101rza m\u0113beles un citas koka virsmas, kas gadu gait\u0101 ir nolietoju\u0161\u0101s un zaud\u0113ju\u0161as sp\u012bdumu. Not\u012bra liet\u016b nomeln\u0113ju\u0161as vietas no vis\u0101m koka virsm\u0101m. Satur aizsargvielas, kas kav\u0113 s\u0113n\u012b\u0161u att\u012bst\u012bbu kok\u0101.<\/p>\n","protected":false},"featured_media":104946,"comment_status":"closed","ping_status":"closed","template":"","meta":{"_acf_changed":false,"ep_exclude_from_search":false},"product_cat":[18565,18561,14970],"product_tag":[],"class_list":{"0":"post-130051","1":"product","2":"type-product","3":"status-publish","4":"has-post-thumbnail","6":"product_cat-koka-tirisana","7":"product_cat-restauracija","8":"product_cat-restauracija-un-iekstelpu-apdare-2","10":"first","11":"instock","12":"taxable","13":"shipping-taxable","14":"purchasable","15":"product-type-variable"},"acf":[],"yoast_head":"<!-- This site is optimized with the Yoast SEO plugin v24.1 - https:\/\/yoast.com\/wordpress\/plugins\/seo\/ -->\n<title>T\u012br\u012b\u0161anas l\u012bdzeklis d\u0101rza m\u0113bel\u0113m Liberon 750ml &#8211; Skizze<\/title>\n<meta name=\"robots\" content=\"noindex, follow, max-snippet:-1, max-image-preview:large, max-video-preview:-1\" \/>\n<meta property=\"og:locale\" content=\"lv_LV\" \/>\n<meta property=\"og:type\" content=\"article\" \/>\n<meta property=\"og:title\" content=\"T\u012br\u012b\u0161anas l\u012bdzeklis d\u0101rza m\u0113bel\u0113m Liberon 750ml &#8211; Skizze\" \/>\n<meta property=\"og:description\" content=\"T\u012bra vecas un net\u012bras d\u0101rza m\u0113beles un citas koka virsmas, kas gadu gait\u0101 ir nolietoju\u0161\u0101s un zaud\u0113ju\u0161as sp\u012bdumu. Not\u012bra liet\u016b nomeln\u0113ju\u0161as vietas no vis\u0101m koka virsm\u0101m. Satur aizsargvielas, kas kav\u0113 s\u0113n\u012b\u0161u att\u012bst\u012bbu kok\u0101.\" \/>\n<meta property=\"og:url\" content=\"https:\/\/hobstop.ee\/lv\/produkts\/tirisanas-lidzeklis-darza-mebelem-liberon-750ml\/\" \/>\n<meta property=\"og:site_name\" content=\"Skizze\" \/>\n<meta property=\"article:publisher\" content=\"http:\/\/www.facebook.com\/VunderSkizze\" \/>\n<meta property=\"og:image\" content=\"https:\/\/hobstop.ee\/media\/2507.jpg\" \/>\n\t<meta property=\"og:image:width\" content=\"1024\" \/>\n\t<meta property=\"og:image:height\" content=\"768\" \/>\n\t<meta property=\"og:image:type\" content=\"image\/jpeg\" \/>\n<meta name=\"twitter:card\" content=\"summary_large_image\" \/>\n<script type=\"application\/ld+json\" class=\"yoast-schema-graph\">{\"@context\":\"https:\/\/schema.org\",\"@graph\":[{\"@type\":\"WebPage\",\"@id\":\"https:\/\/hobstop.ee\/lv\/produkts\/tirisanas-lidzeklis-darza-mebelem-liberon-750ml\/\",\"url\":\"https:\/\/hobstop.ee\/lv\/produkts\/tirisanas-lidzeklis-darza-mebelem-liberon-750ml\/\",\"name\":\"T\u012br\u012b\u0161anas l\u012bdzeklis d\u0101rza m\u0113bel\u0113m Liberon 750ml &#8211; Skizze\",\"isPartOf\":{\"@id\":\"https:\/\/hobstop.ee\/lv\/#website\"},\"primaryImageOfPage\":{\"@id\":\"https:\/\/hobstop.ee\/lv\/produkts\/tirisanas-lidzeklis-darza-mebelem-liberon-750ml\/#primaryimage\"},\"image\":{\"@id\":\"https:\/\/hobstop.ee\/lv\/produkts\/tirisanas-lidzeklis-darza-mebelem-liberon-750ml\/#primaryimage\"},\"thumbnailUrl\":\"https:\/\/hobstop.ee\/media\/2507.jpg\",\"datePublished\":\"2015-07-03T20:12:07+00:00\",\"dateModified\":\"2015-07-03T20:12:07+00:00\",\"breadcrumb\":{\"@id\":\"https:\/\/hobstop.ee\/lv\/produkts\/tirisanas-lidzeklis-darza-mebelem-liberon-750ml\/#breadcrumb\"},\"inLanguage\":\"lv-LV\",\"potentialAction\":[{\"@type\":\"ReadAction\",\"target\":[\"https:\/\/hobstop.ee\/lv\/produkts\/tirisanas-lidzeklis-darza-mebelem-liberon-750ml\/\"]}]},{\"@type\":\"ImageObject\",\"inLanguage\":\"lv-LV\",\"@id\":\"https:\/\/hobstop.ee\/lv\/produkts\/tirisanas-lidzeklis-darza-mebelem-liberon-750ml\/#primaryimage\",\"url\":\"https:\/\/hobstop.ee\/media\/2507.jpg\",\"contentUrl\":\"https:\/\/hobstop.ee\/media\/2507.jpg\",\"width\":1024,\"height\":768},{\"@type\":\"BreadcrumbList\",\"@id\":\"https:\/\/hobstop.ee\/lv\/produkts\/tirisanas-lidzeklis-darza-mebelem-liberon-750ml\/#breadcrumb\",\"itemListElement\":[{\"@type\":\"ListItem\",\"position\":1,\"name\":\"Avaleht\",\"item\":\"https:\/\/hobstop.ee\/lv\/\"},{\"@type\":\"ListItem\",\"position\":2,\"name\":\"Veikals\",\"item\":\"https:\/\/hobstop.ee\/lv\/veikals\/\"},{\"@type\":\"ListItem\",\"position\":3,\"name\":\"T\u012br\u012b\u0161anas l\u012bdzeklis d\u0101rza m\u0113bel\u0113m Liberon 750ml\"}]},{\"@type\":\"WebSite\",\"@id\":\"https:\/\/hobstop.ee\/lv\/#website\",\"url\":\"https:\/\/hobstop.ee\/lv\/\",\"name\":\"Skizze\",\"description\":\"M\u0101kslas, hobiju un skolas preces\",\"publisher\":{\"@id\":\"https:\/\/hobstop.ee\/lv\/#organization\"},\"potentialAction\":[{\"@type\":\"SearchAction\",\"target\":{\"@type\":\"EntryPoint\",\"urlTemplate\":\"https:\/\/hobstop.ee\/lv\/?s={search_term_string}\"},\"query-input\":{\"@type\":\"PropertyValueSpecification\",\"valueRequired\":true,\"valueName\":\"search_term_string\"}}],\"inLanguage\":\"lv-LV\"},{\"@type\":\"Organization\",\"@id\":\"https:\/\/hobstop.ee\/lv\/#organization\",\"name\":\"Vunder AS\",\"url\":\"https:\/\/hobstop.ee\/lv\/\",\"logo\":{\"@type\":\"ImageObject\",\"inLanguage\":\"lv-LV\",\"@id\":\"https:\/\/hobstop.ee\/lv\/#\/schema\/logo\/image\/\",\"url\":\"https:\/\/hobstop.ee\/media\/vunder-logo.png\",\"contentUrl\":\"https:\/\/hobstop.ee\/media\/vunder-logo.png\",\"width\":127,\"height\":55,\"caption\":\"Vunder AS\"},\"image\":{\"@id\":\"https:\/\/hobstop.ee\/lv\/#\/schema\/logo\/image\/\"},\"sameAs\":[\"http:\/\/www.facebook.com\/VunderSkizze\"]}]}<\/script>\n<!-- \/ Yoast SEO plugin. -->","yoast_head_json":{"title":"T\u012br\u012b\u0161anas l\u012bdzeklis d\u0101rza m\u0113bel\u0113m Liberon 750ml &#8211; Skizze","robots":{"index":"noindex","follow":"follow","max-snippet":"max-snippet:-1","max-image-preview":"max-image-preview:large","max-video-preview":"max-video-preview:-1"},"og_locale":"lv_LV","og_type":"article","og_title":"T\u012br\u012b\u0161anas l\u012bdzeklis d\u0101rza m\u0113bel\u0113m Liberon 750ml &#8211; Skizze","og_description":"T\u012bra vecas un net\u012bras d\u0101rza m\u0113beles un citas koka virsmas, kas gadu gait\u0101 ir nolietoju\u0161\u0101s un zaud\u0113ju\u0161as sp\u012bdumu. Not\u012bra liet\u016b nomeln\u0113ju\u0161as vietas no vis\u0101m koka virsm\u0101m. Satur aizsargvielas, kas kav\u0113 s\u0113n\u012b\u0161u att\u012bst\u012bbu kok\u0101.","og_url":"https:\/\/hobstop.ee\/lv\/produkts\/tirisanas-lidzeklis-darza-mebelem-liberon-750ml\/","og_site_name":"Skizze","article_publisher":"http:\/\/www.facebook.com\/VunderSkizze","og_image":[{"width":1024,"height":768,"url":"https:\/\/hobstop.ee\/media\/2507.jpg","type":"image\/jpeg"}],"twitter_card":"summary_large_image","schema":{"@context":"https:\/\/schema.org","@graph":[{"@type":"WebPage","@id":"https:\/\/hobstop.ee\/lv\/produkts\/tirisanas-lidzeklis-darza-mebelem-liberon-750ml\/","url":"https:\/\/hobstop.ee\/lv\/produkts\/tirisanas-lidzeklis-darza-mebelem-liberon-750ml\/","name":"T\u012br\u012b\u0161anas l\u012bdzeklis d\u0101rza m\u0113bel\u0113m Liberon 750ml &#8211; Skizze","isPartOf":{"@id":"https:\/\/hobstop.ee\/lv\/#website"},"primaryImageOfPage":{"@id":"https:\/\/hobstop.ee\/lv\/produkts\/tirisanas-lidzeklis-darza-mebelem-liberon-750ml\/#primaryimage"},"image":{"@id":"https:\/\/hobstop.ee\/lv\/produkts\/tirisanas-lidzeklis-darza-mebelem-liberon-750ml\/#primaryimage"},"thumbnailUrl":"https:\/\/hobstop.ee\/media\/2507.jpg","datePublished":"2015-07-03T20:12:07+00:00","dateModified":"2015-07-03T20:12:07+00:00","breadcrumb":{"@id":"https:\/\/hobstop.ee\/lv\/produkts\/tirisanas-lidzeklis-darza-mebelem-liberon-750ml\/#breadcrumb"},"inLanguage":"lv-LV","potentialAction":[{"@type":"ReadAction","target":["https:\/\/hobstop.ee\/lv\/produkts\/tirisanas-lidzeklis-darza-mebelem-liberon-750ml\/"]}]},{"@type":"ImageObject","inLanguage":"lv-LV","@id":"https:\/\/hobstop.ee\/lv\/produkts\/tirisanas-lidzeklis-darza-mebelem-liberon-750ml\/#primaryimage","url":"https:\/\/hobstop.ee\/media\/2507.jpg","contentUrl":"https:\/\/hobstop.ee\/media\/2507.jpg","width":1024,"height":768},{"@type":"BreadcrumbList","@id":"https:\/\/hobstop.ee\/lv\/produkts\/tirisanas-lidzeklis-darza-mebelem-liberon-750ml\/#breadcrumb","itemListElement":[{"@type":"ListItem","position":1,"name":"Avaleht","item":"https:\/\/hobstop.ee\/lv\/"},{"@type":"ListItem","position":2,"name":"Veikals","item":"https:\/\/hobstop.ee\/lv\/veikals\/"},{"@type":"ListItem","position":3,"name":"T\u012br\u012b\u0161anas l\u012bdzeklis d\u0101rza m\u0113bel\u0113m Liberon 750ml"}]},{"@type":"WebSite","@id":"https:\/\/hobstop.ee\/lv\/#website","url":"https:\/\/hobstop.ee\/lv\/","name":"Skizze","description":"M\u0101kslas, hobiju un skolas preces","publisher":{"@id":"https:\/\/hobstop.ee\/lv\/#organization"},"potentialAction":[{"@type":"SearchAction","target":{"@type":"EntryPoint","urlTemplate":"https:\/\/hobstop.ee\/lv\/?s={search_term_string}"},"query-input":{"@type":"PropertyValueSpecification","valueRequired":true,"valueName":"search_term_string"}}],"inLanguage":"lv-LV"},{"@type":"Organization","@id":"https:\/\/hobstop.ee\/lv\/#organization","name":"Vunder AS","url":"https:\/\/hobstop.ee\/lv\/","logo":{"@type":"ImageObject","inLanguage":"lv-LV","@id":"https:\/\/hobstop.ee\/lv\/#\/schema\/logo\/image\/","url":"https:\/\/hobstop.ee\/media\/vunder-logo.png","contentUrl":"https:\/\/hobstop.ee\/media\/vunder-logo.png","width":127,"height":55,"caption":"Vunder AS"},"image":{"@id":"https:\/\/hobstop.ee\/lv\/#\/schema\/logo\/image\/"},"sameAs":["http:\/\/www.facebook.com\/VunderSkizze"]}]}},"_links":{"self":[{"href":"https:\/\/hobstop.ee\/lv\/wp-json\/wp\/v2\/product\/130051","targetHints":{"allow":["GET"]}}],"collection":[{"href":"https:\/\/hobstop.ee\/lv\/wp-json\/wp\/v2\/product"}],"about":[{"href":"https:\/\/hobstop.ee\/lv\/wp-json\/wp\/v2\/types\/product"}],"replies":[{"embeddable":true,"href":"https:\/\/hobstop.ee\/lv\/wp-json\/wp\/v2\/comments?post=130051"}],"wp:featuredmedia":[{"embeddable":true,"href":"https:\/\/hobstop.ee\/lv\/wp-json\/wp\/v2\/media\/104946"}],"wp:attachment":[{"href":"https:\/\/hobstop.ee\/lv\/wp-json\/wp\/v2\/media?parent=130051"}],"wp:term":[{"taxonomy":"product_cat","embeddable":true,"href":"https:\/\/hobstop.ee\/lv\/wp-json\/wp\/v2\/product_cat?post=130051"},{"taxonomy":"product_tag","embeddable":true,"href":"https:\/\/hobstop.ee\/lv\/wp-json\/wp\/v2\/product_tag?post=130051"}],"curies":[{"name":"wp","href":"https:\/\/api.w.org\/{rel}","templated":true}]}}