{"id":133404,"date":"2015-07-04T05:15:54","date_gmt":"2015-07-04T02:15:54","guid":{"rendered":"http:\/\/vunder-ee.sn25.zone.eu\/lv\/product\/krasa-bloom-250ml-plaisajosa\/"},"modified":"2015-07-04T05:15:54","modified_gmt":"2015-07-04T02:15:54","slug":"krasa-bloom-250ml-plaisajosa","status":"publish","type":"product","link":"https:\/\/hobstop.ee\/lv\/produkts\/krasa-bloom-250ml-plaisajosa\/","title":{"rendered":"Kr\u0101sa Bloom 250ml plais\u0101jo\u0161a"},"content":{"rendered":"<p>Ar BLOOM produktiem var rad\u012bt aizraujo\u0161\u0101s krakl\u0113 tehnikas virsmu, izmantojot kokosa kr\u0101su un speci\u0101lu laku un kr\u0101su. Piem\u0113roti izmanto\u0161anai uz m\u0113bel\u0113m un dekorat\u012bviem priek\u0161metiem.<br \/>\nBLOOM vecino\u0161o laku j\u0101lieto kop\u0101 ar vecino\u0161o kr\u0101su.<br \/>\nP\u0101rkl\u0101jums: 8m\u00b2\/L<br \/>\n\u017d\u016b\u0161anas laiks: 1h<br \/>\nDarba r\u012bki: sint\u0113tiska ota<br \/>\nDarba r\u012bku t\u012br\u012b\u0161ana: \u016bdens un ziepes<\/p>\n","protected":false},"excerpt":{"rendered":"<p>Ar BLOOM produktiem var rad\u012bt aizraujo\u0161\u0101s krakl\u0113 tehnikas virsmu, izmantojot kokosa kr\u0101su un speci\u0101lu laku un kr\u0101su. Piem\u0113roti izmanto\u0161anai uz m\u0113bel\u0113m un dekorat\u012bviem priek\u0161metiem. BLOOM vecino\u0161o laku j\u0101lieto kop\u0101 ar vecino\u0161o kr\u0101su. P\u0101rkl\u0101jums: 8m\u00b2\/L \u017d\u016b\u0161anas laiks: 1h Darba r\u012bki: sint\u0113tiska ota Darba r\u012bku t\u012br\u012b\u0161ana: \u016bdens un ziepes<\/p>\n","protected":false},"featured_media":106490,"comment_status":"closed","ping_status":"closed","template":"","meta":{"_acf_changed":false,"ep_exclude_from_search":false},"product_cat":[18563,17946,14970],"product_tag":[],"class_list":{"0":"post-133404","1":"product","2":"type-product","3":"status-publish","4":"has-post-thumbnail","6":"product_cat-iekstelpu-apdare","7":"product_cat-krasas-3","8":"product_cat-restauracija-un-iekstelpu-apdare-2","10":"first","11":"instock","12":"taxable","13":"shipping-taxable","14":"purchasable","15":"product-type-variable"},"acf":[],"yoast_head":"<!-- This site is optimized with the Yoast SEO plugin v24.1 - https:\/\/yoast.com\/wordpress\/plugins\/seo\/ -->\n<title>Kr\u0101sa Bloom 250ml plais\u0101jo\u0161a &#8211; Skizze<\/title>\n<meta name=\"robots\" content=\"noindex, follow, max-snippet:-1, max-image-preview:large, max-video-preview:-1\" \/>\n<meta property=\"og:locale\" content=\"lv_LV\" \/>\n<meta property=\"og:type\" content=\"article\" \/>\n<meta property=\"og:title\" content=\"Kr\u0101sa Bloom 250ml plais\u0101jo\u0161a &#8211; Skizze\" \/>\n<meta property=\"og:description\" content=\"Ar BLOOM produktiem var rad\u012bt aizraujo\u0161\u0101s krakl\u0113 tehnikas virsmu, izmantojot kokosa kr\u0101su un speci\u0101lu laku un kr\u0101su. Piem\u0113roti izmanto\u0161anai uz m\u0113bel\u0113m un dekorat\u012bviem priek\u0161metiem. BLOOM vecino\u0161o laku j\u0101lieto kop\u0101 ar vecino\u0161o kr\u0101su. P\u0101rkl\u0101jums: 8m\u00b2\/L \u017d\u016b\u0161anas laiks: 1h Darba r\u012bki: sint\u0113tiska ota Darba r\u012bku t\u012br\u012b\u0161ana: \u016bdens un ziepes\" \/>\n<meta property=\"og:url\" content=\"https:\/\/hobstop.ee\/lv\/produkts\/krasa-bloom-250ml-plaisajosa\/\" \/>\n<meta property=\"og:site_name\" content=\"Skizze\" \/>\n<meta property=\"article:publisher\" content=\"http:\/\/www.facebook.com\/VunderSkizze\" \/>\n<meta property=\"og:image\" content=\"https:\/\/hobstop.ee\/media\/3257.jpg\" \/>\n\t<meta property=\"og:image:width\" content=\"1024\" \/>\n\t<meta property=\"og:image:height\" content=\"768\" \/>\n\t<meta property=\"og:image:type\" content=\"image\/jpeg\" \/>\n<meta name=\"twitter:card\" content=\"summary_large_image\" \/>\n<script type=\"application\/ld+json\" class=\"yoast-schema-graph\">{\"@context\":\"https:\/\/schema.org\",\"@graph\":[{\"@type\":\"WebPage\",\"@id\":\"https:\/\/hobstop.ee\/lv\/produkts\/krasa-bloom-250ml-plaisajosa\/\",\"url\":\"https:\/\/hobstop.ee\/lv\/produkts\/krasa-bloom-250ml-plaisajosa\/\",\"name\":\"Kr\u0101sa Bloom 250ml plais\u0101jo\u0161a &#8211; Skizze\",\"isPartOf\":{\"@id\":\"https:\/\/hobstop.ee\/lv\/#website\"},\"primaryImageOfPage\":{\"@id\":\"https:\/\/hobstop.ee\/lv\/produkts\/krasa-bloom-250ml-plaisajosa\/#primaryimage\"},\"image\":{\"@id\":\"https:\/\/hobstop.ee\/lv\/produkts\/krasa-bloom-250ml-plaisajosa\/#primaryimage\"},\"thumbnailUrl\":\"https:\/\/hobstop.ee\/media\/3257.jpg\",\"datePublished\":\"2015-07-04T02:15:54+00:00\",\"dateModified\":\"2015-07-04T02:15:54+00:00\",\"breadcrumb\":{\"@id\":\"https:\/\/hobstop.ee\/lv\/produkts\/krasa-bloom-250ml-plaisajosa\/#breadcrumb\"},\"inLanguage\":\"lv-LV\",\"potentialAction\":[{\"@type\":\"ReadAction\",\"target\":[\"https:\/\/hobstop.ee\/lv\/produkts\/krasa-bloom-250ml-plaisajosa\/\"]}]},{\"@type\":\"ImageObject\",\"inLanguage\":\"lv-LV\",\"@id\":\"https:\/\/hobstop.ee\/lv\/produkts\/krasa-bloom-250ml-plaisajosa\/#primaryimage\",\"url\":\"https:\/\/hobstop.ee\/media\/3257.jpg\",\"contentUrl\":\"https:\/\/hobstop.ee\/media\/3257.jpg\",\"width\":1024,\"height\":768},{\"@type\":\"BreadcrumbList\",\"@id\":\"https:\/\/hobstop.ee\/lv\/produkts\/krasa-bloom-250ml-plaisajosa\/#breadcrumb\",\"itemListElement\":[{\"@type\":\"ListItem\",\"position\":1,\"name\":\"Avaleht\",\"item\":\"https:\/\/www.hobstop.ee\/lv\/\"},{\"@type\":\"ListItem\",\"position\":2,\"name\":\"Veikals\",\"item\":\"https:\/\/www.hobstop.ee\/lv\/veikals\/\"},{\"@type\":\"ListItem\",\"position\":3,\"name\":\"Kr\u0101sa Bloom 250ml plais\u0101jo\u0161a\"}]},{\"@type\":\"WebSite\",\"@id\":\"https:\/\/hobstop.ee\/lv\/#website\",\"url\":\"https:\/\/hobstop.ee\/lv\/\",\"name\":\"Skizze\",\"description\":\"M\u0101kslas, hobiju un skolas preces\",\"publisher\":{\"@id\":\"https:\/\/hobstop.ee\/lv\/#organization\"},\"potentialAction\":[{\"@type\":\"SearchAction\",\"target\":{\"@type\":\"EntryPoint\",\"urlTemplate\":\"https:\/\/hobstop.ee\/lv\/?s={search_term_string}\"},\"query-input\":{\"@type\":\"PropertyValueSpecification\",\"valueRequired\":true,\"valueName\":\"search_term_string\"}}],\"inLanguage\":\"lv-LV\"},{\"@type\":\"Organization\",\"@id\":\"https:\/\/hobstop.ee\/lv\/#organization\",\"name\":\"Vunder AS\",\"url\":\"https:\/\/hobstop.ee\/lv\/\",\"logo\":{\"@type\":\"ImageObject\",\"inLanguage\":\"lv-LV\",\"@id\":\"https:\/\/hobstop.ee\/lv\/#\/schema\/logo\/image\/\",\"url\":\"https:\/\/hobstop.ee\/media\/vunder-logo.png\",\"contentUrl\":\"https:\/\/hobstop.ee\/media\/vunder-logo.png\",\"width\":127,\"height\":55,\"caption\":\"Vunder AS\"},\"image\":{\"@id\":\"https:\/\/hobstop.ee\/lv\/#\/schema\/logo\/image\/\"},\"sameAs\":[\"http:\/\/www.facebook.com\/VunderSkizze\"]}]}<\/script>\n<!-- \/ Yoast SEO plugin. -->","yoast_head_json":{"title":"Kr\u0101sa Bloom 250ml plais\u0101jo\u0161a &#8211; Skizze","robots":{"index":"noindex","follow":"follow","max-snippet":"max-snippet:-1","max-image-preview":"max-image-preview:large","max-video-preview":"max-video-preview:-1"},"og_locale":"lv_LV","og_type":"article","og_title":"Kr\u0101sa Bloom 250ml plais\u0101jo\u0161a &#8211; Skizze","og_description":"Ar BLOOM produktiem var rad\u012bt aizraujo\u0161\u0101s krakl\u0113 tehnikas virsmu, izmantojot kokosa kr\u0101su un speci\u0101lu laku un kr\u0101su. Piem\u0113roti izmanto\u0161anai uz m\u0113bel\u0113m un dekorat\u012bviem priek\u0161metiem. BLOOM vecino\u0161o laku j\u0101lieto kop\u0101 ar vecino\u0161o kr\u0101su. P\u0101rkl\u0101jums: 8m\u00b2\/L \u017d\u016b\u0161anas laiks: 1h Darba r\u012bki: sint\u0113tiska ota Darba r\u012bku t\u012br\u012b\u0161ana: \u016bdens un ziepes","og_url":"https:\/\/hobstop.ee\/lv\/produkts\/krasa-bloom-250ml-plaisajosa\/","og_site_name":"Skizze","article_publisher":"http:\/\/www.facebook.com\/VunderSkizze","og_image":[{"width":1024,"height":768,"url":"https:\/\/hobstop.ee\/media\/3257.jpg","type":"image\/jpeg"}],"twitter_card":"summary_large_image","schema":{"@context":"https:\/\/schema.org","@graph":[{"@type":"WebPage","@id":"https:\/\/hobstop.ee\/lv\/produkts\/krasa-bloom-250ml-plaisajosa\/","url":"https:\/\/hobstop.ee\/lv\/produkts\/krasa-bloom-250ml-plaisajosa\/","name":"Kr\u0101sa Bloom 250ml plais\u0101jo\u0161a &#8211; Skizze","isPartOf":{"@id":"https:\/\/hobstop.ee\/lv\/#website"},"primaryImageOfPage":{"@id":"https:\/\/hobstop.ee\/lv\/produkts\/krasa-bloom-250ml-plaisajosa\/#primaryimage"},"image":{"@id":"https:\/\/hobstop.ee\/lv\/produkts\/krasa-bloom-250ml-plaisajosa\/#primaryimage"},"thumbnailUrl":"https:\/\/hobstop.ee\/media\/3257.jpg","datePublished":"2015-07-04T02:15:54+00:00","dateModified":"2015-07-04T02:15:54+00:00","breadcrumb":{"@id":"https:\/\/hobstop.ee\/lv\/produkts\/krasa-bloom-250ml-plaisajosa\/#breadcrumb"},"inLanguage":"lv-LV","potentialAction":[{"@type":"ReadAction","target":["https:\/\/hobstop.ee\/lv\/produkts\/krasa-bloom-250ml-plaisajosa\/"]}]},{"@type":"ImageObject","inLanguage":"lv-LV","@id":"https:\/\/hobstop.ee\/lv\/produkts\/krasa-bloom-250ml-plaisajosa\/#primaryimage","url":"https:\/\/hobstop.ee\/media\/3257.jpg","contentUrl":"https:\/\/hobstop.ee\/media\/3257.jpg","width":1024,"height":768},{"@type":"BreadcrumbList","@id":"https:\/\/hobstop.ee\/lv\/produkts\/krasa-bloom-250ml-plaisajosa\/#breadcrumb","itemListElement":[{"@type":"ListItem","position":1,"name":"Avaleht","item":"https:\/\/www.hobstop.ee\/lv\/"},{"@type":"ListItem","position":2,"name":"Veikals","item":"https:\/\/www.hobstop.ee\/lv\/veikals\/"},{"@type":"ListItem","position":3,"name":"Kr\u0101sa Bloom 250ml plais\u0101jo\u0161a"}]},{"@type":"WebSite","@id":"https:\/\/hobstop.ee\/lv\/#website","url":"https:\/\/hobstop.ee\/lv\/","name":"Skizze","description":"M\u0101kslas, hobiju un skolas preces","publisher":{"@id":"https:\/\/hobstop.ee\/lv\/#organization"},"potentialAction":[{"@type":"SearchAction","target":{"@type":"EntryPoint","urlTemplate":"https:\/\/hobstop.ee\/lv\/?s={search_term_string}"},"query-input":{"@type":"PropertyValueSpecification","valueRequired":true,"valueName":"search_term_string"}}],"inLanguage":"lv-LV"},{"@type":"Organization","@id":"https:\/\/hobstop.ee\/lv\/#organization","name":"Vunder AS","url":"https:\/\/hobstop.ee\/lv\/","logo":{"@type":"ImageObject","inLanguage":"lv-LV","@id":"https:\/\/hobstop.ee\/lv\/#\/schema\/logo\/image\/","url":"https:\/\/hobstop.ee\/media\/vunder-logo.png","contentUrl":"https:\/\/hobstop.ee\/media\/vunder-logo.png","width":127,"height":55,"caption":"Vunder AS"},"image":{"@id":"https:\/\/hobstop.ee\/lv\/#\/schema\/logo\/image\/"},"sameAs":["http:\/\/www.facebook.com\/VunderSkizze"]}]}},"_links":{"self":[{"href":"https:\/\/hobstop.ee\/lv\/wp-json\/wp\/v2\/product\/133404","targetHints":{"allow":["GET"]}}],"collection":[{"href":"https:\/\/hobstop.ee\/lv\/wp-json\/wp\/v2\/product"}],"about":[{"href":"https:\/\/hobstop.ee\/lv\/wp-json\/wp\/v2\/types\/product"}],"replies":[{"embeddable":true,"href":"https:\/\/hobstop.ee\/lv\/wp-json\/wp\/v2\/comments?post=133404"}],"wp:featuredmedia":[{"embeddable":true,"href":"https:\/\/hobstop.ee\/lv\/wp-json\/wp\/v2\/media\/106490"}],"wp:attachment":[{"href":"https:\/\/hobstop.ee\/lv\/wp-json\/wp\/v2\/media?parent=133404"}],"wp:term":[{"taxonomy":"product_cat","embeddable":true,"href":"https:\/\/hobstop.ee\/lv\/wp-json\/wp\/v2\/product_cat?post=133404"},{"taxonomy":"product_tag","embeddable":true,"href":"https:\/\/hobstop.ee\/lv\/wp-json\/wp\/v2\/product_tag?post=133404"}],"curies":[{"name":"wp","href":"https:\/\/api.w.org\/{rel}","templated":true}]}}