{"id":136408,"date":"2015-07-04T14:15:13","date_gmt":"2015-07-04T11:15:13","guid":{"rendered":"http:\/\/vunder-ee.sn25.zone.eu\/lv\/product\/caurduris-maped-essentials-metal\/"},"modified":"2015-07-04T14:15:13","modified_gmt":"2015-07-04T11:15:13","slug":"caurduris-maped-essentials-metal","status":"publish","type":"product","link":"https:\/\/hobstop.ee\/lv\/produkts\/caurduris-maped-essentials-metal\/","title":{"rendered":"Caurduris Maped Essentials Metal"},"content":{"rendered":"<p>Ar Essentials s\u0113riju Maped Office transform\u0113 J\u016bsu profesion\u0101l\u0101s darb\u012bbas  vidi &#8211; tehniskie un dizaina produkti J\u016bsu ikdienas vajadz\u012bb\u0101m! Ar Essential Metal caurumot\u0101ju var izsist caurumus da\u017e\u0101diem pap\u012bra izm\u0113riem. Izmantojot \u0101tr\u0161uv\u0113ja gredzenus, caurumu veido\u0161anu var veikt \u0101tri un prec\u012bzi. Optimiz\u0113ta pap\u012bra ievieto\u0161anas un centr\u0113\u0161anas sist\u0113ma. Tagad Jums ir viss nepiecie\u0161amais, lai darbu veiktu ar prieku!<\/p>\n","protected":false},"excerpt":{"rendered":"<p>Ar Essentials s\u0113riju Maped Office transform\u0113 J\u016bsu profesion\u0101l\u0101s darb\u012bbas vidi &#8211; tehniskie un dizaina produkti J\u016bsu ikdienas vajadz\u012bb\u0101m! Ar Essential Metal caurumot\u0101ju var izsist caurumus da\u017e\u0101diem pap\u012bra izm\u0113riem. Izmantojot \u0101tr\u0161uv\u0113ja gredzenus, caurumu veido\u0161anu var veikt \u0101tri un prec\u012bzi. Optimiz\u0113ta pap\u012bra ievieto\u0161anas un centr\u0113\u0161anas sist\u0113ma. Tagad Jums ir viss nepiecie\u0161amais, lai darbu veiktu ar prieku!<\/p>\n","protected":false},"featured_media":160036,"comment_status":"closed","ping_status":"closed","template":"","meta":{"_acf_changed":false,"ep_exclude_from_search":false},"product_cat":[17913,19048,18919],"product_tag":[],"class_list":{"0":"post-136408","1":"product","2":"type-product","3":"status-publish","4":"has-post-thumbnail","6":"product_cat-biroja-preces","7":"product_cat-caurumotaji","8":"product_cat-ofisa-preces-4","10":"first","11":"instock","12":"sale","13":"taxable","14":"shipping-taxable","15":"purchasable","16":"product-type-variable"},"acf":[],"yoast_head":"<!-- This site is optimized with the Yoast SEO plugin v24.1 - https:\/\/yoast.com\/wordpress\/plugins\/seo\/ -->\n<title>Caurduris Maped Essentials Metal &#8211; Skizze<\/title>\n<meta name=\"robots\" content=\"noindex, follow, max-snippet:-1, max-image-preview:large, max-video-preview:-1\" \/>\n<meta property=\"og:locale\" content=\"lv_LV\" \/>\n<meta property=\"og:type\" content=\"article\" \/>\n<meta property=\"og:title\" content=\"Caurduris Maped Essentials Metal &#8211; Skizze\" \/>\n<meta property=\"og:description\" content=\"Ar Essentials s\u0113riju Maped Office transform\u0113 J\u016bsu profesion\u0101l\u0101s darb\u012bbas vidi &#8211; tehniskie un dizaina produkti J\u016bsu ikdienas vajadz\u012bb\u0101m! Ar Essential Metal caurumot\u0101ju var izsist caurumus da\u017e\u0101diem pap\u012bra izm\u0113riem. Izmantojot \u0101tr\u0161uv\u0113ja gredzenus, caurumu veido\u0161anu var veikt \u0101tri un prec\u012bzi. Optimiz\u0113ta pap\u012bra ievieto\u0161anas un centr\u0113\u0161anas sist\u0113ma. Tagad Jums ir viss nepiecie\u0161amais, lai darbu veiktu ar prieku!\" \/>\n<meta property=\"og:url\" content=\"https:\/\/hobstop.ee\/lv\/produkts\/caurduris-maped-essentials-metal\/\" \/>\n<meta property=\"og:site_name\" content=\"Skizze\" \/>\n<meta property=\"article:publisher\" content=\"http:\/\/www.facebook.com\/VunderSkizze\" \/>\n<meta property=\"og:image\" content=\"https:\/\/hobstop.ee\/media\/3709.jpg\" \/>\n\t<meta property=\"og:image:width\" content=\"1024\" \/>\n\t<meta property=\"og:image:height\" content=\"768\" \/>\n\t<meta property=\"og:image:type\" content=\"image\/jpeg\" \/>\n<meta name=\"twitter:card\" content=\"summary_large_image\" \/>\n<script type=\"application\/ld+json\" class=\"yoast-schema-graph\">{\"@context\":\"https:\/\/schema.org\",\"@graph\":[{\"@type\":\"WebPage\",\"@id\":\"https:\/\/hobstop.ee\/lv\/produkts\/caurduris-maped-essentials-metal\/\",\"url\":\"https:\/\/hobstop.ee\/lv\/produkts\/caurduris-maped-essentials-metal\/\",\"name\":\"Caurduris Maped Essentials Metal &#8211; Skizze\",\"isPartOf\":{\"@id\":\"https:\/\/hobstop.ee\/lv\/#website\"},\"primaryImageOfPage\":{\"@id\":\"https:\/\/hobstop.ee\/lv\/produkts\/caurduris-maped-essentials-metal\/#primaryimage\"},\"image\":{\"@id\":\"https:\/\/hobstop.ee\/lv\/produkts\/caurduris-maped-essentials-metal\/#primaryimage\"},\"thumbnailUrl\":\"https:\/\/hobstop.ee\/media\/3709.jpg\",\"datePublished\":\"2015-07-04T11:15:13+00:00\",\"dateModified\":\"2015-07-04T11:15:13+00:00\",\"breadcrumb\":{\"@id\":\"https:\/\/hobstop.ee\/lv\/produkts\/caurduris-maped-essentials-metal\/#breadcrumb\"},\"inLanguage\":\"lv-LV\",\"potentialAction\":[{\"@type\":\"ReadAction\",\"target\":[\"https:\/\/hobstop.ee\/lv\/produkts\/caurduris-maped-essentials-metal\/\"]}]},{\"@type\":\"ImageObject\",\"inLanguage\":\"lv-LV\",\"@id\":\"https:\/\/hobstop.ee\/lv\/produkts\/caurduris-maped-essentials-metal\/#primaryimage\",\"url\":\"https:\/\/hobstop.ee\/media\/3709.jpg\",\"contentUrl\":\"https:\/\/hobstop.ee\/media\/3709.jpg\",\"width\":1024,\"height\":768},{\"@type\":\"BreadcrumbList\",\"@id\":\"https:\/\/hobstop.ee\/lv\/produkts\/caurduris-maped-essentials-metal\/#breadcrumb\",\"itemListElement\":[{\"@type\":\"ListItem\",\"position\":1,\"name\":\"Avaleht\",\"item\":\"https:\/\/hobstop.ee\/lv\/\"},{\"@type\":\"ListItem\",\"position\":2,\"name\":\"Veikals\",\"item\":\"https:\/\/hobstop.ee\/lv\/veikals\/\"},{\"@type\":\"ListItem\",\"position\":3,\"name\":\"Caurduris Maped Essentials Metal\"}]},{\"@type\":\"WebSite\",\"@id\":\"https:\/\/hobstop.ee\/lv\/#website\",\"url\":\"https:\/\/hobstop.ee\/lv\/\",\"name\":\"Skizze\",\"description\":\"M\u0101kslas, hobiju un skolas preces\",\"publisher\":{\"@id\":\"https:\/\/hobstop.ee\/lv\/#organization\"},\"potentialAction\":[{\"@type\":\"SearchAction\",\"target\":{\"@type\":\"EntryPoint\",\"urlTemplate\":\"https:\/\/hobstop.ee\/lv\/?s={search_term_string}\"},\"query-input\":{\"@type\":\"PropertyValueSpecification\",\"valueRequired\":true,\"valueName\":\"search_term_string\"}}],\"inLanguage\":\"lv-LV\"},{\"@type\":\"Organization\",\"@id\":\"https:\/\/hobstop.ee\/lv\/#organization\",\"name\":\"Vunder AS\",\"url\":\"https:\/\/hobstop.ee\/lv\/\",\"logo\":{\"@type\":\"ImageObject\",\"inLanguage\":\"lv-LV\",\"@id\":\"https:\/\/hobstop.ee\/lv\/#\/schema\/logo\/image\/\",\"url\":\"https:\/\/hobstop.ee\/media\/vunder-logo.png\",\"contentUrl\":\"https:\/\/hobstop.ee\/media\/vunder-logo.png\",\"width\":127,\"height\":55,\"caption\":\"Vunder AS\"},\"image\":{\"@id\":\"https:\/\/hobstop.ee\/lv\/#\/schema\/logo\/image\/\"},\"sameAs\":[\"http:\/\/www.facebook.com\/VunderSkizze\"]}]}<\/script>\n<!-- \/ Yoast SEO plugin. -->","yoast_head_json":{"title":"Caurduris Maped Essentials Metal &#8211; Skizze","robots":{"index":"noindex","follow":"follow","max-snippet":"max-snippet:-1","max-image-preview":"max-image-preview:large","max-video-preview":"max-video-preview:-1"},"og_locale":"lv_LV","og_type":"article","og_title":"Caurduris Maped Essentials Metal &#8211; Skizze","og_description":"Ar Essentials s\u0113riju Maped Office transform\u0113 J\u016bsu profesion\u0101l\u0101s darb\u012bbas vidi &#8211; tehniskie un dizaina produkti J\u016bsu ikdienas vajadz\u012bb\u0101m! Ar Essential Metal caurumot\u0101ju var izsist caurumus da\u017e\u0101diem pap\u012bra izm\u0113riem. Izmantojot \u0101tr\u0161uv\u0113ja gredzenus, caurumu veido\u0161anu var veikt \u0101tri un prec\u012bzi. Optimiz\u0113ta pap\u012bra ievieto\u0161anas un centr\u0113\u0161anas sist\u0113ma. Tagad Jums ir viss nepiecie\u0161amais, lai darbu veiktu ar prieku!","og_url":"https:\/\/hobstop.ee\/lv\/produkts\/caurduris-maped-essentials-metal\/","og_site_name":"Skizze","article_publisher":"http:\/\/www.facebook.com\/VunderSkizze","og_image":[{"width":1024,"height":768,"url":"https:\/\/hobstop.ee\/media\/3709.jpg","type":"image\/jpeg"}],"twitter_card":"summary_large_image","schema":{"@context":"https:\/\/schema.org","@graph":[{"@type":"WebPage","@id":"https:\/\/hobstop.ee\/lv\/produkts\/caurduris-maped-essentials-metal\/","url":"https:\/\/hobstop.ee\/lv\/produkts\/caurduris-maped-essentials-metal\/","name":"Caurduris Maped Essentials Metal &#8211; Skizze","isPartOf":{"@id":"https:\/\/hobstop.ee\/lv\/#website"},"primaryImageOfPage":{"@id":"https:\/\/hobstop.ee\/lv\/produkts\/caurduris-maped-essentials-metal\/#primaryimage"},"image":{"@id":"https:\/\/hobstop.ee\/lv\/produkts\/caurduris-maped-essentials-metal\/#primaryimage"},"thumbnailUrl":"https:\/\/hobstop.ee\/media\/3709.jpg","datePublished":"2015-07-04T11:15:13+00:00","dateModified":"2015-07-04T11:15:13+00:00","breadcrumb":{"@id":"https:\/\/hobstop.ee\/lv\/produkts\/caurduris-maped-essentials-metal\/#breadcrumb"},"inLanguage":"lv-LV","potentialAction":[{"@type":"ReadAction","target":["https:\/\/hobstop.ee\/lv\/produkts\/caurduris-maped-essentials-metal\/"]}]},{"@type":"ImageObject","inLanguage":"lv-LV","@id":"https:\/\/hobstop.ee\/lv\/produkts\/caurduris-maped-essentials-metal\/#primaryimage","url":"https:\/\/hobstop.ee\/media\/3709.jpg","contentUrl":"https:\/\/hobstop.ee\/media\/3709.jpg","width":1024,"height":768},{"@type":"BreadcrumbList","@id":"https:\/\/hobstop.ee\/lv\/produkts\/caurduris-maped-essentials-metal\/#breadcrumb","itemListElement":[{"@type":"ListItem","position":1,"name":"Avaleht","item":"https:\/\/hobstop.ee\/lv\/"},{"@type":"ListItem","position":2,"name":"Veikals","item":"https:\/\/hobstop.ee\/lv\/veikals\/"},{"@type":"ListItem","position":3,"name":"Caurduris Maped Essentials Metal"}]},{"@type":"WebSite","@id":"https:\/\/hobstop.ee\/lv\/#website","url":"https:\/\/hobstop.ee\/lv\/","name":"Skizze","description":"M\u0101kslas, hobiju un skolas preces","publisher":{"@id":"https:\/\/hobstop.ee\/lv\/#organization"},"potentialAction":[{"@type":"SearchAction","target":{"@type":"EntryPoint","urlTemplate":"https:\/\/hobstop.ee\/lv\/?s={search_term_string}"},"query-input":{"@type":"PropertyValueSpecification","valueRequired":true,"valueName":"search_term_string"}}],"inLanguage":"lv-LV"},{"@type":"Organization","@id":"https:\/\/hobstop.ee\/lv\/#organization","name":"Vunder AS","url":"https:\/\/hobstop.ee\/lv\/","logo":{"@type":"ImageObject","inLanguage":"lv-LV","@id":"https:\/\/hobstop.ee\/lv\/#\/schema\/logo\/image\/","url":"https:\/\/hobstop.ee\/media\/vunder-logo.png","contentUrl":"https:\/\/hobstop.ee\/media\/vunder-logo.png","width":127,"height":55,"caption":"Vunder AS"},"image":{"@id":"https:\/\/hobstop.ee\/lv\/#\/schema\/logo\/image\/"},"sameAs":["http:\/\/www.facebook.com\/VunderSkizze"]}]}},"_links":{"self":[{"href":"https:\/\/hobstop.ee\/lv\/wp-json\/wp\/v2\/product\/136408","targetHints":{"allow":["GET"]}}],"collection":[{"href":"https:\/\/hobstop.ee\/lv\/wp-json\/wp\/v2\/product"}],"about":[{"href":"https:\/\/hobstop.ee\/lv\/wp-json\/wp\/v2\/types\/product"}],"replies":[{"embeddable":true,"href":"https:\/\/hobstop.ee\/lv\/wp-json\/wp\/v2\/comments?post=136408"}],"wp:featuredmedia":[{"embeddable":true,"href":"https:\/\/hobstop.ee\/lv\/wp-json\/wp\/v2\/media\/160036"}],"wp:attachment":[{"href":"https:\/\/hobstop.ee\/lv\/wp-json\/wp\/v2\/media?parent=136408"}],"wp:term":[{"taxonomy":"product_cat","embeddable":true,"href":"https:\/\/hobstop.ee\/lv\/wp-json\/wp\/v2\/product_cat?post=136408"},{"taxonomy":"product_tag","embeddable":true,"href":"https:\/\/hobstop.ee\/lv\/wp-json\/wp\/v2\/product_tag?post=136408"}],"curies":[{"name":"wp","href":"https:\/\/api.w.org\/{rel}","templated":true}]}}