{"id":137500,"date":"2015-07-04T16:33:37","date_gmt":"2015-07-04T13:33:37","guid":{"rendered":"http:\/\/vunder-ee.sn25.zone.eu\/lv\/product\/audekls-rulli-caravaggio-gruntets-kokvilna-507\/"},"modified":"2015-07-04T16:33:37","modified_gmt":"2015-07-04T13:33:37","slug":"audekls-rulli-caravaggio-gruntets-kokvilnapoliesteris-507","status":"publish","type":"product","link":"https:\/\/hobstop.ee\/lv\/produkts\/audekls-rulli-caravaggio-gruntets-kokvilnapoliesteris-507\/","title":{"rendered":"Audekls rull\u012b Caravaggio grunt\u0113ts kokvilna\/poliesteris 507"},"content":{"rendered":"<p>Audekls ar dubultu grunts k\u0101rtu. Sast\u0101vs: 67% kokvilna, 33% poliesters.  Ar vid\u0113ji izteiktu tekst\u016bru un kr\u0101sotu aizmugur\u0113jo virsmu.  Univers\u0101la grunts, kas piem\u0113rota darbam ar e\u013c\u013cas, akrila un temperas kr\u0101s\u0101m.  Pateicoties vid\u0113ji izteiktajai tekst\u016brai un lielajai iztur\u012bbai, audekls ir lieliski piem\u0113rots glezno\u0161anai ar visu veidu kr\u0101s\u0101m.  Rull\u012b 10m.<\/p>\n","protected":false},"excerpt":{"rendered":"<p>Audekls ar dubultu grunts k\u0101rtu. Sast\u0101vs: 67% kokvilna, 33% poliesters. Ar vid\u0113ji izteiktu tekst\u016bru un kr\u0101sotu aizmugur\u0113jo virsmu. Univers\u0101la grunts, kas piem\u0113rota darbam ar e\u013c\u013cas, akrila un temperas kr\u0101s\u0101m. Pateicoties vid\u0113ji izteiktajai tekst\u016brai un lielajai iztur\u012bbai, audekls ir lieliski piem\u0113rots glezno\u0161anai ar visu veidu kr\u0101s\u0101m. Rull\u012b 10m.<\/p>\n","protected":false},"featured_media":0,"comment_status":"closed","ping_status":"closed","template":"","meta":{"_acf_changed":false,"ep_exclude_from_search":false},"product_cat":[18349,17977,16123],"product_tag":[],"class_list":{"0":"post-137500","1":"product","2":"type-product","3":"status-publish","5":"product_cat-audekla-rulli","6":"product_cat-audekli-un-gleznosanas-paligmateriali","7":"product_cat-makslas-piederumi-2","9":"first","10":"instock","11":"taxable","12":"shipping-taxable","13":"purchasable","14":"product-type-variable"},"acf":[],"yoast_head":"<!-- This site is optimized with the Yoast SEO plugin v24.1 - https:\/\/yoast.com\/wordpress\/plugins\/seo\/ -->\n<title>Audekls rull\u012b Caravaggio grunt\u0113ts kokvilna\/poliesteris 507 &#8211; Skizze<\/title>\n<meta name=\"robots\" content=\"noindex, follow, max-snippet:-1, max-image-preview:large, max-video-preview:-1\" \/>\n<meta property=\"og:locale\" content=\"lv_LV\" \/>\n<meta property=\"og:type\" content=\"article\" \/>\n<meta property=\"og:title\" content=\"Audekls rull\u012b Caravaggio grunt\u0113ts kokvilna\/poliesteris 507 &#8211; Skizze\" \/>\n<meta property=\"og:description\" content=\"Audekls ar dubultu grunts k\u0101rtu. Sast\u0101vs: 67% kokvilna, 33% poliesters. Ar vid\u0113ji izteiktu tekst\u016bru un kr\u0101sotu aizmugur\u0113jo virsmu. Univers\u0101la grunts, kas piem\u0113rota darbam ar e\u013c\u013cas, akrila un temperas kr\u0101s\u0101m. Pateicoties vid\u0113ji izteiktajai tekst\u016brai un lielajai iztur\u012bbai, audekls ir lieliski piem\u0113rots glezno\u0161anai ar visu veidu kr\u0101s\u0101m. Rull\u012b 10m.\" \/>\n<meta property=\"og:url\" content=\"https:\/\/hobstop.ee\/lv\/produkts\/audekls-rulli-caravaggio-gruntets-kokvilnapoliesteris-507\/\" \/>\n<meta property=\"og:site_name\" content=\"Skizze\" \/>\n<meta property=\"article:publisher\" content=\"http:\/\/www.facebook.com\/VunderSkizze\" \/>\n<meta name=\"twitter:card\" content=\"summary_large_image\" \/>\n<script type=\"application\/ld+json\" class=\"yoast-schema-graph\">{\"@context\":\"https:\/\/schema.org\",\"@graph\":[{\"@type\":\"WebPage\",\"@id\":\"https:\/\/hobstop.ee\/lv\/produkts\/audekls-rulli-caravaggio-gruntets-kokvilnapoliesteris-507\/\",\"url\":\"https:\/\/hobstop.ee\/lv\/produkts\/audekls-rulli-caravaggio-gruntets-kokvilnapoliesteris-507\/\",\"name\":\"Audekls rull\u012b Caravaggio grunt\u0113ts kokvilna\/poliesteris 507 &#8211; Skizze\",\"isPartOf\":{\"@id\":\"https:\/\/hobstop.ee\/lv\/#website\"},\"datePublished\":\"2015-07-04T13:33:37+00:00\",\"dateModified\":\"2015-07-04T13:33:37+00:00\",\"breadcrumb\":{\"@id\":\"https:\/\/hobstop.ee\/lv\/produkts\/audekls-rulli-caravaggio-gruntets-kokvilnapoliesteris-507\/#breadcrumb\"},\"inLanguage\":\"lv-LV\",\"potentialAction\":[{\"@type\":\"ReadAction\",\"target\":[\"https:\/\/hobstop.ee\/lv\/produkts\/audekls-rulli-caravaggio-gruntets-kokvilnapoliesteris-507\/\"]}]},{\"@type\":\"BreadcrumbList\",\"@id\":\"https:\/\/hobstop.ee\/lv\/produkts\/audekls-rulli-caravaggio-gruntets-kokvilnapoliesteris-507\/#breadcrumb\",\"itemListElement\":[{\"@type\":\"ListItem\",\"position\":1,\"name\":\"Avaleht\",\"item\":\"https:\/\/hobstop.ee\/lv\/\"},{\"@type\":\"ListItem\",\"position\":2,\"name\":\"Veikals\",\"item\":\"https:\/\/hobstop.ee\/lv\/veikals\/\"},{\"@type\":\"ListItem\",\"position\":3,\"name\":\"Audekls rull\u012b Caravaggio grunt\u0113ts kokvilna\/poliesteris 507\"}]},{\"@type\":\"WebSite\",\"@id\":\"https:\/\/hobstop.ee\/lv\/#website\",\"url\":\"https:\/\/hobstop.ee\/lv\/\",\"name\":\"Skizze\",\"description\":\"M\u0101kslas, hobiju un skolas preces\",\"publisher\":{\"@id\":\"https:\/\/hobstop.ee\/lv\/#organization\"},\"potentialAction\":[{\"@type\":\"SearchAction\",\"target\":{\"@type\":\"EntryPoint\",\"urlTemplate\":\"https:\/\/hobstop.ee\/lv\/?s={search_term_string}\"},\"query-input\":{\"@type\":\"PropertyValueSpecification\",\"valueRequired\":true,\"valueName\":\"search_term_string\"}}],\"inLanguage\":\"lv-LV\"},{\"@type\":\"Organization\",\"@id\":\"https:\/\/hobstop.ee\/lv\/#organization\",\"name\":\"Vunder AS\",\"url\":\"https:\/\/hobstop.ee\/lv\/\",\"logo\":{\"@type\":\"ImageObject\",\"inLanguage\":\"lv-LV\",\"@id\":\"https:\/\/hobstop.ee\/lv\/#\/schema\/logo\/image\/\",\"url\":\"https:\/\/hobstop.ee\/media\/vunder-logo.png\",\"contentUrl\":\"https:\/\/hobstop.ee\/media\/vunder-logo.png\",\"width\":127,\"height\":55,\"caption\":\"Vunder AS\"},\"image\":{\"@id\":\"https:\/\/hobstop.ee\/lv\/#\/schema\/logo\/image\/\"},\"sameAs\":[\"http:\/\/www.facebook.com\/VunderSkizze\"]}]}<\/script>\n<!-- \/ Yoast SEO plugin. -->","yoast_head_json":{"title":"Audekls rull\u012b Caravaggio grunt\u0113ts kokvilna\/poliesteris 507 &#8211; Skizze","robots":{"index":"noindex","follow":"follow","max-snippet":"max-snippet:-1","max-image-preview":"max-image-preview:large","max-video-preview":"max-video-preview:-1"},"og_locale":"lv_LV","og_type":"article","og_title":"Audekls rull\u012b Caravaggio grunt\u0113ts kokvilna\/poliesteris 507 &#8211; Skizze","og_description":"Audekls ar dubultu grunts k\u0101rtu. Sast\u0101vs: 67% kokvilna, 33% poliesters. Ar vid\u0113ji izteiktu tekst\u016bru un kr\u0101sotu aizmugur\u0113jo virsmu. Univers\u0101la grunts, kas piem\u0113rota darbam ar e\u013c\u013cas, akrila un temperas kr\u0101s\u0101m. Pateicoties vid\u0113ji izteiktajai tekst\u016brai un lielajai iztur\u012bbai, audekls ir lieliski piem\u0113rots glezno\u0161anai ar visu veidu kr\u0101s\u0101m. Rull\u012b 10m.","og_url":"https:\/\/hobstop.ee\/lv\/produkts\/audekls-rulli-caravaggio-gruntets-kokvilnapoliesteris-507\/","og_site_name":"Skizze","article_publisher":"http:\/\/www.facebook.com\/VunderSkizze","twitter_card":"summary_large_image","schema":{"@context":"https:\/\/schema.org","@graph":[{"@type":"WebPage","@id":"https:\/\/hobstop.ee\/lv\/produkts\/audekls-rulli-caravaggio-gruntets-kokvilnapoliesteris-507\/","url":"https:\/\/hobstop.ee\/lv\/produkts\/audekls-rulli-caravaggio-gruntets-kokvilnapoliesteris-507\/","name":"Audekls rull\u012b Caravaggio grunt\u0113ts kokvilna\/poliesteris 507 &#8211; Skizze","isPartOf":{"@id":"https:\/\/hobstop.ee\/lv\/#website"},"datePublished":"2015-07-04T13:33:37+00:00","dateModified":"2015-07-04T13:33:37+00:00","breadcrumb":{"@id":"https:\/\/hobstop.ee\/lv\/produkts\/audekls-rulli-caravaggio-gruntets-kokvilnapoliesteris-507\/#breadcrumb"},"inLanguage":"lv-LV","potentialAction":[{"@type":"ReadAction","target":["https:\/\/hobstop.ee\/lv\/produkts\/audekls-rulli-caravaggio-gruntets-kokvilnapoliesteris-507\/"]}]},{"@type":"BreadcrumbList","@id":"https:\/\/hobstop.ee\/lv\/produkts\/audekls-rulli-caravaggio-gruntets-kokvilnapoliesteris-507\/#breadcrumb","itemListElement":[{"@type":"ListItem","position":1,"name":"Avaleht","item":"https:\/\/hobstop.ee\/lv\/"},{"@type":"ListItem","position":2,"name":"Veikals","item":"https:\/\/hobstop.ee\/lv\/veikals\/"},{"@type":"ListItem","position":3,"name":"Audekls rull\u012b Caravaggio grunt\u0113ts kokvilna\/poliesteris 507"}]},{"@type":"WebSite","@id":"https:\/\/hobstop.ee\/lv\/#website","url":"https:\/\/hobstop.ee\/lv\/","name":"Skizze","description":"M\u0101kslas, hobiju un skolas preces","publisher":{"@id":"https:\/\/hobstop.ee\/lv\/#organization"},"potentialAction":[{"@type":"SearchAction","target":{"@type":"EntryPoint","urlTemplate":"https:\/\/hobstop.ee\/lv\/?s={search_term_string}"},"query-input":{"@type":"PropertyValueSpecification","valueRequired":true,"valueName":"search_term_string"}}],"inLanguage":"lv-LV"},{"@type":"Organization","@id":"https:\/\/hobstop.ee\/lv\/#organization","name":"Vunder AS","url":"https:\/\/hobstop.ee\/lv\/","logo":{"@type":"ImageObject","inLanguage":"lv-LV","@id":"https:\/\/hobstop.ee\/lv\/#\/schema\/logo\/image\/","url":"https:\/\/hobstop.ee\/media\/vunder-logo.png","contentUrl":"https:\/\/hobstop.ee\/media\/vunder-logo.png","width":127,"height":55,"caption":"Vunder AS"},"image":{"@id":"https:\/\/hobstop.ee\/lv\/#\/schema\/logo\/image\/"},"sameAs":["http:\/\/www.facebook.com\/VunderSkizze"]}]}},"_links":{"self":[{"href":"https:\/\/hobstop.ee\/lv\/wp-json\/wp\/v2\/product\/137500","targetHints":{"allow":["GET"]}}],"collection":[{"href":"https:\/\/hobstop.ee\/lv\/wp-json\/wp\/v2\/product"}],"about":[{"href":"https:\/\/hobstop.ee\/lv\/wp-json\/wp\/v2\/types\/product"}],"replies":[{"embeddable":true,"href":"https:\/\/hobstop.ee\/lv\/wp-json\/wp\/v2\/comments?post=137500"}],"wp:attachment":[{"href":"https:\/\/hobstop.ee\/lv\/wp-json\/wp\/v2\/media?parent=137500"}],"wp:term":[{"taxonomy":"product_cat","embeddable":true,"href":"https:\/\/hobstop.ee\/lv\/wp-json\/wp\/v2\/product_cat?post=137500"},{"taxonomy":"product_tag","embeddable":true,"href":"https:\/\/hobstop.ee\/lv\/wp-json\/wp\/v2\/product_tag?post=137500"}],"curies":[{"name":"wp","href":"https:\/\/api.w.org\/{rel}","templated":true}]}}