{"id":137521,"date":"2015-07-04T17:03:42","date_gmt":"2015-07-04T14:03:42","guid":{"rendered":"http:\/\/vunder-ee.sn25.zone.eu\/lv\/product\/audekls-rulli-caravaggio-gruntets-lins-512\/"},"modified":"2015-07-04T17:03:42","modified_gmt":"2015-07-04T14:03:42","slug":"audekls-rulli-caravaggio-gruntets-lins-512","status":"publish","type":"product","link":"https:\/\/hobstop.ee\/lv\/produkts\/audekls-rulli-caravaggio-gruntets-lins-512\/","title":{"rendered":"Audekls rull\u012b Caravaggio grunt\u0113ts lins 512"},"content":{"rendered":"<p>Lina audekls ar dubultu grunts k\u0101rtu.  Univers\u0101la grunts, kas piem\u0113rota darbam ar e\u013c\u013cas, akrila un temperas kr\u0101s\u0101m.  Pateicoties viendab\u012bgajai un bl\u012bvajai tekst\u016brai, audekls ir lieliski piem\u0113rots tradicion\u0101lo ainavu glezno\u0161anai. Rull\u012b 10m.<\/p>\n","protected":false},"excerpt":{"rendered":"<p>Lina audekls ar dubultu grunts k\u0101rtu. Univers\u0101la grunts, kas piem\u0113rota darbam ar e\u013c\u013cas, akrila un temperas kr\u0101s\u0101m. Pateicoties viendab\u012bgajai un bl\u012bvajai tekst\u016brai, audekls ir lieliski piem\u0113rots tradicion\u0101lo ainavu glezno\u0161anai. Rull\u012b 10m.<\/p>\n","protected":false},"featured_media":354983,"comment_status":"closed","ping_status":"closed","template":"","meta":{"_acf_changed":false,"ep_exclude_from_search":false},"product_cat":[18349,17977,16123],"product_tag":[],"class_list":{"0":"post-137521","1":"product","2":"type-product","3":"status-publish","4":"has-post-thumbnail","6":"product_cat-audekla-rulli","7":"product_cat-audekli-un-gleznosanas-paligmateriali","8":"product_cat-makslas-piederumi-2","10":"first","11":"instock","12":"taxable","13":"shipping-taxable","14":"purchasable","15":"product-type-variable"},"acf":[],"yoast_head":"<!-- This site is optimized with the Yoast SEO plugin v24.1 - https:\/\/yoast.com\/wordpress\/plugins\/seo\/ -->\n<title>Audekls rull\u012b Caravaggio grunt\u0113ts lins 512 &#8211; Skizze<\/title>\n<meta name=\"robots\" content=\"noindex, follow, max-snippet:-1, max-image-preview:large, max-video-preview:-1\" \/>\n<meta property=\"og:locale\" content=\"lv_LV\" \/>\n<meta property=\"og:type\" content=\"article\" \/>\n<meta property=\"og:title\" content=\"Audekls rull\u012b Caravaggio grunt\u0113ts lins 512 &#8211; Skizze\" \/>\n<meta property=\"og:description\" content=\"Lina audekls ar dubultu grunts k\u0101rtu. Univers\u0101la grunts, kas piem\u0113rota darbam ar e\u013c\u013cas, akrila un temperas kr\u0101s\u0101m. Pateicoties viendab\u012bgajai un bl\u012bvajai tekst\u016brai, audekls ir lieliski piem\u0113rots tradicion\u0101lo ainavu glezno\u0161anai. Rull\u012b 10m.\" \/>\n<meta property=\"og:url\" content=\"https:\/\/hobstop.ee\/lv\/produkts\/audekls-rulli-caravaggio-gruntets-lins-512\/\" \/>\n<meta property=\"og:site_name\" content=\"Skizze\" \/>\n<meta property=\"article:publisher\" content=\"http:\/\/www.facebook.com\/VunderSkizze\" \/>\n<meta property=\"og:image\" content=\"https:\/\/hobstop.ee\/media\/3953.jpg\" \/>\n\t<meta property=\"og:image:width\" content=\"1024\" \/>\n\t<meta property=\"og:image:height\" content=\"768\" \/>\n\t<meta property=\"og:image:type\" content=\"image\/jpeg\" \/>\n<meta name=\"twitter:card\" content=\"summary_large_image\" \/>\n<script type=\"application\/ld+json\" class=\"yoast-schema-graph\">{\"@context\":\"https:\/\/schema.org\",\"@graph\":[{\"@type\":\"WebPage\",\"@id\":\"https:\/\/hobstop.ee\/lv\/produkts\/audekls-rulli-caravaggio-gruntets-lins-512\/\",\"url\":\"https:\/\/hobstop.ee\/lv\/produkts\/audekls-rulli-caravaggio-gruntets-lins-512\/\",\"name\":\"Audekls rull\u012b Caravaggio grunt\u0113ts lins 512 &#8211; Skizze\",\"isPartOf\":{\"@id\":\"https:\/\/hobstop.ee\/lv\/#website\"},\"primaryImageOfPage\":{\"@id\":\"https:\/\/hobstop.ee\/lv\/produkts\/audekls-rulli-caravaggio-gruntets-lins-512\/#primaryimage\"},\"image\":{\"@id\":\"https:\/\/hobstop.ee\/lv\/produkts\/audekls-rulli-caravaggio-gruntets-lins-512\/#primaryimage\"},\"thumbnailUrl\":\"https:\/\/hobstop.ee\/media\/3953.jpg\",\"datePublished\":\"2015-07-04T14:03:42+00:00\",\"dateModified\":\"2015-07-04T14:03:42+00:00\",\"breadcrumb\":{\"@id\":\"https:\/\/hobstop.ee\/lv\/produkts\/audekls-rulli-caravaggio-gruntets-lins-512\/#breadcrumb\"},\"inLanguage\":\"lv-LV\",\"potentialAction\":[{\"@type\":\"ReadAction\",\"target\":[\"https:\/\/hobstop.ee\/lv\/produkts\/audekls-rulli-caravaggio-gruntets-lins-512\/\"]}]},{\"@type\":\"ImageObject\",\"inLanguage\":\"lv-LV\",\"@id\":\"https:\/\/hobstop.ee\/lv\/produkts\/audekls-rulli-caravaggio-gruntets-lins-512\/#primaryimage\",\"url\":\"https:\/\/hobstop.ee\/media\/3953.jpg\",\"contentUrl\":\"https:\/\/hobstop.ee\/media\/3953.jpg\",\"width\":1024,\"height\":768},{\"@type\":\"BreadcrumbList\",\"@id\":\"https:\/\/hobstop.ee\/lv\/produkts\/audekls-rulli-caravaggio-gruntets-lins-512\/#breadcrumb\",\"itemListElement\":[{\"@type\":\"ListItem\",\"position\":1,\"name\":\"Avaleht\",\"item\":\"https:\/\/hobstop.ee\/lv\/\"},{\"@type\":\"ListItem\",\"position\":2,\"name\":\"Veikals\",\"item\":\"https:\/\/hobstop.ee\/lv\/veikals\/\"},{\"@type\":\"ListItem\",\"position\":3,\"name\":\"Audekls rull\u012b Caravaggio grunt\u0113ts lins 512\"}]},{\"@type\":\"WebSite\",\"@id\":\"https:\/\/hobstop.ee\/lv\/#website\",\"url\":\"https:\/\/hobstop.ee\/lv\/\",\"name\":\"Skizze\",\"description\":\"M\u0101kslas, hobiju un skolas preces\",\"publisher\":{\"@id\":\"https:\/\/hobstop.ee\/lv\/#organization\"},\"potentialAction\":[{\"@type\":\"SearchAction\",\"target\":{\"@type\":\"EntryPoint\",\"urlTemplate\":\"https:\/\/hobstop.ee\/lv\/?s={search_term_string}\"},\"query-input\":{\"@type\":\"PropertyValueSpecification\",\"valueRequired\":true,\"valueName\":\"search_term_string\"}}],\"inLanguage\":\"lv-LV\"},{\"@type\":\"Organization\",\"@id\":\"https:\/\/hobstop.ee\/lv\/#organization\",\"name\":\"Vunder AS\",\"url\":\"https:\/\/hobstop.ee\/lv\/\",\"logo\":{\"@type\":\"ImageObject\",\"inLanguage\":\"lv-LV\",\"@id\":\"https:\/\/hobstop.ee\/lv\/#\/schema\/logo\/image\/\",\"url\":\"https:\/\/hobstop.ee\/media\/vunder-logo.png\",\"contentUrl\":\"https:\/\/hobstop.ee\/media\/vunder-logo.png\",\"width\":127,\"height\":55,\"caption\":\"Vunder AS\"},\"image\":{\"@id\":\"https:\/\/hobstop.ee\/lv\/#\/schema\/logo\/image\/\"},\"sameAs\":[\"http:\/\/www.facebook.com\/VunderSkizze\"]}]}<\/script>\n<!-- \/ Yoast SEO plugin. -->","yoast_head_json":{"title":"Audekls rull\u012b Caravaggio grunt\u0113ts lins 512 &#8211; Skizze","robots":{"index":"noindex","follow":"follow","max-snippet":"max-snippet:-1","max-image-preview":"max-image-preview:large","max-video-preview":"max-video-preview:-1"},"og_locale":"lv_LV","og_type":"article","og_title":"Audekls rull\u012b Caravaggio grunt\u0113ts lins 512 &#8211; Skizze","og_description":"Lina audekls ar dubultu grunts k\u0101rtu. Univers\u0101la grunts, kas piem\u0113rota darbam ar e\u013c\u013cas, akrila un temperas kr\u0101s\u0101m. Pateicoties viendab\u012bgajai un bl\u012bvajai tekst\u016brai, audekls ir lieliski piem\u0113rots tradicion\u0101lo ainavu glezno\u0161anai. Rull\u012b 10m.","og_url":"https:\/\/hobstop.ee\/lv\/produkts\/audekls-rulli-caravaggio-gruntets-lins-512\/","og_site_name":"Skizze","article_publisher":"http:\/\/www.facebook.com\/VunderSkizze","og_image":[{"width":1024,"height":768,"url":"https:\/\/hobstop.ee\/media\/3953.jpg","type":"image\/jpeg"}],"twitter_card":"summary_large_image","schema":{"@context":"https:\/\/schema.org","@graph":[{"@type":"WebPage","@id":"https:\/\/hobstop.ee\/lv\/produkts\/audekls-rulli-caravaggio-gruntets-lins-512\/","url":"https:\/\/hobstop.ee\/lv\/produkts\/audekls-rulli-caravaggio-gruntets-lins-512\/","name":"Audekls rull\u012b Caravaggio grunt\u0113ts lins 512 &#8211; Skizze","isPartOf":{"@id":"https:\/\/hobstop.ee\/lv\/#website"},"primaryImageOfPage":{"@id":"https:\/\/hobstop.ee\/lv\/produkts\/audekls-rulli-caravaggio-gruntets-lins-512\/#primaryimage"},"image":{"@id":"https:\/\/hobstop.ee\/lv\/produkts\/audekls-rulli-caravaggio-gruntets-lins-512\/#primaryimage"},"thumbnailUrl":"https:\/\/hobstop.ee\/media\/3953.jpg","datePublished":"2015-07-04T14:03:42+00:00","dateModified":"2015-07-04T14:03:42+00:00","breadcrumb":{"@id":"https:\/\/hobstop.ee\/lv\/produkts\/audekls-rulli-caravaggio-gruntets-lins-512\/#breadcrumb"},"inLanguage":"lv-LV","potentialAction":[{"@type":"ReadAction","target":["https:\/\/hobstop.ee\/lv\/produkts\/audekls-rulli-caravaggio-gruntets-lins-512\/"]}]},{"@type":"ImageObject","inLanguage":"lv-LV","@id":"https:\/\/hobstop.ee\/lv\/produkts\/audekls-rulli-caravaggio-gruntets-lins-512\/#primaryimage","url":"https:\/\/hobstop.ee\/media\/3953.jpg","contentUrl":"https:\/\/hobstop.ee\/media\/3953.jpg","width":1024,"height":768},{"@type":"BreadcrumbList","@id":"https:\/\/hobstop.ee\/lv\/produkts\/audekls-rulli-caravaggio-gruntets-lins-512\/#breadcrumb","itemListElement":[{"@type":"ListItem","position":1,"name":"Avaleht","item":"https:\/\/hobstop.ee\/lv\/"},{"@type":"ListItem","position":2,"name":"Veikals","item":"https:\/\/hobstop.ee\/lv\/veikals\/"},{"@type":"ListItem","position":3,"name":"Audekls rull\u012b Caravaggio grunt\u0113ts lins 512"}]},{"@type":"WebSite","@id":"https:\/\/hobstop.ee\/lv\/#website","url":"https:\/\/hobstop.ee\/lv\/","name":"Skizze","description":"M\u0101kslas, hobiju un skolas preces","publisher":{"@id":"https:\/\/hobstop.ee\/lv\/#organization"},"potentialAction":[{"@type":"SearchAction","target":{"@type":"EntryPoint","urlTemplate":"https:\/\/hobstop.ee\/lv\/?s={search_term_string}"},"query-input":{"@type":"PropertyValueSpecification","valueRequired":true,"valueName":"search_term_string"}}],"inLanguage":"lv-LV"},{"@type":"Organization","@id":"https:\/\/hobstop.ee\/lv\/#organization","name":"Vunder AS","url":"https:\/\/hobstop.ee\/lv\/","logo":{"@type":"ImageObject","inLanguage":"lv-LV","@id":"https:\/\/hobstop.ee\/lv\/#\/schema\/logo\/image\/","url":"https:\/\/hobstop.ee\/media\/vunder-logo.png","contentUrl":"https:\/\/hobstop.ee\/media\/vunder-logo.png","width":127,"height":55,"caption":"Vunder AS"},"image":{"@id":"https:\/\/hobstop.ee\/lv\/#\/schema\/logo\/image\/"},"sameAs":["http:\/\/www.facebook.com\/VunderSkizze"]}]}},"_links":{"self":[{"href":"https:\/\/hobstop.ee\/lv\/wp-json\/wp\/v2\/product\/137521","targetHints":{"allow":["GET"]}}],"collection":[{"href":"https:\/\/hobstop.ee\/lv\/wp-json\/wp\/v2\/product"}],"about":[{"href":"https:\/\/hobstop.ee\/lv\/wp-json\/wp\/v2\/types\/product"}],"replies":[{"embeddable":true,"href":"https:\/\/hobstop.ee\/lv\/wp-json\/wp\/v2\/comments?post=137521"}],"wp:featuredmedia":[{"embeddable":true,"href":"https:\/\/hobstop.ee\/lv\/wp-json\/wp\/v2\/media\/354983"}],"wp:attachment":[{"href":"https:\/\/hobstop.ee\/lv\/wp-json\/wp\/v2\/media?parent=137521"}],"wp:term":[{"taxonomy":"product_cat","embeddable":true,"href":"https:\/\/hobstop.ee\/lv\/wp-json\/wp\/v2\/product_cat?post=137521"},{"taxonomy":"product_tag","embeddable":true,"href":"https:\/\/hobstop.ee\/lv\/wp-json\/wp\/v2\/product_tag?post=137521"}],"curies":[{"name":"wp","href":"https:\/\/api.w.org\/{rel}","templated":true}]}}