{"id":137830,"date":"2015-07-04T20:00:26","date_gmt":"2015-07-04T17:00:26","guid":{"rendered":"http:\/\/vunder-ee.sn25.zone.eu\/lv\/product\/rotalu-auto-automoblox-mini-komplekts-s9c9t9\/"},"modified":"2015-07-04T20:00:26","modified_gmt":"2015-07-04T17:00:26","slug":"rotalu-auto-automoblox-mini-komplekts-s9c9t9","status":"publish","type":"product","link":"https:\/\/hobstop.ee\/lv\/produkts\/rotalu-auto-automoblox-mini-komplekts-s9c9t9\/","title":{"rendered":"Rota\u013cu auto Automoblox Mini komplekts S9\/C9\/T9"},"content":{"rendered":"<p>T9 ir pikapa ma\u0161\u012bna, kur noz\u012bm\u012bg\u0101ko lomu sp\u0113l\u0113 kravas iekrau\u0161ana, tom\u0113r t\u0101 var lepoties ar grezniem diskiem. S9 ir vienk\u0101r\u0161s sedans, kura \u012bpa\u0161\u0101 v\u0113rt\u012bba ir iev\u0113r\u012bbas cien\u012bgie diski, k\u0101 ar\u012b C9 kupeja ar smalkiem diskiem, lai ar\u012b paties\u012bb\u0101 t\u0101 ir vienk\u0101r\u0161a un savald\u012bga ma\u0161\u012bna.<br \/>\nSast\u0101vda\u013cas: virsb\u016bve (9 deta\u013cas), diski (12gab.), riepas (12gab.), jumts (3gab.)<br \/>\nMini s\u0113rijas ma\u0161\u012bnu vid\u0113jais izm\u0113rs: 10.8&#215;6.4&#215;4.1cm<\/p>\n<p>Automoblox Mini ir samazin\u0101ta Automoblox Original produktu versija. \u012asteni n\u0101kotnes-retro iedvesmas automobi\u013ci, kas ir izteikti paroc\u012bgi un ar ko prieks sp\u0113l\u0113ties. Mini mode\u013cu deta\u013cas ir univers\u0101li savienojamas, \u013caujot savstarp\u0113ji savienot da\u017e\u0101du Mini ma\u0161\u012bnu deta\u013cas.\u00a0Ma\u0161\u012bnu virsb\u016bves ir izgatavotas no koka. Mini un Originals virsb\u016bvju deta\u013cas sav\u0101 starp\u0101 nav savienojamas.<br \/>\nPiem\u0113rots b\u0113rniem vecum\u0101: 3+, satur s\u012bkas deta\u013cas.<\/p>\n","protected":false},"excerpt":{"rendered":"<p>T9 ir pikapa ma\u0161\u012bna, kur noz\u012bm\u012bg\u0101ko lomu sp\u0113l\u0113 kravas iekrau\u0161ana, tom\u0113r t\u0101 var lepoties ar grezniem diskiem. S9 ir vienk\u0101r\u0161s sedans, kura \u012bpa\u0161\u0101 v\u0113rt\u012bba ir iev\u0113r\u012bbas cien\u012bgie diski, k\u0101 ar\u012b C9 kupeja ar smalkiem diskiem, lai ar\u012b paties\u012bb\u0101 t\u0101 ir vienk\u0101r\u0161a un savald\u012bga ma\u0161\u012bna. Sast\u0101vda\u013cas: virsb\u016bve (9 deta\u013cas), diski (12gab.), riepas (12gab.), jumts (3gab.) Mini s\u0113rijas ma\u0161\u012bnu vid\u0113jais izm\u0113rs: 10.8&#215;6.4&#215;4.1cm Automoblox Mini ir samazin\u0101ta Automoblox Original produktu versija. \u012asteni n\u0101kotnes-retro iedvesmas automobi\u013ci, kas ir izteikti paroc\u012bgi un ar ko prieks sp\u0113l\u0113ties. Mini mode\u013cu deta\u013cas ir univers\u0101li savienojamas, \u013caujot savstarp\u0113ji savienot da\u017e\u0101du Mini ma\u0161\u012bnu deta\u013cas.\u00a0Ma\u0161\u012bnu virsb\u016bves ir izgatavotas no koka. Mini un Originals virsb\u016bvju deta\u013cas sav\u0101 starp\u0101 nav savienojamas. Piem\u0113rots b\u0113rniem vecum\u0101: 3+, satur s\u012bkas deta\u013cas.<\/p>\n","protected":false},"featured_media":204623,"comment_status":"closed","ping_status":"closed","template":"","meta":{"_acf_changed":false,"ep_exclude_from_search":false},"product_cat":[20027,19835,20030],"product_tag":[],"class_list":{"0":"post-137830","1":"product","2":"type-product","3":"status-publish","4":"has-post-thumbnail","6":"product_cat-attistosas-rotallietas","7":"product_cat-bernu-brivais-laiks","8":"product_cat-rotalu-auto","10":"first","11":"instock","12":"taxable","13":"shipping-taxable","14":"purchasable","15":"product-type-variable"},"acf":[],"yoast_head":"<!-- This site is optimized with the Yoast SEO plugin v24.1 - https:\/\/yoast.com\/wordpress\/plugins\/seo\/ -->\n<title>Rota\u013cu auto Automoblox Mini komplekts S9\/C9\/T9 &#8211; Skizze<\/title>\n<meta name=\"robots\" content=\"noindex, follow, max-snippet:-1, max-image-preview:large, max-video-preview:-1\" \/>\n<meta property=\"og:locale\" content=\"lv_LV\" \/>\n<meta property=\"og:type\" content=\"article\" \/>\n<meta property=\"og:title\" content=\"Rota\u013cu auto Automoblox Mini komplekts S9\/C9\/T9 &#8211; Skizze\" \/>\n<meta property=\"og:description\" content=\"T9 ir pikapa ma\u0161\u012bna, kur noz\u012bm\u012bg\u0101ko lomu sp\u0113l\u0113 kravas iekrau\u0161ana, tom\u0113r t\u0101 var lepoties ar grezniem diskiem. S9 ir vienk\u0101r\u0161s sedans, kura \u012bpa\u0161\u0101 v\u0113rt\u012bba ir iev\u0113r\u012bbas cien\u012bgie diski, k\u0101 ar\u012b C9 kupeja ar smalkiem diskiem, lai ar\u012b paties\u012bb\u0101 t\u0101 ir vienk\u0101r\u0161a un savald\u012bga ma\u0161\u012bna. Sast\u0101vda\u013cas: virsb\u016bve (9 deta\u013cas), diski (12gab.), riepas (12gab.), jumts (3gab.) Mini s\u0113rijas ma\u0161\u012bnu vid\u0113jais izm\u0113rs: 10.8&#215;6.4&#215;4.1cm Automoblox Mini ir samazin\u0101ta Automoblox Original produktu versija. \u012asteni n\u0101kotnes-retro iedvesmas automobi\u013ci, kas ir izteikti paroc\u012bgi un ar ko prieks sp\u0113l\u0113ties. Mini mode\u013cu deta\u013cas ir univers\u0101li savienojamas, \u013caujot savstarp\u0113ji savienot da\u017e\u0101du Mini ma\u0161\u012bnu deta\u013cas.\u00a0Ma\u0161\u012bnu virsb\u016bves ir izgatavotas no koka. Mini un Originals virsb\u016bvju deta\u013cas sav\u0101 starp\u0101 nav savienojamas. Piem\u0113rots b\u0113rniem vecum\u0101: 3+, satur s\u012bkas deta\u013cas.\" \/>\n<meta property=\"og:url\" content=\"https:\/\/hobstop.ee\/lv\/produkts\/rotalu-auto-automoblox-mini-komplekts-s9c9t9\/\" \/>\n<meta property=\"og:site_name\" content=\"Skizze\" \/>\n<meta property=\"article:publisher\" content=\"http:\/\/www.facebook.com\/VunderSkizze\" \/>\n<meta property=\"og:image\" content=\"https:\/\/www.hobstop.ee\/media\/3975.jpg\" \/>\n\t<meta property=\"og:image:width\" content=\"1024\" \/>\n\t<meta property=\"og:image:height\" content=\"768\" \/>\n\t<meta property=\"og:image:type\" content=\"image\/jpeg\" \/>\n<meta name=\"twitter:card\" content=\"summary_large_image\" \/>\n<meta name=\"twitter:label1\" content=\"Est. reading time\" \/>\n\t<meta name=\"twitter:data1\" content=\"1 min\u016b\u0161u\" \/>\n<script type=\"application\/ld+json\" class=\"yoast-schema-graph\">{\"@context\":\"https:\/\/schema.org\",\"@graph\":[{\"@type\":\"WebPage\",\"@id\":\"https:\/\/hobstop.ee\/lv\/produkts\/rotalu-auto-automoblox-mini-komplekts-s9c9t9\/\",\"url\":\"https:\/\/hobstop.ee\/lv\/produkts\/rotalu-auto-automoblox-mini-komplekts-s9c9t9\/\",\"name\":\"Rota\u013cu auto Automoblox Mini komplekts S9\/C9\/T9 &#8211; Skizze\",\"isPartOf\":{\"@id\":\"https:\/\/hobstop.ee\/lv\/#website\"},\"primaryImageOfPage\":{\"@id\":\"https:\/\/hobstop.ee\/lv\/produkts\/rotalu-auto-automoblox-mini-komplekts-s9c9t9\/#primaryimage\"},\"image\":{\"@id\":\"https:\/\/hobstop.ee\/lv\/produkts\/rotalu-auto-automoblox-mini-komplekts-s9c9t9\/#primaryimage\"},\"thumbnailUrl\":\"https:\/\/hobstop.ee\/media\/3975.jpg\",\"datePublished\":\"2015-07-04T17:00:26+00:00\",\"dateModified\":\"2015-07-04T17:00:26+00:00\",\"breadcrumb\":{\"@id\":\"https:\/\/hobstop.ee\/lv\/produkts\/rotalu-auto-automoblox-mini-komplekts-s9c9t9\/#breadcrumb\"},\"inLanguage\":\"lv-LV\",\"potentialAction\":[{\"@type\":\"ReadAction\",\"target\":[\"https:\/\/hobstop.ee\/lv\/produkts\/rotalu-auto-automoblox-mini-komplekts-s9c9t9\/\"]}]},{\"@type\":\"ImageObject\",\"inLanguage\":\"lv-LV\",\"@id\":\"https:\/\/hobstop.ee\/lv\/produkts\/rotalu-auto-automoblox-mini-komplekts-s9c9t9\/#primaryimage\",\"url\":\"https:\/\/hobstop.ee\/media\/3975.jpg\",\"contentUrl\":\"https:\/\/hobstop.ee\/media\/3975.jpg\",\"width\":1024,\"height\":768},{\"@type\":\"BreadcrumbList\",\"@id\":\"https:\/\/hobstop.ee\/lv\/produkts\/rotalu-auto-automoblox-mini-komplekts-s9c9t9\/#breadcrumb\",\"itemListElement\":[{\"@type\":\"ListItem\",\"position\":1,\"name\":\"Avaleht\",\"item\":\"https:\/\/www.hobstop.ee\/lv\/\"},{\"@type\":\"ListItem\",\"position\":2,\"name\":\"Veikals\",\"item\":\"https:\/\/www.hobstop.ee\/lv\/veikals\/\"},{\"@type\":\"ListItem\",\"position\":3,\"name\":\"Rota\u013cu auto Automoblox Mini komplekts S9\/C9\/T9\"}]},{\"@type\":\"WebSite\",\"@id\":\"https:\/\/hobstop.ee\/lv\/#website\",\"url\":\"https:\/\/hobstop.ee\/lv\/\",\"name\":\"Skizze\",\"description\":\"M\u0101kslas, hobiju un skolas preces\",\"publisher\":{\"@id\":\"https:\/\/hobstop.ee\/lv\/#organization\"},\"potentialAction\":[{\"@type\":\"SearchAction\",\"target\":{\"@type\":\"EntryPoint\",\"urlTemplate\":\"https:\/\/hobstop.ee\/lv\/?s={search_term_string}\"},\"query-input\":{\"@type\":\"PropertyValueSpecification\",\"valueRequired\":true,\"valueName\":\"search_term_string\"}}],\"inLanguage\":\"lv-LV\"},{\"@type\":\"Organization\",\"@id\":\"https:\/\/hobstop.ee\/lv\/#organization\",\"name\":\"Vunder AS\",\"url\":\"https:\/\/hobstop.ee\/lv\/\",\"logo\":{\"@type\":\"ImageObject\",\"inLanguage\":\"lv-LV\",\"@id\":\"https:\/\/hobstop.ee\/lv\/#\/schema\/logo\/image\/\",\"url\":\"https:\/\/hobstop.ee\/media\/vunder-logo.png\",\"contentUrl\":\"https:\/\/hobstop.ee\/media\/vunder-logo.png\",\"width\":127,\"height\":55,\"caption\":\"Vunder AS\"},\"image\":{\"@id\":\"https:\/\/hobstop.ee\/lv\/#\/schema\/logo\/image\/\"},\"sameAs\":[\"http:\/\/www.facebook.com\/VunderSkizze\"]}]}<\/script>\n<!-- \/ Yoast SEO plugin. -->","yoast_head_json":{"title":"Rota\u013cu auto Automoblox Mini komplekts S9\/C9\/T9 &#8211; Skizze","robots":{"index":"noindex","follow":"follow","max-snippet":"max-snippet:-1","max-image-preview":"max-image-preview:large","max-video-preview":"max-video-preview:-1"},"og_locale":"lv_LV","og_type":"article","og_title":"Rota\u013cu auto Automoblox Mini komplekts S9\/C9\/T9 &#8211; Skizze","og_description":"T9 ir pikapa ma\u0161\u012bna, kur noz\u012bm\u012bg\u0101ko lomu sp\u0113l\u0113 kravas iekrau\u0161ana, tom\u0113r t\u0101 var lepoties ar grezniem diskiem. S9 ir vienk\u0101r\u0161s sedans, kura \u012bpa\u0161\u0101 v\u0113rt\u012bba ir iev\u0113r\u012bbas cien\u012bgie diski, k\u0101 ar\u012b C9 kupeja ar smalkiem diskiem, lai ar\u012b paties\u012bb\u0101 t\u0101 ir vienk\u0101r\u0161a un savald\u012bga ma\u0161\u012bna. Sast\u0101vda\u013cas: virsb\u016bve (9 deta\u013cas), diski (12gab.), riepas (12gab.), jumts (3gab.) Mini s\u0113rijas ma\u0161\u012bnu vid\u0113jais izm\u0113rs: 10.8&#215;6.4&#215;4.1cm Automoblox Mini ir samazin\u0101ta Automoblox Original produktu versija. \u012asteni n\u0101kotnes-retro iedvesmas automobi\u013ci, kas ir izteikti paroc\u012bgi un ar ko prieks sp\u0113l\u0113ties. Mini mode\u013cu deta\u013cas ir univers\u0101li savienojamas, \u013caujot savstarp\u0113ji savienot da\u017e\u0101du Mini ma\u0161\u012bnu deta\u013cas.\u00a0Ma\u0161\u012bnu virsb\u016bves ir izgatavotas no koka. Mini un Originals virsb\u016bvju deta\u013cas sav\u0101 starp\u0101 nav savienojamas. Piem\u0113rots b\u0113rniem vecum\u0101: 3+, satur s\u012bkas deta\u013cas.","og_url":"https:\/\/hobstop.ee\/lv\/produkts\/rotalu-auto-automoblox-mini-komplekts-s9c9t9\/","og_site_name":"Skizze","article_publisher":"http:\/\/www.facebook.com\/VunderSkizze","og_image":[{"width":1024,"height":768,"url":"https:\/\/www.hobstop.ee\/media\/3975.jpg","type":"image\/jpeg"}],"twitter_card":"summary_large_image","twitter_misc":{"Est. reading time":"1 min\u016b\u0161u"},"schema":{"@context":"https:\/\/schema.org","@graph":[{"@type":"WebPage","@id":"https:\/\/hobstop.ee\/lv\/produkts\/rotalu-auto-automoblox-mini-komplekts-s9c9t9\/","url":"https:\/\/hobstop.ee\/lv\/produkts\/rotalu-auto-automoblox-mini-komplekts-s9c9t9\/","name":"Rota\u013cu auto Automoblox Mini komplekts S9\/C9\/T9 &#8211; Skizze","isPartOf":{"@id":"https:\/\/hobstop.ee\/lv\/#website"},"primaryImageOfPage":{"@id":"https:\/\/hobstop.ee\/lv\/produkts\/rotalu-auto-automoblox-mini-komplekts-s9c9t9\/#primaryimage"},"image":{"@id":"https:\/\/hobstop.ee\/lv\/produkts\/rotalu-auto-automoblox-mini-komplekts-s9c9t9\/#primaryimage"},"thumbnailUrl":"https:\/\/hobstop.ee\/media\/3975.jpg","datePublished":"2015-07-04T17:00:26+00:00","dateModified":"2015-07-04T17:00:26+00:00","breadcrumb":{"@id":"https:\/\/hobstop.ee\/lv\/produkts\/rotalu-auto-automoblox-mini-komplekts-s9c9t9\/#breadcrumb"},"inLanguage":"lv-LV","potentialAction":[{"@type":"ReadAction","target":["https:\/\/hobstop.ee\/lv\/produkts\/rotalu-auto-automoblox-mini-komplekts-s9c9t9\/"]}]},{"@type":"ImageObject","inLanguage":"lv-LV","@id":"https:\/\/hobstop.ee\/lv\/produkts\/rotalu-auto-automoblox-mini-komplekts-s9c9t9\/#primaryimage","url":"https:\/\/hobstop.ee\/media\/3975.jpg","contentUrl":"https:\/\/hobstop.ee\/media\/3975.jpg","width":1024,"height":768},{"@type":"BreadcrumbList","@id":"https:\/\/hobstop.ee\/lv\/produkts\/rotalu-auto-automoblox-mini-komplekts-s9c9t9\/#breadcrumb","itemListElement":[{"@type":"ListItem","position":1,"name":"Avaleht","item":"https:\/\/www.hobstop.ee\/lv\/"},{"@type":"ListItem","position":2,"name":"Veikals","item":"https:\/\/www.hobstop.ee\/lv\/veikals\/"},{"@type":"ListItem","position":3,"name":"Rota\u013cu auto Automoblox Mini komplekts S9\/C9\/T9"}]},{"@type":"WebSite","@id":"https:\/\/hobstop.ee\/lv\/#website","url":"https:\/\/hobstop.ee\/lv\/","name":"Skizze","description":"M\u0101kslas, hobiju un skolas preces","publisher":{"@id":"https:\/\/hobstop.ee\/lv\/#organization"},"potentialAction":[{"@type":"SearchAction","target":{"@type":"EntryPoint","urlTemplate":"https:\/\/hobstop.ee\/lv\/?s={search_term_string}"},"query-input":{"@type":"PropertyValueSpecification","valueRequired":true,"valueName":"search_term_string"}}],"inLanguage":"lv-LV"},{"@type":"Organization","@id":"https:\/\/hobstop.ee\/lv\/#organization","name":"Vunder AS","url":"https:\/\/hobstop.ee\/lv\/","logo":{"@type":"ImageObject","inLanguage":"lv-LV","@id":"https:\/\/hobstop.ee\/lv\/#\/schema\/logo\/image\/","url":"https:\/\/hobstop.ee\/media\/vunder-logo.png","contentUrl":"https:\/\/hobstop.ee\/media\/vunder-logo.png","width":127,"height":55,"caption":"Vunder AS"},"image":{"@id":"https:\/\/hobstop.ee\/lv\/#\/schema\/logo\/image\/"},"sameAs":["http:\/\/www.facebook.com\/VunderSkizze"]}]}},"_links":{"self":[{"href":"https:\/\/hobstop.ee\/lv\/wp-json\/wp\/v2\/product\/137830","targetHints":{"allow":["GET"]}}],"collection":[{"href":"https:\/\/hobstop.ee\/lv\/wp-json\/wp\/v2\/product"}],"about":[{"href":"https:\/\/hobstop.ee\/lv\/wp-json\/wp\/v2\/types\/product"}],"replies":[{"embeddable":true,"href":"https:\/\/hobstop.ee\/lv\/wp-json\/wp\/v2\/comments?post=137830"}],"wp:featuredmedia":[{"embeddable":true,"href":"https:\/\/hobstop.ee\/lv\/wp-json\/wp\/v2\/media\/204623"}],"wp:attachment":[{"href":"https:\/\/hobstop.ee\/lv\/wp-json\/wp\/v2\/media?parent=137830"}],"wp:term":[{"taxonomy":"product_cat","embeddable":true,"href":"https:\/\/hobstop.ee\/lv\/wp-json\/wp\/v2\/product_cat?post=137830"},{"taxonomy":"product_tag","embeddable":true,"href":"https:\/\/hobstop.ee\/lv\/wp-json\/wp\/v2\/product_tag?post=137830"}],"curies":[{"name":"wp","href":"https:\/\/api.w.org\/{rel}","templated":true}]}}