{"id":185183,"date":"2015-08-01T02:02:36","date_gmt":"2015-07-31T23:02:41","guid":{"rendered":"http:\/\/vunder-ee.sn25.zone.eu\/lv\/product\/pastelpapirs-canson-ingres-vidalon-100g-50x65cm\/"},"modified":"2015-08-01T02:02:41","modified_gmt":"2015-07-31T23:02:41","slug":"pastelpapirs-canson-ingres-vidalon-100g-50x65cm","status":"publish","type":"product","link":"https:\/\/hobstop.ee\/lv\/produkts\/pastelpapirs-canson-ingres-vidalon-100g-50x65cm\/","title":{"rendered":"Paste\u013cpap\u012brs Canson Ingres Vidalon 100g 50x65cm"},"content":{"rendered":"<p>Canson Ingres Vidalon ir augst\u0101k\u0101s kvalit\u0101tes \u016bdensl\u012bniju z\u012bm\u0113\u0161anas pap\u012brs ar t\u0101d\u0101m pat \u012bpa\u0161\u012bb\u0101m, k\u0101 Canson Mi-teintes. Tas ir ide\u0101li piem\u0113rots darbam sausaj\u0101s tehnik\u0101s: ar paste\u013ciem, z\u012bmuli, ogli, sangvina z\u012bm\u0113jumiem un pat m\u0101kslinieciskajai apdrukai. Tas satur vair\u0101k nek\u0101 50% kokvilnas un t\u0101 virsma ir p\u0101rkl\u0101ta ar \u017eelat\u012bnu, kas nodro\u0161ina gan lielisku iztur\u012bbu, gan teicamu kr\u0101su izteiksm\u012bbu. Canson Ingres Vidalon ir sk\u0101bes nesaturo\u0161s, bufer\u0113ts un pret pel\u0113jumu iztur\u012bgs pap\u012brs, kas ra\u017eots neitr\u0101l\u0101 vid\u0113 (iz\u0146emot melno kr\u0101sas toni) un kam piem\u012bt lieliska aizsardz\u012bba pret noveco\u0161anos. Kr\u0101sota celuloze.<br \/>\nIde\u0101li piem\u0113rots: paste\u013cu, kr\u012bta, ogles, sangvina un z\u012bmu\u013ca tehnikai<br \/>\nPiem\u0113rots ar\u012b: tint\u0113m un m\u0101r\u0137ieriem<\/p>\n","protected":false},"excerpt":{"rendered":"<p>Canson Ingres Vidalon ir augst\u0101k\u0101s kvalit\u0101tes \u016bdensl\u012bniju z\u012bm\u0113\u0161anas pap\u012brs ar t\u0101d\u0101m pat \u012bpa\u0161\u012bb\u0101m, k\u0101 Canson Mi-teintes. Tas ir ide\u0101li piem\u0113rots darbam sausaj\u0101s tehnik\u0101s: ar paste\u013ciem, z\u012bmuli, ogli, sangvina z\u012bm\u0113jumiem un pat m\u0101kslinieciskajai apdrukai. Tas satur vair\u0101k nek\u0101 50% kokvilnas un t\u0101 virsma ir p\u0101rkl\u0101ta ar \u017eelat\u012bnu, kas nodro\u0161ina gan lielisku iztur\u012bbu, gan teicamu kr\u0101su izteiksm\u012bbu. Canson Ingres Vidalon ir sk\u0101bes nesaturo\u0161s, bufer\u0113ts un pret pel\u0113jumu iztur\u012bgs pap\u012brs, kas ra\u017eots neitr\u0101l\u0101 vid\u0113 (iz\u0146emot melno kr\u0101sas toni) un kam piem\u012bt lieliska aizsardz\u012bba pret noveco\u0161anos. Kr\u0101sota celuloze. Ide\u0101li piem\u0113rots: paste\u013cu, kr\u012bta, ogles, sangvina un z\u012bmu\u013ca tehnikai Piem\u0113rots ar\u012b: tint\u0113m un m\u0101r\u0137ieriem<\/p>\n","protected":false},"featured_media":204255,"comment_status":"closed","ping_status":"closed","template":"","meta":{"_acf_changed":false,"ep_exclude_from_search":false},"product_cat":[18943,17921,19024],"product_tag":[],"class_list":{"0":"post-185183","1":"product","2":"type-product","3":"status-publish","4":"has-post-thumbnail","6":"product_cat-makslas-papirs-un-kartons-2","7":"product_cat-papira-izstradajumi","8":"product_cat-zimesanas-papirs-un-bloki-3","10":"first","11":"instock","12":"taxable","13":"shipping-taxable","14":"purchasable","15":"product-type-variable"},"acf":[],"yoast_head":"<!-- This site is optimized with the Yoast SEO plugin v24.1 - https:\/\/yoast.com\/wordpress\/plugins\/seo\/ -->\n<title>Paste\u013cpap\u012brs Canson Ingres Vidalon 100g 50x65cm &#8211; Skizze<\/title>\n<meta name=\"robots\" content=\"noindex, follow, max-snippet:-1, max-image-preview:large, max-video-preview:-1\" \/>\n<meta property=\"og:locale\" content=\"lv_LV\" \/>\n<meta property=\"og:type\" content=\"article\" \/>\n<meta property=\"og:title\" content=\"Paste\u013cpap\u012brs Canson Ingres Vidalon 100g 50x65cm &#8211; Skizze\" \/>\n<meta property=\"og:description\" content=\"Canson Ingres Vidalon ir augst\u0101k\u0101s kvalit\u0101tes \u016bdensl\u012bniju z\u012bm\u0113\u0161anas pap\u012brs ar t\u0101d\u0101m pat \u012bpa\u0161\u012bb\u0101m, k\u0101 Canson Mi-teintes. Tas ir ide\u0101li piem\u0113rots darbam sausaj\u0101s tehnik\u0101s: ar paste\u013ciem, z\u012bmuli, ogli, sangvina z\u012bm\u0113jumiem un pat m\u0101kslinieciskajai apdrukai. Tas satur vair\u0101k nek\u0101 50% kokvilnas un t\u0101 virsma ir p\u0101rkl\u0101ta ar \u017eelat\u012bnu, kas nodro\u0161ina gan lielisku iztur\u012bbu, gan teicamu kr\u0101su izteiksm\u012bbu. Canson Ingres Vidalon ir sk\u0101bes nesaturo\u0161s, bufer\u0113ts un pret pel\u0113jumu iztur\u012bgs pap\u012brs, kas ra\u017eots neitr\u0101l\u0101 vid\u0113 (iz\u0146emot melno kr\u0101sas toni) un kam piem\u012bt lieliska aizsardz\u012bba pret noveco\u0161anos. Kr\u0101sota celuloze. Ide\u0101li piem\u0113rots: paste\u013cu, kr\u012bta, ogles, sangvina un z\u012bmu\u013ca tehnikai Piem\u0113rots ar\u012b: tint\u0113m un m\u0101r\u0137ieriem\" \/>\n<meta property=\"og:url\" content=\"https:\/\/hobstop.ee\/lv\/produkts\/pastelpapirs-canson-ingres-vidalon-100g-50x65cm\/\" \/>\n<meta property=\"og:site_name\" content=\"Skizze\" \/>\n<meta property=\"article:publisher\" content=\"http:\/\/www.facebook.com\/VunderSkizze\" \/>\n<meta property=\"og:image\" content=\"https:\/\/www.hobstop.ee\/media\/1383.jpg\" \/>\n\t<meta property=\"og:image:width\" content=\"1024\" \/>\n\t<meta property=\"og:image:height\" content=\"768\" \/>\n\t<meta property=\"og:image:type\" content=\"image\/jpeg\" \/>\n<meta name=\"twitter:card\" content=\"summary_large_image\" \/>\n<meta name=\"twitter:label1\" content=\"Est. reading time\" \/>\n\t<meta name=\"twitter:data1\" content=\"1 min\u016b\u0161u\" \/>\n<script type=\"application\/ld+json\" class=\"yoast-schema-graph\">{\"@context\":\"https:\/\/schema.org\",\"@graph\":[{\"@type\":\"WebPage\",\"@id\":\"https:\/\/hobstop.ee\/lv\/produkts\/pastelpapirs-canson-ingres-vidalon-100g-50x65cm\/\",\"url\":\"https:\/\/hobstop.ee\/lv\/produkts\/pastelpapirs-canson-ingres-vidalon-100g-50x65cm\/\",\"name\":\"Paste\u013cpap\u012brs Canson Ingres Vidalon 100g 50x65cm &#8211; Skizze\",\"isPartOf\":{\"@id\":\"https:\/\/hobstop.ee\/lv\/#website\"},\"primaryImageOfPage\":{\"@id\":\"https:\/\/hobstop.ee\/lv\/produkts\/pastelpapirs-canson-ingres-vidalon-100g-50x65cm\/#primaryimage\"},\"image\":{\"@id\":\"https:\/\/hobstop.ee\/lv\/produkts\/pastelpapirs-canson-ingres-vidalon-100g-50x65cm\/#primaryimage\"},\"thumbnailUrl\":\"https:\/\/hobstop.ee\/media\/1383.jpg\",\"datePublished\":\"2015-07-31T23:02:41+00:00\",\"dateModified\":\"2015-07-31T23:02:41+00:00\",\"breadcrumb\":{\"@id\":\"https:\/\/hobstop.ee\/lv\/produkts\/pastelpapirs-canson-ingres-vidalon-100g-50x65cm\/#breadcrumb\"},\"inLanguage\":\"lv-LV\",\"potentialAction\":[{\"@type\":\"ReadAction\",\"target\":[\"https:\/\/hobstop.ee\/lv\/produkts\/pastelpapirs-canson-ingres-vidalon-100g-50x65cm\/\"]}]},{\"@type\":\"ImageObject\",\"inLanguage\":\"lv-LV\",\"@id\":\"https:\/\/hobstop.ee\/lv\/produkts\/pastelpapirs-canson-ingres-vidalon-100g-50x65cm\/#primaryimage\",\"url\":\"https:\/\/hobstop.ee\/media\/1383.jpg\",\"contentUrl\":\"https:\/\/hobstop.ee\/media\/1383.jpg\",\"width\":1024,\"height\":768},{\"@type\":\"BreadcrumbList\",\"@id\":\"https:\/\/hobstop.ee\/lv\/produkts\/pastelpapirs-canson-ingres-vidalon-100g-50x65cm\/#breadcrumb\",\"itemListElement\":[{\"@type\":\"ListItem\",\"position\":1,\"name\":\"Avaleht\",\"item\":\"https:\/\/www.hobstop.ee\/lv\/\"},{\"@type\":\"ListItem\",\"position\":2,\"name\":\"Veikals\",\"item\":\"https:\/\/www.hobstop.ee\/lv\/veikals\/\"},{\"@type\":\"ListItem\",\"position\":3,\"name\":\"Paste\u013cpap\u012brs Canson Ingres Vidalon 100g 50x65cm\"}]},{\"@type\":\"WebSite\",\"@id\":\"https:\/\/hobstop.ee\/lv\/#website\",\"url\":\"https:\/\/hobstop.ee\/lv\/\",\"name\":\"Skizze\",\"description\":\"M\u0101kslas, hobiju un skolas preces\",\"publisher\":{\"@id\":\"https:\/\/hobstop.ee\/lv\/#organization\"},\"potentialAction\":[{\"@type\":\"SearchAction\",\"target\":{\"@type\":\"EntryPoint\",\"urlTemplate\":\"https:\/\/hobstop.ee\/lv\/?s={search_term_string}\"},\"query-input\":{\"@type\":\"PropertyValueSpecification\",\"valueRequired\":true,\"valueName\":\"search_term_string\"}}],\"inLanguage\":\"lv-LV\"},{\"@type\":\"Organization\",\"@id\":\"https:\/\/hobstop.ee\/lv\/#organization\",\"name\":\"Vunder AS\",\"url\":\"https:\/\/hobstop.ee\/lv\/\",\"logo\":{\"@type\":\"ImageObject\",\"inLanguage\":\"lv-LV\",\"@id\":\"https:\/\/hobstop.ee\/lv\/#\/schema\/logo\/image\/\",\"url\":\"https:\/\/hobstop.ee\/media\/vunder-logo.png\",\"contentUrl\":\"https:\/\/hobstop.ee\/media\/vunder-logo.png\",\"width\":127,\"height\":55,\"caption\":\"Vunder AS\"},\"image\":{\"@id\":\"https:\/\/hobstop.ee\/lv\/#\/schema\/logo\/image\/\"},\"sameAs\":[\"http:\/\/www.facebook.com\/VunderSkizze\"]}]}<\/script>\n<!-- \/ Yoast SEO plugin. -->","yoast_head_json":{"title":"Paste\u013cpap\u012brs Canson Ingres Vidalon 100g 50x65cm &#8211; Skizze","robots":{"index":"noindex","follow":"follow","max-snippet":"max-snippet:-1","max-image-preview":"max-image-preview:large","max-video-preview":"max-video-preview:-1"},"og_locale":"lv_LV","og_type":"article","og_title":"Paste\u013cpap\u012brs Canson Ingres Vidalon 100g 50x65cm &#8211; Skizze","og_description":"Canson Ingres Vidalon ir augst\u0101k\u0101s kvalit\u0101tes \u016bdensl\u012bniju z\u012bm\u0113\u0161anas pap\u012brs ar t\u0101d\u0101m pat \u012bpa\u0161\u012bb\u0101m, k\u0101 Canson Mi-teintes. Tas ir ide\u0101li piem\u0113rots darbam sausaj\u0101s tehnik\u0101s: ar paste\u013ciem, z\u012bmuli, ogli, sangvina z\u012bm\u0113jumiem un pat m\u0101kslinieciskajai apdrukai. Tas satur vair\u0101k nek\u0101 50% kokvilnas un t\u0101 virsma ir p\u0101rkl\u0101ta ar \u017eelat\u012bnu, kas nodro\u0161ina gan lielisku iztur\u012bbu, gan teicamu kr\u0101su izteiksm\u012bbu. Canson Ingres Vidalon ir sk\u0101bes nesaturo\u0161s, bufer\u0113ts un pret pel\u0113jumu iztur\u012bgs pap\u012brs, kas ra\u017eots neitr\u0101l\u0101 vid\u0113 (iz\u0146emot melno kr\u0101sas toni) un kam piem\u012bt lieliska aizsardz\u012bba pret noveco\u0161anos. Kr\u0101sota celuloze. Ide\u0101li piem\u0113rots: paste\u013cu, kr\u012bta, ogles, sangvina un z\u012bmu\u013ca tehnikai Piem\u0113rots ar\u012b: tint\u0113m un m\u0101r\u0137ieriem","og_url":"https:\/\/hobstop.ee\/lv\/produkts\/pastelpapirs-canson-ingres-vidalon-100g-50x65cm\/","og_site_name":"Skizze","article_publisher":"http:\/\/www.facebook.com\/VunderSkizze","og_image":[{"width":1024,"height":768,"url":"https:\/\/www.hobstop.ee\/media\/1383.jpg","type":"image\/jpeg"}],"twitter_card":"summary_large_image","twitter_misc":{"Est. reading time":"1 min\u016b\u0161u"},"schema":{"@context":"https:\/\/schema.org","@graph":[{"@type":"WebPage","@id":"https:\/\/hobstop.ee\/lv\/produkts\/pastelpapirs-canson-ingres-vidalon-100g-50x65cm\/","url":"https:\/\/hobstop.ee\/lv\/produkts\/pastelpapirs-canson-ingres-vidalon-100g-50x65cm\/","name":"Paste\u013cpap\u012brs Canson Ingres Vidalon 100g 50x65cm &#8211; Skizze","isPartOf":{"@id":"https:\/\/hobstop.ee\/lv\/#website"},"primaryImageOfPage":{"@id":"https:\/\/hobstop.ee\/lv\/produkts\/pastelpapirs-canson-ingres-vidalon-100g-50x65cm\/#primaryimage"},"image":{"@id":"https:\/\/hobstop.ee\/lv\/produkts\/pastelpapirs-canson-ingres-vidalon-100g-50x65cm\/#primaryimage"},"thumbnailUrl":"https:\/\/hobstop.ee\/media\/1383.jpg","datePublished":"2015-07-31T23:02:41+00:00","dateModified":"2015-07-31T23:02:41+00:00","breadcrumb":{"@id":"https:\/\/hobstop.ee\/lv\/produkts\/pastelpapirs-canson-ingres-vidalon-100g-50x65cm\/#breadcrumb"},"inLanguage":"lv-LV","potentialAction":[{"@type":"ReadAction","target":["https:\/\/hobstop.ee\/lv\/produkts\/pastelpapirs-canson-ingres-vidalon-100g-50x65cm\/"]}]},{"@type":"ImageObject","inLanguage":"lv-LV","@id":"https:\/\/hobstop.ee\/lv\/produkts\/pastelpapirs-canson-ingres-vidalon-100g-50x65cm\/#primaryimage","url":"https:\/\/hobstop.ee\/media\/1383.jpg","contentUrl":"https:\/\/hobstop.ee\/media\/1383.jpg","width":1024,"height":768},{"@type":"BreadcrumbList","@id":"https:\/\/hobstop.ee\/lv\/produkts\/pastelpapirs-canson-ingres-vidalon-100g-50x65cm\/#breadcrumb","itemListElement":[{"@type":"ListItem","position":1,"name":"Avaleht","item":"https:\/\/www.hobstop.ee\/lv\/"},{"@type":"ListItem","position":2,"name":"Veikals","item":"https:\/\/www.hobstop.ee\/lv\/veikals\/"},{"@type":"ListItem","position":3,"name":"Paste\u013cpap\u012brs Canson Ingres Vidalon 100g 50x65cm"}]},{"@type":"WebSite","@id":"https:\/\/hobstop.ee\/lv\/#website","url":"https:\/\/hobstop.ee\/lv\/","name":"Skizze","description":"M\u0101kslas, hobiju un skolas preces","publisher":{"@id":"https:\/\/hobstop.ee\/lv\/#organization"},"potentialAction":[{"@type":"SearchAction","target":{"@type":"EntryPoint","urlTemplate":"https:\/\/hobstop.ee\/lv\/?s={search_term_string}"},"query-input":{"@type":"PropertyValueSpecification","valueRequired":true,"valueName":"search_term_string"}}],"inLanguage":"lv-LV"},{"@type":"Organization","@id":"https:\/\/hobstop.ee\/lv\/#organization","name":"Vunder AS","url":"https:\/\/hobstop.ee\/lv\/","logo":{"@type":"ImageObject","inLanguage":"lv-LV","@id":"https:\/\/hobstop.ee\/lv\/#\/schema\/logo\/image\/","url":"https:\/\/hobstop.ee\/media\/vunder-logo.png","contentUrl":"https:\/\/hobstop.ee\/media\/vunder-logo.png","width":127,"height":55,"caption":"Vunder AS"},"image":{"@id":"https:\/\/hobstop.ee\/lv\/#\/schema\/logo\/image\/"},"sameAs":["http:\/\/www.facebook.com\/VunderSkizze"]}]}},"_links":{"self":[{"href":"https:\/\/hobstop.ee\/lv\/wp-json\/wp\/v2\/product\/185183","targetHints":{"allow":["GET"]}}],"collection":[{"href":"https:\/\/hobstop.ee\/lv\/wp-json\/wp\/v2\/product"}],"about":[{"href":"https:\/\/hobstop.ee\/lv\/wp-json\/wp\/v2\/types\/product"}],"replies":[{"embeddable":true,"href":"https:\/\/hobstop.ee\/lv\/wp-json\/wp\/v2\/comments?post=185183"}],"wp:featuredmedia":[{"embeddable":true,"href":"https:\/\/hobstop.ee\/lv\/wp-json\/wp\/v2\/media\/204255"}],"wp:attachment":[{"href":"https:\/\/hobstop.ee\/lv\/wp-json\/wp\/v2\/media?parent=185183"}],"wp:term":[{"taxonomy":"product_cat","embeddable":true,"href":"https:\/\/hobstop.ee\/lv\/wp-json\/wp\/v2\/product_cat?post=185183"},{"taxonomy":"product_tag","embeddable":true,"href":"https:\/\/hobstop.ee\/lv\/wp-json\/wp\/v2\/product_tag?post=185183"}],"curies":[{"name":"wp","href":"https:\/\/api.w.org\/{rel}","templated":true}]}}