{"id":185199,"date":"2015-08-01T02:03:18","date_gmt":"2015-07-31T23:03:24","guid":{"rendered":"http:\/\/vunder-ee.sn25.zone.eu\/lv\/product\/zids-crepe-satin-12-5-90cm\/"},"modified":"2015-08-01T02:03:24","modified_gmt":"2015-07-31T23:03:24","slug":"zids-rulli-crepe-satin-12-5","status":"publish","type":"product","link":"https:\/\/hobstop.ee\/lv\/produkts\/zids-rulli-crepe-satin-12-5\/","title":{"rendered":"Z\u012bds rull\u012b Crepe Satin 12.5"},"content":{"rendered":"<p>\u013boti daudzveid\u012bgi izmantojams, divpus\u012bgs materi\u0101ls. T\u0101 aug\u0161\u0113j\u0101 puse ir stiklaini mirdzo\u0161a sat\u012bna virsma.  Savuk\u0101rt aizmugure ir Cr\u00eape de Chine l\u012bdz\u012bga, mat\u0113ta virsma.  Cr\u00eape de Chine v\u0113sture ir \u013coti interesanta:  audums tika gatavots k\u0101 mat\u0113ts z\u012bda kreps, kura apak\u0161\u0113j\u0101 pus\u0113 bija j\u0101b\u016bt gludai oderes virsmai.  V\u0113l\u0101k liel\u0101ku popularit\u0101ti ieguva sp\u012bdums un krepa sat\u012bns tika &#8220;izgriezts un kreiso pusi&#8221;.  Krepa sat\u012bns 12.5 ir m\u012bksti kr\u012bto\u0161s, neburz\u012bgs audums, kas lieliski izce\u013c kr\u0101su vitalit\u0101ti un pies\u0101tin\u0101t\u012bbu.  Glud\u0101 virsma glu\u017ei k\u0101 aicina gleznot, kr\u0101sot un druk\u0101t. Vid\u0113ji smagais audums ir ide\u0101li piem\u0113rots vieglu bl\u016b\u017eu, tuniku un citu l\u012bdz\u012bgu ap\u0123\u0113rbu izgatavo\u0161anai.  No \u0161\u012b materi\u0101la izgatavotas \u0161alles, lakati un plecu \u0161alles un gurnu aps\u0113ji b\u016bs katras valk\u0101t\u0101jas lepnums.<\/p>\n","protected":false},"excerpt":{"rendered":"<p>\u013boti daudzveid\u012bgi izmantojams, divpus\u012bgs materi\u0101ls. T\u0101 aug\u0161\u0113j\u0101 puse ir stiklaini mirdzo\u0161a sat\u012bna virsma. Savuk\u0101rt aizmugure ir Cr\u00eape de Chine l\u012bdz\u012bga, mat\u0113ta virsma. Cr\u00eape de Chine v\u0113sture ir \u013coti interesanta: audums tika gatavots k\u0101 mat\u0113ts z\u012bda kreps, kura apak\u0161\u0113j\u0101 pus\u0113 bija j\u0101b\u016bt gludai oderes virsmai. V\u0113l\u0101k liel\u0101ku popularit\u0101ti ieguva sp\u012bdums un krepa sat\u012bns tika &#8220;izgriezts un kreiso pusi&#8221;. Krepa sat\u012bns 12.5 ir m\u012bksti kr\u012bto\u0161s, neburz\u012bgs audums, kas lieliski izce\u013c kr\u0101su vitalit\u0101ti un pies\u0101tin\u0101t\u012bbu. Glud\u0101 virsma glu\u017ei k\u0101 aicina gleznot, kr\u0101sot un druk\u0101t. Vid\u0113ji smagais audums ir ide\u0101li piem\u0113rots vieglu bl\u016b\u017eu, tuniku un citu l\u012bdz\u012bgu ap\u0123\u0113rbu izgatavo\u0161anai. No \u0161\u012b materi\u0101la izgatavotas \u0161alles, lakati un plecu \u0161alles un gurnu aps\u0113ji b\u016bs katras valk\u0101t\u0101jas lepnums.<\/p>\n","protected":false},"featured_media":204275,"comment_status":"closed","ping_status":"closed","template":"","meta":{"_acf_changed":false,"ep_exclude_from_search":false},"product_cat":[17918,17971,18305],"product_tag":[],"class_list":{"0":"post-185199","1":"product","2":"type-product","3":"status-publish","4":"has-post-thumbnail","6":"product_cat-preces-hobijiem","7":"product_cat-sagataves","8":"product_cat-zids","10":"first","11":"outofstock","12":"taxable","13":"shipping-taxable","14":"purchasable","15":"product-type-variable"},"acf":[],"yoast_head":"<!-- This site is optimized with the Yoast SEO plugin v24.1 - https:\/\/yoast.com\/wordpress\/plugins\/seo\/ -->\n<title>Z\u012bds rull\u012b Crepe Satin 12.5 &#8211; Skizze<\/title>\n<meta name=\"robots\" content=\"noindex, follow, max-snippet:-1, max-image-preview:large, max-video-preview:-1\" \/>\n<meta property=\"og:locale\" content=\"lv_LV\" \/>\n<meta property=\"og:type\" content=\"article\" \/>\n<meta property=\"og:title\" content=\"Z\u012bds rull\u012b Crepe Satin 12.5 &#8211; Skizze\" \/>\n<meta property=\"og:description\" content=\"\u013boti daudzveid\u012bgi izmantojams, divpus\u012bgs materi\u0101ls. T\u0101 aug\u0161\u0113j\u0101 puse ir stiklaini mirdzo\u0161a sat\u012bna virsma. Savuk\u0101rt aizmugure ir Cr\u00eape de Chine l\u012bdz\u012bga, mat\u0113ta virsma. Cr\u00eape de Chine v\u0113sture ir \u013coti interesanta: audums tika gatavots k\u0101 mat\u0113ts z\u012bda kreps, kura apak\u0161\u0113j\u0101 pus\u0113 bija j\u0101b\u016bt gludai oderes virsmai. V\u0113l\u0101k liel\u0101ku popularit\u0101ti ieguva sp\u012bdums un krepa sat\u012bns tika &#8220;izgriezts un kreiso pusi&#8221;. Krepa sat\u012bns 12.5 ir m\u012bksti kr\u012bto\u0161s, neburz\u012bgs audums, kas lieliski izce\u013c kr\u0101su vitalit\u0101ti un pies\u0101tin\u0101t\u012bbu. Glud\u0101 virsma glu\u017ei k\u0101 aicina gleznot, kr\u0101sot un druk\u0101t. Vid\u0113ji smagais audums ir ide\u0101li piem\u0113rots vieglu bl\u016b\u017eu, tuniku un citu l\u012bdz\u012bgu ap\u0123\u0113rbu izgatavo\u0161anai. No \u0161\u012b materi\u0101la izgatavotas \u0161alles, lakati un plecu \u0161alles un gurnu aps\u0113ji b\u016bs katras valk\u0101t\u0101jas lepnums.\" \/>\n<meta property=\"og:url\" content=\"https:\/\/hobstop.ee\/lv\/produkts\/zids-rulli-crepe-satin-12-5\/\" \/>\n<meta property=\"og:site_name\" content=\"Skizze\" \/>\n<meta property=\"article:publisher\" content=\"http:\/\/www.facebook.com\/VunderSkizze\" \/>\n<meta property=\"og:image\" content=\"https:\/\/hobstop.ee\/media\/2449.jpg\" \/>\n\t<meta property=\"og:image:width\" content=\"270\" \/>\n\t<meta property=\"og:image:height\" content=\"271\" \/>\n\t<meta property=\"og:image:type\" content=\"image\/jpeg\" \/>\n<meta name=\"twitter:card\" content=\"summary_large_image\" \/>\n<meta name=\"twitter:label1\" content=\"Est. reading time\" \/>\n\t<meta name=\"twitter:data1\" content=\"1 min\u016b\u0161u\" \/>\n<script type=\"application\/ld+json\" class=\"yoast-schema-graph\">{\"@context\":\"https:\/\/schema.org\",\"@graph\":[{\"@type\":\"WebPage\",\"@id\":\"https:\/\/hobstop.ee\/lv\/produkts\/zids-rulli-crepe-satin-12-5\/\",\"url\":\"https:\/\/hobstop.ee\/lv\/produkts\/zids-rulli-crepe-satin-12-5\/\",\"name\":\"Z\u012bds rull\u012b Crepe Satin 12.5 &#8211; Skizze\",\"isPartOf\":{\"@id\":\"https:\/\/hobstop.ee\/lv\/#website\"},\"primaryImageOfPage\":{\"@id\":\"https:\/\/hobstop.ee\/lv\/produkts\/zids-rulli-crepe-satin-12-5\/#primaryimage\"},\"image\":{\"@id\":\"https:\/\/hobstop.ee\/lv\/produkts\/zids-rulli-crepe-satin-12-5\/#primaryimage\"},\"thumbnailUrl\":\"https:\/\/hobstop.ee\/media\/2449.jpg\",\"datePublished\":\"2015-07-31T23:03:24+00:00\",\"dateModified\":\"2015-07-31T23:03:24+00:00\",\"breadcrumb\":{\"@id\":\"https:\/\/hobstop.ee\/lv\/produkts\/zids-rulli-crepe-satin-12-5\/#breadcrumb\"},\"inLanguage\":\"lv-LV\",\"potentialAction\":[{\"@type\":\"ReadAction\",\"target\":[\"https:\/\/hobstop.ee\/lv\/produkts\/zids-rulli-crepe-satin-12-5\/\"]}]},{\"@type\":\"ImageObject\",\"inLanguage\":\"lv-LV\",\"@id\":\"https:\/\/hobstop.ee\/lv\/produkts\/zids-rulli-crepe-satin-12-5\/#primaryimage\",\"url\":\"https:\/\/hobstop.ee\/media\/2449.jpg\",\"contentUrl\":\"https:\/\/hobstop.ee\/media\/2449.jpg\",\"width\":270,\"height\":271},{\"@type\":\"BreadcrumbList\",\"@id\":\"https:\/\/hobstop.ee\/lv\/produkts\/zids-rulli-crepe-satin-12-5\/#breadcrumb\",\"itemListElement\":[{\"@type\":\"ListItem\",\"position\":1,\"name\":\"Avaleht\",\"item\":\"https:\/\/hobstop.ee\/lv\/\"},{\"@type\":\"ListItem\",\"position\":2,\"name\":\"Veikals\",\"item\":\"https:\/\/hobstop.ee\/lv\/veikals\/\"},{\"@type\":\"ListItem\",\"position\":3,\"name\":\"Z\u012bds rull\u012b Crepe Satin 12.5\"}]},{\"@type\":\"WebSite\",\"@id\":\"https:\/\/hobstop.ee\/lv\/#website\",\"url\":\"https:\/\/hobstop.ee\/lv\/\",\"name\":\"Skizze\",\"description\":\"M\u0101kslas, hobiju un skolas preces\",\"publisher\":{\"@id\":\"https:\/\/hobstop.ee\/lv\/#organization\"},\"potentialAction\":[{\"@type\":\"SearchAction\",\"target\":{\"@type\":\"EntryPoint\",\"urlTemplate\":\"https:\/\/hobstop.ee\/lv\/?s={search_term_string}\"},\"query-input\":{\"@type\":\"PropertyValueSpecification\",\"valueRequired\":true,\"valueName\":\"search_term_string\"}}],\"inLanguage\":\"lv-LV\"},{\"@type\":\"Organization\",\"@id\":\"https:\/\/hobstop.ee\/lv\/#organization\",\"name\":\"Vunder AS\",\"url\":\"https:\/\/hobstop.ee\/lv\/\",\"logo\":{\"@type\":\"ImageObject\",\"inLanguage\":\"lv-LV\",\"@id\":\"https:\/\/hobstop.ee\/lv\/#\/schema\/logo\/image\/\",\"url\":\"https:\/\/hobstop.ee\/media\/vunder-logo.png\",\"contentUrl\":\"https:\/\/hobstop.ee\/media\/vunder-logo.png\",\"width\":127,\"height\":55,\"caption\":\"Vunder AS\"},\"image\":{\"@id\":\"https:\/\/hobstop.ee\/lv\/#\/schema\/logo\/image\/\"},\"sameAs\":[\"http:\/\/www.facebook.com\/VunderSkizze\"]}]}<\/script>\n<!-- \/ Yoast SEO plugin. -->","yoast_head_json":{"title":"Z\u012bds rull\u012b Crepe Satin 12.5 &#8211; Skizze","robots":{"index":"noindex","follow":"follow","max-snippet":"max-snippet:-1","max-image-preview":"max-image-preview:large","max-video-preview":"max-video-preview:-1"},"og_locale":"lv_LV","og_type":"article","og_title":"Z\u012bds rull\u012b Crepe Satin 12.5 &#8211; Skizze","og_description":"\u013boti daudzveid\u012bgi izmantojams, divpus\u012bgs materi\u0101ls. T\u0101 aug\u0161\u0113j\u0101 puse ir stiklaini mirdzo\u0161a sat\u012bna virsma. Savuk\u0101rt aizmugure ir Cr\u00eape de Chine l\u012bdz\u012bga, mat\u0113ta virsma. Cr\u00eape de Chine v\u0113sture ir \u013coti interesanta: audums tika gatavots k\u0101 mat\u0113ts z\u012bda kreps, kura apak\u0161\u0113j\u0101 pus\u0113 bija j\u0101b\u016bt gludai oderes virsmai. V\u0113l\u0101k liel\u0101ku popularit\u0101ti ieguva sp\u012bdums un krepa sat\u012bns tika &#8220;izgriezts un kreiso pusi&#8221;. Krepa sat\u012bns 12.5 ir m\u012bksti kr\u012bto\u0161s, neburz\u012bgs audums, kas lieliski izce\u013c kr\u0101su vitalit\u0101ti un pies\u0101tin\u0101t\u012bbu. Glud\u0101 virsma glu\u017ei k\u0101 aicina gleznot, kr\u0101sot un druk\u0101t. Vid\u0113ji smagais audums ir ide\u0101li piem\u0113rots vieglu bl\u016b\u017eu, tuniku un citu l\u012bdz\u012bgu ap\u0123\u0113rbu izgatavo\u0161anai. No \u0161\u012b materi\u0101la izgatavotas \u0161alles, lakati un plecu \u0161alles un gurnu aps\u0113ji b\u016bs katras valk\u0101t\u0101jas lepnums.","og_url":"https:\/\/hobstop.ee\/lv\/produkts\/zids-rulli-crepe-satin-12-5\/","og_site_name":"Skizze","article_publisher":"http:\/\/www.facebook.com\/VunderSkizze","og_image":[{"width":270,"height":271,"url":"https:\/\/hobstop.ee\/media\/2449.jpg","type":"image\/jpeg"}],"twitter_card":"summary_large_image","twitter_misc":{"Est. reading time":"1 min\u016b\u0161u"},"schema":{"@context":"https:\/\/schema.org","@graph":[{"@type":"WebPage","@id":"https:\/\/hobstop.ee\/lv\/produkts\/zids-rulli-crepe-satin-12-5\/","url":"https:\/\/hobstop.ee\/lv\/produkts\/zids-rulli-crepe-satin-12-5\/","name":"Z\u012bds rull\u012b Crepe Satin 12.5 &#8211; Skizze","isPartOf":{"@id":"https:\/\/hobstop.ee\/lv\/#website"},"primaryImageOfPage":{"@id":"https:\/\/hobstop.ee\/lv\/produkts\/zids-rulli-crepe-satin-12-5\/#primaryimage"},"image":{"@id":"https:\/\/hobstop.ee\/lv\/produkts\/zids-rulli-crepe-satin-12-5\/#primaryimage"},"thumbnailUrl":"https:\/\/hobstop.ee\/media\/2449.jpg","datePublished":"2015-07-31T23:03:24+00:00","dateModified":"2015-07-31T23:03:24+00:00","breadcrumb":{"@id":"https:\/\/hobstop.ee\/lv\/produkts\/zids-rulli-crepe-satin-12-5\/#breadcrumb"},"inLanguage":"lv-LV","potentialAction":[{"@type":"ReadAction","target":["https:\/\/hobstop.ee\/lv\/produkts\/zids-rulli-crepe-satin-12-5\/"]}]},{"@type":"ImageObject","inLanguage":"lv-LV","@id":"https:\/\/hobstop.ee\/lv\/produkts\/zids-rulli-crepe-satin-12-5\/#primaryimage","url":"https:\/\/hobstop.ee\/media\/2449.jpg","contentUrl":"https:\/\/hobstop.ee\/media\/2449.jpg","width":270,"height":271},{"@type":"BreadcrumbList","@id":"https:\/\/hobstop.ee\/lv\/produkts\/zids-rulli-crepe-satin-12-5\/#breadcrumb","itemListElement":[{"@type":"ListItem","position":1,"name":"Avaleht","item":"https:\/\/hobstop.ee\/lv\/"},{"@type":"ListItem","position":2,"name":"Veikals","item":"https:\/\/hobstop.ee\/lv\/veikals\/"},{"@type":"ListItem","position":3,"name":"Z\u012bds rull\u012b Crepe Satin 12.5"}]},{"@type":"WebSite","@id":"https:\/\/hobstop.ee\/lv\/#website","url":"https:\/\/hobstop.ee\/lv\/","name":"Skizze","description":"M\u0101kslas, hobiju un skolas preces","publisher":{"@id":"https:\/\/hobstop.ee\/lv\/#organization"},"potentialAction":[{"@type":"SearchAction","target":{"@type":"EntryPoint","urlTemplate":"https:\/\/hobstop.ee\/lv\/?s={search_term_string}"},"query-input":{"@type":"PropertyValueSpecification","valueRequired":true,"valueName":"search_term_string"}}],"inLanguage":"lv-LV"},{"@type":"Organization","@id":"https:\/\/hobstop.ee\/lv\/#organization","name":"Vunder AS","url":"https:\/\/hobstop.ee\/lv\/","logo":{"@type":"ImageObject","inLanguage":"lv-LV","@id":"https:\/\/hobstop.ee\/lv\/#\/schema\/logo\/image\/","url":"https:\/\/hobstop.ee\/media\/vunder-logo.png","contentUrl":"https:\/\/hobstop.ee\/media\/vunder-logo.png","width":127,"height":55,"caption":"Vunder AS"},"image":{"@id":"https:\/\/hobstop.ee\/lv\/#\/schema\/logo\/image\/"},"sameAs":["http:\/\/www.facebook.com\/VunderSkizze"]}]}},"_links":{"self":[{"href":"https:\/\/hobstop.ee\/lv\/wp-json\/wp\/v2\/product\/185199","targetHints":{"allow":["GET"]}}],"collection":[{"href":"https:\/\/hobstop.ee\/lv\/wp-json\/wp\/v2\/product"}],"about":[{"href":"https:\/\/hobstop.ee\/lv\/wp-json\/wp\/v2\/types\/product"}],"replies":[{"embeddable":true,"href":"https:\/\/hobstop.ee\/lv\/wp-json\/wp\/v2\/comments?post=185199"}],"wp:featuredmedia":[{"embeddable":true,"href":"https:\/\/hobstop.ee\/lv\/wp-json\/wp\/v2\/media\/204275"}],"wp:attachment":[{"href":"https:\/\/hobstop.ee\/lv\/wp-json\/wp\/v2\/media?parent=185199"}],"wp:term":[{"taxonomy":"product_cat","embeddable":true,"href":"https:\/\/hobstop.ee\/lv\/wp-json\/wp\/v2\/product_cat?post=185199"},{"taxonomy":"product_tag","embeddable":true,"href":"https:\/\/hobstop.ee\/lv\/wp-json\/wp\/v2\/product_tag?post=185199"}],"curies":[{"name":"wp","href":"https:\/\/api.w.org\/{rel}","templated":true}]}}