{"id":185223,"date":"2015-08-01T02:05:41","date_gmt":"2015-07-31T23:05:41","guid":{"rendered":"http:\/\/vunder-ee.sn25.zone.eu\/lv\/product\/skicu-zimulis-academy-sketching-set\/"},"modified":"2015-08-01T02:05:41","modified_gmt":"2015-07-31T23:05:41","slug":"skicu-zimulu-komplekts-derwent-academy","status":"publish","type":"product","link":"https:\/\/hobstop.ee\/lv\/produkts\/skicu-zimulu-komplekts-derwent-academy\/","title":{"rendered":"Ski\u010du z\u012bmu\u013cu komplekts Derwent Academy"},"content":{"rendered":"<p>Lab\u0101kais komplekts z\u012bm\u0113t\u0101jam ies\u0101c\u0113jam. Komplekt\u0101 ietilpst Derwent Academy ski\u010du z\u012bmu\u013ci, ogles z\u012bmu\u013ci, z\u012bm\u0113\u0161anas ogle un izklied\u0113\u0161anas koci\u0146\u0161, k\u0101 ar\u012b paste\u013cu un pres\u0113t\u0101s ogles komplekts, kas lieliski noder ski\u010du z\u012bm\u0113\u0161anai, \u017c\u012bm\u0113\u0161anai no dabas, k\u0101 ar\u012b savva\u013cas dz\u012bvnieku un jebk\u0101 cita, kas vien ien\u0101k pr\u0101t\u0101, z\u012bm\u0113\u0161anai!<\/p>\n<p>Komplekt\u0101 ietilpst:<br \/>\nSki\u010du z\u012bmu\u013ci H, HB, B, 2B, 4B un 6B<br \/>\nPaste\u013ckr\u012bti (3gab.)<br \/>\nPres\u0113t\u0101 ogle (3gab.)<br \/>\nOgles z\u012bmu\u013ci (3gab.)<br \/>\nZ\u012bm\u0113\u0161anas ogle (2gab.)<br \/>\nIzklied\u0113\u0161anas koci\u0146\u0161<br \/>\nM\u012bc\u0101m\u0101 dz\u0113\u0161gumija<br \/>\nDz\u0113\u0161gumija<br \/>\nAsin\u0101mais<\/p>\n","protected":false},"excerpt":{"rendered":"<p>Lab\u0101kais komplekts z\u012bm\u0113t\u0101jam ies\u0101c\u0113jam. Komplekt\u0101 ietilpst Derwent Academy ski\u010du z\u012bmu\u013ci, ogles z\u012bmu\u013ci, z\u012bm\u0113\u0161anas ogle un izklied\u0113\u0161anas koci\u0146\u0161, k\u0101 ar\u012b paste\u013cu un pres\u0113t\u0101s ogles komplekts, kas lieliski noder ski\u010du z\u012bm\u0113\u0161anai, \u017c\u012bm\u0113\u0161anai no dabas, k\u0101 ar\u012b savva\u013cas dz\u012bvnieku un jebk\u0101 cita, kas vien ien\u0101k pr\u0101t\u0101, z\u012bm\u0113\u0161anai! Komplekt\u0101 ietilpst: Ski\u010du z\u012bmu\u013ci H, HB, B, 2B, 4B un 6B Paste\u013ckr\u012bti (3gab.) Pres\u0113t\u0101 ogle (3gab.) Ogles z\u012bmu\u013ci (3gab.) Z\u012bm\u0113\u0161anas ogle (2gab.) Izklied\u0113\u0161anas koci\u0146\u0161 M\u012bc\u0101m\u0101 dz\u0113\u0161gumija Dz\u0113\u0161gumija Asin\u0101mais<\/p>\n","protected":false},"featured_media":0,"comment_status":"closed","ping_status":"closed","template":"","meta":{"_acf_changed":false,"ep_exclude_from_search":false},"product_cat":[16123,18991,18931],"product_tag":[],"class_list":{"0":"post-185223","1":"product","2":"type-product","3":"status-publish","5":"product_cat-makslas-piederumi-2","6":"product_cat-skicu-zimuli-2","7":"product_cat-zimesanas-piederumi-3","9":"first","10":"instock","11":"taxable","12":"shipping-taxable","13":"purchasable","14":"product-type-variable"},"acf":[],"yoast_head":"<!-- This site is optimized with the Yoast SEO plugin v24.1 - https:\/\/yoast.com\/wordpress\/plugins\/seo\/ -->\n<title>Ski\u010du z\u012bmu\u013cu komplekts Derwent Academy &#8211; Skizze<\/title>\n<meta name=\"robots\" content=\"noindex, follow, max-snippet:-1, max-image-preview:large, max-video-preview:-1\" \/>\n<meta property=\"og:locale\" content=\"lv_LV\" \/>\n<meta property=\"og:type\" content=\"article\" \/>\n<meta property=\"og:title\" content=\"Ski\u010du z\u012bmu\u013cu komplekts Derwent Academy &#8211; Skizze\" \/>\n<meta property=\"og:description\" content=\"Lab\u0101kais komplekts z\u012bm\u0113t\u0101jam ies\u0101c\u0113jam. Komplekt\u0101 ietilpst Derwent Academy ski\u010du z\u012bmu\u013ci, ogles z\u012bmu\u013ci, z\u012bm\u0113\u0161anas ogle un izklied\u0113\u0161anas koci\u0146\u0161, k\u0101 ar\u012b paste\u013cu un pres\u0113t\u0101s ogles komplekts, kas lieliski noder ski\u010du z\u012bm\u0113\u0161anai, \u017c\u012bm\u0113\u0161anai no dabas, k\u0101 ar\u012b savva\u013cas dz\u012bvnieku un jebk\u0101 cita, kas vien ien\u0101k pr\u0101t\u0101, z\u012bm\u0113\u0161anai! Komplekt\u0101 ietilpst: Ski\u010du z\u012bmu\u013ci H, HB, B, 2B, 4B un 6B Paste\u013ckr\u012bti (3gab.) Pres\u0113t\u0101 ogle (3gab.) Ogles z\u012bmu\u013ci (3gab.) Z\u012bm\u0113\u0161anas ogle (2gab.) Izklied\u0113\u0161anas koci\u0146\u0161 M\u012bc\u0101m\u0101 dz\u0113\u0161gumija Dz\u0113\u0161gumija Asin\u0101mais\" \/>\n<meta property=\"og:url\" content=\"https:\/\/hobstop.ee\/lv\/produkts\/skicu-zimulu-komplekts-derwent-academy\/\" \/>\n<meta property=\"og:site_name\" content=\"Skizze\" \/>\n<meta property=\"article:publisher\" content=\"http:\/\/www.facebook.com\/VunderSkizze\" \/>\n<meta name=\"twitter:card\" content=\"summary_large_image\" \/>\n<meta name=\"twitter:label1\" content=\"Est. reading time\" \/>\n\t<meta name=\"twitter:data1\" content=\"1 min\u016b\u0161u\" \/>\n<script type=\"application\/ld+json\" class=\"yoast-schema-graph\">{\"@context\":\"https:\/\/schema.org\",\"@graph\":[{\"@type\":\"WebPage\",\"@id\":\"https:\/\/hobstop.ee\/lv\/produkts\/skicu-zimulu-komplekts-derwent-academy\/\",\"url\":\"https:\/\/hobstop.ee\/lv\/produkts\/skicu-zimulu-komplekts-derwent-academy\/\",\"name\":\"Ski\u010du z\u012bmu\u013cu komplekts Derwent Academy &#8211; Skizze\",\"isPartOf\":{\"@id\":\"https:\/\/hobstop.ee\/lv\/#website\"},\"datePublished\":\"2015-07-31T23:05:41+00:00\",\"dateModified\":\"2015-07-31T23:05:41+00:00\",\"breadcrumb\":{\"@id\":\"https:\/\/hobstop.ee\/lv\/produkts\/skicu-zimulu-komplekts-derwent-academy\/#breadcrumb\"},\"inLanguage\":\"lv-LV\",\"potentialAction\":[{\"@type\":\"ReadAction\",\"target\":[\"https:\/\/hobstop.ee\/lv\/produkts\/skicu-zimulu-komplekts-derwent-academy\/\"]}]},{\"@type\":\"BreadcrumbList\",\"@id\":\"https:\/\/hobstop.ee\/lv\/produkts\/skicu-zimulu-komplekts-derwent-academy\/#breadcrumb\",\"itemListElement\":[{\"@type\":\"ListItem\",\"position\":1,\"name\":\"Avaleht\",\"item\":\"https:\/\/hobstop.ee\/lv\/\"},{\"@type\":\"ListItem\",\"position\":2,\"name\":\"Veikals\",\"item\":\"https:\/\/hobstop.ee\/lv\/veikals\/\"},{\"@type\":\"ListItem\",\"position\":3,\"name\":\"Ski\u010du z\u012bmu\u013cu komplekts Derwent Academy\"}]},{\"@type\":\"WebSite\",\"@id\":\"https:\/\/hobstop.ee\/lv\/#website\",\"url\":\"https:\/\/hobstop.ee\/lv\/\",\"name\":\"Skizze\",\"description\":\"M\u0101kslas, hobiju un skolas preces\",\"publisher\":{\"@id\":\"https:\/\/hobstop.ee\/lv\/#organization\"},\"potentialAction\":[{\"@type\":\"SearchAction\",\"target\":{\"@type\":\"EntryPoint\",\"urlTemplate\":\"https:\/\/hobstop.ee\/lv\/?s={search_term_string}\"},\"query-input\":{\"@type\":\"PropertyValueSpecification\",\"valueRequired\":true,\"valueName\":\"search_term_string\"}}],\"inLanguage\":\"lv-LV\"},{\"@type\":\"Organization\",\"@id\":\"https:\/\/hobstop.ee\/lv\/#organization\",\"name\":\"Vunder AS\",\"url\":\"https:\/\/hobstop.ee\/lv\/\",\"logo\":{\"@type\":\"ImageObject\",\"inLanguage\":\"lv-LV\",\"@id\":\"https:\/\/hobstop.ee\/lv\/#\/schema\/logo\/image\/\",\"url\":\"https:\/\/hobstop.ee\/media\/vunder-logo.png\",\"contentUrl\":\"https:\/\/hobstop.ee\/media\/vunder-logo.png\",\"width\":127,\"height\":55,\"caption\":\"Vunder AS\"},\"image\":{\"@id\":\"https:\/\/hobstop.ee\/lv\/#\/schema\/logo\/image\/\"},\"sameAs\":[\"http:\/\/www.facebook.com\/VunderSkizze\"]}]}<\/script>\n<!-- \/ Yoast SEO plugin. -->","yoast_head_json":{"title":"Ski\u010du z\u012bmu\u013cu komplekts Derwent Academy &#8211; Skizze","robots":{"index":"noindex","follow":"follow","max-snippet":"max-snippet:-1","max-image-preview":"max-image-preview:large","max-video-preview":"max-video-preview:-1"},"og_locale":"lv_LV","og_type":"article","og_title":"Ski\u010du z\u012bmu\u013cu komplekts Derwent Academy &#8211; Skizze","og_description":"Lab\u0101kais komplekts z\u012bm\u0113t\u0101jam ies\u0101c\u0113jam. Komplekt\u0101 ietilpst Derwent Academy ski\u010du z\u012bmu\u013ci, ogles z\u012bmu\u013ci, z\u012bm\u0113\u0161anas ogle un izklied\u0113\u0161anas koci\u0146\u0161, k\u0101 ar\u012b paste\u013cu un pres\u0113t\u0101s ogles komplekts, kas lieliski noder ski\u010du z\u012bm\u0113\u0161anai, \u017c\u012bm\u0113\u0161anai no dabas, k\u0101 ar\u012b savva\u013cas dz\u012bvnieku un jebk\u0101 cita, kas vien ien\u0101k pr\u0101t\u0101, z\u012bm\u0113\u0161anai! Komplekt\u0101 ietilpst: Ski\u010du z\u012bmu\u013ci H, HB, B, 2B, 4B un 6B Paste\u013ckr\u012bti (3gab.) Pres\u0113t\u0101 ogle (3gab.) Ogles z\u012bmu\u013ci (3gab.) Z\u012bm\u0113\u0161anas ogle (2gab.) Izklied\u0113\u0161anas koci\u0146\u0161 M\u012bc\u0101m\u0101 dz\u0113\u0161gumija Dz\u0113\u0161gumija Asin\u0101mais","og_url":"https:\/\/hobstop.ee\/lv\/produkts\/skicu-zimulu-komplekts-derwent-academy\/","og_site_name":"Skizze","article_publisher":"http:\/\/www.facebook.com\/VunderSkizze","twitter_card":"summary_large_image","twitter_misc":{"Est. reading time":"1 min\u016b\u0161u"},"schema":{"@context":"https:\/\/schema.org","@graph":[{"@type":"WebPage","@id":"https:\/\/hobstop.ee\/lv\/produkts\/skicu-zimulu-komplekts-derwent-academy\/","url":"https:\/\/hobstop.ee\/lv\/produkts\/skicu-zimulu-komplekts-derwent-academy\/","name":"Ski\u010du z\u012bmu\u013cu komplekts Derwent Academy &#8211; Skizze","isPartOf":{"@id":"https:\/\/hobstop.ee\/lv\/#website"},"datePublished":"2015-07-31T23:05:41+00:00","dateModified":"2015-07-31T23:05:41+00:00","breadcrumb":{"@id":"https:\/\/hobstop.ee\/lv\/produkts\/skicu-zimulu-komplekts-derwent-academy\/#breadcrumb"},"inLanguage":"lv-LV","potentialAction":[{"@type":"ReadAction","target":["https:\/\/hobstop.ee\/lv\/produkts\/skicu-zimulu-komplekts-derwent-academy\/"]}]},{"@type":"BreadcrumbList","@id":"https:\/\/hobstop.ee\/lv\/produkts\/skicu-zimulu-komplekts-derwent-academy\/#breadcrumb","itemListElement":[{"@type":"ListItem","position":1,"name":"Avaleht","item":"https:\/\/hobstop.ee\/lv\/"},{"@type":"ListItem","position":2,"name":"Veikals","item":"https:\/\/hobstop.ee\/lv\/veikals\/"},{"@type":"ListItem","position":3,"name":"Ski\u010du z\u012bmu\u013cu komplekts Derwent Academy"}]},{"@type":"WebSite","@id":"https:\/\/hobstop.ee\/lv\/#website","url":"https:\/\/hobstop.ee\/lv\/","name":"Skizze","description":"M\u0101kslas, hobiju un skolas preces","publisher":{"@id":"https:\/\/hobstop.ee\/lv\/#organization"},"potentialAction":[{"@type":"SearchAction","target":{"@type":"EntryPoint","urlTemplate":"https:\/\/hobstop.ee\/lv\/?s={search_term_string}"},"query-input":{"@type":"PropertyValueSpecification","valueRequired":true,"valueName":"search_term_string"}}],"inLanguage":"lv-LV"},{"@type":"Organization","@id":"https:\/\/hobstop.ee\/lv\/#organization","name":"Vunder AS","url":"https:\/\/hobstop.ee\/lv\/","logo":{"@type":"ImageObject","inLanguage":"lv-LV","@id":"https:\/\/hobstop.ee\/lv\/#\/schema\/logo\/image\/","url":"https:\/\/hobstop.ee\/media\/vunder-logo.png","contentUrl":"https:\/\/hobstop.ee\/media\/vunder-logo.png","width":127,"height":55,"caption":"Vunder AS"},"image":{"@id":"https:\/\/hobstop.ee\/lv\/#\/schema\/logo\/image\/"},"sameAs":["http:\/\/www.facebook.com\/VunderSkizze"]}]}},"_links":{"self":[{"href":"https:\/\/hobstop.ee\/lv\/wp-json\/wp\/v2\/product\/185223","targetHints":{"allow":["GET"]}}],"collection":[{"href":"https:\/\/hobstop.ee\/lv\/wp-json\/wp\/v2\/product"}],"about":[{"href":"https:\/\/hobstop.ee\/lv\/wp-json\/wp\/v2\/types\/product"}],"replies":[{"embeddable":true,"href":"https:\/\/hobstop.ee\/lv\/wp-json\/wp\/v2\/comments?post=185223"}],"wp:attachment":[{"href":"https:\/\/hobstop.ee\/lv\/wp-json\/wp\/v2\/media?parent=185223"}],"wp:term":[{"taxonomy":"product_cat","embeddable":true,"href":"https:\/\/hobstop.ee\/lv\/wp-json\/wp\/v2\/product_cat?post=185223"},{"taxonomy":"product_tag","embeddable":true,"href":"https:\/\/hobstop.ee\/lv\/wp-json\/wp\/v2\/product_tag?post=185223"}],"curies":[{"name":"wp","href":"https:\/\/api.w.org\/{rel}","templated":true}]}}