{"id":185291,"date":"2015-08-01T02:10:36","date_gmt":"2015-07-31T23:10:36","guid":{"rendered":"http:\/\/vunder-ee.sn25.zone.eu\/lv\/product\/gleznosana-pec-numuriem-reeves-30x40cm\/"},"modified":"2015-08-01T02:10:36","modified_gmt":"2015-07-31T23:10:36","slug":"gleznosana-pec-numuriem-reeves-30x40cm","status":"publish","type":"product","link":"https:\/\/hobstop.ee\/lv\/produkts\/gleznosana-pec-numuriem-reeves-30x40cm\/","title":{"rendered":"Glezno\u0161ana p\u0113c numuriem Reeves 30x40cm"},"content":{"rendered":"<p>Vair\u0101k kr\u0101su, vair\u0101k deta\u013cu un vair\u0101k glezno\u0161anas! Reeves 30&#215;40 cm komplekts grezno\u0161anai p\u0113c numuriem ir lieliski piem\u0113rots tiem, kas ir gatavi velt\u012bt glezno\u0161anai vair\u0101k laika un v\u0113las rad\u012bt \u012bstenu m\u0101kslasdarbu.  Komplekt\u0101 ir iek\u013cauts pla\u0161\u0101ks z\u012bm\u0113jumu kl\u0101sts, kas noteikti apburs ne vien m\u0101kslinieku, bet ar\u012b vi\u0146a publiku. <\/p>\n<p>Komplekt\u0101:<br \/>\nKvalitat\u012bvs kartons ar vieglu tekst\u016bru<br \/>\nOta<br \/>\nKvalitat\u012bvas akrila kr\u0101sas (10gab.)<br \/>\nDetaliz\u0113ta lieto\u0161anas pam\u0101c\u012bba (ang\u013cu valod\u0101)<\/p>\n","protected":false},"excerpt":{"rendered":"<p>Vair\u0101k kr\u0101su, vair\u0101k deta\u013cu un vair\u0101k glezno\u0161anas! Reeves 30&#215;40 cm komplekts grezno\u0161anai p\u0113c numuriem ir lieliski piem\u0113rots tiem, kas ir gatavi velt\u012bt glezno\u0161anai vair\u0101k laika un v\u0113las rad\u012bt \u012bstenu m\u0101kslasdarbu. Komplekt\u0101 ir iek\u013cauts pla\u0161\u0101ks z\u012bm\u0113jumu kl\u0101sts, kas noteikti apburs ne vien m\u0101kslinieku, bet ar\u012b vi\u0146a publiku. Komplekt\u0101: Kvalitat\u012bvs kartons ar vieglu tekst\u016bru Ota Kvalitat\u012bvas akrila kr\u0101sas (10gab.) Detaliz\u0113ta lieto\u0161anas pam\u0101c\u012bba (ang\u013cu valod\u0101)<\/p>\n","protected":false},"featured_media":0,"comment_status":"closed","ping_status":"closed","template":"","meta":{"_acf_changed":false,"ep_exclude_from_search":false},"product_cat":[19758,17952,17916],"product_tag":[],"class_list":{"0":"post-185291","1":"product","2":"type-product","3":"status-publish","5":"product_cat-gleznosana-pec-numuriem","6":"product_cat-krasu-komplekti","7":"product_cat-preces-skolai","9":"first","10":"instock","11":"sale","12":"taxable","13":"shipping-taxable","14":"purchasable","15":"product-type-variable"},"acf":[],"yoast_head":"<!-- This site is optimized with the Yoast SEO plugin v24.1 - https:\/\/yoast.com\/wordpress\/plugins\/seo\/ -->\n<title>Glezno\u0161ana p\u0113c numuriem Reeves 30x40cm &#8211; Skizze<\/title>\n<meta name=\"robots\" content=\"noindex, follow, max-snippet:-1, max-image-preview:large, max-video-preview:-1\" \/>\n<meta property=\"og:locale\" content=\"lv_LV\" \/>\n<meta property=\"og:type\" content=\"article\" \/>\n<meta property=\"og:title\" content=\"Glezno\u0161ana p\u0113c numuriem Reeves 30x40cm &#8211; Skizze\" \/>\n<meta property=\"og:description\" content=\"Vair\u0101k kr\u0101su, vair\u0101k deta\u013cu un vair\u0101k glezno\u0161anas! Reeves 30&#215;40 cm komplekts grezno\u0161anai p\u0113c numuriem ir lieliski piem\u0113rots tiem, kas ir gatavi velt\u012bt glezno\u0161anai vair\u0101k laika un v\u0113las rad\u012bt \u012bstenu m\u0101kslasdarbu. Komplekt\u0101 ir iek\u013cauts pla\u0161\u0101ks z\u012bm\u0113jumu kl\u0101sts, kas noteikti apburs ne vien m\u0101kslinieku, bet ar\u012b vi\u0146a publiku. Komplekt\u0101: Kvalitat\u012bvs kartons ar vieglu tekst\u016bru Ota Kvalitat\u012bvas akrila kr\u0101sas (10gab.) Detaliz\u0113ta lieto\u0161anas pam\u0101c\u012bba (ang\u013cu valod\u0101)\" \/>\n<meta property=\"og:url\" content=\"https:\/\/hobstop.ee\/lv\/produkts\/gleznosana-pec-numuriem-reeves-30x40cm\/\" \/>\n<meta property=\"og:site_name\" content=\"Skizze\" \/>\n<meta property=\"article:publisher\" content=\"http:\/\/www.facebook.com\/VunderSkizze\" \/>\n<meta name=\"twitter:card\" content=\"summary_large_image\" \/>\n<script type=\"application\/ld+json\" class=\"yoast-schema-graph\">{\"@context\":\"https:\/\/schema.org\",\"@graph\":[{\"@type\":\"WebPage\",\"@id\":\"https:\/\/hobstop.ee\/lv\/produkts\/gleznosana-pec-numuriem-reeves-30x40cm\/\",\"url\":\"https:\/\/hobstop.ee\/lv\/produkts\/gleznosana-pec-numuriem-reeves-30x40cm\/\",\"name\":\"Glezno\u0161ana p\u0113c numuriem Reeves 30x40cm &#8211; Skizze\",\"isPartOf\":{\"@id\":\"https:\/\/hobstop.ee\/lv\/#website\"},\"datePublished\":\"2015-07-31T23:10:36+00:00\",\"dateModified\":\"2015-07-31T23:10:36+00:00\",\"breadcrumb\":{\"@id\":\"https:\/\/hobstop.ee\/lv\/produkts\/gleznosana-pec-numuriem-reeves-30x40cm\/#breadcrumb\"},\"inLanguage\":\"lv-LV\",\"potentialAction\":[{\"@type\":\"ReadAction\",\"target\":[\"https:\/\/hobstop.ee\/lv\/produkts\/gleznosana-pec-numuriem-reeves-30x40cm\/\"]}]},{\"@type\":\"BreadcrumbList\",\"@id\":\"https:\/\/hobstop.ee\/lv\/produkts\/gleznosana-pec-numuriem-reeves-30x40cm\/#breadcrumb\",\"itemListElement\":[{\"@type\":\"ListItem\",\"position\":1,\"name\":\"Avaleht\",\"item\":\"https:\/\/hobstop.ee\/lv\/\"},{\"@type\":\"ListItem\",\"position\":2,\"name\":\"Veikals\",\"item\":\"https:\/\/hobstop.ee\/lv\/veikals\/\"},{\"@type\":\"ListItem\",\"position\":3,\"name\":\"Glezno\u0161ana p\u0113c numuriem Reeves 30x40cm\"}]},{\"@type\":\"WebSite\",\"@id\":\"https:\/\/hobstop.ee\/lv\/#website\",\"url\":\"https:\/\/hobstop.ee\/lv\/\",\"name\":\"Skizze\",\"description\":\"M\u0101kslas, hobiju un skolas preces\",\"publisher\":{\"@id\":\"https:\/\/hobstop.ee\/lv\/#organization\"},\"potentialAction\":[{\"@type\":\"SearchAction\",\"target\":{\"@type\":\"EntryPoint\",\"urlTemplate\":\"https:\/\/hobstop.ee\/lv\/?s={search_term_string}\"},\"query-input\":{\"@type\":\"PropertyValueSpecification\",\"valueRequired\":true,\"valueName\":\"search_term_string\"}}],\"inLanguage\":\"lv-LV\"},{\"@type\":\"Organization\",\"@id\":\"https:\/\/hobstop.ee\/lv\/#organization\",\"name\":\"Vunder AS\",\"url\":\"https:\/\/hobstop.ee\/lv\/\",\"logo\":{\"@type\":\"ImageObject\",\"inLanguage\":\"lv-LV\",\"@id\":\"https:\/\/hobstop.ee\/lv\/#\/schema\/logo\/image\/\",\"url\":\"https:\/\/hobstop.ee\/media\/vunder-logo.png\",\"contentUrl\":\"https:\/\/hobstop.ee\/media\/vunder-logo.png\",\"width\":127,\"height\":55,\"caption\":\"Vunder AS\"},\"image\":{\"@id\":\"https:\/\/hobstop.ee\/lv\/#\/schema\/logo\/image\/\"},\"sameAs\":[\"http:\/\/www.facebook.com\/VunderSkizze\"]}]}<\/script>\n<!-- \/ Yoast SEO plugin. -->","yoast_head_json":{"title":"Glezno\u0161ana p\u0113c numuriem Reeves 30x40cm &#8211; Skizze","robots":{"index":"noindex","follow":"follow","max-snippet":"max-snippet:-1","max-image-preview":"max-image-preview:large","max-video-preview":"max-video-preview:-1"},"og_locale":"lv_LV","og_type":"article","og_title":"Glezno\u0161ana p\u0113c numuriem Reeves 30x40cm &#8211; Skizze","og_description":"Vair\u0101k kr\u0101su, vair\u0101k deta\u013cu un vair\u0101k glezno\u0161anas! Reeves 30&#215;40 cm komplekts grezno\u0161anai p\u0113c numuriem ir lieliski piem\u0113rots tiem, kas ir gatavi velt\u012bt glezno\u0161anai vair\u0101k laika un v\u0113las rad\u012bt \u012bstenu m\u0101kslasdarbu. Komplekt\u0101 ir iek\u013cauts pla\u0161\u0101ks z\u012bm\u0113jumu kl\u0101sts, kas noteikti apburs ne vien m\u0101kslinieku, bet ar\u012b vi\u0146a publiku. Komplekt\u0101: Kvalitat\u012bvs kartons ar vieglu tekst\u016bru Ota Kvalitat\u012bvas akrila kr\u0101sas (10gab.) Detaliz\u0113ta lieto\u0161anas pam\u0101c\u012bba (ang\u013cu valod\u0101)","og_url":"https:\/\/hobstop.ee\/lv\/produkts\/gleznosana-pec-numuriem-reeves-30x40cm\/","og_site_name":"Skizze","article_publisher":"http:\/\/www.facebook.com\/VunderSkizze","twitter_card":"summary_large_image","schema":{"@context":"https:\/\/schema.org","@graph":[{"@type":"WebPage","@id":"https:\/\/hobstop.ee\/lv\/produkts\/gleznosana-pec-numuriem-reeves-30x40cm\/","url":"https:\/\/hobstop.ee\/lv\/produkts\/gleznosana-pec-numuriem-reeves-30x40cm\/","name":"Glezno\u0161ana p\u0113c numuriem Reeves 30x40cm &#8211; Skizze","isPartOf":{"@id":"https:\/\/hobstop.ee\/lv\/#website"},"datePublished":"2015-07-31T23:10:36+00:00","dateModified":"2015-07-31T23:10:36+00:00","breadcrumb":{"@id":"https:\/\/hobstop.ee\/lv\/produkts\/gleznosana-pec-numuriem-reeves-30x40cm\/#breadcrumb"},"inLanguage":"lv-LV","potentialAction":[{"@type":"ReadAction","target":["https:\/\/hobstop.ee\/lv\/produkts\/gleznosana-pec-numuriem-reeves-30x40cm\/"]}]},{"@type":"BreadcrumbList","@id":"https:\/\/hobstop.ee\/lv\/produkts\/gleznosana-pec-numuriem-reeves-30x40cm\/#breadcrumb","itemListElement":[{"@type":"ListItem","position":1,"name":"Avaleht","item":"https:\/\/hobstop.ee\/lv\/"},{"@type":"ListItem","position":2,"name":"Veikals","item":"https:\/\/hobstop.ee\/lv\/veikals\/"},{"@type":"ListItem","position":3,"name":"Glezno\u0161ana p\u0113c numuriem Reeves 30x40cm"}]},{"@type":"WebSite","@id":"https:\/\/hobstop.ee\/lv\/#website","url":"https:\/\/hobstop.ee\/lv\/","name":"Skizze","description":"M\u0101kslas, hobiju un skolas preces","publisher":{"@id":"https:\/\/hobstop.ee\/lv\/#organization"},"potentialAction":[{"@type":"SearchAction","target":{"@type":"EntryPoint","urlTemplate":"https:\/\/hobstop.ee\/lv\/?s={search_term_string}"},"query-input":{"@type":"PropertyValueSpecification","valueRequired":true,"valueName":"search_term_string"}}],"inLanguage":"lv-LV"},{"@type":"Organization","@id":"https:\/\/hobstop.ee\/lv\/#organization","name":"Vunder AS","url":"https:\/\/hobstop.ee\/lv\/","logo":{"@type":"ImageObject","inLanguage":"lv-LV","@id":"https:\/\/hobstop.ee\/lv\/#\/schema\/logo\/image\/","url":"https:\/\/hobstop.ee\/media\/vunder-logo.png","contentUrl":"https:\/\/hobstop.ee\/media\/vunder-logo.png","width":127,"height":55,"caption":"Vunder AS"},"image":{"@id":"https:\/\/hobstop.ee\/lv\/#\/schema\/logo\/image\/"},"sameAs":["http:\/\/www.facebook.com\/VunderSkizze"]}]}},"_links":{"self":[{"href":"https:\/\/hobstop.ee\/lv\/wp-json\/wp\/v2\/product\/185291","targetHints":{"allow":["GET"]}}],"collection":[{"href":"https:\/\/hobstop.ee\/lv\/wp-json\/wp\/v2\/product"}],"about":[{"href":"https:\/\/hobstop.ee\/lv\/wp-json\/wp\/v2\/types\/product"}],"replies":[{"embeddable":true,"href":"https:\/\/hobstop.ee\/lv\/wp-json\/wp\/v2\/comments?post=185291"}],"wp:attachment":[{"href":"https:\/\/hobstop.ee\/lv\/wp-json\/wp\/v2\/media?parent=185291"}],"wp:term":[{"taxonomy":"product_cat","embeddable":true,"href":"https:\/\/hobstop.ee\/lv\/wp-json\/wp\/v2\/product_cat?post=185291"},{"taxonomy":"product_tag","embeddable":true,"href":"https:\/\/hobstop.ee\/lv\/wp-json\/wp\/v2\/product_tag?post=185291"}],"curies":[{"name":"wp","href":"https:\/\/api.w.org\/{rel}","templated":true}]}}