{"id":185299,"date":"2015-08-01T02:11:07","date_gmt":"2015-07-31T23:11:07","guid":{"rendered":"http:\/\/vunder-ee.sn25.zone.eu\/lv\/product\/gleznosana-pec-numuriem-reeves-artist-collection-22x30cm\/"},"modified":"2015-08-01T02:11:07","modified_gmt":"2015-07-31T23:11:07","slug":"gleznosana-pec-numuriem-reeves-artist-collection-22x30cm","status":"publish","type":"product","link":"https:\/\/hobstop.ee\/lv\/produkts\/gleznosana-pec-numuriem-reeves-artist-collection-22x30cm\/","title":{"rendered":"Glezno\u0161ana p\u0113c numuriem Reeves Artist Collection 22x30cm"},"content":{"rendered":"<p>Reeves Artist Collection komplekt\u0101 glezno\u0161anai p\u0113c numuriem ir iek\u013cautas autentisku, profesion\u0101lu m\u0101kslinieku rad\u012btu gleznojumu kopijas, kas piel\u0101gotas glezno\u0161anai p\u0113c numuriem.  Vid\u0113j\u0101 izm\u0113ra komplekt\u0101 ir iek\u013cauts kr\u0101so\u0161anas paliktnis, kas pal\u012bdz\u0113s pal\u012bdz\u0113s veidot akur\u0101t\u0101ku darbu.   <\/p>\n<p>Komplekt\u0101:<br \/>\nProfesion\u0101las kvalit\u0101tes kartons<br \/>\n3ml akrila kr\u0101sas (20gab.)<br \/>\nOta<br \/>\nKr\u0101so\u0161anas paliktnis<br \/>\nLieto\u0161anas pam\u0101c\u012bba (ang\u013cu valod\u0101)<\/p>\n","protected":false},"excerpt":{"rendered":"<p>Reeves Artist Collection komplekt\u0101 glezno\u0161anai p\u0113c numuriem ir iek\u013cautas autentisku, profesion\u0101lu m\u0101kslinieku rad\u012btu gleznojumu kopijas, kas piel\u0101gotas glezno\u0161anai p\u0113c numuriem. Vid\u0113j\u0101 izm\u0113ra komplekt\u0101 ir iek\u013cauts kr\u0101so\u0161anas paliktnis, kas pal\u012bdz\u0113s pal\u012bdz\u0113s veidot akur\u0101t\u0101ku darbu. Komplekt\u0101: Profesion\u0101las kvalit\u0101tes kartons 3ml akrila kr\u0101sas (20gab.) Ota Kr\u0101so\u0161anas paliktnis Lieto\u0161anas pam\u0101c\u012bba (ang\u013cu valod\u0101)<\/p>\n","protected":false},"featured_media":0,"comment_status":"closed","ping_status":"closed","template":"","meta":{"_acf_changed":false,"ep_exclude_from_search":false},"product_cat":[19758,17952,17916],"product_tag":[],"class_list":{"0":"post-185299","1":"product","2":"type-product","3":"status-publish","5":"product_cat-gleznosana-pec-numuriem","6":"product_cat-krasu-komplekti","7":"product_cat-preces-skolai","9":"first","10":"instock","11":"taxable","12":"shipping-taxable","13":"purchasable","14":"product-type-variable"},"acf":[],"yoast_head":"<!-- This site is optimized with the Yoast SEO plugin v24.1 - https:\/\/yoast.com\/wordpress\/plugins\/seo\/ -->\n<title>Glezno\u0161ana p\u0113c numuriem Reeves Artist Collection 22x30cm &#8211; Skizze<\/title>\n<meta name=\"robots\" content=\"noindex, follow, max-snippet:-1, max-image-preview:large, max-video-preview:-1\" \/>\n<meta property=\"og:locale\" content=\"lv_LV\" \/>\n<meta property=\"og:type\" content=\"article\" \/>\n<meta property=\"og:title\" content=\"Glezno\u0161ana p\u0113c numuriem Reeves Artist Collection 22x30cm &#8211; Skizze\" \/>\n<meta property=\"og:description\" content=\"Reeves Artist Collection komplekt\u0101 glezno\u0161anai p\u0113c numuriem ir iek\u013cautas autentisku, profesion\u0101lu m\u0101kslinieku rad\u012btu gleznojumu kopijas, kas piel\u0101gotas glezno\u0161anai p\u0113c numuriem. Vid\u0113j\u0101 izm\u0113ra komplekt\u0101 ir iek\u013cauts kr\u0101so\u0161anas paliktnis, kas pal\u012bdz\u0113s pal\u012bdz\u0113s veidot akur\u0101t\u0101ku darbu. Komplekt\u0101: Profesion\u0101las kvalit\u0101tes kartons 3ml akrila kr\u0101sas (20gab.) Ota Kr\u0101so\u0161anas paliktnis Lieto\u0161anas pam\u0101c\u012bba (ang\u013cu valod\u0101)\" \/>\n<meta property=\"og:url\" content=\"https:\/\/hobstop.ee\/lv\/produkts\/gleznosana-pec-numuriem-reeves-artist-collection-22x30cm\/\" \/>\n<meta property=\"og:site_name\" content=\"Skizze\" \/>\n<meta property=\"article:publisher\" content=\"http:\/\/www.facebook.com\/VunderSkizze\" \/>\n<meta name=\"twitter:card\" content=\"summary_large_image\" \/>\n<script type=\"application\/ld+json\" class=\"yoast-schema-graph\">{\"@context\":\"https:\/\/schema.org\",\"@graph\":[{\"@type\":\"WebPage\",\"@id\":\"https:\/\/hobstop.ee\/lv\/produkts\/gleznosana-pec-numuriem-reeves-artist-collection-22x30cm\/\",\"url\":\"https:\/\/hobstop.ee\/lv\/produkts\/gleznosana-pec-numuriem-reeves-artist-collection-22x30cm\/\",\"name\":\"Glezno\u0161ana p\u0113c numuriem Reeves Artist Collection 22x30cm &#8211; Skizze\",\"isPartOf\":{\"@id\":\"https:\/\/hobstop.ee\/lv\/#website\"},\"datePublished\":\"2015-07-31T23:11:07+00:00\",\"dateModified\":\"2015-07-31T23:11:07+00:00\",\"breadcrumb\":{\"@id\":\"https:\/\/hobstop.ee\/lv\/produkts\/gleznosana-pec-numuriem-reeves-artist-collection-22x30cm\/#breadcrumb\"},\"inLanguage\":\"lv-LV\",\"potentialAction\":[{\"@type\":\"ReadAction\",\"target\":[\"https:\/\/hobstop.ee\/lv\/produkts\/gleznosana-pec-numuriem-reeves-artist-collection-22x30cm\/\"]}]},{\"@type\":\"BreadcrumbList\",\"@id\":\"https:\/\/hobstop.ee\/lv\/produkts\/gleznosana-pec-numuriem-reeves-artist-collection-22x30cm\/#breadcrumb\",\"itemListElement\":[{\"@type\":\"ListItem\",\"position\":1,\"name\":\"Avaleht\",\"item\":\"https:\/\/hobstop.ee\/lv\/\"},{\"@type\":\"ListItem\",\"position\":2,\"name\":\"Veikals\",\"item\":\"https:\/\/hobstop.ee\/lv\/veikals\/\"},{\"@type\":\"ListItem\",\"position\":3,\"name\":\"Glezno\u0161ana p\u0113c numuriem Reeves Artist Collection 22x30cm\"}]},{\"@type\":\"WebSite\",\"@id\":\"https:\/\/hobstop.ee\/lv\/#website\",\"url\":\"https:\/\/hobstop.ee\/lv\/\",\"name\":\"Skizze\",\"description\":\"M\u0101kslas, hobiju un skolas preces\",\"publisher\":{\"@id\":\"https:\/\/hobstop.ee\/lv\/#organization\"},\"potentialAction\":[{\"@type\":\"SearchAction\",\"target\":{\"@type\":\"EntryPoint\",\"urlTemplate\":\"https:\/\/hobstop.ee\/lv\/?s={search_term_string}\"},\"query-input\":{\"@type\":\"PropertyValueSpecification\",\"valueRequired\":true,\"valueName\":\"search_term_string\"}}],\"inLanguage\":\"lv-LV\"},{\"@type\":\"Organization\",\"@id\":\"https:\/\/hobstop.ee\/lv\/#organization\",\"name\":\"Vunder AS\",\"url\":\"https:\/\/hobstop.ee\/lv\/\",\"logo\":{\"@type\":\"ImageObject\",\"inLanguage\":\"lv-LV\",\"@id\":\"https:\/\/hobstop.ee\/lv\/#\/schema\/logo\/image\/\",\"url\":\"https:\/\/hobstop.ee\/media\/vunder-logo.png\",\"contentUrl\":\"https:\/\/hobstop.ee\/media\/vunder-logo.png\",\"width\":127,\"height\":55,\"caption\":\"Vunder AS\"},\"image\":{\"@id\":\"https:\/\/hobstop.ee\/lv\/#\/schema\/logo\/image\/\"},\"sameAs\":[\"http:\/\/www.facebook.com\/VunderSkizze\"]}]}<\/script>\n<!-- \/ Yoast SEO plugin. -->","yoast_head_json":{"title":"Glezno\u0161ana p\u0113c numuriem Reeves Artist Collection 22x30cm &#8211; Skizze","robots":{"index":"noindex","follow":"follow","max-snippet":"max-snippet:-1","max-image-preview":"max-image-preview:large","max-video-preview":"max-video-preview:-1"},"og_locale":"lv_LV","og_type":"article","og_title":"Glezno\u0161ana p\u0113c numuriem Reeves Artist Collection 22x30cm &#8211; Skizze","og_description":"Reeves Artist Collection komplekt\u0101 glezno\u0161anai p\u0113c numuriem ir iek\u013cautas autentisku, profesion\u0101lu m\u0101kslinieku rad\u012btu gleznojumu kopijas, kas piel\u0101gotas glezno\u0161anai p\u0113c numuriem. Vid\u0113j\u0101 izm\u0113ra komplekt\u0101 ir iek\u013cauts kr\u0101so\u0161anas paliktnis, kas pal\u012bdz\u0113s pal\u012bdz\u0113s veidot akur\u0101t\u0101ku darbu. Komplekt\u0101: Profesion\u0101las kvalit\u0101tes kartons 3ml akrila kr\u0101sas (20gab.) Ota Kr\u0101so\u0161anas paliktnis Lieto\u0161anas pam\u0101c\u012bba (ang\u013cu valod\u0101)","og_url":"https:\/\/hobstop.ee\/lv\/produkts\/gleznosana-pec-numuriem-reeves-artist-collection-22x30cm\/","og_site_name":"Skizze","article_publisher":"http:\/\/www.facebook.com\/VunderSkizze","twitter_card":"summary_large_image","schema":{"@context":"https:\/\/schema.org","@graph":[{"@type":"WebPage","@id":"https:\/\/hobstop.ee\/lv\/produkts\/gleznosana-pec-numuriem-reeves-artist-collection-22x30cm\/","url":"https:\/\/hobstop.ee\/lv\/produkts\/gleznosana-pec-numuriem-reeves-artist-collection-22x30cm\/","name":"Glezno\u0161ana p\u0113c numuriem Reeves Artist Collection 22x30cm &#8211; Skizze","isPartOf":{"@id":"https:\/\/hobstop.ee\/lv\/#website"},"datePublished":"2015-07-31T23:11:07+00:00","dateModified":"2015-07-31T23:11:07+00:00","breadcrumb":{"@id":"https:\/\/hobstop.ee\/lv\/produkts\/gleznosana-pec-numuriem-reeves-artist-collection-22x30cm\/#breadcrumb"},"inLanguage":"lv-LV","potentialAction":[{"@type":"ReadAction","target":["https:\/\/hobstop.ee\/lv\/produkts\/gleznosana-pec-numuriem-reeves-artist-collection-22x30cm\/"]}]},{"@type":"BreadcrumbList","@id":"https:\/\/hobstop.ee\/lv\/produkts\/gleznosana-pec-numuriem-reeves-artist-collection-22x30cm\/#breadcrumb","itemListElement":[{"@type":"ListItem","position":1,"name":"Avaleht","item":"https:\/\/hobstop.ee\/lv\/"},{"@type":"ListItem","position":2,"name":"Veikals","item":"https:\/\/hobstop.ee\/lv\/veikals\/"},{"@type":"ListItem","position":3,"name":"Glezno\u0161ana p\u0113c numuriem Reeves Artist Collection 22x30cm"}]},{"@type":"WebSite","@id":"https:\/\/hobstop.ee\/lv\/#website","url":"https:\/\/hobstop.ee\/lv\/","name":"Skizze","description":"M\u0101kslas, hobiju un skolas preces","publisher":{"@id":"https:\/\/hobstop.ee\/lv\/#organization"},"potentialAction":[{"@type":"SearchAction","target":{"@type":"EntryPoint","urlTemplate":"https:\/\/hobstop.ee\/lv\/?s={search_term_string}"},"query-input":{"@type":"PropertyValueSpecification","valueRequired":true,"valueName":"search_term_string"}}],"inLanguage":"lv-LV"},{"@type":"Organization","@id":"https:\/\/hobstop.ee\/lv\/#organization","name":"Vunder AS","url":"https:\/\/hobstop.ee\/lv\/","logo":{"@type":"ImageObject","inLanguage":"lv-LV","@id":"https:\/\/hobstop.ee\/lv\/#\/schema\/logo\/image\/","url":"https:\/\/hobstop.ee\/media\/vunder-logo.png","contentUrl":"https:\/\/hobstop.ee\/media\/vunder-logo.png","width":127,"height":55,"caption":"Vunder AS"},"image":{"@id":"https:\/\/hobstop.ee\/lv\/#\/schema\/logo\/image\/"},"sameAs":["http:\/\/www.facebook.com\/VunderSkizze"]}]}},"_links":{"self":[{"href":"https:\/\/hobstop.ee\/lv\/wp-json\/wp\/v2\/product\/185299","targetHints":{"allow":["GET"]}}],"collection":[{"href":"https:\/\/hobstop.ee\/lv\/wp-json\/wp\/v2\/product"}],"about":[{"href":"https:\/\/hobstop.ee\/lv\/wp-json\/wp\/v2\/types\/product"}],"replies":[{"embeddable":true,"href":"https:\/\/hobstop.ee\/lv\/wp-json\/wp\/v2\/comments?post=185299"}],"wp:attachment":[{"href":"https:\/\/hobstop.ee\/lv\/wp-json\/wp\/v2\/media?parent=185299"}],"wp:term":[{"taxonomy":"product_cat","embeddable":true,"href":"https:\/\/hobstop.ee\/lv\/wp-json\/wp\/v2\/product_cat?post=185299"},{"taxonomy":"product_tag","embeddable":true,"href":"https:\/\/hobstop.ee\/lv\/wp-json\/wp\/v2\/product_tag?post=185299"}],"curies":[{"name":"wp","href":"https:\/\/api.w.org\/{rel}","templated":true}]}}