{"id":185315,"date":"2015-08-01T02:12:05","date_gmt":"2015-07-31T23:12:05","guid":{"rendered":"http:\/\/vunder-ee.sn25.zone.eu\/lv\/product\/graviras-skrapejumu-folija-reeves-mini-silver\/"},"modified":"2015-08-01T02:12:05","modified_gmt":"2015-07-31T23:12:05","slug":"graviras-skrapejumu-folija-reeves-mini-silver","status":"publish","type":"product","link":"https:\/\/hobstop.ee\/lv\/produkts\/graviras-skrapejumu-folija-reeves-mini-silver\/","title":{"rendered":"Grav\u012bras skr\u0101p\u0113jumu folija Reeves Mini Silver"},"content":{"rendered":"<p>Reeves Mini komplekta grav\u012bras skr\u0101p\u0113jumiem izm\u0113rs atbilst pastkartes lielumam un t\u0101d\u0113\u013c tas ir \u0113rti \u0146emams l\u012bdzi, doties \u0101rpus m\u0101jas.  Iepakojum\u0101 ir viss darbam nepiecie\u0161amais.  T\u0101 ir lieliska d\u0101vani\u0146a vai mazs p\u0101rsteigums mazajiem sv\u0113tku viesiem.<\/p>\n<p>Komplekt\u0101:<br \/>\nAtt\u0113la izdruka<br \/>\nSkr\u0101pis ar rokturi<br \/>\nM\u0113\u0123in\u0101jumu lapa<br \/>\nLieto\u0161anas pam\u0101c\u012bba (ang\u013cu valod\u0101)<\/p>\n","protected":false},"excerpt":{"rendered":"<p>Reeves Mini komplekta grav\u012bras skr\u0101p\u0113jumiem izm\u0113rs atbilst pastkartes lielumam un t\u0101d\u0113\u013c tas ir \u0113rti \u0146emams l\u012bdzi, doties \u0101rpus m\u0101jas. Iepakojum\u0101 ir viss darbam nepiecie\u0161amais. T\u0101 ir lieliska d\u0101vani\u0146a vai mazs p\u0101rsteigums mazajiem sv\u0113tku viesiem. Komplekt\u0101: Att\u0113la izdruka Skr\u0101pis ar rokturi M\u0113\u0123in\u0101jumu lapa Lieto\u0161anas pam\u0101c\u012bba (ang\u013cu valod\u0101)<\/p>\n","protected":false},"featured_media":0,"comment_status":"closed","ping_status":"closed","template":"","meta":{"_acf_changed":false,"ep_exclude_from_search":false},"product_cat":[19770,17952,17916],"product_tag":[],"class_list":{"0":"post-185315","1":"product","2":"type-product","3":"status-publish","5":"product_cat-graviras-skrapejumu-folijas","6":"product_cat-krasu-komplekti","7":"product_cat-preces-skolai","9":"first","10":"instock","11":"taxable","12":"shipping-taxable","13":"purchasable","14":"product-type-variable"},"acf":[],"yoast_head":"<!-- This site is optimized with the Yoast SEO plugin v24.1 - https:\/\/yoast.com\/wordpress\/plugins\/seo\/ -->\n<title>Grav\u012bras skr\u0101p\u0113jumu folija Reeves Mini Silver &#8211; Skizze<\/title>\n<meta name=\"robots\" content=\"noindex, follow, max-snippet:-1, max-image-preview:large, max-video-preview:-1\" \/>\n<meta property=\"og:locale\" content=\"lv_LV\" \/>\n<meta property=\"og:type\" content=\"article\" \/>\n<meta property=\"og:title\" content=\"Grav\u012bras skr\u0101p\u0113jumu folija Reeves Mini Silver &#8211; Skizze\" \/>\n<meta property=\"og:description\" content=\"Reeves Mini komplekta grav\u012bras skr\u0101p\u0113jumiem izm\u0113rs atbilst pastkartes lielumam un t\u0101d\u0113\u013c tas ir \u0113rti \u0146emams l\u012bdzi, doties \u0101rpus m\u0101jas. Iepakojum\u0101 ir viss darbam nepiecie\u0161amais. T\u0101 ir lieliska d\u0101vani\u0146a vai mazs p\u0101rsteigums mazajiem sv\u0113tku viesiem. Komplekt\u0101: Att\u0113la izdruka Skr\u0101pis ar rokturi M\u0113\u0123in\u0101jumu lapa Lieto\u0161anas pam\u0101c\u012bba (ang\u013cu valod\u0101)\" \/>\n<meta property=\"og:url\" content=\"https:\/\/hobstop.ee\/lv\/produkts\/graviras-skrapejumu-folija-reeves-mini-silver\/\" \/>\n<meta property=\"og:site_name\" content=\"Skizze\" \/>\n<meta property=\"article:publisher\" content=\"http:\/\/www.facebook.com\/VunderSkizze\" \/>\n<meta name=\"twitter:card\" content=\"summary_large_image\" \/>\n<script type=\"application\/ld+json\" class=\"yoast-schema-graph\">{\"@context\":\"https:\/\/schema.org\",\"@graph\":[{\"@type\":\"WebPage\",\"@id\":\"https:\/\/hobstop.ee\/lv\/produkts\/graviras-skrapejumu-folija-reeves-mini-silver\/\",\"url\":\"https:\/\/hobstop.ee\/lv\/produkts\/graviras-skrapejumu-folija-reeves-mini-silver\/\",\"name\":\"Grav\u012bras skr\u0101p\u0113jumu folija Reeves Mini Silver &#8211; Skizze\",\"isPartOf\":{\"@id\":\"https:\/\/hobstop.ee\/lv\/#website\"},\"datePublished\":\"2015-07-31T23:12:05+00:00\",\"dateModified\":\"2015-07-31T23:12:05+00:00\",\"breadcrumb\":{\"@id\":\"https:\/\/hobstop.ee\/lv\/produkts\/graviras-skrapejumu-folija-reeves-mini-silver\/#breadcrumb\"},\"inLanguage\":\"lv-LV\",\"potentialAction\":[{\"@type\":\"ReadAction\",\"target\":[\"https:\/\/hobstop.ee\/lv\/produkts\/graviras-skrapejumu-folija-reeves-mini-silver\/\"]}]},{\"@type\":\"BreadcrumbList\",\"@id\":\"https:\/\/hobstop.ee\/lv\/produkts\/graviras-skrapejumu-folija-reeves-mini-silver\/#breadcrumb\",\"itemListElement\":[{\"@type\":\"ListItem\",\"position\":1,\"name\":\"Avaleht\",\"item\":\"https:\/\/hobstop.ee\/lv\/\"},{\"@type\":\"ListItem\",\"position\":2,\"name\":\"Veikals\",\"item\":\"https:\/\/hobstop.ee\/lv\/veikals\/\"},{\"@type\":\"ListItem\",\"position\":3,\"name\":\"Grav\u012bras skr\u0101p\u0113jumu folija Reeves Mini Silver\"}]},{\"@type\":\"WebSite\",\"@id\":\"https:\/\/hobstop.ee\/lv\/#website\",\"url\":\"https:\/\/hobstop.ee\/lv\/\",\"name\":\"Skizze\",\"description\":\"M\u0101kslas, hobiju un skolas preces\",\"publisher\":{\"@id\":\"https:\/\/hobstop.ee\/lv\/#organization\"},\"potentialAction\":[{\"@type\":\"SearchAction\",\"target\":{\"@type\":\"EntryPoint\",\"urlTemplate\":\"https:\/\/hobstop.ee\/lv\/?s={search_term_string}\"},\"query-input\":{\"@type\":\"PropertyValueSpecification\",\"valueRequired\":true,\"valueName\":\"search_term_string\"}}],\"inLanguage\":\"lv-LV\"},{\"@type\":\"Organization\",\"@id\":\"https:\/\/hobstop.ee\/lv\/#organization\",\"name\":\"Vunder AS\",\"url\":\"https:\/\/hobstop.ee\/lv\/\",\"logo\":{\"@type\":\"ImageObject\",\"inLanguage\":\"lv-LV\",\"@id\":\"https:\/\/hobstop.ee\/lv\/#\/schema\/logo\/image\/\",\"url\":\"https:\/\/hobstop.ee\/media\/vunder-logo.png\",\"contentUrl\":\"https:\/\/hobstop.ee\/media\/vunder-logo.png\",\"width\":127,\"height\":55,\"caption\":\"Vunder AS\"},\"image\":{\"@id\":\"https:\/\/hobstop.ee\/lv\/#\/schema\/logo\/image\/\"},\"sameAs\":[\"http:\/\/www.facebook.com\/VunderSkizze\"]}]}<\/script>\n<!-- \/ Yoast SEO plugin. -->","yoast_head_json":{"title":"Grav\u012bras skr\u0101p\u0113jumu folija Reeves Mini Silver &#8211; Skizze","robots":{"index":"noindex","follow":"follow","max-snippet":"max-snippet:-1","max-image-preview":"max-image-preview:large","max-video-preview":"max-video-preview:-1"},"og_locale":"lv_LV","og_type":"article","og_title":"Grav\u012bras skr\u0101p\u0113jumu folija Reeves Mini Silver &#8211; Skizze","og_description":"Reeves Mini komplekta grav\u012bras skr\u0101p\u0113jumiem izm\u0113rs atbilst pastkartes lielumam un t\u0101d\u0113\u013c tas ir \u0113rti \u0146emams l\u012bdzi, doties \u0101rpus m\u0101jas. Iepakojum\u0101 ir viss darbam nepiecie\u0161amais. T\u0101 ir lieliska d\u0101vani\u0146a vai mazs p\u0101rsteigums mazajiem sv\u0113tku viesiem. Komplekt\u0101: Att\u0113la izdruka Skr\u0101pis ar rokturi M\u0113\u0123in\u0101jumu lapa Lieto\u0161anas pam\u0101c\u012bba (ang\u013cu valod\u0101)","og_url":"https:\/\/hobstop.ee\/lv\/produkts\/graviras-skrapejumu-folija-reeves-mini-silver\/","og_site_name":"Skizze","article_publisher":"http:\/\/www.facebook.com\/VunderSkizze","twitter_card":"summary_large_image","schema":{"@context":"https:\/\/schema.org","@graph":[{"@type":"WebPage","@id":"https:\/\/hobstop.ee\/lv\/produkts\/graviras-skrapejumu-folija-reeves-mini-silver\/","url":"https:\/\/hobstop.ee\/lv\/produkts\/graviras-skrapejumu-folija-reeves-mini-silver\/","name":"Grav\u012bras skr\u0101p\u0113jumu folija Reeves Mini Silver &#8211; Skizze","isPartOf":{"@id":"https:\/\/hobstop.ee\/lv\/#website"},"datePublished":"2015-07-31T23:12:05+00:00","dateModified":"2015-07-31T23:12:05+00:00","breadcrumb":{"@id":"https:\/\/hobstop.ee\/lv\/produkts\/graviras-skrapejumu-folija-reeves-mini-silver\/#breadcrumb"},"inLanguage":"lv-LV","potentialAction":[{"@type":"ReadAction","target":["https:\/\/hobstop.ee\/lv\/produkts\/graviras-skrapejumu-folija-reeves-mini-silver\/"]}]},{"@type":"BreadcrumbList","@id":"https:\/\/hobstop.ee\/lv\/produkts\/graviras-skrapejumu-folija-reeves-mini-silver\/#breadcrumb","itemListElement":[{"@type":"ListItem","position":1,"name":"Avaleht","item":"https:\/\/hobstop.ee\/lv\/"},{"@type":"ListItem","position":2,"name":"Veikals","item":"https:\/\/hobstop.ee\/lv\/veikals\/"},{"@type":"ListItem","position":3,"name":"Grav\u012bras skr\u0101p\u0113jumu folija Reeves Mini Silver"}]},{"@type":"WebSite","@id":"https:\/\/hobstop.ee\/lv\/#website","url":"https:\/\/hobstop.ee\/lv\/","name":"Skizze","description":"M\u0101kslas, hobiju un skolas preces","publisher":{"@id":"https:\/\/hobstop.ee\/lv\/#organization"},"potentialAction":[{"@type":"SearchAction","target":{"@type":"EntryPoint","urlTemplate":"https:\/\/hobstop.ee\/lv\/?s={search_term_string}"},"query-input":{"@type":"PropertyValueSpecification","valueRequired":true,"valueName":"search_term_string"}}],"inLanguage":"lv-LV"},{"@type":"Organization","@id":"https:\/\/hobstop.ee\/lv\/#organization","name":"Vunder AS","url":"https:\/\/hobstop.ee\/lv\/","logo":{"@type":"ImageObject","inLanguage":"lv-LV","@id":"https:\/\/hobstop.ee\/lv\/#\/schema\/logo\/image\/","url":"https:\/\/hobstop.ee\/media\/vunder-logo.png","contentUrl":"https:\/\/hobstop.ee\/media\/vunder-logo.png","width":127,"height":55,"caption":"Vunder AS"},"image":{"@id":"https:\/\/hobstop.ee\/lv\/#\/schema\/logo\/image\/"},"sameAs":["http:\/\/www.facebook.com\/VunderSkizze"]}]}},"_links":{"self":[{"href":"https:\/\/hobstop.ee\/lv\/wp-json\/wp\/v2\/product\/185315","targetHints":{"allow":["GET"]}}],"collection":[{"href":"https:\/\/hobstop.ee\/lv\/wp-json\/wp\/v2\/product"}],"about":[{"href":"https:\/\/hobstop.ee\/lv\/wp-json\/wp\/v2\/types\/product"}],"replies":[{"embeddable":true,"href":"https:\/\/hobstop.ee\/lv\/wp-json\/wp\/v2\/comments?post=185315"}],"wp:attachment":[{"href":"https:\/\/hobstop.ee\/lv\/wp-json\/wp\/v2\/media?parent=185315"}],"wp:term":[{"taxonomy":"product_cat","embeddable":true,"href":"https:\/\/hobstop.ee\/lv\/wp-json\/wp\/v2\/product_cat?post=185315"},{"taxonomy":"product_tag","embeddable":true,"href":"https:\/\/hobstop.ee\/lv\/wp-json\/wp\/v2\/product_tag?post=185315"}],"curies":[{"name":"wp","href":"https:\/\/api.w.org\/{rel}","templated":true}]}}