{"id":185343,"date":"2015-08-01T02:19:06","date_gmt":"2015-07-31T23:19:06","guid":{"rendered":"http:\/\/vunder-ee.sn25.zone.eu\/lv\/product\/markieris-marabu-deco-1-2mm\/"},"modified":"2015-08-01T02:19:06","modified_gmt":"2015-07-31T23:19:06","slug":"markieris-marabu-deco-1-2mm","status":"publish","type":"product","link":"https:\/\/hobstop.ee\/lv\/produkts\/markieris-marabu-deco-1-2mm\/","title":{"rendered":"Mar\u0137ieris Marabu Deco 1-2mm"},"content":{"rendered":"<p>Mat\u0113ts akrila kr\u0101sas mar\u0137ieris.  Uz \u016bdens b\u0101zes izgatavotais m\u0101rkeris ir bez smar\u017eas un tas ir ide\u0101li piem\u0113rots b\u0113rniem.  \u013boti laba nokl\u0101\u0161anas sp\u0113ja, \u0101tri \u017e\u016bsto\u0161s, notur\u012bgs pret izbalo\u0161anu un \u016bdensdro\u0161s.  Z\u012bm\u0113\u0161anai uz vis\u0101m glud\u0101m un porain\u0101m virsm\u0101m, piem., pap\u012bra, koka, m\u0101la, met\u0101la, apmetuma un plastmasas.<\/p>\n","protected":false},"excerpt":{"rendered":"<p>Mat\u0113ts akrila kr\u0101sas mar\u0137ieris. Uz \u016bdens b\u0101zes izgatavotais m\u0101rkeris ir bez smar\u017eas un tas ir ide\u0101li piem\u0113rots b\u0113rniem. \u013boti laba nokl\u0101\u0161anas sp\u0113ja, \u0101tri \u017e\u016bsto\u0161s, notur\u012bgs pret izbalo\u0161anu un \u016bdensdro\u0161s. Z\u012bm\u0113\u0161anai uz vis\u0101m glud\u0101m un porain\u0101m virsm\u0101m, piem., pap\u012bra, koka, m\u0101la, met\u0101la, apmetuma un plastmasas.<\/p>\n","protected":false},"featured_media":354047,"comment_status":"closed","ping_status":"closed","template":"","meta":{"_acf_changed":false,"ep_exclude_from_search":false},"product_cat":[17954,18199,17918],"product_tag":[],"class_list":{"0":"post-185343","1":"product","2":"type-product","3":"status-publish","4":"has-post-thumbnail","6":"product_cat-decor-krasas-un-lakas","7":"product_cat-markeri-2","8":"product_cat-preces-hobijiem","10":"first","11":"instock","12":"sale","13":"taxable","14":"shipping-taxable","15":"purchasable","16":"product-type-variable"},"acf":[],"yoast_head":"<!-- This site is optimized with the Yoast SEO plugin v24.1 - https:\/\/yoast.com\/wordpress\/plugins\/seo\/ -->\n<title>Mar\u0137ieris Marabu Deco 1-2mm &#8211; Skizze<\/title>\n<meta name=\"robots\" content=\"noindex, follow, max-snippet:-1, max-image-preview:large, max-video-preview:-1\" \/>\n<meta property=\"og:locale\" content=\"lv_LV\" \/>\n<meta property=\"og:type\" content=\"article\" \/>\n<meta property=\"og:title\" content=\"Mar\u0137ieris Marabu Deco 1-2mm &#8211; Skizze\" \/>\n<meta property=\"og:description\" content=\"Mat\u0113ts akrila kr\u0101sas mar\u0137ieris. Uz \u016bdens b\u0101zes izgatavotais m\u0101rkeris ir bez smar\u017eas un tas ir ide\u0101li piem\u0113rots b\u0113rniem. \u013boti laba nokl\u0101\u0161anas sp\u0113ja, \u0101tri \u017e\u016bsto\u0161s, notur\u012bgs pret izbalo\u0161anu un \u016bdensdro\u0161s. Z\u012bm\u0113\u0161anai uz vis\u0101m glud\u0101m un porain\u0101m virsm\u0101m, piem., pap\u012bra, koka, m\u0101la, met\u0101la, apmetuma un plastmasas.\" \/>\n<meta property=\"og:url\" content=\"https:\/\/hobstop.ee\/lv\/produkts\/markieris-marabu-deco-1-2mm\/\" \/>\n<meta property=\"og:site_name\" content=\"Skizze\" \/>\n<meta property=\"article:publisher\" content=\"http:\/\/www.facebook.com\/VunderSkizze\" \/>\n<meta property=\"og:image\" content=\"https:\/\/hobstop.ee\/media\/3736.jpg\" \/>\n\t<meta property=\"og:image:width\" content=\"1024\" \/>\n\t<meta property=\"og:image:height\" content=\"768\" \/>\n\t<meta property=\"og:image:type\" content=\"image\/jpeg\" \/>\n<meta name=\"twitter:card\" content=\"summary_large_image\" \/>\n<script type=\"application\/ld+json\" class=\"yoast-schema-graph\">{\"@context\":\"https:\/\/schema.org\",\"@graph\":[{\"@type\":\"WebPage\",\"@id\":\"https:\/\/hobstop.ee\/lv\/produkts\/markieris-marabu-deco-1-2mm\/\",\"url\":\"https:\/\/hobstop.ee\/lv\/produkts\/markieris-marabu-deco-1-2mm\/\",\"name\":\"Mar\u0137ieris Marabu Deco 1-2mm &#8211; Skizze\",\"isPartOf\":{\"@id\":\"https:\/\/hobstop.ee\/lv\/#website\"},\"primaryImageOfPage\":{\"@id\":\"https:\/\/hobstop.ee\/lv\/produkts\/markieris-marabu-deco-1-2mm\/#primaryimage\"},\"image\":{\"@id\":\"https:\/\/hobstop.ee\/lv\/produkts\/markieris-marabu-deco-1-2mm\/#primaryimage\"},\"thumbnailUrl\":\"https:\/\/hobstop.ee\/media\/3736.jpg\",\"datePublished\":\"2015-07-31T23:19:06+00:00\",\"dateModified\":\"2015-07-31T23:19:06+00:00\",\"breadcrumb\":{\"@id\":\"https:\/\/hobstop.ee\/lv\/produkts\/markieris-marabu-deco-1-2mm\/#breadcrumb\"},\"inLanguage\":\"lv-LV\",\"potentialAction\":[{\"@type\":\"ReadAction\",\"target\":[\"https:\/\/hobstop.ee\/lv\/produkts\/markieris-marabu-deco-1-2mm\/\"]}]},{\"@type\":\"ImageObject\",\"inLanguage\":\"lv-LV\",\"@id\":\"https:\/\/hobstop.ee\/lv\/produkts\/markieris-marabu-deco-1-2mm\/#primaryimage\",\"url\":\"https:\/\/hobstop.ee\/media\/3736.jpg\",\"contentUrl\":\"https:\/\/hobstop.ee\/media\/3736.jpg\",\"width\":1024,\"height\":768},{\"@type\":\"BreadcrumbList\",\"@id\":\"https:\/\/hobstop.ee\/lv\/produkts\/markieris-marabu-deco-1-2mm\/#breadcrumb\",\"itemListElement\":[{\"@type\":\"ListItem\",\"position\":1,\"name\":\"Avaleht\",\"item\":\"https:\/\/www.hobstop.ee\/lv\/\"},{\"@type\":\"ListItem\",\"position\":2,\"name\":\"Veikals\",\"item\":\"https:\/\/www.hobstop.ee\/lv\/veikals\/\"},{\"@type\":\"ListItem\",\"position\":3,\"name\":\"Mar\u0137ieris Marabu Deco 1-2mm\"}]},{\"@type\":\"WebSite\",\"@id\":\"https:\/\/hobstop.ee\/lv\/#website\",\"url\":\"https:\/\/hobstop.ee\/lv\/\",\"name\":\"Skizze\",\"description\":\"M\u0101kslas, hobiju un skolas preces\",\"publisher\":{\"@id\":\"https:\/\/hobstop.ee\/lv\/#organization\"},\"potentialAction\":[{\"@type\":\"SearchAction\",\"target\":{\"@type\":\"EntryPoint\",\"urlTemplate\":\"https:\/\/hobstop.ee\/lv\/?s={search_term_string}\"},\"query-input\":{\"@type\":\"PropertyValueSpecification\",\"valueRequired\":true,\"valueName\":\"search_term_string\"}}],\"inLanguage\":\"lv-LV\"},{\"@type\":\"Organization\",\"@id\":\"https:\/\/hobstop.ee\/lv\/#organization\",\"name\":\"Vunder AS\",\"url\":\"https:\/\/hobstop.ee\/lv\/\",\"logo\":{\"@type\":\"ImageObject\",\"inLanguage\":\"lv-LV\",\"@id\":\"https:\/\/hobstop.ee\/lv\/#\/schema\/logo\/image\/\",\"url\":\"https:\/\/hobstop.ee\/media\/vunder-logo.png\",\"contentUrl\":\"https:\/\/hobstop.ee\/media\/vunder-logo.png\",\"width\":127,\"height\":55,\"caption\":\"Vunder AS\"},\"image\":{\"@id\":\"https:\/\/hobstop.ee\/lv\/#\/schema\/logo\/image\/\"},\"sameAs\":[\"http:\/\/www.facebook.com\/VunderSkizze\"]}]}<\/script>\n<!-- \/ Yoast SEO plugin. -->","yoast_head_json":{"title":"Mar\u0137ieris Marabu Deco 1-2mm &#8211; Skizze","robots":{"index":"noindex","follow":"follow","max-snippet":"max-snippet:-1","max-image-preview":"max-image-preview:large","max-video-preview":"max-video-preview:-1"},"og_locale":"lv_LV","og_type":"article","og_title":"Mar\u0137ieris Marabu Deco 1-2mm &#8211; Skizze","og_description":"Mat\u0113ts akrila kr\u0101sas mar\u0137ieris. Uz \u016bdens b\u0101zes izgatavotais m\u0101rkeris ir bez smar\u017eas un tas ir ide\u0101li piem\u0113rots b\u0113rniem. \u013boti laba nokl\u0101\u0161anas sp\u0113ja, \u0101tri \u017e\u016bsto\u0161s, notur\u012bgs pret izbalo\u0161anu un \u016bdensdro\u0161s. Z\u012bm\u0113\u0161anai uz vis\u0101m glud\u0101m un porain\u0101m virsm\u0101m, piem., pap\u012bra, koka, m\u0101la, met\u0101la, apmetuma un plastmasas.","og_url":"https:\/\/hobstop.ee\/lv\/produkts\/markieris-marabu-deco-1-2mm\/","og_site_name":"Skizze","article_publisher":"http:\/\/www.facebook.com\/VunderSkizze","og_image":[{"width":1024,"height":768,"url":"https:\/\/hobstop.ee\/media\/3736.jpg","type":"image\/jpeg"}],"twitter_card":"summary_large_image","schema":{"@context":"https:\/\/schema.org","@graph":[{"@type":"WebPage","@id":"https:\/\/hobstop.ee\/lv\/produkts\/markieris-marabu-deco-1-2mm\/","url":"https:\/\/hobstop.ee\/lv\/produkts\/markieris-marabu-deco-1-2mm\/","name":"Mar\u0137ieris Marabu Deco 1-2mm &#8211; Skizze","isPartOf":{"@id":"https:\/\/hobstop.ee\/lv\/#website"},"primaryImageOfPage":{"@id":"https:\/\/hobstop.ee\/lv\/produkts\/markieris-marabu-deco-1-2mm\/#primaryimage"},"image":{"@id":"https:\/\/hobstop.ee\/lv\/produkts\/markieris-marabu-deco-1-2mm\/#primaryimage"},"thumbnailUrl":"https:\/\/hobstop.ee\/media\/3736.jpg","datePublished":"2015-07-31T23:19:06+00:00","dateModified":"2015-07-31T23:19:06+00:00","breadcrumb":{"@id":"https:\/\/hobstop.ee\/lv\/produkts\/markieris-marabu-deco-1-2mm\/#breadcrumb"},"inLanguage":"lv-LV","potentialAction":[{"@type":"ReadAction","target":["https:\/\/hobstop.ee\/lv\/produkts\/markieris-marabu-deco-1-2mm\/"]}]},{"@type":"ImageObject","inLanguage":"lv-LV","@id":"https:\/\/hobstop.ee\/lv\/produkts\/markieris-marabu-deco-1-2mm\/#primaryimage","url":"https:\/\/hobstop.ee\/media\/3736.jpg","contentUrl":"https:\/\/hobstop.ee\/media\/3736.jpg","width":1024,"height":768},{"@type":"BreadcrumbList","@id":"https:\/\/hobstop.ee\/lv\/produkts\/markieris-marabu-deco-1-2mm\/#breadcrumb","itemListElement":[{"@type":"ListItem","position":1,"name":"Avaleht","item":"https:\/\/www.hobstop.ee\/lv\/"},{"@type":"ListItem","position":2,"name":"Veikals","item":"https:\/\/www.hobstop.ee\/lv\/veikals\/"},{"@type":"ListItem","position":3,"name":"Mar\u0137ieris Marabu Deco 1-2mm"}]},{"@type":"WebSite","@id":"https:\/\/hobstop.ee\/lv\/#website","url":"https:\/\/hobstop.ee\/lv\/","name":"Skizze","description":"M\u0101kslas, hobiju un skolas preces","publisher":{"@id":"https:\/\/hobstop.ee\/lv\/#organization"},"potentialAction":[{"@type":"SearchAction","target":{"@type":"EntryPoint","urlTemplate":"https:\/\/hobstop.ee\/lv\/?s={search_term_string}"},"query-input":{"@type":"PropertyValueSpecification","valueRequired":true,"valueName":"search_term_string"}}],"inLanguage":"lv-LV"},{"@type":"Organization","@id":"https:\/\/hobstop.ee\/lv\/#organization","name":"Vunder AS","url":"https:\/\/hobstop.ee\/lv\/","logo":{"@type":"ImageObject","inLanguage":"lv-LV","@id":"https:\/\/hobstop.ee\/lv\/#\/schema\/logo\/image\/","url":"https:\/\/hobstop.ee\/media\/vunder-logo.png","contentUrl":"https:\/\/hobstop.ee\/media\/vunder-logo.png","width":127,"height":55,"caption":"Vunder AS"},"image":{"@id":"https:\/\/hobstop.ee\/lv\/#\/schema\/logo\/image\/"},"sameAs":["http:\/\/www.facebook.com\/VunderSkizze"]}]}},"_links":{"self":[{"href":"https:\/\/hobstop.ee\/lv\/wp-json\/wp\/v2\/product\/185343","targetHints":{"allow":["GET"]}}],"collection":[{"href":"https:\/\/hobstop.ee\/lv\/wp-json\/wp\/v2\/product"}],"about":[{"href":"https:\/\/hobstop.ee\/lv\/wp-json\/wp\/v2\/types\/product"}],"replies":[{"embeddable":true,"href":"https:\/\/hobstop.ee\/lv\/wp-json\/wp\/v2\/comments?post=185343"}],"wp:featuredmedia":[{"embeddable":true,"href":"https:\/\/hobstop.ee\/lv\/wp-json\/wp\/v2\/media\/354047"}],"wp:attachment":[{"href":"https:\/\/hobstop.ee\/lv\/wp-json\/wp\/v2\/media?parent=185343"}],"wp:term":[{"taxonomy":"product_cat","embeddable":true,"href":"https:\/\/hobstop.ee\/lv\/wp-json\/wp\/v2\/product_cat?post=185343"},{"taxonomy":"product_tag","embeddable":true,"href":"https:\/\/hobstop.ee\/lv\/wp-json\/wp\/v2\/product_tag?post=185343"}],"curies":[{"name":"wp","href":"https:\/\/api.w.org\/{rel}","templated":true}]}}