{"id":185355,"date":"2015-08-01T02:19:39","date_gmt":"2015-07-31T23:19:39","guid":{"rendered":"http:\/\/vunder-ee.sn25.zone.eu\/lv\/product\/konturu-uzlimes-peel-offs-ziedi\/"},"modified":"2015-08-01T02:19:39","modified_gmt":"2015-07-31T23:19:39","slug":"konturu-uzlimes-peel-offs-ziedi","status":"publish","type":"product","link":"https:\/\/hobstop.ee\/lv\/produkts\/konturu-uzlimes-peel-offs-ziedi\/","title":{"rendered":"Kont\u016bru uzl\u012bmes Peel-Off&#8217;s ziedi"},"content":{"rendered":"<p>Peel-Off\u2019s ir kont\u016bruzl\u012bmes, kas ir piem\u0113rotas izmanto\u0161anai uz da\u017e\u0101diem materi\u0101liem &#8211; uz pap\u012bra, stikla, auduma un plastmasas.  T\u0101s lieliski noder\u0113s spogu\u013cu, sve\u010du, trauku, karti\u0146u un citu priek\u0161metu dekor\u0113\u0161anai.  Ar kont\u016bruzl\u012bm\u0113m dekor\u0113tos traukus var izmantot mikrovi\u013c\u0146u kr\u0101sn\u012b un mazg\u0101t trauku mazg\u0101jamaj\u0101 ma\u0161\u012bn\u0101.<\/p>\n","protected":false},"excerpt":{"rendered":"<p>Peel-Off\u2019s ir kont\u016bruzl\u012bmes, kas ir piem\u0113rotas izmanto\u0161anai uz da\u017e\u0101diem materi\u0101liem &#8211; uz pap\u012bra, stikla, auduma un plastmasas. T\u0101s lieliski noder\u0113s spogu\u013cu, sve\u010du, trauku, karti\u0146u un citu priek\u0161metu dekor\u0113\u0161anai. Ar kont\u016bruzl\u012bm\u0113m dekor\u0113tos traukus var izmantot mikrovi\u013c\u0146u kr\u0101sn\u012b un mazg\u0101t trauku mazg\u0101jamaj\u0101 ma\u0161\u012bn\u0101.<\/p>\n","protected":false},"featured_media":0,"comment_status":"closed","ping_status":"closed","template":"","meta":{"_acf_changed":false,"ep_exclude_from_search":false},"product_cat":[17968,17918,18281],"product_tag":[],"class_list":{"0":"post-185355","1":"product","2":"type-product","3":"status-publish","5":"product_cat-citi-piederumi","6":"product_cat-preces-hobijiem","7":"product_cat-uzlimes","9":"first","10":"instock","11":"sale","12":"taxable","13":"shipping-taxable","14":"purchasable","15":"product-type-variable"},"acf":[],"yoast_head":"<!-- This site is optimized with the Yoast SEO plugin v24.1 - https:\/\/yoast.com\/wordpress\/plugins\/seo\/ -->\n<title>Kont\u016bru uzl\u012bmes Peel-Off&#039;s ziedi &#8211; Skizze<\/title>\n<meta name=\"robots\" content=\"noindex, follow, max-snippet:-1, max-image-preview:large, max-video-preview:-1\" \/>\n<meta property=\"og:locale\" content=\"lv_LV\" \/>\n<meta property=\"og:type\" content=\"article\" \/>\n<meta property=\"og:title\" content=\"Kont\u016bru uzl\u012bmes Peel-Off&#039;s ziedi &#8211; Skizze\" \/>\n<meta property=\"og:description\" content=\"Peel-Off\u2019s ir kont\u016bruzl\u012bmes, kas ir piem\u0113rotas izmanto\u0161anai uz da\u017e\u0101diem materi\u0101liem &#8211; uz pap\u012bra, stikla, auduma un plastmasas. T\u0101s lieliski noder\u0113s spogu\u013cu, sve\u010du, trauku, karti\u0146u un citu priek\u0161metu dekor\u0113\u0161anai. Ar kont\u016bruzl\u012bm\u0113m dekor\u0113tos traukus var izmantot mikrovi\u013c\u0146u kr\u0101sn\u012b un mazg\u0101t trauku mazg\u0101jamaj\u0101 ma\u0161\u012bn\u0101.\" \/>\n<meta property=\"og:url\" content=\"https:\/\/hobstop.ee\/lv\/produkts\/konturu-uzlimes-peel-offs-ziedi\/\" \/>\n<meta property=\"og:site_name\" content=\"Skizze\" \/>\n<meta property=\"article:publisher\" content=\"http:\/\/www.facebook.com\/VunderSkizze\" \/>\n<meta name=\"twitter:card\" content=\"summary_large_image\" \/>\n<script type=\"application\/ld+json\" class=\"yoast-schema-graph\">{\"@context\":\"https:\/\/schema.org\",\"@graph\":[{\"@type\":\"WebPage\",\"@id\":\"https:\/\/hobstop.ee\/lv\/produkts\/konturu-uzlimes-peel-offs-ziedi\/\",\"url\":\"https:\/\/hobstop.ee\/lv\/produkts\/konturu-uzlimes-peel-offs-ziedi\/\",\"name\":\"Kont\u016bru uzl\u012bmes Peel-Off's ziedi &#8211; Skizze\",\"isPartOf\":{\"@id\":\"https:\/\/hobstop.ee\/lv\/#website\"},\"datePublished\":\"2015-07-31T23:19:39+00:00\",\"dateModified\":\"2015-07-31T23:19:39+00:00\",\"breadcrumb\":{\"@id\":\"https:\/\/hobstop.ee\/lv\/produkts\/konturu-uzlimes-peel-offs-ziedi\/#breadcrumb\"},\"inLanguage\":\"lv-LV\",\"potentialAction\":[{\"@type\":\"ReadAction\",\"target\":[\"https:\/\/hobstop.ee\/lv\/produkts\/konturu-uzlimes-peel-offs-ziedi\/\"]}]},{\"@type\":\"BreadcrumbList\",\"@id\":\"https:\/\/hobstop.ee\/lv\/produkts\/konturu-uzlimes-peel-offs-ziedi\/#breadcrumb\",\"itemListElement\":[{\"@type\":\"ListItem\",\"position\":1,\"name\":\"Avaleht\",\"item\":\"https:\/\/hobstop.ee\/lv\/\"},{\"@type\":\"ListItem\",\"position\":2,\"name\":\"Veikals\",\"item\":\"https:\/\/hobstop.ee\/lv\/veikals\/\"},{\"@type\":\"ListItem\",\"position\":3,\"name\":\"Kont\u016bru uzl\u012bmes Peel-Off&#8217;s ziedi\"}]},{\"@type\":\"WebSite\",\"@id\":\"https:\/\/hobstop.ee\/lv\/#website\",\"url\":\"https:\/\/hobstop.ee\/lv\/\",\"name\":\"Skizze\",\"description\":\"M\u0101kslas, hobiju un skolas preces\",\"publisher\":{\"@id\":\"https:\/\/hobstop.ee\/lv\/#organization\"},\"potentialAction\":[{\"@type\":\"SearchAction\",\"target\":{\"@type\":\"EntryPoint\",\"urlTemplate\":\"https:\/\/hobstop.ee\/lv\/?s={search_term_string}\"},\"query-input\":{\"@type\":\"PropertyValueSpecification\",\"valueRequired\":true,\"valueName\":\"search_term_string\"}}],\"inLanguage\":\"lv-LV\"},{\"@type\":\"Organization\",\"@id\":\"https:\/\/hobstop.ee\/lv\/#organization\",\"name\":\"Vunder AS\",\"url\":\"https:\/\/hobstop.ee\/lv\/\",\"logo\":{\"@type\":\"ImageObject\",\"inLanguage\":\"lv-LV\",\"@id\":\"https:\/\/hobstop.ee\/lv\/#\/schema\/logo\/image\/\",\"url\":\"https:\/\/hobstop.ee\/media\/vunder-logo.png\",\"contentUrl\":\"https:\/\/hobstop.ee\/media\/vunder-logo.png\",\"width\":127,\"height\":55,\"caption\":\"Vunder AS\"},\"image\":{\"@id\":\"https:\/\/hobstop.ee\/lv\/#\/schema\/logo\/image\/\"},\"sameAs\":[\"http:\/\/www.facebook.com\/VunderSkizze\"]}]}<\/script>\n<!-- \/ Yoast SEO plugin. -->","yoast_head_json":{"title":"Kont\u016bru uzl\u012bmes Peel-Off's ziedi &#8211; Skizze","robots":{"index":"noindex","follow":"follow","max-snippet":"max-snippet:-1","max-image-preview":"max-image-preview:large","max-video-preview":"max-video-preview:-1"},"og_locale":"lv_LV","og_type":"article","og_title":"Kont\u016bru uzl\u012bmes Peel-Off's ziedi &#8211; Skizze","og_description":"Peel-Off\u2019s ir kont\u016bruzl\u012bmes, kas ir piem\u0113rotas izmanto\u0161anai uz da\u017e\u0101diem materi\u0101liem &#8211; uz pap\u012bra, stikla, auduma un plastmasas. T\u0101s lieliski noder\u0113s spogu\u013cu, sve\u010du, trauku, karti\u0146u un citu priek\u0161metu dekor\u0113\u0161anai. Ar kont\u016bruzl\u012bm\u0113m dekor\u0113tos traukus var izmantot mikrovi\u013c\u0146u kr\u0101sn\u012b un mazg\u0101t trauku mazg\u0101jamaj\u0101 ma\u0161\u012bn\u0101.","og_url":"https:\/\/hobstop.ee\/lv\/produkts\/konturu-uzlimes-peel-offs-ziedi\/","og_site_name":"Skizze","article_publisher":"http:\/\/www.facebook.com\/VunderSkizze","twitter_card":"summary_large_image","schema":{"@context":"https:\/\/schema.org","@graph":[{"@type":"WebPage","@id":"https:\/\/hobstop.ee\/lv\/produkts\/konturu-uzlimes-peel-offs-ziedi\/","url":"https:\/\/hobstop.ee\/lv\/produkts\/konturu-uzlimes-peel-offs-ziedi\/","name":"Kont\u016bru uzl\u012bmes Peel-Off's ziedi &#8211; Skizze","isPartOf":{"@id":"https:\/\/hobstop.ee\/lv\/#website"},"datePublished":"2015-07-31T23:19:39+00:00","dateModified":"2015-07-31T23:19:39+00:00","breadcrumb":{"@id":"https:\/\/hobstop.ee\/lv\/produkts\/konturu-uzlimes-peel-offs-ziedi\/#breadcrumb"},"inLanguage":"lv-LV","potentialAction":[{"@type":"ReadAction","target":["https:\/\/hobstop.ee\/lv\/produkts\/konturu-uzlimes-peel-offs-ziedi\/"]}]},{"@type":"BreadcrumbList","@id":"https:\/\/hobstop.ee\/lv\/produkts\/konturu-uzlimes-peel-offs-ziedi\/#breadcrumb","itemListElement":[{"@type":"ListItem","position":1,"name":"Avaleht","item":"https:\/\/hobstop.ee\/lv\/"},{"@type":"ListItem","position":2,"name":"Veikals","item":"https:\/\/hobstop.ee\/lv\/veikals\/"},{"@type":"ListItem","position":3,"name":"Kont\u016bru uzl\u012bmes Peel-Off&#8217;s ziedi"}]},{"@type":"WebSite","@id":"https:\/\/hobstop.ee\/lv\/#website","url":"https:\/\/hobstop.ee\/lv\/","name":"Skizze","description":"M\u0101kslas, hobiju un skolas preces","publisher":{"@id":"https:\/\/hobstop.ee\/lv\/#organization"},"potentialAction":[{"@type":"SearchAction","target":{"@type":"EntryPoint","urlTemplate":"https:\/\/hobstop.ee\/lv\/?s={search_term_string}"},"query-input":{"@type":"PropertyValueSpecification","valueRequired":true,"valueName":"search_term_string"}}],"inLanguage":"lv-LV"},{"@type":"Organization","@id":"https:\/\/hobstop.ee\/lv\/#organization","name":"Vunder AS","url":"https:\/\/hobstop.ee\/lv\/","logo":{"@type":"ImageObject","inLanguage":"lv-LV","@id":"https:\/\/hobstop.ee\/lv\/#\/schema\/logo\/image\/","url":"https:\/\/hobstop.ee\/media\/vunder-logo.png","contentUrl":"https:\/\/hobstop.ee\/media\/vunder-logo.png","width":127,"height":55,"caption":"Vunder AS"},"image":{"@id":"https:\/\/hobstop.ee\/lv\/#\/schema\/logo\/image\/"},"sameAs":["http:\/\/www.facebook.com\/VunderSkizze"]}]}},"_links":{"self":[{"href":"https:\/\/hobstop.ee\/lv\/wp-json\/wp\/v2\/product\/185355","targetHints":{"allow":["GET"]}}],"collection":[{"href":"https:\/\/hobstop.ee\/lv\/wp-json\/wp\/v2\/product"}],"about":[{"href":"https:\/\/hobstop.ee\/lv\/wp-json\/wp\/v2\/types\/product"}],"replies":[{"embeddable":true,"href":"https:\/\/hobstop.ee\/lv\/wp-json\/wp\/v2\/comments?post=185355"}],"wp:attachment":[{"href":"https:\/\/hobstop.ee\/lv\/wp-json\/wp\/v2\/media?parent=185355"}],"wp:term":[{"taxonomy":"product_cat","embeddable":true,"href":"https:\/\/hobstop.ee\/lv\/wp-json\/wp\/v2\/product_cat?post=185355"},{"taxonomy":"product_tag","embeddable":true,"href":"https:\/\/hobstop.ee\/lv\/wp-json\/wp\/v2\/product_tag?post=185355"}],"curies":[{"name":"wp","href":"https:\/\/api.w.org\/{rel}","templated":true}]}}