{"id":185379,"date":"2015-08-01T02:21:14","date_gmt":"2015-07-31T23:21:14","guid":{"rendered":"http:\/\/vunder-ee.sn25.zone.eu\/lv\/product\/zimesanas-bloks-canson-imagine\/"},"modified":"2015-08-01T02:21:14","modified_gmt":"2015-07-31T23:21:14","slug":"zimesanas-bloks-canson-imagine","status":"publish","type":"product","link":"https:\/\/hobstop.ee\/lv\/produkts\/zimesanas-bloks-canson-imagine\/","title":{"rendered":"Z\u012bm\u0113\u0161anas bloks Canson Imagine"},"content":{"rendered":"<p>Canson Imagine izce\u013cas ar savu z\u012bdaino tekst\u016bru, kur\u0101 saglab\u0101ta pap\u012bra dab\u012bg\u0101 strukt\u016bra, kas ir \u012bpa\u0161i pat\u012bkama, tam pieskaroties. Pap\u012bra tekst\u016bra, uzs\u016bk\u0161anas sp\u0113ja un svars (200 g\/m2) padara Canson Imagine par ide\u0101lu l\u012bdzekli darbam gan sausaj\u0101s, gan slapjaj\u0101s tehnik\u0101s (piem., z\u012bm\u0113\u0161anai ar gua\u0161u un akvar\u0113\u013ciem.  Canson\u00ae Imagine mirdzo\u0161i balt\u0101 kr\u0101sa nodro\u0161ina lielisku kontrastu un kr\u0101su harmoniju.<br \/>\nIde\u0101li piem\u0113rots: z\u012bmulim, pastelim, oglei, akvarelim, gua\u0161as kr\u0101s\u0101m, tintei un spalvai<\/p>\n","protected":false},"excerpt":{"rendered":"<p>Canson Imagine izce\u013cas ar savu z\u012bdaino tekst\u016bru, kur\u0101 saglab\u0101ta pap\u012bra dab\u012bg\u0101 strukt\u016bra, kas ir \u012bpa\u0161i pat\u012bkama, tam pieskaroties. Pap\u012bra tekst\u016bra, uzs\u016bk\u0161anas sp\u0113ja un svars (200 g\/m2) padara Canson Imagine par ide\u0101lu l\u012bdzekli darbam gan sausaj\u0101s, gan slapjaj\u0101s tehnik\u0101s (piem., z\u012bm\u0113\u0161anai ar gua\u0161u un akvar\u0113\u013ciem. Canson\u00ae Imagine mirdzo\u0161i balt\u0101 kr\u0101sa nodro\u0161ina lielisku kontrastu un kr\u0101su harmoniju. Ide\u0101li piem\u0113rots: z\u012bmulim, pastelim, oglei, akvarelim, gua\u0161as kr\u0101s\u0101m, tintei un spalvai<\/p>\n","protected":false},"featured_media":204431,"comment_status":"closed","ping_status":"closed","template":"","meta":{"_acf_changed":false,"ep_exclude_from_search":false},"product_cat":[18943,17921,19024],"product_tag":[],"class_list":{"0":"post-185379","1":"product","2":"type-product","3":"status-publish","4":"has-post-thumbnail","6":"product_cat-makslas-papirs-un-kartons-2","7":"product_cat-papira-izstradajumi","8":"product_cat-zimesanas-papirs-un-bloki-3","10":"first","11":"outofstock","12":"taxable","13":"shipping-taxable","14":"purchasable","15":"product-type-variable"},"acf":[],"yoast_head":"<!-- This site is optimized with the Yoast SEO plugin v24.1 - https:\/\/yoast.com\/wordpress\/plugins\/seo\/ -->\n<title>Z\u012bm\u0113\u0161anas bloks Canson Imagine &#8211; Skizze<\/title>\n<meta name=\"robots\" content=\"noindex, follow, max-snippet:-1, max-image-preview:large, max-video-preview:-1\" \/>\n<meta property=\"og:locale\" content=\"lv_LV\" \/>\n<meta property=\"og:type\" content=\"article\" \/>\n<meta property=\"og:title\" content=\"Z\u012bm\u0113\u0161anas bloks Canson Imagine &#8211; Skizze\" \/>\n<meta property=\"og:description\" content=\"Canson Imagine izce\u013cas ar savu z\u012bdaino tekst\u016bru, kur\u0101 saglab\u0101ta pap\u012bra dab\u012bg\u0101 strukt\u016bra, kas ir \u012bpa\u0161i pat\u012bkama, tam pieskaroties. Pap\u012bra tekst\u016bra, uzs\u016bk\u0161anas sp\u0113ja un svars (200 g\/m2) padara Canson Imagine par ide\u0101lu l\u012bdzekli darbam gan sausaj\u0101s, gan slapjaj\u0101s tehnik\u0101s (piem., z\u012bm\u0113\u0161anai ar gua\u0161u un akvar\u0113\u013ciem. Canson\u00ae Imagine mirdzo\u0161i balt\u0101 kr\u0101sa nodro\u0161ina lielisku kontrastu un kr\u0101su harmoniju. Ide\u0101li piem\u0113rots: z\u012bmulim, pastelim, oglei, akvarelim, gua\u0161as kr\u0101s\u0101m, tintei un spalvai\" \/>\n<meta property=\"og:url\" content=\"https:\/\/hobstop.ee\/lv\/produkts\/zimesanas-bloks-canson-imagine\/\" \/>\n<meta property=\"og:site_name\" content=\"Skizze\" \/>\n<meta property=\"article:publisher\" content=\"http:\/\/www.facebook.com\/VunderSkizze\" \/>\n<meta property=\"og:image\" content=\"https:\/\/hobstop.ee\/media\/3806.jpg\" \/>\n\t<meta property=\"og:image:width\" content=\"1024\" \/>\n\t<meta property=\"og:image:height\" content=\"768\" \/>\n\t<meta property=\"og:image:type\" content=\"image\/jpeg\" \/>\n<meta name=\"twitter:card\" content=\"summary_large_image\" \/>\n<script type=\"application\/ld+json\" class=\"yoast-schema-graph\">{\"@context\":\"https:\/\/schema.org\",\"@graph\":[{\"@type\":\"WebPage\",\"@id\":\"https:\/\/hobstop.ee\/lv\/produkts\/zimesanas-bloks-canson-imagine\/\",\"url\":\"https:\/\/hobstop.ee\/lv\/produkts\/zimesanas-bloks-canson-imagine\/\",\"name\":\"Z\u012bm\u0113\u0161anas bloks Canson Imagine &#8211; Skizze\",\"isPartOf\":{\"@id\":\"https:\/\/hobstop.ee\/lv\/#website\"},\"primaryImageOfPage\":{\"@id\":\"https:\/\/hobstop.ee\/lv\/produkts\/zimesanas-bloks-canson-imagine\/#primaryimage\"},\"image\":{\"@id\":\"https:\/\/hobstop.ee\/lv\/produkts\/zimesanas-bloks-canson-imagine\/#primaryimage\"},\"thumbnailUrl\":\"https:\/\/hobstop.ee\/media\/3806.jpg\",\"datePublished\":\"2015-07-31T23:21:14+00:00\",\"dateModified\":\"2015-07-31T23:21:14+00:00\",\"breadcrumb\":{\"@id\":\"https:\/\/hobstop.ee\/lv\/produkts\/zimesanas-bloks-canson-imagine\/#breadcrumb\"},\"inLanguage\":\"lv-LV\",\"potentialAction\":[{\"@type\":\"ReadAction\",\"target\":[\"https:\/\/hobstop.ee\/lv\/produkts\/zimesanas-bloks-canson-imagine\/\"]}]},{\"@type\":\"ImageObject\",\"inLanguage\":\"lv-LV\",\"@id\":\"https:\/\/hobstop.ee\/lv\/produkts\/zimesanas-bloks-canson-imagine\/#primaryimage\",\"url\":\"https:\/\/hobstop.ee\/media\/3806.jpg\",\"contentUrl\":\"https:\/\/hobstop.ee\/media\/3806.jpg\",\"width\":1024,\"height\":768},{\"@type\":\"BreadcrumbList\",\"@id\":\"https:\/\/hobstop.ee\/lv\/produkts\/zimesanas-bloks-canson-imagine\/#breadcrumb\",\"itemListElement\":[{\"@type\":\"ListItem\",\"position\":1,\"name\":\"Avaleht\",\"item\":\"https:\/\/www.hobstop.ee\/lv\/\"},{\"@type\":\"ListItem\",\"position\":2,\"name\":\"Veikals\",\"item\":\"https:\/\/www.hobstop.ee\/lv\/veikals\/\"},{\"@type\":\"ListItem\",\"position\":3,\"name\":\"Z\u012bm\u0113\u0161anas bloks Canson Imagine\"}]},{\"@type\":\"WebSite\",\"@id\":\"https:\/\/hobstop.ee\/lv\/#website\",\"url\":\"https:\/\/hobstop.ee\/lv\/\",\"name\":\"Skizze\",\"description\":\"M\u0101kslas, hobiju un skolas preces\",\"publisher\":{\"@id\":\"https:\/\/hobstop.ee\/lv\/#organization\"},\"potentialAction\":[{\"@type\":\"SearchAction\",\"target\":{\"@type\":\"EntryPoint\",\"urlTemplate\":\"https:\/\/hobstop.ee\/lv\/?s={search_term_string}\"},\"query-input\":{\"@type\":\"PropertyValueSpecification\",\"valueRequired\":true,\"valueName\":\"search_term_string\"}}],\"inLanguage\":\"lv-LV\"},{\"@type\":\"Organization\",\"@id\":\"https:\/\/hobstop.ee\/lv\/#organization\",\"name\":\"Vunder AS\",\"url\":\"https:\/\/hobstop.ee\/lv\/\",\"logo\":{\"@type\":\"ImageObject\",\"inLanguage\":\"lv-LV\",\"@id\":\"https:\/\/hobstop.ee\/lv\/#\/schema\/logo\/image\/\",\"url\":\"https:\/\/hobstop.ee\/media\/vunder-logo.png\",\"contentUrl\":\"https:\/\/hobstop.ee\/media\/vunder-logo.png\",\"width\":127,\"height\":55,\"caption\":\"Vunder AS\"},\"image\":{\"@id\":\"https:\/\/hobstop.ee\/lv\/#\/schema\/logo\/image\/\"},\"sameAs\":[\"http:\/\/www.facebook.com\/VunderSkizze\"]}]}<\/script>\n<!-- \/ Yoast SEO plugin. -->","yoast_head_json":{"title":"Z\u012bm\u0113\u0161anas bloks Canson Imagine &#8211; Skizze","robots":{"index":"noindex","follow":"follow","max-snippet":"max-snippet:-1","max-image-preview":"max-image-preview:large","max-video-preview":"max-video-preview:-1"},"og_locale":"lv_LV","og_type":"article","og_title":"Z\u012bm\u0113\u0161anas bloks Canson Imagine &#8211; Skizze","og_description":"Canson Imagine izce\u013cas ar savu z\u012bdaino tekst\u016bru, kur\u0101 saglab\u0101ta pap\u012bra dab\u012bg\u0101 strukt\u016bra, kas ir \u012bpa\u0161i pat\u012bkama, tam pieskaroties. Pap\u012bra tekst\u016bra, uzs\u016bk\u0161anas sp\u0113ja un svars (200 g\/m2) padara Canson Imagine par ide\u0101lu l\u012bdzekli darbam gan sausaj\u0101s, gan slapjaj\u0101s tehnik\u0101s (piem., z\u012bm\u0113\u0161anai ar gua\u0161u un akvar\u0113\u013ciem. Canson\u00ae Imagine mirdzo\u0161i balt\u0101 kr\u0101sa nodro\u0161ina lielisku kontrastu un kr\u0101su harmoniju. Ide\u0101li piem\u0113rots: z\u012bmulim, pastelim, oglei, akvarelim, gua\u0161as kr\u0101s\u0101m, tintei un spalvai","og_url":"https:\/\/hobstop.ee\/lv\/produkts\/zimesanas-bloks-canson-imagine\/","og_site_name":"Skizze","article_publisher":"http:\/\/www.facebook.com\/VunderSkizze","og_image":[{"width":1024,"height":768,"url":"https:\/\/hobstop.ee\/media\/3806.jpg","type":"image\/jpeg"}],"twitter_card":"summary_large_image","schema":{"@context":"https:\/\/schema.org","@graph":[{"@type":"WebPage","@id":"https:\/\/hobstop.ee\/lv\/produkts\/zimesanas-bloks-canson-imagine\/","url":"https:\/\/hobstop.ee\/lv\/produkts\/zimesanas-bloks-canson-imagine\/","name":"Z\u012bm\u0113\u0161anas bloks Canson Imagine &#8211; Skizze","isPartOf":{"@id":"https:\/\/hobstop.ee\/lv\/#website"},"primaryImageOfPage":{"@id":"https:\/\/hobstop.ee\/lv\/produkts\/zimesanas-bloks-canson-imagine\/#primaryimage"},"image":{"@id":"https:\/\/hobstop.ee\/lv\/produkts\/zimesanas-bloks-canson-imagine\/#primaryimage"},"thumbnailUrl":"https:\/\/hobstop.ee\/media\/3806.jpg","datePublished":"2015-07-31T23:21:14+00:00","dateModified":"2015-07-31T23:21:14+00:00","breadcrumb":{"@id":"https:\/\/hobstop.ee\/lv\/produkts\/zimesanas-bloks-canson-imagine\/#breadcrumb"},"inLanguage":"lv-LV","potentialAction":[{"@type":"ReadAction","target":["https:\/\/hobstop.ee\/lv\/produkts\/zimesanas-bloks-canson-imagine\/"]}]},{"@type":"ImageObject","inLanguage":"lv-LV","@id":"https:\/\/hobstop.ee\/lv\/produkts\/zimesanas-bloks-canson-imagine\/#primaryimage","url":"https:\/\/hobstop.ee\/media\/3806.jpg","contentUrl":"https:\/\/hobstop.ee\/media\/3806.jpg","width":1024,"height":768},{"@type":"BreadcrumbList","@id":"https:\/\/hobstop.ee\/lv\/produkts\/zimesanas-bloks-canson-imagine\/#breadcrumb","itemListElement":[{"@type":"ListItem","position":1,"name":"Avaleht","item":"https:\/\/www.hobstop.ee\/lv\/"},{"@type":"ListItem","position":2,"name":"Veikals","item":"https:\/\/www.hobstop.ee\/lv\/veikals\/"},{"@type":"ListItem","position":3,"name":"Z\u012bm\u0113\u0161anas bloks Canson Imagine"}]},{"@type":"WebSite","@id":"https:\/\/hobstop.ee\/lv\/#website","url":"https:\/\/hobstop.ee\/lv\/","name":"Skizze","description":"M\u0101kslas, hobiju un skolas preces","publisher":{"@id":"https:\/\/hobstop.ee\/lv\/#organization"},"potentialAction":[{"@type":"SearchAction","target":{"@type":"EntryPoint","urlTemplate":"https:\/\/hobstop.ee\/lv\/?s={search_term_string}"},"query-input":{"@type":"PropertyValueSpecification","valueRequired":true,"valueName":"search_term_string"}}],"inLanguage":"lv-LV"},{"@type":"Organization","@id":"https:\/\/hobstop.ee\/lv\/#organization","name":"Vunder AS","url":"https:\/\/hobstop.ee\/lv\/","logo":{"@type":"ImageObject","inLanguage":"lv-LV","@id":"https:\/\/hobstop.ee\/lv\/#\/schema\/logo\/image\/","url":"https:\/\/hobstop.ee\/media\/vunder-logo.png","contentUrl":"https:\/\/hobstop.ee\/media\/vunder-logo.png","width":127,"height":55,"caption":"Vunder AS"},"image":{"@id":"https:\/\/hobstop.ee\/lv\/#\/schema\/logo\/image\/"},"sameAs":["http:\/\/www.facebook.com\/VunderSkizze"]}]}},"_links":{"self":[{"href":"https:\/\/hobstop.ee\/lv\/wp-json\/wp\/v2\/product\/185379","targetHints":{"allow":["GET"]}}],"collection":[{"href":"https:\/\/hobstop.ee\/lv\/wp-json\/wp\/v2\/product"}],"about":[{"href":"https:\/\/hobstop.ee\/lv\/wp-json\/wp\/v2\/types\/product"}],"replies":[{"embeddable":true,"href":"https:\/\/hobstop.ee\/lv\/wp-json\/wp\/v2\/comments?post=185379"}],"wp:featuredmedia":[{"embeddable":true,"href":"https:\/\/hobstop.ee\/lv\/wp-json\/wp\/v2\/media\/204431"}],"wp:attachment":[{"href":"https:\/\/hobstop.ee\/lv\/wp-json\/wp\/v2\/media?parent=185379"}],"wp:term":[{"taxonomy":"product_cat","embeddable":true,"href":"https:\/\/hobstop.ee\/lv\/wp-json\/wp\/v2\/product_cat?post=185379"},{"taxonomy":"product_tag","embeddable":true,"href":"https:\/\/hobstop.ee\/lv\/wp-json\/wp\/v2\/product_tag?post=185379"}],"curies":[{"name":"wp","href":"https:\/\/api.w.org\/{rel}","templated":true}]}}