{"id":185387,"date":"2015-08-01T02:21:39","date_gmt":"2015-07-31T23:21:39","guid":{"rendered":"http:\/\/vunder-ee.sn25.zone.eu\/lv\/product\/zimesanas-bloks-canson-xl-marker\/"},"modified":"2015-08-01T02:21:39","modified_gmt":"2015-07-31T23:21:39","slug":"zimesanas-bloks-canson-xl-marker","status":"publish","type":"product","link":"https:\/\/hobstop.ee\/lv\/produkts\/zimesanas-bloks-canson-xl-marker\/","title":{"rendered":"Z\u012bm\u0113\u0161anas bloks Canson XL Marker"},"content":{"rendered":"<p>Da\u013c\u0113ji caursp\u012bd\u012bgs, \u013coti balts un gluds pap\u012brs pl\u0101nu un projektu z\u012bm\u0113\u0161anai. Tas ir \u016bdensiztur\u012bgs un p\u0101rkl\u0101ts ar speci\u0101lu barjeras sl\u0101ni, kas nov\u0113r\u0161 tintes ies\u016bk\u0161anos. Tinte paliek uz pap\u012bra virsmas, neizs\u016bcoties tam cauri. XL Marker pap\u012brs z\u012bm\u0113\u0161anai ar m\u0101r\u0137ieriem izce\u013c kr\u0101sas un \u013cauj ieg\u016bt samtainus to\u0146us.<br \/>\nIde\u0101li piem\u0113rots: visu veidu m\u0101r\u0137ieriem, t.sk. spirtu un \u0161\u0137\u012bdin\u0101t\u0101jus saturo\u0161iem m\u0101r\u0137ieriem<\/p>\n","protected":false},"excerpt":{"rendered":"<p>Da\u013c\u0113ji caursp\u012bd\u012bgs, \u013coti balts un gluds pap\u012brs pl\u0101nu un projektu z\u012bm\u0113\u0161anai. Tas ir \u016bdensiztur\u012bgs un p\u0101rkl\u0101ts ar speci\u0101lu barjeras sl\u0101ni, kas nov\u0113r\u0161 tintes ies\u016bk\u0161anos. Tinte paliek uz pap\u012bra virsmas, neizs\u016bcoties tam cauri. XL Marker pap\u012brs z\u012bm\u0113\u0161anai ar m\u0101r\u0137ieriem izce\u013c kr\u0101sas un \u013cauj ieg\u016bt samtainus to\u0146us. Ide\u0101li piem\u0113rots: visu veidu m\u0101r\u0137ieriem, t.sk. spirtu un \u0161\u0137\u012bdin\u0101t\u0101jus saturo\u0161iem m\u0101r\u0137ieriem<\/p>\n","protected":false},"featured_media":354183,"comment_status":"closed","ping_status":"closed","template":"","meta":{"_acf_changed":false,"ep_exclude_from_search":false},"product_cat":[18943,17921,19024],"product_tag":[],"class_list":{"0":"post-185387","1":"product","2":"type-product","3":"status-publish","4":"has-post-thumbnail","6":"product_cat-makslas-papirs-un-kartons-2","7":"product_cat-papira-izstradajumi","8":"product_cat-zimesanas-papirs-un-bloki-3","10":"first","11":"outofstock","12":"taxable","13":"shipping-taxable","14":"purchasable","15":"product-type-variable"},"acf":[],"yoast_head":"<!-- This site is optimized with the Yoast SEO plugin v24.1 - https:\/\/yoast.com\/wordpress\/plugins\/seo\/ -->\n<title>Z\u012bm\u0113\u0161anas bloks Canson XL Marker &#8211; Skizze<\/title>\n<meta name=\"robots\" content=\"noindex, follow, max-snippet:-1, max-image-preview:large, max-video-preview:-1\" \/>\n<meta property=\"og:locale\" content=\"lv_LV\" \/>\n<meta property=\"og:type\" content=\"article\" \/>\n<meta property=\"og:title\" content=\"Z\u012bm\u0113\u0161anas bloks Canson XL Marker &#8211; Skizze\" \/>\n<meta property=\"og:description\" content=\"Da\u013c\u0113ji caursp\u012bd\u012bgs, \u013coti balts un gluds pap\u012brs pl\u0101nu un projektu z\u012bm\u0113\u0161anai. Tas ir \u016bdensiztur\u012bgs un p\u0101rkl\u0101ts ar speci\u0101lu barjeras sl\u0101ni, kas nov\u0113r\u0161 tintes ies\u016bk\u0161anos. Tinte paliek uz pap\u012bra virsmas, neizs\u016bcoties tam cauri. XL Marker pap\u012brs z\u012bm\u0113\u0161anai ar m\u0101r\u0137ieriem izce\u013c kr\u0101sas un \u013cauj ieg\u016bt samtainus to\u0146us. Ide\u0101li piem\u0113rots: visu veidu m\u0101r\u0137ieriem, t.sk. spirtu un \u0161\u0137\u012bdin\u0101t\u0101jus saturo\u0161iem m\u0101r\u0137ieriem\" \/>\n<meta property=\"og:url\" content=\"https:\/\/hobstop.ee\/lv\/produkts\/zimesanas-bloks-canson-xl-marker\/\" \/>\n<meta property=\"og:site_name\" content=\"Skizze\" \/>\n<meta property=\"article:publisher\" content=\"http:\/\/www.facebook.com\/VunderSkizze\" \/>\n<meta property=\"og:image\" content=\"https:\/\/hobstop.ee\/media\/3808.jpg\" \/>\n\t<meta property=\"og:image:width\" content=\"1024\" \/>\n\t<meta property=\"og:image:height\" content=\"768\" \/>\n\t<meta property=\"og:image:type\" content=\"image\/jpeg\" \/>\n<meta name=\"twitter:card\" content=\"summary_large_image\" \/>\n<script type=\"application\/ld+json\" class=\"yoast-schema-graph\">{\"@context\":\"https:\/\/schema.org\",\"@graph\":[{\"@type\":\"WebPage\",\"@id\":\"https:\/\/hobstop.ee\/lv\/produkts\/zimesanas-bloks-canson-xl-marker\/\",\"url\":\"https:\/\/hobstop.ee\/lv\/produkts\/zimesanas-bloks-canson-xl-marker\/\",\"name\":\"Z\u012bm\u0113\u0161anas bloks Canson XL Marker &#8211; Skizze\",\"isPartOf\":{\"@id\":\"https:\/\/hobstop.ee\/lv\/#website\"},\"primaryImageOfPage\":{\"@id\":\"https:\/\/hobstop.ee\/lv\/produkts\/zimesanas-bloks-canson-xl-marker\/#primaryimage\"},\"image\":{\"@id\":\"https:\/\/hobstop.ee\/lv\/produkts\/zimesanas-bloks-canson-xl-marker\/#primaryimage\"},\"thumbnailUrl\":\"https:\/\/hobstop.ee\/media\/3808.jpg\",\"datePublished\":\"2015-07-31T23:21:39+00:00\",\"dateModified\":\"2015-07-31T23:21:39+00:00\",\"breadcrumb\":{\"@id\":\"https:\/\/hobstop.ee\/lv\/produkts\/zimesanas-bloks-canson-xl-marker\/#breadcrumb\"},\"inLanguage\":\"lv-LV\",\"potentialAction\":[{\"@type\":\"ReadAction\",\"target\":[\"https:\/\/hobstop.ee\/lv\/produkts\/zimesanas-bloks-canson-xl-marker\/\"]}]},{\"@type\":\"ImageObject\",\"inLanguage\":\"lv-LV\",\"@id\":\"https:\/\/hobstop.ee\/lv\/produkts\/zimesanas-bloks-canson-xl-marker\/#primaryimage\",\"url\":\"https:\/\/hobstop.ee\/media\/3808.jpg\",\"contentUrl\":\"https:\/\/hobstop.ee\/media\/3808.jpg\",\"width\":1024,\"height\":768},{\"@type\":\"BreadcrumbList\",\"@id\":\"https:\/\/hobstop.ee\/lv\/produkts\/zimesanas-bloks-canson-xl-marker\/#breadcrumb\",\"itemListElement\":[{\"@type\":\"ListItem\",\"position\":1,\"name\":\"Avaleht\",\"item\":\"https:\/\/www.hobstop.ee\/lv\/\"},{\"@type\":\"ListItem\",\"position\":2,\"name\":\"Veikals\",\"item\":\"https:\/\/www.hobstop.ee\/lv\/veikals\/\"},{\"@type\":\"ListItem\",\"position\":3,\"name\":\"Z\u012bm\u0113\u0161anas bloks Canson XL Marker\"}]},{\"@type\":\"WebSite\",\"@id\":\"https:\/\/hobstop.ee\/lv\/#website\",\"url\":\"https:\/\/hobstop.ee\/lv\/\",\"name\":\"Skizze\",\"description\":\"M\u0101kslas, hobiju un skolas preces\",\"publisher\":{\"@id\":\"https:\/\/hobstop.ee\/lv\/#organization\"},\"potentialAction\":[{\"@type\":\"SearchAction\",\"target\":{\"@type\":\"EntryPoint\",\"urlTemplate\":\"https:\/\/hobstop.ee\/lv\/?s={search_term_string}\"},\"query-input\":{\"@type\":\"PropertyValueSpecification\",\"valueRequired\":true,\"valueName\":\"search_term_string\"}}],\"inLanguage\":\"lv-LV\"},{\"@type\":\"Organization\",\"@id\":\"https:\/\/hobstop.ee\/lv\/#organization\",\"name\":\"Vunder AS\",\"url\":\"https:\/\/hobstop.ee\/lv\/\",\"logo\":{\"@type\":\"ImageObject\",\"inLanguage\":\"lv-LV\",\"@id\":\"https:\/\/hobstop.ee\/lv\/#\/schema\/logo\/image\/\",\"url\":\"https:\/\/hobstop.ee\/media\/vunder-logo.png\",\"contentUrl\":\"https:\/\/hobstop.ee\/media\/vunder-logo.png\",\"width\":127,\"height\":55,\"caption\":\"Vunder AS\"},\"image\":{\"@id\":\"https:\/\/hobstop.ee\/lv\/#\/schema\/logo\/image\/\"},\"sameAs\":[\"http:\/\/www.facebook.com\/VunderSkizze\"]}]}<\/script>\n<!-- \/ Yoast SEO plugin. -->","yoast_head_json":{"title":"Z\u012bm\u0113\u0161anas bloks Canson XL Marker &#8211; Skizze","robots":{"index":"noindex","follow":"follow","max-snippet":"max-snippet:-1","max-image-preview":"max-image-preview:large","max-video-preview":"max-video-preview:-1"},"og_locale":"lv_LV","og_type":"article","og_title":"Z\u012bm\u0113\u0161anas bloks Canson XL Marker &#8211; Skizze","og_description":"Da\u013c\u0113ji caursp\u012bd\u012bgs, \u013coti balts un gluds pap\u012brs pl\u0101nu un projektu z\u012bm\u0113\u0161anai. Tas ir \u016bdensiztur\u012bgs un p\u0101rkl\u0101ts ar speci\u0101lu barjeras sl\u0101ni, kas nov\u0113r\u0161 tintes ies\u016bk\u0161anos. Tinte paliek uz pap\u012bra virsmas, neizs\u016bcoties tam cauri. XL Marker pap\u012brs z\u012bm\u0113\u0161anai ar m\u0101r\u0137ieriem izce\u013c kr\u0101sas un \u013cauj ieg\u016bt samtainus to\u0146us. Ide\u0101li piem\u0113rots: visu veidu m\u0101r\u0137ieriem, t.sk. spirtu un \u0161\u0137\u012bdin\u0101t\u0101jus saturo\u0161iem m\u0101r\u0137ieriem","og_url":"https:\/\/hobstop.ee\/lv\/produkts\/zimesanas-bloks-canson-xl-marker\/","og_site_name":"Skizze","article_publisher":"http:\/\/www.facebook.com\/VunderSkizze","og_image":[{"width":1024,"height":768,"url":"https:\/\/hobstop.ee\/media\/3808.jpg","type":"image\/jpeg"}],"twitter_card":"summary_large_image","schema":{"@context":"https:\/\/schema.org","@graph":[{"@type":"WebPage","@id":"https:\/\/hobstop.ee\/lv\/produkts\/zimesanas-bloks-canson-xl-marker\/","url":"https:\/\/hobstop.ee\/lv\/produkts\/zimesanas-bloks-canson-xl-marker\/","name":"Z\u012bm\u0113\u0161anas bloks Canson XL Marker &#8211; Skizze","isPartOf":{"@id":"https:\/\/hobstop.ee\/lv\/#website"},"primaryImageOfPage":{"@id":"https:\/\/hobstop.ee\/lv\/produkts\/zimesanas-bloks-canson-xl-marker\/#primaryimage"},"image":{"@id":"https:\/\/hobstop.ee\/lv\/produkts\/zimesanas-bloks-canson-xl-marker\/#primaryimage"},"thumbnailUrl":"https:\/\/hobstop.ee\/media\/3808.jpg","datePublished":"2015-07-31T23:21:39+00:00","dateModified":"2015-07-31T23:21:39+00:00","breadcrumb":{"@id":"https:\/\/hobstop.ee\/lv\/produkts\/zimesanas-bloks-canson-xl-marker\/#breadcrumb"},"inLanguage":"lv-LV","potentialAction":[{"@type":"ReadAction","target":["https:\/\/hobstop.ee\/lv\/produkts\/zimesanas-bloks-canson-xl-marker\/"]}]},{"@type":"ImageObject","inLanguage":"lv-LV","@id":"https:\/\/hobstop.ee\/lv\/produkts\/zimesanas-bloks-canson-xl-marker\/#primaryimage","url":"https:\/\/hobstop.ee\/media\/3808.jpg","contentUrl":"https:\/\/hobstop.ee\/media\/3808.jpg","width":1024,"height":768},{"@type":"BreadcrumbList","@id":"https:\/\/hobstop.ee\/lv\/produkts\/zimesanas-bloks-canson-xl-marker\/#breadcrumb","itemListElement":[{"@type":"ListItem","position":1,"name":"Avaleht","item":"https:\/\/www.hobstop.ee\/lv\/"},{"@type":"ListItem","position":2,"name":"Veikals","item":"https:\/\/www.hobstop.ee\/lv\/veikals\/"},{"@type":"ListItem","position":3,"name":"Z\u012bm\u0113\u0161anas bloks Canson XL Marker"}]},{"@type":"WebSite","@id":"https:\/\/hobstop.ee\/lv\/#website","url":"https:\/\/hobstop.ee\/lv\/","name":"Skizze","description":"M\u0101kslas, hobiju un skolas preces","publisher":{"@id":"https:\/\/hobstop.ee\/lv\/#organization"},"potentialAction":[{"@type":"SearchAction","target":{"@type":"EntryPoint","urlTemplate":"https:\/\/hobstop.ee\/lv\/?s={search_term_string}"},"query-input":{"@type":"PropertyValueSpecification","valueRequired":true,"valueName":"search_term_string"}}],"inLanguage":"lv-LV"},{"@type":"Organization","@id":"https:\/\/hobstop.ee\/lv\/#organization","name":"Vunder AS","url":"https:\/\/hobstop.ee\/lv\/","logo":{"@type":"ImageObject","inLanguage":"lv-LV","@id":"https:\/\/hobstop.ee\/lv\/#\/schema\/logo\/image\/","url":"https:\/\/hobstop.ee\/media\/vunder-logo.png","contentUrl":"https:\/\/hobstop.ee\/media\/vunder-logo.png","width":127,"height":55,"caption":"Vunder AS"},"image":{"@id":"https:\/\/hobstop.ee\/lv\/#\/schema\/logo\/image\/"},"sameAs":["http:\/\/www.facebook.com\/VunderSkizze"]}]}},"_links":{"self":[{"href":"https:\/\/hobstop.ee\/lv\/wp-json\/wp\/v2\/product\/185387","targetHints":{"allow":["GET"]}}],"collection":[{"href":"https:\/\/hobstop.ee\/lv\/wp-json\/wp\/v2\/product"}],"about":[{"href":"https:\/\/hobstop.ee\/lv\/wp-json\/wp\/v2\/types\/product"}],"replies":[{"embeddable":true,"href":"https:\/\/hobstop.ee\/lv\/wp-json\/wp\/v2\/comments?post=185387"}],"wp:featuredmedia":[{"embeddable":true,"href":"https:\/\/hobstop.ee\/lv\/wp-json\/wp\/v2\/media\/354183"}],"wp:attachment":[{"href":"https:\/\/hobstop.ee\/lv\/wp-json\/wp\/v2\/media?parent=185387"}],"wp:term":[{"taxonomy":"product_cat","embeddable":true,"href":"https:\/\/hobstop.ee\/lv\/wp-json\/wp\/v2\/product_cat?post=185387"},{"taxonomy":"product_tag","embeddable":true,"href":"https:\/\/hobstop.ee\/lv\/wp-json\/wp\/v2\/product_tag?post=185387"}],"curies":[{"name":"wp","href":"https:\/\/api.w.org\/{rel}","templated":true}]}}