{"id":185391,"date":"2015-08-01T02:21:52","date_gmt":"2015-07-31T23:21:52","guid":{"rendered":"http:\/\/vunder-ee.sn25.zone.eu\/lv\/product\/rasesanas-papira-bloks-canson-bristol\/"},"modified":"2015-08-01T02:21:52","modified_gmt":"2015-07-31T23:21:52","slug":"rasesanas-papira-bloks-canson-bristol","status":"publish","type":"product","link":"https:\/\/hobstop.ee\/lv\/produkts\/rasesanas-papira-bloks-canson-bristol\/","title":{"rendered":"Ras\u0113\u0161anas pap\u012bra bloks Canson Bristol"},"content":{"rendered":"<p>Mirdzo\u0161i balts, izsmalcin\u0101ts kartons ar z\u012bdainu un \u013coti gludu virsmu.  \u013boti iztur\u012bgs kartons, kas lieliski iztur atk\u0101rtotus labojumus (skr\u0101p\u0113\u0161anu un dz\u0113\u0161anu). Tas ir ide\u0101li piem\u0113rots darbam ar z\u012bmuli un spalvu, darbam pludin\u0101\u0161anas un kr\u0101sas p\u016b\u0161anas tehnik\u0101s, ras\u0113jumiem un cit\u0101m tehnik\u0101m, kam nepiecie\u0161ama gluda virsma un prec\u012bzas l\u012bnijas.<br \/>\nIde\u0101li piem\u0113rots: z\u012bmulim, tintei, m\u0101r\u0137ierim, flom\u0101steriem<\/p>\n","protected":false},"excerpt":{"rendered":"<p>Mirdzo\u0161i balts, izsmalcin\u0101ts kartons ar z\u012bdainu un \u013coti gludu virsmu. \u013boti iztur\u012bgs kartons, kas lieliski iztur atk\u0101rtotus labojumus (skr\u0101p\u0113\u0161anu un dz\u0113\u0161anu). Tas ir ide\u0101li piem\u0113rots darbam ar z\u012bmuli un spalvu, darbam pludin\u0101\u0161anas un kr\u0101sas p\u016b\u0161anas tehnik\u0101s, ras\u0113jumiem un cit\u0101m tehnik\u0101m, kam nepiecie\u0161ama gluda virsma un prec\u012bzas l\u012bnijas. Ide\u0101li piem\u0113rots: z\u012bmulim, tintei, m\u0101r\u0137ierim, flom\u0101steriem<\/p>\n","protected":false},"featured_media":354003,"comment_status":"closed","ping_status":"closed","template":"","meta":{"_acf_changed":false,"ep_exclude_from_search":false},"product_cat":[18943,17921,19024],"product_tag":[],"class_list":{"0":"post-185391","1":"product","2":"type-product","3":"status-publish","4":"has-post-thumbnail","6":"product_cat-makslas-papirs-un-kartons-2","7":"product_cat-papira-izstradajumi","8":"product_cat-zimesanas-papirs-un-bloki-3","10":"first","11":"outofstock","12":"taxable","13":"shipping-taxable","14":"purchasable","15":"product-type-variable"},"acf":[],"yoast_head":"<!-- This site is optimized with the Yoast SEO plugin v24.1 - https:\/\/yoast.com\/wordpress\/plugins\/seo\/ -->\n<title>Ras\u0113\u0161anas pap\u012bra bloks Canson Bristol &#8211; Skizze<\/title>\n<meta name=\"robots\" content=\"noindex, follow, max-snippet:-1, max-image-preview:large, max-video-preview:-1\" \/>\n<meta property=\"og:locale\" content=\"lv_LV\" \/>\n<meta property=\"og:type\" content=\"article\" \/>\n<meta property=\"og:title\" content=\"Ras\u0113\u0161anas pap\u012bra bloks Canson Bristol &#8211; Skizze\" \/>\n<meta property=\"og:description\" content=\"Mirdzo\u0161i balts, izsmalcin\u0101ts kartons ar z\u012bdainu un \u013coti gludu virsmu. \u013boti iztur\u012bgs kartons, kas lieliski iztur atk\u0101rtotus labojumus (skr\u0101p\u0113\u0161anu un dz\u0113\u0161anu). Tas ir ide\u0101li piem\u0113rots darbam ar z\u012bmuli un spalvu, darbam pludin\u0101\u0161anas un kr\u0101sas p\u016b\u0161anas tehnik\u0101s, ras\u0113jumiem un cit\u0101m tehnik\u0101m, kam nepiecie\u0161ama gluda virsma un prec\u012bzas l\u012bnijas. Ide\u0101li piem\u0113rots: z\u012bmulim, tintei, m\u0101r\u0137ierim, flom\u0101steriem\" \/>\n<meta property=\"og:url\" content=\"https:\/\/hobstop.ee\/lv\/produkts\/rasesanas-papira-bloks-canson-bristol\/\" \/>\n<meta property=\"og:site_name\" content=\"Skizze\" \/>\n<meta property=\"article:publisher\" content=\"http:\/\/www.facebook.com\/VunderSkizze\" \/>\n<meta property=\"og:image\" content=\"https:\/\/www.hobstop.ee\/media\/3809.jpg\" \/>\n\t<meta property=\"og:image:width\" content=\"1024\" \/>\n\t<meta property=\"og:image:height\" content=\"768\" \/>\n\t<meta property=\"og:image:type\" content=\"image\/jpeg\" \/>\n<meta name=\"twitter:card\" content=\"summary_large_image\" \/>\n<script type=\"application\/ld+json\" class=\"yoast-schema-graph\">{\"@context\":\"https:\/\/schema.org\",\"@graph\":[{\"@type\":\"WebPage\",\"@id\":\"https:\/\/hobstop.ee\/lv\/produkts\/rasesanas-papira-bloks-canson-bristol\/\",\"url\":\"https:\/\/hobstop.ee\/lv\/produkts\/rasesanas-papira-bloks-canson-bristol\/\",\"name\":\"Ras\u0113\u0161anas pap\u012bra bloks Canson Bristol &#8211; Skizze\",\"isPartOf\":{\"@id\":\"https:\/\/hobstop.ee\/lv\/#website\"},\"primaryImageOfPage\":{\"@id\":\"https:\/\/hobstop.ee\/lv\/produkts\/rasesanas-papira-bloks-canson-bristol\/#primaryimage\"},\"image\":{\"@id\":\"https:\/\/hobstop.ee\/lv\/produkts\/rasesanas-papira-bloks-canson-bristol\/#primaryimage\"},\"thumbnailUrl\":\"https:\/\/hobstop.ee\/media\/3809.jpg\",\"datePublished\":\"2015-07-31T23:21:52+00:00\",\"dateModified\":\"2015-07-31T23:21:52+00:00\",\"breadcrumb\":{\"@id\":\"https:\/\/hobstop.ee\/lv\/produkts\/rasesanas-papira-bloks-canson-bristol\/#breadcrumb\"},\"inLanguage\":\"lv-LV\",\"potentialAction\":[{\"@type\":\"ReadAction\",\"target\":[\"https:\/\/hobstop.ee\/lv\/produkts\/rasesanas-papira-bloks-canson-bristol\/\"]}]},{\"@type\":\"ImageObject\",\"inLanguage\":\"lv-LV\",\"@id\":\"https:\/\/hobstop.ee\/lv\/produkts\/rasesanas-papira-bloks-canson-bristol\/#primaryimage\",\"url\":\"https:\/\/hobstop.ee\/media\/3809.jpg\",\"contentUrl\":\"https:\/\/hobstop.ee\/media\/3809.jpg\",\"width\":1024,\"height\":768},{\"@type\":\"BreadcrumbList\",\"@id\":\"https:\/\/hobstop.ee\/lv\/produkts\/rasesanas-papira-bloks-canson-bristol\/#breadcrumb\",\"itemListElement\":[{\"@type\":\"ListItem\",\"position\":1,\"name\":\"Avaleht\",\"item\":\"https:\/\/hobstop.ee\/lv\/\"},{\"@type\":\"ListItem\",\"position\":2,\"name\":\"Veikals\",\"item\":\"https:\/\/hobstop.ee\/lv\/veikals\/\"},{\"@type\":\"ListItem\",\"position\":3,\"name\":\"Ras\u0113\u0161anas pap\u012bra bloks Canson Bristol\"}]},{\"@type\":\"WebSite\",\"@id\":\"https:\/\/hobstop.ee\/lv\/#website\",\"url\":\"https:\/\/hobstop.ee\/lv\/\",\"name\":\"Skizze\",\"description\":\"M\u0101kslas, hobiju un skolas preces\",\"publisher\":{\"@id\":\"https:\/\/hobstop.ee\/lv\/#organization\"},\"potentialAction\":[{\"@type\":\"SearchAction\",\"target\":{\"@type\":\"EntryPoint\",\"urlTemplate\":\"https:\/\/hobstop.ee\/lv\/?s={search_term_string}\"},\"query-input\":{\"@type\":\"PropertyValueSpecification\",\"valueRequired\":true,\"valueName\":\"search_term_string\"}}],\"inLanguage\":\"lv-LV\"},{\"@type\":\"Organization\",\"@id\":\"https:\/\/hobstop.ee\/lv\/#organization\",\"name\":\"Vunder AS\",\"url\":\"https:\/\/hobstop.ee\/lv\/\",\"logo\":{\"@type\":\"ImageObject\",\"inLanguage\":\"lv-LV\",\"@id\":\"https:\/\/hobstop.ee\/lv\/#\/schema\/logo\/image\/\",\"url\":\"https:\/\/hobstop.ee\/media\/vunder-logo.png\",\"contentUrl\":\"https:\/\/hobstop.ee\/media\/vunder-logo.png\",\"width\":127,\"height\":55,\"caption\":\"Vunder AS\"},\"image\":{\"@id\":\"https:\/\/hobstop.ee\/lv\/#\/schema\/logo\/image\/\"},\"sameAs\":[\"http:\/\/www.facebook.com\/VunderSkizze\"]}]}<\/script>\n<!-- \/ Yoast SEO plugin. -->","yoast_head_json":{"title":"Ras\u0113\u0161anas pap\u012bra bloks Canson Bristol &#8211; Skizze","robots":{"index":"noindex","follow":"follow","max-snippet":"max-snippet:-1","max-image-preview":"max-image-preview:large","max-video-preview":"max-video-preview:-1"},"og_locale":"lv_LV","og_type":"article","og_title":"Ras\u0113\u0161anas pap\u012bra bloks Canson Bristol &#8211; Skizze","og_description":"Mirdzo\u0161i balts, izsmalcin\u0101ts kartons ar z\u012bdainu un \u013coti gludu virsmu. \u013boti iztur\u012bgs kartons, kas lieliski iztur atk\u0101rtotus labojumus (skr\u0101p\u0113\u0161anu un dz\u0113\u0161anu). Tas ir ide\u0101li piem\u0113rots darbam ar z\u012bmuli un spalvu, darbam pludin\u0101\u0161anas un kr\u0101sas p\u016b\u0161anas tehnik\u0101s, ras\u0113jumiem un cit\u0101m tehnik\u0101m, kam nepiecie\u0161ama gluda virsma un prec\u012bzas l\u012bnijas. Ide\u0101li piem\u0113rots: z\u012bmulim, tintei, m\u0101r\u0137ierim, flom\u0101steriem","og_url":"https:\/\/hobstop.ee\/lv\/produkts\/rasesanas-papira-bloks-canson-bristol\/","og_site_name":"Skizze","article_publisher":"http:\/\/www.facebook.com\/VunderSkizze","og_image":[{"width":1024,"height":768,"url":"https:\/\/www.hobstop.ee\/media\/3809.jpg","type":"image\/jpeg"}],"twitter_card":"summary_large_image","schema":{"@context":"https:\/\/schema.org","@graph":[{"@type":"WebPage","@id":"https:\/\/hobstop.ee\/lv\/produkts\/rasesanas-papira-bloks-canson-bristol\/","url":"https:\/\/hobstop.ee\/lv\/produkts\/rasesanas-papira-bloks-canson-bristol\/","name":"Ras\u0113\u0161anas pap\u012bra bloks Canson Bristol &#8211; Skizze","isPartOf":{"@id":"https:\/\/hobstop.ee\/lv\/#website"},"primaryImageOfPage":{"@id":"https:\/\/hobstop.ee\/lv\/produkts\/rasesanas-papira-bloks-canson-bristol\/#primaryimage"},"image":{"@id":"https:\/\/hobstop.ee\/lv\/produkts\/rasesanas-papira-bloks-canson-bristol\/#primaryimage"},"thumbnailUrl":"https:\/\/hobstop.ee\/media\/3809.jpg","datePublished":"2015-07-31T23:21:52+00:00","dateModified":"2015-07-31T23:21:52+00:00","breadcrumb":{"@id":"https:\/\/hobstop.ee\/lv\/produkts\/rasesanas-papira-bloks-canson-bristol\/#breadcrumb"},"inLanguage":"lv-LV","potentialAction":[{"@type":"ReadAction","target":["https:\/\/hobstop.ee\/lv\/produkts\/rasesanas-papira-bloks-canson-bristol\/"]}]},{"@type":"ImageObject","inLanguage":"lv-LV","@id":"https:\/\/hobstop.ee\/lv\/produkts\/rasesanas-papira-bloks-canson-bristol\/#primaryimage","url":"https:\/\/hobstop.ee\/media\/3809.jpg","contentUrl":"https:\/\/hobstop.ee\/media\/3809.jpg","width":1024,"height":768},{"@type":"BreadcrumbList","@id":"https:\/\/hobstop.ee\/lv\/produkts\/rasesanas-papira-bloks-canson-bristol\/#breadcrumb","itemListElement":[{"@type":"ListItem","position":1,"name":"Avaleht","item":"https:\/\/hobstop.ee\/lv\/"},{"@type":"ListItem","position":2,"name":"Veikals","item":"https:\/\/hobstop.ee\/lv\/veikals\/"},{"@type":"ListItem","position":3,"name":"Ras\u0113\u0161anas pap\u012bra bloks Canson Bristol"}]},{"@type":"WebSite","@id":"https:\/\/hobstop.ee\/lv\/#website","url":"https:\/\/hobstop.ee\/lv\/","name":"Skizze","description":"M\u0101kslas, hobiju un skolas preces","publisher":{"@id":"https:\/\/hobstop.ee\/lv\/#organization"},"potentialAction":[{"@type":"SearchAction","target":{"@type":"EntryPoint","urlTemplate":"https:\/\/hobstop.ee\/lv\/?s={search_term_string}"},"query-input":{"@type":"PropertyValueSpecification","valueRequired":true,"valueName":"search_term_string"}}],"inLanguage":"lv-LV"},{"@type":"Organization","@id":"https:\/\/hobstop.ee\/lv\/#organization","name":"Vunder AS","url":"https:\/\/hobstop.ee\/lv\/","logo":{"@type":"ImageObject","inLanguage":"lv-LV","@id":"https:\/\/hobstop.ee\/lv\/#\/schema\/logo\/image\/","url":"https:\/\/hobstop.ee\/media\/vunder-logo.png","contentUrl":"https:\/\/hobstop.ee\/media\/vunder-logo.png","width":127,"height":55,"caption":"Vunder AS"},"image":{"@id":"https:\/\/hobstop.ee\/lv\/#\/schema\/logo\/image\/"},"sameAs":["http:\/\/www.facebook.com\/VunderSkizze"]}]}},"_links":{"self":[{"href":"https:\/\/hobstop.ee\/lv\/wp-json\/wp\/v2\/product\/185391","targetHints":{"allow":["GET"]}}],"collection":[{"href":"https:\/\/hobstop.ee\/lv\/wp-json\/wp\/v2\/product"}],"about":[{"href":"https:\/\/hobstop.ee\/lv\/wp-json\/wp\/v2\/types\/product"}],"replies":[{"embeddable":true,"href":"https:\/\/hobstop.ee\/lv\/wp-json\/wp\/v2\/comments?post=185391"}],"wp:featuredmedia":[{"embeddable":true,"href":"https:\/\/hobstop.ee\/lv\/wp-json\/wp\/v2\/media\/354003"}],"wp:attachment":[{"href":"https:\/\/hobstop.ee\/lv\/wp-json\/wp\/v2\/media?parent=185391"}],"wp:term":[{"taxonomy":"product_cat","embeddable":true,"href":"https:\/\/hobstop.ee\/lv\/wp-json\/wp\/v2\/product_cat?post=185391"},{"taxonomy":"product_tag","embeddable":true,"href":"https:\/\/hobstop.ee\/lv\/wp-json\/wp\/v2\/product_tag?post=185391"}],"curies":[{"name":"wp","href":"https:\/\/api.w.org\/{rel}","templated":true}]}}