{"id":185395,"date":"2015-08-01T02:22:04","date_gmt":"2015-07-31T23:22:04","guid":{"rendered":"http:\/\/vunder-ee.sn25.zone.eu\/lv\/product\/zimesanas-bloks-canson-illustration\/"},"modified":"2015-08-01T02:22:04","modified_gmt":"2015-07-31T23:22:04","slug":"zimesanas-bloks-canson-illustration","status":"publish","type":"product","link":"https:\/\/hobstop.ee\/lv\/produkts\/zimesanas-bloks-canson-illustration\/","title":{"rendered":"Z\u012bm\u0113\u0161anas bloks Canson Illustration"},"content":{"rendered":"<p>Beidzot ir pieejams pap\u012brs, kas paredz\u0113ts speci\u0101li ilustr\u0101cij\u0101m, multiplik\u0101cijai un komiksiem! Pap\u012brs ir izstr\u0101d\u0101ts sadarb\u012bb\u0101 ar Angouleme House autoriem un to ir test\u0113ju\u0161i un atzinu\u0161i par piem\u0113rotu Francijas un Amerikas profesion\u0101lie ilustratori. Canson Illustration pap\u012brs ir ide\u0101li piem\u0113rots multiplik\u0101cijas un ilustr\u0101ciju veido\u0161anai da\u017e\u0101d\u0101s tehnik\u0101s: spalvas, tintes, akvare\u013cu, flom\u0101steru, pildspalvu u.c. tehnik\u0101s. \u0160is gludais pap\u012brs lieliski iztur skr\u0101p\u0113jumus, l\u012bmlenti un dz\u0113\u0161anu. Pap\u012bra izteikti balt\u0101 kr\u0101sa nodro\u0161ina lielisku kr\u0101su kontrastu, t\u0101d\u0113\u013c pap\u012brs ir ide\u0101li piem\u0113rots sken\u0113\u0161anai.<br \/>\nIde\u0101li piem\u0113rots: z\u012bmulim, tintei, m\u0101r\u0137ierim, flom\u0101steriem<\/p>\n","protected":false},"excerpt":{"rendered":"<p>Beidzot ir pieejams pap\u012brs, kas paredz\u0113ts speci\u0101li ilustr\u0101cij\u0101m, multiplik\u0101cijai un komiksiem! Pap\u012brs ir izstr\u0101d\u0101ts sadarb\u012bb\u0101 ar Angouleme House autoriem un to ir test\u0113ju\u0161i un atzinu\u0161i par piem\u0113rotu Francijas un Amerikas profesion\u0101lie ilustratori. Canson Illustration pap\u012brs ir ide\u0101li piem\u0113rots multiplik\u0101cijas un ilustr\u0101ciju veido\u0161anai da\u017e\u0101d\u0101s tehnik\u0101s: spalvas, tintes, akvare\u013cu, flom\u0101steru, pildspalvu u.c. tehnik\u0101s. \u0160is gludais pap\u012brs lieliski iztur skr\u0101p\u0113jumus, l\u012bmlenti un dz\u0113\u0161anu. Pap\u012bra izteikti balt\u0101 kr\u0101sa nodro\u0161ina lielisku kr\u0101su kontrastu, t\u0101d\u0113\u013c pap\u012brs ir ide\u0101li piem\u0113rots sken\u0113\u0161anai. Ide\u0101li piem\u0113rots: z\u012bmulim, tintei, m\u0101r\u0137ierim, flom\u0101steriem<\/p>\n","protected":false},"featured_media":204447,"comment_status":"closed","ping_status":"closed","template":"","meta":{"_acf_changed":false,"ep_exclude_from_search":false},"product_cat":[18943,17921,19024],"product_tag":[],"class_list":{"0":"post-185395","1":"product","2":"type-product","3":"status-publish","4":"has-post-thumbnail","6":"product_cat-makslas-papirs-un-kartons-2","7":"product_cat-papira-izstradajumi","8":"product_cat-zimesanas-papirs-un-bloki-3","10":"first","11":"instock","12":"taxable","13":"shipping-taxable","14":"purchasable","15":"product-type-variable"},"acf":[],"yoast_head":"<!-- This site is optimized with the Yoast SEO plugin v24.1 - https:\/\/yoast.com\/wordpress\/plugins\/seo\/ -->\n<title>Z\u012bm\u0113\u0161anas bloks Canson Illustration &#8211; Skizze<\/title>\n<meta name=\"robots\" content=\"noindex, follow, max-snippet:-1, max-image-preview:large, max-video-preview:-1\" \/>\n<meta property=\"og:locale\" content=\"lv_LV\" \/>\n<meta property=\"og:type\" content=\"article\" \/>\n<meta property=\"og:title\" content=\"Z\u012bm\u0113\u0161anas bloks Canson Illustration &#8211; Skizze\" \/>\n<meta property=\"og:description\" content=\"Beidzot ir pieejams pap\u012brs, kas paredz\u0113ts speci\u0101li ilustr\u0101cij\u0101m, multiplik\u0101cijai un komiksiem! Pap\u012brs ir izstr\u0101d\u0101ts sadarb\u012bb\u0101 ar Angouleme House autoriem un to ir test\u0113ju\u0161i un atzinu\u0161i par piem\u0113rotu Francijas un Amerikas profesion\u0101lie ilustratori. Canson Illustration pap\u012brs ir ide\u0101li piem\u0113rots multiplik\u0101cijas un ilustr\u0101ciju veido\u0161anai da\u017e\u0101d\u0101s tehnik\u0101s: spalvas, tintes, akvare\u013cu, flom\u0101steru, pildspalvu u.c. tehnik\u0101s. \u0160is gludais pap\u012brs lieliski iztur skr\u0101p\u0113jumus, l\u012bmlenti un dz\u0113\u0161anu. Pap\u012bra izteikti balt\u0101 kr\u0101sa nodro\u0161ina lielisku kr\u0101su kontrastu, t\u0101d\u0113\u013c pap\u012brs ir ide\u0101li piem\u0113rots sken\u0113\u0161anai. Ide\u0101li piem\u0113rots: z\u012bmulim, tintei, m\u0101r\u0137ierim, flom\u0101steriem\" \/>\n<meta property=\"og:url\" content=\"https:\/\/hobstop.ee\/lv\/produkts\/zimesanas-bloks-canson-illustration\/\" \/>\n<meta property=\"og:site_name\" content=\"Skizze\" \/>\n<meta property=\"article:publisher\" content=\"http:\/\/www.facebook.com\/VunderSkizze\" \/>\n<meta property=\"og:image\" content=\"https:\/\/hobstop.ee\/media\/3810.jpg\" \/>\n\t<meta property=\"og:image:width\" content=\"1024\" \/>\n\t<meta property=\"og:image:height\" content=\"768\" \/>\n\t<meta property=\"og:image:type\" content=\"image\/jpeg\" \/>\n<meta name=\"twitter:card\" content=\"summary_large_image\" \/>\n<meta name=\"twitter:label1\" content=\"Est. reading time\" \/>\n\t<meta name=\"twitter:data1\" content=\"1 min\u016b\u0161u\" \/>\n<script type=\"application\/ld+json\" class=\"yoast-schema-graph\">{\"@context\":\"https:\/\/schema.org\",\"@graph\":[{\"@type\":\"WebPage\",\"@id\":\"https:\/\/hobstop.ee\/lv\/produkts\/zimesanas-bloks-canson-illustration\/\",\"url\":\"https:\/\/hobstop.ee\/lv\/produkts\/zimesanas-bloks-canson-illustration\/\",\"name\":\"Z\u012bm\u0113\u0161anas bloks Canson Illustration &#8211; Skizze\",\"isPartOf\":{\"@id\":\"https:\/\/hobstop.ee\/lv\/#website\"},\"primaryImageOfPage\":{\"@id\":\"https:\/\/hobstop.ee\/lv\/produkts\/zimesanas-bloks-canson-illustration\/#primaryimage\"},\"image\":{\"@id\":\"https:\/\/hobstop.ee\/lv\/produkts\/zimesanas-bloks-canson-illustration\/#primaryimage\"},\"thumbnailUrl\":\"https:\/\/hobstop.ee\/media\/3810.jpg\",\"datePublished\":\"2015-07-31T23:22:04+00:00\",\"dateModified\":\"2015-07-31T23:22:04+00:00\",\"breadcrumb\":{\"@id\":\"https:\/\/hobstop.ee\/lv\/produkts\/zimesanas-bloks-canson-illustration\/#breadcrumb\"},\"inLanguage\":\"lv-LV\",\"potentialAction\":[{\"@type\":\"ReadAction\",\"target\":[\"https:\/\/hobstop.ee\/lv\/produkts\/zimesanas-bloks-canson-illustration\/\"]}]},{\"@type\":\"ImageObject\",\"inLanguage\":\"lv-LV\",\"@id\":\"https:\/\/hobstop.ee\/lv\/produkts\/zimesanas-bloks-canson-illustration\/#primaryimage\",\"url\":\"https:\/\/hobstop.ee\/media\/3810.jpg\",\"contentUrl\":\"https:\/\/hobstop.ee\/media\/3810.jpg\",\"width\":1024,\"height\":768},{\"@type\":\"BreadcrumbList\",\"@id\":\"https:\/\/hobstop.ee\/lv\/produkts\/zimesanas-bloks-canson-illustration\/#breadcrumb\",\"itemListElement\":[{\"@type\":\"ListItem\",\"position\":1,\"name\":\"Avaleht\",\"item\":\"https:\/\/hobstop.ee\/lv\/\"},{\"@type\":\"ListItem\",\"position\":2,\"name\":\"Veikals\",\"item\":\"https:\/\/hobstop.ee\/lv\/veikals\/\"},{\"@type\":\"ListItem\",\"position\":3,\"name\":\"Z\u012bm\u0113\u0161anas bloks Canson Illustration\"}]},{\"@type\":\"WebSite\",\"@id\":\"https:\/\/hobstop.ee\/lv\/#website\",\"url\":\"https:\/\/hobstop.ee\/lv\/\",\"name\":\"Skizze\",\"description\":\"M\u0101kslas, hobiju un skolas preces\",\"publisher\":{\"@id\":\"https:\/\/hobstop.ee\/lv\/#organization\"},\"potentialAction\":[{\"@type\":\"SearchAction\",\"target\":{\"@type\":\"EntryPoint\",\"urlTemplate\":\"https:\/\/hobstop.ee\/lv\/?s={search_term_string}\"},\"query-input\":{\"@type\":\"PropertyValueSpecification\",\"valueRequired\":true,\"valueName\":\"search_term_string\"}}],\"inLanguage\":\"lv-LV\"},{\"@type\":\"Organization\",\"@id\":\"https:\/\/hobstop.ee\/lv\/#organization\",\"name\":\"Vunder AS\",\"url\":\"https:\/\/hobstop.ee\/lv\/\",\"logo\":{\"@type\":\"ImageObject\",\"inLanguage\":\"lv-LV\",\"@id\":\"https:\/\/hobstop.ee\/lv\/#\/schema\/logo\/image\/\",\"url\":\"https:\/\/hobstop.ee\/media\/vunder-logo.png\",\"contentUrl\":\"https:\/\/hobstop.ee\/media\/vunder-logo.png\",\"width\":127,\"height\":55,\"caption\":\"Vunder AS\"},\"image\":{\"@id\":\"https:\/\/hobstop.ee\/lv\/#\/schema\/logo\/image\/\"},\"sameAs\":[\"http:\/\/www.facebook.com\/VunderSkizze\"]}]}<\/script>\n<!-- \/ Yoast SEO plugin. -->","yoast_head_json":{"title":"Z\u012bm\u0113\u0161anas bloks Canson Illustration &#8211; Skizze","robots":{"index":"noindex","follow":"follow","max-snippet":"max-snippet:-1","max-image-preview":"max-image-preview:large","max-video-preview":"max-video-preview:-1"},"og_locale":"lv_LV","og_type":"article","og_title":"Z\u012bm\u0113\u0161anas bloks Canson Illustration &#8211; Skizze","og_description":"Beidzot ir pieejams pap\u012brs, kas paredz\u0113ts speci\u0101li ilustr\u0101cij\u0101m, multiplik\u0101cijai un komiksiem! Pap\u012brs ir izstr\u0101d\u0101ts sadarb\u012bb\u0101 ar Angouleme House autoriem un to ir test\u0113ju\u0161i un atzinu\u0161i par piem\u0113rotu Francijas un Amerikas profesion\u0101lie ilustratori. Canson Illustration pap\u012brs ir ide\u0101li piem\u0113rots multiplik\u0101cijas un ilustr\u0101ciju veido\u0161anai da\u017e\u0101d\u0101s tehnik\u0101s: spalvas, tintes, akvare\u013cu, flom\u0101steru, pildspalvu u.c. tehnik\u0101s. \u0160is gludais pap\u012brs lieliski iztur skr\u0101p\u0113jumus, l\u012bmlenti un dz\u0113\u0161anu. Pap\u012bra izteikti balt\u0101 kr\u0101sa nodro\u0161ina lielisku kr\u0101su kontrastu, t\u0101d\u0113\u013c pap\u012brs ir ide\u0101li piem\u0113rots sken\u0113\u0161anai. Ide\u0101li piem\u0113rots: z\u012bmulim, tintei, m\u0101r\u0137ierim, flom\u0101steriem","og_url":"https:\/\/hobstop.ee\/lv\/produkts\/zimesanas-bloks-canson-illustration\/","og_site_name":"Skizze","article_publisher":"http:\/\/www.facebook.com\/VunderSkizze","og_image":[{"width":1024,"height":768,"url":"https:\/\/hobstop.ee\/media\/3810.jpg","type":"image\/jpeg"}],"twitter_card":"summary_large_image","twitter_misc":{"Est. reading time":"1 min\u016b\u0161u"},"schema":{"@context":"https:\/\/schema.org","@graph":[{"@type":"WebPage","@id":"https:\/\/hobstop.ee\/lv\/produkts\/zimesanas-bloks-canson-illustration\/","url":"https:\/\/hobstop.ee\/lv\/produkts\/zimesanas-bloks-canson-illustration\/","name":"Z\u012bm\u0113\u0161anas bloks Canson Illustration &#8211; Skizze","isPartOf":{"@id":"https:\/\/hobstop.ee\/lv\/#website"},"primaryImageOfPage":{"@id":"https:\/\/hobstop.ee\/lv\/produkts\/zimesanas-bloks-canson-illustration\/#primaryimage"},"image":{"@id":"https:\/\/hobstop.ee\/lv\/produkts\/zimesanas-bloks-canson-illustration\/#primaryimage"},"thumbnailUrl":"https:\/\/hobstop.ee\/media\/3810.jpg","datePublished":"2015-07-31T23:22:04+00:00","dateModified":"2015-07-31T23:22:04+00:00","breadcrumb":{"@id":"https:\/\/hobstop.ee\/lv\/produkts\/zimesanas-bloks-canson-illustration\/#breadcrumb"},"inLanguage":"lv-LV","potentialAction":[{"@type":"ReadAction","target":["https:\/\/hobstop.ee\/lv\/produkts\/zimesanas-bloks-canson-illustration\/"]}]},{"@type":"ImageObject","inLanguage":"lv-LV","@id":"https:\/\/hobstop.ee\/lv\/produkts\/zimesanas-bloks-canson-illustration\/#primaryimage","url":"https:\/\/hobstop.ee\/media\/3810.jpg","contentUrl":"https:\/\/hobstop.ee\/media\/3810.jpg","width":1024,"height":768},{"@type":"BreadcrumbList","@id":"https:\/\/hobstop.ee\/lv\/produkts\/zimesanas-bloks-canson-illustration\/#breadcrumb","itemListElement":[{"@type":"ListItem","position":1,"name":"Avaleht","item":"https:\/\/hobstop.ee\/lv\/"},{"@type":"ListItem","position":2,"name":"Veikals","item":"https:\/\/hobstop.ee\/lv\/veikals\/"},{"@type":"ListItem","position":3,"name":"Z\u012bm\u0113\u0161anas bloks Canson Illustration"}]},{"@type":"WebSite","@id":"https:\/\/hobstop.ee\/lv\/#website","url":"https:\/\/hobstop.ee\/lv\/","name":"Skizze","description":"M\u0101kslas, hobiju un skolas preces","publisher":{"@id":"https:\/\/hobstop.ee\/lv\/#organization"},"potentialAction":[{"@type":"SearchAction","target":{"@type":"EntryPoint","urlTemplate":"https:\/\/hobstop.ee\/lv\/?s={search_term_string}"},"query-input":{"@type":"PropertyValueSpecification","valueRequired":true,"valueName":"search_term_string"}}],"inLanguage":"lv-LV"},{"@type":"Organization","@id":"https:\/\/hobstop.ee\/lv\/#organization","name":"Vunder AS","url":"https:\/\/hobstop.ee\/lv\/","logo":{"@type":"ImageObject","inLanguage":"lv-LV","@id":"https:\/\/hobstop.ee\/lv\/#\/schema\/logo\/image\/","url":"https:\/\/hobstop.ee\/media\/vunder-logo.png","contentUrl":"https:\/\/hobstop.ee\/media\/vunder-logo.png","width":127,"height":55,"caption":"Vunder AS"},"image":{"@id":"https:\/\/hobstop.ee\/lv\/#\/schema\/logo\/image\/"},"sameAs":["http:\/\/www.facebook.com\/VunderSkizze"]}]}},"_links":{"self":[{"href":"https:\/\/hobstop.ee\/lv\/wp-json\/wp\/v2\/product\/185395","targetHints":{"allow":["GET"]}}],"collection":[{"href":"https:\/\/hobstop.ee\/lv\/wp-json\/wp\/v2\/product"}],"about":[{"href":"https:\/\/hobstop.ee\/lv\/wp-json\/wp\/v2\/types\/product"}],"replies":[{"embeddable":true,"href":"https:\/\/hobstop.ee\/lv\/wp-json\/wp\/v2\/comments?post=185395"}],"wp:featuredmedia":[{"embeddable":true,"href":"https:\/\/hobstop.ee\/lv\/wp-json\/wp\/v2\/media\/204447"}],"wp:attachment":[{"href":"https:\/\/hobstop.ee\/lv\/wp-json\/wp\/v2\/media?parent=185395"}],"wp:term":[{"taxonomy":"product_cat","embeddable":true,"href":"https:\/\/hobstop.ee\/lv\/wp-json\/wp\/v2\/product_cat?post=185395"},{"taxonomy":"product_tag","embeddable":true,"href":"https:\/\/hobstop.ee\/lv\/wp-json\/wp\/v2\/product_tag?post=185395"}],"curies":[{"name":"wp","href":"https:\/\/api.w.org\/{rel}","templated":true}]}}