{"id":185411,"date":"2015-08-01T02:23:17","date_gmt":"2015-07-31T23:23:17","guid":{"rendered":"http:\/\/vunder-ee.sn25.zone.eu\/lv\/product\/aploksne-conqueror-iridescent\/"},"modified":"2015-08-01T02:23:17","modified_gmt":"2015-07-31T23:23:17","slug":"aploksne-conqueror-iridescent","status":"publish","type":"product","link":"https:\/\/hobstop.ee\/lv\/produkts\/aploksne-conqueror-iridescent\/","title":{"rendered":"Aploksne Conqueror Iridescent"},"content":{"rendered":"<p>Conqueror Iredescent \u2013 gaum\u012bgs un m\u016bsdien\u012bgs pap\u012brs ar perlamutra-met\u0101lisku sp\u012bdumu, kas redzams cauri apdrukai un pie\u0161\u0137ir darbam \u012bpa\u0161u \u0161armu.<\/p>\n","protected":false},"excerpt":{"rendered":"<p>Conqueror Iredescent \u2013 gaum\u012bgs un m\u016bsdien\u012bgs pap\u012brs ar perlamutra-met\u0101lisku sp\u012bdumu, kas redzams cauri apdrukai un pie\u0161\u0137ir darbam \u012bpa\u0161u \u0161armu.<\/p>\n","protected":false},"featured_media":0,"comment_status":"closed","ping_status":"closed","template":"","meta":{"_acf_changed":false,"ep_exclude_from_search":false},"product_cat":[18492,17921,17995],"product_tag":[],"class_list":{"0":"post-185411","1":"product","2":"type-product","3":"status-publish","5":"product_cat-aploksnes","6":"product_cat-papira-izstradajumi","7":"product_cat-pasta-izstradajumi","9":"first","10":"instock","11":"taxable","12":"shipping-taxable","13":"purchasable","14":"product-type-variable"},"acf":[],"yoast_head":"<!-- This site is optimized with the Yoast SEO plugin v24.1 - https:\/\/yoast.com\/wordpress\/plugins\/seo\/ -->\n<title>Aploksne Conqueror Iridescent &#8211; Skizze<\/title>\n<meta name=\"robots\" content=\"noindex, follow, max-snippet:-1, max-image-preview:large, max-video-preview:-1\" \/>\n<meta property=\"og:locale\" content=\"lv_LV\" \/>\n<meta property=\"og:type\" content=\"article\" \/>\n<meta property=\"og:title\" content=\"Aploksne Conqueror Iridescent &#8211; Skizze\" \/>\n<meta property=\"og:description\" content=\"Conqueror Iredescent \u2013 gaum\u012bgs un m\u016bsdien\u012bgs pap\u012brs ar perlamutra-met\u0101lisku sp\u012bdumu, kas redzams cauri apdrukai un pie\u0161\u0137ir darbam \u012bpa\u0161u \u0161armu.\" \/>\n<meta property=\"og:url\" content=\"https:\/\/hobstop.ee\/lv\/produkts\/aploksne-conqueror-iridescent\/\" \/>\n<meta property=\"og:site_name\" content=\"Skizze\" \/>\n<meta property=\"article:publisher\" content=\"http:\/\/www.facebook.com\/VunderSkizze\" \/>\n<meta name=\"twitter:card\" content=\"summary_large_image\" \/>\n<script type=\"application\/ld+json\" class=\"yoast-schema-graph\">{\"@context\":\"https:\/\/schema.org\",\"@graph\":[{\"@type\":\"WebPage\",\"@id\":\"https:\/\/hobstop.ee\/lv\/produkts\/aploksne-conqueror-iridescent\/\",\"url\":\"https:\/\/hobstop.ee\/lv\/produkts\/aploksne-conqueror-iridescent\/\",\"name\":\"Aploksne Conqueror Iridescent &#8211; Skizze\",\"isPartOf\":{\"@id\":\"https:\/\/hobstop.ee\/lv\/#website\"},\"datePublished\":\"2015-07-31T23:23:17+00:00\",\"dateModified\":\"2015-07-31T23:23:17+00:00\",\"breadcrumb\":{\"@id\":\"https:\/\/hobstop.ee\/lv\/produkts\/aploksne-conqueror-iridescent\/#breadcrumb\"},\"inLanguage\":\"lv-LV\",\"potentialAction\":[{\"@type\":\"ReadAction\",\"target\":[\"https:\/\/hobstop.ee\/lv\/produkts\/aploksne-conqueror-iridescent\/\"]}]},{\"@type\":\"BreadcrumbList\",\"@id\":\"https:\/\/hobstop.ee\/lv\/produkts\/aploksne-conqueror-iridescent\/#breadcrumb\",\"itemListElement\":[{\"@type\":\"ListItem\",\"position\":1,\"name\":\"Avaleht\",\"item\":\"https:\/\/www.hobstop.ee\/lv\/\"},{\"@type\":\"ListItem\",\"position\":2,\"name\":\"Veikals\",\"item\":\"https:\/\/www.hobstop.ee\/lv\/veikals\/\"},{\"@type\":\"ListItem\",\"position\":3,\"name\":\"Aploksne Conqueror Iridescent\"}]},{\"@type\":\"WebSite\",\"@id\":\"https:\/\/hobstop.ee\/lv\/#website\",\"url\":\"https:\/\/hobstop.ee\/lv\/\",\"name\":\"Skizze\",\"description\":\"M\u0101kslas, hobiju un skolas preces\",\"publisher\":{\"@id\":\"https:\/\/hobstop.ee\/lv\/#organization\"},\"potentialAction\":[{\"@type\":\"SearchAction\",\"target\":{\"@type\":\"EntryPoint\",\"urlTemplate\":\"https:\/\/hobstop.ee\/lv\/?s={search_term_string}\"},\"query-input\":{\"@type\":\"PropertyValueSpecification\",\"valueRequired\":true,\"valueName\":\"search_term_string\"}}],\"inLanguage\":\"lv-LV\"},{\"@type\":\"Organization\",\"@id\":\"https:\/\/hobstop.ee\/lv\/#organization\",\"name\":\"Vunder AS\",\"url\":\"https:\/\/hobstop.ee\/lv\/\",\"logo\":{\"@type\":\"ImageObject\",\"inLanguage\":\"lv-LV\",\"@id\":\"https:\/\/hobstop.ee\/lv\/#\/schema\/logo\/image\/\",\"url\":\"https:\/\/hobstop.ee\/media\/vunder-logo.png\",\"contentUrl\":\"https:\/\/hobstop.ee\/media\/vunder-logo.png\",\"width\":127,\"height\":55,\"caption\":\"Vunder AS\"},\"image\":{\"@id\":\"https:\/\/hobstop.ee\/lv\/#\/schema\/logo\/image\/\"},\"sameAs\":[\"http:\/\/www.facebook.com\/VunderSkizze\"]}]}<\/script>\n<!-- \/ Yoast SEO plugin. -->","yoast_head_json":{"title":"Aploksne Conqueror Iridescent &#8211; Skizze","robots":{"index":"noindex","follow":"follow","max-snippet":"max-snippet:-1","max-image-preview":"max-image-preview:large","max-video-preview":"max-video-preview:-1"},"og_locale":"lv_LV","og_type":"article","og_title":"Aploksne Conqueror Iridescent &#8211; Skizze","og_description":"Conqueror Iredescent \u2013 gaum\u012bgs un m\u016bsdien\u012bgs pap\u012brs ar perlamutra-met\u0101lisku sp\u012bdumu, kas redzams cauri apdrukai un pie\u0161\u0137ir darbam \u012bpa\u0161u \u0161armu.","og_url":"https:\/\/hobstop.ee\/lv\/produkts\/aploksne-conqueror-iridescent\/","og_site_name":"Skizze","article_publisher":"http:\/\/www.facebook.com\/VunderSkizze","twitter_card":"summary_large_image","schema":{"@context":"https:\/\/schema.org","@graph":[{"@type":"WebPage","@id":"https:\/\/hobstop.ee\/lv\/produkts\/aploksne-conqueror-iridescent\/","url":"https:\/\/hobstop.ee\/lv\/produkts\/aploksne-conqueror-iridescent\/","name":"Aploksne Conqueror Iridescent &#8211; Skizze","isPartOf":{"@id":"https:\/\/hobstop.ee\/lv\/#website"},"datePublished":"2015-07-31T23:23:17+00:00","dateModified":"2015-07-31T23:23:17+00:00","breadcrumb":{"@id":"https:\/\/hobstop.ee\/lv\/produkts\/aploksne-conqueror-iridescent\/#breadcrumb"},"inLanguage":"lv-LV","potentialAction":[{"@type":"ReadAction","target":["https:\/\/hobstop.ee\/lv\/produkts\/aploksne-conqueror-iridescent\/"]}]},{"@type":"BreadcrumbList","@id":"https:\/\/hobstop.ee\/lv\/produkts\/aploksne-conqueror-iridescent\/#breadcrumb","itemListElement":[{"@type":"ListItem","position":1,"name":"Avaleht","item":"https:\/\/www.hobstop.ee\/lv\/"},{"@type":"ListItem","position":2,"name":"Veikals","item":"https:\/\/www.hobstop.ee\/lv\/veikals\/"},{"@type":"ListItem","position":3,"name":"Aploksne Conqueror Iridescent"}]},{"@type":"WebSite","@id":"https:\/\/hobstop.ee\/lv\/#website","url":"https:\/\/hobstop.ee\/lv\/","name":"Skizze","description":"M\u0101kslas, hobiju un skolas preces","publisher":{"@id":"https:\/\/hobstop.ee\/lv\/#organization"},"potentialAction":[{"@type":"SearchAction","target":{"@type":"EntryPoint","urlTemplate":"https:\/\/hobstop.ee\/lv\/?s={search_term_string}"},"query-input":{"@type":"PropertyValueSpecification","valueRequired":true,"valueName":"search_term_string"}}],"inLanguage":"lv-LV"},{"@type":"Organization","@id":"https:\/\/hobstop.ee\/lv\/#organization","name":"Vunder AS","url":"https:\/\/hobstop.ee\/lv\/","logo":{"@type":"ImageObject","inLanguage":"lv-LV","@id":"https:\/\/hobstop.ee\/lv\/#\/schema\/logo\/image\/","url":"https:\/\/hobstop.ee\/media\/vunder-logo.png","contentUrl":"https:\/\/hobstop.ee\/media\/vunder-logo.png","width":127,"height":55,"caption":"Vunder AS"},"image":{"@id":"https:\/\/hobstop.ee\/lv\/#\/schema\/logo\/image\/"},"sameAs":["http:\/\/www.facebook.com\/VunderSkizze"]}]}},"_links":{"self":[{"href":"https:\/\/hobstop.ee\/lv\/wp-json\/wp\/v2\/product\/185411","targetHints":{"allow":["GET"]}}],"collection":[{"href":"https:\/\/hobstop.ee\/lv\/wp-json\/wp\/v2\/product"}],"about":[{"href":"https:\/\/hobstop.ee\/lv\/wp-json\/wp\/v2\/types\/product"}],"replies":[{"embeddable":true,"href":"https:\/\/hobstop.ee\/lv\/wp-json\/wp\/v2\/comments?post=185411"}],"wp:attachment":[{"href":"https:\/\/hobstop.ee\/lv\/wp-json\/wp\/v2\/media?parent=185411"}],"wp:term":[{"taxonomy":"product_cat","embeddable":true,"href":"https:\/\/hobstop.ee\/lv\/wp-json\/wp\/v2\/product_cat?post=185411"},{"taxonomy":"product_tag","embeddable":true,"href":"https:\/\/hobstop.ee\/lv\/wp-json\/wp\/v2\/product_tag?post=185411"}],"curies":[{"name":"wp","href":"https:\/\/api.w.org\/{rel}","templated":true}]}}