{"id":185419,"date":"2015-08-01T02:23:43","date_gmt":"2015-07-31T23:23:43","guid":{"rendered":"http:\/\/vunder-ee.sn25.zone.eu\/lv\/product\/akrila-tinte-liquitex-ink-150ml\/"},"modified":"2015-08-01T02:23:43","modified_gmt":"2015-07-31T23:23:43","slug":"akrila-tinte-liquitex-ink-150ml","status":"publish","type":"product","link":"https:\/\/hobstop.ee\/lv\/produkts\/akrila-tinte-liquitex-ink-150ml\/","title":{"rendered":"Akrila tinte Liquitex ink! 150ml"},"content":{"rendered":"<p>Liquitex ink! ir profesion\u0101lai izmanto\u0161anai paredz\u0113tu akrila tin\u0161u s\u0113rija, kas sast\u0101v no 30 \u012bpa\u0161i \u0161\u0137idras konsistences akrila kr\u0101s\u0101m un ir ra\u017eota no \u013coti kvalitat\u012bviem pigmentiem.  Pateicoties \u0101trajai \u017e\u016b\u0161anai, notur\u012bbai un \u016bdensiztur\u012bbai, Liquitex ink! akrila tinte ir piem\u0113rota izmanto\u0161anai da\u017e\u0101d\u0101s tehnik\u0101s &#8211; no akvare\u013ca efekta z\u012bm\u0113jumiem l\u012bdz pat z\u012bmogo\u0161anai. Ide\u0101li piem\u0113rota ar\u012b darbam ar \u0101du. Pateicoties \u012bpa\u0161i \u0161\u0137idrajai konsistencei, nav nepiecie\u0161ama \u0161\u0137idrin\u0101\u0161ana, izmantojot aerogr\u0101fij\u0101 vai kaligr\u0101fij\u0101. Tinte neveido kunku\u013cus un \u0101tri no\u017e\u016bst. P\u0113c no\u017e\u016b\u0161anas k\u013c\u016bst piln\u012bb\u0101 \u016bdensiztur\u012bga. Spilgti un gaismas notur\u012bgi to\u0146i. Sortiment\u0101 gan caursp\u012bd\u012bgi, gan necaursp\u012bd\u012bgi to\u0146i.<br \/>\nPiem\u0113rotas izmanto\u0161anai kop\u0101 ar cit\u0101m Liquitex akrila kr\u0101s\u0101m un papildviel\u0101m.<\/p>\n","protected":false},"excerpt":{"rendered":"<p>Liquitex ink! ir profesion\u0101lai izmanto\u0161anai paredz\u0113tu akrila tin\u0161u s\u0113rija, kas sast\u0101v no 30 \u012bpa\u0161i \u0161\u0137idras konsistences akrila kr\u0101s\u0101m un ir ra\u017eota no \u013coti kvalitat\u012bviem pigmentiem. Pateicoties \u0101trajai \u017e\u016b\u0161anai, notur\u012bbai un \u016bdensiztur\u012bbai, Liquitex ink! akrila tinte ir piem\u0113rota izmanto\u0161anai da\u017e\u0101d\u0101s tehnik\u0101s &#8211; no akvare\u013ca efekta z\u012bm\u0113jumiem l\u012bdz pat z\u012bmogo\u0161anai. Ide\u0101li piem\u0113rota ar\u012b darbam ar \u0101du. Pateicoties \u012bpa\u0161i \u0161\u0137idrajai konsistencei, nav nepiecie\u0161ama \u0161\u0137idrin\u0101\u0161ana, izmantojot aerogr\u0101fij\u0101 vai kaligr\u0101fij\u0101. Tinte neveido kunku\u013cus un \u0101tri no\u017e\u016bst. P\u0113c no\u017e\u016b\u0161anas k\u013c\u016bst piln\u012bb\u0101 \u016bdensiztur\u012bga. Spilgti un gaismas notur\u012bgi to\u0146i. Sortiment\u0101 gan caursp\u012bd\u012bgi, gan necaursp\u012bd\u012bgi to\u0146i. Piem\u0113rotas izmanto\u0161anai kop\u0101 ar cit\u0101m Liquitex akrila kr\u0101s\u0101m un papildviel\u0101m.<\/p>\n","protected":false},"featured_media":352699,"comment_status":"closed","ping_status":"closed","template":"","meta":{"_acf_changed":false,"ep_exclude_from_search":false},"product_cat":[18994,17980,16123],"product_tag":[],"class_list":{"0":"post-185419","1":"product","2":"type-product","3":"status-publish","4":"has-post-thumbnail","6":"product_cat-akrila-krasas","7":"product_cat-krasas-un-gleznosanas-paligmateriali","8":"product_cat-makslas-piederumi-2","10":"first","11":"outofstock","12":"taxable","13":"shipping-taxable","14":"purchasable","15":"product-type-variable"},"acf":[],"yoast_head":"<!-- This site is optimized with the Yoast SEO plugin v24.1 - https:\/\/yoast.com\/wordpress\/plugins\/seo\/ -->\n<title>Akrila tinte Liquitex ink! 150ml &#8211; Skizze<\/title>\n<meta name=\"robots\" content=\"noindex, follow, max-snippet:-1, max-image-preview:large, max-video-preview:-1\" \/>\n<meta property=\"og:locale\" content=\"lv_LV\" \/>\n<meta property=\"og:type\" content=\"article\" \/>\n<meta property=\"og:title\" content=\"Akrila tinte Liquitex ink! 150ml &#8211; Skizze\" \/>\n<meta property=\"og:description\" content=\"Liquitex ink! ir profesion\u0101lai izmanto\u0161anai paredz\u0113tu akrila tin\u0161u s\u0113rija, kas sast\u0101v no 30 \u012bpa\u0161i \u0161\u0137idras konsistences akrila kr\u0101s\u0101m un ir ra\u017eota no \u013coti kvalitat\u012bviem pigmentiem. Pateicoties \u0101trajai \u017e\u016b\u0161anai, notur\u012bbai un \u016bdensiztur\u012bbai, Liquitex ink! akrila tinte ir piem\u0113rota izmanto\u0161anai da\u017e\u0101d\u0101s tehnik\u0101s &#8211; no akvare\u013ca efekta z\u012bm\u0113jumiem l\u012bdz pat z\u012bmogo\u0161anai. Ide\u0101li piem\u0113rota ar\u012b darbam ar \u0101du. Pateicoties \u012bpa\u0161i \u0161\u0137idrajai konsistencei, nav nepiecie\u0161ama \u0161\u0137idrin\u0101\u0161ana, izmantojot aerogr\u0101fij\u0101 vai kaligr\u0101fij\u0101. Tinte neveido kunku\u013cus un \u0101tri no\u017e\u016bst. P\u0113c no\u017e\u016b\u0161anas k\u013c\u016bst piln\u012bb\u0101 \u016bdensiztur\u012bga. Spilgti un gaismas notur\u012bgi to\u0146i. Sortiment\u0101 gan caursp\u012bd\u012bgi, gan necaursp\u012bd\u012bgi to\u0146i. Piem\u0113rotas izmanto\u0161anai kop\u0101 ar cit\u0101m Liquitex akrila kr\u0101s\u0101m un papildviel\u0101m.\" \/>\n<meta property=\"og:url\" content=\"https:\/\/hobstop.ee\/lv\/produkts\/akrila-tinte-liquitex-ink-150ml\/\" \/>\n<meta property=\"og:site_name\" content=\"Skizze\" \/>\n<meta property=\"article:publisher\" content=\"http:\/\/www.facebook.com\/VunderSkizze\" \/>\n<meta property=\"og:image\" content=\"https:\/\/hobstop.ee\/media\/3876.jpg\" \/>\n\t<meta property=\"og:image:width\" content=\"1024\" \/>\n\t<meta property=\"og:image:height\" content=\"768\" \/>\n\t<meta property=\"og:image:type\" content=\"image\/jpeg\" \/>\n<meta name=\"twitter:card\" content=\"summary_large_image\" \/>\n<meta name=\"twitter:label1\" content=\"Est. reading time\" \/>\n\t<meta name=\"twitter:data1\" content=\"1 min\u016b\u0161u\" \/>\n<script type=\"application\/ld+json\" class=\"yoast-schema-graph\">{\"@context\":\"https:\/\/schema.org\",\"@graph\":[{\"@type\":\"WebPage\",\"@id\":\"https:\/\/hobstop.ee\/lv\/produkts\/akrila-tinte-liquitex-ink-150ml\/\",\"url\":\"https:\/\/hobstop.ee\/lv\/produkts\/akrila-tinte-liquitex-ink-150ml\/\",\"name\":\"Akrila tinte Liquitex ink! 150ml &#8211; Skizze\",\"isPartOf\":{\"@id\":\"https:\/\/hobstop.ee\/lv\/#website\"},\"primaryImageOfPage\":{\"@id\":\"https:\/\/hobstop.ee\/lv\/produkts\/akrila-tinte-liquitex-ink-150ml\/#primaryimage\"},\"image\":{\"@id\":\"https:\/\/hobstop.ee\/lv\/produkts\/akrila-tinte-liquitex-ink-150ml\/#primaryimage\"},\"thumbnailUrl\":\"https:\/\/hobstop.ee\/media\/3876.jpg\",\"datePublished\":\"2015-07-31T23:23:43+00:00\",\"dateModified\":\"2015-07-31T23:23:43+00:00\",\"breadcrumb\":{\"@id\":\"https:\/\/hobstop.ee\/lv\/produkts\/akrila-tinte-liquitex-ink-150ml\/#breadcrumb\"},\"inLanguage\":\"lv-LV\",\"potentialAction\":[{\"@type\":\"ReadAction\",\"target\":[\"https:\/\/hobstop.ee\/lv\/produkts\/akrila-tinte-liquitex-ink-150ml\/\"]}]},{\"@type\":\"ImageObject\",\"inLanguage\":\"lv-LV\",\"@id\":\"https:\/\/hobstop.ee\/lv\/produkts\/akrila-tinte-liquitex-ink-150ml\/#primaryimage\",\"url\":\"https:\/\/hobstop.ee\/media\/3876.jpg\",\"contentUrl\":\"https:\/\/hobstop.ee\/media\/3876.jpg\",\"width\":1024,\"height\":768},{\"@type\":\"BreadcrumbList\",\"@id\":\"https:\/\/hobstop.ee\/lv\/produkts\/akrila-tinte-liquitex-ink-150ml\/#breadcrumb\",\"itemListElement\":[{\"@type\":\"ListItem\",\"position\":1,\"name\":\"Avaleht\",\"item\":\"https:\/\/www.hobstop.ee\/lv\/\"},{\"@type\":\"ListItem\",\"position\":2,\"name\":\"Veikals\",\"item\":\"https:\/\/www.hobstop.ee\/lv\/veikals\/\"},{\"@type\":\"ListItem\",\"position\":3,\"name\":\"Akrila tinte Liquitex ink! 150ml\"}]},{\"@type\":\"WebSite\",\"@id\":\"https:\/\/hobstop.ee\/lv\/#website\",\"url\":\"https:\/\/hobstop.ee\/lv\/\",\"name\":\"Skizze\",\"description\":\"M\u0101kslas, hobiju un skolas preces\",\"publisher\":{\"@id\":\"https:\/\/hobstop.ee\/lv\/#organization\"},\"potentialAction\":[{\"@type\":\"SearchAction\",\"target\":{\"@type\":\"EntryPoint\",\"urlTemplate\":\"https:\/\/hobstop.ee\/lv\/?s={search_term_string}\"},\"query-input\":{\"@type\":\"PropertyValueSpecification\",\"valueRequired\":true,\"valueName\":\"search_term_string\"}}],\"inLanguage\":\"lv-LV\"},{\"@type\":\"Organization\",\"@id\":\"https:\/\/hobstop.ee\/lv\/#organization\",\"name\":\"Vunder AS\",\"url\":\"https:\/\/hobstop.ee\/lv\/\",\"logo\":{\"@type\":\"ImageObject\",\"inLanguage\":\"lv-LV\",\"@id\":\"https:\/\/hobstop.ee\/lv\/#\/schema\/logo\/image\/\",\"url\":\"https:\/\/hobstop.ee\/media\/vunder-logo.png\",\"contentUrl\":\"https:\/\/hobstop.ee\/media\/vunder-logo.png\",\"width\":127,\"height\":55,\"caption\":\"Vunder AS\"},\"image\":{\"@id\":\"https:\/\/hobstop.ee\/lv\/#\/schema\/logo\/image\/\"},\"sameAs\":[\"http:\/\/www.facebook.com\/VunderSkizze\"]}]}<\/script>\n<!-- \/ Yoast SEO plugin. -->","yoast_head_json":{"title":"Akrila tinte Liquitex ink! 150ml &#8211; Skizze","robots":{"index":"noindex","follow":"follow","max-snippet":"max-snippet:-1","max-image-preview":"max-image-preview:large","max-video-preview":"max-video-preview:-1"},"og_locale":"lv_LV","og_type":"article","og_title":"Akrila tinte Liquitex ink! 150ml &#8211; Skizze","og_description":"Liquitex ink! ir profesion\u0101lai izmanto\u0161anai paredz\u0113tu akrila tin\u0161u s\u0113rija, kas sast\u0101v no 30 \u012bpa\u0161i \u0161\u0137idras konsistences akrila kr\u0101s\u0101m un ir ra\u017eota no \u013coti kvalitat\u012bviem pigmentiem. Pateicoties \u0101trajai \u017e\u016b\u0161anai, notur\u012bbai un \u016bdensiztur\u012bbai, Liquitex ink! akrila tinte ir piem\u0113rota izmanto\u0161anai da\u017e\u0101d\u0101s tehnik\u0101s &#8211; no akvare\u013ca efekta z\u012bm\u0113jumiem l\u012bdz pat z\u012bmogo\u0161anai. Ide\u0101li piem\u0113rota ar\u012b darbam ar \u0101du. Pateicoties \u012bpa\u0161i \u0161\u0137idrajai konsistencei, nav nepiecie\u0161ama \u0161\u0137idrin\u0101\u0161ana, izmantojot aerogr\u0101fij\u0101 vai kaligr\u0101fij\u0101. Tinte neveido kunku\u013cus un \u0101tri no\u017e\u016bst. P\u0113c no\u017e\u016b\u0161anas k\u013c\u016bst piln\u012bb\u0101 \u016bdensiztur\u012bga. Spilgti un gaismas notur\u012bgi to\u0146i. Sortiment\u0101 gan caursp\u012bd\u012bgi, gan necaursp\u012bd\u012bgi to\u0146i. Piem\u0113rotas izmanto\u0161anai kop\u0101 ar cit\u0101m Liquitex akrila kr\u0101s\u0101m un papildviel\u0101m.","og_url":"https:\/\/hobstop.ee\/lv\/produkts\/akrila-tinte-liquitex-ink-150ml\/","og_site_name":"Skizze","article_publisher":"http:\/\/www.facebook.com\/VunderSkizze","og_image":[{"width":1024,"height":768,"url":"https:\/\/hobstop.ee\/media\/3876.jpg","type":"image\/jpeg"}],"twitter_card":"summary_large_image","twitter_misc":{"Est. reading time":"1 min\u016b\u0161u"},"schema":{"@context":"https:\/\/schema.org","@graph":[{"@type":"WebPage","@id":"https:\/\/hobstop.ee\/lv\/produkts\/akrila-tinte-liquitex-ink-150ml\/","url":"https:\/\/hobstop.ee\/lv\/produkts\/akrila-tinte-liquitex-ink-150ml\/","name":"Akrila tinte Liquitex ink! 150ml &#8211; Skizze","isPartOf":{"@id":"https:\/\/hobstop.ee\/lv\/#website"},"primaryImageOfPage":{"@id":"https:\/\/hobstop.ee\/lv\/produkts\/akrila-tinte-liquitex-ink-150ml\/#primaryimage"},"image":{"@id":"https:\/\/hobstop.ee\/lv\/produkts\/akrila-tinte-liquitex-ink-150ml\/#primaryimage"},"thumbnailUrl":"https:\/\/hobstop.ee\/media\/3876.jpg","datePublished":"2015-07-31T23:23:43+00:00","dateModified":"2015-07-31T23:23:43+00:00","breadcrumb":{"@id":"https:\/\/hobstop.ee\/lv\/produkts\/akrila-tinte-liquitex-ink-150ml\/#breadcrumb"},"inLanguage":"lv-LV","potentialAction":[{"@type":"ReadAction","target":["https:\/\/hobstop.ee\/lv\/produkts\/akrila-tinte-liquitex-ink-150ml\/"]}]},{"@type":"ImageObject","inLanguage":"lv-LV","@id":"https:\/\/hobstop.ee\/lv\/produkts\/akrila-tinte-liquitex-ink-150ml\/#primaryimage","url":"https:\/\/hobstop.ee\/media\/3876.jpg","contentUrl":"https:\/\/hobstop.ee\/media\/3876.jpg","width":1024,"height":768},{"@type":"BreadcrumbList","@id":"https:\/\/hobstop.ee\/lv\/produkts\/akrila-tinte-liquitex-ink-150ml\/#breadcrumb","itemListElement":[{"@type":"ListItem","position":1,"name":"Avaleht","item":"https:\/\/www.hobstop.ee\/lv\/"},{"@type":"ListItem","position":2,"name":"Veikals","item":"https:\/\/www.hobstop.ee\/lv\/veikals\/"},{"@type":"ListItem","position":3,"name":"Akrila tinte Liquitex ink! 150ml"}]},{"@type":"WebSite","@id":"https:\/\/hobstop.ee\/lv\/#website","url":"https:\/\/hobstop.ee\/lv\/","name":"Skizze","description":"M\u0101kslas, hobiju un skolas preces","publisher":{"@id":"https:\/\/hobstop.ee\/lv\/#organization"},"potentialAction":[{"@type":"SearchAction","target":{"@type":"EntryPoint","urlTemplate":"https:\/\/hobstop.ee\/lv\/?s={search_term_string}"},"query-input":{"@type":"PropertyValueSpecification","valueRequired":true,"valueName":"search_term_string"}}],"inLanguage":"lv-LV"},{"@type":"Organization","@id":"https:\/\/hobstop.ee\/lv\/#organization","name":"Vunder AS","url":"https:\/\/hobstop.ee\/lv\/","logo":{"@type":"ImageObject","inLanguage":"lv-LV","@id":"https:\/\/hobstop.ee\/lv\/#\/schema\/logo\/image\/","url":"https:\/\/hobstop.ee\/media\/vunder-logo.png","contentUrl":"https:\/\/hobstop.ee\/media\/vunder-logo.png","width":127,"height":55,"caption":"Vunder AS"},"image":{"@id":"https:\/\/hobstop.ee\/lv\/#\/schema\/logo\/image\/"},"sameAs":["http:\/\/www.facebook.com\/VunderSkizze"]}]}},"_links":{"self":[{"href":"https:\/\/hobstop.ee\/lv\/wp-json\/wp\/v2\/product\/185419","targetHints":{"allow":["GET"]}}],"collection":[{"href":"https:\/\/hobstop.ee\/lv\/wp-json\/wp\/v2\/product"}],"about":[{"href":"https:\/\/hobstop.ee\/lv\/wp-json\/wp\/v2\/types\/product"}],"replies":[{"embeddable":true,"href":"https:\/\/hobstop.ee\/lv\/wp-json\/wp\/v2\/comments?post=185419"}],"wp:featuredmedia":[{"embeddable":true,"href":"https:\/\/hobstop.ee\/lv\/wp-json\/wp\/v2\/media\/352699"}],"wp:attachment":[{"href":"https:\/\/hobstop.ee\/lv\/wp-json\/wp\/v2\/media?parent=185419"}],"wp:term":[{"taxonomy":"product_cat","embeddable":true,"href":"https:\/\/hobstop.ee\/lv\/wp-json\/wp\/v2\/product_cat?post=185419"},{"taxonomy":"product_tag","embeddable":true,"href":"https:\/\/hobstop.ee\/lv\/wp-json\/wp\/v2\/product_tag?post=185419"}],"curies":[{"name":"wp","href":"https:\/\/api.w.org\/{rel}","templated":true}]}}