{"id":185431,"date":"2015-08-01T02:24:17","date_gmt":"2015-07-31T23:24:17","guid":{"rendered":"http:\/\/vunder-ee.sn25.zone.eu\/lv\/product\/paliktnis-mabef-m47-vairaku-limenu\/"},"modified":"2015-08-01T02:24:17","modified_gmt":"2015-07-31T23:24:17","slug":"paliktnis-mabef-m47-vairaku-limenu","status":"publish","type":"product","link":"https:\/\/hobstop.ee\/lv\/produkts\/paliktnis-mabef-m47-vairaku-limenu\/","title":{"rendered":"Paliktnis Mabef M47 vair\u0101ku l\u012bme\u0146u"},"content":{"rendered":"<p>No e\u013c\u013cota di\u017esk\u0101bar\u017ea izgatavots m\u0101kslas piederumu stat\u012bvs ar vair\u0101kos l\u012bme\u0146os izvietotiem plaukti\u0146iem. Stat\u012bvs ir apr\u012bkots ar \u010detriem ritenti\u0146iem, div\u0101m regul\u0113jama augstuma un virziena plauktu virsm\u0101m un vienu stacion\u0101ru virsmu ar paletes tur\u0113t\u0101ju.  Vid\u0113j\u0101 virsm\u0101 ir iestr\u0101d\u0101ti divi padzi\u013cin\u0101jumi \u016bdens trauku novieto\u0161anai (6.5cm un 11cm diametr\u0101), bet apak\u0161\u0113jam plauktam ir uzst\u0101d\u012bts divi pap\u012bra dvie\u013cu ru\u013c\u013cu tur\u0113t\u0101ji.  Stat\u012bva maksim\u0101l\u0101 svara iztur\u012bba ir 5kg,  platums 44cm un augstums 120cm.  Vienk\u0101r\u0161a mont\u0101\u017ea.<\/p>\n","protected":false},"excerpt":{"rendered":"<p>No e\u013c\u013cota di\u017esk\u0101bar\u017ea izgatavots m\u0101kslas piederumu stat\u012bvs ar vair\u0101kos l\u012bme\u0146os izvietotiem plaukti\u0146iem. Stat\u012bvs ir apr\u012bkots ar \u010detriem ritenti\u0146iem, div\u0101m regul\u0113jama augstuma un virziena plauktu virsm\u0101m un vienu stacion\u0101ru virsmu ar paletes tur\u0113t\u0101ju. Vid\u0113j\u0101 virsm\u0101 ir iestr\u0101d\u0101ti divi padzi\u013cin\u0101jumi \u016bdens trauku novieto\u0161anai (6.5cm un 11cm diametr\u0101), bet apak\u0161\u0113jam plauktam ir uzst\u0101d\u012bts divi pap\u012bra dvie\u013cu ru\u013c\u013cu tur\u0113t\u0101ji. Stat\u012bva maksim\u0101l\u0101 svara iztur\u012bba ir 5kg, platums 44cm un augstums 120cm. Vienk\u0101r\u0161a mont\u0101\u017ea.<\/p>\n","protected":false},"featured_media":204479,"comment_status":"closed","ping_status":"closed","template":"","meta":{"_acf_changed":false,"ep_exclude_from_search":false},"product_cat":[19006,16123,18934],"product_tag":[],"class_list":{"0":"post-185431","1":"product","2":"type-product","3":"status-publish","4":"has-post-thumbnail","6":"product_cat-dazadi-28","7":"product_cat-makslas-piederumi-2","8":"product_cat-molberti-2","10":"first","11":"instock","12":"taxable","13":"shipping-taxable","14":"purchasable","15":"product-type-variable"},"acf":[],"yoast_head":"<!-- This site is optimized with the Yoast SEO plugin v24.1 - https:\/\/yoast.com\/wordpress\/plugins\/seo\/ -->\n<title>Paliktnis Mabef M47 vair\u0101ku l\u012bme\u0146u &#8211; Skizze<\/title>\n<meta name=\"robots\" content=\"noindex, follow, max-snippet:-1, max-image-preview:large, max-video-preview:-1\" \/>\n<meta property=\"og:locale\" content=\"lv_LV\" \/>\n<meta property=\"og:type\" content=\"article\" \/>\n<meta property=\"og:title\" content=\"Paliktnis Mabef M47 vair\u0101ku l\u012bme\u0146u &#8211; Skizze\" \/>\n<meta property=\"og:description\" content=\"No e\u013c\u013cota di\u017esk\u0101bar\u017ea izgatavots m\u0101kslas piederumu stat\u012bvs ar vair\u0101kos l\u012bme\u0146os izvietotiem plaukti\u0146iem. Stat\u012bvs ir apr\u012bkots ar \u010detriem ritenti\u0146iem, div\u0101m regul\u0113jama augstuma un virziena plauktu virsm\u0101m un vienu stacion\u0101ru virsmu ar paletes tur\u0113t\u0101ju. Vid\u0113j\u0101 virsm\u0101 ir iestr\u0101d\u0101ti divi padzi\u013cin\u0101jumi \u016bdens trauku novieto\u0161anai (6.5cm un 11cm diametr\u0101), bet apak\u0161\u0113jam plauktam ir uzst\u0101d\u012bts divi pap\u012bra dvie\u013cu ru\u013c\u013cu tur\u0113t\u0101ji. Stat\u012bva maksim\u0101l\u0101 svara iztur\u012bba ir 5kg, platums 44cm un augstums 120cm. Vienk\u0101r\u0161a mont\u0101\u017ea.\" \/>\n<meta property=\"og:url\" content=\"https:\/\/hobstop.ee\/lv\/produkts\/paliktnis-mabef-m47-vairaku-limenu\/\" \/>\n<meta property=\"og:site_name\" content=\"Skizze\" \/>\n<meta property=\"article:publisher\" content=\"http:\/\/www.facebook.com\/VunderSkizze\" \/>\n<meta property=\"og:image\" content=\"https:\/\/hobstop.ee\/media\/3893.jpg\" \/>\n\t<meta property=\"og:image:width\" content=\"1024\" \/>\n\t<meta property=\"og:image:height\" content=\"768\" \/>\n\t<meta property=\"og:image:type\" content=\"image\/jpeg\" \/>\n<meta name=\"twitter:card\" content=\"summary_large_image\" \/>\n<meta name=\"twitter:label1\" content=\"Est. reading time\" \/>\n\t<meta name=\"twitter:data1\" content=\"1 min\u016b\u0161u\" \/>\n<script type=\"application\/ld+json\" class=\"yoast-schema-graph\">{\"@context\":\"https:\/\/schema.org\",\"@graph\":[{\"@type\":\"WebPage\",\"@id\":\"https:\/\/hobstop.ee\/lv\/produkts\/paliktnis-mabef-m47-vairaku-limenu\/\",\"url\":\"https:\/\/hobstop.ee\/lv\/produkts\/paliktnis-mabef-m47-vairaku-limenu\/\",\"name\":\"Paliktnis Mabef M47 vair\u0101ku l\u012bme\u0146u &#8211; Skizze\",\"isPartOf\":{\"@id\":\"https:\/\/hobstop.ee\/lv\/#website\"},\"primaryImageOfPage\":{\"@id\":\"https:\/\/hobstop.ee\/lv\/produkts\/paliktnis-mabef-m47-vairaku-limenu\/#primaryimage\"},\"image\":{\"@id\":\"https:\/\/hobstop.ee\/lv\/produkts\/paliktnis-mabef-m47-vairaku-limenu\/#primaryimage\"},\"thumbnailUrl\":\"https:\/\/hobstop.ee\/media\/3893.jpg\",\"datePublished\":\"2015-07-31T23:24:17+00:00\",\"dateModified\":\"2015-07-31T23:24:17+00:00\",\"breadcrumb\":{\"@id\":\"https:\/\/hobstop.ee\/lv\/produkts\/paliktnis-mabef-m47-vairaku-limenu\/#breadcrumb\"},\"inLanguage\":\"lv-LV\",\"potentialAction\":[{\"@type\":\"ReadAction\",\"target\":[\"https:\/\/hobstop.ee\/lv\/produkts\/paliktnis-mabef-m47-vairaku-limenu\/\"]}]},{\"@type\":\"ImageObject\",\"inLanguage\":\"lv-LV\",\"@id\":\"https:\/\/hobstop.ee\/lv\/produkts\/paliktnis-mabef-m47-vairaku-limenu\/#primaryimage\",\"url\":\"https:\/\/hobstop.ee\/media\/3893.jpg\",\"contentUrl\":\"https:\/\/hobstop.ee\/media\/3893.jpg\",\"width\":1024,\"height\":768},{\"@type\":\"BreadcrumbList\",\"@id\":\"https:\/\/hobstop.ee\/lv\/produkts\/paliktnis-mabef-m47-vairaku-limenu\/#breadcrumb\",\"itemListElement\":[{\"@type\":\"ListItem\",\"position\":1,\"name\":\"Avaleht\",\"item\":\"https:\/\/hobstop.ee\/lv\/\"},{\"@type\":\"ListItem\",\"position\":2,\"name\":\"Veikals\",\"item\":\"https:\/\/hobstop.ee\/lv\/veikals\/\"},{\"@type\":\"ListItem\",\"position\":3,\"name\":\"Paliktnis Mabef M47 vair\u0101ku l\u012bme\u0146u\"}]},{\"@type\":\"WebSite\",\"@id\":\"https:\/\/hobstop.ee\/lv\/#website\",\"url\":\"https:\/\/hobstop.ee\/lv\/\",\"name\":\"Skizze\",\"description\":\"M\u0101kslas, hobiju un skolas preces\",\"publisher\":{\"@id\":\"https:\/\/hobstop.ee\/lv\/#organization\"},\"potentialAction\":[{\"@type\":\"SearchAction\",\"target\":{\"@type\":\"EntryPoint\",\"urlTemplate\":\"https:\/\/hobstop.ee\/lv\/?s={search_term_string}\"},\"query-input\":{\"@type\":\"PropertyValueSpecification\",\"valueRequired\":true,\"valueName\":\"search_term_string\"}}],\"inLanguage\":\"lv-LV\"},{\"@type\":\"Organization\",\"@id\":\"https:\/\/hobstop.ee\/lv\/#organization\",\"name\":\"Vunder AS\",\"url\":\"https:\/\/hobstop.ee\/lv\/\",\"logo\":{\"@type\":\"ImageObject\",\"inLanguage\":\"lv-LV\",\"@id\":\"https:\/\/hobstop.ee\/lv\/#\/schema\/logo\/image\/\",\"url\":\"https:\/\/hobstop.ee\/media\/vunder-logo.png\",\"contentUrl\":\"https:\/\/hobstop.ee\/media\/vunder-logo.png\",\"width\":127,\"height\":55,\"caption\":\"Vunder AS\"},\"image\":{\"@id\":\"https:\/\/hobstop.ee\/lv\/#\/schema\/logo\/image\/\"},\"sameAs\":[\"http:\/\/www.facebook.com\/VunderSkizze\"]}]}<\/script>\n<!-- \/ Yoast SEO plugin. -->","yoast_head_json":{"title":"Paliktnis Mabef M47 vair\u0101ku l\u012bme\u0146u &#8211; Skizze","robots":{"index":"noindex","follow":"follow","max-snippet":"max-snippet:-1","max-image-preview":"max-image-preview:large","max-video-preview":"max-video-preview:-1"},"og_locale":"lv_LV","og_type":"article","og_title":"Paliktnis Mabef M47 vair\u0101ku l\u012bme\u0146u &#8211; Skizze","og_description":"No e\u013c\u013cota di\u017esk\u0101bar\u017ea izgatavots m\u0101kslas piederumu stat\u012bvs ar vair\u0101kos l\u012bme\u0146os izvietotiem plaukti\u0146iem. Stat\u012bvs ir apr\u012bkots ar \u010detriem ritenti\u0146iem, div\u0101m regul\u0113jama augstuma un virziena plauktu virsm\u0101m un vienu stacion\u0101ru virsmu ar paletes tur\u0113t\u0101ju. Vid\u0113j\u0101 virsm\u0101 ir iestr\u0101d\u0101ti divi padzi\u013cin\u0101jumi \u016bdens trauku novieto\u0161anai (6.5cm un 11cm diametr\u0101), bet apak\u0161\u0113jam plauktam ir uzst\u0101d\u012bts divi pap\u012bra dvie\u013cu ru\u013c\u013cu tur\u0113t\u0101ji. Stat\u012bva maksim\u0101l\u0101 svara iztur\u012bba ir 5kg, platums 44cm un augstums 120cm. Vienk\u0101r\u0161a mont\u0101\u017ea.","og_url":"https:\/\/hobstop.ee\/lv\/produkts\/paliktnis-mabef-m47-vairaku-limenu\/","og_site_name":"Skizze","article_publisher":"http:\/\/www.facebook.com\/VunderSkizze","og_image":[{"width":1024,"height":768,"url":"https:\/\/hobstop.ee\/media\/3893.jpg","type":"image\/jpeg"}],"twitter_card":"summary_large_image","twitter_misc":{"Est. reading time":"1 min\u016b\u0161u"},"schema":{"@context":"https:\/\/schema.org","@graph":[{"@type":"WebPage","@id":"https:\/\/hobstop.ee\/lv\/produkts\/paliktnis-mabef-m47-vairaku-limenu\/","url":"https:\/\/hobstop.ee\/lv\/produkts\/paliktnis-mabef-m47-vairaku-limenu\/","name":"Paliktnis Mabef M47 vair\u0101ku l\u012bme\u0146u &#8211; Skizze","isPartOf":{"@id":"https:\/\/hobstop.ee\/lv\/#website"},"primaryImageOfPage":{"@id":"https:\/\/hobstop.ee\/lv\/produkts\/paliktnis-mabef-m47-vairaku-limenu\/#primaryimage"},"image":{"@id":"https:\/\/hobstop.ee\/lv\/produkts\/paliktnis-mabef-m47-vairaku-limenu\/#primaryimage"},"thumbnailUrl":"https:\/\/hobstop.ee\/media\/3893.jpg","datePublished":"2015-07-31T23:24:17+00:00","dateModified":"2015-07-31T23:24:17+00:00","breadcrumb":{"@id":"https:\/\/hobstop.ee\/lv\/produkts\/paliktnis-mabef-m47-vairaku-limenu\/#breadcrumb"},"inLanguage":"lv-LV","potentialAction":[{"@type":"ReadAction","target":["https:\/\/hobstop.ee\/lv\/produkts\/paliktnis-mabef-m47-vairaku-limenu\/"]}]},{"@type":"ImageObject","inLanguage":"lv-LV","@id":"https:\/\/hobstop.ee\/lv\/produkts\/paliktnis-mabef-m47-vairaku-limenu\/#primaryimage","url":"https:\/\/hobstop.ee\/media\/3893.jpg","contentUrl":"https:\/\/hobstop.ee\/media\/3893.jpg","width":1024,"height":768},{"@type":"BreadcrumbList","@id":"https:\/\/hobstop.ee\/lv\/produkts\/paliktnis-mabef-m47-vairaku-limenu\/#breadcrumb","itemListElement":[{"@type":"ListItem","position":1,"name":"Avaleht","item":"https:\/\/hobstop.ee\/lv\/"},{"@type":"ListItem","position":2,"name":"Veikals","item":"https:\/\/hobstop.ee\/lv\/veikals\/"},{"@type":"ListItem","position":3,"name":"Paliktnis Mabef M47 vair\u0101ku l\u012bme\u0146u"}]},{"@type":"WebSite","@id":"https:\/\/hobstop.ee\/lv\/#website","url":"https:\/\/hobstop.ee\/lv\/","name":"Skizze","description":"M\u0101kslas, hobiju un skolas preces","publisher":{"@id":"https:\/\/hobstop.ee\/lv\/#organization"},"potentialAction":[{"@type":"SearchAction","target":{"@type":"EntryPoint","urlTemplate":"https:\/\/hobstop.ee\/lv\/?s={search_term_string}"},"query-input":{"@type":"PropertyValueSpecification","valueRequired":true,"valueName":"search_term_string"}}],"inLanguage":"lv-LV"},{"@type":"Organization","@id":"https:\/\/hobstop.ee\/lv\/#organization","name":"Vunder AS","url":"https:\/\/hobstop.ee\/lv\/","logo":{"@type":"ImageObject","inLanguage":"lv-LV","@id":"https:\/\/hobstop.ee\/lv\/#\/schema\/logo\/image\/","url":"https:\/\/hobstop.ee\/media\/vunder-logo.png","contentUrl":"https:\/\/hobstop.ee\/media\/vunder-logo.png","width":127,"height":55,"caption":"Vunder AS"},"image":{"@id":"https:\/\/hobstop.ee\/lv\/#\/schema\/logo\/image\/"},"sameAs":["http:\/\/www.facebook.com\/VunderSkizze"]}]}},"_links":{"self":[{"href":"https:\/\/hobstop.ee\/lv\/wp-json\/wp\/v2\/product\/185431","targetHints":{"allow":["GET"]}}],"collection":[{"href":"https:\/\/hobstop.ee\/lv\/wp-json\/wp\/v2\/product"}],"about":[{"href":"https:\/\/hobstop.ee\/lv\/wp-json\/wp\/v2\/types\/product"}],"replies":[{"embeddable":true,"href":"https:\/\/hobstop.ee\/lv\/wp-json\/wp\/v2\/comments?post=185431"}],"wp:featuredmedia":[{"embeddable":true,"href":"https:\/\/hobstop.ee\/lv\/wp-json\/wp\/v2\/media\/204479"}],"wp:attachment":[{"href":"https:\/\/hobstop.ee\/lv\/wp-json\/wp\/v2\/media?parent=185431"}],"wp:term":[{"taxonomy":"product_cat","embeddable":true,"href":"https:\/\/hobstop.ee\/lv\/wp-json\/wp\/v2\/product_cat?post=185431"},{"taxonomy":"product_tag","embeddable":true,"href":"https:\/\/hobstop.ee\/lv\/wp-json\/wp\/v2\/product_tag?post=185431"}],"curies":[{"name":"wp","href":"https:\/\/api.w.org\/{rel}","templated":true}]}}